{"id":1747,"date":"2020-03-25T19:31:04","date_gmt":"2020-03-25T18:31:04","guid":{"rendered":"https:\/\/we.pb.edu.pl\/kfeits\/?page_id=1747"},"modified":"2023-05-19T21:36:05","modified_gmt":"2023-05-19T19:36:05","slug":"uklady-nadawczo-odbiorcze-2-tz1d6119","status":"publish","type":"page","link":"https:\/\/we.pb.edu.pl\/kfeits\/uklady-nadawczo-odbiorcze-2-tz1d6119\/","title":{"rendered":"Uk\u0142ady Nadawczo-Odbiorcze 2 TZ1E6119"},"content":{"rendered":"<p><strong>Laboratorium\u00a020h<\/strong><\/p>\n<p>&nbsp;<\/p>\n<ol>\n<li>\u0106wiczenie 1 <a href=\"https:\/\/box.biaman.pl\/f\/eb6d0e4b8efa4053ac90\/\">Wzmacniacz mocy kl.B<\/a><\/li>\n<li><a href=\"https:\/\/box.biaman.pl\/f\/1364055ec96542ffb31a\/?dl=1\">\u0106wiczenie 2 Dipleksery cz\u0119stotliwo\u015bciowe<\/a><\/li>\n<li><a href=\"https:\/\/box.biaman.pl\/f\/f888b4a91ceb4a06bf3a\/?dl=1\">\u0106wiczenie 3 Wybrane bloki funkcjonalne\u00a0<\/a><\/li>\n<li>\u0106wiczenie 4a <a href=\"https:\/\/box.biaman.pl\/f\/b4d7f2b593a048fb8011\/\">PLL cz.1<\/a><\/li>\n<li>\u0106wiczenie 4b <a href=\"https:\/\/box.biaman.pl\/f\/4671d775abc6498bb1c9\/\">PLL cz.2<\/a><\/li>\n<li>Pomiary parametr\u00f3w kabli koncentrycznych.<\/li>\n<\/ol>\n<p>&nbsp;<\/p>\n<p><strong>Materia\u0142y dodatkowe<\/strong><\/p>\n<p><a href=\"https:\/\/box.biaman.pl\/f\/1bd681ec62f747fa96b9\/\">Instrukcja obs\u0142ugi analizatora widma ZVH8<\/a><\/p>\n","protected":false},"excerpt":{"rendered":"<p>Laboratorium\u00a020h &nbsp; \u0106wiczenie 1 Wzmacniacz mocy kl.B \u0106wiczenie 2 Dipleksery cz\u0119stotliwo\u015bciowe \u0106wiczenie 3 Wybrane bloki<a class=\"read-more\" href=\"https:\/\/we.pb.edu.pl\/kfeits\/uklady-nadawczo-odbiorcze-2-tz1d6119\/\" title=\"Poka\u017c artyku\u0142 Uk\u0142ady Nadawczo-Odbiorcze 2 TZ1E6119\">wi\u0119cej<\/a><\/p>\n","protected":false},"author":21,"featured_media":0,"parent":0,"menu_order":0,"comment_status":"closed","ping_status":"closed","template":"","meta":{"inline_featured_image":false,"ngg_post_thumbnail":0,"footnotes":""},"class_list":["post-1747","page","type-page","status-publish","hentry"],"acf":[],"yoast_head":"<!-- This site is optimized with the Yoast SEO plugin v26.4 - https:\/\/yoast.com\/wordpress\/plugins\/seo\/ -->\n<title>Uk\u0142ady Nadawczo-Odbiorcze 2 TZ1E6119 - Katedra Fotoniki, Elektroniki i Techniki \u015awietlnej<\/title>\n<meta name=\"robots\" content=\"index, follow, max-snippet:-1, max-image-preview:large, max-video-preview:-1\" \/>\n<link rel=\"canonical\" href=\"https:\/\/we.pb.edu.pl\/kfeits\/uklady-nadawczo-odbiorcze-2-tz1d6119\/\" \/>\n<meta property=\"og:locale\" content=\"pl_PL\" \/>\n<meta property=\"og:type\" content=\"article\" \/>\n<meta property=\"og:title\" content=\"Uk\u0142ady Nadawczo-Odbiorcze 2 TZ1E6119 - Katedra Fotoniki, Elektroniki i Techniki \u015awietlnej\" \/>\n<meta property=\"og:description\" content=\"Laboratorium\u00a020h &nbsp; \u0106wiczenie 1 Wzmacniacz mocy kl.B \u0106wiczenie 2 Dipleksery cz\u0119stotliwo\u015bciowe \u0106wiczenie 3 Wybrane blokiwi\u0119cej\" \/>\n<meta property=\"og:url\" content=\"https:\/\/we.pb.edu.pl\/kfeits\/uklady-nadawczo-odbiorcze-2-tz1d6119\/\" \/>\n<meta property=\"og:site_name\" content=\"Katedra Fotoniki, Elektroniki i Techniki \u015awietlnej\" \/>\n<meta property=\"article:modified_time\" content=\"2023-05-19T19:36:05+00:00\" \/>\n<meta name=\"twitter:card\" content=\"summary_large_image\" \/>\n<meta name=\"twitter:label1\" content=\"Szacowany czas czytania\" \/>\n\t<meta name=\"twitter:data1\" content=\"1 minuta\" \/>\n<script type=\"application\/ld+json\" class=\"yoast-schema-graph\">{\"@context\":\"https:\/\/schema.org\",\"@graph\":[{\"@type\":\"WebPage\",\"@id\":\"https:\/\/we.pb.edu.pl\/kfeits\/uklady-nadawczo-odbiorcze-2-tz1d6119\/\",\"url\":\"https:\/\/we.pb.edu.pl\/kfeits\/uklady-nadawczo-odbiorcze-2-tz1d6119\/\",\"name\":\"Uk\u0142ady Nadawczo-Odbiorcze 2 TZ1E6119 - Katedra Fotoniki, Elektroniki i Techniki \u015awietlnej\",\"isPartOf\":{\"@id\":\"https:\/\/we.pb.edu.pl\/kfeits\/#website\"},\"datePublished\":\"2020-03-25T18:31:04+00:00\",\"dateModified\":\"2023-05-19T19:36:05+00:00\",\"breadcrumb\":{\"@id\":\"https:\/\/we.pb.edu.pl\/kfeits\/uklady-nadawczo-odbiorcze-2-tz1d6119\/#breadcrumb\"},\"inLanguage\":\"pl-PL\",\"potentialAction\":[{\"@type\":\"ReadAction\",\"target\":[\"https:\/\/we.pb.edu.pl\/kfeits\/uklady-nadawczo-odbiorcze-2-tz1d6119\/\"]}]},{\"@type\":\"BreadcrumbList\",\"@id\":\"https:\/\/we.pb.edu.pl\/kfeits\/uklady-nadawczo-odbiorcze-2-tz1d6119\/#breadcrumb\",\"itemListElement\":[{\"@type\":\"ListItem\",\"position\":1,\"name\":\"Strona g\u0142\u00f3wna\",\"item\":\"https:\/\/we.pb.edu.pl\/kfeits\/\"},{\"@type\":\"ListItem\",\"position\":2,\"name\":\"Uk\u0142ady Nadawczo-Odbiorcze 2 TZ1E6119\"}]},{\"@type\":\"WebSite\",\"@id\":\"https:\/\/we.pb.edu.pl\/kfeits\/#website\",\"url\":\"https:\/\/we.pb.edu.pl\/kfeits\/\",\"name\":\"Katedra Fotoniki, Elektroniki i Techniki \u015awietlnej\",\"description\":\"\",\"potentialAction\":[{\"@type\":\"SearchAction\",\"target\":{\"@type\":\"EntryPoint\",\"urlTemplate\":\"https:\/\/we.pb.edu.pl\/kfeits\/?s={search_term_string}\"},\"query-input\":{\"@type\":\"PropertyValueSpecification\",\"valueRequired\":true,\"valueName\":\"search_term_string\"}}],\"inLanguage\":\"pl-PL\"}]}<\/script>\n<!-- \/ Yoast SEO plugin. -->","yoast_head_json":{"title":"Uk\u0142ady Nadawczo-Odbiorcze 2 TZ1E6119 - Katedra Fotoniki, Elektroniki i Techniki \u015awietlnej","robots":{"index":"index","follow":"follow","max-snippet":"max-snippet:-1","max-image-preview":"max-image-preview:large","max-video-preview":"max-video-preview:-1"},"canonical":"https:\/\/we.pb.edu.pl\/kfeits\/uklady-nadawczo-odbiorcze-2-tz1d6119\/","og_locale":"pl_PL","og_type":"article","og_title":"Uk\u0142ady Nadawczo-Odbiorcze 2 TZ1E6119 - Katedra Fotoniki, Elektroniki i Techniki \u015awietlnej","og_description":"Laboratorium\u00a020h &nbsp; \u0106wiczenie 1 Wzmacniacz mocy kl.B \u0106wiczenie 2 Dipleksery cz\u0119stotliwo\u015bciowe \u0106wiczenie 3 Wybrane blokiwi\u0119cej","og_url":"https:\/\/we.pb.edu.pl\/kfeits\/uklady-nadawczo-odbiorcze-2-tz1d6119\/","og_site_name":"Katedra Fotoniki, Elektroniki i Techniki \u015awietlnej","article_modified_time":"2023-05-19T19:36:05+00:00","twitter_card":"summary_large_image","twitter_misc":{"Szacowany czas czytania":"1 minuta"},"schema":{"@context":"https:\/\/schema.org","@graph":[{"@type":"WebPage","@id":"https:\/\/we.pb.edu.pl\/kfeits\/uklady-nadawczo-odbiorcze-2-tz1d6119\/","url":"https:\/\/we.pb.edu.pl\/kfeits\/uklady-nadawczo-odbiorcze-2-tz1d6119\/","name":"Uk\u0142ady Nadawczo-Odbiorcze 2 TZ1E6119 - Katedra Fotoniki, Elektroniki i Techniki \u015awietlnej","isPartOf":{"@id":"https:\/\/we.pb.edu.pl\/kfeits\/#website"},"datePublished":"2020-03-25T18:31:04+00:00","dateModified":"2023-05-19T19:36:05+00:00","breadcrumb":{"@id":"https:\/\/we.pb.edu.pl\/kfeits\/uklady-nadawczo-odbiorcze-2-tz1d6119\/#breadcrumb"},"inLanguage":"pl-PL","potentialAction":[{"@type":"ReadAction","target":["https:\/\/we.pb.edu.pl\/kfeits\/uklady-nadawczo-odbiorcze-2-tz1d6119\/"]}]},{"@type":"BreadcrumbList","@id":"https:\/\/we.pb.edu.pl\/kfeits\/uklady-nadawczo-odbiorcze-2-tz1d6119\/#breadcrumb","itemListElement":[{"@type":"ListItem","position":1,"name":"Strona g\u0142\u00f3wna","item":"https:\/\/we.pb.edu.pl\/kfeits\/"},{"@type":"ListItem","position":2,"name":"Uk\u0142ady Nadawczo-Odbiorcze 2 TZ1E6119"}]},{"@type":"WebSite","@id":"https:\/\/we.pb.edu.pl\/kfeits\/#website","url":"https:\/\/we.pb.edu.pl\/kfeits\/","name":"Katedra Fotoniki, Elektroniki i Techniki \u015awietlnej","description":"","potentialAction":[{"@type":"SearchAction","target":{"@type":"EntryPoint","urlTemplate":"https:\/\/we.pb.edu.pl\/kfeits\/?s={search_term_string}"},"query-input":{"@type":"PropertyValueSpecification","valueRequired":true,"valueName":"search_term_string"}}],"inLanguage":"pl-PL"}]}},"_links":{"self":[{"href":"https:\/\/we.pb.edu.pl\/kfeits\/wp-json\/wp\/v2\/pages\/1747","targetHints":{"allow":["GET"]}}],"collection":[{"href":"https:\/\/we.pb.edu.pl\/kfeits\/wp-json\/wp\/v2\/pages"}],"about":[{"href":"https:\/\/we.pb.edu.pl\/kfeits\/wp-json\/wp\/v2\/types\/page"}],"author":[{"embeddable":true,"href":"https:\/\/we.pb.edu.pl\/kfeits\/wp-json\/wp\/v2\/users\/21"}],"replies":[{"embeddable":true,"href":"https:\/\/we.pb.edu.pl\/kfeits\/wp-json\/wp\/v2\/comments?post=1747"}],"version-history":[{"count":5,"href":"https:\/\/we.pb.edu.pl\/kfeits\/wp-json\/wp\/v2\/pages\/1747\/revisions"}],"predecessor-version":[{"id":4318,"href":"https:\/\/we.pb.edu.pl\/kfeits\/wp-json\/wp\/v2\/pages\/1747\/revisions\/4318"}],"wp:attachment":[{"href":"https:\/\/we.pb.edu.pl\/kfeits\/wp-json\/wp\/v2\/media?parent=1747"}],"curies":[{"name":"wp","href":"https:\/\/api.w.org\/{rel}","templated":true}]}}