{"id":1740,"date":"2020-03-25T19:25:59","date_gmt":"2020-03-25T18:25:59","guid":{"rendered":"https:\/\/we.pb.edu.pl\/kfeits\/?page_id=1740"},"modified":"2024-06-08T08:14:56","modified_gmt":"2024-06-08T06:14:56","slug":"elektroniczna-aparatura-pomiarowa-ts1d4101","status":"publish","type":"page","link":"https:\/\/we.pb.edu.pl\/kfeits\/maciej-sadowski\/elektroniczna-aparatura-pomiarowa-ts1d4101\/","title":{"rendered":"Elektroniczna Aparatura Pomiarowa TS1E4101"},"content":{"rendered":"<p>Wyk\u0142ad, semestr IV, r.ak. 2023\/24<\/p>\n<p>30h, zaliczenie (2 kolokwia cz\u0105stkowe)<\/p>\n<p>&nbsp;<\/p>\n<p>Termin: poniedzia\u0142ek, godz. 8.15-10.00, WE-302<\/p>\n<p>&nbsp;<\/p>\n<p>Materia\u0142y pomocnicze do wyk\u0142adu.<\/p>\n<p>Uwaga! Jeden plik wyk\u0142adowy mo\u017ce by\u0107 realizowany na wi\u0119cej ni\u017c jednym wyk\u0142adzie.<\/p>\n<p>&nbsp;<\/p>\n<ol>\n<li><a href=\"https:\/\/box.biaman.pl\/f\/3d329bfc544f4b969c68\/?dl=1\">Wprowadzenie<\/a><\/li>\n<li><a href=\"https:\/\/box.biaman.pl\/f\/c26f7e7c4da2498291d4\/?dl=1\">Wyk\u0142ad 2<\/a><\/li>\n<li><a href=\"https:\/\/box.biaman.pl\/f\/9c68d21355a64068abf7\/?dl=1\">Wyk\u0142ad 3<\/a><\/li>\n<li><a href=\"https:\/\/box.biaman.pl\/f\/82eae688b6ff4476a494\/?dl=1\">Wyk\u0142ad 4<\/a><\/li>\n<li><a href=\"https:\/\/box.biaman.pl\/f\/d48dc32495c947c786f7\/?dl=1\">Wyk\u0142ad 5<\/a><\/li>\n<li><a href=\"https:\/\/box.biaman.pl\/f\/6a038b39953f4cc4b0f8\/?dl=1\">Wyk\u0142ad 6<\/a><\/li>\n<li><a href=\"https:\/\/box.biaman.pl\/f\/f23d2ac93c9d4891a1f2\/?dl=1\">Wyk\u0142ad 7<\/a><\/li>\n<li><a href=\"https:\/\/box.biaman.pl\/f\/198960c2f75e4cbc8661\/?dl=1\">Wyk\u0142ad 8<\/a><\/li>\n<li><a href=\"https:\/\/box.biaman.pl\/f\/24d7bcca905840698ef1\/?dl=1\">Wyk\u0142ad 9<\/a><\/li>\n<\/ol>\n<p>1 kolokwium &#8211; przetworniki ADC\/DAC, termin: 15 kwietnia 2024, godz. 8.15.<\/p>\n<p><a href=\"https:\/\/box.biaman.pl\/f\/d1a4e986230d4c46a917\/?dl=1\">1 kolokwium &#8211; karty wybranych przetwornik\u00f3w ADC<\/a><\/p>\n<p>&nbsp;<\/p>\n<p>&nbsp;<\/p>\n<p><strong>2 kolokwium<\/strong> &#8211; aparatura pomiarowa, termin: 17 czerwca 2024, godz. 8.15.<\/p>\n<p><a href=\"https:\/\/box.biaman.pl\/f\/fa0c1601927b4b34a151\/?dl=1\">Karty katalogowe wybranych analizator\u00f3w widma<\/a><\/p>\n<p><a href=\"https:\/\/box.biaman.pl\/f\/40585a9eb8de46d5b68c\/?dl=1\">Karty katalogowe wybranych generator\u00f3w sygna\u0142owych<\/a><\/p>\n<p><a href=\"https:\/\/box.biaman.pl\/f\/9149d6a900544a748f90\/?dl=1\">karty katalogowe wybranych wektorowych analizator\u00f3w obwod\u00f3w<\/a><\/p>\n<p><a href=\"https:\/\/box.biaman.pl\/f\/6dcad53dcffd40e2b1f4\/?dl=1\">karty katalogowe wybranych kabli koncentrycznych<\/a><\/p>\n<p>&nbsp;<\/p>\n<p>&nbsp;<\/p>\n<p>&nbsp;<\/p>\n<p>&nbsp;<\/p>\n<p>&nbsp;<\/p>\n<p>&nbsp;<\/p>\n<p>&nbsp;<\/p>\n<p>&nbsp;<\/p>\n<p>Dodatkowe materia\u0142y firmowe<\/p>\n<ol>\n<li><a href=\"https:\/\/box.biaman.pl\/f\/5666fbcbbd824ba8a597\/?dl=1\">Measuring with Modern Spectrum Analyzers<\/a><\/li>\n<li><a href=\"https:\/\/box.biaman.pl\/f\/fe57bbbee0274e229af6\/?dl=1\">Modulation and Signal Generation with Signal Generators<\/a><\/li>\n<li><a href=\"https:\/\/box.biaman.pl\/f\/f74ae17965c54e719236\/?dl=1\">Signal_Generator_Fundamentals-_Tektronix<\/a><\/li>\n<li><a href=\"https:\/\/box.biaman.pl\/f\/f3c81b72c9f740ba8365\/?dl=1\">Introduction to Network Analyzer Measurements<\/a><\/li>\n<\/ol>\n<p>&nbsp;<\/p>\n","protected":false},"excerpt":{"rendered":"<p>Wyk\u0142ad, semestr IV, r.ak. 2023\/24 30h, zaliczenie (2 kolokwia cz\u0105stkowe) &nbsp; Termin: poniedzia\u0142ek, godz. 8.15-10.00,<a class=\"read-more\" href=\"https:\/\/we.pb.edu.pl\/kfeits\/maciej-sadowski\/elektroniczna-aparatura-pomiarowa-ts1d4101\/\" title=\"Poka\u017c artyku\u0142 Elektroniczna Aparatura Pomiarowa TS1E4101\">wi\u0119cej<\/a><\/p>\n","protected":false},"author":21,"featured_media":0,"parent":528,"menu_order":0,"comment_status":"closed","ping_status":"closed","template":"","meta":{"inline_featured_image":false,"ngg_post_thumbnail":0,"footnotes":""},"class_list":["post-1740","page","type-page","status-publish","hentry"],"acf":[],"yoast_head":"<!-- This site is optimized with the Yoast SEO plugin v26.4 - https:\/\/yoast.com\/wordpress\/plugins\/seo\/ -->\n<title>Elektroniczna Aparatura Pomiarowa TS1E4101 - Katedra Fotoniki, Elektroniki i Techniki \u015awietlnej<\/title>\n<meta name=\"robots\" content=\"index, follow, max-snippet:-1, max-image-preview:large, max-video-preview:-1\" \/>\n<link rel=\"canonical\" href=\"https:\/\/we.pb.edu.pl\/kfeits\/maciej-sadowski\/elektroniczna-aparatura-pomiarowa-ts1d4101\/\" \/>\n<meta property=\"og:locale\" content=\"pl_PL\" \/>\n<meta property=\"og:type\" content=\"article\" \/>\n<meta property=\"og:title\" content=\"Elektroniczna Aparatura Pomiarowa TS1E4101 - Katedra Fotoniki, Elektroniki i Techniki \u015awietlnej\" \/>\n<meta property=\"og:description\" content=\"Wyk\u0142ad, semestr IV, r.ak. 2023\/24 30h, zaliczenie (2 kolokwia cz\u0105stkowe) &nbsp; Termin: poniedzia\u0142ek, godz. 8.15-10.00,wi\u0119cej\" \/>\n<meta property=\"og:url\" content=\"https:\/\/we.pb.edu.pl\/kfeits\/maciej-sadowski\/elektroniczna-aparatura-pomiarowa-ts1d4101\/\" \/>\n<meta property=\"og:site_name\" content=\"Katedra Fotoniki, Elektroniki i Techniki \u015awietlnej\" \/>\n<meta property=\"article:modified_time\" content=\"2024-06-08T06:14:56+00:00\" \/>\n<meta name=\"twitter:card\" content=\"summary_large_image\" \/>\n<meta name=\"twitter:label1\" content=\"Szacowany czas czytania\" \/>\n\t<meta name=\"twitter:data1\" content=\"1 minuta\" \/>\n<script type=\"application\/ld+json\" class=\"yoast-schema-graph\">{\"@context\":\"https:\/\/schema.org\",\"@graph\":[{\"@type\":\"WebPage\",\"@id\":\"https:\/\/we.pb.edu.pl\/kfeits\/maciej-sadowski\/elektroniczna-aparatura-pomiarowa-ts1d4101\/\",\"url\":\"https:\/\/we.pb.edu.pl\/kfeits\/maciej-sadowski\/elektroniczna-aparatura-pomiarowa-ts1d4101\/\",\"name\":\"Elektroniczna Aparatura Pomiarowa TS1E4101 - Katedra Fotoniki, Elektroniki i Techniki \u015awietlnej\",\"isPartOf\":{\"@id\":\"https:\/\/we.pb.edu.pl\/kfeits\/#website\"},\"datePublished\":\"2020-03-25T18:25:59+00:00\",\"dateModified\":\"2024-06-08T06:14:56+00:00\",\"breadcrumb\":{\"@id\":\"https:\/\/we.pb.edu.pl\/kfeits\/maciej-sadowski\/elektroniczna-aparatura-pomiarowa-ts1d4101\/#breadcrumb\"},\"inLanguage\":\"pl-PL\",\"potentialAction\":[{\"@type\":\"ReadAction\",\"target\":[\"https:\/\/we.pb.edu.pl\/kfeits\/maciej-sadowski\/elektroniczna-aparatura-pomiarowa-ts1d4101\/\"]}]},{\"@type\":\"BreadcrumbList\",\"@id\":\"https:\/\/we.pb.edu.pl\/kfeits\/maciej-sadowski\/elektroniczna-aparatura-pomiarowa-ts1d4101\/#breadcrumb\",\"itemListElement\":[{\"@type\":\"ListItem\",\"position\":1,\"name\":\"Strona g\u0142\u00f3wna\",\"item\":\"https:\/\/we.pb.edu.pl\/kfeits\/\"},{\"@type\":\"ListItem\",\"position\":2,\"name\":\"dr in\u017c. Maciej Sadowski\",\"item\":\"https:\/\/we.pb.edu.pl\/kfeits\/maciej-sadowski\/\"},{\"@type\":\"ListItem\",\"position\":3,\"name\":\"Elektroniczna Aparatura Pomiarowa TS1E4101\"}]},{\"@type\":\"WebSite\",\"@id\":\"https:\/\/we.pb.edu.pl\/kfeits\/#website\",\"url\":\"https:\/\/we.pb.edu.pl\/kfeits\/\",\"name\":\"Katedra Fotoniki, Elektroniki i Techniki \u015awietlnej\",\"description\":\"\",\"potentialAction\":[{\"@type\":\"SearchAction\",\"target\":{\"@type\":\"EntryPoint\",\"urlTemplate\":\"https:\/\/we.pb.edu.pl\/kfeits\/?s={search_term_string}\"},\"query-input\":{\"@type\":\"PropertyValueSpecification\",\"valueRequired\":true,\"valueName\":\"search_term_string\"}}],\"inLanguage\":\"pl-PL\"}]}<\/script>\n<!-- \/ Yoast SEO plugin. -->","yoast_head_json":{"title":"Elektroniczna Aparatura Pomiarowa TS1E4101 - Katedra Fotoniki, Elektroniki i Techniki \u015awietlnej","robots":{"index":"index","follow":"follow","max-snippet":"max-snippet:-1","max-image-preview":"max-image-preview:large","max-video-preview":"max-video-preview:-1"},"canonical":"https:\/\/we.pb.edu.pl\/kfeits\/maciej-sadowski\/elektroniczna-aparatura-pomiarowa-ts1d4101\/","og_locale":"pl_PL","og_type":"article","og_title":"Elektroniczna Aparatura Pomiarowa TS1E4101 - Katedra Fotoniki, Elektroniki i Techniki \u015awietlnej","og_description":"Wyk\u0142ad, semestr IV, r.ak. 2023\/24 30h, zaliczenie (2 kolokwia cz\u0105stkowe) &nbsp; Termin: poniedzia\u0142ek, godz. 8.15-10.00,wi\u0119cej","og_url":"https:\/\/we.pb.edu.pl\/kfeits\/maciej-sadowski\/elektroniczna-aparatura-pomiarowa-ts1d4101\/","og_site_name":"Katedra Fotoniki, Elektroniki i Techniki \u015awietlnej","article_modified_time":"2024-06-08T06:14:56+00:00","twitter_card":"summary_large_image","twitter_misc":{"Szacowany czas czytania":"1 minuta"},"schema":{"@context":"https:\/\/schema.org","@graph":[{"@type":"WebPage","@id":"https:\/\/we.pb.edu.pl\/kfeits\/maciej-sadowski\/elektroniczna-aparatura-pomiarowa-ts1d4101\/","url":"https:\/\/we.pb.edu.pl\/kfeits\/maciej-sadowski\/elektroniczna-aparatura-pomiarowa-ts1d4101\/","name":"Elektroniczna Aparatura Pomiarowa TS1E4101 - Katedra Fotoniki, Elektroniki i Techniki \u015awietlnej","isPartOf":{"@id":"https:\/\/we.pb.edu.pl\/kfeits\/#website"},"datePublished":"2020-03-25T18:25:59+00:00","dateModified":"2024-06-08T06:14:56+00:00","breadcrumb":{"@id":"https:\/\/we.pb.edu.pl\/kfeits\/maciej-sadowski\/elektroniczna-aparatura-pomiarowa-ts1d4101\/#breadcrumb"},"inLanguage":"pl-PL","potentialAction":[{"@type":"ReadAction","target":["https:\/\/we.pb.edu.pl\/kfeits\/maciej-sadowski\/elektroniczna-aparatura-pomiarowa-ts1d4101\/"]}]},{"@type":"BreadcrumbList","@id":"https:\/\/we.pb.edu.pl\/kfeits\/maciej-sadowski\/elektroniczna-aparatura-pomiarowa-ts1d4101\/#breadcrumb","itemListElement":[{"@type":"ListItem","position":1,"name":"Strona g\u0142\u00f3wna","item":"https:\/\/we.pb.edu.pl\/kfeits\/"},{"@type":"ListItem","position":2,"name":"dr in\u017c. Maciej Sadowski","item":"https:\/\/we.pb.edu.pl\/kfeits\/maciej-sadowski\/"},{"@type":"ListItem","position":3,"name":"Elektroniczna Aparatura Pomiarowa TS1E4101"}]},{"@type":"WebSite","@id":"https:\/\/we.pb.edu.pl\/kfeits\/#website","url":"https:\/\/we.pb.edu.pl\/kfeits\/","name":"Katedra Fotoniki, Elektroniki i Techniki \u015awietlnej","description":"","potentialAction":[{"@type":"SearchAction","target":{"@type":"EntryPoint","urlTemplate":"https:\/\/we.pb.edu.pl\/kfeits\/?s={search_term_string}"},"query-input":{"@type":"PropertyValueSpecification","valueRequired":true,"valueName":"search_term_string"}}],"inLanguage":"pl-PL"}]}},"_links":{"self":[{"href":"https:\/\/we.pb.edu.pl\/kfeits\/wp-json\/wp\/v2\/pages\/1740","targetHints":{"allow":["GET"]}}],"collection":[{"href":"https:\/\/we.pb.edu.pl\/kfeits\/wp-json\/wp\/v2\/pages"}],"about":[{"href":"https:\/\/we.pb.edu.pl\/kfeits\/wp-json\/wp\/v2\/types\/page"}],"author":[{"embeddable":true,"href":"https:\/\/we.pb.edu.pl\/kfeits\/wp-json\/wp\/v2\/users\/21"}],"replies":[{"embeddable":true,"href":"https:\/\/we.pb.edu.pl\/kfeits\/wp-json\/wp\/v2\/comments?post=1740"}],"version-history":[{"count":43,"href":"https:\/\/we.pb.edu.pl\/kfeits\/wp-json\/wp\/v2\/pages\/1740\/revisions"}],"predecessor-version":[{"id":5100,"href":"https:\/\/we.pb.edu.pl\/kfeits\/wp-json\/wp\/v2\/pages\/1740\/revisions\/5100"}],"up":[{"embeddable":true,"href":"https:\/\/we.pb.edu.pl\/kfeits\/wp-json\/wp\/v2\/pages\/528"}],"wp:attachment":[{"href":"https:\/\/we.pb.edu.pl\/kfeits\/wp-json\/wp\/v2\/media?parent=1740"}],"curies":[{"name":"wp","href":"https:\/\/api.w.org\/{rel}","templated":true}]}}