{"id":1726,"date":"2020-03-24T23:56:44","date_gmt":"2020-03-24T22:56:44","guid":{"rendered":"https:\/\/we.pb.edu.pl\/kfeits\/?page_id=1726"},"modified":"2023-03-23T22:31:22","modified_gmt":"2023-03-23T21:31:22","slug":"bsi","status":"publish","type":"page","link":"https:\/\/we.pb.edu.pl\/kfeits\/andrzej-zankiewicz\/bsi\/","title":{"rendered":"Bezpiecze\u0144stwo system\u00f3w informacyjnych"},"content":{"rendered":"<p><span style=\"font-size: 12pt\"><strong>Studia dzienne, EiT 2st., sem. 3<\/strong><\/span><\/p>\n<hr \/>\n<p style=\"text-align: left\"><a href=\"https:\/\/box.biaman.pl\/d\/5f60fba7eb5f4351a5bf\/\"><strong>Materia\u0142y do wyk\u0142ad\u00f3w i laboratorium<\/strong><\/a><\/p>\n","protected":false},"excerpt":{"rendered":"<p>Studia dzienne, EiT 2st., sem. 3 Materia\u0142y do wyk\u0142ad\u00f3w i laboratorium<\/p>\n","protected":false},"author":24,"featured_media":0,"parent":573,"menu_order":0,"comment_status":"closed","ping_status":"closed","template":"","meta":{"inline_featured_image":false,"ngg_post_thumbnail":0,"footnotes":""},"class_list":["post-1726","page","type-page","status-publish","hentry"],"acf":[],"yoast_head":"<!-- This site is optimized with the Yoast SEO plugin v26.4 - https:\/\/yoast.com\/wordpress\/plugins\/seo\/ -->\n<title>Bezpiecze\u0144stwo system\u00f3w informacyjnych - Katedra Fotoniki, Elektroniki i Techniki \u015awietlnej<\/title>\n<meta name=\"robots\" content=\"index, follow, max-snippet:-1, max-image-preview:large, max-video-preview:-1\" \/>\n<link rel=\"canonical\" href=\"https:\/\/we.pb.edu.pl\/kfeits\/andrzej-zankiewicz\/bsi\/\" \/>\n<meta property=\"og:locale\" content=\"pl_PL\" \/>\n<meta property=\"og:type\" content=\"article\" \/>\n<meta property=\"og:title\" content=\"Bezpiecze\u0144stwo system\u00f3w informacyjnych - Katedra Fotoniki, Elektroniki i Techniki \u015awietlnej\" \/>\n<meta property=\"og:description\" content=\"Studia dzienne, EiT 2st., sem. 3 Materia\u0142y do wyk\u0142ad\u00f3w i laboratorium\" \/>\n<meta property=\"og:url\" content=\"https:\/\/we.pb.edu.pl\/kfeits\/andrzej-zankiewicz\/bsi\/\" \/>\n<meta property=\"og:site_name\" content=\"Katedra Fotoniki, Elektroniki i Techniki \u015awietlnej\" \/>\n<meta property=\"article:modified_time\" content=\"2023-03-23T21:31:22+00:00\" \/>\n<meta name=\"twitter:card\" content=\"summary_large_image\" \/>\n<script type=\"application\/ld+json\" class=\"yoast-schema-graph\">{\"@context\":\"https:\/\/schema.org\",\"@graph\":[{\"@type\":\"WebPage\",\"@id\":\"https:\/\/we.pb.edu.pl\/kfeits\/andrzej-zankiewicz\/bsi\/\",\"url\":\"https:\/\/we.pb.edu.pl\/kfeits\/andrzej-zankiewicz\/bsi\/\",\"name\":\"Bezpiecze\u0144stwo system\u00f3w informacyjnych - Katedra Fotoniki, Elektroniki i Techniki \u015awietlnej\",\"isPartOf\":{\"@id\":\"https:\/\/we.pb.edu.pl\/kfeits\/#website\"},\"datePublished\":\"2020-03-24T22:56:44+00:00\",\"dateModified\":\"2023-03-23T21:31:22+00:00\",\"breadcrumb\":{\"@id\":\"https:\/\/we.pb.edu.pl\/kfeits\/andrzej-zankiewicz\/bsi\/#breadcrumb\"},\"inLanguage\":\"pl-PL\",\"potentialAction\":[{\"@type\":\"ReadAction\",\"target\":[\"https:\/\/we.pb.edu.pl\/kfeits\/andrzej-zankiewicz\/bsi\/\"]}]},{\"@type\":\"BreadcrumbList\",\"@id\":\"https:\/\/we.pb.edu.pl\/kfeits\/andrzej-zankiewicz\/bsi\/#breadcrumb\",\"itemListElement\":[{\"@type\":\"ListItem\",\"position\":1,\"name\":\"Strona g\u0142\u00f3wna\",\"item\":\"https:\/\/we.pb.edu.pl\/kfeits\/\"},{\"@type\":\"ListItem\",\"position\":2,\"name\":\"dr in\u017c. Andrzej Zankiewicz\",\"item\":\"https:\/\/we.pb.edu.pl\/kfeits\/andrzej-zankiewicz\/\"},{\"@type\":\"ListItem\",\"position\":3,\"name\":\"Bezpiecze\u0144stwo system\u00f3w informacyjnych\"}]},{\"@type\":\"WebSite\",\"@id\":\"https:\/\/we.pb.edu.pl\/kfeits\/#website\",\"url\":\"https:\/\/we.pb.edu.pl\/kfeits\/\",\"name\":\"Katedra Fotoniki, Elektroniki i Techniki \u015awietlnej\",\"description\":\"\",\"potentialAction\":[{\"@type\":\"SearchAction\",\"target\":{\"@type\":\"EntryPoint\",\"urlTemplate\":\"https:\/\/we.pb.edu.pl\/kfeits\/?s={search_term_string}\"},\"query-input\":{\"@type\":\"PropertyValueSpecification\",\"valueRequired\":true,\"valueName\":\"search_term_string\"}}],\"inLanguage\":\"pl-PL\"}]}<\/script>\n<!-- \/ Yoast SEO plugin. -->","yoast_head_json":{"title":"Bezpiecze\u0144stwo system\u00f3w informacyjnych - Katedra Fotoniki, Elektroniki i Techniki \u015awietlnej","robots":{"index":"index","follow":"follow","max-snippet":"max-snippet:-1","max-image-preview":"max-image-preview:large","max-video-preview":"max-video-preview:-1"},"canonical":"https:\/\/we.pb.edu.pl\/kfeits\/andrzej-zankiewicz\/bsi\/","og_locale":"pl_PL","og_type":"article","og_title":"Bezpiecze\u0144stwo system\u00f3w informacyjnych - Katedra Fotoniki, Elektroniki i Techniki \u015awietlnej","og_description":"Studia dzienne, EiT 2st., sem. 3 Materia\u0142y do wyk\u0142ad\u00f3w i laboratorium","og_url":"https:\/\/we.pb.edu.pl\/kfeits\/andrzej-zankiewicz\/bsi\/","og_site_name":"Katedra Fotoniki, Elektroniki i Techniki \u015awietlnej","article_modified_time":"2023-03-23T21:31:22+00:00","twitter_card":"summary_large_image","schema":{"@context":"https:\/\/schema.org","@graph":[{"@type":"WebPage","@id":"https:\/\/we.pb.edu.pl\/kfeits\/andrzej-zankiewicz\/bsi\/","url":"https:\/\/we.pb.edu.pl\/kfeits\/andrzej-zankiewicz\/bsi\/","name":"Bezpiecze\u0144stwo system\u00f3w informacyjnych - Katedra Fotoniki, Elektroniki i Techniki \u015awietlnej","isPartOf":{"@id":"https:\/\/we.pb.edu.pl\/kfeits\/#website"},"datePublished":"2020-03-24T22:56:44+00:00","dateModified":"2023-03-23T21:31:22+00:00","breadcrumb":{"@id":"https:\/\/we.pb.edu.pl\/kfeits\/andrzej-zankiewicz\/bsi\/#breadcrumb"},"inLanguage":"pl-PL","potentialAction":[{"@type":"ReadAction","target":["https:\/\/we.pb.edu.pl\/kfeits\/andrzej-zankiewicz\/bsi\/"]}]},{"@type":"BreadcrumbList","@id":"https:\/\/we.pb.edu.pl\/kfeits\/andrzej-zankiewicz\/bsi\/#breadcrumb","itemListElement":[{"@type":"ListItem","position":1,"name":"Strona g\u0142\u00f3wna","item":"https:\/\/we.pb.edu.pl\/kfeits\/"},{"@type":"ListItem","position":2,"name":"dr in\u017c. Andrzej Zankiewicz","item":"https:\/\/we.pb.edu.pl\/kfeits\/andrzej-zankiewicz\/"},{"@type":"ListItem","position":3,"name":"Bezpiecze\u0144stwo system\u00f3w informacyjnych"}]},{"@type":"WebSite","@id":"https:\/\/we.pb.edu.pl\/kfeits\/#website","url":"https:\/\/we.pb.edu.pl\/kfeits\/","name":"Katedra Fotoniki, Elektroniki i Techniki \u015awietlnej","description":"","potentialAction":[{"@type":"SearchAction","target":{"@type":"EntryPoint","urlTemplate":"https:\/\/we.pb.edu.pl\/kfeits\/?s={search_term_string}"},"query-input":{"@type":"PropertyValueSpecification","valueRequired":true,"valueName":"search_term_string"}}],"inLanguage":"pl-PL"}]}},"_links":{"self":[{"href":"https:\/\/we.pb.edu.pl\/kfeits\/wp-json\/wp\/v2\/pages\/1726","targetHints":{"allow":["GET"]}}],"collection":[{"href":"https:\/\/we.pb.edu.pl\/kfeits\/wp-json\/wp\/v2\/pages"}],"about":[{"href":"https:\/\/we.pb.edu.pl\/kfeits\/wp-json\/wp\/v2\/types\/page"}],"author":[{"embeddable":true,"href":"https:\/\/we.pb.edu.pl\/kfeits\/wp-json\/wp\/v2\/users\/24"}],"replies":[{"embeddable":true,"href":"https:\/\/we.pb.edu.pl\/kfeits\/wp-json\/wp\/v2\/comments?post=1726"}],"version-history":[{"count":6,"href":"https:\/\/we.pb.edu.pl\/kfeits\/wp-json\/wp\/v2\/pages\/1726\/revisions"}],"predecessor-version":[{"id":4209,"href":"https:\/\/we.pb.edu.pl\/kfeits\/wp-json\/wp\/v2\/pages\/1726\/revisions\/4209"}],"up":[{"embeddable":true,"href":"https:\/\/we.pb.edu.pl\/kfeits\/wp-json\/wp\/v2\/pages\/573"}],"wp:attachment":[{"href":"https:\/\/we.pb.edu.pl\/kfeits\/wp-json\/wp\/v2\/media?parent=1726"}],"curies":[{"name":"wp","href":"https:\/\/api.w.org\/{rel}","templated":true}]}}