{"id":1660,"date":"2020-03-24T10:56:49","date_gmt":"2020-03-24T09:56:49","guid":{"rendered":"https:\/\/we.pb.edu.pl\/kfeits\/?page_id=1660"},"modified":"2020-04-20T19:39:29","modified_gmt":"2020-04-20T17:39:29","slug":"egzaminy-dyplomowe","status":"publish","type":"page","link":"https:\/\/we.pb.edu.pl\/kfeits\/dydaktyka\/egzaminy-dyplomowe\/","title":{"rendered":"Egzaminy dyplomowe"},"content":{"rendered":"<h3>Zagadnienia na egzamin dyplomowy w\u00a0Katedrze Fotoniki, Elektroniki i Techniki \u015awietlnej<\/h3>\n<h4>Elektronika i Telekomunikacja, I\u00a0stopie\u0144<\/h4>\n<ol class=\"compact\">\n<li>P\u00f3\u0142przewodniki samoistne i\u00a0niesamoistne.<\/li>\n<li>Z\u0142\u0105cze p-n.<\/li>\n<li>Pasmowy model przewodnictwa w\u00a0materia\u0142ach in\u017cynierskich.<\/li>\n<li>Pomiar rezystywno\u015bci skro\u015bnej i\u00a0powierzchniowej dielektryk\u00f3w.<\/li>\n<li>Nadprzewodniki: budowa, w\u0142a\u015bciwo\u015bci, zastosowania.<\/li>\n<li>Zjawisko termoelektryczne.<\/li>\n<li>Budowa i\u00a0zasada dzia\u0142ania wybranego lasera.<\/li>\n<li>Parametry wi\u0105zek laserowych.<\/li>\n<li>Zastosowania laser\u00f3w ze wzgl\u0119du na specyficzne w\u0142a\u015bciwo\u015bci ich promieniowania, om\u00f3wi\u0107 wybrany uk\u0142ad.<\/li>\n<li>Wybrane techniki pomiarowe w\u00a0charakteryzacji detektor\u00f3w promieniowania optycznego.<\/li>\n<li>Parametry fotoelektryczne detektor\u00f3w promieniowania.<\/li>\n<li>Parametry elektrooptyczne \u017ar\u00f3de\u0142 promieniowania optycznego.<\/li>\n<li>Wybrane techniki pomiarowe w charakteryzacji \u017ar\u00f3de\u0142 promieniowania optycznego (pomiar ca\u0142kowitej mocy optycznej, pomiar nat\u0119\u017cenia promienia, pomiar nat\u0119\u017cenia napromienienia, pomiary spektralne).<\/li>\n<li>Detektory promieniowania \u2013 fotonowe i\u00a0termiczne.<\/li>\n<li>Dioda LED vs. laser p\u00f3\u0142przewodnikowy \u2013 podobie\u0144stwa, r\u00f3\u017cnice.<\/li>\n<li>Podstawowe konfiguracje przedwzmacniaczy dla detektor\u00f3w fotonowych.<\/li>\n<li>Klasyfikacja i\u00a0zasada dzia\u0142ania czujnik\u00f3w optoelektronicznych.<\/li>\n<li>Uk\u0142ady optyczne do nadajnik\u00f3w i\u00a0odbiornik\u00f3w promieniowania optycznego.<\/li>\n<li>\u015awiat\u0142ow\u00f3d \u2013 budowa, parametry.<\/li>\n<li>T\u0142umienie i\u00a0dyspersja \u015bwiat\u0142owod\u00f3w telekomunikacyjnych \u2013 metody pomiaru.<\/li>\n<li>Bilans mocy w\u00a0torze \u015bwiat\u0142owodowym.<\/li>\n<li>Zasada dzia\u0142ania i\u00a0pomiary reflektometrem optycznym.<\/li>\n<li>Pr\u00f3bkowanie i\u00a0kwantyzacja sygna\u0142\u00f3w analogowych. Zasada doboru cz\u0119stotliwo\u015bci pr\u00f3bkowania sygna\u0142\u00f3w.<\/li>\n<li>W\u0142a\u015bciwo\u015bci dyskretnego przekszta\u0142cenia Fouriera i\u00a0szybkiego przekszta\u0142cenia Fouriera.<\/li>\n<li>Metody wyznaczania i\u00a0zastosowanie charakterystyk cz\u0119stotliwo\u015bciowych filtr\u00f3w.<\/li>\n<li>Zak\u0142\u00f3cenia i\u00a0zniekszta\u0142cenia w\u00a0przewodowych i\u00a0bezprzewodowych kana\u0142ach transmisyjnych.<\/li>\n<li>Przyczyny powstawania b\u0142\u0119d\u00f3w w\u00a0transmisji sygna\u0142\u00f3w cyfrowych oraz parametry charakteryzuj\u0105ce jako\u015b\u0107 transmisji sygna\u0142\u00f3w cyfrowych.<\/li>\n<li>Wzmacniacze mocy ma\u0142ej cz\u0119stotliwo\u015bci \u2013 w\u0142a\u015bciwo\u015bci w\u00a0zale\u017cno\u015bci od klasy pracy.<\/li>\n<li>Rezonator kwarcowy \u2013 model i\u00a0zastosowania w\u00a0uk\u0142adach generator\u00f3w kwarcowych.<\/li>\n<li>Przetworniki A\/C i\u00a0C\/A &#8211; podstawowe konstrukcje i\u00a0ich cechy.<\/li>\n<li>Parametry rozproszenia \u2013 definicja i\u00a0spos\u00f3b pomiaru.<\/li>\n<li>W\u0142a\u015bciwo\u015bci fali p\u0142askiej (TEM) i\u00a0w\u0142a\u015bciwo\u015bci fal w\u00a0falowodach.<\/li>\n<li>Uk\u0142ady techniki wielkich cz\u0119stotliwo\u015bci \u2013 sprz\u0119gacze kierunkowe, dzielniki mocy, filtry, rezonatory.<\/li>\n<li>Odbiornik superheterodynowy i\u00a0automatyczne regulacje w\u00a0nim stosowane.<\/li>\n<li>Uk\u0142ady przemiany cz\u0119stotliwo\u015bci \u2013 konstrukcje, w\u0142a\u015bciwo\u015bci i\u00a0parametry.<\/li>\n<li>Modulacje analogowe i\u00a0cyfrowe wykorzystywane w\u00a0systemach bezprzewodowych \u2013 w\u0142a\u015bciwo\u015bci, przebiegi czasowe, widma.<\/li>\n<li>Wzmacniacz operacyjny \u2013 w\u0142a\u015bciwo\u015bci i\u00a0podstawowe zastosowania.<\/li>\n<li>P\u0119tla fazowa \u2013 zasada dzia\u0142ania i\u00a0podstawowe zastosowania.<\/li>\n<li>System GSM \u2013 architektura i\u00a0zasada dzia\u0142ania.<\/li>\n<li>Systemy trankingowe.<\/li>\n<li>System bezprzewodowej telefonii cyfrowej DECT. <\/li>\n<li>Protoko\u0142y routingu dynamicznego i\u00a0ich w\u0142a\u015bciwo\u015bci.<\/li>\n<li>Podzia\u0142 i\u00a0charakterystyka algorytm\u00f3w szyfrowania stosowanych w\u00a0systemach sieciowych. <\/li>\n<li>Struktura systemu zarz\u0105dzania sieci\u0105 z\u00a0protoko\u0142em SNMP.<\/li>\n<li>Podstawowe filtry i\u00a0architektury stosowane w\u00a0systemach QoS.<\/li>\n<li>Charakterystyka technologii wirtualnych sieci lokalnych (VLAN).<\/li>\n<li>Zasady funkcjonowania system\u00f3w podpisu cyfrowego i\u00a0zwi\u0105zanych z\u00a0nimi element\u00f3w (np. certyfikaty, PKI, funkcje skr\u00f3t\u00f3w).<\/li>\n<li>Zasady adresacji i\u00a0podzia\u0142u przestrzeni adresowej w\u00a0sieciach IP.<\/li>\n<li>Modulacje cyfrowe no\u015bnej sinusoidalnej.<\/li>\n<li>Istota kodowania \u017ar\u00f3d\u0142owego. Twierdzenie o\u00a0kodowaniu \u017ar\u00f3d\u0142a.<\/li>\n<li>Istota kodowania kana\u0142owego. Twierdzenie o\u00a0kodowaniu kana\u0142u.<\/li>\n<li>Modulacja OFDM.<\/li>\n<li>Kompresja bezstratna i\u00a0kompresja stratna danych multimedialnych.<\/li>\n<li>Opis strategii kompresji sygna\u0142u mowy z\u00a0wizj\u0105 standardu 5G.<\/li>\n<li>Opis strategii kompresji sygna\u0142u wideo w\u00a0standardach MPEG i\u00a0HEVC (ES).<\/li>\n<li>Wy\u0142adowanie elektrostatyczne (ESD) \u2013 charakterystyka oraz podstawowe metody ochrony.<\/li>\n<li>Rodzaje i\u00a0mechanizmy sprz\u0119\u017ce\u0144 elektromagnetycznych.<\/li>\n<li>Elementy i\u00a0uk\u0142ady do ograniczania przepi\u0119\u0107 \u2013 budowa, dzia\u0142anie, parametry i\u00a0charakterystyki ochronne, zasady doboru.<\/li>\n<\/ol>\n<h4>Elektronika i\u00a0Telekomunikacja, II stopie\u0144<\/h4>\n<ol class=\"compact\">\n<li>Parametry modulator\u00f3w \u015bwiat\u0142a.<\/li>\n<li>Modulacja wewn\u0119trzna promieniowania optycznego.<\/li>\n<li>Modulacja zewn\u0119trzna promieniowania optycznego.<\/li>\n<li>Wp\u0142yw temperatury i\u00a0nat\u0119\u017cenia pr\u0105du zasilania na promieniowanie emitowane przez diod\u0119 laserow\u0105.<\/li>\n<li>Uk\u0142ady ch\u0142odzenia i\u00a0stabilizacji mocy optycznej diody laserowej.<\/li>\n<li>Uk\u0142ady nadajnik\u00f3w i\u00a0system\u00f3w detekcyjnych promieniowania stosowanych w\u00a0telekomunikacji \u015bwiat\u0142owodowej.<\/li>\n<li>Podstawowe zasady projektowania sieci telekomunikacyjnych w\u00a0technologiach doziemnej, napowietrznej i\u00a0radiowej.<\/li>\n<li>G\u0142\u00f3wne parametry anten.<\/li>\n<li>Bilans mocy sygna\u0142u w\u00a0\u0142\u0105czu bezprzewodowym.<\/li>\n<li>Sposoby kszta\u0142towania charakterystyki promieniowania anteny\/uk\u0142adu antenowego.<\/li>\n<li>Metodologia projektowania sieci \u015bwiat\u0142owodowej. Wymagania formalne i\u00a0techniczne.<\/li>\n<li>\u0141\u0105cze optyczne w\u00a0przestrzeni otwartej \u2013 \u017ar\u00f3d\u0142a strat, bilans mocy.<\/li>\n<li>Zjawisko luminescencji \u2013 rodzaje, zastosowania.<\/li>\n<li>\u015awiat\u0142owody specjalne: aktywne, polaryzacyjne, fotoniczne \u2013 budowa, parametry, przyk\u0142ady zastosowa\u0144.<\/li>\n<li>Technika zwielokrotniania WDM w\u00a0systemach \u015bwiat\u0142owodowych.<\/li>\n<li>Laser w\u0142\u00f3knowy \u2013 budowa zasada dzia\u0142ania, zastosowania.<\/li>\n<li>Podstawowe parametry, charakterystyki i\u00a0rozk\u0142ady stosowane w\u00a0opisie niezawodno\u015bci.<\/li>\n<li>Metody testowania uk\u0142ad\u00f3w elektronicznych.<\/li>\n<li>Charakterystyka metod sterowania przep\u0142ywem w\u00a0protokole TCP.<\/li>\n<li>Metody technicznego zarz\u0105dzania urz\u0105dzeniami i\u00a0zasobami sieciowymi.<\/li>\n<li>Warunki zapewnienia poufno\u015bci i\u00a0integralno\u015bci danych oraz metody ich praktycznej realizacji.<\/li>\n<li>Entropia i\u00a0jej rola w\u00a0teorii informacji.<\/li>\n<li>Opis modelu kana\u0142u binarnego i\u00a0kana\u0142u gaussowskiego w\u00a0transmisji informacji.<\/li>\n<li>Kody blokowe i\u00a0kody splotowe w\u00a0redukcji b\u0142\u0119d\u00f3w w\u00a0odbiorniku informacji.<\/li>\n<li>Optyczne materia\u0142y funkcjonalne: zjawisko fotochromowe, termochromowe.<\/li>\n<li>Prawo techniczne i\u00a0certyfikacja wyrob\u00f3w, wymagania zasadnicze w\u00a0zakresie EMC.<\/li>\n<li>Badania odporno\u015bci na udary oraz na dzia\u0142anie zaburze\u0144 elektromagnetycznych promieniowanych.<\/li>\n<li>Metody i\u00a0aparatura do pomiaru emisji zaburze\u0144 elektromagnetycznych przewodzonych i\u00a0promieniowanych.<\/li>\n<li>Systemy uziomowe i\u00a0wyr\u00f3wnywania potencja\u0142\u00f3w w\u00a0obiektach telekomunikacyjnych.<\/li>\n<li>Zasilanie obiekt\u00f3w telekomunikacyjnych i\u00a0system\u00f3w teleinformatycznych (AC, DC, zasilanie gwarantowane).<\/li>\n<li>Algorytm optymalizacji uk\u0142ad\u00f3w elektronicznych.<\/li>\n<li>Klasyfikacja metod optymalizacji. Metody gradientowe. Algorytmy genetyczne.<\/li>\n<\/ol>\n<h4>Elektrotechnika, I stopie\u0144<\/h4>\n<ol class=\"compact\">\n<li>Wielko\u015bci fotometryczne \u2013 definicje i\u00a0jednostki.<\/li>\n<li>Metody wytwarzania \u015bwiat\u0142a \u2013 przyk\u0142ady, parametry, r\u00f3\u017cnice, uk\u0142ady zasilania.<\/li>\n<li>Wymagania normatywne dotycz\u0105ce o\u015bwietlenia wn\u0119trz.<\/li>\n<li>Pomiar nat\u0119\u017cenia o\u015bwietlenia.<\/li>\n<li>Pasmowy model przewodnictwa w\u00a0materia\u0142ach in\u017cynierskich.<\/li>\n<li>Pomiar rezystywno\u015bci skro\u015bnej i\u00a0powierzchniowej dielektryk\u00f3w.<\/li>\n<li>Zjawisko termoelektryczne.<\/li>\n<li>Rodzaje izolator\u00f3w stosowanych w\u00a0liniach elektroenergetycznych. Czynniki maj\u0105ce wp\u0142yw na wytrzyma\u0142o\u015b\u0107 izolator\u00f3w linowych.<\/li>\n<li>Typowe formy wy\u0142adowa\u0144 w\u00a0powietrzu. Czynniki maj\u0105ce wp\u0142yw na wytrzyma\u0142o\u015b\u0107 elektryczn\u0105 powietrza przy napi\u0119ciu przemiennym, sta\u0142ym i\u00a0udarowym.<\/li>\n<li>Metody pomiaru wysokich napi\u0119\u0107 przemiennych, sta\u0142ych i\u00a0udarowych.<\/li>\n<li>Metody wytwarzania wysokich napi\u0119\u0107 i\u00a0pr\u0105d\u00f3w udarowych.<\/li>\n<li>W\u0142a\u015bciwo\u015bci widmowe \u015bwiat\u0142a wytwarzanego przez \u017ar\u00f3d\u0142a r\u00f3\u017cnych typ\u00f3w (\u017car\u00f3wki, \u015bwietl\u00f3wki, lampy wy\u0142adowcze, LED).<\/li>\n<li>Sposoby wytwarzania \u015bwiat\u0142a bia\u0142ego w\u00a0diodach LED.<\/li>\n<li>Detektory promieniowania \u2013 rodzaje i\u00a0w\u0142a\u015bciwo\u015bci.<\/li>\n<li>Wyja\u015bnij r\u00f3\u017cnic\u0119 pomi\u0119dzy poj\u0119ciem promieniowania, a \u015bwiat\u0142a.<\/li>\n<li>Zasada dzia\u0142ania paneli PV.<\/li>\n<li>Budowa i\u00a0zasada dzia\u0142ania luksomierza.<\/li>\n<li>Definicja nat\u0119\u017cenia o\u015bwietlenia, strumienia \u015bwietlnego, luminancji, wska\u017anika UGR.<\/li>\n<li>Om\u00f3wi\u0107 czu\u0142o\u015b\u0107 oka w\u00a0zakresie fotopowym, mezopowym, skotopowym.<\/li>\n<li>Om\u00f3wi\u0107 parametry charakteryzuj\u0105ce jako\u015b\u0107 elektrycznych \u017ar\u00f3de\u0142 \u015bwiat\u0142a.<\/li>\n<li>Om\u00f3wi\u0107 metody pomiaru rozk\u0142ad\u00f3w widmowych \u017ar\u00f3de\u0142 \u015bwiat\u0142a.<\/li>\n<li>Wymagania dotycz\u0105ce o\u015bwietlenia drogowego.<\/li>\n<li>Kolektory s\u0142oneczne p\u0142askie i\u00a0pr\u00f3\u017cniowe \u2013 budowa i\u00a0dzia\u0142anie.<\/li>\n<li>Budowa i\u00a0zasada dzia\u0142ania projektor\u00f3w.<\/li>\n<li>Cechy jako\u015bciowe i\u00a0ilo\u015bciowe \u017ar\u00f3de\u0142 \u015bwiat\u0142a.<\/li>\n<\/ol>\n<h4>Elektrotechnika, II stopie\u0144<\/h4>\n<ol class=\"compact\">\n<li>Budowa i\u00a0zasada dzia\u0142ania ogniwa fotowoltaicznego.<\/li>\n<li>Nadprzewodniki: budowa, w\u0142a\u015bciwo\u015bci, zastosowania.<\/li>\n<li>Materia\u0142y przewodowe.<\/li>\n<li>Materia\u0142y wykorzystywane do budowy z\u0142\u0105cz elektrycznych.<\/li>\n<li>Wy\u0142adowanie piorunowe (LEMP) \u2013 charakterystyka oraz mechanizmy i\u00a0skutki oddzia\u0142ywania.<\/li>\n<li>Procesy \u0142\u0105czeniowe w\u00a0uk\u0142adach elektroenergetycznych (SEMP) \u2013 przyczyny i\u00a0skutki oddzia\u0142ywa\u0144.<\/li>\n<li>Elementy i\u00a0uk\u0142ady do ograniczania przepi\u0119\u0107 \u2013 budowa, dzia\u0142anie, parametry i\u00a0charakterystyki ochronne, zasady doboru.<\/li>\n<li>Ochrona odgromowa obiekt\u00f3w budowlanych i\u00a0elektroenergetycznych \u2013 budowa, dzia\u0142anie, podstawowe zasady projektowania.<\/li>\n<li>Instalacje inteligentne, cechy, klasyfikacja, elementy systemu.<\/li>\n<li>Korzy\u015bci i\u00a0zagro\u017cenia zwi\u0105zane ze stosowaniem instalacji inteligentnych.<\/li>\n<li>Nowoczesne \u017ar\u00f3d\u0142a \u015bwiat\u0142a, rodzaje, w\u0142a\u015bciwo\u015bci, technologie.<\/li>\n<li>Korekcja czu\u0142o\u015bci widmowej i\u00a0przestrzennej fotometr\u00f3w.<\/li>\n<li>Metody uzyskiwania \u015bwiat\u0142a bia\u0142ego w\u00a0p\u00f3\u0142przewodnikowych \u017ar\u00f3d\u0142ach \u015bwiat\u0142a.<\/li>\n<li>Poda\u0107 i\u00a0om\u00f3wi\u0107 typowe krzywe \u015bwiat\u0142o\u015bci opraw o\u015bwietleniowych.<\/li>\n<li>Bezpiecze\u0144stwo fotobiologiczne lamp i\u00a0system\u00f3w lampowych.<\/li>\n<li>Sposoby ograniczania zanieczyszczenia \u015bwiat\u0142em w\u00a0otoczeniu.<\/li>\n<li>Bilans promieniowania s\u0142onecznego.<\/li>\n<li>Pasywne metody wykorzystania promieniowania s\u0142onecznego.<\/li>\n<li>Wsp\u00f3\u0142czynnik koncentracji koncentrator\u00f3w promieniowania s\u0142onecznego.<\/li>\n<li>Detektory promieniowania \u2013 fotonowe i\u00a0termiczne.<\/li>\n<li>Dioda LED vs. laser p\u00f3\u0142przewodnikowy \u2013 podobie\u0144stwa, r\u00f3\u017cnice.<\/li>\n<li>\u015awiat\u0142ow\u00f3d \u2013 parametry \u2013 t\u0142umienie, dyspersja.<\/li>\n<li>Zasada dzia\u0142ania i\u00a0pomiary reflektometrem optycznym.<\/li>\n<\/ol>\n<h4>Ekoenergetyka, I stopie\u0144<\/h4>\n<ol class=\"compact\">\n<li>Pasmowy model przewodnictwa w\u00a0materia\u0142ach in\u017cynierskich.<\/li>\n<li>Pomiar rezystywno\u015bci skro\u015bnej i\u00a0powierzchniowej dielektryk\u00f3w.<\/li>\n<li>Budowa i\u00a0zasada dzia\u0142ania ogniwa fotowoltaicznego.<\/li>\n<li>Nadprzewodniki: budowa, w\u0142a\u015bciwo\u015bci, zastosowania.<\/li>\n<li>Zjawisko termoelektryczne.<\/li>\n<li>Wymagania zasadnicze w\u00a0zakresie kompatybilno\u015bci elektromagnetycznej (EMC) urz\u0105dze\u0144 elektrycznych.<\/li>\n<li>Badanie odporno\u015bci urz\u0105dze\u0144 na udary oraz metoda pomiaru emisji zaburze\u0144 przewodzonych.<\/li>\n<li>System GSM \u2013 architektura i\u00a0zasada dzia\u0142ania.<\/li>\n<li>Systemy trankingowe.<\/li>\n<li>System bezprzewodowej telefonii cyfrowej DECT.<\/li>\n<li>Sposoby wykorzystania \u015bwiat\u0142a dziennego we wn\u0119trzach.<\/li>\n<li>O\u015bwietlenie og\u00f3lne \u2013 parametry \u015bwietlne.<\/li>\n<li>Instalacje \u201eoff-grid\u201d i\u00a0\u201eon-grid\u201d \u2013 r\u00f3\u017cnice.<\/li>\n<li>\u015awiat\u0142ow\u00f3d \u2013 budowa, parametry.<\/li>\n<li>Zasada dzia\u0142ania i\u00a0pomiary reflektometrem optycznym.<\/li>\n<li>Bilans promieniowania s\u0142onecznego.<\/li>\n<li>Pasywne metody wykorzystania promieniowania s\u0142onecznego.<\/li>\n<li>Wsp\u00f3\u0142czynnik koncentracji koncentrator\u00f3w promieniowania s\u0142onecznego.<\/li>\n<li>Budowa i\u00a0zasada dzia\u0142ania ogniwa fotowoltaicznego.<\/li>\n<\/ol>\n","protected":false},"excerpt":{"rendered":"<p>Zagadnienia na egzamin dyplomowy w\u00a0Katedrze Fotoniki, Elektroniki i Techniki \u015awietlnej Elektronika i Telekomunikacja, I\u00a0stopie\u0144 P\u00f3\u0142przewodniki<a class=\"read-more\" href=\"https:\/\/we.pb.edu.pl\/kfeits\/dydaktyka\/egzaminy-dyplomowe\/\" title=\"Poka\u017c artyku\u0142 Egzaminy dyplomowe\">wi\u0119cej<\/a><\/p>\n","protected":false},"author":9,"featured_media":0,"parent":253,"menu_order":0,"comment_status":"closed","ping_status":"closed","template":"","meta":{"inline_featured_image":false,"ngg_post_thumbnail":0,"footnotes":""},"class_list":["post-1660","page","type-page","status-publish","hentry"],"acf":[],"yoast_head":"<!-- This site is optimized with the Yoast SEO plugin v26.4 - https:\/\/yoast.com\/wordpress\/plugins\/seo\/ -->\n<title>Egzaminy dyplomowe - Katedra Fotoniki, Elektroniki i Techniki \u015awietlnej<\/title>\n<meta name=\"robots\" content=\"index, follow, max-snippet:-1, max-image-preview:large, max-video-preview:-1\" \/>\n<link rel=\"canonical\" href=\"https:\/\/we.pb.edu.pl\/kfeits\/dydaktyka\/egzaminy-dyplomowe\/\" \/>\n<meta property=\"og:locale\" content=\"pl_PL\" \/>\n<meta property=\"og:type\" content=\"article\" \/>\n<meta property=\"og:title\" content=\"Egzaminy dyplomowe - Katedra Fotoniki, Elektroniki i Techniki \u015awietlnej\" \/>\n<meta property=\"og:description\" content=\"Zagadnienia na egzamin dyplomowy w\u00a0Katedrze Fotoniki, Elektroniki i Techniki \u015awietlnej Elektronika i Telekomunikacja, I\u00a0stopie\u0144 P\u00f3\u0142przewodnikiwi\u0119cej\" \/>\n<meta property=\"og:url\" content=\"https:\/\/we.pb.edu.pl\/kfeits\/dydaktyka\/egzaminy-dyplomowe\/\" \/>\n<meta property=\"og:site_name\" content=\"Katedra Fotoniki, Elektroniki i Techniki \u015awietlnej\" \/>\n<meta property=\"article:modified_time\" content=\"2020-04-20T17:39:29+00:00\" \/>\n<meta name=\"twitter:card\" content=\"summary_large_image\" \/>\n<meta name=\"twitter:label1\" content=\"Szacowany czas czytania\" \/>\n\t<meta name=\"twitter:data1\" content=\"7 minut\" \/>\n<script type=\"application\/ld+json\" class=\"yoast-schema-graph\">{\"@context\":\"https:\/\/schema.org\",\"@graph\":[{\"@type\":\"WebPage\",\"@id\":\"https:\/\/we.pb.edu.pl\/kfeits\/dydaktyka\/egzaminy-dyplomowe\/\",\"url\":\"https:\/\/we.pb.edu.pl\/kfeits\/dydaktyka\/egzaminy-dyplomowe\/\",\"name\":\"Egzaminy dyplomowe - Katedra Fotoniki, Elektroniki i Techniki \u015awietlnej\",\"isPartOf\":{\"@id\":\"https:\/\/we.pb.edu.pl\/kfeits\/#website\"},\"datePublished\":\"2020-03-24T09:56:49+00:00\",\"dateModified\":\"2020-04-20T17:39:29+00:00\",\"breadcrumb\":{\"@id\":\"https:\/\/we.pb.edu.pl\/kfeits\/dydaktyka\/egzaminy-dyplomowe\/#breadcrumb\"},\"inLanguage\":\"pl-PL\",\"potentialAction\":[{\"@type\":\"ReadAction\",\"target\":[\"https:\/\/we.pb.edu.pl\/kfeits\/dydaktyka\/egzaminy-dyplomowe\/\"]}]},{\"@type\":\"BreadcrumbList\",\"@id\":\"https:\/\/we.pb.edu.pl\/kfeits\/dydaktyka\/egzaminy-dyplomowe\/#breadcrumb\",\"itemListElement\":[{\"@type\":\"ListItem\",\"position\":1,\"name\":\"Strona g\u0142\u00f3wna\",\"item\":\"https:\/\/we.pb.edu.pl\/kfeits\/\"},{\"@type\":\"ListItem\",\"position\":2,\"name\":\"Dydaktyka\",\"item\":\"https:\/\/we.pb.edu.pl\/kfeits\/dydaktyka\/\"},{\"@type\":\"ListItem\",\"position\":3,\"name\":\"Egzaminy dyplomowe\"}]},{\"@type\":\"WebSite\",\"@id\":\"https:\/\/we.pb.edu.pl\/kfeits\/#website\",\"url\":\"https:\/\/we.pb.edu.pl\/kfeits\/\",\"name\":\"Katedra Fotoniki, Elektroniki i Techniki \u015awietlnej\",\"description\":\"\",\"potentialAction\":[{\"@type\":\"SearchAction\",\"target\":{\"@type\":\"EntryPoint\",\"urlTemplate\":\"https:\/\/we.pb.edu.pl\/kfeits\/?s={search_term_string}\"},\"query-input\":{\"@type\":\"PropertyValueSpecification\",\"valueRequired\":true,\"valueName\":\"search_term_string\"}}],\"inLanguage\":\"pl-PL\"}]}<\/script>\n<!-- \/ Yoast SEO plugin. -->","yoast_head_json":{"title":"Egzaminy dyplomowe - Katedra Fotoniki, Elektroniki i Techniki \u015awietlnej","robots":{"index":"index","follow":"follow","max-snippet":"max-snippet:-1","max-image-preview":"max-image-preview:large","max-video-preview":"max-video-preview:-1"},"canonical":"https:\/\/we.pb.edu.pl\/kfeits\/dydaktyka\/egzaminy-dyplomowe\/","og_locale":"pl_PL","og_type":"article","og_title":"Egzaminy dyplomowe - Katedra Fotoniki, Elektroniki i Techniki \u015awietlnej","og_description":"Zagadnienia na egzamin dyplomowy w\u00a0Katedrze Fotoniki, Elektroniki i Techniki \u015awietlnej Elektronika i Telekomunikacja, I\u00a0stopie\u0144 P\u00f3\u0142przewodnikiwi\u0119cej","og_url":"https:\/\/we.pb.edu.pl\/kfeits\/dydaktyka\/egzaminy-dyplomowe\/","og_site_name":"Katedra Fotoniki, Elektroniki i Techniki \u015awietlnej","article_modified_time":"2020-04-20T17:39:29+00:00","twitter_card":"summary_large_image","twitter_misc":{"Szacowany czas czytania":"7 minut"},"schema":{"@context":"https:\/\/schema.org","@graph":[{"@type":"WebPage","@id":"https:\/\/we.pb.edu.pl\/kfeits\/dydaktyka\/egzaminy-dyplomowe\/","url":"https:\/\/we.pb.edu.pl\/kfeits\/dydaktyka\/egzaminy-dyplomowe\/","name":"Egzaminy dyplomowe - Katedra Fotoniki, Elektroniki i Techniki \u015awietlnej","isPartOf":{"@id":"https:\/\/we.pb.edu.pl\/kfeits\/#website"},"datePublished":"2020-03-24T09:56:49+00:00","dateModified":"2020-04-20T17:39:29+00:00","breadcrumb":{"@id":"https:\/\/we.pb.edu.pl\/kfeits\/dydaktyka\/egzaminy-dyplomowe\/#breadcrumb"},"inLanguage":"pl-PL","potentialAction":[{"@type":"ReadAction","target":["https:\/\/we.pb.edu.pl\/kfeits\/dydaktyka\/egzaminy-dyplomowe\/"]}]},{"@type":"BreadcrumbList","@id":"https:\/\/we.pb.edu.pl\/kfeits\/dydaktyka\/egzaminy-dyplomowe\/#breadcrumb","itemListElement":[{"@type":"ListItem","position":1,"name":"Strona g\u0142\u00f3wna","item":"https:\/\/we.pb.edu.pl\/kfeits\/"},{"@type":"ListItem","position":2,"name":"Dydaktyka","item":"https:\/\/we.pb.edu.pl\/kfeits\/dydaktyka\/"},{"@type":"ListItem","position":3,"name":"Egzaminy dyplomowe"}]},{"@type":"WebSite","@id":"https:\/\/we.pb.edu.pl\/kfeits\/#website","url":"https:\/\/we.pb.edu.pl\/kfeits\/","name":"Katedra Fotoniki, Elektroniki i Techniki \u015awietlnej","description":"","potentialAction":[{"@type":"SearchAction","target":{"@type":"EntryPoint","urlTemplate":"https:\/\/we.pb.edu.pl\/kfeits\/?s={search_term_string}"},"query-input":{"@type":"PropertyValueSpecification","valueRequired":true,"valueName":"search_term_string"}}],"inLanguage":"pl-PL"}]}},"_links":{"self":[{"href":"https:\/\/we.pb.edu.pl\/kfeits\/wp-json\/wp\/v2\/pages\/1660","targetHints":{"allow":["GET"]}}],"collection":[{"href":"https:\/\/we.pb.edu.pl\/kfeits\/wp-json\/wp\/v2\/pages"}],"about":[{"href":"https:\/\/we.pb.edu.pl\/kfeits\/wp-json\/wp\/v2\/types\/page"}],"author":[{"embeddable":true,"href":"https:\/\/we.pb.edu.pl\/kfeits\/wp-json\/wp\/v2\/users\/9"}],"replies":[{"embeddable":true,"href":"https:\/\/we.pb.edu.pl\/kfeits\/wp-json\/wp\/v2\/comments?post=1660"}],"version-history":[{"count":5,"href":"https:\/\/we.pb.edu.pl\/kfeits\/wp-json\/wp\/v2\/pages\/1660\/revisions"}],"predecessor-version":[{"id":1979,"href":"https:\/\/we.pb.edu.pl\/kfeits\/wp-json\/wp\/v2\/pages\/1660\/revisions\/1979"}],"up":[{"embeddable":true,"href":"https:\/\/we.pb.edu.pl\/kfeits\/wp-json\/wp\/v2\/pages\/253"}],"wp:attachment":[{"href":"https:\/\/we.pb.edu.pl\/kfeits\/wp-json\/wp\/v2\/media?parent=1660"}],"curies":[{"name":"wp","href":"https:\/\/api.w.org\/{rel}","templated":true}]}}