{"id":1634,"date":"2020-03-23T19:49:32","date_gmt":"2020-03-23T18:49:32","guid":{"rendered":"https:\/\/we.pb.edu.pl\/ktiae\/?page_id=1634"},"modified":"2025-01-23T16:12:30","modified_gmt":"2025-01-23T15:12:30","slug":"telekomunikacyjne-systemy-nawigacji-i-lokalizacji","status":"publish","type":"page","link":"https:\/\/we.pb.edu.pl\/kfeits\/dariusz-janczak\/telekomunikacyjne-systemy-nawigacji-i-lokalizacji\/","title":{"rendered":"Telekomunikacyjne Systemy Nawigacji i Lokalizacji"},"content":{"rendered":"<p><b>Materia\u0142y do wyk\u0142ad\u00f3w:<\/b><\/p>\n<ul>\n<li><a href=\"https:\/\/box.biaman.pl\/f\/786053cbfd7c4f36abd7\/?raw=1&amp;amp;ext=.pdf\">cz\u0119\u015b\u0107 1<\/a><\/li>\n<li><a href=\"https:\/\/box.biaman.pl\/f\/def16c6fab284bf7934f\/?raw=1&amp;amp;ext=.pdf\">cz\u0119\u015b\u0107 2<\/a><\/li>\n<li><a href=\"https:\/\/box.biaman.pl\/f\/404cce8b627541aaa875\/?raw=1&amp;amp;ext=.pdf\">cz\u0119\u015b\u0107 3<\/a><\/li>\n<li><a href=\"https:\/\/box.biaman.pl\/f\/e6528a63b2c8466696e4\/?raw=1&amp;amp;ext=.pdf\">cz\u0119\u015b\u0107 4<\/a><\/li>\n<li><a href=\"https:\/\/box.biaman.pl\/f\/c164e3023ab64b99b93f\/?raw=1&amp;amp;ext=.pdf\">cz\u0119\u015b\u0107 5<\/a><\/li>\n<li><a href=\"https:\/\/box.biaman.pl\/f\/a900d4c66bcd459a8172\/?raw=1&amp;amp;ext=.pdf\">zagadnienia<\/a><\/li>\n<\/ul>\n<p><b>Instrukcje do \u0107wicze\u0144 :<\/b><\/p>\n<ul>\n<li><a href=\"https:\/\/box.biaman.pl\/f\/cf94fcd072394b26ae74\/?raw=1&amp;amp;ext=.pdf\">Podstawowe charakterystyki i w\u0142a\u015bciwo\u015bci filtru Kalmana<\/a>\n<ul>\n<li><a href=\"https:\/\/box.biaman.pl\/f\/daade135fd5a479f8612\/\">materia\u0142y dodatkowe<\/a><\/li>\n<\/ul>\n<\/li>\n<li><a href=\"https:\/\/box.biaman.pl\/f\/39af4e27ef2640259ed2\/?raw=1&amp;amp;ext=.pdf\">Wykorzystanie i w\u0142a\u015bciwo\u015bci radaru o fali ci\u0105g\u0142ej<\/a>\n<ul>\n<li><a href=\"https:\/\/box.biaman.pl\/f\/d0680453ab114b18b906\/?raw=1&amp;amp;ext=.zip\">materia\u0142y dodatkowe<\/a><\/li>\n<\/ul>\n<\/li>\n<li><a href=\"https:\/\/box.biaman.pl\/f\/6ffab97e577e4d5f8f4d\/?raw=1&amp;amp;ext=.pdf\">Wykorzystanie i w\u0142a\u015bciwo\u015bci czujnik\u00f3w inercyjnych (IMU)<\/a><\/li>\n<li><a href=\"https:\/\/box.biaman.pl\/f\/2b3ee31455fc4626b184\/?raw=1&amp;amp;ext=.pdf\">Wykorzystanie i w\u0142a\u015bciwo\u015bci odbiornika nawigacji satelitarnej GPS<\/a><\/li>\n<\/ul>\n","protected":false},"excerpt":{"rendered":"<p>Materia\u0142y do wyk\u0142ad\u00f3w: cz\u0119\u015b\u0107 1 cz\u0119\u015b\u0107 2 cz\u0119\u015b\u0107 3 cz\u0119\u015b\u0107 4 cz\u0119\u015b\u0107 5 zagadnienia Instrukcje<a class=\"read-more\" href=\"https:\/\/we.pb.edu.pl\/kfeits\/dariusz-janczak\/telekomunikacyjne-systemy-nawigacji-i-lokalizacji\/\" title=\"Poka\u017c artyku\u0142 Telekomunikacyjne Systemy Nawigacji i Lokalizacji\">wi\u0119cej<\/a><\/p>\n","protected":false},"author":22,"featured_media":0,"parent":536,"menu_order":0,"comment_status":"closed","ping_status":"closed","template":"","meta":{"inline_featured_image":false,"ngg_post_thumbnail":0,"footnotes":""},"class_list":["post-1634","page","type-page","status-publish","hentry"],"acf":[],"yoast_head":"<!-- This site is optimized with the Yoast SEO plugin v26.4 - https:\/\/yoast.com\/wordpress\/plugins\/seo\/ -->\n<title>Telekomunikacyjne Systemy Nawigacji i Lokalizacji - Katedra Fotoniki, Elektroniki i Techniki \u015awietlnej<\/title>\n<meta name=\"robots\" content=\"index, follow, max-snippet:-1, max-image-preview:large, max-video-preview:-1\" \/>\n<link rel=\"canonical\" href=\"https:\/\/we.pb.edu.pl\/kfeits\/dariusz-janczak\/telekomunikacyjne-systemy-nawigacji-i-lokalizacji\/\" \/>\n<meta property=\"og:locale\" content=\"pl_PL\" \/>\n<meta property=\"og:type\" content=\"article\" \/>\n<meta property=\"og:title\" content=\"Telekomunikacyjne Systemy Nawigacji i Lokalizacji - Katedra Fotoniki, Elektroniki i Techniki \u015awietlnej\" \/>\n<meta property=\"og:description\" content=\"Materia\u0142y do wyk\u0142ad\u00f3w: cz\u0119\u015b\u0107 1 cz\u0119\u015b\u0107 2 cz\u0119\u015b\u0107 3 cz\u0119\u015b\u0107 4 cz\u0119\u015b\u0107 5 zagadnienia Instrukcjewi\u0119cej\" \/>\n<meta property=\"og:url\" content=\"https:\/\/we.pb.edu.pl\/kfeits\/dariusz-janczak\/telekomunikacyjne-systemy-nawigacji-i-lokalizacji\/\" \/>\n<meta property=\"og:site_name\" content=\"Katedra Fotoniki, Elektroniki i Techniki \u015awietlnej\" \/>\n<meta property=\"article:modified_time\" content=\"2025-01-23T15:12:30+00:00\" \/>\n<meta name=\"twitter:card\" content=\"summary_large_image\" \/>\n<meta name=\"twitter:label1\" content=\"Szacowany czas czytania\" \/>\n\t<meta name=\"twitter:data1\" content=\"1 minuta\" \/>\n<script type=\"application\/ld+json\" class=\"yoast-schema-graph\">{\"@context\":\"https:\/\/schema.org\",\"@graph\":[{\"@type\":\"WebPage\",\"@id\":\"https:\/\/we.pb.edu.pl\/kfeits\/dariusz-janczak\/telekomunikacyjne-systemy-nawigacji-i-lokalizacji\/\",\"url\":\"https:\/\/we.pb.edu.pl\/kfeits\/dariusz-janczak\/telekomunikacyjne-systemy-nawigacji-i-lokalizacji\/\",\"name\":\"Telekomunikacyjne Systemy Nawigacji i Lokalizacji - Katedra Fotoniki, Elektroniki i Techniki \u015awietlnej\",\"isPartOf\":{\"@id\":\"https:\/\/we.pb.edu.pl\/kfeits\/#website\"},\"datePublished\":\"2020-03-23T18:49:32+00:00\",\"dateModified\":\"2025-01-23T15:12:30+00:00\",\"breadcrumb\":{\"@id\":\"https:\/\/we.pb.edu.pl\/kfeits\/dariusz-janczak\/telekomunikacyjne-systemy-nawigacji-i-lokalizacji\/#breadcrumb\"},\"inLanguage\":\"pl-PL\",\"potentialAction\":[{\"@type\":\"ReadAction\",\"target\":[\"https:\/\/we.pb.edu.pl\/kfeits\/dariusz-janczak\/telekomunikacyjne-systemy-nawigacji-i-lokalizacji\/\"]}]},{\"@type\":\"BreadcrumbList\",\"@id\":\"https:\/\/we.pb.edu.pl\/kfeits\/dariusz-janczak\/telekomunikacyjne-systemy-nawigacji-i-lokalizacji\/#breadcrumb\",\"itemListElement\":[{\"@type\":\"ListItem\",\"position\":1,\"name\":\"Strona g\u0142\u00f3wna\",\"item\":\"https:\/\/we.pb.edu.pl\/kfeits\/\"},{\"@type\":\"ListItem\",\"position\":2,\"name\":\"dr hab. in\u017c. Dariusz Ja\u0144czak, prof. PB\",\"item\":\"https:\/\/we.pb.edu.pl\/kfeits\/dariusz-janczak\/\"},{\"@type\":\"ListItem\",\"position\":3,\"name\":\"Telekomunikacyjne Systemy Nawigacji i Lokalizacji\"}]},{\"@type\":\"WebSite\",\"@id\":\"https:\/\/we.pb.edu.pl\/kfeits\/#website\",\"url\":\"https:\/\/we.pb.edu.pl\/kfeits\/\",\"name\":\"Katedra Fotoniki, Elektroniki i Techniki \u015awietlnej\",\"description\":\"\",\"potentialAction\":[{\"@type\":\"SearchAction\",\"target\":{\"@type\":\"EntryPoint\",\"urlTemplate\":\"https:\/\/we.pb.edu.pl\/kfeits\/?s={search_term_string}\"},\"query-input\":{\"@type\":\"PropertyValueSpecification\",\"valueRequired\":true,\"valueName\":\"search_term_string\"}}],\"inLanguage\":\"pl-PL\"}]}<\/script>\n<!-- \/ Yoast SEO plugin. -->","yoast_head_json":{"title":"Telekomunikacyjne Systemy Nawigacji i Lokalizacji - Katedra Fotoniki, Elektroniki i Techniki \u015awietlnej","robots":{"index":"index","follow":"follow","max-snippet":"max-snippet:-1","max-image-preview":"max-image-preview:large","max-video-preview":"max-video-preview:-1"},"canonical":"https:\/\/we.pb.edu.pl\/kfeits\/dariusz-janczak\/telekomunikacyjne-systemy-nawigacji-i-lokalizacji\/","og_locale":"pl_PL","og_type":"article","og_title":"Telekomunikacyjne Systemy Nawigacji i Lokalizacji - Katedra Fotoniki, Elektroniki i Techniki \u015awietlnej","og_description":"Materia\u0142y do wyk\u0142ad\u00f3w: cz\u0119\u015b\u0107 1 cz\u0119\u015b\u0107 2 cz\u0119\u015b\u0107 3 cz\u0119\u015b\u0107 4 cz\u0119\u015b\u0107 5 zagadnienia Instrukcjewi\u0119cej","og_url":"https:\/\/we.pb.edu.pl\/kfeits\/dariusz-janczak\/telekomunikacyjne-systemy-nawigacji-i-lokalizacji\/","og_site_name":"Katedra Fotoniki, Elektroniki i Techniki \u015awietlnej","article_modified_time":"2025-01-23T15:12:30+00:00","twitter_card":"summary_large_image","twitter_misc":{"Szacowany czas czytania":"1 minuta"},"schema":{"@context":"https:\/\/schema.org","@graph":[{"@type":"WebPage","@id":"https:\/\/we.pb.edu.pl\/kfeits\/dariusz-janczak\/telekomunikacyjne-systemy-nawigacji-i-lokalizacji\/","url":"https:\/\/we.pb.edu.pl\/kfeits\/dariusz-janczak\/telekomunikacyjne-systemy-nawigacji-i-lokalizacji\/","name":"Telekomunikacyjne Systemy Nawigacji i Lokalizacji - Katedra Fotoniki, Elektroniki i Techniki \u015awietlnej","isPartOf":{"@id":"https:\/\/we.pb.edu.pl\/kfeits\/#website"},"datePublished":"2020-03-23T18:49:32+00:00","dateModified":"2025-01-23T15:12:30+00:00","breadcrumb":{"@id":"https:\/\/we.pb.edu.pl\/kfeits\/dariusz-janczak\/telekomunikacyjne-systemy-nawigacji-i-lokalizacji\/#breadcrumb"},"inLanguage":"pl-PL","potentialAction":[{"@type":"ReadAction","target":["https:\/\/we.pb.edu.pl\/kfeits\/dariusz-janczak\/telekomunikacyjne-systemy-nawigacji-i-lokalizacji\/"]}]},{"@type":"BreadcrumbList","@id":"https:\/\/we.pb.edu.pl\/kfeits\/dariusz-janczak\/telekomunikacyjne-systemy-nawigacji-i-lokalizacji\/#breadcrumb","itemListElement":[{"@type":"ListItem","position":1,"name":"Strona g\u0142\u00f3wna","item":"https:\/\/we.pb.edu.pl\/kfeits\/"},{"@type":"ListItem","position":2,"name":"dr hab. in\u017c. Dariusz Ja\u0144czak, prof. PB","item":"https:\/\/we.pb.edu.pl\/kfeits\/dariusz-janczak\/"},{"@type":"ListItem","position":3,"name":"Telekomunikacyjne Systemy Nawigacji i Lokalizacji"}]},{"@type":"WebSite","@id":"https:\/\/we.pb.edu.pl\/kfeits\/#website","url":"https:\/\/we.pb.edu.pl\/kfeits\/","name":"Katedra Fotoniki, Elektroniki i Techniki \u015awietlnej","description":"","potentialAction":[{"@type":"SearchAction","target":{"@type":"EntryPoint","urlTemplate":"https:\/\/we.pb.edu.pl\/kfeits\/?s={search_term_string}"},"query-input":{"@type":"PropertyValueSpecification","valueRequired":true,"valueName":"search_term_string"}}],"inLanguage":"pl-PL"}]}},"_links":{"self":[{"href":"https:\/\/we.pb.edu.pl\/kfeits\/wp-json\/wp\/v2\/pages\/1634","targetHints":{"allow":["GET"]}}],"collection":[{"href":"https:\/\/we.pb.edu.pl\/kfeits\/wp-json\/wp\/v2\/pages"}],"about":[{"href":"https:\/\/we.pb.edu.pl\/kfeits\/wp-json\/wp\/v2\/types\/page"}],"author":[{"embeddable":true,"href":"https:\/\/we.pb.edu.pl\/kfeits\/wp-json\/wp\/v2\/users\/22"}],"replies":[{"embeddable":true,"href":"https:\/\/we.pb.edu.pl\/kfeits\/wp-json\/wp\/v2\/comments?post=1634"}],"version-history":[{"count":42,"href":"https:\/\/we.pb.edu.pl\/kfeits\/wp-json\/wp\/v2\/pages\/1634\/revisions"}],"predecessor-version":[{"id":5329,"href":"https:\/\/we.pb.edu.pl\/kfeits\/wp-json\/wp\/v2\/pages\/1634\/revisions\/5329"}],"up":[{"embeddable":true,"href":"https:\/\/we.pb.edu.pl\/kfeits\/wp-json\/wp\/v2\/pages\/536"}],"wp:attachment":[{"href":"https:\/\/we.pb.edu.pl\/kfeits\/wp-json\/wp\/v2\/media?parent=1634"}],"curies":[{"name":"wp","href":"https:\/\/api.w.org\/{rel}","templated":true}]}}