{"id":1564,"date":"2020-02-24T19:20:24","date_gmt":"2020-02-24T18:20:24","guid":{"rendered":"https:\/\/we.pb.edu.pl\/ktiae\/?page_id=1564"},"modified":"2026-01-07T21:13:14","modified_gmt":"2026-01-07T20:13:14","slug":"python2","status":"publish","type":"page","link":"https:\/\/we.pb.edu.pl\/kfeits\/krzysztof-konopko\/erasmus\/python2\/","title":{"rendered":"Python 2"},"content":{"rendered":"<p><strong>st. Zwierzyniecka 10, 15-351 Bia\u0142ystok, s. CBD-32<\/strong><\/p>\n<p>the instructor: <a href=\"\/kfeits\/krzysztof-konopko\/\">Krzysztof Konopko<\/a><\/p>\n<hr \/>\n<p><strong>Instructions for the specialist workshop:<\/strong><\/p>\n<ul>\n<li><span class=\"HwtZe\" lang=\"en\"><span class=\"jCAhz ChMk0b\"><span class=\"ryNqvb\"><a href=\"https:\/\/box.biaman.pl\/f\/0a57f04c02b74935a8cb\/?raw=1&amp;ext=.pdf\">Container datatypes &#8211; collections module, code profiling<\/a> (<a href=\"https:\/\/box.biaman.pl\/f\/af9214bab16b4810b8ee\/\">d<\/a><\/span><\/span><span class=\"jCAhz ChMk0b\"><span class=\"ryNqvb\"><a href=\"https:\/\/box.biaman.pl\/f\/af9214bab16b4810b8ee\/\">ata_types.ipynb<\/a>).<\/span><\/span><\/span><\/li>\n<li><span class=\"HwtZe\" lang=\"en\"><span class=\"jCAhz ChMk0b\"><span class=\"ryNqvb\"><a href=\"https:\/\/box.biaman.pl\/f\/d630eb53768f48fa97a2\/?raw=1&amp;ext=.pdf\"> Functions, generators, iterators &#8211; itertools module<\/a> (<a href=\"https:\/\/box.biaman.pl\/f\/f9961997a80346a396be\/\">i<\/a><\/span><\/span><span class=\"jCAhz ChMk0b\"><span class=\"ryNqvb\"><a href=\"https:\/\/box.biaman.pl\/f\/f9961997a80346a396be\/\">terators.ipynb<\/a>).<\/span><\/span><\/span><\/li>\n<li><span class=\"HwtZe\" lang=\"en\"><span class=\"jCAhz ChMk0b\"><span class=\"ryNqvb\"><a href=\"https:\/\/box.biaman.pl\/f\/0dedf318443044f68d94\/?raw=1&amp;ext=.pdf\"> Functional programming &#8211; functools module<\/a> (<a href=\"https:\/\/box.biaman.pl\/f\/8f3eed2c2ec6417090ad\/\">f<\/a><\/span><\/span><span class=\"jCAhz ChMk0b\"><span class=\"ryNqvb\"><a href=\"https:\/\/box.biaman.pl\/f\/8f3eed2c2ec6417090ad\/\">unctools.ipynb<\/a>).<\/span><\/span><\/span><\/li>\n<li><span class=\"HwtZe\" lang=\"en\"><span class=\"jCAhz ChMk0b\"><span class=\"ryNqvb\"><a href=\"https:\/\/box.biaman.pl\/f\/553263250fb744dc8c2a\/?raw=1&amp;ext=.pdf\"> Concurrent programming &#8211; threading, multiprocessing, and asyncio modules<\/a> (<\/span><\/span><span class=\"jCAhz ChMk0b\"><span class=\"ryNqvb\"><a href=\"https:\/\/box.biaman.pl\/f\/31c8d5140a5a435e8275\/\">concurrent_programming.ipynb<\/a>) <\/span><\/span><\/span><\/li>\n<li><a href=\"https:\/\/box.biaman.pl\/f\/0c715f1c01ee477e84ab\/?raw=1&amp;ext=.pdf\"><span class=\"HwtZe\" lang=\"en\"><span class=\"jCAhz ChMk0b\"><span class=\"ryNqvb\">Hardware programming in Python &#8211; GPIO, joystick, IR receiver.<\/span><\/span> <\/span><\/a><\/li>\n<li><a href=\"https:\/\/box.biaman.pl\/f\/b4e293b0b403455081d3\/?raw=1&amp;ext=.pdf\"><span class=\"HwtZe\" lang=\"en\"><span class=\"jCAhz ChMk0b\"><span class=\"ryNqvb\">Hardware programming in Python &#8211; WS2812B (RGB LEDs), Bluetooth.<\/span><\/span> <\/span><\/a><\/li>\n<li><span class=\"HwtZe\" lang=\"en\"><span class=\"jCAhz ChMk0b\"><span class=\"ryNqvb\">Hardware programming in Python &#8211; camera, WiFi, servos.<\/span><\/span> <span class=\"jCAhz ChMk0b\"><span class=\"ryNqvb\">(picamera_server.py)<\/span><\/span><\/span><\/li>\n<\/ul>\n<hr \/>\n<p><strong>Bibliography:<\/strong><\/p>\n<ul>\n<li>Micha Gorelick, Ian Ozsvald. High Performance Python: Practical Performant Programming for Humans,<\/li>\n<li>Steven Lott. Functional Python Programming: Use a functional approach to write succinct, expressive, and efficient Python code.<\/li>\n<li>Danny Staple. Learn Robotics Programming: Build and control AI-enabled autonomous robots using the Raspberry Pi and Python.<\/li>\n<li>Raspberry Pi Foundation. Raspberry pi. <a href=\"https:\/\/www.raspberrypi.org\/\">https:\/\/www.raspberrypi.org\/<\/a>.<\/li>\n<li>Waveshare. Alphabot2-pi &#8211; all-in-one robot platform for raspberry pi.<a href=\"https:\/\/www.waveshare.com\/wiki\/AlphaBot2-Pi\"> https:\/\/www.waveshare.com\/wiki\/AlphaBot2-Pi<\/a>.<\/li>\n<li><a href=\"https:\/\/box.biaman.pl\/f\/639b279e262a47998a2f\/?raw=1&amp;ext=.pdf\">Schemat.<\/a><\/li>\n<\/ul>\n","protected":false},"excerpt":{"rendered":"<p>st. Zwierzyniecka 10, 15-351 Bia\u0142ystok, s. CBD-32 the instructor: Krzysztof Konopko Instructions for the specialist<a class=\"read-more\" href=\"https:\/\/we.pb.edu.pl\/kfeits\/krzysztof-konopko\/erasmus\/python2\/\" title=\"Poka\u017c artyku\u0142 Python 2\">wi\u0119cej<\/a><\/p>\n","protected":false},"author":20,"featured_media":0,"parent":4413,"menu_order":0,"comment_status":"closed","ping_status":"closed","template":"","meta":{"inline_featured_image":false,"ngg_post_thumbnail":0,"footnotes":""},"class_list":["post-1564","page","type-page","status-publish","hentry"],"acf":[],"yoast_head":"<!-- This site is optimized with the Yoast SEO plugin v26.4 - https:\/\/yoast.com\/wordpress\/plugins\/seo\/ -->\n<title>Python 2 - Katedra Fotoniki, Elektroniki i Techniki \u015awietlnej<\/title>\n<meta name=\"robots\" content=\"index, follow, max-snippet:-1, max-image-preview:large, max-video-preview:-1\" \/>\n<link rel=\"canonical\" href=\"https:\/\/we.pb.edu.pl\/kfeits\/krzysztof-konopko\/erasmus\/python2\/\" \/>\n<meta property=\"og:locale\" content=\"pl_PL\" \/>\n<meta property=\"og:type\" content=\"article\" \/>\n<meta property=\"og:title\" content=\"Python 2 - Katedra Fotoniki, Elektroniki i Techniki \u015awietlnej\" \/>\n<meta property=\"og:description\" content=\"st. Zwierzyniecka 10, 15-351 Bia\u0142ystok, s. CBD-32 the instructor: Krzysztof Konopko Instructions for the specialistwi\u0119cej\" \/>\n<meta property=\"og:url\" content=\"https:\/\/we.pb.edu.pl\/kfeits\/krzysztof-konopko\/erasmus\/python2\/\" \/>\n<meta property=\"og:site_name\" content=\"Katedra Fotoniki, Elektroniki i Techniki \u015awietlnej\" \/>\n<meta property=\"article:modified_time\" content=\"2026-01-07T20:13:14+00:00\" \/>\n<meta name=\"twitter:card\" content=\"summary_large_image\" \/>\n<meta name=\"twitter:label1\" content=\"Szacowany czas czytania\" \/>\n\t<meta name=\"twitter:data1\" content=\"1 minuta\" \/>\n<script type=\"application\/ld+json\" class=\"yoast-schema-graph\">{\"@context\":\"https:\/\/schema.org\",\"@graph\":[{\"@type\":\"WebPage\",\"@id\":\"https:\/\/we.pb.edu.pl\/kfeits\/krzysztof-konopko\/erasmus\/python2\/\",\"url\":\"https:\/\/we.pb.edu.pl\/kfeits\/krzysztof-konopko\/erasmus\/python2\/\",\"name\":\"Python 2 - Katedra Fotoniki, Elektroniki i Techniki \u015awietlnej\",\"isPartOf\":{\"@id\":\"https:\/\/we.pb.edu.pl\/kfeits\/#website\"},\"datePublished\":\"2020-02-24T18:20:24+00:00\",\"dateModified\":\"2026-01-07T20:13:14+00:00\",\"breadcrumb\":{\"@id\":\"https:\/\/we.pb.edu.pl\/kfeits\/krzysztof-konopko\/erasmus\/python2\/#breadcrumb\"},\"inLanguage\":\"pl-PL\",\"potentialAction\":[{\"@type\":\"ReadAction\",\"target\":[\"https:\/\/we.pb.edu.pl\/kfeits\/krzysztof-konopko\/erasmus\/python2\/\"]}]},{\"@type\":\"BreadcrumbList\",\"@id\":\"https:\/\/we.pb.edu.pl\/kfeits\/krzysztof-konopko\/erasmus\/python2\/#breadcrumb\",\"itemListElement\":[{\"@type\":\"ListItem\",\"position\":1,\"name\":\"Strona g\u0142\u00f3wna\",\"item\":\"https:\/\/we.pb.edu.pl\/kfeits\/\"},{\"@type\":\"ListItem\",\"position\":2,\"name\":\"dr in\u017c. Krzysztof Konopko\",\"item\":\"https:\/\/we.pb.edu.pl\/kfeits\/krzysztof-konopko\/\"},{\"@type\":\"ListItem\",\"position\":3,\"name\":\"Erasmus\",\"item\":\"https:\/\/we.pb.edu.pl\/kfeits\/krzysztof-konopko\/erasmus\/\"},{\"@type\":\"ListItem\",\"position\":4,\"name\":\"Python 2\"}]},{\"@type\":\"WebSite\",\"@id\":\"https:\/\/we.pb.edu.pl\/kfeits\/#website\",\"url\":\"https:\/\/we.pb.edu.pl\/kfeits\/\",\"name\":\"Katedra Fotoniki, Elektroniki i Techniki \u015awietlnej\",\"description\":\"\",\"potentialAction\":[{\"@type\":\"SearchAction\",\"target\":{\"@type\":\"EntryPoint\",\"urlTemplate\":\"https:\/\/we.pb.edu.pl\/kfeits\/?s={search_term_string}\"},\"query-input\":{\"@type\":\"PropertyValueSpecification\",\"valueRequired\":true,\"valueName\":\"search_term_string\"}}],\"inLanguage\":\"pl-PL\"}]}<\/script>\n<!-- \/ Yoast SEO plugin. -->","yoast_head_json":{"title":"Python 2 - Katedra Fotoniki, Elektroniki i Techniki \u015awietlnej","robots":{"index":"index","follow":"follow","max-snippet":"max-snippet:-1","max-image-preview":"max-image-preview:large","max-video-preview":"max-video-preview:-1"},"canonical":"https:\/\/we.pb.edu.pl\/kfeits\/krzysztof-konopko\/erasmus\/python2\/","og_locale":"pl_PL","og_type":"article","og_title":"Python 2 - Katedra Fotoniki, Elektroniki i Techniki \u015awietlnej","og_description":"st. Zwierzyniecka 10, 15-351 Bia\u0142ystok, s. CBD-32 the instructor: Krzysztof Konopko Instructions for the specialistwi\u0119cej","og_url":"https:\/\/we.pb.edu.pl\/kfeits\/krzysztof-konopko\/erasmus\/python2\/","og_site_name":"Katedra Fotoniki, Elektroniki i Techniki \u015awietlnej","article_modified_time":"2026-01-07T20:13:14+00:00","twitter_card":"summary_large_image","twitter_misc":{"Szacowany czas czytania":"1 minuta"},"schema":{"@context":"https:\/\/schema.org","@graph":[{"@type":"WebPage","@id":"https:\/\/we.pb.edu.pl\/kfeits\/krzysztof-konopko\/erasmus\/python2\/","url":"https:\/\/we.pb.edu.pl\/kfeits\/krzysztof-konopko\/erasmus\/python2\/","name":"Python 2 - Katedra Fotoniki, Elektroniki i Techniki \u015awietlnej","isPartOf":{"@id":"https:\/\/we.pb.edu.pl\/kfeits\/#website"},"datePublished":"2020-02-24T18:20:24+00:00","dateModified":"2026-01-07T20:13:14+00:00","breadcrumb":{"@id":"https:\/\/we.pb.edu.pl\/kfeits\/krzysztof-konopko\/erasmus\/python2\/#breadcrumb"},"inLanguage":"pl-PL","potentialAction":[{"@type":"ReadAction","target":["https:\/\/we.pb.edu.pl\/kfeits\/krzysztof-konopko\/erasmus\/python2\/"]}]},{"@type":"BreadcrumbList","@id":"https:\/\/we.pb.edu.pl\/kfeits\/krzysztof-konopko\/erasmus\/python2\/#breadcrumb","itemListElement":[{"@type":"ListItem","position":1,"name":"Strona g\u0142\u00f3wna","item":"https:\/\/we.pb.edu.pl\/kfeits\/"},{"@type":"ListItem","position":2,"name":"dr in\u017c. Krzysztof Konopko","item":"https:\/\/we.pb.edu.pl\/kfeits\/krzysztof-konopko\/"},{"@type":"ListItem","position":3,"name":"Erasmus","item":"https:\/\/we.pb.edu.pl\/kfeits\/krzysztof-konopko\/erasmus\/"},{"@type":"ListItem","position":4,"name":"Python 2"}]},{"@type":"WebSite","@id":"https:\/\/we.pb.edu.pl\/kfeits\/#website","url":"https:\/\/we.pb.edu.pl\/kfeits\/","name":"Katedra Fotoniki, Elektroniki i Techniki \u015awietlnej","description":"","potentialAction":[{"@type":"SearchAction","target":{"@type":"EntryPoint","urlTemplate":"https:\/\/we.pb.edu.pl\/kfeits\/?s={search_term_string}"},"query-input":{"@type":"PropertyValueSpecification","valueRequired":true,"valueName":"search_term_string"}}],"inLanguage":"pl-PL"}]}},"_links":{"self":[{"href":"https:\/\/we.pb.edu.pl\/kfeits\/wp-json\/wp\/v2\/pages\/1564","targetHints":{"allow":["GET"]}}],"collection":[{"href":"https:\/\/we.pb.edu.pl\/kfeits\/wp-json\/wp\/v2\/pages"}],"about":[{"href":"https:\/\/we.pb.edu.pl\/kfeits\/wp-json\/wp\/v2\/types\/page"}],"author":[{"embeddable":true,"href":"https:\/\/we.pb.edu.pl\/kfeits\/wp-json\/wp\/v2\/users\/20"}],"replies":[{"embeddable":true,"href":"https:\/\/we.pb.edu.pl\/kfeits\/wp-json\/wp\/v2\/comments?post=1564"}],"version-history":[{"count":39,"href":"https:\/\/we.pb.edu.pl\/kfeits\/wp-json\/wp\/v2\/pages\/1564\/revisions"}],"predecessor-version":[{"id":6104,"href":"https:\/\/we.pb.edu.pl\/kfeits\/wp-json\/wp\/v2\/pages\/1564\/revisions\/6104"}],"up":[{"embeddable":true,"href":"https:\/\/we.pb.edu.pl\/kfeits\/wp-json\/wp\/v2\/pages\/4413"}],"wp:attachment":[{"href":"https:\/\/we.pb.edu.pl\/kfeits\/wp-json\/wp\/v2\/media?parent=1564"}],"curies":[{"name":"wp","href":"https:\/\/api.w.org\/{rel}","templated":true}]}}