{"id":1546,"date":"2020-02-24T13:02:26","date_gmt":"2020-02-24T12:02:26","guid":{"rendered":"https:\/\/we.pb.edu.pl\/ktiae\/?page_id=1546"},"modified":"2020-02-24T13:14:01","modified_gmt":"2020-02-24T12:14:01","slug":"ochrona-przeciwzakloceniowa-studia-niestacjonarne","status":"publish","type":"page","link":"https:\/\/we.pb.edu.pl\/kfeits\/dydaktyka\/ochrona-przeciwzakloceniowa-studia-niestacjonarne\/","title":{"rendered":"Ochrona Przeciwzak\u0142\u00f3ceniowa (studia niestacjonarne)"},"content":{"rendered":"<h3><span class=\"label label-primary\">TZ1E6112<\/span> <span class=\"label label-primary\">laboratorium<\/span><\/h3>\n<div style=\"margin-bottom:0.2em\"><span class=\"label label-default\">studia niestacjonarne I stopnia, sem. VI, Elektronika i Telekomunikacja, 20 godzin<\/span><\/div>\n<div><span class=\"label label-default\">forma zaliczenia: testy wst\u0119pne, sprawozdania studenckie, obserwacja pracy na zaj\u0119ciach<\/span><\/div>\n<h3>Program szczeg\u00f3\u0142owy<\/h3>\n<div style=\"display:flex; flex-flow:row wrap\">\n<div style=\"padding-right:0.4em; width:1.2em; text-align:right\">\u25cf<\/div>\n<div style=\"flex-grow:100;\">Wprowadzenie, regulamin la\u00adbo\u00adra\u00adto\u00adrium, za\u00adga\u00addnie\u00adnia BHP.<\/div>\n<div>2\u00a0 godz.<\/div>\n<\/div>\n<h5>Seria I (WE-346)<\/h5>\n<div style=\"display:flex; flex-flow:row wrap\">\n<div style=\"padding-right:0.4em; width:1.2em\">1.<\/div>\n<div style=\"flex-grow:100;\">Sprz\u0119\u017cenia mi\u0119dzy uk\u0142a\u00adda\u00admi prze\u00adwo\u00add\u00f3w <span class=\"nr_instrukcji\">(nr in\u00adstruk\u00adcji 1)<\/span><\/div>\n<div>2\u00a0 godz.<\/div>\n<\/div>\n<div style=\"display:flex; flex-flow:row wrap\">\n<div style=\"padding-right:0.4em; width:1.2em\">2.<\/div>\n<div style=\"flex-grow:100;\">Badanie w\u0142a\u015bciwo\u015bci och\u00adron\u00adnych od\u00adgrom\u00adni\u00adk\u00f3w ga\u00adzo\u00adwych <span class=\"nr_instrukcji\">(nr in\u00adstruk\u00adcji 4)<\/span><\/div>\n<div>2\u00a0 godz.<\/div>\n<\/div>\n<div style=\"display:flex; flex-flow:row wrap\">\n<div style=\"padding-right:0.4em; width:1.2em\">3.<\/div>\n<div style=\"flex-grow:100;\">Ocena zagro\u017cenia stwarzanego przez impulsowe pole elektromagnetyczne <span class=\"nr_instrukcji\">(nr instrukcji 10)<\/span><\/div>\n<div>2\u00a0 godz.<\/div>\n<\/div>\n<div style=\"display:flex; flex-flow:row wrap\">\n<div style=\"padding-right:0.4em; width:1.2em\">4.<\/div>\n<div style=\"flex-grow:100;\">Badanie filtr\u00f3w sieciowych <span class=\"nr_instrukcji\">(nr in\u00adstruk\u00adcji 17)<\/span><\/div>\n<div>2\u00a0 godz.<\/div>\n<\/div>\n<h5>Seria II (WE-346)<\/h5>\n<div style=\"display:flex; flex-flow:row wrap\">\n<div style=\"padding-right:0.4em; width:1.2em\">5.<\/div>\n<div style=\"flex-grow:100;\">Wy\u0142adowanie elektrostatyczne <span class=\"nr_instrukcji\">(nr in\u00adstruk\u00adcji 11)<\/span><\/div>\n<div>2\u00a0 godz.<\/div>\n<\/div>\n<div style=\"display:flex; flex-flow:row wrap\">\n<div style=\"padding-right:0.4em; width:1.2em\">6.<\/div>\n<div style=\"flex-grow:100;\">Elementy i uk\u0142ady do ograniczania przepi\u0119\u0107 w instalacji elektrycznej <span class=\"nr_instrukcji\">(nr in\u00adstruk\u00adcji 5)<\/span><\/div>\n<div>2\u00a0 godz.<\/div>\n<\/div>\n<div style=\"display:flex; flex-flow:row wrap\">\n<div style=\"padding-right:0.4em; width:1.2em\">7.<\/div>\n<div style=\"flex-grow:100;\">Zjawiska falowe w liniach d\u0142ugich <span class=\"nr_instrukcji\">(nr instrukcji 13)<\/span><\/div>\n<div>2\u00a0 godz.<\/div>\n<\/div>\n<div style=\"display:flex; flex-flow:row wrap\">\n<div style=\"padding-right:0.4em; width:1.2em\">8.<\/div>\n<div style=\"flex-grow:100;\">Uk\u0142ady ograniczaj\u0105ce przepi\u0119cia w systemach przesy\u0142u sygna\u0142\u00f3w <span class=\"nr_instrukcji\">(nr in\u00adstruk\u00adcji 3)<\/span><\/div>\n<div>2\u00a0 godz.<\/div>\n<\/div>\n<div style=\"display:flex; flex-flow:row wrap; margin-top:1em\">\n<div style=\"padding-right:0.4em; width:1.2em; text-align:right\">\u25cf<\/div>\n<div style=\"flex-grow:100;\">Zaliczenie ko\u0144cowe.<\/div>\n<div>2\u00a0 godz.<\/div>\n<\/div>\n<h3>Literatura<\/h3>\n<ol class=\"compact\">\n<li>Sowa A. W.: <i>Ochrona urz\u0105dze\u0144 oraz system\u00f3w elektronicznych przed nara\u017ceniami piorunowymi;<\/i> Oficyna Wydawnicza Politechniki Bia\u0142ostockiej, Bia\u0142ystok 2011.<\/li>\n<li>Markowska R., Sowa A.: <i>Ochrona odgromowa obiekt\u00f3w budowlanych. Seria: Zeszyty dla elektryk\u00f3w \u2013 nr 6;<\/i> Dom Wydawniczy MEDIUM, Warszawa 2009.<\/li>\n<li>Markowska R., Sowa A.: <i>Ograniczanie przepi\u0119\u0107 w\u00a0instalacjach elektrycznych w\u00a0obiektach budowlanych. Seria: Zeszyty dla elektryk\u00f3w \u2013 nr 9;<\/i> Dom Wydawniczy MEDIUM, Warszawa 2011.<\/li>\n<li>Augustyniak L.: <i>Laboratorium kompatybilno\u015bci elektromagnetycznej;<\/i> Oficyna Wydawnicza Politechniki Bia\u0142ostockiej, Bia\u0142ystok 2010.<\/li>\n<li>Charoy A.: <i>Zak\u0142\u00f3cenia w\u00a0urz\u0105dzeniach elektronicznych: zasady i\u00a0porady instalacyjne;<\/i> tom 1: <i>\u0179r\u00f3d\u0142a, sprz\u0119\u017cenia, skutki;<\/i> tom 2: <i>Uziemienia, masy, oprzewodowanie;<\/i> tom 3: E<i>krany, filtry, kable i\u00a0przewody ekranowane;<\/i> tom 4, <i>Zasilanie, ochrona odgromowa, \u015brodki zaradcze;<\/i> WNT, Warszawa 1999\/2000.<\/li>\n<li>Wi\u0119ckowski T. W.: <i>Badania kompatybilno\u015bci elektromagnetycznej urz\u0105dze\u0144 elektrycznych i\u00a0elektronicznych;<\/i> Oficyna Wydawnicza Politechniki Wroc\u0142awskiej, Wroc\u0142aw 2001.<\/li>\n<li>Sowa A.: <i>Kompleksowa ochrona odgromowa i\u00a0przepi\u0119ciowa;<\/i> Biblioteka COSiW SEP, 2005.<\/li>\n<li>Markowska R., Sowa A.: <i>Ochrona odgromowa obiekt\u00f3w radiokomunikacyjnych;<\/i> Oficyna Wydawnicza Politechniki Bia\u0142ostockiej, Bia\u0142ystok 2013.<\/li>\n<li>Ott H. W.: <i>Electromagnetic compatibility engineering;<\/i> NJ: Wiley, Hoboken 2009.<\/li>\n<li>Williams T.: <i>EMC for systems and installations;<\/i> Newnes, Oxford 2000.<\/li>\n<li>Bem J. D. i\u00a0in.: <i>Impulsowe nara\u017cenia elektromagnetyczne;<\/i> Wydawnictwo Politechniki Wroc\u0142awskiej, Wroc\u0142aw 1994.<\/li>\n<\/ol>\n<h3>Instrukcje do \u0107wicze\u0144 laboratoryjnych<\/h3>\n<p><a href=\"https:\/\/box.biaman.pl\/d\/d4fa0f774ad64481b859\/\">Instrukcje<\/a><\/p>\n","protected":false},"excerpt":{"rendered":"<p>Program szczeg\u00f3\u0142owy \u25cf Wprowadzenie, regulamin la\u00adbo\u00adra\u00adto\u00adrium, za\u00adga\u00addnie\u00adnia BHP. 2\u00a0 godz. Seria I (WE-346) 1. Sprz\u0119\u017cenia<a class=\"read-more\" href=\"https:\/\/we.pb.edu.pl\/kfeits\/dydaktyka\/ochrona-przeciwzakloceniowa-studia-niestacjonarne\/\" title=\"Poka\u017c artyku\u0142 Ochrona Przeciwzak\u0142\u00f3ceniowa (studia niestacjonarne)\">wi\u0119cej<\/a><\/p>\n","protected":false},"author":9,"featured_media":0,"parent":253,"menu_order":0,"comment_status":"closed","ping_status":"closed","template":"","meta":{"inline_featured_image":false,"ngg_post_thumbnail":0,"footnotes":""},"class_list":["post-1546","page","type-page","status-publish","hentry"],"acf":[],"yoast_head":"<!-- This site is optimized with the Yoast SEO plugin v26.4 - https:\/\/yoast.com\/wordpress\/plugins\/seo\/ -->\n<title>Ochrona Przeciwzak\u0142\u00f3ceniowa (studia niestacjonarne) - Katedra Fotoniki, Elektroniki i Techniki \u015awietlnej<\/title>\n<meta name=\"robots\" content=\"index, follow, max-snippet:-1, max-image-preview:large, max-video-preview:-1\" \/>\n<link rel=\"canonical\" href=\"https:\/\/we.pb.edu.pl\/kfeits\/dydaktyka\/ochrona-przeciwzakloceniowa-studia-niestacjonarne\/\" \/>\n<meta property=\"og:locale\" content=\"pl_PL\" \/>\n<meta property=\"og:type\" content=\"article\" \/>\n<meta property=\"og:title\" content=\"Ochrona Przeciwzak\u0142\u00f3ceniowa (studia niestacjonarne) - Katedra Fotoniki, Elektroniki i Techniki \u015awietlnej\" \/>\n<meta property=\"og:description\" content=\"Program szczeg\u00f3\u0142owy \u25cf Wprowadzenie, regulamin la\u00adbo\u00adra\u00adto\u00adrium, za\u00adga\u00addnie\u00adnia BHP. 2\u00a0 godz. Seria I (WE-346) 1. Sprz\u0119\u017ceniawi\u0119cej\" \/>\n<meta property=\"og:url\" content=\"https:\/\/we.pb.edu.pl\/kfeits\/dydaktyka\/ochrona-przeciwzakloceniowa-studia-niestacjonarne\/\" \/>\n<meta property=\"og:site_name\" content=\"Katedra Fotoniki, Elektroniki i Techniki \u015awietlnej\" \/>\n<meta property=\"article:modified_time\" content=\"2020-02-24T12:14:01+00:00\" \/>\n<meta name=\"twitter:card\" content=\"summary_large_image\" \/>\n<meta name=\"twitter:label1\" content=\"Szacowany czas czytania\" \/>\n\t<meta name=\"twitter:data1\" content=\"2 minuty\" \/>\n<script type=\"application\/ld+json\" class=\"yoast-schema-graph\">{\"@context\":\"https:\/\/schema.org\",\"@graph\":[{\"@type\":\"WebPage\",\"@id\":\"https:\/\/we.pb.edu.pl\/kfeits\/dydaktyka\/ochrona-przeciwzakloceniowa-studia-niestacjonarne\/\",\"url\":\"https:\/\/we.pb.edu.pl\/kfeits\/dydaktyka\/ochrona-przeciwzakloceniowa-studia-niestacjonarne\/\",\"name\":\"Ochrona Przeciwzak\u0142\u00f3ceniowa (studia niestacjonarne) - Katedra Fotoniki, Elektroniki i Techniki \u015awietlnej\",\"isPartOf\":{\"@id\":\"https:\/\/we.pb.edu.pl\/kfeits\/#website\"},\"datePublished\":\"2020-02-24T12:02:26+00:00\",\"dateModified\":\"2020-02-24T12:14:01+00:00\",\"breadcrumb\":{\"@id\":\"https:\/\/we.pb.edu.pl\/kfeits\/dydaktyka\/ochrona-przeciwzakloceniowa-studia-niestacjonarne\/#breadcrumb\"},\"inLanguage\":\"pl-PL\",\"potentialAction\":[{\"@type\":\"ReadAction\",\"target\":[\"https:\/\/we.pb.edu.pl\/kfeits\/dydaktyka\/ochrona-przeciwzakloceniowa-studia-niestacjonarne\/\"]}]},{\"@type\":\"BreadcrumbList\",\"@id\":\"https:\/\/we.pb.edu.pl\/kfeits\/dydaktyka\/ochrona-przeciwzakloceniowa-studia-niestacjonarne\/#breadcrumb\",\"itemListElement\":[{\"@type\":\"ListItem\",\"position\":1,\"name\":\"Strona g\u0142\u00f3wna\",\"item\":\"https:\/\/we.pb.edu.pl\/kfeits\/\"},{\"@type\":\"ListItem\",\"position\":2,\"name\":\"Dydaktyka\",\"item\":\"https:\/\/we.pb.edu.pl\/kfeits\/dydaktyka\/\"},{\"@type\":\"ListItem\",\"position\":3,\"name\":\"Ochrona Przeciwzak\u0142\u00f3ceniowa (studia niestacjonarne)\"}]},{\"@type\":\"WebSite\",\"@id\":\"https:\/\/we.pb.edu.pl\/kfeits\/#website\",\"url\":\"https:\/\/we.pb.edu.pl\/kfeits\/\",\"name\":\"Katedra Fotoniki, Elektroniki i Techniki \u015awietlnej\",\"description\":\"\",\"potentialAction\":[{\"@type\":\"SearchAction\",\"target\":{\"@type\":\"EntryPoint\",\"urlTemplate\":\"https:\/\/we.pb.edu.pl\/kfeits\/?s={search_term_string}\"},\"query-input\":{\"@type\":\"PropertyValueSpecification\",\"valueRequired\":true,\"valueName\":\"search_term_string\"}}],\"inLanguage\":\"pl-PL\"}]}<\/script>\n<!-- \/ Yoast SEO plugin. -->","yoast_head_json":{"title":"Ochrona Przeciwzak\u0142\u00f3ceniowa (studia niestacjonarne) - Katedra Fotoniki, Elektroniki i Techniki \u015awietlnej","robots":{"index":"index","follow":"follow","max-snippet":"max-snippet:-1","max-image-preview":"max-image-preview:large","max-video-preview":"max-video-preview:-1"},"canonical":"https:\/\/we.pb.edu.pl\/kfeits\/dydaktyka\/ochrona-przeciwzakloceniowa-studia-niestacjonarne\/","og_locale":"pl_PL","og_type":"article","og_title":"Ochrona Przeciwzak\u0142\u00f3ceniowa (studia niestacjonarne) - Katedra Fotoniki, Elektroniki i Techniki \u015awietlnej","og_description":"Program szczeg\u00f3\u0142owy \u25cf Wprowadzenie, regulamin la\u00adbo\u00adra\u00adto\u00adrium, za\u00adga\u00addnie\u00adnia BHP. 2\u00a0 godz. Seria I (WE-346) 1. Sprz\u0119\u017ceniawi\u0119cej","og_url":"https:\/\/we.pb.edu.pl\/kfeits\/dydaktyka\/ochrona-przeciwzakloceniowa-studia-niestacjonarne\/","og_site_name":"Katedra Fotoniki, Elektroniki i Techniki \u015awietlnej","article_modified_time":"2020-02-24T12:14:01+00:00","twitter_card":"summary_large_image","twitter_misc":{"Szacowany czas czytania":"2 minuty"},"schema":{"@context":"https:\/\/schema.org","@graph":[{"@type":"WebPage","@id":"https:\/\/we.pb.edu.pl\/kfeits\/dydaktyka\/ochrona-przeciwzakloceniowa-studia-niestacjonarne\/","url":"https:\/\/we.pb.edu.pl\/kfeits\/dydaktyka\/ochrona-przeciwzakloceniowa-studia-niestacjonarne\/","name":"Ochrona Przeciwzak\u0142\u00f3ceniowa (studia niestacjonarne) - Katedra Fotoniki, Elektroniki i Techniki \u015awietlnej","isPartOf":{"@id":"https:\/\/we.pb.edu.pl\/kfeits\/#website"},"datePublished":"2020-02-24T12:02:26+00:00","dateModified":"2020-02-24T12:14:01+00:00","breadcrumb":{"@id":"https:\/\/we.pb.edu.pl\/kfeits\/dydaktyka\/ochrona-przeciwzakloceniowa-studia-niestacjonarne\/#breadcrumb"},"inLanguage":"pl-PL","potentialAction":[{"@type":"ReadAction","target":["https:\/\/we.pb.edu.pl\/kfeits\/dydaktyka\/ochrona-przeciwzakloceniowa-studia-niestacjonarne\/"]}]},{"@type":"BreadcrumbList","@id":"https:\/\/we.pb.edu.pl\/kfeits\/dydaktyka\/ochrona-przeciwzakloceniowa-studia-niestacjonarne\/#breadcrumb","itemListElement":[{"@type":"ListItem","position":1,"name":"Strona g\u0142\u00f3wna","item":"https:\/\/we.pb.edu.pl\/kfeits\/"},{"@type":"ListItem","position":2,"name":"Dydaktyka","item":"https:\/\/we.pb.edu.pl\/kfeits\/dydaktyka\/"},{"@type":"ListItem","position":3,"name":"Ochrona Przeciwzak\u0142\u00f3ceniowa (studia niestacjonarne)"}]},{"@type":"WebSite","@id":"https:\/\/we.pb.edu.pl\/kfeits\/#website","url":"https:\/\/we.pb.edu.pl\/kfeits\/","name":"Katedra Fotoniki, Elektroniki i Techniki \u015awietlnej","description":"","potentialAction":[{"@type":"SearchAction","target":{"@type":"EntryPoint","urlTemplate":"https:\/\/we.pb.edu.pl\/kfeits\/?s={search_term_string}"},"query-input":{"@type":"PropertyValueSpecification","valueRequired":true,"valueName":"search_term_string"}}],"inLanguage":"pl-PL"}]}},"_links":{"self":[{"href":"https:\/\/we.pb.edu.pl\/kfeits\/wp-json\/wp\/v2\/pages\/1546","targetHints":{"allow":["GET"]}}],"collection":[{"href":"https:\/\/we.pb.edu.pl\/kfeits\/wp-json\/wp\/v2\/pages"}],"about":[{"href":"https:\/\/we.pb.edu.pl\/kfeits\/wp-json\/wp\/v2\/types\/page"}],"author":[{"embeddable":true,"href":"https:\/\/we.pb.edu.pl\/kfeits\/wp-json\/wp\/v2\/users\/9"}],"replies":[{"embeddable":true,"href":"https:\/\/we.pb.edu.pl\/kfeits\/wp-json\/wp\/v2\/comments?post=1546"}],"version-history":[{"count":5,"href":"https:\/\/we.pb.edu.pl\/kfeits\/wp-json\/wp\/v2\/pages\/1546\/revisions"}],"predecessor-version":[{"id":1555,"href":"https:\/\/we.pb.edu.pl\/kfeits\/wp-json\/wp\/v2\/pages\/1546\/revisions\/1555"}],"up":[{"embeddable":true,"href":"https:\/\/we.pb.edu.pl\/kfeits\/wp-json\/wp\/v2\/pages\/253"}],"wp:attachment":[{"href":"https:\/\/we.pb.edu.pl\/kfeits\/wp-json\/wp\/v2\/media?parent=1546"}],"curies":[{"name":"wp","href":"https:\/\/api.w.org\/{rel}","templated":true}]}}