{"id":1465,"date":"2020-01-24T10:41:06","date_gmt":"2020-01-24T09:41:06","guid":{"rendered":"https:\/\/we.pb.edu.pl\/ktiae\/?page_id=1465"},"modified":"2020-01-24T10:41:06","modified_gmt":"2020-01-24T09:41:06","slug":"kompatybilnosc-elektromagnetyczna-studia-stacjonarne","status":"publish","type":"page","link":"https:\/\/we.pb.edu.pl\/kfeits\/dydaktyka\/kompatybilnosc-elektromagnetyczna-studia-stacjonarne\/","title":{"rendered":"Kompatybilno\u015b\u0107 Elektromagnetyczna (studia stacjonarne)"},"content":{"rendered":"<h3><span class=\"label label-primary\">laboratorium<\/span><\/h3>\n<span class=\"label label-default\">TS2E200011 \u2013 Elektronika i Telekomunikacja, studia drugiego stopnia, stacjonarne, o profilu og\u00f3lnoakademickim, semestr 2, 30 godzin<\/span>\n<p style=\"text-align:center; margin:1.5em 0em\">Forma zaliczenia: test wst\u0119pny, ocena sprawozda\u0144 studenckich, obserwacja pracy student\u00f3w za zaj\u0119ciach<\/p>\n<ul>\n<li>Wpro\u00adwa\u00addze\u00adnie, re\u00adgu\u00adla\u00admin la\u00adbo\u00adra\u00adto\u00adrium, za\u00adga\u00addnie\u00adnia BHP \u2013 3&nbsp;godz.<\/li>\n<\/ul>\n<h5>Seria I (IET-1\/30)<\/h5>\n<ol>\n<li>Ge\u00adne\u00adra\u00adto\u00adry uda\u00adro\u00adwe, cz\u0119\u015b\u0107 1 <span class=\"nr_instrukcji\">(nr in\u00adstruk\u00adcji 7)<\/span> \u2013 3&nbsp;godz.<\/li>\n<li>Ge\u00adne\u00adra\u00adto\u00adry uda\u00adro\u00adwe, cz\u0119\u015b\u0107 2: ba\u00adda\u00adnia od\u00adpor\u00adno\u00ad\u015bci uda\u00adro\u00adwej urz\u0105\u00addze\u0144 <span class=\"nr_instrukcji\">(nr in\u00adstruk\u00adcji 8)<\/span> \u2013 3&nbsp;godz.<\/li>\n<li>Ba\u00adda\u00adnie t\u0142umienia r\u00f3\u017c\u00adne\u00adgo ro\u00addza\u00adju ekra\u00adn\u00f3w <span class=\"nr_instrukcji\">(nr in\u00adstruk\u00adcji 9)<\/span> \u2013 3&nbsp;godz.<\/li>\n<li>Zja\u00adwi\u00adska fa\u00adlo\u00adwe w&nbsp;li\u00adniach d\u0142u\u00adgich <span class=\"nr_instrukcji\">(nr in\u00adstruk\u00adcji 13)<\/span> \u2013 3&nbsp;godz.<\/li>\n<\/ol>\n<h5>Seria II (WE-346)<\/h5>\n<ol start=\"5\">\n<li>Sprz\u0119\u00ad\u017ce\u00adnia mi\u0119\u00addzy uk\u0142a\u00adda\u00admi prze\u00adwo\u00add\u00f3w <span class=\"nr_instrukcji\">(nr in\u00adstruk\u00adcji 1)<\/span> \u2013 3&nbsp;godz.<\/li>\n<li>Wy\u00ad\u0142a\u00addo\u00adwa\u00adnie elek\u00adtro\u00adsta\u00adtycz\u00adne <span class=\"nr_instrukcji\">(nr in\u00adstruk\u00adcji 11)<\/span> \u2013 3&nbsp;godz.<\/li>\n<li>Kom\u00adpa\u00adty\u00adbil\u00adno\u015b\u0107 elek\u00adtro\u00adma\u00adgne\u00adtycz\u00adna od\u00adbior\u00adni\u00adk\u00f3w te\u00adle\u00adwi\u00adzyj\u00adnych <span class=\"nr_instrukcji\">(nr in\u00adstruk\u00adcji 15)<\/span> \u2013 3&nbsp;godz.<\/li>\n<li>Po\u00admiar pro\u00admie\u00adnio\u00adwa\u00adnych i prze\u00adwo\u00addzo\u00adnych za\u00adbu\u00adrze\u0144 elek\u00adtro\u00adma\u00adgne\u00adtycz\u00adnych <span class=\"nr_instrukcji\">(nr in\u00adstruk\u00adcji 12)<\/span> \u2013 3&nbsp;godz.<\/li>\n<\/ol>\n<ul>\n<li>Za\u00adli\u00adcze\u00adnie ko\u0144\u00adco\u00adwe \u2013 3&nbsp;godz.<\/li>\n<\/ul>\n<h3>Literatura<\/h3>\n<ol>\n<li>Wi\u0119c\u00adkow\u00adski T. W.: <i>Ba\u00adda\u00adnia kom\u00adpa\u00adty\u00adbil\u00adno\u00ad\u015bci elek\u00adtro\u00adma\u00adgne\u00adtycz\u00adnej urz\u0105\u00addze\u0144 elek\u00adtrycz\u00adnych i elek\u00adtro\u00adnicz\u00adnych;<\/i> Ofi\u00adcy\u00adna Wy\u00addaw\u00adni\u00adcza Po\u00adli\u00adtech\u00adni\u00adki Wro\u00adc\u0142aw\u00adskiej, Wro\u00adc\u0142aw 2001.<\/li>\n<li>Mach\u00adczy\u0144\u00adski W.: <i>Wpro\u00adwa\u00addze\u00adnie do kom\u00adpa\u00adty\u00adbil\u00adno\u00ad\u015bci elek\u00adtro\u00adma\u00adgne\u00adtycz\u00adnej;<\/i> Wy\u00addaw\u00adnic\u00adtwo Po\u00adli\u00adtech\u00adni\u00adki Po\u00adzna\u0144\u00adskiej, Po\u00adzna\u0144 2010.<\/li>\n<li>Au\u00adgu\u00adsty\u00adniak L.: <i>La\u00adbo\u00adra\u00adto\u00adrium kom\u00adpa\u00adty\u00adbil\u00adno\u015b\u00adci elek\u00adtro\u00admag\u00adne\u00adtycz\u00adnej;<\/i> Ofi\u00adcy\u00adna Wy\u00addaw\u00adni\u00adcza Po\u00adli\u00adtech\u00adni\u00adki Bia\u00ad\u0142o\u00adstoc\u00adkiej, Bia\u00ad\u0142y\u00adstok 2010.<\/li>\n<li>Ru\u00adszel P.: <i>Kom\u00adpa\u00adty\u00adbil\u00adno\u015b\u0107 elek\u00adtro\u00adma\u00adgne\u00adtycz\u00adna elek\u00adtro\u00adnicz\u00adnych urz\u0105\u00addze\u0144 po\u00admia\u00adro\u00adwych;<\/i> Ofi\u00adcy\u00adna Wy\u00addaw\u00adni\u00adcza Po\u00adli\u00adtech\u00adni\u00adki Wro\u00adc\u0142aw\u00adskiej, Wro\u00adc\u0142aw 2008.<\/li>\n<li>Brejwo W.: <i>Wybrane zagadnienia kompatybilno\u015bci elektromagnetycznej;<\/i> Wojskowa Akademia Techniczna, Warszawa 2009.<\/li>\n<li>Ott H. W.: <i>Elec\u00adtro\u00admag\u00adnetic com\u00adpat\u00adi\u00adbil\u00adity en\u00adgi\u00adneer\u00ading;<\/i> Wiley, Hobo\u00adken 2009.<\/li>\n<li>Williams T.: <i>EMC for sys\u00adtems and in\u00adstal\u00adla\u00adtions;<\/i> Newnes, Ox\u00adford 2000.<\/li>\n<li>Williams T.: <i>EMC for prod\u00aduct de\u00adsign\u00aders (meet\u00ading the Eu\u00adro\u00adpean EMC di\u00adrec\u00adtive);<\/i> Newnes, Ox\u00adford 2000.<\/li>\n<li>Ko\u00addali V. P.: <i>En\u00adgi\u00adneer\u00ading elec\u00adtro\u00admag\u00adnetic com\u00adpat\u00adi\u00adbil\u00adity: prin\u00adci\u00adples, mea\u00adsure\u00adments, tech\u00adnolo\u00adgies and com\u00adputer mod\u00adels<\/i>, The In\u00adsti\u00adtute of Elec\u00adtri\u00adcal and Elec\u00adtron\u00adics En\u00adgi\u00adneers, New York 2000.<\/li>\n<li>Mazurek P. A.: <i>Laboratorium podstaw kompatybilno\u015bci elektromagnetycznej;<\/i> Politechnika Lubelska, Lublin 2010.<\/li>\n<li>Sroka J.: <i>Nie\u00adpew\u00adno\u015b\u0107 po\u00admia\u00adro\u00adwa w ba\u00adda\u00adniach EMC: po\u00admia\u00adry emi\u00adsyj\u00adno\u00ad\u015bci ra\u00addio\u00adelek\u00adtrycz\u00adnej;<\/i> Ofi\u00adcy\u00adna Wy\u00addaw\u00adni\u00adcza Po\u00adli\u00adtech\u00adni\u00adki War\u00adszaw\u00adskiej, War\u00adsza\u00adwa 2009.<\/li>\n<li><i>Kompatybilno\u015b\u0107 elektromagnetyczna (EMC) \u2013 metody bada\u0144 i\u00a0pomiar\u00f3w \u2013 badania odporno\u015bci na zapady napi\u0119cia, kr\u00f3tkie przerwy i\u00a0zmiany napi\u0119cia. PN-EN 61000-4-11;<\/i> Wydawnictwo Normalizacyjne ALFA-WERO, Warszawa, 1996.<\/li>\n<li><i>Kompatybilno\u015b\u0107 elektromagnetyczna (EMC) \u2013 dopuszczalne poziomy i\u00a0metody pomiar\u00f3w zaburze\u0144 elektromagnetycznych odbiornik\u00f3w radiofonicznych i\u00a0telewizyjnych, oraz ich urz\u0105dze\u0144 dodatkowych. PN-EN 55013+A#;<\/i> Wydawnictwo Normalizacyjne ALFA-WERO, Warszawa, 1997.<\/li>\n<\/ol>\n<h3>Instrukcje do \u0107wicze\u0144 laboratoryjnych<\/h3>\n<p><a href=\"https:\/\/box.biaman.pl\/d\/436014cf22d6422ba312\/\">Instrukcje<\/a><\/p>\n","protected":false},"excerpt":{"rendered":"<p>Forma zaliczenia: test wst\u0119pny, ocena sprawozda\u0144 studenckich, obserwacja pracy student\u00f3w za zaj\u0119ciach Wpro\u00adwa\u00addze\u00adnie, re\u00adgu\u00adla\u00admin la\u00adbo\u00adra\u00adto\u00adrium,<a class=\"read-more\" href=\"https:\/\/we.pb.edu.pl\/kfeits\/dydaktyka\/kompatybilnosc-elektromagnetyczna-studia-stacjonarne\/\" title=\"Poka\u017c artyku\u0142 Kompatybilno\u015b\u0107 Elektromagnetyczna (studia stacjonarne)\">wi\u0119cej<\/a><\/p>\n","protected":false},"author":9,"featured_media":0,"parent":253,"menu_order":0,"comment_status":"closed","ping_status":"closed","template":"","meta":{"inline_featured_image":false,"ngg_post_thumbnail":0,"footnotes":""},"class_list":["post-1465","page","type-page","status-publish","hentry"],"acf":[],"yoast_head":"<!-- This site is optimized with the Yoast SEO plugin v26.4 - https:\/\/yoast.com\/wordpress\/plugins\/seo\/ -->\n<title>Kompatybilno\u015b\u0107 Elektromagnetyczna (studia stacjonarne) - Katedra Fotoniki, Elektroniki i Techniki \u015awietlnej<\/title>\n<meta name=\"robots\" content=\"index, follow, max-snippet:-1, max-image-preview:large, max-video-preview:-1\" \/>\n<link rel=\"canonical\" href=\"https:\/\/we.pb.edu.pl\/kfeits\/dydaktyka\/kompatybilnosc-elektromagnetyczna-studia-stacjonarne\/\" \/>\n<meta property=\"og:locale\" content=\"pl_PL\" \/>\n<meta property=\"og:type\" content=\"article\" \/>\n<meta property=\"og:title\" content=\"Kompatybilno\u015b\u0107 Elektromagnetyczna (studia stacjonarne) - Katedra Fotoniki, Elektroniki i Techniki \u015awietlnej\" \/>\n<meta property=\"og:description\" content=\"Forma zaliczenia: test wst\u0119pny, ocena sprawozda\u0144 studenckich, obserwacja pracy student\u00f3w za zaj\u0119ciach Wpro\u00adwa\u00addze\u00adnie, re\u00adgu\u00adla\u00admin la\u00adbo\u00adra\u00adto\u00adrium,wi\u0119cej\" \/>\n<meta property=\"og:url\" content=\"https:\/\/we.pb.edu.pl\/kfeits\/dydaktyka\/kompatybilnosc-elektromagnetyczna-studia-stacjonarne\/\" \/>\n<meta property=\"og:site_name\" content=\"Katedra Fotoniki, Elektroniki i Techniki \u015awietlnej\" \/>\n<meta name=\"twitter:card\" content=\"summary_large_image\" \/>\n<meta name=\"twitter:label1\" content=\"Szacowany czas czytania\" \/>\n\t<meta name=\"twitter:data1\" content=\"3 minuty\" \/>\n<script type=\"application\/ld+json\" class=\"yoast-schema-graph\">{\"@context\":\"https:\/\/schema.org\",\"@graph\":[{\"@type\":\"WebPage\",\"@id\":\"https:\/\/we.pb.edu.pl\/kfeits\/dydaktyka\/kompatybilnosc-elektromagnetyczna-studia-stacjonarne\/\",\"url\":\"https:\/\/we.pb.edu.pl\/kfeits\/dydaktyka\/kompatybilnosc-elektromagnetyczna-studia-stacjonarne\/\",\"name\":\"Kompatybilno\u015b\u0107 Elektromagnetyczna (studia stacjonarne) - Katedra Fotoniki, Elektroniki i Techniki \u015awietlnej\",\"isPartOf\":{\"@id\":\"https:\/\/we.pb.edu.pl\/kfeits\/#website\"},\"datePublished\":\"2020-01-24T09:41:06+00:00\",\"breadcrumb\":{\"@id\":\"https:\/\/we.pb.edu.pl\/kfeits\/dydaktyka\/kompatybilnosc-elektromagnetyczna-studia-stacjonarne\/#breadcrumb\"},\"inLanguage\":\"pl-PL\",\"potentialAction\":[{\"@type\":\"ReadAction\",\"target\":[\"https:\/\/we.pb.edu.pl\/kfeits\/dydaktyka\/kompatybilnosc-elektromagnetyczna-studia-stacjonarne\/\"]}]},{\"@type\":\"BreadcrumbList\",\"@id\":\"https:\/\/we.pb.edu.pl\/kfeits\/dydaktyka\/kompatybilnosc-elektromagnetyczna-studia-stacjonarne\/#breadcrumb\",\"itemListElement\":[{\"@type\":\"ListItem\",\"position\":1,\"name\":\"Strona g\u0142\u00f3wna\",\"item\":\"https:\/\/we.pb.edu.pl\/kfeits\/\"},{\"@type\":\"ListItem\",\"position\":2,\"name\":\"Dydaktyka\",\"item\":\"https:\/\/we.pb.edu.pl\/kfeits\/dydaktyka\/\"},{\"@type\":\"ListItem\",\"position\":3,\"name\":\"Kompatybilno\u015b\u0107 Elektromagnetyczna (studia stacjonarne)\"}]},{\"@type\":\"WebSite\",\"@id\":\"https:\/\/we.pb.edu.pl\/kfeits\/#website\",\"url\":\"https:\/\/we.pb.edu.pl\/kfeits\/\",\"name\":\"Katedra Fotoniki, Elektroniki i Techniki \u015awietlnej\",\"description\":\"\",\"potentialAction\":[{\"@type\":\"SearchAction\",\"target\":{\"@type\":\"EntryPoint\",\"urlTemplate\":\"https:\/\/we.pb.edu.pl\/kfeits\/?s={search_term_string}\"},\"query-input\":{\"@type\":\"PropertyValueSpecification\",\"valueRequired\":true,\"valueName\":\"search_term_string\"}}],\"inLanguage\":\"pl-PL\"}]}<\/script>\n<!-- \/ Yoast SEO plugin. -->","yoast_head_json":{"title":"Kompatybilno\u015b\u0107 Elektromagnetyczna (studia stacjonarne) - Katedra Fotoniki, Elektroniki i Techniki \u015awietlnej","robots":{"index":"index","follow":"follow","max-snippet":"max-snippet:-1","max-image-preview":"max-image-preview:large","max-video-preview":"max-video-preview:-1"},"canonical":"https:\/\/we.pb.edu.pl\/kfeits\/dydaktyka\/kompatybilnosc-elektromagnetyczna-studia-stacjonarne\/","og_locale":"pl_PL","og_type":"article","og_title":"Kompatybilno\u015b\u0107 Elektromagnetyczna (studia stacjonarne) - Katedra Fotoniki, Elektroniki i Techniki \u015awietlnej","og_description":"Forma zaliczenia: test wst\u0119pny, ocena sprawozda\u0144 studenckich, obserwacja pracy student\u00f3w za zaj\u0119ciach Wpro\u00adwa\u00addze\u00adnie, re\u00adgu\u00adla\u00admin la\u00adbo\u00adra\u00adto\u00adrium,wi\u0119cej","og_url":"https:\/\/we.pb.edu.pl\/kfeits\/dydaktyka\/kompatybilnosc-elektromagnetyczna-studia-stacjonarne\/","og_site_name":"Katedra Fotoniki, Elektroniki i Techniki \u015awietlnej","twitter_card":"summary_large_image","twitter_misc":{"Szacowany czas czytania":"3 minuty"},"schema":{"@context":"https:\/\/schema.org","@graph":[{"@type":"WebPage","@id":"https:\/\/we.pb.edu.pl\/kfeits\/dydaktyka\/kompatybilnosc-elektromagnetyczna-studia-stacjonarne\/","url":"https:\/\/we.pb.edu.pl\/kfeits\/dydaktyka\/kompatybilnosc-elektromagnetyczna-studia-stacjonarne\/","name":"Kompatybilno\u015b\u0107 Elektromagnetyczna (studia stacjonarne) - Katedra Fotoniki, Elektroniki i Techniki \u015awietlnej","isPartOf":{"@id":"https:\/\/we.pb.edu.pl\/kfeits\/#website"},"datePublished":"2020-01-24T09:41:06+00:00","breadcrumb":{"@id":"https:\/\/we.pb.edu.pl\/kfeits\/dydaktyka\/kompatybilnosc-elektromagnetyczna-studia-stacjonarne\/#breadcrumb"},"inLanguage":"pl-PL","potentialAction":[{"@type":"ReadAction","target":["https:\/\/we.pb.edu.pl\/kfeits\/dydaktyka\/kompatybilnosc-elektromagnetyczna-studia-stacjonarne\/"]}]},{"@type":"BreadcrumbList","@id":"https:\/\/we.pb.edu.pl\/kfeits\/dydaktyka\/kompatybilnosc-elektromagnetyczna-studia-stacjonarne\/#breadcrumb","itemListElement":[{"@type":"ListItem","position":1,"name":"Strona g\u0142\u00f3wna","item":"https:\/\/we.pb.edu.pl\/kfeits\/"},{"@type":"ListItem","position":2,"name":"Dydaktyka","item":"https:\/\/we.pb.edu.pl\/kfeits\/dydaktyka\/"},{"@type":"ListItem","position":3,"name":"Kompatybilno\u015b\u0107 Elektromagnetyczna (studia stacjonarne)"}]},{"@type":"WebSite","@id":"https:\/\/we.pb.edu.pl\/kfeits\/#website","url":"https:\/\/we.pb.edu.pl\/kfeits\/","name":"Katedra Fotoniki, Elektroniki i Techniki \u015awietlnej","description":"","potentialAction":[{"@type":"SearchAction","target":{"@type":"EntryPoint","urlTemplate":"https:\/\/we.pb.edu.pl\/kfeits\/?s={search_term_string}"},"query-input":{"@type":"PropertyValueSpecification","valueRequired":true,"valueName":"search_term_string"}}],"inLanguage":"pl-PL"}]}},"_links":{"self":[{"href":"https:\/\/we.pb.edu.pl\/kfeits\/wp-json\/wp\/v2\/pages\/1465","targetHints":{"allow":["GET"]}}],"collection":[{"href":"https:\/\/we.pb.edu.pl\/kfeits\/wp-json\/wp\/v2\/pages"}],"about":[{"href":"https:\/\/we.pb.edu.pl\/kfeits\/wp-json\/wp\/v2\/types\/page"}],"author":[{"embeddable":true,"href":"https:\/\/we.pb.edu.pl\/kfeits\/wp-json\/wp\/v2\/users\/9"}],"replies":[{"embeddable":true,"href":"https:\/\/we.pb.edu.pl\/kfeits\/wp-json\/wp\/v2\/comments?post=1465"}],"version-history":[{"count":13,"href":"https:\/\/we.pb.edu.pl\/kfeits\/wp-json\/wp\/v2\/pages\/1465\/revisions"}],"predecessor-version":[{"id":1478,"href":"https:\/\/we.pb.edu.pl\/kfeits\/wp-json\/wp\/v2\/pages\/1465\/revisions\/1478"}],"up":[{"embeddable":true,"href":"https:\/\/we.pb.edu.pl\/kfeits\/wp-json\/wp\/v2\/pages\/253"}],"wp:attachment":[{"href":"https:\/\/we.pb.edu.pl\/kfeits\/wp-json\/wp\/v2\/media?parent=1465"}],"curies":[{"name":"wp","href":"https:\/\/api.w.org\/{rel}","templated":true}]}}