{"id":1420,"date":"2019-12-17T21:13:58","date_gmt":"2019-12-17T20:13:58","guid":{"rendered":"https:\/\/we.pb.edu.pl\/ktiae\/?page_id=1420"},"modified":"2023-09-27T19:50:55","modified_gmt":"2023-09-27T17:50:55","slug":"radio-programowalne","status":"publish","type":"page","link":"https:\/\/we.pb.edu.pl\/kfeits\/krzysztof-konopko\/eit2s\/radio-programowalne\/","title":{"rendered":"Radio programowalne"},"content":{"rendered":"<p><strong>ul. Zwierzyniecka 10, 15-351 Bia\u0142ystok, s. CBD-32<\/strong><\/p>\n<p>prowadz\u0105cy: <a href=\"\/kfeits\/krzysztof-konopko\/\">Krzysztof Konopko<\/a><\/p>\n<hr \/>\n<p><strong>Prezentacje z wyk\u0142adu:<\/strong><\/p>\n<ul>\n<li><a href=\"https:\/\/box.biaman.pl\/f\/eb951ae821e741fdb18b\/?raw=1&amp;ext=.pdf\">Wiadomo\u015bci wst\u0119pne.<\/a><\/li>\n<li><a href=\"https:\/\/box.biaman.pl\/f\/431ee7fe5a384582b9d4\/?raw=1&amp;ext=.pdf\">Wprowadzenie, architektura sprz\u0119towa i programowa.<\/a><\/li>\n<li><a href=\"https:\/\/box.biaman.pl\/f\/bbdabadfa6e547db8302\/?raw=1&amp;ext=.pdf\">Wprowadzenie do cyfrowych system\u00f3w telekomunikacyjnych.<\/a><\/li>\n<li><a href=\"https:\/\/box.biaman.pl\/f\/5ce4e8525b3842c38304\/?raw=1&amp;ext=.pdf\">Transmisja danych w systemach MPSK i OFDM.<\/a><\/li>\n<li><a href=\"https:\/\/box.biaman.pl\/f\/05bd86ce06034f9eb655\/?raw=1&amp;ext=.pdf\">Aplikacyjne zastosowania SDR.<\/a><\/li>\n<\/ul>\n<hr \/>\n<p><strong>Instrukcje do<\/strong> <strong>pracowni:<\/strong><\/p>\n<ul>\n<li><a href=\"https:\/\/box.biaman.pl\/f\/4596b2b208ee4b8a9a2e\/?raw=1&amp;ext=.pdf\">GNU Radio.<\/a><\/li>\n<li><a href=\"https:\/\/box.biaman.pl\/f\/c924cf9342ee4d6b899b\/?raw=1&amp;ext=.pdf\">Nadajnik.<\/a><\/li>\n<li><a href=\"https:\/\/box.biaman.pl\/f\/ff999350a9c84d1fb8ed\/?raw=1&amp;ext=.pdf\">MPSK.<\/a><\/li>\n<li><a href=\"https:\/\/box.biaman.pl\/f\/e2788882e65e472d85e3\/?raw=1&amp;ext=.pdf\">OFDM<\/a>,\u00a0 <a href=\"https:\/\/box.biaman.pl\/f\/bcff918df3e54b83b5a9\/?dl=1\">ofdm_nadajnik,<\/a>\u00a0<a href=\"https:\/\/box.biaman.pl\/f\/f989f1688a9a4d6b843c\/?dl=1\"> OFDM.<\/a><\/li>\n<li><a href=\"https:\/\/box.biaman.pl\/f\/060895b8b66e42fc9b24\/?raw=1&amp;ext=.pdf\">Radio DAB.<\/a><\/li>\n<\/ul>\n<hr \/>\n<p><strong>Literatura:<\/strong><\/p>\n<ul>\n<li>Travis F. Collins, Robin Getz Di Pu, Alexander M. Wyglinski, <em>Software-Defined Radio for Engineers<\/em>, Artech House, Warszawa 2018.<\/li>\n<li>Hanna Bogucka, <em>Technologie radia kognitywnego<\/em>, Wydawnictwo Naukowe PWN, 2013.<\/li>\n<li>Richard G. Layons, <em>Wprowadzenie do cyfrowego przetwarzania sygna\u0142\u00f3w<\/em>, Wydawnictwa Komunikacji i \u0141\u0105czno\u015bci, Warszawa 1999<\/li>\n<li>B. P. Lathi, Z. Ding, <em>Modern Digital and Analog Communication Systems<\/em>, Oxford University Press, 2009<\/li>\n<li><a href=\"https:\/\/www.gnuradio.org\/\">https:\/\/www.gnuradio.org\/<\/a><\/li>\n<\/ul>\n","protected":false},"excerpt":{"rendered":"<p>ul. Zwierzyniecka 10, 15-351 Bia\u0142ystok, s. CBD-32 prowadz\u0105cy: Krzysztof Konopko Prezentacje z wyk\u0142adu: Wiadomo\u015bci wst\u0119pne.<a class=\"read-more\" href=\"https:\/\/we.pb.edu.pl\/kfeits\/krzysztof-konopko\/eit2s\/radio-programowalne\/\" title=\"Poka\u017c artyku\u0142 Radio programowalne\">wi\u0119cej<\/a><\/p>\n","protected":false},"author":20,"featured_media":0,"parent":4399,"menu_order":0,"comment_status":"closed","ping_status":"closed","template":"","meta":{"inline_featured_image":false,"ngg_post_thumbnail":0,"footnotes":""},"class_list":["post-1420","page","type-page","status-publish","hentry"],"acf":[],"yoast_head":"<!-- This site is optimized with the Yoast SEO plugin v26.4 - https:\/\/yoast.com\/wordpress\/plugins\/seo\/ -->\n<title>Radio programowalne - Katedra Fotoniki, Elektroniki i Techniki \u015awietlnej<\/title>\n<meta name=\"robots\" content=\"index, follow, max-snippet:-1, max-image-preview:large, max-video-preview:-1\" \/>\n<link rel=\"canonical\" href=\"https:\/\/we.pb.edu.pl\/kfeits\/krzysztof-konopko\/eit2s\/radio-programowalne\/\" \/>\n<meta property=\"og:locale\" content=\"pl_PL\" \/>\n<meta property=\"og:type\" content=\"article\" \/>\n<meta property=\"og:title\" content=\"Radio programowalne - Katedra Fotoniki, Elektroniki i Techniki \u015awietlnej\" \/>\n<meta property=\"og:description\" content=\"ul. Zwierzyniecka 10, 15-351 Bia\u0142ystok, s. CBD-32 prowadz\u0105cy: Krzysztof Konopko Prezentacje z wyk\u0142adu: Wiadomo\u015bci wst\u0119pne.wi\u0119cej\" \/>\n<meta property=\"og:url\" content=\"https:\/\/we.pb.edu.pl\/kfeits\/krzysztof-konopko\/eit2s\/radio-programowalne\/\" \/>\n<meta property=\"og:site_name\" content=\"Katedra Fotoniki, Elektroniki i Techniki \u015awietlnej\" \/>\n<meta property=\"article:modified_time\" content=\"2023-09-27T17:50:55+00:00\" \/>\n<meta name=\"twitter:card\" content=\"summary_large_image\" \/>\n<meta name=\"twitter:label1\" content=\"Szacowany czas czytania\" \/>\n\t<meta name=\"twitter:data1\" content=\"1 minuta\" \/>\n<script type=\"application\/ld+json\" class=\"yoast-schema-graph\">{\"@context\":\"https:\/\/schema.org\",\"@graph\":[{\"@type\":\"WebPage\",\"@id\":\"https:\/\/we.pb.edu.pl\/kfeits\/krzysztof-konopko\/eit2s\/radio-programowalne\/\",\"url\":\"https:\/\/we.pb.edu.pl\/kfeits\/krzysztof-konopko\/eit2s\/radio-programowalne\/\",\"name\":\"Radio programowalne - Katedra Fotoniki, Elektroniki i Techniki \u015awietlnej\",\"isPartOf\":{\"@id\":\"https:\/\/we.pb.edu.pl\/kfeits\/#website\"},\"datePublished\":\"2019-12-17T20:13:58+00:00\",\"dateModified\":\"2023-09-27T17:50:55+00:00\",\"breadcrumb\":{\"@id\":\"https:\/\/we.pb.edu.pl\/kfeits\/krzysztof-konopko\/eit2s\/radio-programowalne\/#breadcrumb\"},\"inLanguage\":\"pl-PL\",\"potentialAction\":[{\"@type\":\"ReadAction\",\"target\":[\"https:\/\/we.pb.edu.pl\/kfeits\/krzysztof-konopko\/eit2s\/radio-programowalne\/\"]}]},{\"@type\":\"BreadcrumbList\",\"@id\":\"https:\/\/we.pb.edu.pl\/kfeits\/krzysztof-konopko\/eit2s\/radio-programowalne\/#breadcrumb\",\"itemListElement\":[{\"@type\":\"ListItem\",\"position\":1,\"name\":\"Strona g\u0142\u00f3wna\",\"item\":\"https:\/\/we.pb.edu.pl\/kfeits\/\"},{\"@type\":\"ListItem\",\"position\":2,\"name\":\"dr in\u017c. Krzysztof Konopko\",\"item\":\"https:\/\/we.pb.edu.pl\/kfeits\/krzysztof-konopko\/\"},{\"@type\":\"ListItem\",\"position\":3,\"name\":\"EiT2S\",\"item\":\"https:\/\/we.pb.edu.pl\/kfeits\/krzysztof-konopko\/eit2s\/\"},{\"@type\":\"ListItem\",\"position\":4,\"name\":\"Radio programowalne\"}]},{\"@type\":\"WebSite\",\"@id\":\"https:\/\/we.pb.edu.pl\/kfeits\/#website\",\"url\":\"https:\/\/we.pb.edu.pl\/kfeits\/\",\"name\":\"Katedra Fotoniki, Elektroniki i Techniki \u015awietlnej\",\"description\":\"\",\"potentialAction\":[{\"@type\":\"SearchAction\",\"target\":{\"@type\":\"EntryPoint\",\"urlTemplate\":\"https:\/\/we.pb.edu.pl\/kfeits\/?s={search_term_string}\"},\"query-input\":{\"@type\":\"PropertyValueSpecification\",\"valueRequired\":true,\"valueName\":\"search_term_string\"}}],\"inLanguage\":\"pl-PL\"}]}<\/script>\n<!-- \/ Yoast SEO plugin. -->","yoast_head_json":{"title":"Radio programowalne - Katedra Fotoniki, Elektroniki i Techniki \u015awietlnej","robots":{"index":"index","follow":"follow","max-snippet":"max-snippet:-1","max-image-preview":"max-image-preview:large","max-video-preview":"max-video-preview:-1"},"canonical":"https:\/\/we.pb.edu.pl\/kfeits\/krzysztof-konopko\/eit2s\/radio-programowalne\/","og_locale":"pl_PL","og_type":"article","og_title":"Radio programowalne - Katedra Fotoniki, Elektroniki i Techniki \u015awietlnej","og_description":"ul. Zwierzyniecka 10, 15-351 Bia\u0142ystok, s. CBD-32 prowadz\u0105cy: Krzysztof Konopko Prezentacje z wyk\u0142adu: Wiadomo\u015bci wst\u0119pne.wi\u0119cej","og_url":"https:\/\/we.pb.edu.pl\/kfeits\/krzysztof-konopko\/eit2s\/radio-programowalne\/","og_site_name":"Katedra Fotoniki, Elektroniki i Techniki \u015awietlnej","article_modified_time":"2023-09-27T17:50:55+00:00","twitter_card":"summary_large_image","twitter_misc":{"Szacowany czas czytania":"1 minuta"},"schema":{"@context":"https:\/\/schema.org","@graph":[{"@type":"WebPage","@id":"https:\/\/we.pb.edu.pl\/kfeits\/krzysztof-konopko\/eit2s\/radio-programowalne\/","url":"https:\/\/we.pb.edu.pl\/kfeits\/krzysztof-konopko\/eit2s\/radio-programowalne\/","name":"Radio programowalne - Katedra Fotoniki, Elektroniki i Techniki \u015awietlnej","isPartOf":{"@id":"https:\/\/we.pb.edu.pl\/kfeits\/#website"},"datePublished":"2019-12-17T20:13:58+00:00","dateModified":"2023-09-27T17:50:55+00:00","breadcrumb":{"@id":"https:\/\/we.pb.edu.pl\/kfeits\/krzysztof-konopko\/eit2s\/radio-programowalne\/#breadcrumb"},"inLanguage":"pl-PL","potentialAction":[{"@type":"ReadAction","target":["https:\/\/we.pb.edu.pl\/kfeits\/krzysztof-konopko\/eit2s\/radio-programowalne\/"]}]},{"@type":"BreadcrumbList","@id":"https:\/\/we.pb.edu.pl\/kfeits\/krzysztof-konopko\/eit2s\/radio-programowalne\/#breadcrumb","itemListElement":[{"@type":"ListItem","position":1,"name":"Strona g\u0142\u00f3wna","item":"https:\/\/we.pb.edu.pl\/kfeits\/"},{"@type":"ListItem","position":2,"name":"dr in\u017c. Krzysztof Konopko","item":"https:\/\/we.pb.edu.pl\/kfeits\/krzysztof-konopko\/"},{"@type":"ListItem","position":3,"name":"EiT2S","item":"https:\/\/we.pb.edu.pl\/kfeits\/krzysztof-konopko\/eit2s\/"},{"@type":"ListItem","position":4,"name":"Radio programowalne"}]},{"@type":"WebSite","@id":"https:\/\/we.pb.edu.pl\/kfeits\/#website","url":"https:\/\/we.pb.edu.pl\/kfeits\/","name":"Katedra Fotoniki, Elektroniki i Techniki \u015awietlnej","description":"","potentialAction":[{"@type":"SearchAction","target":{"@type":"EntryPoint","urlTemplate":"https:\/\/we.pb.edu.pl\/kfeits\/?s={search_term_string}"},"query-input":{"@type":"PropertyValueSpecification","valueRequired":true,"valueName":"search_term_string"}}],"inLanguage":"pl-PL"}]}},"_links":{"self":[{"href":"https:\/\/we.pb.edu.pl\/kfeits\/wp-json\/wp\/v2\/pages\/1420","targetHints":{"allow":["GET"]}}],"collection":[{"href":"https:\/\/we.pb.edu.pl\/kfeits\/wp-json\/wp\/v2\/pages"}],"about":[{"href":"https:\/\/we.pb.edu.pl\/kfeits\/wp-json\/wp\/v2\/types\/page"}],"author":[{"embeddable":true,"href":"https:\/\/we.pb.edu.pl\/kfeits\/wp-json\/wp\/v2\/users\/20"}],"replies":[{"embeddable":true,"href":"https:\/\/we.pb.edu.pl\/kfeits\/wp-json\/wp\/v2\/comments?post=1420"}],"version-history":[{"count":12,"href":"https:\/\/we.pb.edu.pl\/kfeits\/wp-json\/wp\/v2\/pages\/1420\/revisions"}],"predecessor-version":[{"id":4424,"href":"https:\/\/we.pb.edu.pl\/kfeits\/wp-json\/wp\/v2\/pages\/1420\/revisions\/4424"}],"up":[{"embeddable":true,"href":"https:\/\/we.pb.edu.pl\/kfeits\/wp-json\/wp\/v2\/pages\/4399"}],"wp:attachment":[{"href":"https:\/\/we.pb.edu.pl\/kfeits\/wp-json\/wp\/v2\/media?parent=1420"}],"curies":[{"name":"wp","href":"https:\/\/api.w.org\/{rel}","templated":true}]}}