{"id":121,"date":"2018-05-16T15:05:06","date_gmt":"2018-05-16T13:05:06","guid":{"rendered":"https:\/\/we.pb.edu.pl\/ktiae\/?page_id=121"},"modified":"2023-03-17T12:42:01","modified_gmt":"2023-03-17T11:42:01","slug":"archiwum-seminariow","status":"publish","type":"page","link":"https:\/\/we.pb.edu.pl\/kfeits\/nauka-i-badania\/seminaria\/archiwum-seminariow\/","title":{"rendered":"Archiwum seminari\u00f3w"},"content":{"rendered":"<div class=\"lista-seminariow\">\n  \n                                  \n                \n                                            \n                <article class=\"event\">\n\n                    <div class=\"date\">\n                        <span class=\"month\">04.2026<\/span>\n                        <span class=\"day\">01<\/span>\n                    <\/div>\n\n                    <h2><a href=\"https:\/\/we.pb.edu.pl\/kfeits\/seminaria\/nowe-przedmioty-na-kierunku-eit-z-zakresu-wielkich-czestotliwosci\/\" rel=\"bookmark\">Nowe przedmioty na kierunku EiT z\u00a0zakresu wielkich cz\u0119stotliwo\u015bci<\/a><\/h2>\n\n                    \n                    <div class=\"entry\">\n                        <p>dr in\u017c. Maciej Sadowski; dr in\u017c. Marek Garbaruk<\/p>\n                    <\/div>\n                    \n                <\/article>\n                                            \n                <article class=\"event\">\n\n                    <div class=\"date\">\n                        <span class=\"month\">03.2026<\/span>\n                        <span class=\"day\">11<\/span>\n                    <\/div>\n\n                    <h2><a href=\"https:\/\/we.pb.edu.pl\/kfeits\/seminaria\/wykorzystanie-algorytmow-analizy-sygnalow-w-monitorowaniu-osob-ewakuowanych\/\" rel=\"bookmark\">Wykorzystanie algorytm\u00f3w analizy sygna\u0142\u00f3w w monitorowaniu os\u00f3b ewakuowanych<\/a><\/h2>\n\n                    \n                    <div class=\"entry\">\n                        <p>dr in\u017c. Krzysztof Konopko; dr hab. in\u017c. Dariusz Ja\u0144czak, prof. PB<\/p>\n                    <\/div>\n                    \n                <\/article>\n                                            \n                <article class=\"event\">\n\n                    <div class=\"date\">\n                        <span class=\"month\">03.2026<\/span>\n                        <span class=\"day\">04<\/span>\n                    <\/div>\n\n                    <h2><a href=\"https:\/\/we.pb.edu.pl\/kfeits\/seminaria\/koncepcja-i-rozwoj-tresci-przedmiotow-z-tematyki-internetu-rzeczy-na-wydziale-elektrycznym-pb\/\" rel=\"bookmark\">Koncepcja i\u00a0rozw\u00f3j tre\u015bci przedmiot\u00f3w z\u00a0tematyki Internetu Rzeczy na Wydziale Elektrycznym PB<\/a><\/h2>\n\n                    \n                    <div class=\"entry\">\n                        <p>dr in\u017c. Gra\u017cyna Gilewska; dr in\u017c. Andrzej Zankiewicz<\/p>\n                    <\/div>\n                    \n                <\/article>\n                                            \n                <article class=\"event\">\n\n                    <div class=\"date\">\n                        <span class=\"month\">12.2025<\/span>\n                        <span class=\"day\">03<\/span>\n                    <\/div>\n\n                    <h2><a href=\"https:\/\/we.pb.edu.pl\/kfeits\/seminaria\/nowoczesne-technologie-led-w-oswietleniu-publicznym-a-zanieczyszczenie-swiatlem\/\" rel=\"bookmark\">Nowoczesne technologie LED w o\u015bwietleniu publicznym, a\u00a0zanieczyszczenie \u015bwiat\u0142em<\/a><\/h2>\n\n                    \n                    <div class=\"entry\">\n                        <p>B\u0142a\u017cej Gajewski; mgr in\u017c. Maciej Listowski; mgr in\u017c. Robert Supronowicz, dr hab. in\u017c. Irena Fryc, prof. PB<\/p>\n                    <\/div>\n                    \n                <\/article>\n                                            \n                <article class=\"event\">\n\n                    <div class=\"date\">\n                        <span class=\"month\">11.2025<\/span>\n                        <span class=\"day\">26<\/span>\n                    <\/div>\n\n                    <h2><a href=\"https:\/\/we.pb.edu.pl\/kfeits\/seminaria\/analiza-wplywu-sztucznego-oswietlenia-na-ekosystemy-nocne-i-zanieczyszczenie-swiatlem\/\" rel=\"bookmark\">Analiza wp\u0142ywu sztucznego o\u015bwietlenia na ekosystemy nocne i\u00a0zanieczyszczenie \u015bwiat\u0142em<\/a><\/h2>\n\n                    \n                    <div class=\"entry\">\n                        <p>Aneta Stypu\u0142kowska; mgr in\u017c. Robert Supronowicz; mgr in\u017c. Maciej Listowski; dr hab. in\u017c. Irena Fryc, prof. PB<\/p>\n                    <\/div>\n                    \n                <\/article>\n                                            \n                <article class=\"event\">\n\n                    <div class=\"date\">\n                        <span class=\"month\">11.2025<\/span>\n                        <span class=\"day\">19<\/span>\n                    <\/div>\n\n                    <h2><a href=\"https:\/\/we.pb.edu.pl\/kfeits\/seminaria\/zastosowanie-technik-radiowych-w-wewnatrzbudynkowej-lokalizacji-obiektow-2\/\" rel=\"bookmark\">Zastosowanie technik radiowych w wewn\u0105trzbudynkowej lokalizacji obiekt\u00f3w (2)<\/a><\/h2>\n\n                    \n                    <div class=\"entry\">\n                        <p>mgr in\u017c. Mateusz Sumorek<\/p>\n                    <\/div>\n                    \n                <\/article>\n                                            \n                <article class=\"event\">\n\n                    <div class=\"date\">\n                        <span class=\"month\">11.2025<\/span>\n                        <span class=\"day\">19<\/span>\n                    <\/div>\n\n                    <h2><a href=\"https:\/\/we.pb.edu.pl\/kfeits\/seminaria\/iluminacja-architektoniczna-w-kontekscie-ochrony-ciemnego-nieba-i-bioroznorodnosci\/\" rel=\"bookmark\">Iluminacja architektoniczna w kontek\u015bcie ochrony ciemnego nieba i\u00a0bior\u00f3\u017cnorodno\u015bci<\/a><\/h2>\n\n                    \n                    <div class=\"entry\">\n                        <p>Piotr Ba\u0142dyga; mgr in\u017c. Maciej Listowski; mgr in\u017c. Robert Supronowicz; dr hab. in\u017c. Irena Fryc, prof. PB<\/p>\n                    <\/div>\n                    \n                <\/article>\n                                            \n                <article class=\"event\">\n\n                    <div class=\"date\">\n                        <span class=\"month\">11.2025<\/span>\n                        <span class=\"day\">12<\/span>\n                    <\/div>\n\n                    <h2><a href=\"https:\/\/we.pb.edu.pl\/kfeits\/seminaria\/kompleksowy-przewodnik-po-infrastrukturze-ladowania-ciezarowych-pojazdow-elektrycznych-ehdv-ochrona-odgromowa-i-przeciwprzepieciowa\/\" rel=\"bookmark\">Kompleksowy przewodnik po infrastrukturze \u0142adowania ci\u0119\u017carowych pojazd\u00f3w elektrycznych eHDV \u2013 Ochrona odgromowa i\u00a0przeciwprzepi\u0119ciowa<\/a><\/h2>\n\n                    \n                    <div class=\"entry\">\n                        <p>dr in\u017c. Jaros\u0142aw Wiater<\/p>\n                    <\/div>\n                    \n                <\/article>\n                                                    \n        \n            \n\t<nav class=\"navigation pagination\" aria-label=\"Stronicowanie wpis\u00f3w\">\n\t\t<h2 class=\"screen-reader-text\">Stronicowanie wpis\u00f3w<\/h2>\n\t\t<div class=\"nav-links\"><span aria-current=\"page\" class=\"page-numbers current\">1<\/span>\n<a class=\"page-numbers\" href=\"https:\/\/we.pb.edu.pl\/kfeits\/wp-json\/wp\/v2\/pages\/121\/page\/2\/\">2<\/a>\n<a class=\"page-numbers\" href=\"https:\/\/we.pb.edu.pl\/kfeits\/wp-json\/wp\/v2\/pages\/121\/page\/3\/\">3<\/a>\n<span class=\"page-numbers dots\">&hellip;<\/span>\n<a class=\"page-numbers\" href=\"https:\/\/we.pb.edu.pl\/kfeits\/wp-json\/wp\/v2\/pages\/121\/page\/37\/\">37<\/a>\n<a class=\"next page-numbers\" href=\"https:\/\/we.pb.edu.pl\/kfeits\/wp-json\/wp\/v2\/pages\/121\/page\/2\/\">Nast\u0119pne<\/a><\/div>\n\t<\/nav>                              \n                        \n       \n    <!-- \/#events -->\n    \n<\/div>\n","protected":false},"excerpt":{"rendered":"","protected":false},"author":9,"featured_media":0,"parent":272,"menu_order":1,"comment_status":"closed","ping_status":"closed","template":"","meta":{"inline_featured_image":false,"ngg_post_thumbnail":0,"footnotes":""},"class_list":["post-121","page","type-page","status-publish","hentry"],"acf":[],"yoast_head":"<!-- This site is optimized with the Yoast SEO plugin v26.4 - https:\/\/yoast.com\/wordpress\/plugins\/seo\/ -->\n<title>Archiwum seminari\u00f3w - Katedra Fotoniki, Elektroniki i Techniki \u015awietlnej<\/title>\n<meta name=\"robots\" content=\"index, follow, max-snippet:-1, max-image-preview:large, max-video-preview:-1\" \/>\n<link rel=\"canonical\" href=\"https:\/\/we.pb.edu.pl\/kfeits\/nauka-i-badania\/seminaria\/archiwum-seminariow\/\" \/>\n<meta property=\"og:locale\" content=\"pl_PL\" \/>\n<meta property=\"og:type\" content=\"article\" \/>\n<meta property=\"og:title\" content=\"Archiwum seminari\u00f3w - Katedra Fotoniki, Elektroniki i Techniki \u015awietlnej\" \/>\n<meta property=\"og:url\" content=\"https:\/\/we.pb.edu.pl\/kfeits\/nauka-i-badania\/seminaria\/archiwum-seminariow\/\" \/>\n<meta property=\"og:site_name\" content=\"Katedra Fotoniki, Elektroniki i Techniki \u015awietlnej\" \/>\n<meta property=\"article:modified_time\" content=\"2023-03-17T11:42:01+00:00\" \/>\n<meta name=\"twitter:card\" content=\"summary_large_image\" \/>\n<script type=\"application\/ld+json\" class=\"yoast-schema-graph\">{\"@context\":\"https:\/\/schema.org\",\"@graph\":[{\"@type\":\"WebPage\",\"@id\":\"https:\/\/we.pb.edu.pl\/kfeits\/nauka-i-badania\/seminaria\/archiwum-seminariow\/\",\"url\":\"https:\/\/we.pb.edu.pl\/kfeits\/nauka-i-badania\/seminaria\/archiwum-seminariow\/\",\"name\":\"Archiwum seminari\u00f3w - Katedra Fotoniki, Elektroniki i Techniki \u015awietlnej\",\"isPartOf\":{\"@id\":\"https:\/\/we.pb.edu.pl\/kfeits\/#website\"},\"datePublished\":\"2018-05-16T13:05:06+00:00\",\"dateModified\":\"2023-03-17T11:42:01+00:00\",\"breadcrumb\":{\"@id\":\"https:\/\/we.pb.edu.pl\/kfeits\/nauka-i-badania\/seminaria\/archiwum-seminariow\/#breadcrumb\"},\"inLanguage\":\"pl-PL\",\"potentialAction\":[{\"@type\":\"ReadAction\",\"target\":[\"https:\/\/we.pb.edu.pl\/kfeits\/nauka-i-badania\/seminaria\/archiwum-seminariow\/\"]}]},{\"@type\":\"BreadcrumbList\",\"@id\":\"https:\/\/we.pb.edu.pl\/kfeits\/nauka-i-badania\/seminaria\/archiwum-seminariow\/#breadcrumb\",\"itemListElement\":[{\"@type\":\"ListItem\",\"position\":1,\"name\":\"Strona g\u0142\u00f3wna\",\"item\":\"https:\/\/we.pb.edu.pl\/kfeits\/\"},{\"@type\":\"ListItem\",\"position\":2,\"name\":\"Nauka i badania\",\"item\":\"https:\/\/we.pb.edu.pl\/kfeits\/nauka-i-badania\/\"},{\"@type\":\"ListItem\",\"position\":3,\"name\":\"Seminaria\",\"item\":\"https:\/\/we.pb.edu.pl\/kfeits\/nauka-i-badania\/seminaria\/\"},{\"@type\":\"ListItem\",\"position\":4,\"name\":\"Archiwum seminari\u00f3w\"}]},{\"@type\":\"WebSite\",\"@id\":\"https:\/\/we.pb.edu.pl\/kfeits\/#website\",\"url\":\"https:\/\/we.pb.edu.pl\/kfeits\/\",\"name\":\"Katedra Fotoniki, Elektroniki i Techniki \u015awietlnej\",\"description\":\"\",\"potentialAction\":[{\"@type\":\"SearchAction\",\"target\":{\"@type\":\"EntryPoint\",\"urlTemplate\":\"https:\/\/we.pb.edu.pl\/kfeits\/?s={search_term_string}\"},\"query-input\":{\"@type\":\"PropertyValueSpecification\",\"valueRequired\":true,\"valueName\":\"search_term_string\"}}],\"inLanguage\":\"pl-PL\"}]}<\/script>\n<!-- \/ Yoast SEO plugin. -->","yoast_head_json":{"title":"Archiwum seminari\u00f3w - Katedra Fotoniki, Elektroniki i Techniki \u015awietlnej","robots":{"index":"index","follow":"follow","max-snippet":"max-snippet:-1","max-image-preview":"max-image-preview:large","max-video-preview":"max-video-preview:-1"},"canonical":"https:\/\/we.pb.edu.pl\/kfeits\/nauka-i-badania\/seminaria\/archiwum-seminariow\/","og_locale":"pl_PL","og_type":"article","og_title":"Archiwum seminari\u00f3w - Katedra Fotoniki, Elektroniki i Techniki \u015awietlnej","og_url":"https:\/\/we.pb.edu.pl\/kfeits\/nauka-i-badania\/seminaria\/archiwum-seminariow\/","og_site_name":"Katedra Fotoniki, Elektroniki i Techniki \u015awietlnej","article_modified_time":"2023-03-17T11:42:01+00:00","twitter_card":"summary_large_image","schema":{"@context":"https:\/\/schema.org","@graph":[{"@type":"WebPage","@id":"https:\/\/we.pb.edu.pl\/kfeits\/nauka-i-badania\/seminaria\/archiwum-seminariow\/","url":"https:\/\/we.pb.edu.pl\/kfeits\/nauka-i-badania\/seminaria\/archiwum-seminariow\/","name":"Archiwum seminari\u00f3w - Katedra Fotoniki, Elektroniki i Techniki \u015awietlnej","isPartOf":{"@id":"https:\/\/we.pb.edu.pl\/kfeits\/#website"},"datePublished":"2018-05-16T13:05:06+00:00","dateModified":"2023-03-17T11:42:01+00:00","breadcrumb":{"@id":"https:\/\/we.pb.edu.pl\/kfeits\/nauka-i-badania\/seminaria\/archiwum-seminariow\/#breadcrumb"},"inLanguage":"pl-PL","potentialAction":[{"@type":"ReadAction","target":["https:\/\/we.pb.edu.pl\/kfeits\/nauka-i-badania\/seminaria\/archiwum-seminariow\/"]}]},{"@type":"BreadcrumbList","@id":"https:\/\/we.pb.edu.pl\/kfeits\/nauka-i-badania\/seminaria\/archiwum-seminariow\/#breadcrumb","itemListElement":[{"@type":"ListItem","position":1,"name":"Strona g\u0142\u00f3wna","item":"https:\/\/we.pb.edu.pl\/kfeits\/"},{"@type":"ListItem","position":2,"name":"Nauka i badania","item":"https:\/\/we.pb.edu.pl\/kfeits\/nauka-i-badania\/"},{"@type":"ListItem","position":3,"name":"Seminaria","item":"https:\/\/we.pb.edu.pl\/kfeits\/nauka-i-badania\/seminaria\/"},{"@type":"ListItem","position":4,"name":"Archiwum seminari\u00f3w"}]},{"@type":"WebSite","@id":"https:\/\/we.pb.edu.pl\/kfeits\/#website","url":"https:\/\/we.pb.edu.pl\/kfeits\/","name":"Katedra Fotoniki, Elektroniki i Techniki \u015awietlnej","description":"","potentialAction":[{"@type":"SearchAction","target":{"@type":"EntryPoint","urlTemplate":"https:\/\/we.pb.edu.pl\/kfeits\/?s={search_term_string}"},"query-input":{"@type":"PropertyValueSpecification","valueRequired":true,"valueName":"search_term_string"}}],"inLanguage":"pl-PL"}]}},"_links":{"self":[{"href":"https:\/\/we.pb.edu.pl\/kfeits\/wp-json\/wp\/v2\/pages\/121","targetHints":{"allow":["GET"]}}],"collection":[{"href":"https:\/\/we.pb.edu.pl\/kfeits\/wp-json\/wp\/v2\/pages"}],"about":[{"href":"https:\/\/we.pb.edu.pl\/kfeits\/wp-json\/wp\/v2\/types\/page"}],"author":[{"embeddable":true,"href":"https:\/\/we.pb.edu.pl\/kfeits\/wp-json\/wp\/v2\/users\/9"}],"replies":[{"embeddable":true,"href":"https:\/\/we.pb.edu.pl\/kfeits\/wp-json\/wp\/v2\/comments?post=121"}],"version-history":[{"count":16,"href":"https:\/\/we.pb.edu.pl\/kfeits\/wp-json\/wp\/v2\/pages\/121\/revisions"}],"predecessor-version":[{"id":276,"href":"https:\/\/we.pb.edu.pl\/kfeits\/wp-json\/wp\/v2\/pages\/121\/revisions\/276"}],"up":[{"embeddable":true,"href":"https:\/\/we.pb.edu.pl\/kfeits\/wp-json\/wp\/v2\/pages\/272"}],"wp:attachment":[{"href":"https:\/\/we.pb.edu.pl\/kfeits\/wp-json\/wp\/v2\/media?parent=121"}],"curies":[{"name":"wp","href":"https:\/\/api.w.org\/{rel}","templated":true}]}}