{"id":1020,"date":"2019-03-04T18:17:42","date_gmt":"2019-03-04T17:17:42","guid":{"rendered":"https:\/\/we.pb.edu.pl\/ktiae\/?page_id=1020"},"modified":"2026-02-27T08:45:47","modified_gmt":"2026-02-27T07:45:47","slug":"pracownia-technologiczna","status":"publish","type":"page","link":"https:\/\/we.pb.edu.pl\/kfeits\/maciej-sadowski\/pracownia-technologiczna\/","title":{"rendered":"TS1F4034 Pracownia Technologiczna"},"content":{"rendered":"<p>Pracownia Technologiczna realizowana jest w formie laboratorium w wymiarze 15 x 2h, sala WE-303<\/p>\n<p>&nbsp;<\/p>\n<p>Termin: wtorek g. 10.15-12.00, 14.15-15.50, czwartek g. 10.15-12.00<\/p>\n<p>&nbsp;<\/p>\n<p><strong>Materia\u0142y pomocnicze do zaj\u0119\u0107<\/strong><\/p>\n<ul>\n<li><a href=\"https:\/\/box.biaman.pl\/f\/6ff4afdcc21e47ff8573\/\">\u0106wiczenie 1<\/a>\n<ul>\n<li><a href=\"https:\/\/box.biaman.pl\/seafhttp\/f\/21250fdf76a748a1b8ee\/?op=view\">Wybrane karty katalogowe\u00a0<\/a><\/li>\n<\/ul>\n<\/li>\n<li>\u0106wiczenie 2<\/li>\n<li>\u0106wiczenie 3<\/li>\n<\/ul>\n<p><strong>Materia\u0142y dodatkowe<\/strong><\/p>\n<p><a href=\"https:\/\/box.biaman.pl\/f\/2b17e7ec1a9247d3ac0d\/?dl=1\">Podstawowe zasady projektowania PCB<\/a><\/p>\n<p><a href=\"https:\/\/box.biaman.pl\/f\/cace282a087541d7bd1e\/?dl=1\">Technologia monta\u017cu elektroniki<\/a><\/p>\n","protected":false},"excerpt":{"rendered":"<p>Pracownia Technologiczna realizowana jest w formie laboratorium w wymiarze 15 x 2h, sala WE-303 &nbsp;<a class=\"read-more\" href=\"https:\/\/we.pb.edu.pl\/kfeits\/maciej-sadowski\/pracownia-technologiczna\/\" title=\"Poka\u017c artyku\u0142 TS1F4034 Pracownia Technologiczna\">wi\u0119cej<\/a><\/p>\n","protected":false},"author":21,"featured_media":0,"parent":528,"menu_order":0,"comment_status":"closed","ping_status":"closed","template":"","meta":{"inline_featured_image":false,"ngg_post_thumbnail":0,"footnotes":""},"class_list":["post-1020","page","type-page","status-publish","hentry"],"acf":[],"yoast_head":"<!-- This site is optimized with the Yoast SEO plugin v26.4 - https:\/\/yoast.com\/wordpress\/plugins\/seo\/ -->\n<title>TS1F4034 Pracownia Technologiczna - Katedra Fotoniki, Elektroniki i Techniki \u015awietlnej<\/title>\n<meta name=\"robots\" content=\"index, follow, max-snippet:-1, max-image-preview:large, max-video-preview:-1\" \/>\n<link rel=\"canonical\" href=\"https:\/\/we.pb.edu.pl\/kfeits\/maciej-sadowski\/pracownia-technologiczna\/\" \/>\n<meta property=\"og:locale\" content=\"pl_PL\" \/>\n<meta property=\"og:type\" content=\"article\" \/>\n<meta property=\"og:title\" content=\"TS1F4034 Pracownia Technologiczna - Katedra Fotoniki, Elektroniki i Techniki \u015awietlnej\" \/>\n<meta property=\"og:description\" content=\"Pracownia Technologiczna realizowana jest w formie laboratorium w wymiarze 15 x 2h, sala WE-303 &nbsp;wi\u0119cej\" \/>\n<meta property=\"og:url\" content=\"https:\/\/we.pb.edu.pl\/kfeits\/maciej-sadowski\/pracownia-technologiczna\/\" \/>\n<meta property=\"og:site_name\" content=\"Katedra Fotoniki, Elektroniki i Techniki \u015awietlnej\" \/>\n<meta property=\"article:modified_time\" content=\"2026-02-27T07:45:47+00:00\" \/>\n<meta name=\"twitter:card\" content=\"summary_large_image\" \/>\n<meta name=\"twitter:label1\" content=\"Szacowany czas czytania\" \/>\n\t<meta name=\"twitter:data1\" content=\"1 minuta\" \/>\n<script type=\"application\/ld+json\" class=\"yoast-schema-graph\">{\"@context\":\"https:\/\/schema.org\",\"@graph\":[{\"@type\":\"WebPage\",\"@id\":\"https:\/\/we.pb.edu.pl\/kfeits\/maciej-sadowski\/pracownia-technologiczna\/\",\"url\":\"https:\/\/we.pb.edu.pl\/kfeits\/maciej-sadowski\/pracownia-technologiczna\/\",\"name\":\"TS1F4034 Pracownia Technologiczna - Katedra Fotoniki, Elektroniki i Techniki \u015awietlnej\",\"isPartOf\":{\"@id\":\"https:\/\/we.pb.edu.pl\/kfeits\/#website\"},\"datePublished\":\"2019-03-04T17:17:42+00:00\",\"dateModified\":\"2026-02-27T07:45:47+00:00\",\"breadcrumb\":{\"@id\":\"https:\/\/we.pb.edu.pl\/kfeits\/maciej-sadowski\/pracownia-technologiczna\/#breadcrumb\"},\"inLanguage\":\"pl-PL\",\"potentialAction\":[{\"@type\":\"ReadAction\",\"target\":[\"https:\/\/we.pb.edu.pl\/kfeits\/maciej-sadowski\/pracownia-technologiczna\/\"]}]},{\"@type\":\"BreadcrumbList\",\"@id\":\"https:\/\/we.pb.edu.pl\/kfeits\/maciej-sadowski\/pracownia-technologiczna\/#breadcrumb\",\"itemListElement\":[{\"@type\":\"ListItem\",\"position\":1,\"name\":\"Strona g\u0142\u00f3wna\",\"item\":\"https:\/\/we.pb.edu.pl\/kfeits\/\"},{\"@type\":\"ListItem\",\"position\":2,\"name\":\"dr in\u017c. Maciej Sadowski\",\"item\":\"https:\/\/we.pb.edu.pl\/kfeits\/maciej-sadowski\/\"},{\"@type\":\"ListItem\",\"position\":3,\"name\":\"TS1F4034 Pracownia Technologiczna\"}]},{\"@type\":\"WebSite\",\"@id\":\"https:\/\/we.pb.edu.pl\/kfeits\/#website\",\"url\":\"https:\/\/we.pb.edu.pl\/kfeits\/\",\"name\":\"Katedra Fotoniki, Elektroniki i Techniki \u015awietlnej\",\"description\":\"\",\"potentialAction\":[{\"@type\":\"SearchAction\",\"target\":{\"@type\":\"EntryPoint\",\"urlTemplate\":\"https:\/\/we.pb.edu.pl\/kfeits\/?s={search_term_string}\"},\"query-input\":{\"@type\":\"PropertyValueSpecification\",\"valueRequired\":true,\"valueName\":\"search_term_string\"}}],\"inLanguage\":\"pl-PL\"}]}<\/script>\n<!-- \/ Yoast SEO plugin. -->","yoast_head_json":{"title":"TS1F4034 Pracownia Technologiczna - Katedra Fotoniki, Elektroniki i Techniki \u015awietlnej","robots":{"index":"index","follow":"follow","max-snippet":"max-snippet:-1","max-image-preview":"max-image-preview:large","max-video-preview":"max-video-preview:-1"},"canonical":"https:\/\/we.pb.edu.pl\/kfeits\/maciej-sadowski\/pracownia-technologiczna\/","og_locale":"pl_PL","og_type":"article","og_title":"TS1F4034 Pracownia Technologiczna - Katedra Fotoniki, Elektroniki i Techniki \u015awietlnej","og_description":"Pracownia Technologiczna realizowana jest w formie laboratorium w wymiarze 15 x 2h, sala WE-303 &nbsp;wi\u0119cej","og_url":"https:\/\/we.pb.edu.pl\/kfeits\/maciej-sadowski\/pracownia-technologiczna\/","og_site_name":"Katedra Fotoniki, Elektroniki i Techniki \u015awietlnej","article_modified_time":"2026-02-27T07:45:47+00:00","twitter_card":"summary_large_image","twitter_misc":{"Szacowany czas czytania":"1 minuta"},"schema":{"@context":"https:\/\/schema.org","@graph":[{"@type":"WebPage","@id":"https:\/\/we.pb.edu.pl\/kfeits\/maciej-sadowski\/pracownia-technologiczna\/","url":"https:\/\/we.pb.edu.pl\/kfeits\/maciej-sadowski\/pracownia-technologiczna\/","name":"TS1F4034 Pracownia Technologiczna - Katedra Fotoniki, Elektroniki i Techniki \u015awietlnej","isPartOf":{"@id":"https:\/\/we.pb.edu.pl\/kfeits\/#website"},"datePublished":"2019-03-04T17:17:42+00:00","dateModified":"2026-02-27T07:45:47+00:00","breadcrumb":{"@id":"https:\/\/we.pb.edu.pl\/kfeits\/maciej-sadowski\/pracownia-technologiczna\/#breadcrumb"},"inLanguage":"pl-PL","potentialAction":[{"@type":"ReadAction","target":["https:\/\/we.pb.edu.pl\/kfeits\/maciej-sadowski\/pracownia-technologiczna\/"]}]},{"@type":"BreadcrumbList","@id":"https:\/\/we.pb.edu.pl\/kfeits\/maciej-sadowski\/pracownia-technologiczna\/#breadcrumb","itemListElement":[{"@type":"ListItem","position":1,"name":"Strona g\u0142\u00f3wna","item":"https:\/\/we.pb.edu.pl\/kfeits\/"},{"@type":"ListItem","position":2,"name":"dr in\u017c. Maciej Sadowski","item":"https:\/\/we.pb.edu.pl\/kfeits\/maciej-sadowski\/"},{"@type":"ListItem","position":3,"name":"TS1F4034 Pracownia Technologiczna"}]},{"@type":"WebSite","@id":"https:\/\/we.pb.edu.pl\/kfeits\/#website","url":"https:\/\/we.pb.edu.pl\/kfeits\/","name":"Katedra Fotoniki, Elektroniki i Techniki \u015awietlnej","description":"","potentialAction":[{"@type":"SearchAction","target":{"@type":"EntryPoint","urlTemplate":"https:\/\/we.pb.edu.pl\/kfeits\/?s={search_term_string}"},"query-input":{"@type":"PropertyValueSpecification","valueRequired":true,"valueName":"search_term_string"}}],"inLanguage":"pl-PL"}]}},"_links":{"self":[{"href":"https:\/\/we.pb.edu.pl\/kfeits\/wp-json\/wp\/v2\/pages\/1020","targetHints":{"allow":["GET"]}}],"collection":[{"href":"https:\/\/we.pb.edu.pl\/kfeits\/wp-json\/wp\/v2\/pages"}],"about":[{"href":"https:\/\/we.pb.edu.pl\/kfeits\/wp-json\/wp\/v2\/types\/page"}],"author":[{"embeddable":true,"href":"https:\/\/we.pb.edu.pl\/kfeits\/wp-json\/wp\/v2\/users\/21"}],"replies":[{"embeddable":true,"href":"https:\/\/we.pb.edu.pl\/kfeits\/wp-json\/wp\/v2\/comments?post=1020"}],"version-history":[{"count":20,"href":"https:\/\/we.pb.edu.pl\/kfeits\/wp-json\/wp\/v2\/pages\/1020\/revisions"}],"predecessor-version":[{"id":6240,"href":"https:\/\/we.pb.edu.pl\/kfeits\/wp-json\/wp\/v2\/pages\/1020\/revisions\/6240"}],"up":[{"embeddable":true,"href":"https:\/\/we.pb.edu.pl\/kfeits\/wp-json\/wp\/v2\/pages\/528"}],"wp:attachment":[{"href":"https:\/\/we.pb.edu.pl\/kfeits\/wp-json\/wp\/v2\/media?parent=1020"}],"curies":[{"name":"wp","href":"https:\/\/api.w.org\/{rel}","templated":true}]}}