{"id":81,"date":"2018-05-24T10:56:38","date_gmt":"2018-05-24T08:56:38","guid":{"rendered":"https:\/\/we.pb.edu.pl\/ketim\/?page_id=81"},"modified":"2026-03-18T10:31:02","modified_gmt":"2026-03-18T09:31:02","slug":"seminaria","status":"publish","type":"page","link":"https:\/\/we.pb.edu.pl\/keeie\/nauka-i-badania\/seminaria\/","title":{"rendered":"Seminaria"},"content":{"rendered":"<p class=\"std\" style=\"margin-bottom: 1.5em;\">Seminaria Katedry Elektrotechniki, Energoelektroniki i Elektroenergetyki odbywaj\u0105 si\u0119 o godzinie 12:15 w sali WE-110.<br \/>\nSeminaria Zak\u0142adu Energoelektroniki i Nap\u0119du Elektrycznego odbywaj\u0105 si\u0119 o godzinie 9:15 w sali WE-140.<\/p>\n<div class=\"lista-seminariow\">\n  \n                                  \n                \n                                            \n                <article class=\"event\">\n\n                    <div class=\"date\">\n                        <span class=\"month\">05.2026<\/span>\n                        <span class=\"day\">20<\/span>\n                    <\/div>\n\n                    <h2><a href=\"https:\/\/we.pb.edu.pl\/keeie\/seminaria\/analiza-wplywu-dlugosci-drazen-w-ceglach-na-wartosci-natezenia-pola-elektrycznego\/\" rel=\"bookmark\">Analiza wp\u0142ywu d\u0142ugo\u015bci dr\u0105\u017ce\u0144 w ceg\u0142ach na warto\u015bci nat\u0119\u017cenia pola elektrycznego<\/a><\/h2>\n\n                    \n                    <div class=\"entry\">\n                        <p>dr in\u017c. Agnieszka Choroszucho<\/p>\n                    <\/div>\n                    \n                <\/article>\n                                            \n                <article class=\"event\">\n\n                    <div class=\"date\">\n                        <span class=\"month\">05.2026<\/span>\n                        <span class=\"day\">20<\/span>\n                    <\/div>\n\n                    <h2><a href=\"https:\/\/we.pb.edu.pl\/keeie\/seminaria\/porownanie-wlasciwosci-modulacji-pwm-z-modulatorami-nieliniowymi\/\" rel=\"bookmark\">Por\u00f3wnanie w\u0142a\u015bciwo\u015bci modulacji PWM z modulatorami nieliniowymi<\/a><\/h2>\n\n                    \n                    <div class=\"entry\">\n                        <p>prof. dr hab. in\u017c. Andrzej Sikorski<\/p>\n                    <\/div>\n                    \n                <\/article>\n                                            \n                <article class=\"event\">\n\n                    <div class=\"date\">\n                        <span class=\"month\">05.2026<\/span>\n                        <span class=\"day\">27<\/span>\n                    <\/div>\n\n                    <h2><a href=\"https:\/\/we.pb.edu.pl\/keeie\/seminaria\/wplyw-deformacji-warstwy-magnetycznej-na-pole-magnetyczne-w-ukladzie-cewek-planarnych\/\" rel=\"bookmark\">Wp\u0142yw deformacji warstwy magnetycznej na pole magnetyczne w\u00a0uk\u0142adzie cewek planarnych<\/a><\/h2>\n\n                    \n                    <div class=\"entry\">\n                        <p>dr hab. in\u017c. Bogus\u0142aw Butry\u0142o, prof. PB<\/p>\n                    <\/div>\n                    \n                <\/article>\n                                            \n                <article class=\"event\">\n\n                    <div class=\"date\">\n                        <span class=\"month\">05.2026<\/span>\n                        <span class=\"day\">27<\/span>\n                    <\/div>\n\n                    <h2><a href=\"https:\/\/we.pb.edu.pl\/keeie\/seminaria\/wplyw-niesymetrycznego-zasilania-na-model-elektrowni-wiatrowej-z-trojfazowym-generatorem-asynchronicznym-pierscieniowym\/\" rel=\"bookmark\">Wp\u0142yw niesymetrycznego zasilania na model elektrowni wiatrowej z\u00a0tr\u00f3jfazowym generatorem asynchronicznym pier\u015bcieniowym<\/a><\/h2>\n\n                    \n                    <div class=\"entry\">\n                        <p>dr in\u017c. Adam Ku\u017ama<\/p>\n                    <\/div>\n                    \n                <\/article>\n                                            \n                <article class=\"event\">\n\n                    <div class=\"date\">\n                        <span class=\"month\">06.2026<\/span>\n                        <span class=\"day\">10<\/span>\n                    <\/div>\n\n                    <h2><a href=\"https:\/\/we.pb.edu.pl\/keeie\/seminaria\/pieciopoziomowy-przeksztaltnik-ac-dc-przeznaczony-do-wspolpracy-z-siecia-elektroenergetyczna\/\" rel=\"bookmark\">Pi\u0119ciopoziomowy przekszta\u0142tnik AC\/DC przeznaczony do wsp\u00f3\u0142pracy z\u00a0sieci\u0105 elektroenergetyczn\u0105<\/a><\/h2>\n\n                    \n                    <div class=\"entry\">\n                        <p>mgr in\u017c. Mateusz Wasilewski<\/p>\n                    <\/div>\n                    \n                <\/article>\n                                                    \n        \n                                          \n                        \n       \n    <!-- \/#events -->\n    \n<\/div>\n<p class=\"std\"><a href=\"\/keeie\/archiwum-seminariow\/\">Archiwum seminari\u00f3w<\/a><\/p>\n","protected":false},"excerpt":{"rendered":"<p>Seminaria Katedry Elektrotechniki, Energoelektroniki i Elektroenergetyki odbywaj\u0105 si\u0119 o godzinie 12:15 w sali WE-110. Seminaria<a class=\"read-more\" href=\"https:\/\/we.pb.edu.pl\/keeie\/seminaria\/analiza-wplywu-dlugosci-drazen-w-ceglach-na-wartosci-natezenia-pola-elektrycznego\/\" title=\"Poka\u017c artyku\u0142 Analiza wp\u0142ywu d\u0142ugo\u015bci dr\u0105\u017ce\u0144 w ceg\u0142ach na warto\u015bci nat\u0119\u017cenia pola elektrycznego\">wi\u0119cej<\/a><\/p>\n","protected":false},"author":8,"featured_media":0,"parent":74,"menu_order":0,"comment_status":"closed","ping_status":"closed","template":"","meta":{"inline_featured_image":false,"ngg_post_thumbnail":0,"footnotes":""},"class_list":["post-81","page","type-page","status-publish","hentry"],"acf":[],"yoast_head":"<!-- This site is optimized with the Yoast SEO plugin v26.4 - https:\/\/yoast.com\/wordpress\/plugins\/seo\/ -->\n<title>Seminaria - Katedra Elektrotechniki, Energoelektroniki i Elektroenergetyki<\/title>\n<meta name=\"robots\" content=\"index, follow, max-snippet:-1, max-image-preview:large, max-video-preview:-1\" \/>\n<link rel=\"canonical\" href=\"https:\/\/we.pb.edu.pl\/keeie\/nauka-i-badania\/seminaria\/\" \/>\n<meta property=\"og:locale\" content=\"pl_PL\" \/>\n<meta property=\"og:type\" content=\"article\" \/>\n<meta property=\"og:title\" content=\"Seminaria - Katedra Elektrotechniki, Energoelektroniki i Elektroenergetyki\" \/>\n<meta property=\"og:description\" content=\"Seminaria Katedry Elektrotechniki, Energoelektroniki i Elektroenergetyki odbywaj\u0105 si\u0119 o godzinie 12:15 w sali WE-110. Seminariawi\u0119cej\" \/>\n<meta property=\"og:url\" content=\"https:\/\/we.pb.edu.pl\/keeie\/nauka-i-badania\/seminaria\/\" \/>\n<meta property=\"og:site_name\" content=\"Katedra Elektrotechniki, Energoelektroniki i Elektroenergetyki\" \/>\n<meta property=\"article:modified_time\" content=\"2026-03-18T09:31:02+00:00\" \/>\n<meta name=\"twitter:card\" content=\"summary_large_image\" \/>\n<meta name=\"twitter:label1\" content=\"Szacowany czas czytania\" \/>\n\t<meta name=\"twitter:data1\" content=\"1 minuta\" \/>\n<script type=\"application\/ld+json\" class=\"yoast-schema-graph\">{\"@context\":\"https:\/\/schema.org\",\"@graph\":[{\"@type\":\"WebPage\",\"@id\":\"https:\/\/we.pb.edu.pl\/keeie\/nauka-i-badania\/seminaria\/\",\"url\":\"https:\/\/we.pb.edu.pl\/keeie\/nauka-i-badania\/seminaria\/\",\"name\":\"Seminaria - Katedra Elektrotechniki, Energoelektroniki i Elektroenergetyki\",\"isPartOf\":{\"@id\":\"https:\/\/we.pb.edu.pl\/keeie\/#website\"},\"datePublished\":\"2018-05-24T08:56:38+00:00\",\"dateModified\":\"2026-03-18T09:31:02+00:00\",\"breadcrumb\":{\"@id\":\"https:\/\/we.pb.edu.pl\/keeie\/nauka-i-badania\/seminaria\/#breadcrumb\"},\"inLanguage\":\"pl-PL\",\"potentialAction\":[{\"@type\":\"ReadAction\",\"target\":[\"https:\/\/we.pb.edu.pl\/keeie\/nauka-i-badania\/seminaria\/\"]}]},{\"@type\":\"BreadcrumbList\",\"@id\":\"https:\/\/we.pb.edu.pl\/keeie\/nauka-i-badania\/seminaria\/#breadcrumb\",\"itemListElement\":[{\"@type\":\"ListItem\",\"position\":1,\"name\":\"Strona g\u0142\u00f3wna\",\"item\":\"https:\/\/we.pb.edu.pl\/keeie\/\"},{\"@type\":\"ListItem\",\"position\":2,\"name\":\"Nauka i badania\",\"item\":\"https:\/\/we.pb.edu.pl\/keeie\/nauka-i-badania\/\"},{\"@type\":\"ListItem\",\"position\":3,\"name\":\"Seminaria\"}]},{\"@type\":\"WebSite\",\"@id\":\"https:\/\/we.pb.edu.pl\/keeie\/#website\",\"url\":\"https:\/\/we.pb.edu.pl\/keeie\/\",\"name\":\"Katedra Elektrotechniki, Energoelektroniki i Elektroenergetyki\",\"description\":\"Katedra Elektrotechniki, Energoelektroniki i Elektroenergetyki\",\"potentialAction\":[{\"@type\":\"SearchAction\",\"target\":{\"@type\":\"EntryPoint\",\"urlTemplate\":\"https:\/\/we.pb.edu.pl\/keeie\/?s={search_term_string}\"},\"query-input\":{\"@type\":\"PropertyValueSpecification\",\"valueRequired\":true,\"valueName\":\"search_term_string\"}}],\"inLanguage\":\"pl-PL\"}]}<\/script>\n<!-- \/ Yoast SEO plugin. -->","yoast_head_json":{"title":"Seminaria - Katedra Elektrotechniki, Energoelektroniki i Elektroenergetyki","robots":{"index":"index","follow":"follow","max-snippet":"max-snippet:-1","max-image-preview":"max-image-preview:large","max-video-preview":"max-video-preview:-1"},"canonical":"https:\/\/we.pb.edu.pl\/keeie\/nauka-i-badania\/seminaria\/","og_locale":"pl_PL","og_type":"article","og_title":"Seminaria - Katedra Elektrotechniki, Energoelektroniki i Elektroenergetyki","og_description":"Seminaria Katedry Elektrotechniki, Energoelektroniki i Elektroenergetyki odbywaj\u0105 si\u0119 o godzinie 12:15 w sali WE-110. Seminariawi\u0119cej","og_url":"https:\/\/we.pb.edu.pl\/keeie\/nauka-i-badania\/seminaria\/","og_site_name":"Katedra Elektrotechniki, Energoelektroniki i Elektroenergetyki","article_modified_time":"2026-03-18T09:31:02+00:00","twitter_card":"summary_large_image","twitter_misc":{"Szacowany czas czytania":"1 minuta"},"schema":{"@context":"https:\/\/schema.org","@graph":[{"@type":"WebPage","@id":"https:\/\/we.pb.edu.pl\/keeie\/nauka-i-badania\/seminaria\/","url":"https:\/\/we.pb.edu.pl\/keeie\/nauka-i-badania\/seminaria\/","name":"Seminaria - Katedra Elektrotechniki, Energoelektroniki i Elektroenergetyki","isPartOf":{"@id":"https:\/\/we.pb.edu.pl\/keeie\/#website"},"datePublished":"2018-05-24T08:56:38+00:00","dateModified":"2026-03-18T09:31:02+00:00","breadcrumb":{"@id":"https:\/\/we.pb.edu.pl\/keeie\/nauka-i-badania\/seminaria\/#breadcrumb"},"inLanguage":"pl-PL","potentialAction":[{"@type":"ReadAction","target":["https:\/\/we.pb.edu.pl\/keeie\/nauka-i-badania\/seminaria\/"]}]},{"@type":"BreadcrumbList","@id":"https:\/\/we.pb.edu.pl\/keeie\/nauka-i-badania\/seminaria\/#breadcrumb","itemListElement":[{"@type":"ListItem","position":1,"name":"Strona g\u0142\u00f3wna","item":"https:\/\/we.pb.edu.pl\/keeie\/"},{"@type":"ListItem","position":2,"name":"Nauka i badania","item":"https:\/\/we.pb.edu.pl\/keeie\/nauka-i-badania\/"},{"@type":"ListItem","position":3,"name":"Seminaria"}]},{"@type":"WebSite","@id":"https:\/\/we.pb.edu.pl\/keeie\/#website","url":"https:\/\/we.pb.edu.pl\/keeie\/","name":"Katedra Elektrotechniki, Energoelektroniki i Elektroenergetyki","description":"Katedra Elektrotechniki, Energoelektroniki i Elektroenergetyki","potentialAction":[{"@type":"SearchAction","target":{"@type":"EntryPoint","urlTemplate":"https:\/\/we.pb.edu.pl\/keeie\/?s={search_term_string}"},"query-input":{"@type":"PropertyValueSpecification","valueRequired":true,"valueName":"search_term_string"}}],"inLanguage":"pl-PL"}]}},"_links":{"self":[{"href":"https:\/\/we.pb.edu.pl\/keeie\/wp-json\/wp\/v2\/pages\/81","targetHints":{"allow":["GET"]}}],"collection":[{"href":"https:\/\/we.pb.edu.pl\/keeie\/wp-json\/wp\/v2\/pages"}],"about":[{"href":"https:\/\/we.pb.edu.pl\/keeie\/wp-json\/wp\/v2\/types\/page"}],"author":[{"embeddable":true,"href":"https:\/\/we.pb.edu.pl\/keeie\/wp-json\/wp\/v2\/users\/8"}],"replies":[{"embeddable":true,"href":"https:\/\/we.pb.edu.pl\/keeie\/wp-json\/wp\/v2\/comments?post=81"}],"version-history":[{"count":26,"href":"https:\/\/we.pb.edu.pl\/keeie\/wp-json\/wp\/v2\/pages\/81\/revisions"}],"predecessor-version":[{"id":759,"href":"https:\/\/we.pb.edu.pl\/keeie\/wp-json\/wp\/v2\/pages\/81\/revisions\/759"}],"up":[{"embeddable":true,"href":"https:\/\/we.pb.edu.pl\/keeie\/wp-json\/wp\/v2\/pages\/74"}],"wp:attachment":[{"href":"https:\/\/we.pb.edu.pl\/keeie\/wp-json\/wp\/v2\/media?parent=81"}],"curies":[{"name":"wp","href":"https:\/\/api.w.org\/{rel}","templated":true}]}}