{"id":68,"date":"2018-05-24T10:41:01","date_gmt":"2018-05-24T08:41:01","guid":{"rendered":"https:\/\/we.pb.edu.pl\/ketim\/?page_id=68"},"modified":"2020-12-11T10:13:20","modified_gmt":"2020-12-11T09:13:20","slug":"zagadnienia-na-egzamin-dyplomowy","status":"publish","type":"page","link":"https:\/\/we.pb.edu.pl\/keeie\/zagadnienia-na-egzamin-dyplomowy\/","title":{"rendered":"Zagadnienia na egzamin dyplomowy"},"content":{"rendered":"<h2>Zesp\u00f3\u0142 Elektroenergetyki<\/h2>\n<ol>\n<li>Ochrona przeciwpora\u017ceniowa w\u00a0instalacjach i\u00a0sieciach elektroenergetycznych.<\/li>\n<li>\u0141\u0105czniki w\u00a0instalacjach i\u00a0sieciach elektroenergetycznych \u2013 rodzaje, kryteria doboru.<\/li>\n<li>Uk\u0142ady pomiarowe oraz urz\u0105dzenia stosowane w\u00a0elektroenergetycznych uk\u0142adach pomiarowych.<\/li>\n<li>Konstrukcje wsporcze stosowane w\u00a0sieciach elektroenergetycznych \u2013 podzia\u0142 oraz dob\u00f3r.<\/li>\n<li>Przewody i\u00a0kable stosowane w\u00a0instalacjach i\u00a0sieciach elektroenergetycznych \u2013 budowa, kryteria doboru.<\/li>\n<li>Schematy zast\u0119pcze urz\u0105dze\u0144 elektroenergetycznych.<\/li>\n<li>Straty mocy i\u00a0energii w\u00a0uk\u0142adach elektroenergetycznych.<\/li>\n<li>Badania odbiorcze oraz okresowe w\u00a0instalacjach i\u00a0sieciach elektroenergetycznych.<\/li>\n<li>Zasady obliczania pr\u0105d\u00f3w zwarciowych w\u00a0uk\u0142adach elektroenergetycznych.<\/li>\n<li>Zasady projektowania instalacji o\u015bwietleniowych w\u00a0obiektach technicznych.<\/li>\n<li>Wytwarzanie energii elektrycznej \u2013 technologie, procesy.<\/li>\n<li>Charakterystyki niezawodno\u015bciowe urz\u0105dze\u0144 i\u00a0instalacji elektrycznych.<\/li>\n<li>Idee dzia\u0142ania podstawowych zabezpiecze\u0144 elektroenergetycznych.<\/li>\n<li>Ochrona przeciwprzepi\u0119ciowa w\u00a0instalacjach i\u00a0sieciach elektroenergetycznych.<\/li>\n<li>Rozp\u0142ywy mocy w\u00a0sieciach i\u00a0systemach elektroenergetycznych.<\/li>\n<li>Bezpiecze\u0144stwo pracy i\u00a0stabilno\u015b\u0107 system\u00f3w elektroenergetycznych.<\/li>\n<li>Stacje elektroenergetyczne \u2013 podzia\u0142, zadania, uk\u0142ady po\u0142\u0105cze\u0144.<\/li>\n<li>Analiza koszt\u00f3w wytwarzania, przesy\u0142u i\u00a0u\u017cytkowania energii elektrycznej.<\/li>\n<li>Oddzia\u0142ywanie system\u00f3w energetycznych na \u015brodowisko.<\/li>\n<li>Parametry jako\u015bciowe charakteryzuj\u0105ce energi\u0119 elektryczn\u0105.<\/li>\n<\/ol>\n<p class=\"std\"><a class=\"pdf\" href=\"\/keeie\/wp-content\/uploads\/sites\/7\/2020\/12\/keeie-zag-egz-zespol-elektroenrgetyki.pdf\">Plik do wydruku (PDF dost\u0119pny cyfrowo, 123 kB)<\/a><\/p>\n<h2>Zesp\u00f3\u0142 Elektrotechniki Teoretycznej i Metrologii<\/h2>\n<ol>\n<li>Podstawowe elementy bierne obwodu (rezystor, kondensator, cewka). Zale\u017cno\u015bci pomi\u0119dzy pr\u0105dami i\u00a0napi\u0119ciami w\u00a0tych elementach.<\/li>\n<li>Elementy aktywne obwodu (\u017ar\u00f3d\u0142a napi\u0119cia lub pr\u0105du, rzeczywiste lub idealne). Charakterystyki \u017ar\u00f3de\u0142.<\/li>\n<li>Definicja i\u00a0sens fizyczny warto\u015bci skutecznej sygna\u0142u oraz warto\u015bci \u015bredniej sygna\u0142u. Zale\u017cno\u015bci, kt\u00f3re mo\u017cna stosowa\u0107 przy obliczeniu warto\u015bci skutecznej dla przebieg\u00f3w odkszta\u0142conych okresowych: w\u00a0spos\u00f3b dok\u0142adny, w\u00a0spos\u00f3b przybli\u017cony (na podstawie szeregu Fouriera).<\/li>\n<li>Definicja mocy chwilowej, czynnej, biernej i\u00a0pozornej w\u00a0obwodach jednofazowych pr\u0105d\u00f3w sinusoidalnie zmiennych. Sens fizyczny poszczeg\u00f3lnych poj\u0119\u0107 oraz jednostki w\u00a0jakich s\u0105 wyra\u017cane. Zwi\u0105zki matematyczne mi\u0119dzy mocami.<\/li>\n<li>Warunki dopasowania odbiornika do \u017ar\u00f3d\u0142a w\u00a0obwodach pr\u0105du sinusoidalnie zmiennego ze wzgl\u0119du na moc czynn\u0105 oraz na moc pozorn\u0105.<\/li>\n<li>Parametry rezonansowe uk\u0142adu szeregowego i\u00a0r\u00f3wnoleg\u0142ego (pulsacja rezonansowa, dobro\u0107, t\u0142umienie, rozstrojenie bezwzgl\u0119dne i\u00a0wzgl\u0119dne, pasmo przenoszenia, selektywno\u015b\u0107).<\/li>\n<li>Zjawiska fizyczne wyst\u0119puj\u0105ce przy sprz\u0119\u017ceniach magnetycznych (indukcja w\u0142asna i\u00a0wzajemna). Zaciski jednoimienne. Sposoby analizy takich obwod\u00f3w (prawa Kirchhoffa, eliminacja sprz\u0119\u017ce\u0144, metoda oczkowa).<\/li>\n<li>Uk\u0142ad tr\u00f3jfazowy z\u00a0odbiornikami po\u0142\u0105czonymi w\u00a0gwiazd\u0119 (uk\u0142ad z\u00a0przewodem zerowym lub bez, odbiornik symetryczny lub niesymetryczny). Tok oblicze\u0144 uk\u0142adu, wykres wektorowy.<\/li>\n<li>Uk\u0142ad tr\u00f3jfazowy z\u00a0odbiornikami po\u0142\u0105czonymi w\u00a0tr\u00f3jk\u0105t (odbiornik symetryczny lub niesymetryczny). Tok oblicze\u0144, wykres wektorowy.<\/li>\n<li>Pomiar mocy czynnej w\u00a0uk\u0142adzie tr\u00f3jfazowym symetrycznym i\u00a0niesymetrycznych. Uk\u0142ad Arona do pomiaru mocy. Pomiar mocy biernej w\u00a0uk\u0142adzie tr\u00f3jfazowym.<\/li>\n<li>Wzory definiuj\u0105ce parametry robocze czw\u00f3rnik\u00f3w. Zale\u017cno\u015bci opisuj\u0105ce wybrane parametry robocze w\u00a0funkcji dowolnej macierzy charakteryzuj\u0105cej czw\u00f3rnik.<\/li>\n<li>Stany nieustalone (przej\u015bciowe) w\u00a0obwodach elektrycznych pr\u0105du sta\u0142ego i\u00a0przemiennego: skokowe za\u0142\u0105czanie obwod\u00f3w RLC; skokowe wy\u0142\u0105czanie obwod\u00f3w RLC; skokowa zmiana napi\u0119cia w\u00a0obwodach RLC; \u0142adowanie i\u00a0roz\u0142adowanie kondensatora pr\u0105dem sta\u0142ym: w\u00a0obwodach RC, RLC. Przebiegi pr\u0105du i\u00a0napi\u0119\u0107 w\u00a0uk\u0142adzie w\u00a0stanie nieustalonym. Sta\u0142a czasowa uk\u0142adu.<\/li>\n<li>Schemat zast\u0119pczy linii przesy\u0142owej pr\u0105du przemiennego, strata pr\u0105du i\u00a0strata napi\u0119cia w\u00a0linii. Wykres wektorowy uk\u0142adu przy obci\u0105\u017ceniu dw\u00f3jnikiem R, RC, RL i\u00a0w\u00a0biegu ja\u0142owym.<\/li>\n<li>Podstawowe r\u00f3wnania opisuj\u0105ce pole elektromagnetyczne. Podstawowe prawa elektromagnetyzmu oraz elektromechanicznego przetwarzania energii.<\/li>\n<li>B\u0142\u0105d graniczny na wybranym przyk\u0142adzie miernika cyfrowego i\u00a0przyrz\u0105du analogowego.<\/li>\n<li>Obliczanie niepewno\u015bci pomiaru bezpo\u015bredniego i\u00a0po\u015bredniego. Zapis wyniku pomiaru.<\/li>\n<li>Metody pomiaru rezystancji i\u00a0impedancji. \u0179r\u00f3d\u0142a b\u0142\u0119d\u00f3w.<\/li>\n<li>Pozycyjne systemy liczbowe. System dw\u00f3jkowy. Konwersje pomi\u0119dzy systemami liczbowymi.<\/li>\n<li>Kodowanie liczb ca\u0142kowitych i\u00a0zmiennoprzecinkowych (standard IEEE 754) w\u00a0systemach komputerowych.<\/li>\n<li>Og\u00f3lna struktura programu i\u00a0podstawowe typy danych w\u00a0programach w\u00a0j\u0119zyku C.<\/li>\n<\/ol>\n<p class=\"std\"><a class=\"pdf\" href=\"\/keeie\/wp-content\/uploads\/sites\/7\/2020\/12\/keeie-zag-egz-zespol-elektrotechniki.pdf\">Plik do wydruku (PDF dost\u0119pny cyfrowo, 130 kB)<\/a><\/p>\n<h2>Zesp\u00f3\u0142 Energoelektroniki i\u00a0Nap\u0119d\u00f3w Elektrycznych<\/h2>\n<ol>\n<li>Budowa, zasada dzia\u0142ania, schematy zast\u0119pcze i\u00a0podstawowe charakterystyki maszyn elektrycznych. Analiza strat energii w\u00a0maszynach elektrycznych.<\/li>\n<li>Budowa i\u00a0zasada dzia\u0142ania elektromaszynowych element\u00f3w automatyki.<\/li>\n<li>Struktura i\u00a0zasady syntezy uk\u0142ad\u00f3w regulacji pr\u0119dko\u015bci z\u00a0silnikami pr\u0105du sta\u0142ego.<\/li>\n<li>Uproszczone uk\u0142ady sterowania cz\u0119stotliwo\u015bciowego silnik\u00f3w indukcyjnych (u\/f=const., sterowanie poprzez charakterystyki pr\u0105d-po\u015blizg).<\/li>\n<li>Sterowanie cz\u0119stotliwo\u015bciowe silnik\u00f3w indukcyjnych zgodnie z metodami: bezpo\u015bredniej orientacji polowej (DFOC), po\u015bredniej orientacji polowej (IFOC) oraz DTC.<\/li>\n<li>Metody regulacji pr\u0119dko\u015bci w\u00a0uk\u0142adach nap\u0119dowych z\u00a0silnikami pr\u0105du sta\u0142ego i\u00a0przemiennego. Metody oceny jako\u015bci zamkni\u0119tych uk\u0142ad\u00f3w regulacji.<\/li>\n<li>Rodzaje hamowa\u0144 stosowanych w\u00a0uk\u0142adach nap\u0119dowych z\u00a0silnikami pr\u0105du sta\u0142ego i\u00a0przemiennego.<\/li>\n<li>Sposoby eliminacji wp\u0142ywu zak\u0142\u00f3ce\u0144 (elektromagnetycznych, magnetycznych, elektrostatycznych) na prac\u0119 uk\u0142ad\u00f3w elektroniki przemys\u0142owej.<\/li>\n<li>Budowa, zasada pracy oraz programowanie sterownik\u00f3w PLC.<\/li>\n<li>Przekszta\u0142tniki DC\/DC, podstawowe topologie uk\u0142ad\u00f3w jednokwadrantowych i\u00a0wielokwadrantowych, uk\u0142ady z\u00a0komutacj\u0105 mi\u0119kk\u0105 i\u00a0tward\u0105.<\/li>\n<li>Przekszta\u0142tniki DC\/AC (falowniki), metody MSI, uk\u0142ady zamkni\u0119te i\u00a0otwarte, zaawansowane metody sterowania. Analiza strat energii w\u00a0przekszta\u0142tnikach.<\/li>\n<li>Przekszta\u0142tniki AC\/DC pracuj\u0105ce z\u00a0jednostkowym wej\u015bciowym wsp\u00f3\u0142czynnikiem mocy, filtry aktywne, kompensacja mocy biernej. Analiza strat energii w przekszta\u0142tnikach.<\/li>\n<li>Sposoby realizacji typowych podzespo\u0142\u00f3w (filtry, regulatory, ograniczniki sygna\u0142u, przetworniki A\/C i\u00a0C\/A itp.) w\u00a0uk\u0142adach elektroniki przemys\u0142owej.<\/li>\n<li>Uk\u0142ady pomiarowe wielko\u015bci elektrycznych (pr\u0105d i\u00a0napi\u0119cie) oraz nieelektrycznych (pr\u0119dko\u015b\u0107 i\u00a0po\u0142o\u017cenie).<\/li>\n<li>\u0179r\u00f3d\u0142a energii elektrycznej i\u00a0parametry \u017ar\u00f3de\u0142: pr\u0105du sta\u0142ego, pr\u0105du przemiennego (jednofazowe, tr\u00f3jfazowe, napi\u0119ciowe, pr\u0105dowe). Stany \u017ar\u00f3de\u0142 (ja\u0142owy, zwarcia, obci\u0105\u017cenia), sprawno\u015b\u0107 \u017ar\u00f3de\u0142. \u0179r\u00f3d\u0142a jako wydajniki i\u00a0odbiorniki energii elektrycznej. Wsp\u00f3\u0142praca \u017ar\u00f3de\u0142 energii po\u0142\u0105czonych: szeregowo, r\u00f3wnolegle, w\u00a0spos\u00f3b mieszany.<\/li>\n<li>Pole elektryczne (nat\u0119\u017cenie pola, si\u0142y dzia\u0142aj\u0105ce w\u00a0polu). Pole magnetyczne (indukcja, strumie\u0144 magnetyczny, si\u0142y dzia\u0142aj\u0105ce w\u00a0polu). Energia i\u00a0moc elektryczna: pr\u0105du sta\u0142ego, pr\u0105du przemiennego (1-fazowego, 3-fazowego), pr\u0105du zmiennego niesinusoidalnie (odkszta\u0142conego), bilans mocy w\u00a0obwodach elektrycznych.<\/li>\n<li>Rodzaje, budowa oraz architektura uk\u0142ad\u00f3w mikroprocesorowych (r\u00f3\u017cnice pomi\u0119dzy mikrokontrolerem, a mikroprocesorem oraz wynikaj\u0105ce z\u00a0tego podzia\u0142u zalety i\u00a0wady).<\/li>\n<li>Zastosowanie uk\u0142ad\u00f3w mikroprocesorowych w\u00a0aplikacjach zwi\u0105zanych z\u00a0energoelektronik\u0105 i\u00a0nap\u0119dem elektrycznym (przydatno\u015b\u0107 mikrokontrolera\/mikroprocesora w\u00a0tego typu aplikacjach).<\/li>\n<li>Podstawy techniki sterowania adaptacyjnego na przyk\u0142adzie cz\u0142onu inercyjnego I\u00a0rz\u0119du.<\/li>\n<li>Synteza obwodu regulacji pr\u0105du stojana silnik\u00f3w indukcyjnych.<\/li>\n<\/ol>\n<p class=\"std\"><a class=\"pdf\" href=\"\/keeie\/wp-content\/uploads\/sites\/7\/2020\/12\/keeie-zag-egz-zespol-energoelektroniki.pdf\">Plik do wydruku (PDF dost\u0119pny cyfrowo, 129 kB)<\/a><\/p>\n","protected":false},"excerpt":{"rendered":"<p>Zesp\u00f3\u0142 Elektroenergetyki Ochrona przeciwpora\u017ceniowa w\u00a0instalacjach i\u00a0sieciach elektroenergetycznych. \u0141\u0105czniki w\u00a0instalacjach i\u00a0sieciach elektroenergetycznych \u2013 rodzaje, kryteria doboru.<a class=\"read-more\" href=\"https:\/\/we.pb.edu.pl\/keeie\/zagadnienia-na-egzamin-dyplomowy\/\" title=\"Poka\u017c artyku\u0142 Zagadnienia na egzamin dyplomowy\">wi\u0119cej<\/a><\/p>\n","protected":false},"author":8,"featured_media":0,"parent":0,"menu_order":0,"comment_status":"closed","ping_status":"closed","template":"","meta":{"inline_featured_image":false,"ngg_post_thumbnail":0,"footnotes":""},"class_list":["post-68","page","type-page","status-publish","hentry"],"acf":[],"yoast_head":"<!-- This site is optimized with the Yoast SEO plugin v26.4 - https:\/\/yoast.com\/wordpress\/plugins\/seo\/ -->\n<title>Zagadnienia na egzamin dyplomowy - Katedra Elektrotechniki, Energoelektroniki i Elektroenergetyki<\/title>\n<meta name=\"robots\" content=\"index, follow, max-snippet:-1, max-image-preview:large, max-video-preview:-1\" \/>\n<link rel=\"canonical\" href=\"https:\/\/we.pb.edu.pl\/keeie\/zagadnienia-na-egzamin-dyplomowy\/\" \/>\n<meta property=\"og:locale\" content=\"pl_PL\" \/>\n<meta property=\"og:type\" content=\"article\" \/>\n<meta property=\"og:title\" content=\"Zagadnienia na egzamin dyplomowy - Katedra Elektrotechniki, Energoelektroniki i Elektroenergetyki\" \/>\n<meta property=\"og:description\" content=\"Zesp\u00f3\u0142 Elektroenergetyki Ochrona przeciwpora\u017ceniowa w\u00a0instalacjach i\u00a0sieciach elektroenergetycznych. \u0141\u0105czniki w\u00a0instalacjach i\u00a0sieciach elektroenergetycznych \u2013 rodzaje, kryteria doboru.wi\u0119cej\" \/>\n<meta property=\"og:url\" content=\"https:\/\/we.pb.edu.pl\/keeie\/zagadnienia-na-egzamin-dyplomowy\/\" \/>\n<meta property=\"og:site_name\" content=\"Katedra Elektrotechniki, Energoelektroniki i Elektroenergetyki\" \/>\n<meta property=\"article:modified_time\" content=\"2020-12-11T09:13:20+00:00\" \/>\n<meta name=\"twitter:card\" content=\"summary_large_image\" \/>\n<meta name=\"twitter:label1\" content=\"Szacowany czas czytania\" \/>\n\t<meta name=\"twitter:data1\" content=\"6 minut\" \/>\n<script type=\"application\/ld+json\" class=\"yoast-schema-graph\">{\"@context\":\"https:\/\/schema.org\",\"@graph\":[{\"@type\":\"WebPage\",\"@id\":\"https:\/\/we.pb.edu.pl\/keeie\/zagadnienia-na-egzamin-dyplomowy\/\",\"url\":\"https:\/\/we.pb.edu.pl\/keeie\/zagadnienia-na-egzamin-dyplomowy\/\",\"name\":\"Zagadnienia na egzamin dyplomowy - Katedra Elektrotechniki, Energoelektroniki i Elektroenergetyki\",\"isPartOf\":{\"@id\":\"https:\/\/we.pb.edu.pl\/keeie\/#website\"},\"datePublished\":\"2018-05-24T08:41:01+00:00\",\"dateModified\":\"2020-12-11T09:13:20+00:00\",\"breadcrumb\":{\"@id\":\"https:\/\/we.pb.edu.pl\/keeie\/zagadnienia-na-egzamin-dyplomowy\/#breadcrumb\"},\"inLanguage\":\"pl-PL\",\"potentialAction\":[{\"@type\":\"ReadAction\",\"target\":[\"https:\/\/we.pb.edu.pl\/keeie\/zagadnienia-na-egzamin-dyplomowy\/\"]}]},{\"@type\":\"BreadcrumbList\",\"@id\":\"https:\/\/we.pb.edu.pl\/keeie\/zagadnienia-na-egzamin-dyplomowy\/#breadcrumb\",\"itemListElement\":[{\"@type\":\"ListItem\",\"position\":1,\"name\":\"Strona g\u0142\u00f3wna\",\"item\":\"https:\/\/we.pb.edu.pl\/keeie\/\"},{\"@type\":\"ListItem\",\"position\":2,\"name\":\"Zagadnienia na egzamin dyplomowy\"}]},{\"@type\":\"WebSite\",\"@id\":\"https:\/\/we.pb.edu.pl\/keeie\/#website\",\"url\":\"https:\/\/we.pb.edu.pl\/keeie\/\",\"name\":\"Katedra Elektrotechniki, Energoelektroniki i Elektroenergetyki\",\"description\":\"Katedra Elektrotechniki, Energoelektroniki i Elektroenergetyki\",\"potentialAction\":[{\"@type\":\"SearchAction\",\"target\":{\"@type\":\"EntryPoint\",\"urlTemplate\":\"https:\/\/we.pb.edu.pl\/keeie\/?s={search_term_string}\"},\"query-input\":{\"@type\":\"PropertyValueSpecification\",\"valueRequired\":true,\"valueName\":\"search_term_string\"}}],\"inLanguage\":\"pl-PL\"}]}<\/script>\n<!-- \/ Yoast SEO plugin. -->","yoast_head_json":{"title":"Zagadnienia na egzamin dyplomowy - Katedra Elektrotechniki, Energoelektroniki i Elektroenergetyki","robots":{"index":"index","follow":"follow","max-snippet":"max-snippet:-1","max-image-preview":"max-image-preview:large","max-video-preview":"max-video-preview:-1"},"canonical":"https:\/\/we.pb.edu.pl\/keeie\/zagadnienia-na-egzamin-dyplomowy\/","og_locale":"pl_PL","og_type":"article","og_title":"Zagadnienia na egzamin dyplomowy - Katedra Elektrotechniki, Energoelektroniki i Elektroenergetyki","og_description":"Zesp\u00f3\u0142 Elektroenergetyki Ochrona przeciwpora\u017ceniowa w\u00a0instalacjach i\u00a0sieciach elektroenergetycznych. \u0141\u0105czniki w\u00a0instalacjach i\u00a0sieciach elektroenergetycznych \u2013 rodzaje, kryteria doboru.wi\u0119cej","og_url":"https:\/\/we.pb.edu.pl\/keeie\/zagadnienia-na-egzamin-dyplomowy\/","og_site_name":"Katedra Elektrotechniki, Energoelektroniki i Elektroenergetyki","article_modified_time":"2020-12-11T09:13:20+00:00","twitter_card":"summary_large_image","twitter_misc":{"Szacowany czas czytania":"6 minut"},"schema":{"@context":"https:\/\/schema.org","@graph":[{"@type":"WebPage","@id":"https:\/\/we.pb.edu.pl\/keeie\/zagadnienia-na-egzamin-dyplomowy\/","url":"https:\/\/we.pb.edu.pl\/keeie\/zagadnienia-na-egzamin-dyplomowy\/","name":"Zagadnienia na egzamin dyplomowy - Katedra Elektrotechniki, Energoelektroniki i Elektroenergetyki","isPartOf":{"@id":"https:\/\/we.pb.edu.pl\/keeie\/#website"},"datePublished":"2018-05-24T08:41:01+00:00","dateModified":"2020-12-11T09:13:20+00:00","breadcrumb":{"@id":"https:\/\/we.pb.edu.pl\/keeie\/zagadnienia-na-egzamin-dyplomowy\/#breadcrumb"},"inLanguage":"pl-PL","potentialAction":[{"@type":"ReadAction","target":["https:\/\/we.pb.edu.pl\/keeie\/zagadnienia-na-egzamin-dyplomowy\/"]}]},{"@type":"BreadcrumbList","@id":"https:\/\/we.pb.edu.pl\/keeie\/zagadnienia-na-egzamin-dyplomowy\/#breadcrumb","itemListElement":[{"@type":"ListItem","position":1,"name":"Strona g\u0142\u00f3wna","item":"https:\/\/we.pb.edu.pl\/keeie\/"},{"@type":"ListItem","position":2,"name":"Zagadnienia na egzamin dyplomowy"}]},{"@type":"WebSite","@id":"https:\/\/we.pb.edu.pl\/keeie\/#website","url":"https:\/\/we.pb.edu.pl\/keeie\/","name":"Katedra Elektrotechniki, Energoelektroniki i Elektroenergetyki","description":"Katedra Elektrotechniki, Energoelektroniki i Elektroenergetyki","potentialAction":[{"@type":"SearchAction","target":{"@type":"EntryPoint","urlTemplate":"https:\/\/we.pb.edu.pl\/keeie\/?s={search_term_string}"},"query-input":{"@type":"PropertyValueSpecification","valueRequired":true,"valueName":"search_term_string"}}],"inLanguage":"pl-PL"}]}},"_links":{"self":[{"href":"https:\/\/we.pb.edu.pl\/keeie\/wp-json\/wp\/v2\/pages\/68","targetHints":{"allow":["GET"]}}],"collection":[{"href":"https:\/\/we.pb.edu.pl\/keeie\/wp-json\/wp\/v2\/pages"}],"about":[{"href":"https:\/\/we.pb.edu.pl\/keeie\/wp-json\/wp\/v2\/types\/page"}],"author":[{"embeddable":true,"href":"https:\/\/we.pb.edu.pl\/keeie\/wp-json\/wp\/v2\/users\/8"}],"replies":[{"embeddable":true,"href":"https:\/\/we.pb.edu.pl\/keeie\/wp-json\/wp\/v2\/comments?post=68"}],"version-history":[{"count":9,"href":"https:\/\/we.pb.edu.pl\/keeie\/wp-json\/wp\/v2\/pages\/68\/revisions"}],"predecessor-version":[{"id":449,"href":"https:\/\/we.pb.edu.pl\/keeie\/wp-json\/wp\/v2\/pages\/68\/revisions\/449"}],"wp:attachment":[{"href":"https:\/\/we.pb.edu.pl\/keeie\/wp-json\/wp\/v2\/media?parent=68"}],"curies":[{"name":"wp","href":"https:\/\/api.w.org\/{rel}","templated":true}]}}