{"id":58,"date":"2018-05-24T10:16:24","date_gmt":"2018-05-24T08:16:24","guid":{"rendered":"https:\/\/we.pb.edu.pl\/ketim\/?page_id=58"},"modified":"2020-03-17T11:49:29","modified_gmt":"2020-03-17T10:49:29","slug":"dydaktyka","status":"publish","type":"page","link":"https:\/\/we.pb.edu.pl\/keeie\/dydaktyka\/","title":{"rendered":"Dydaktyka"},"content":{"rendered":"<h3 style=\"text-align: center;\">Pracownicy Katedry prowadz\u0105 zaj\u0119cia dydaktyczne z zakresu m. in. elektrotechniki teoretycznej, maszyn elektrycznych, nap\u0119du elektrycznego i&nbsp;automatyki napedu elektrycznego, mechatroniki, energoelektroniki, techniki mikroprocesorowej i&nbsp;przemys\u0142owych system\u00f3w cyfrowych, metrologii, informatyki technicznej. Prowadzone s\u0105 r\u00f3wnie\u017c zaj\u0119cia dydaktyczne w&nbsp;j\u0119zyku angielskim dla student\u00f3w przyje\u017cd\u017caj\u0105cych w ramach programu Erasmus.<\/h3>\n<p>&nbsp;<\/p>\n<div class=\"row\">\n<div class=\"col-sm-1\">&nbsp;<\/div>\n<div class=\"col-sm-3\">\n<div class=\"panel panel-default panel-sport animated zoomIn\">\n<div class=\"panel-heading text-center\"><span class=\"lead\">Materia\u0142y dydaktyczne<br \/>\n<\/span><\/div>\n<div class=\"panel-body\">\n<div class=\"image\"><a href=\"materialy-dydaktyczne\"><img loading=\"lazy\" decoding=\"async\" class=\"aligncenter wp-image-41 size-full\" src=\"wp-content\/uploads\/sites\/7\/2018\/05\/pixabay-encyklopedia-696-410.jpg\" alt=\"\" width=\"696\" height=\"410\" srcset=\"https:\/\/we.pb.edu.pl\/keeie\/wp-content\/uploads\/sites\/7\/2018\/05\/pixabay-encyklopedia-696-410.jpg 696w, https:\/\/we.pb.edu.pl\/keeie\/wp-content\/uploads\/sites\/7\/2018\/05\/pixabay-encyklopedia-696-410-300x177.jpg 300w\" sizes=\"auto, (max-width: 696px) 100vw, 696px\" \/><\/a><\/div>\n<\/div>\n<\/div>\n<\/div>\n<div class=\"col-sm-3\">\n<div class=\"panel panel-default panel-sport animated zoomIn\">\n<div class=\"panel-heading text-center\"><span class=\"lead\">Egzamin dyplomowy<br \/>\n<\/span><\/div>\n<div class=\"panel-body\">\n<div class=\"image\"><a href=\"zagadnienia-na-egzamin-dyplomowy\/\"><img loading=\"lazy\" decoding=\"async\" class=\"aligncenter wp-image-62 size-full\" src=\"wp-content\/uploads\/sites\/7\/2018\/05\/egzamin-696-410.jpg\" alt=\"\" width=\"696\" height=\"410\" srcset=\"https:\/\/we.pb.edu.pl\/keeie\/wp-content\/uploads\/sites\/7\/2018\/05\/egzamin-696-410.jpg 696w, https:\/\/we.pb.edu.pl\/keeie\/wp-content\/uploads\/sites\/7\/2018\/05\/egzamin-696-410-300x177.jpg 300w\" sizes=\"auto, (max-width: 696px) 100vw, 696px\" \/><\/a><\/div>\n<\/div>\n<\/div>\n<\/div>\n<div class=\"col-sm-3\">\n<div class=\"panel panel-default panel-sport animated zoomIn\">\n<div class=\"panel-heading text-center\"><span class=\"lead\">Konsultacje<br \/>\n<\/span><\/div>\n<div class=\"panel-body\">\n<div class=\"image\"><a href=\"konsultacje\/\"><img loading=\"lazy\" decoding=\"async\" class=\"aligncenter wp-image-88 size-full\" src=\"https:\/\/we.pb.edu.pl\/kair\/wp-content\/uploads\/sites\/4\/2018\/05\/konsultacje-696-410-pixabayjpg.jpg\" alt=\"\" width=\"696\" height=\"410\"><\/a><\/div>\n<\/div>\n<\/div>\n<\/div>\n<div class=\"col-sm-2\">&nbsp;<\/div>\n<\/div>\n","protected":false},"excerpt":{"rendered":"<p>Pracownicy Katedry prowadz\u0105 zaj\u0119cia dydaktyczne z zakresu m. in. elektrotechniki teoretycznej, maszyn elektrycznych, nap\u0119du elektrycznego<a class=\"read-more\" href=\"https:\/\/we.pb.edu.pl\/keeie\/dydaktyka\/\" title=\"Poka\u017c artyku\u0142 Dydaktyka\">wi\u0119cej<\/a><\/p>\n","protected":false},"author":8,"featured_media":0,"parent":0,"menu_order":0,"comment_status":"closed","ping_status":"closed","template":"","meta":{"inline_featured_image":false,"ngg_post_thumbnail":0,"footnotes":""},"class_list":["post-58","page","type-page","status-publish","hentry"],"acf":[],"yoast_head":"<!-- This site is optimized with the Yoast SEO plugin v26.4 - https:\/\/yoast.com\/wordpress\/plugins\/seo\/ -->\n<title>Dydaktyka - Katedra Elektrotechniki, Energoelektroniki i Elektroenergetyki<\/title>\n<meta name=\"robots\" content=\"index, follow, max-snippet:-1, max-image-preview:large, max-video-preview:-1\" \/>\n<link rel=\"canonical\" href=\"https:\/\/we.pb.edu.pl\/keeie\/dydaktyka\/\" \/>\n<meta property=\"og:locale\" content=\"pl_PL\" \/>\n<meta property=\"og:type\" content=\"article\" \/>\n<meta property=\"og:title\" content=\"Dydaktyka - Katedra Elektrotechniki, Energoelektroniki i Elektroenergetyki\" \/>\n<meta property=\"og:description\" content=\"Pracownicy Katedry prowadz\u0105 zaj\u0119cia dydaktyczne z zakresu m. in. elektrotechniki teoretycznej, maszyn elektrycznych, nap\u0119du elektrycznegowi\u0119cej\" \/>\n<meta property=\"og:url\" content=\"https:\/\/we.pb.edu.pl\/keeie\/dydaktyka\/\" \/>\n<meta property=\"og:site_name\" content=\"Katedra Elektrotechniki, Energoelektroniki i Elektroenergetyki\" \/>\n<meta property=\"article:modified_time\" content=\"2020-03-17T10:49:29+00:00\" \/>\n<meta property=\"og:image\" content=\"https:\/\/we.pb.edu.pl\/kair\/wp-content\/uploads\/sites\/4\/2018\/05\/konsultacje-696-410-pixabayjpg.jpg\" \/>\n<meta name=\"twitter:card\" content=\"summary_large_image\" \/>\n<script type=\"application\/ld+json\" class=\"yoast-schema-graph\">{\"@context\":\"https:\/\/schema.org\",\"@graph\":[{\"@type\":\"WebPage\",\"@id\":\"https:\/\/we.pb.edu.pl\/keeie\/dydaktyka\/\",\"url\":\"https:\/\/we.pb.edu.pl\/keeie\/dydaktyka\/\",\"name\":\"Dydaktyka - Katedra Elektrotechniki, Energoelektroniki i Elektroenergetyki\",\"isPartOf\":{\"@id\":\"https:\/\/we.pb.edu.pl\/keeie\/#website\"},\"primaryImageOfPage\":{\"@id\":\"https:\/\/we.pb.edu.pl\/keeie\/dydaktyka\/#primaryimage\"},\"image\":{\"@id\":\"https:\/\/we.pb.edu.pl\/keeie\/dydaktyka\/#primaryimage\"},\"thumbnailUrl\":\"https:\/\/we.pb.edu.pl\/kair\/wp-content\/uploads\/sites\/4\/2018\/05\/konsultacje-696-410-pixabayjpg.jpg\",\"datePublished\":\"2018-05-24T08:16:24+00:00\",\"dateModified\":\"2020-03-17T10:49:29+00:00\",\"breadcrumb\":{\"@id\":\"https:\/\/we.pb.edu.pl\/keeie\/dydaktyka\/#breadcrumb\"},\"inLanguage\":\"pl-PL\",\"potentialAction\":[{\"@type\":\"ReadAction\",\"target\":[\"https:\/\/we.pb.edu.pl\/keeie\/dydaktyka\/\"]}]},{\"@type\":\"ImageObject\",\"inLanguage\":\"pl-PL\",\"@id\":\"https:\/\/we.pb.edu.pl\/keeie\/dydaktyka\/#primaryimage\",\"url\":\"https:\/\/we.pb.edu.pl\/kair\/wp-content\/uploads\/sites\/4\/2018\/05\/konsultacje-696-410-pixabayjpg.jpg\",\"contentUrl\":\"https:\/\/we.pb.edu.pl\/kair\/wp-content\/uploads\/sites\/4\/2018\/05\/konsultacje-696-410-pixabayjpg.jpg\"},{\"@type\":\"BreadcrumbList\",\"@id\":\"https:\/\/we.pb.edu.pl\/keeie\/dydaktyka\/#breadcrumb\",\"itemListElement\":[{\"@type\":\"ListItem\",\"position\":1,\"name\":\"Strona g\u0142\u00f3wna\",\"item\":\"https:\/\/we.pb.edu.pl\/keeie\/\"},{\"@type\":\"ListItem\",\"position\":2,\"name\":\"Dydaktyka\"}]},{\"@type\":\"WebSite\",\"@id\":\"https:\/\/we.pb.edu.pl\/keeie\/#website\",\"url\":\"https:\/\/we.pb.edu.pl\/keeie\/\",\"name\":\"Katedra Elektrotechniki, Energoelektroniki i Elektroenergetyki\",\"description\":\"Katedra Elektrotechniki, Energoelektroniki i Elektroenergetyki\",\"potentialAction\":[{\"@type\":\"SearchAction\",\"target\":{\"@type\":\"EntryPoint\",\"urlTemplate\":\"https:\/\/we.pb.edu.pl\/keeie\/?s={search_term_string}\"},\"query-input\":{\"@type\":\"PropertyValueSpecification\",\"valueRequired\":true,\"valueName\":\"search_term_string\"}}],\"inLanguage\":\"pl-PL\"}]}<\/script>\n<!-- \/ Yoast SEO plugin. -->","yoast_head_json":{"title":"Dydaktyka - Katedra Elektrotechniki, Energoelektroniki i Elektroenergetyki","robots":{"index":"index","follow":"follow","max-snippet":"max-snippet:-1","max-image-preview":"max-image-preview:large","max-video-preview":"max-video-preview:-1"},"canonical":"https:\/\/we.pb.edu.pl\/keeie\/dydaktyka\/","og_locale":"pl_PL","og_type":"article","og_title":"Dydaktyka - Katedra Elektrotechniki, Energoelektroniki i Elektroenergetyki","og_description":"Pracownicy Katedry prowadz\u0105 zaj\u0119cia dydaktyczne z zakresu m. in. elektrotechniki teoretycznej, maszyn elektrycznych, nap\u0119du elektrycznegowi\u0119cej","og_url":"https:\/\/we.pb.edu.pl\/keeie\/dydaktyka\/","og_site_name":"Katedra Elektrotechniki, Energoelektroniki i Elektroenergetyki","article_modified_time":"2020-03-17T10:49:29+00:00","og_image":[{"url":"https:\/\/we.pb.edu.pl\/kair\/wp-content\/uploads\/sites\/4\/2018\/05\/konsultacje-696-410-pixabayjpg.jpg","type":"","width":"","height":""}],"twitter_card":"summary_large_image","schema":{"@context":"https:\/\/schema.org","@graph":[{"@type":"WebPage","@id":"https:\/\/we.pb.edu.pl\/keeie\/dydaktyka\/","url":"https:\/\/we.pb.edu.pl\/keeie\/dydaktyka\/","name":"Dydaktyka - Katedra Elektrotechniki, Energoelektroniki i Elektroenergetyki","isPartOf":{"@id":"https:\/\/we.pb.edu.pl\/keeie\/#website"},"primaryImageOfPage":{"@id":"https:\/\/we.pb.edu.pl\/keeie\/dydaktyka\/#primaryimage"},"image":{"@id":"https:\/\/we.pb.edu.pl\/keeie\/dydaktyka\/#primaryimage"},"thumbnailUrl":"https:\/\/we.pb.edu.pl\/kair\/wp-content\/uploads\/sites\/4\/2018\/05\/konsultacje-696-410-pixabayjpg.jpg","datePublished":"2018-05-24T08:16:24+00:00","dateModified":"2020-03-17T10:49:29+00:00","breadcrumb":{"@id":"https:\/\/we.pb.edu.pl\/keeie\/dydaktyka\/#breadcrumb"},"inLanguage":"pl-PL","potentialAction":[{"@type":"ReadAction","target":["https:\/\/we.pb.edu.pl\/keeie\/dydaktyka\/"]}]},{"@type":"ImageObject","inLanguage":"pl-PL","@id":"https:\/\/we.pb.edu.pl\/keeie\/dydaktyka\/#primaryimage","url":"https:\/\/we.pb.edu.pl\/kair\/wp-content\/uploads\/sites\/4\/2018\/05\/konsultacje-696-410-pixabayjpg.jpg","contentUrl":"https:\/\/we.pb.edu.pl\/kair\/wp-content\/uploads\/sites\/4\/2018\/05\/konsultacje-696-410-pixabayjpg.jpg"},{"@type":"BreadcrumbList","@id":"https:\/\/we.pb.edu.pl\/keeie\/dydaktyka\/#breadcrumb","itemListElement":[{"@type":"ListItem","position":1,"name":"Strona g\u0142\u00f3wna","item":"https:\/\/we.pb.edu.pl\/keeie\/"},{"@type":"ListItem","position":2,"name":"Dydaktyka"}]},{"@type":"WebSite","@id":"https:\/\/we.pb.edu.pl\/keeie\/#website","url":"https:\/\/we.pb.edu.pl\/keeie\/","name":"Katedra Elektrotechniki, Energoelektroniki i Elektroenergetyki","description":"Katedra Elektrotechniki, Energoelektroniki i Elektroenergetyki","potentialAction":[{"@type":"SearchAction","target":{"@type":"EntryPoint","urlTemplate":"https:\/\/we.pb.edu.pl\/keeie\/?s={search_term_string}"},"query-input":{"@type":"PropertyValueSpecification","valueRequired":true,"valueName":"search_term_string"}}],"inLanguage":"pl-PL"}]}},"_links":{"self":[{"href":"https:\/\/we.pb.edu.pl\/keeie\/wp-json\/wp\/v2\/pages\/58","targetHints":{"allow":["GET"]}}],"collection":[{"href":"https:\/\/we.pb.edu.pl\/keeie\/wp-json\/wp\/v2\/pages"}],"about":[{"href":"https:\/\/we.pb.edu.pl\/keeie\/wp-json\/wp\/v2\/types\/page"}],"author":[{"embeddable":true,"href":"https:\/\/we.pb.edu.pl\/keeie\/wp-json\/wp\/v2\/users\/8"}],"replies":[{"embeddable":true,"href":"https:\/\/we.pb.edu.pl\/keeie\/wp-json\/wp\/v2\/comments?post=58"}],"version-history":[{"count":15,"href":"https:\/\/we.pb.edu.pl\/keeie\/wp-json\/wp\/v2\/pages\/58\/revisions"}],"predecessor-version":[{"id":195,"href":"https:\/\/we.pb.edu.pl\/keeie\/wp-json\/wp\/v2\/pages\/58\/revisions\/195"}],"wp:attachment":[{"href":"https:\/\/we.pb.edu.pl\/keeie\/wp-json\/wp\/v2\/media?parent=58"}],"curies":[{"name":"wp","href":"https:\/\/api.w.org\/{rel}","templated":true}]}}