{"id":318,"date":"2020-09-28T11:52:00","date_gmt":"2020-09-28T09:52:00","guid":{"rendered":"https:\/\/we.pb.edu.pl\/keeie\/?page_id=318"},"modified":"2022-01-25T16:42:04","modified_gmt":"2022-01-25T15:42:04","slug":"maszyny-elektryczne","status":"publish","type":"page","link":"https:\/\/we.pb.edu.pl\/keeie\/adam-solbut\/maszyny-elektryczne\/","title":{"rendered":"Maszyny Elektryczne"},"content":{"rendered":"<p><a class=\"pdf\" title=\"otworzy si\u0119 w nowej karcie\" href=\"https:\/\/we.pb.edu.pl\/keeie\/wp-content\/uploads\/sites\/7\/2021\/05\/MaszynyElektryczne1_v2.5.pdf\" target=\"_blank\" rel=\"noopener\" data-id=\"507\">MaszynyElektryczne1_v2.5 (PDF, wersja dost\u0119pna cyfrowo, 3 MB)<\/a><\/p>\n<p><a class=\"pdf\" title=\"otworzy si\u0119 w nowej karcie\" href=\"https:\/\/we.pb.edu.pl\/keeie\/wp-content\/uploads\/sites\/7\/2021\/05\/MaszynyElektryczne2_v3.6.pdf\" target=\"_blank\" rel=\"noopener\" data-id=\"508\">MaszynyElektryczne2_v3.6 (PDF, wersja dost\u0119pna cyfrowo, 4 MB)<\/a><\/p>\n<p><a href=\"\/keeie\/wp-content\/uploads\/sites\/7\/2020\/09\/as-me-wprowadzenie_1.pdf\">ME1-1 &#8211; wprowadzenie_1 (PDF dost\u0119pny cyfrowo, 1,0 MB)<\/a><br \/>\n<a href=\"\/keeie\/wp-content\/uploads\/sites\/7\/2020\/09\/as-me-wprowadzenie_2.pdf\">ME1-2 &#8211; wprowadzenie_2 (PDF dost\u0119pny cyfrowo, 780 kB)<\/a><\/p>\n<p><a class=\"pdf\" title=\"otworzy si\u0119 w nowej karcie\" href=\"https:\/\/we.pb.edu.pl\/keeie\/wp-content\/uploads\/sites\/7\/2020\/10\/transformator1fazowy.pdf\" target=\"_blank\" rel=\"noopener noreferrer\" data-id=\"382\">ME1-3 &#8211; transformator1fazowy (PDF, wersja dost\u0119pna cyfrowo, 982 KB)<\/a><\/p>\n<p><a class=\"pdf\" title=\"otworzy si\u0119 w nowej karcie\" href=\"https:\/\/we.pb.edu.pl\/keeie\/wp-content\/uploads\/sites\/7\/2020\/10\/transformator1fazowy_cd.pdf\" target=\"_blank\" rel=\"noopener noreferrer\" data-id=\"383\">ME1-4 &#8211; transformator1fazowy_cd (PDF, wersja dost\u0119pna cyfrowo, 901 KB)<\/a><\/p>\n<p><a class=\"pdf\" title=\"otworzy si\u0119 w nowej karcie\" href=\"https:\/\/we.pb.edu.pl\/keeie\/wp-content\/uploads\/sites\/7\/2020\/10\/transformator3fazowy.pdf\" target=\"_blank\" rel=\"noopener noreferrer\" data-id=\"384\">ME1-5 &#8211; transformator3fazowy (PDF, wersja dost\u0119pna cyfrowo, 1 MB)<\/a><\/p>\n<p><a class=\"pdf\" title=\"otworzy si\u0119 w nowej karcie\" href=\"https:\/\/we.pb.edu.pl\/keeie\/wp-content\/uploads\/sites\/7\/2020\/10\/transformator3fazowy_cd.pdf\" target=\"_blank\" rel=\"noopener noreferrer\" data-id=\"385\">ME1-6 &#8211; transformator3fazowy_cd (PDF, wersja dost\u0119pna cyfrowo, 802 KB)<\/a><\/p>\n<p><a href=\"\/keeie\/wp-content\/uploads\/sites\/7\/2020\/09\/as-me-transformator_stan_nieustalony.pdf\">ME1-7 &#8211; stany nieustalone (PDF dost\u0119pny cyfrowo, 639 kB)<\/a><br \/>\n<a href=\"\/keeie\/wp-content\/uploads\/sites\/7\/2020\/09\/as-me-wprowadzenie_ind.pdf\">ME1-8 &#8211; wprowadzenie do maszyn indukcyjnych (PDF dost\u0119pny cyfrowo, 1,1 MB)<\/a><br \/>\n<a href=\"\/keeie\/wp-content\/uploads\/sites\/7\/2020\/09\/as-me-asynch_schemat.pdf\">ME1-9 &#8211; schemat zast\u0119pczy (PDF dost\u0119pny cyfrowo, 755 kB)<\/a><br \/>\n<a href=\"\/keeie\/wp-content\/uploads\/sites\/7\/2020\/09\/as-me-asynch_charakterystyki.pdf\">ME1-10 &#8211; charakterystyki (PDF dost\u0119pny cyfrowo, 770 kB)<\/a><br \/>\n<a href=\"\/keeie\/wp-content\/uploads\/sites\/7\/2020\/09\/as-me-asynch_badania.pdf\">ME1-11 &#8211; badania maszyn indukcyjnych (PDF dost\u0119pny cyfrowo, 827 kB)<\/a><br \/>\n<a href=\"\/keeie\/wp-content\/uploads\/sites\/7\/2020\/09\/as-me-asynch_specjalne.pdf\">ME1-12 &#8211; maszyny specjalne (PDF dost\u0119pny cyfrowo, 708 kB)<\/a><br \/>\n<a href=\"\/keeie\/wp-content\/uploads\/sites\/7\/2020\/09\/as-me-wprowadzenie_do_dynamiki.pdf\">ME1- wprowadzenie do dynamiki (PDF dost\u0119pny cyfrowo, 931 kB)<\/a><br \/>\n<a href=\"\/keeie\/wp-content\/uploads\/sites\/7\/2020\/09\/as-me-asynch_dynamika.pdf\">ME1-dynamika maszyn indukcyjnych (PDF dost\u0119pny cyfrowo, 774 kB)<\/a><br \/>\n<a href=\"\/keeie\/wp-content\/uploads\/sites\/7\/2020\/09\/as-me-MPS_model.pdf\">ME2-1 &#8211; maszyny pr\u0105du sta\u0142ego &#8211; podstawy (PDF dost\u0119pny cyfrowo, 732 kB)<\/a><br \/>\n<a href=\"\/keeie\/wp-content\/uploads\/sites\/7\/2020\/09\/as-me-MPS_budowa.pdf\">ME2-2 &#8211; budowa maszyn pr\u0105du sta\u0142ego (PDF dost\u0119pny cyfrowo, 640 kB)<\/a><br \/>\n<a href=\"\/keeie\/wp-content\/uploads\/sites\/7\/2020\/09\/as-me-MPS_twornik.pdf\">ME2-3 &#8211; reakcja twornika (PDF dost\u0119pny cyfrowo, 909 kB)<\/a><br \/>\n<a href=\"\/keeie\/wp-content\/uploads\/sites\/7\/2020\/09\/as-me-MPS_charakterystyki.pdf\">ME2-4 &#8211; charakterystyki (PDF dost\u0119pny cyfrowo, 1,1 MB)<\/a><br \/>\n<a href=\"\/keeie\/wp-content\/uploads\/sites\/7\/2020\/09\/as-me-MPS_badania.pdf\">ME2-5 &#8211; badania maszyn pr\u0105du sta\u0142ego (PDF dost\u0119pny cyfrowo, 924 kB)<\/a><br \/>\n<a href=\"\/keeie\/wp-content\/uploads\/sites\/7\/2020\/09\/as-me-MPS_dynamika.pdf\">ME2-6 &#8211; dynamika maszyn pr\u0105du sta\u0142ego (PDF dost\u0119pny cyfrowo, 774 kB)<\/a><br \/>\n<a href=\"\/keeie\/wp-content\/uploads\/sites\/7\/2020\/09\/as-me-synchro_budowa.pdf\">ME2-7 &#8211; maszyny synchroniczne (PDF dost\u0119pny cyfrowo, 1,4 MB)<\/a><br \/>\n<a href=\"\/keeie\/wp-content\/uploads\/sites\/7\/2020\/09\/as-me-rys_synchro.pdf\">Maszyny synchroniczne &#8211; rysunki (PDF skanowany, 2,7 MB)<\/a><br \/>\n<a href=\"\/keeie\/wp-content\/uploads\/sites\/7\/2020\/09\/as-me-masz_cylindr.pdf\">Maszyny synchroniczne cylindryczne (PDF dost\u0119pny cyfrowo, 141 kB)<\/a><br \/>\n<a href=\"\/keeie\/wp-content\/uploads\/sites\/7\/2020\/09\/as-me-masz_jawnob.pdf\">Maszyny synchroniczne jawnobiegunowe (PDF dost\u0119pny cyfrowo, 105 kB)<\/a><br \/>\n<a href=\"\/keeie\/wp-content\/uploads\/sites\/7\/2020\/09\/as-me-ustal_synch.pdf\">Maszyny synchroniczne &#8211; stan ustalony (PDF dost\u0119pny cyfrowo, 365 kB)<\/a><br \/>\n<a href=\"\/keeie\/wp-content\/uploads\/sites\/7\/2020\/09\/as-me-synchro_praca_samotna.pdf\">SYNCHRO_praca_samotna (PDF dost\u0119pny cyfrowo, 1,5 MB)<\/a><br \/>\n<a href=\"\/keeie\/wp-content\/uploads\/sites\/7\/2020\/09\/as-me-rysunki.pdf\">Maszyny pr\u0105du sta\u0142ego &#8211; rysunki r\u00f3\u017cne (PDF skanowany, 665 kB)<\/a><br \/>\n<a href=\"\/keeie\/wp-content\/uploads\/sites\/7\/2020\/09\/as-me-mps_.pdf\">Maszyny pr\u0105du sta\u0142ego &#8211; r\u00f3wnania podstawowe (PDF dost\u0119pny cyfrowo, 121 kB)<\/a><br \/>\n<a href=\"\/keeie\/wp-content\/uploads\/sites\/7\/2020\/09\/as-me-mps_rel.pdf\">Maszyny pr\u0105du sta\u0142ego &#8211; r\u00f3wnania w jednostkach wzgl\u0119dnych (PDF dost\u0119pny cyfrowo, 176 kB)<\/a><br \/>\n<a href=\"\/keeie\/wp-content\/uploads\/sites\/7\/2020\/09\/as-me-mps_rozne.pdf\">Maszyny pr\u0105du sta\u0142ego &#8211; maszyny specjalne (PDF dost\u0119pny cyfrowo, 208 kB)<\/a><br \/>\n<a href=\"\/keeie\/wp-content\/uploads\/sites\/7\/2020\/09\/as-me-oznaczenia.pdf\">Oznaczenia ko\u0144c\u00f3wek uzwoje\u0144 maszyn elektrycznych (PDF dost\u0119pny cyfrowo, 113 kB)<\/a><br \/>\n<a href=\"\/keeie\/wp-content\/uploads\/sites\/7\/2020\/09\/as-me-normy.pdf\">Polskie normy dotycz\u0105ce maszyn elektrycznych (PDF dost\u0119pny cyfrowo, 106 kB)<\/a><\/p>\n<p><a href=\"\/keeie\/wp-content\/uploads\/sites\/7\/2020\/09\/as-me-lit_ab.pdf\">Literatura (PDF dost\u0119pny cyfrowo, 87 kB)<\/a><\/p>\n<h2>Instrukcje laboratoryjne<\/h2>\n<p><a class=\"zip\" href=\"https:\/\/box.biaman.pl\/f\/af35f97dbb3b4ed09507\/?dl=1\">Elektrotechnika (archiwum ZIP, 7,2 MB)<\/a><br \/>\n<a class=\"zip\" href=\"https:\/\/box.biaman.pl\/f\/e1c99c389bc54499aad5\/?dl=1\">Elektrotechnika \u2013 studia dualne (archiwum ZIP, 5,6 MB)<\/a><br \/>\n<a class=\"zip\" href=\"https:\/\/box.biaman.pl\/f\/4b3d9546f7494fbab796\/?dl=1\">Ekoenergetyka (archiwum ZIP, 4,3 MB)<\/a><br \/>\n<a class=\"zip\" href=\"https:\/\/box.biaman.pl\/f\/7007953b64c742728e5c\/?dl=1\">Studia zaoczne (archiwum ZIP, 7,9 MB)<\/a><\/p>\n<p style=\"margin: 1.5em 0em 2.0em 0em\"><a href=\"https:\/\/1drv.ms\/u\/s!ApNi0WJ5kjdngtVQa8dvnCklA3PReg\">Programy pomocnicze<\/a><\/p>\n<hr \/>\n<div style=\"font-size: 115%;font-weight: 600\">Uwaga!!! Dost\u0119pne materia\u0142y s\u0105 jedynie fragmentem wyk\u0142ad\u00f3w z przedmiotu Maszyny Elektryczne prowadzonego na Wydziale Elektrycznym Politechniki Bia\u0142ostockiej. Materia\u0142y b\u0119d\u0105 w miar\u0119 up\u0142ywu czasu uzupe\u0142niane i zmieniane.<\/div>\n","protected":false},"excerpt":{"rendered":"<p>MaszynyElektryczne1_v2.5 (PDF, wersja dost\u0119pna cyfrowo, 3 MB) MaszynyElektryczne2_v3.6 (PDF, wersja dost\u0119pna cyfrowo, 4 MB) ME1-1<a class=\"read-more\" href=\"https:\/\/we.pb.edu.pl\/keeie\/adam-solbut\/maszyny-elektryczne\/\" title=\"Poka\u017c artyku\u0142 Maszyny Elektryczne\">wi\u0119cej<\/a><\/p>\n","protected":false},"author":17,"featured_media":0,"parent":274,"menu_order":0,"comment_status":"closed","ping_status":"closed","template":"","meta":{"inline_featured_image":false,"ngg_post_thumbnail":0,"footnotes":""},"class_list":["post-318","page","type-page","status-publish","hentry"],"acf":[],"yoast_head":"<!-- This site is optimized with the Yoast SEO plugin v26.4 - https:\/\/yoast.com\/wordpress\/plugins\/seo\/ -->\n<title>Maszyny Elektryczne - Katedra Elektrotechniki, Energoelektroniki i Elektroenergetyki<\/title>\n<meta name=\"robots\" content=\"index, follow, max-snippet:-1, max-image-preview:large, max-video-preview:-1\" \/>\n<link rel=\"canonical\" href=\"https:\/\/we.pb.edu.pl\/keeie\/adam-solbut\/maszyny-elektryczne\/\" \/>\n<meta property=\"og:locale\" content=\"pl_PL\" \/>\n<meta property=\"og:type\" content=\"article\" \/>\n<meta property=\"og:title\" content=\"Maszyny Elektryczne - Katedra Elektrotechniki, Energoelektroniki i Elektroenergetyki\" \/>\n<meta property=\"og:description\" content=\"MaszynyElektryczne1_v2.5 (PDF, wersja dost\u0119pna cyfrowo, 3 MB) MaszynyElektryczne2_v3.6 (PDF, wersja dost\u0119pna cyfrowo, 4 MB) ME1-1wi\u0119cej\" \/>\n<meta property=\"og:url\" content=\"https:\/\/we.pb.edu.pl\/keeie\/adam-solbut\/maszyny-elektryczne\/\" \/>\n<meta property=\"og:site_name\" content=\"Katedra Elektrotechniki, Energoelektroniki i Elektroenergetyki\" \/>\n<meta property=\"article:modified_time\" content=\"2022-01-25T15:42:04+00:00\" \/>\n<meta name=\"twitter:card\" content=\"summary_large_image\" \/>\n<meta name=\"twitter:label1\" content=\"Szacowany czas czytania\" \/>\n\t<meta name=\"twitter:data1\" content=\"2 minuty\" \/>\n<script type=\"application\/ld+json\" class=\"yoast-schema-graph\">{\"@context\":\"https:\/\/schema.org\",\"@graph\":[{\"@type\":\"WebPage\",\"@id\":\"https:\/\/we.pb.edu.pl\/keeie\/adam-solbut\/maszyny-elektryczne\/\",\"url\":\"https:\/\/we.pb.edu.pl\/keeie\/adam-solbut\/maszyny-elektryczne\/\",\"name\":\"Maszyny Elektryczne - Katedra Elektrotechniki, Energoelektroniki i Elektroenergetyki\",\"isPartOf\":{\"@id\":\"https:\/\/we.pb.edu.pl\/keeie\/#website\"},\"datePublished\":\"2020-09-28T09:52:00+00:00\",\"dateModified\":\"2022-01-25T15:42:04+00:00\",\"breadcrumb\":{\"@id\":\"https:\/\/we.pb.edu.pl\/keeie\/adam-solbut\/maszyny-elektryczne\/#breadcrumb\"},\"inLanguage\":\"pl-PL\",\"potentialAction\":[{\"@type\":\"ReadAction\",\"target\":[\"https:\/\/we.pb.edu.pl\/keeie\/adam-solbut\/maszyny-elektryczne\/\"]}]},{\"@type\":\"BreadcrumbList\",\"@id\":\"https:\/\/we.pb.edu.pl\/keeie\/adam-solbut\/maszyny-elektryczne\/#breadcrumb\",\"itemListElement\":[{\"@type\":\"ListItem\",\"position\":1,\"name\":\"Strona g\u0142\u00f3wna\",\"item\":\"https:\/\/we.pb.edu.pl\/keeie\/\"},{\"@type\":\"ListItem\",\"position\":2,\"name\":\"dr hab. in\u017c. Adam So\u0142but, prof. PB\",\"item\":\"https:\/\/we.pb.edu.pl\/keeie\/adam-solbut\/\"},{\"@type\":\"ListItem\",\"position\":3,\"name\":\"Maszyny Elektryczne\"}]},{\"@type\":\"WebSite\",\"@id\":\"https:\/\/we.pb.edu.pl\/keeie\/#website\",\"url\":\"https:\/\/we.pb.edu.pl\/keeie\/\",\"name\":\"Katedra Elektrotechniki, Energoelektroniki i Elektroenergetyki\",\"description\":\"Katedra Elektrotechniki, Energoelektroniki i Elektroenergetyki\",\"potentialAction\":[{\"@type\":\"SearchAction\",\"target\":{\"@type\":\"EntryPoint\",\"urlTemplate\":\"https:\/\/we.pb.edu.pl\/keeie\/?s={search_term_string}\"},\"query-input\":{\"@type\":\"PropertyValueSpecification\",\"valueRequired\":true,\"valueName\":\"search_term_string\"}}],\"inLanguage\":\"pl-PL\"}]}<\/script>\n<!-- \/ Yoast SEO plugin. -->","yoast_head_json":{"title":"Maszyny Elektryczne - Katedra Elektrotechniki, Energoelektroniki i Elektroenergetyki","robots":{"index":"index","follow":"follow","max-snippet":"max-snippet:-1","max-image-preview":"max-image-preview:large","max-video-preview":"max-video-preview:-1"},"canonical":"https:\/\/we.pb.edu.pl\/keeie\/adam-solbut\/maszyny-elektryczne\/","og_locale":"pl_PL","og_type":"article","og_title":"Maszyny Elektryczne - Katedra Elektrotechniki, Energoelektroniki i Elektroenergetyki","og_description":"MaszynyElektryczne1_v2.5 (PDF, wersja dost\u0119pna cyfrowo, 3 MB) MaszynyElektryczne2_v3.6 (PDF, wersja dost\u0119pna cyfrowo, 4 MB) ME1-1wi\u0119cej","og_url":"https:\/\/we.pb.edu.pl\/keeie\/adam-solbut\/maszyny-elektryczne\/","og_site_name":"Katedra Elektrotechniki, Energoelektroniki i Elektroenergetyki","article_modified_time":"2022-01-25T15:42:04+00:00","twitter_card":"summary_large_image","twitter_misc":{"Szacowany czas czytania":"2 minuty"},"schema":{"@context":"https:\/\/schema.org","@graph":[{"@type":"WebPage","@id":"https:\/\/we.pb.edu.pl\/keeie\/adam-solbut\/maszyny-elektryczne\/","url":"https:\/\/we.pb.edu.pl\/keeie\/adam-solbut\/maszyny-elektryczne\/","name":"Maszyny Elektryczne - Katedra Elektrotechniki, Energoelektroniki i Elektroenergetyki","isPartOf":{"@id":"https:\/\/we.pb.edu.pl\/keeie\/#website"},"datePublished":"2020-09-28T09:52:00+00:00","dateModified":"2022-01-25T15:42:04+00:00","breadcrumb":{"@id":"https:\/\/we.pb.edu.pl\/keeie\/adam-solbut\/maszyny-elektryczne\/#breadcrumb"},"inLanguage":"pl-PL","potentialAction":[{"@type":"ReadAction","target":["https:\/\/we.pb.edu.pl\/keeie\/adam-solbut\/maszyny-elektryczne\/"]}]},{"@type":"BreadcrumbList","@id":"https:\/\/we.pb.edu.pl\/keeie\/adam-solbut\/maszyny-elektryczne\/#breadcrumb","itemListElement":[{"@type":"ListItem","position":1,"name":"Strona g\u0142\u00f3wna","item":"https:\/\/we.pb.edu.pl\/keeie\/"},{"@type":"ListItem","position":2,"name":"dr hab. in\u017c. Adam So\u0142but, prof. PB","item":"https:\/\/we.pb.edu.pl\/keeie\/adam-solbut\/"},{"@type":"ListItem","position":3,"name":"Maszyny Elektryczne"}]},{"@type":"WebSite","@id":"https:\/\/we.pb.edu.pl\/keeie\/#website","url":"https:\/\/we.pb.edu.pl\/keeie\/","name":"Katedra Elektrotechniki, Energoelektroniki i Elektroenergetyki","description":"Katedra Elektrotechniki, Energoelektroniki i Elektroenergetyki","potentialAction":[{"@type":"SearchAction","target":{"@type":"EntryPoint","urlTemplate":"https:\/\/we.pb.edu.pl\/keeie\/?s={search_term_string}"},"query-input":{"@type":"PropertyValueSpecification","valueRequired":true,"valueName":"search_term_string"}}],"inLanguage":"pl-PL"}]}},"_links":{"self":[{"href":"https:\/\/we.pb.edu.pl\/keeie\/wp-json\/wp\/v2\/pages\/318","targetHints":{"allow":["GET"]}}],"collection":[{"href":"https:\/\/we.pb.edu.pl\/keeie\/wp-json\/wp\/v2\/pages"}],"about":[{"href":"https:\/\/we.pb.edu.pl\/keeie\/wp-json\/wp\/v2\/types\/page"}],"author":[{"embeddable":true,"href":"https:\/\/we.pb.edu.pl\/keeie\/wp-json\/wp\/v2\/users\/17"}],"replies":[{"embeddable":true,"href":"https:\/\/we.pb.edu.pl\/keeie\/wp-json\/wp\/v2\/comments?post=318"}],"version-history":[{"count":28,"href":"https:\/\/we.pb.edu.pl\/keeie\/wp-json\/wp\/v2\/pages\/318\/revisions"}],"predecessor-version":[{"id":557,"href":"https:\/\/we.pb.edu.pl\/keeie\/wp-json\/wp\/v2\/pages\/318\/revisions\/557"}],"up":[{"embeddable":true,"href":"https:\/\/we.pb.edu.pl\/keeie\/wp-json\/wp\/v2\/pages\/274"}],"wp:attachment":[{"href":"https:\/\/we.pb.edu.pl\/keeie\/wp-json\/wp\/v2\/media?parent=318"}],"curies":[{"name":"wp","href":"https:\/\/api.w.org\/{rel}","templated":true}]}}