{"id":309,"date":"2020-09-28T11:18:21","date_gmt":"2020-09-28T09:18:21","guid":{"rendered":"https:\/\/we.pb.edu.pl\/keeie\/?page_id=309"},"modified":"2021-12-29T19:46:45","modified_gmt":"2021-12-29T18:46:45","slug":"programowanie-obiektowe","status":"publish","type":"page","link":"https:\/\/we.pb.edu.pl\/keeie\/adam-solbut\/programowanie-obiektowe\/","title":{"rendered":"Programowanie Obiektowe"},"content":{"rendered":"<p><a class=\"pdf\" title=\"otworzy si\u0119 w nowej karcie\" href=\"https:\/\/we.pb.edu.pl\/keeie\/wp-content\/uploads\/sites\/7\/2021\/12\/lit_ppas-1.pdf\" target=\"_blank\" rel=\"noopener\" data-id=\"552\">lit_ppas (PDF, wersja dost\u0119pna cyfrowo, 160 KB)<\/a><\/p>\n<p><a class=\"zip\" href=\"https:\/\/box.biaman.pl\/f\/0b39a1fed81145f4a420\/?dl=1\">W01_wst\u0119p (archiwum ZIP, 139 kB)<\/a><br \/>\n<a class=\"zip\" href=\"https:\/\/box.biaman.pl\/f\/f88e26261e924df593b5\/?dl=1\">W02_C_podstawy (archiwum ZIP, 361 kB)<\/a><br \/>\n<a class=\"zip\" href=\"https:\/\/box.biaman.pl\/f\/86186e6b5b7e4745be0d\/?dl=1\">W03_C_funkcje_wska\u017aniki (archiwum ZIP, 377 kB)<\/a><br \/>\n<a class=\"zip\" href=\"https:\/\/box.biaman.pl\/f\/45c47c0daaae4f089ad9\/?dl=1\">W04_CPP_klasy (archiwum ZIP, 80 kB)<\/a><br \/>\n<a class=\"zip\" href=\"https:\/\/box.biaman.pl\/f\/f06abbd59309416abc30\/?dl=1\">W05_CPP_przeci\u0105\u017cenie_strumienie (archiwum ZIP, 423 kB)<\/a><br \/>\n<a class=\"zip\" href=\"https:\/\/box.biaman.pl\/f\/b0b5138e1e544df69a99\/?dl=1\">W07_wyj\u0105tki (archiwum ZIP, 37 kB)<\/a><br \/>\n<a class=\"zip\" href=\"https:\/\/box.biaman.pl\/f\/666903096d5247fc8d38\/?dl=1\">W08_przyk\u0142ady (archiwum ZIP, 92 kB)<\/a><br \/>\n<a class=\"zip\" href=\"https:\/\/box.biaman.pl\/f\/c5063d546eda430c9a7d\/?dl=1\">W09_Windows_wprowadzenie (archiwum ZIP, 356 kB)<\/a><br \/>\n<a class=\"zip\" href=\"https:\/\/box.biaman.pl\/f\/270629aa78ef4782b4c4\/?dl=1\">W10_Windows_przyk\u0142ady (archiwum ZIP, 35 kB)<\/a><br \/>\n<a class=\"zip\" href=\"https:\/\/box.biaman.pl\/f\/bf949e83b66b4cd39c71\/?dl=1\">W11_Windows_watki (archiwum ZIP, 177 kB)<\/a><br \/>\n<a class=\"zip\" href=\"https:\/\/box.biaman.pl\/f\/ad50dce3ef9c403d973e\/?dl=1\">W12_.NET_wprowadzenie (archiwum ZIP, 163 kB)<\/a><br \/>\n<a class=\"zip\" href=\"https:\/\/box.biaman.pl\/f\/e5808b9a08ca4194a29a\/?dl=1\">W13_.NET_Csharp (archiwum ZIP, 195 kB)<\/a><br \/>\n<a class=\"zip\" href=\"https:\/\/box.biaman.pl\/f\/5a2b00db50ce4b738a48\/?dl=1\">W14_.NET_w\u0105tki (archiwum ZIP, 66 kB)<\/a><br \/>\n<a class=\"zip\" href=\"https:\/\/box.biaman.pl\/f\/e515aa5b405348cab7b8\/?dl=1\">W15_.NET_przyk\u0142ady (archiwum ZIP, 279 kB)<\/a><\/p>\n","protected":false},"excerpt":{"rendered":"<p>lit_ppas (PDF, wersja dost\u0119pna cyfrowo, 160 KB) W01_wst\u0119p (archiwum ZIP, 139 kB) W02_C_podstawy (archiwum ZIP,<a class=\"read-more\" href=\"https:\/\/we.pb.edu.pl\/keeie\/adam-solbut\/programowanie-obiektowe\/\" title=\"Poka\u017c artyku\u0142 Programowanie Obiektowe\">wi\u0119cej<\/a><\/p>\n","protected":false},"author":17,"featured_media":0,"parent":274,"menu_order":0,"comment_status":"closed","ping_status":"closed","template":"","meta":{"inline_featured_image":false,"ngg_post_thumbnail":0,"footnotes":""},"class_list":["post-309","page","type-page","status-publish","hentry"],"acf":[],"yoast_head":"<!-- This site is optimized with the Yoast SEO plugin v26.4 - https:\/\/yoast.com\/wordpress\/plugins\/seo\/ -->\n<title>Programowanie Obiektowe - Katedra Elektrotechniki, Energoelektroniki i Elektroenergetyki<\/title>\n<meta name=\"robots\" content=\"index, follow, max-snippet:-1, max-image-preview:large, max-video-preview:-1\" \/>\n<link rel=\"canonical\" href=\"https:\/\/we.pb.edu.pl\/keeie\/adam-solbut\/programowanie-obiektowe\/\" \/>\n<meta property=\"og:locale\" content=\"pl_PL\" \/>\n<meta property=\"og:type\" content=\"article\" \/>\n<meta property=\"og:title\" content=\"Programowanie Obiektowe - Katedra Elektrotechniki, Energoelektroniki i Elektroenergetyki\" \/>\n<meta property=\"og:description\" content=\"lit_ppas (PDF, wersja dost\u0119pna cyfrowo, 160 KB) W01_wst\u0119p (archiwum ZIP, 139 kB) W02_C_podstawy (archiwum ZIP,wi\u0119cej\" \/>\n<meta property=\"og:url\" content=\"https:\/\/we.pb.edu.pl\/keeie\/adam-solbut\/programowanie-obiektowe\/\" \/>\n<meta property=\"og:site_name\" content=\"Katedra Elektrotechniki, Energoelektroniki i Elektroenergetyki\" \/>\n<meta property=\"article:modified_time\" content=\"2021-12-29T18:46:45+00:00\" \/>\n<meta name=\"twitter:card\" content=\"summary_large_image\" \/>\n<meta name=\"twitter:label1\" content=\"Szacowany czas czytania\" \/>\n\t<meta name=\"twitter:data1\" content=\"1 minuta\" \/>\n<script type=\"application\/ld+json\" class=\"yoast-schema-graph\">{\"@context\":\"https:\/\/schema.org\",\"@graph\":[{\"@type\":\"WebPage\",\"@id\":\"https:\/\/we.pb.edu.pl\/keeie\/adam-solbut\/programowanie-obiektowe\/\",\"url\":\"https:\/\/we.pb.edu.pl\/keeie\/adam-solbut\/programowanie-obiektowe\/\",\"name\":\"Programowanie Obiektowe - Katedra Elektrotechniki, Energoelektroniki i Elektroenergetyki\",\"isPartOf\":{\"@id\":\"https:\/\/we.pb.edu.pl\/keeie\/#website\"},\"datePublished\":\"2020-09-28T09:18:21+00:00\",\"dateModified\":\"2021-12-29T18:46:45+00:00\",\"breadcrumb\":{\"@id\":\"https:\/\/we.pb.edu.pl\/keeie\/adam-solbut\/programowanie-obiektowe\/#breadcrumb\"},\"inLanguage\":\"pl-PL\",\"potentialAction\":[{\"@type\":\"ReadAction\",\"target\":[\"https:\/\/we.pb.edu.pl\/keeie\/adam-solbut\/programowanie-obiektowe\/\"]}]},{\"@type\":\"BreadcrumbList\",\"@id\":\"https:\/\/we.pb.edu.pl\/keeie\/adam-solbut\/programowanie-obiektowe\/#breadcrumb\",\"itemListElement\":[{\"@type\":\"ListItem\",\"position\":1,\"name\":\"Strona g\u0142\u00f3wna\",\"item\":\"https:\/\/we.pb.edu.pl\/keeie\/\"},{\"@type\":\"ListItem\",\"position\":2,\"name\":\"dr hab. in\u017c. Adam So\u0142but, prof. PB\",\"item\":\"https:\/\/we.pb.edu.pl\/keeie\/adam-solbut\/\"},{\"@type\":\"ListItem\",\"position\":3,\"name\":\"Programowanie Obiektowe\"}]},{\"@type\":\"WebSite\",\"@id\":\"https:\/\/we.pb.edu.pl\/keeie\/#website\",\"url\":\"https:\/\/we.pb.edu.pl\/keeie\/\",\"name\":\"Katedra Elektrotechniki, Energoelektroniki i Elektroenergetyki\",\"description\":\"Katedra Elektrotechniki, Energoelektroniki i Elektroenergetyki\",\"potentialAction\":[{\"@type\":\"SearchAction\",\"target\":{\"@type\":\"EntryPoint\",\"urlTemplate\":\"https:\/\/we.pb.edu.pl\/keeie\/?s={search_term_string}\"},\"query-input\":{\"@type\":\"PropertyValueSpecification\",\"valueRequired\":true,\"valueName\":\"search_term_string\"}}],\"inLanguage\":\"pl-PL\"}]}<\/script>\n<!-- \/ Yoast SEO plugin. -->","yoast_head_json":{"title":"Programowanie Obiektowe - Katedra Elektrotechniki, Energoelektroniki i Elektroenergetyki","robots":{"index":"index","follow":"follow","max-snippet":"max-snippet:-1","max-image-preview":"max-image-preview:large","max-video-preview":"max-video-preview:-1"},"canonical":"https:\/\/we.pb.edu.pl\/keeie\/adam-solbut\/programowanie-obiektowe\/","og_locale":"pl_PL","og_type":"article","og_title":"Programowanie Obiektowe - Katedra Elektrotechniki, Energoelektroniki i Elektroenergetyki","og_description":"lit_ppas (PDF, wersja dost\u0119pna cyfrowo, 160 KB) W01_wst\u0119p (archiwum ZIP, 139 kB) W02_C_podstawy (archiwum ZIP,wi\u0119cej","og_url":"https:\/\/we.pb.edu.pl\/keeie\/adam-solbut\/programowanie-obiektowe\/","og_site_name":"Katedra Elektrotechniki, Energoelektroniki i Elektroenergetyki","article_modified_time":"2021-12-29T18:46:45+00:00","twitter_card":"summary_large_image","twitter_misc":{"Szacowany czas czytania":"1 minuta"},"schema":{"@context":"https:\/\/schema.org","@graph":[{"@type":"WebPage","@id":"https:\/\/we.pb.edu.pl\/keeie\/adam-solbut\/programowanie-obiektowe\/","url":"https:\/\/we.pb.edu.pl\/keeie\/adam-solbut\/programowanie-obiektowe\/","name":"Programowanie Obiektowe - Katedra Elektrotechniki, Energoelektroniki i Elektroenergetyki","isPartOf":{"@id":"https:\/\/we.pb.edu.pl\/keeie\/#website"},"datePublished":"2020-09-28T09:18:21+00:00","dateModified":"2021-12-29T18:46:45+00:00","breadcrumb":{"@id":"https:\/\/we.pb.edu.pl\/keeie\/adam-solbut\/programowanie-obiektowe\/#breadcrumb"},"inLanguage":"pl-PL","potentialAction":[{"@type":"ReadAction","target":["https:\/\/we.pb.edu.pl\/keeie\/adam-solbut\/programowanie-obiektowe\/"]}]},{"@type":"BreadcrumbList","@id":"https:\/\/we.pb.edu.pl\/keeie\/adam-solbut\/programowanie-obiektowe\/#breadcrumb","itemListElement":[{"@type":"ListItem","position":1,"name":"Strona g\u0142\u00f3wna","item":"https:\/\/we.pb.edu.pl\/keeie\/"},{"@type":"ListItem","position":2,"name":"dr hab. in\u017c. Adam So\u0142but, prof. PB","item":"https:\/\/we.pb.edu.pl\/keeie\/adam-solbut\/"},{"@type":"ListItem","position":3,"name":"Programowanie Obiektowe"}]},{"@type":"WebSite","@id":"https:\/\/we.pb.edu.pl\/keeie\/#website","url":"https:\/\/we.pb.edu.pl\/keeie\/","name":"Katedra Elektrotechniki, Energoelektroniki i Elektroenergetyki","description":"Katedra Elektrotechniki, Energoelektroniki i Elektroenergetyki","potentialAction":[{"@type":"SearchAction","target":{"@type":"EntryPoint","urlTemplate":"https:\/\/we.pb.edu.pl\/keeie\/?s={search_term_string}"},"query-input":{"@type":"PropertyValueSpecification","valueRequired":true,"valueName":"search_term_string"}}],"inLanguage":"pl-PL"}]}},"_links":{"self":[{"href":"https:\/\/we.pb.edu.pl\/keeie\/wp-json\/wp\/v2\/pages\/309","targetHints":{"allow":["GET"]}}],"collection":[{"href":"https:\/\/we.pb.edu.pl\/keeie\/wp-json\/wp\/v2\/pages"}],"about":[{"href":"https:\/\/we.pb.edu.pl\/keeie\/wp-json\/wp\/v2\/types\/page"}],"author":[{"embeddable":true,"href":"https:\/\/we.pb.edu.pl\/keeie\/wp-json\/wp\/v2\/users\/17"}],"replies":[{"embeddable":true,"href":"https:\/\/we.pb.edu.pl\/keeie\/wp-json\/wp\/v2\/comments?post=309"}],"version-history":[{"count":7,"href":"https:\/\/we.pb.edu.pl\/keeie\/wp-json\/wp\/v2\/pages\/309\/revisions"}],"predecessor-version":[{"id":553,"href":"https:\/\/we.pb.edu.pl\/keeie\/wp-json\/wp\/v2\/pages\/309\/revisions\/553"}],"up":[{"embeddable":true,"href":"https:\/\/we.pb.edu.pl\/keeie\/wp-json\/wp\/v2\/pages\/274"}],"wp:attachment":[{"href":"https:\/\/we.pb.edu.pl\/keeie\/wp-json\/wp\/v2\/media?parent=309"}],"curies":[{"name":"wp","href":"https:\/\/api.w.org\/{rel}","templated":true}]}}