{"id":21,"date":"2018-05-10T13:28:21","date_gmt":"2018-05-10T11:28:21","guid":{"rendered":"https:\/\/we.pb.edu.pl\/ketim\/?page_id=21"},"modified":"2025-03-05T11:49:05","modified_gmt":"2025-03-05T10:49:05","slug":"materialy-dydaktyczne","status":"publish","type":"page","link":"https:\/\/we.pb.edu.pl\/keeie\/materialy-dydaktyczne\/","title":{"rendered":"Materia\u0142y dydaktyczne"},"content":{"rendered":"<p><a href=\"https:\/\/box.biaman.pl\/d\/5ec0598a804c4fa683d9\/\">Materia\u0142y dydaktyczne &#8211; elektrotechnika teoretyczna i metrologia<\/a><\/p>\n<p><span class=\"b\">Materia\u0142y dydaktyczne &#8211; energoelektronika i nap\u0119d elektryczny<\/span> \u2013 materia\u0142y udost\u0119pniaj\u0105 prowadz\u0105cy zaj\u0119cia<\/p>\n<p><a href=\"https:\/\/box.biaman.pl\/d\/7237898cf5e6407bb331\/\">Materia\u0142y dydaktyczne &#8211; elektroenergetyka<\/a><\/p>\n","protected":false},"excerpt":{"rendered":"<p>Materia\u0142y dydaktyczne &#8211; elektrotechnika teoretyczna i metrologia Materia\u0142y dydaktyczne &#8211; energoelektronika i nap\u0119d elektryczny \u2013<a class=\"read-more\" href=\"https:\/\/we.pb.edu.pl\/keeie\/materialy-dydaktyczne\/\" title=\"Poka\u017c artyku\u0142 Materia\u0142y dydaktyczne\">wi\u0119cej<\/a><\/p>\n","protected":false},"author":8,"featured_media":0,"parent":0,"menu_order":0,"comment_status":"closed","ping_status":"closed","template":"","meta":{"inline_featured_image":false,"ngg_post_thumbnail":0,"footnotes":""},"class_list":["post-21","page","type-page","status-publish","hentry"],"acf":[],"yoast_head":"<!-- This site is optimized with the Yoast SEO plugin v26.4 - https:\/\/yoast.com\/wordpress\/plugins\/seo\/ -->\n<title>Materia\u0142y dydaktyczne - Katedra Elektrotechniki, Energoelektroniki i Elektroenergetyki<\/title>\n<meta name=\"robots\" content=\"index, follow, max-snippet:-1, max-image-preview:large, max-video-preview:-1\" \/>\n<link rel=\"canonical\" href=\"https:\/\/we.pb.edu.pl\/keeie\/materialy-dydaktyczne\/\" \/>\n<meta property=\"og:locale\" content=\"pl_PL\" \/>\n<meta property=\"og:type\" content=\"article\" \/>\n<meta property=\"og:title\" content=\"Materia\u0142y dydaktyczne - Katedra Elektrotechniki, Energoelektroniki i Elektroenergetyki\" \/>\n<meta property=\"og:description\" content=\"Materia\u0142y dydaktyczne &#8211; elektrotechnika teoretyczna i metrologia Materia\u0142y dydaktyczne &#8211; energoelektronika i nap\u0119d elektryczny \u2013wi\u0119cej\" \/>\n<meta property=\"og:url\" content=\"https:\/\/we.pb.edu.pl\/keeie\/materialy-dydaktyczne\/\" \/>\n<meta property=\"og:site_name\" content=\"Katedra Elektrotechniki, Energoelektroniki i Elektroenergetyki\" \/>\n<meta property=\"article:modified_time\" content=\"2025-03-05T10:49:05+00:00\" \/>\n<meta name=\"twitter:card\" content=\"summary_large_image\" \/>\n<meta name=\"twitter:label1\" content=\"Szacowany czas czytania\" \/>\n\t<meta name=\"twitter:data1\" content=\"1 minuta\" \/>\n<script type=\"application\/ld+json\" class=\"yoast-schema-graph\">{\"@context\":\"https:\/\/schema.org\",\"@graph\":[{\"@type\":\"WebPage\",\"@id\":\"https:\/\/we.pb.edu.pl\/keeie\/materialy-dydaktyczne\/\",\"url\":\"https:\/\/we.pb.edu.pl\/keeie\/materialy-dydaktyczne\/\",\"name\":\"Materia\u0142y dydaktyczne - Katedra Elektrotechniki, Energoelektroniki i Elektroenergetyki\",\"isPartOf\":{\"@id\":\"https:\/\/we.pb.edu.pl\/keeie\/#website\"},\"datePublished\":\"2018-05-10T11:28:21+00:00\",\"dateModified\":\"2025-03-05T10:49:05+00:00\",\"breadcrumb\":{\"@id\":\"https:\/\/we.pb.edu.pl\/keeie\/materialy-dydaktyczne\/#breadcrumb\"},\"inLanguage\":\"pl-PL\",\"potentialAction\":[{\"@type\":\"ReadAction\",\"target\":[\"https:\/\/we.pb.edu.pl\/keeie\/materialy-dydaktyczne\/\"]}]},{\"@type\":\"BreadcrumbList\",\"@id\":\"https:\/\/we.pb.edu.pl\/keeie\/materialy-dydaktyczne\/#breadcrumb\",\"itemListElement\":[{\"@type\":\"ListItem\",\"position\":1,\"name\":\"Strona g\u0142\u00f3wna\",\"item\":\"https:\/\/we.pb.edu.pl\/keeie\/\"},{\"@type\":\"ListItem\",\"position\":2,\"name\":\"Materia\u0142y dydaktyczne\"}]},{\"@type\":\"WebSite\",\"@id\":\"https:\/\/we.pb.edu.pl\/keeie\/#website\",\"url\":\"https:\/\/we.pb.edu.pl\/keeie\/\",\"name\":\"Katedra Elektrotechniki, Energoelektroniki i Elektroenergetyki\",\"description\":\"Katedra Elektrotechniki, Energoelektroniki i Elektroenergetyki\",\"potentialAction\":[{\"@type\":\"SearchAction\",\"target\":{\"@type\":\"EntryPoint\",\"urlTemplate\":\"https:\/\/we.pb.edu.pl\/keeie\/?s={search_term_string}\"},\"query-input\":{\"@type\":\"PropertyValueSpecification\",\"valueRequired\":true,\"valueName\":\"search_term_string\"}}],\"inLanguage\":\"pl-PL\"}]}<\/script>\n<!-- \/ Yoast SEO plugin. -->","yoast_head_json":{"title":"Materia\u0142y dydaktyczne - Katedra Elektrotechniki, Energoelektroniki i Elektroenergetyki","robots":{"index":"index","follow":"follow","max-snippet":"max-snippet:-1","max-image-preview":"max-image-preview:large","max-video-preview":"max-video-preview:-1"},"canonical":"https:\/\/we.pb.edu.pl\/keeie\/materialy-dydaktyczne\/","og_locale":"pl_PL","og_type":"article","og_title":"Materia\u0142y dydaktyczne - Katedra Elektrotechniki, Energoelektroniki i Elektroenergetyki","og_description":"Materia\u0142y dydaktyczne &#8211; elektrotechnika teoretyczna i metrologia Materia\u0142y dydaktyczne &#8211; energoelektronika i nap\u0119d elektryczny \u2013wi\u0119cej","og_url":"https:\/\/we.pb.edu.pl\/keeie\/materialy-dydaktyczne\/","og_site_name":"Katedra Elektrotechniki, Energoelektroniki i Elektroenergetyki","article_modified_time":"2025-03-05T10:49:05+00:00","twitter_card":"summary_large_image","twitter_misc":{"Szacowany czas czytania":"1 minuta"},"schema":{"@context":"https:\/\/schema.org","@graph":[{"@type":"WebPage","@id":"https:\/\/we.pb.edu.pl\/keeie\/materialy-dydaktyczne\/","url":"https:\/\/we.pb.edu.pl\/keeie\/materialy-dydaktyczne\/","name":"Materia\u0142y dydaktyczne - Katedra Elektrotechniki, Energoelektroniki i Elektroenergetyki","isPartOf":{"@id":"https:\/\/we.pb.edu.pl\/keeie\/#website"},"datePublished":"2018-05-10T11:28:21+00:00","dateModified":"2025-03-05T10:49:05+00:00","breadcrumb":{"@id":"https:\/\/we.pb.edu.pl\/keeie\/materialy-dydaktyczne\/#breadcrumb"},"inLanguage":"pl-PL","potentialAction":[{"@type":"ReadAction","target":["https:\/\/we.pb.edu.pl\/keeie\/materialy-dydaktyczne\/"]}]},{"@type":"BreadcrumbList","@id":"https:\/\/we.pb.edu.pl\/keeie\/materialy-dydaktyczne\/#breadcrumb","itemListElement":[{"@type":"ListItem","position":1,"name":"Strona g\u0142\u00f3wna","item":"https:\/\/we.pb.edu.pl\/keeie\/"},{"@type":"ListItem","position":2,"name":"Materia\u0142y dydaktyczne"}]},{"@type":"WebSite","@id":"https:\/\/we.pb.edu.pl\/keeie\/#website","url":"https:\/\/we.pb.edu.pl\/keeie\/","name":"Katedra Elektrotechniki, Energoelektroniki i Elektroenergetyki","description":"Katedra Elektrotechniki, Energoelektroniki i Elektroenergetyki","potentialAction":[{"@type":"SearchAction","target":{"@type":"EntryPoint","urlTemplate":"https:\/\/we.pb.edu.pl\/keeie\/?s={search_term_string}"},"query-input":{"@type":"PropertyValueSpecification","valueRequired":true,"valueName":"search_term_string"}}],"inLanguage":"pl-PL"}]}},"_links":{"self":[{"href":"https:\/\/we.pb.edu.pl\/keeie\/wp-json\/wp\/v2\/pages\/21","targetHints":{"allow":["GET"]}}],"collection":[{"href":"https:\/\/we.pb.edu.pl\/keeie\/wp-json\/wp\/v2\/pages"}],"about":[{"href":"https:\/\/we.pb.edu.pl\/keeie\/wp-json\/wp\/v2\/types\/page"}],"author":[{"embeddable":true,"href":"https:\/\/we.pb.edu.pl\/keeie\/wp-json\/wp\/v2\/users\/8"}],"replies":[{"embeddable":true,"href":"https:\/\/we.pb.edu.pl\/keeie\/wp-json\/wp\/v2\/comments?post=21"}],"version-history":[{"count":15,"href":"https:\/\/we.pb.edu.pl\/keeie\/wp-json\/wp\/v2\/pages\/21\/revisions"}],"predecessor-version":[{"id":723,"href":"https:\/\/we.pb.edu.pl\/keeie\/wp-json\/wp\/v2\/pages\/21\/revisions\/723"}],"wp:attachment":[{"href":"https:\/\/we.pb.edu.pl\/keeie\/wp-json\/wp\/v2\/media?parent=21"}],"curies":[{"name":"wp","href":"https:\/\/api.w.org\/{rel}","templated":true}]}}