{"id":19,"date":"2018-05-10T13:28:05","date_gmt":"2018-05-10T11:28:05","guid":{"rendered":"https:\/\/we.pb.edu.pl\/ketim\/?page_id=19"},"modified":"2024-12-03T12:37:37","modified_gmt":"2024-12-03T11:37:37","slug":"o-katedrze","status":"publish","type":"page","link":"https:\/\/we.pb.edu.pl\/keeie\/o-katedrze\/","title":{"rendered":"O Katedrze"},"content":{"rendered":"<p class=\"std\">Pracownicy Katedry prowadz\u0105 zaj\u0119cia dydaktyczne dla student\u00f3w kierunk\u00f3w studi\u00f3w:<\/p>\n<ul class=\"compact\">\n<li>Cyfryzacja przemys\u0142u,\n<li>Elektrotechnika,<\/li>\n<li>Elektrotechnika \u2013 studia dualne (profil praktyczny),<\/li>\n<li>Elektronika i Telekomunikacja,<\/li>\n<li>Ekoenergetyka<\/li>\n<\/ul>\n<p>z zakresu m. in.:<\/p>\n<ul class=\"compact\">\n<li>elektrotechniki teoretycznej (teoria obwod\u00f3w, teoria pola),<\/li>\n<li>maszyn elektrycznych,<\/li>\n<li>nap\u0119du elektrycznego i automatyki nap\u0119du elektrycznego,<\/li>\n<li>mechatroniki,<\/li>\n<li>energoelektroniki,<\/li>\n<li>techniki mikroprocesorowej i przemys\u0142owych system\u00f3w cyfrowych,<\/li>\n<li>metrologii (wielko\u015bci elektrycznych i nieelektrycznych),<\/li>\n<li>informatyki technicznej (technologie informacyjne, informatyka, programowanie strukturalne i obiektowe, metody numeryczne).<\/li>\n<li>elektroenergetycznej automatyki zabezpieczeniowej (symulacja zak\u0142\u00f3ce\u0144 w\u00a0elementach systemu elektroenergetycznego, cyfrowe sterowniki polowe \u2013 programowanie nastaw, badania eksploatacyjne, systemy zarz\u0105dzaj\u0105ce prac\u0105 stacji typu SCADA),<\/li>\n<li>projektowania (przy\u0142\u0105czania du\u017cych jednostek wytw\u00f3rczych do systemu elektroenergetycznego, oblicze\u0144 zwarciowych i\u00a0doboru urz\u0105dze\u0144, sprawdzania stabilno\u015bci lokalnej)<\/li>\n<li>urz\u0105dze\u0144 i\u00a0instalacji elektrycznych,<\/li>\n<li>system\u00f3w elektroenergetycznych,<\/li>\n<li>odnawialnych \u017ar\u00f3de\u0142 energii (przy\u0142\u0105czania OZE do sieci elektroenergetycznej, wsp\u00f3\u0142pracy OZE z\u00a0sieci\u0105 elektroenergetyczn\u0105),<\/li>\n<li>eksploatacji instalacji i\u00a0stacji elektroenergetycznych,<\/li>\n<li>sieci elektroenergetycznych \u015bredniego i wysokiego napi\u0119cia,<\/li>\n<li>niezawodno\u015bci system\u00f3w technicznych,<\/li>\n<li>mikrogeneracji,<\/li>\n<li>metodyki studiowania.<\/li>\n<\/ul>\n<p class=\"std\">Prowadzone s\u0105 r\u00f3wnie\u017c zaj\u0119cia dydaktyczne w\u00a0j\u0119zyku angielskim dla student\u00f3w przyje\u017cd\u017caj\u0105cych w\u00a0ramach programu Erasmus, na pe\u0142nych kursach: \u201eIndustry Digitization\u201d, \u201eAutomatic Control and Robotics\u201d, \u201eElectronics and Telecommunications\u201d (II stopie\u0144) oraz \u201eAutomatic Control and Robotics\u201d (II stopie\u0144).<\/p>\n<p class=\"std\">Dzia\u0142alno\u015b\u0107 naukowa Katedry koncentruje si\u0119 wok\u00f3\u0142 prac w\u00a0dziedzinach:<\/p>\n<ul>\n<li>elektrotechnika teoretyczna:\n<ul class=\"compact\">\n<li>badanie dynamiki pola termicznego w torach pr\u0105dowych metodami analitycznymi i\u00a0numerycznymi;<\/li>\n<li>zagadnienia elektromagnetyczne w zakresie \u015bredniej i wielkiej cz\u0119stotliwo\u015bci w materia\u0142ach z\u0142o\u017conych, kompozytach, materia\u0142ach o strukturze periodycznej;.<\/li>\n<li>metody numeryczne w obliczeniach p\u00f3l elektromagnetycznych, schematy szerokopasmowe w analizie p\u00f3l elektromagnetycznych;<\/li>\n<li>metody przetwarzania r\u00f3wnoleg\u0142ego i rozproszonego, zastosowanie system\u00f3w wielokomputerowych w zagadnieniach elektrycznych;<\/li>\n<li>elektromagnetyczne materia\u0142y kompozytowe ma\u0142ych cz\u0119stotliwo\u015bci: komputerowe algorytmy analizy pola elektromagnetycznego cienkowarstwowych kompozyt\u00f3w, przewidywanie ich w\u0142a\u015bciwo\u015bci elektrycznych i magnetycznych;<\/li>\n<li>analiza wp\u0142ywu materia\u0142\u00f3w budowlanych i konstrukcji budynk\u00f3w na warto\u015bci nat\u0119\u017cenia pola elektrycznego.<\/li>\n<\/ul>\n<\/li>\n<li>energoelektronika:\n<ul class=\"compact\">\n<li>wybrane zagadnienia energoelektroniki w elektroenergetyce, w tym m.in.:<\/li>\n<ul class=\"compact\">\n<li>uk\u0142ady przekszta\u0142tnikowe w systemach zasilania system\u00f3w pok\u0142adowych statk\u00f3w powietrznych GPU (Ground Power Units);<\/li>\n<li>uk\u0142ady przekszta\u0142tnik\u00f3w energoelektronicznych w\u00a0zastosowaniach nap\u0119dowych, sieciowych oraz odnawialnych \u017ar\u00f3de\u0142 energii (OZE);<\/li>\n<li>wp\u0142yw zak\u0142\u00f3ce\u0144 sieciowych na dzia\u0142anie algorytm\u00f3w sterowania przekszta\u0142tnikami energoelektronicznymi;<\/li>\n<li>nowe zoptymalizowane konstrukcje przekszta\u0142tnik\u00f3w DC\/DC oraz DC\/AC\/DC;<\/li>\n<li>przekszta\u0142tniki matrycowe AC\/AC;<\/li>\n<li>wielopoziomowe przekszta\u0142tniki energoelektroniczne w zastosowaniach trakcyjnych.<\/li>\n<\/ul>\n<li>elektronika przemys\u0142owa;<\/li>\n<li>technika mikroprocesorowa w energoelektronice i przemys\u0142owych sterownikach cyfrowych.<\/li>\n<\/ul>\n<\/li>\n<li>maszyny elektryczne i nap\u0119d elektryczny:\n<ul class=\"compact\">\n<li>diagnostyka maszyn i uk\u0142ad\u00f3w elektromechanicznych;<\/li>\n<li>automatyka nap\u0119du elektrycznego.<\/li>\n<\/ul>\n<\/li>\n<li>metrologia:\n<ul class=\"compact\">\n<li>opracowywanie urz\u0105dze\u0144 pok\u0142adowych stosowanych w bezza\u0142ogowych aparatach lataj\u0105cych (UAV);<\/li>\n<li>wyznaczanie niepewno\u015bci pomiar\u00f3w oraz zdolno\u015bci pomiarowej przyrz\u0105d\u00f3w przy u\u017cyciu r\u00f3\u017cnych metod;<\/li>\n<li>zastosowanie uczenia maszynowego w metrologii;<\/li>\n<li>zastosowanie zaawansowanych technik komputerowej analizy danych.<\/li>\n<\/ul>\n<\/li>\n<li>elektroenergetyka:\n<ul class=\"compact\">\n<li>badanie jako\u015bci energii elektrycznej,<\/li>\n<li>badanie wsp\u00f3\u0142pracy OZE z\u00a0sieci\u0105 elektroenergetyczn\u0105,<\/li>\n<li>badanie strat mocy i\u00a0energii w\u00a0uk\u0142adach elektroenergetycznych,<\/li>\n<li>zastosowanie probabilistyki i\u00a0metod sztucznej inteligencji w\u00a0technice bezpiecze\u0144stwa elektrycznego,<\/li>\n<li>elektroenergetyczna automatyka zabezpieczeniowa,<\/li>\n<li>budowa nowych algorytm\u00f3w zabezpieczeniowych opartych o\u00a0AI i\u00a0BIGDATA, ferrorezonans, algorytmy adaptacyjne i\u00a0predykcyjne do ochrony linii i\u00a0silnik\u00f3w wysokiego napi\u0119cia,<\/li>\n<li>przedwdro\u017ceniowe badanie prototyp\u00f3w, oraz kontrola poprawno\u015bci dzia\u0142ania urz\u0105dze\u0144 EAZ (sterownik\u00f3w polowych),<\/li>\n<li>analiza niezawodno\u015bci system\u00f3w elektroenergetycznych z\u00a0uwzgl\u0119dnieniem generacji stochastycznej,<\/li>\n<li>kr\u00f3tko- i\u00a0\u015brednioterminowe prognozowanie mocy wytwarzanej przez turbiny i\u00a0farmy wiatrowe,<\/li>\n<li>modelowanie analityczne i\u00a0symulacyjne system\u00f3w elektroenergetycznych.<\/li>\n<\/ul>\n<\/li>\n<\/ul>\n<p class=\"std\">W ramach Katedry funkcjonuj\u0105 nast\u0119puj\u0105ce laboratoria:<\/p>\n<ul class=\"compact\">\n<li>Laboratorium Informatyki Technicznej,<\/li>\n<li>Laboratorium Podstaw Elektrotechniki,<\/li>\n<li>Laboratorium Miernictwa Elektrycznego,<\/li>\n<li>Laboratorium Modelowania Numerycznego,<\/li>\n<li>Laboratorium Miernictwa Wielko\u015bci Nieelektrycznych i\u00a0Techniki Eksperymentu,<\/li>\n<li>Laboratorium Elektroenergetycznej Automatyki Zabezpieczeniowej,<\/li>\n<li>Laboratorium Alternatywnych \u0179r\u00f3de\u0142 Energii Elektrycznej.<\/li>\n<\/ul>\n<div class=\"clear\">&nbsp;<\/div>\n","protected":false},"excerpt":{"rendered":"<p>Pracownicy Katedry prowadz\u0105 zaj\u0119cia dydaktyczne dla student\u00f3w kierunk\u00f3w studi\u00f3w: Cyfryzacja przemys\u0142u, Elektrotechnika, Elektrotechnika \u2013 studia<a class=\"read-more\" href=\"https:\/\/we.pb.edu.pl\/keeie\/o-katedrze\/\" title=\"Poka\u017c artyku\u0142 O Katedrze\">wi\u0119cej<\/a><\/p>\n","protected":false},"author":8,"featured_media":0,"parent":0,"menu_order":0,"comment_status":"closed","ping_status":"closed","template":"","meta":{"inline_featured_image":false,"ngg_post_thumbnail":0,"footnotes":""},"class_list":["post-19","page","type-page","status-publish","hentry"],"acf":[],"yoast_head":"<!-- This site is optimized with the Yoast SEO plugin v26.4 - https:\/\/yoast.com\/wordpress\/plugins\/seo\/ -->\n<title>O Katedrze - Katedra Elektrotechniki, Energoelektroniki i Elektroenergetyki<\/title>\n<meta name=\"robots\" content=\"index, follow, max-snippet:-1, max-image-preview:large, max-video-preview:-1\" \/>\n<link rel=\"canonical\" href=\"https:\/\/we.pb.edu.pl\/keeie\/o-katedrze\/\" \/>\n<meta property=\"og:locale\" content=\"pl_PL\" \/>\n<meta property=\"og:type\" content=\"article\" \/>\n<meta property=\"og:title\" content=\"O Katedrze - Katedra Elektrotechniki, Energoelektroniki i Elektroenergetyki\" \/>\n<meta property=\"og:description\" content=\"Pracownicy Katedry prowadz\u0105 zaj\u0119cia dydaktyczne dla student\u00f3w kierunk\u00f3w studi\u00f3w: Cyfryzacja przemys\u0142u, Elektrotechnika, Elektrotechnika \u2013 studiawi\u0119cej\" \/>\n<meta property=\"og:url\" content=\"https:\/\/we.pb.edu.pl\/keeie\/o-katedrze\/\" \/>\n<meta property=\"og:site_name\" content=\"Katedra Elektrotechniki, Energoelektroniki i Elektroenergetyki\" \/>\n<meta property=\"article:modified_time\" content=\"2024-12-03T11:37:37+00:00\" \/>\n<meta name=\"twitter:card\" content=\"summary_large_image\" \/>\n<meta name=\"twitter:label1\" content=\"Szacowany czas czytania\" \/>\n\t<meta name=\"twitter:data1\" content=\"2 minuty\" \/>\n<script type=\"application\/ld+json\" class=\"yoast-schema-graph\">{\"@context\":\"https:\/\/schema.org\",\"@graph\":[{\"@type\":\"WebPage\",\"@id\":\"https:\/\/we.pb.edu.pl\/keeie\/o-katedrze\/\",\"url\":\"https:\/\/we.pb.edu.pl\/keeie\/o-katedrze\/\",\"name\":\"O Katedrze - Katedra Elektrotechniki, Energoelektroniki i Elektroenergetyki\",\"isPartOf\":{\"@id\":\"https:\/\/we.pb.edu.pl\/keeie\/#website\"},\"datePublished\":\"2018-05-10T11:28:05+00:00\",\"dateModified\":\"2024-12-03T11:37:37+00:00\",\"breadcrumb\":{\"@id\":\"https:\/\/we.pb.edu.pl\/keeie\/o-katedrze\/#breadcrumb\"},\"inLanguage\":\"pl-PL\",\"potentialAction\":[{\"@type\":\"ReadAction\",\"target\":[\"https:\/\/we.pb.edu.pl\/keeie\/o-katedrze\/\"]}]},{\"@type\":\"BreadcrumbList\",\"@id\":\"https:\/\/we.pb.edu.pl\/keeie\/o-katedrze\/#breadcrumb\",\"itemListElement\":[{\"@type\":\"ListItem\",\"position\":1,\"name\":\"Strona g\u0142\u00f3wna\",\"item\":\"https:\/\/we.pb.edu.pl\/keeie\/\"},{\"@type\":\"ListItem\",\"position\":2,\"name\":\"O Katedrze\"}]},{\"@type\":\"WebSite\",\"@id\":\"https:\/\/we.pb.edu.pl\/keeie\/#website\",\"url\":\"https:\/\/we.pb.edu.pl\/keeie\/\",\"name\":\"Katedra Elektrotechniki, Energoelektroniki i Elektroenergetyki\",\"description\":\"Katedra Elektrotechniki, Energoelektroniki i Elektroenergetyki\",\"potentialAction\":[{\"@type\":\"SearchAction\",\"target\":{\"@type\":\"EntryPoint\",\"urlTemplate\":\"https:\/\/we.pb.edu.pl\/keeie\/?s={search_term_string}\"},\"query-input\":{\"@type\":\"PropertyValueSpecification\",\"valueRequired\":true,\"valueName\":\"search_term_string\"}}],\"inLanguage\":\"pl-PL\"}]}<\/script>\n<!-- \/ Yoast SEO plugin. -->","yoast_head_json":{"title":"O Katedrze - Katedra Elektrotechniki, Energoelektroniki i Elektroenergetyki","robots":{"index":"index","follow":"follow","max-snippet":"max-snippet:-1","max-image-preview":"max-image-preview:large","max-video-preview":"max-video-preview:-1"},"canonical":"https:\/\/we.pb.edu.pl\/keeie\/o-katedrze\/","og_locale":"pl_PL","og_type":"article","og_title":"O Katedrze - Katedra Elektrotechniki, Energoelektroniki i Elektroenergetyki","og_description":"Pracownicy Katedry prowadz\u0105 zaj\u0119cia dydaktyczne dla student\u00f3w kierunk\u00f3w studi\u00f3w: Cyfryzacja przemys\u0142u, Elektrotechnika, Elektrotechnika \u2013 studiawi\u0119cej","og_url":"https:\/\/we.pb.edu.pl\/keeie\/o-katedrze\/","og_site_name":"Katedra Elektrotechniki, Energoelektroniki i Elektroenergetyki","article_modified_time":"2024-12-03T11:37:37+00:00","twitter_card":"summary_large_image","twitter_misc":{"Szacowany czas czytania":"2 minuty"},"schema":{"@context":"https:\/\/schema.org","@graph":[{"@type":"WebPage","@id":"https:\/\/we.pb.edu.pl\/keeie\/o-katedrze\/","url":"https:\/\/we.pb.edu.pl\/keeie\/o-katedrze\/","name":"O Katedrze - Katedra Elektrotechniki, Energoelektroniki i Elektroenergetyki","isPartOf":{"@id":"https:\/\/we.pb.edu.pl\/keeie\/#website"},"datePublished":"2018-05-10T11:28:05+00:00","dateModified":"2024-12-03T11:37:37+00:00","breadcrumb":{"@id":"https:\/\/we.pb.edu.pl\/keeie\/o-katedrze\/#breadcrumb"},"inLanguage":"pl-PL","potentialAction":[{"@type":"ReadAction","target":["https:\/\/we.pb.edu.pl\/keeie\/o-katedrze\/"]}]},{"@type":"BreadcrumbList","@id":"https:\/\/we.pb.edu.pl\/keeie\/o-katedrze\/#breadcrumb","itemListElement":[{"@type":"ListItem","position":1,"name":"Strona g\u0142\u00f3wna","item":"https:\/\/we.pb.edu.pl\/keeie\/"},{"@type":"ListItem","position":2,"name":"O Katedrze"}]},{"@type":"WebSite","@id":"https:\/\/we.pb.edu.pl\/keeie\/#website","url":"https:\/\/we.pb.edu.pl\/keeie\/","name":"Katedra Elektrotechniki, Energoelektroniki i Elektroenergetyki","description":"Katedra Elektrotechniki, Energoelektroniki i Elektroenergetyki","potentialAction":[{"@type":"SearchAction","target":{"@type":"EntryPoint","urlTemplate":"https:\/\/we.pb.edu.pl\/keeie\/?s={search_term_string}"},"query-input":{"@type":"PropertyValueSpecification","valueRequired":true,"valueName":"search_term_string"}}],"inLanguage":"pl-PL"}]}},"_links":{"self":[{"href":"https:\/\/we.pb.edu.pl\/keeie\/wp-json\/wp\/v2\/pages\/19","targetHints":{"allow":["GET"]}}],"collection":[{"href":"https:\/\/we.pb.edu.pl\/keeie\/wp-json\/wp\/v2\/pages"}],"about":[{"href":"https:\/\/we.pb.edu.pl\/keeie\/wp-json\/wp\/v2\/types\/page"}],"author":[{"embeddable":true,"href":"https:\/\/we.pb.edu.pl\/keeie\/wp-json\/wp\/v2\/users\/8"}],"replies":[{"embeddable":true,"href":"https:\/\/we.pb.edu.pl\/keeie\/wp-json\/wp\/v2\/comments?post=19"}],"version-history":[{"count":13,"href":"https:\/\/we.pb.edu.pl\/keeie\/wp-json\/wp\/v2\/pages\/19\/revisions"}],"predecessor-version":[{"id":718,"href":"https:\/\/we.pb.edu.pl\/keeie\/wp-json\/wp\/v2\/pages\/19\/revisions\/718"}],"wp:attachment":[{"href":"https:\/\/we.pb.edu.pl\/keeie\/wp-json\/wp\/v2\/media?parent=19"}],"curies":[{"name":"wp","href":"https:\/\/api.w.org\/{rel}","templated":true}]}}