{"id":901,"date":"2018-05-22T13:49:34","date_gmt":"2018-05-22T11:49:34","guid":{"rendered":"https:\/\/we.pb.edu.pl\/kaie\/?page_id=901"},"modified":"2025-06-16T10:59:07","modified_gmt":"2025-06-16T08:59:07","slug":"pracownicy","status":"publish","type":"page","link":"https:\/\/we.pb.edu.pl\/kair\/pracownicy\/","title":{"rendered":"Pracownicy KAiR"},"content":{"rendered":"<style>table.pracownicy th.h {padding: 2em 0em 0em 0em; background-color: white;} table.pracownicy th.h>div {background-color: #D8D8D8;}<\/style>\n<table class=\"pracownicy\">\n<tbody>\n<tr>\n<th class=\"h\" colspan=\"4\">\n<div>Kierownik Katedry<\/div>\n<\/th>\n<\/tr>\n<tr class=\"p\">\n<td class=\"name\">prof. dr hab. in\u017c. <span class=\"b\">\u0141ukasz Sajewski<\/span><\/td>\n<td class=\"phone\"><i class=\"fa fa-phone\" aria-hidden=\"true\"><\/i> 85 746 9378<\/td>\n<td class=\"room\">WE-237<\/td>\n<td class=\"mail\"><i class=\"fa fa-envelope-o\" aria-hidden=\"true\"><\/i> <a href=\"#\" rel=\"nofollow\"  onclick=\"this.href='mailto:' + 'l.sajewski' + '@' + 'pb.edu.pl'\">l.sajewski [at] pb.edu.pl<\/a><\/td>\n<\/tr>\n<tr>\n<th class=\"h\" colspan=\"4\">\n<div>Nauczyciele akademiccy<\/div>\n<\/th>\n<\/tr>\n<tr class=\"p\">\n<td class=\"name\">dr in\u017c. <span class=\"b\">Kamil Borawski<\/span><\/td>\n<td class=\"phone\"><i class=\"fa fa-phone\" aria-hidden=\"true\"><\/i> 85 746 9417<\/td>\n<td class=\"room\">WE-235<\/td>\n<td class=\"mail\"><i class=\"fa fa-envelope-o\" aria-hidden=\"true\"><\/i> <a href=\"#\" rel=\"nofollow\"  onclick=\"this.href='mailto:' + 'k.borawski' + '@' + 'pb.edu.pl'\">k.borawski [at] pb.edu.pl<\/a><\/td>\n<\/tr>\n<tr class=\"p\">\n<td class=\"name\">dr <span class=\"b\">Maciej Ci\u0119\u017ckowski<\/span><\/td>\n<td class=\"phone\"><i class=\"fa fa-phone\" aria-hidden=\"true\"><\/i> 85 746 9410<br \/>\n<i class=\"fa fa-mobile\" aria-hidden=\"true\"><\/i>&nbsp; 571 443 064<\/td>\n<td class=\"room\">WE-238<\/td>\n<td class=\"mail\"><i class=\"fa fa-envelope-o\" aria-hidden=\"true\"><\/i> <a href=\"#\" rel=\"nofollow\"  onclick=\"this.href='mailto:' + 'm.ciezkowski' + '@' + 'pb.edu.pl'\">m.ciezkowski [at] pb.edu.pl<\/a><\/td>\n<\/tr>\n<tr class=\"p\">\n<td class=\"name\">dr in\u017c. <span class=\"b\">Marian Gilewski<\/span><\/td>\n<td class=\"phone\"><i class=\"fa fa-phone\" aria-hidden=\"true\"><\/i> 85 746 9352<\/td>\n<td class=\"room\">WE-329<\/td>\n<td class=\"mail\"><i class=\"fa fa-envelope-o\" aria-hidden=\"true\"><\/i> <a href=\"#\" rel=\"nofollow\"  onclick=\"this.href='mailto:' + 'm.gilewski' + '@' + 'pb.edu.pl'\">m.gilewski [at] pb.edu.pl<\/a><\/td>\n<\/tr>\n<tr class=\"p\">\n<td class=\"name\">dr in\u017c. <span class=\"b\">Lech Grodzki<\/span><\/td>\n<td class=\"phone\"><i class=\"fa fa-phone\" aria-hidden=\"true\"><\/i> 85 746 9384<br \/>\n<i class=\"fa fa-mobile\" aria-hidden=\"true\"><\/i>&nbsp; 571 443 166<\/td>\n<td class=\"room\">WE-240<\/td>\n<td class=\"mail\"><i class=\"fa fa-envelope-o\" aria-hidden=\"true\"><\/i> <a href=\"#\" rel=\"nofollow\"  onclick=\"this.href='mailto:' + 'l.grodzki' + '@' + 'pb.edu.pl'\">l.grodzki [at] pb.edu.pl<\/a><\/td>\n<\/tr>\n<tr class=\"p\">\n<td class=\"name\">prof. dr hab. in\u017c. <span class=\"b\">Tadeusz Kaczorek<\/span><\/td>\n<td class=\"phone\"><i class=\"fa fa-phone\" aria-hidden=\"true\"><\/i> 85 746 9351<\/td>\n<td class=\"room\">WE-233<\/td>\n<td class=\"mail\"><i class=\"fa fa-envelope-o\" aria-hidden=\"true\"><\/i> <a href=\"#\" rel=\"nofollow\"  onclick=\"this.href='mailto:' + 't.kaczorek' + '@' + 'pb.edu.pl'\">t.kaczorek [at] pb.edu.pl<\/a><\/td>\n<\/tr>\n<tr class=\"p\">\n<td class=\"name\">dr in\u017c. <span class=\"b\">Andrzej Karpiuk<\/span><\/td>\n<td class=\"phone\"><i class=\"fa fa-phone\" aria-hidden=\"true\"><\/i> 85 746 9417<\/td>\n<td class=\"room\">WE-235<\/td>\n<td class=\"mail\"><i class=\"fa fa-envelope-o\" aria-hidden=\"true\"><\/i> <a href=\"#\" rel=\"nofollow\"  onclick=\"this.href='mailto:' + 'andrzej.karpiuk' + '@' + 'pb.edu.pl'\">andrzej.karpiuk [at] pb.edu.pl<\/a><\/td>\n<\/tr>\n<tr class=\"p\">\n<td class=\"name\">mgr in\u017c. <span class=\"b\">Pawe\u0142 Kieczmerski<\/span><\/td>\n<td class=\"phone\"><i class=\"fa fa-phone\" aria-hidden=\"true\"><\/i> 85 746 9411<\/td>\n<td class=\"room\">WE-234<\/td>\n<td class=\"mail\"><i class=\"fa fa-envelope-o\" aria-hidden=\"true\"><\/i> <a href=\"#\" rel=\"nofollow\"  onclick=\"this.href='mailto:' + 'pawel.kieczmerski' + '@' + 'pb.edu.pl'\">pawel.kieczmerski [at] pb.edu.pl<\/a><\/td>\n<\/tr>\n<tr class=\"p\">\n<td class=\"name\">dr in\u017c. <span class=\"b\">Rafa\u0142 Kociszewski<\/span><\/td>\n<td class=\"phone\"><i class=\"fa fa-phone\" aria-hidden=\"true\"><\/i> 85 746 9382<\/td>\n<td class=\"room\">WE-239<\/td>\n<td class=\"mail\"><i class=\"fa fa-envelope-o\" aria-hidden=\"true\"><\/i> <a href=\"#\" rel=\"nofollow\"  onclick=\"this.href='mailto:' + 'r.kociszewski' + '@' + 'pb.edu.pl'\">r.kociszewski [at] pb.edu.pl<\/a><\/td>\n<\/tr>\n<tr class=\"p\">\n<td class=\"name\">dr in\u017c. <span class=\"b\">Adam Kotowski<\/span><\/td>\n<td class=\"phone\"><i class=\"fa fa-mobile\" aria-hidden=\"true\"><\/i>&nbsp; 571 443 053<\/td>\n<td class=\"room\">WE-123<\/td>\n<td class=\"mail\"><i class=\"fa fa-envelope-o\" aria-hidden=\"true\"><\/i> <a href=\"#\" rel=\"nofollow\"  onclick=\"this.href='mailto:' + 'a.kotowski' + '@' + 'pb.edu.pl'\">a.kotowski [at] pb.edu.pl<\/a><\/td>\n<\/tr>\n<tr class=\"p\">\n<td class=\"name\">dr hab. in\u017c. <span class=\"b\">Zbigniew Kulesza<\/span>, prof. PB<\/td>\n<td class=\"phone\"><i class=\"fa fa-phone\" aria-hidden=\"true\"><\/i> 85 746 9383<br \/>\n<i class=\"fa fa-mobile\" aria-hidden=\"true\"><\/i>&nbsp; 797 990 780<\/td>\n<td class=\"room\">WE-232<\/td>\n<td class=\"mail\"><i class=\"fa fa-envelope-o\" aria-hidden=\"true\"><\/i> <a href=\"#\" rel=\"nofollow\"  onclick=\"this.href='mailto:' + 'z.kulesza' + '@' + 'pb.edu.pl'\">z.kulesza [at] pb.edu.pl<\/a><\/td>\n<\/tr>\n<tr class=\"p\">\n<td class=\"name\">dr hab. in\u017c. <span class=\"b\">Arkadiusz Mystkowski<\/span>, prof. PB<\/td>\n<td class=\"phone\"><i class=\"fa fa-mobile\" aria-hidden=\"true\"><\/i>&nbsp; 571 443 058<\/td>\n<td class=\"room\">WE-259<\/td>\n<td class=\"mail\"><i class=\"fa fa-envelope-o\" aria-hidden=\"true\"><\/i> <a href=\"#\" rel=\"nofollow\"  onclick=\"this.href='mailto:' + 'a.mystkowski' + '@' + 'pb.edu.pl'\">a.mystkowski [at] pb.edu.pl<\/a><\/td>\n<\/tr>\n<tr class=\"p\">\n<td class=\"name\">dr in\u017c. <span class=\"b\">Micha\u0142 Ostaszewski<\/span><\/td>\n<td class=\"phone\"><i class=\"fa fa-phone\" aria-hidden=\"true\"><\/i> 85 746 9416<br \/>\n<i class=\"fa fa-mobile\" aria-hidden=\"true\"><\/i>&nbsp; 571 443 061<\/td>\n<td class=\"room\">WE-127<\/td>\n<td class=\"mail\"><i class=\"fa fa-envelope-o\" aria-hidden=\"true\"><\/i> <a href=\"#\" rel=\"nofollow\"  onclick=\"this.href='mailto:' + 'm.ostaszewski' + '@' + 'pb.edu.pl'\">m.ostaszewski [at] pb.edu.pl<\/a><\/td>\n<\/tr>\n<tr class=\"p\">\n<td class=\"name\"><a href=\"\/kair\/krzysztof-rogowski\/\">dr in\u017c. <span class=\"b\">Krzysztof Rogowski<\/span><\/a><\/td>\n<td class=\"phone\"><i class=\"fa fa-phone\" aria-hidden=\"true\"><\/i> 85 746 9384<br \/>\n<i class=\"fa fa-mobile\" aria-hidden=\"true\"><\/i>&nbsp; 571 443 167<\/td>\n<td class=\"room\">WE-240<\/td>\n<td class=\"mail\"><i class=\"fa fa-envelope-o\" aria-hidden=\"true\"><\/i> <a href=\"#\" rel=\"nofollow\"  onclick=\"this.href='mailto:' + 'k.rogowski' + '@' + 'pb.edu.pl'\">k.rogowski [at] pb.edu.pl<\/a><\/td>\n<\/tr>\n<tr class=\"p\">\n<td class=\"name\">dr in\u017c. <span class=\"b\">S\u0142awomir Romaniuk<\/span><\/td>\n<td class=\"phone\"><i class=\"fa fa-phone\" aria-hidden=\"true\"><\/i> 85 746 9416<br \/>\n<i class=\"fa fa-mobile\" aria-hidden=\"true\"><\/i>&nbsp; 503 737 360<\/td>\n<td class=\"room\">WE-127<\/td>\n<td class=\"mail\"><i class=\"fa fa-envelope-o\" aria-hidden=\"true\"><\/i> <a href=\"#\" rel=\"nofollow\"  onclick=\"this.href='mailto:' + 's.romaniuk' + '@' + 'pb.edu.pl'\">s.romaniuk [at] pb.edu.pl<\/a><\/td>\n<\/tr>\n<tr class=\"p\">\n<td class=\"name\">dr hab. in\u017c. <span class=\"b\">Andrzej Ruszewski<\/span>, prof. PB<\/td>\n<td class=\"phone\"><i class=\"fa fa-phone\" aria-hidden=\"true\"><\/i> 85 746 9362<br \/>\n<i class=\"fa fa-mobile\" aria-hidden=\"true\"><\/i>&nbsp; 690 409 828<\/td>\n<td class=\"room\">WE-003<\/td>\n<td class=\"mail\"><i class=\"fa fa-envelope-o\" aria-hidden=\"true\"><\/i> <a href=\"#\" rel=\"nofollow\"  onclick=\"this.href='mailto:' + 'a.ruszewski' + '@' + 'pb.edu.pl'\">a.ruszewski [at] pb.edu.pl<\/a><\/td>\n<\/tr>\n<tr class=\"p\">\n<td class=\"name\">dr hab. in\u017c. <span class=\"b\">Miros\u0142aw \u015awiercz<\/span>, prof. PB<\/td>\n<td class=\"phone\"><i class=\"fa fa-phone\" aria-hidden=\"true\"><\/i> 85 746 9014<br \/>\n<i class=\"fa fa-mobile\" aria-hidden=\"true\"><\/i>&nbsp; 571 443 164<\/td>\n<td class=\"room\">Rektorat 14A<\/td>\n<td class=\"mail\"><i class=\"fa fa-envelope-o\" aria-hidden=\"true\"><\/i> <a href=\"#\" rel=\"nofollow\"  onclick=\"this.href='mailto:' + 'm.swiercz' + '@' + 'pb.edu.pl'\">m.swiercz [at] pb.edu.pl<\/a><\/td>\n<\/tr>\n<tr class=\"p\">\n<td class=\"name\">dr in\u017c. <span class=\"b\">Roman Trochimczuk<\/span><\/td>\n<td class=\"phone\"><i class=\"fa fa-mobile\" aria-hidden=\"true\"><\/i>&nbsp; 571 443 066<\/td>\n<td class=\"room\">WE-123<\/td>\n<td class=\"mail\"><i class=\"fa fa-envelope-o\" aria-hidden=\"true\"><\/i> <a href=\"#\" rel=\"nofollow\"  onclick=\"this.href='mailto:' + 'r.trochimczuk' + '@' + 'pb.edu.pl'\">r.trochimczuk [at] pb.edu.pl<\/a><\/td>\n<\/tr>\n<tr class=\"p\">\n<td class=\"name\">dr in\u017c. <span class=\"b\">Wojciech Trzasko<\/span><\/td>\n<td class=\"phone\"><i class=\"fa fa-phone\" aria-hidden=\"true\"><\/i> 85 746 9363<\/td>\n<td class=\"room\">WE-041<\/td>\n<td class=\"mail\"><i class=\"fa fa-envelope-o\" aria-hidden=\"true\"><\/i> <a href=\"#\" rel=\"nofollow\"  onclick=\"this.href='mailto:' + 'w.trzasko' + '@' + 'pb.edu.pl'\">w.trzasko [at] pb.edu.pl<\/a><\/td>\n<\/tr>\n<tr class=\"p\">\n<td class=\"name\"><a href=\"\/kair\/wojciech-wojtkowski\/\">dr in\u017c. <span class=\"b\">Wojciech Wojtkowski<\/span><\/a><\/td>\n<td class=\"phone\"><i class=\"fa fa-phone\" aria-hidden=\"true\"><\/i> 85 746 9440<\/td>\n<td class=\"room\">WE-241<\/td>\n<td class=\"mail\"><i class=\"fa fa-envelope-o\" aria-hidden=\"true\"><\/i> <a href=\"#\" rel=\"nofollow\"  onclick=\"this.href='mailto:' + 'w.wojtkowski' + '@' + 'pb.edu.pl'\">w.wojtkowski [at] pb.edu.pl<\/a><\/td>\n<\/tr>\n<tr class=\"p\">\n<td class=\"name\">dr in\u017c. <span class=\"b\">Adam Wolniakowski<\/span><\/td>\n<td class=\"phone\"><i class=\"fa fa-mobile\" aria-hidden=\"true\"><\/i>&nbsp; 503 737 879<\/td>\n<td class=\"room\">WE-238<\/td>\n<td class=\"mail\"><i class=\"fa fa-envelope-o\" aria-hidden=\"true\"><\/i> <a href=\"#\" rel=\"nofollow\"  onclick=\"this.href='mailto:' + 'a.wolniakowski' + '@' + 'pb.edu.pl'\">a.wolniakowski [at] pb.edu.pl<\/a><\/td>\n<\/tr>\n<tr>\n<th class=\"h\" colspan=\"4\">\n<div>Pracownicy obs\u0142ugi<\/div>\n<\/th>\n<\/tr>\n<tr class=\"p\">\n<td class=\"name\" style=\"width: 23.9077%;\">mgr in\u017c. <span class=\"b\">Piotr Motowicki<\/span><\/td>\n<td class=\"phone\" style=\"width: 24.1992%;\"><i class=\"fa fa-phone\" aria-hidden=\"true\"><\/i> 85 746 9411<\/td>\n<td class=\"room\" style=\"width: 8.07018%;\">WE-238<\/td>\n<td class=\"mail\" style=\"width: 63.3766%;\"><i class=\"fa fa-envelope-o\" aria-hidden=\"true\"><\/i> <a href=\"#\" rel=\"nofollow\"  onclick=\"this.href='mailto:' + 'piotr.motowicki' + '@' + 'pb.edu.pl'\">piotr.motowicki [at] pb.edu.pl<\/a><\/td>\n<\/tr>\n<tr class=\"p\">\n<td class=\"name\" style=\"width: 23.9077%;\">dr in\u017c. <span class=\"b\">Adam Tomaszuk<\/span><\/td>\n<td class=\"phone\" style=\"width: 24.1992%;\"><i class=\"fa fa-phone\" aria-hidden=\"true\"><\/i> 85 746 9411<\/td>\n<td class=\"room\" style=\"width: 8.07018%;\">WE-238<\/td>\n<td class=\"mail\" style=\"width: 63.3766%;\"><i class=\"fa fa-envelope-o\" aria-hidden=\"true\"><\/i> <a href=\"#\" rel=\"nofollow\"  onclick=\"this.href='mailto:' + 'adam.tomaszuk' + '@' + 'pb.edu.pl'\">adam.tomaszuk [at] pb.edu.pl<\/a><\/td>\n<\/tr>\n<\/tbody>\n<\/table>\n","protected":false},"excerpt":{"rendered":"<p>Kierownik Katedry prof. dr hab. in\u017c. \u0141ukasz Sajewski 85 746 9378 WE-237 Nauczyciele akademiccy dr<a class=\"read-more\" href=\"https:\/\/we.pb.edu.pl\/kair\/pracownicy\/\" title=\"Poka\u017c artyku\u0142 Pracownicy KAiR\">wi\u0119cej<\/a><\/p>\n","protected":false},"author":8,"featured_media":0,"parent":0,"menu_order":0,"comment_status":"closed","ping_status":"closed","template":"","meta":{"inline_featured_image":false,"ngg_post_thumbnail":0,"footnotes":""},"class_list":["post-901","page","type-page","status-publish","hentry"],"acf":[],"yoast_head":"<!-- This site is optimized with the Yoast SEO plugin v26.4 - https:\/\/yoast.com\/wordpress\/plugins\/seo\/ -->\n<title>Pracownicy KAiR - Katedra Automatyki i Robotyki<\/title>\n<meta name=\"robots\" content=\"index, follow, max-snippet:-1, max-image-preview:large, max-video-preview:-1\" \/>\n<link rel=\"canonical\" href=\"https:\/\/we.pb.edu.pl\/kair\/pracownicy\/\" \/>\n<meta property=\"og:locale\" content=\"pl_PL\" \/>\n<meta property=\"og:type\" content=\"article\" \/>\n<meta property=\"og:title\" content=\"Pracownicy KAiR - Katedra Automatyki i Robotyki\" \/>\n<meta property=\"og:description\" content=\"Kierownik Katedry prof. dr hab. in\u017c. \u0141ukasz Sajewski 85 746 9378 WE-237 Nauczyciele akademiccy drwi\u0119cej\" \/>\n<meta property=\"og:url\" content=\"https:\/\/we.pb.edu.pl\/kair\/pracownicy\/\" \/>\n<meta property=\"og:site_name\" content=\"Katedra Automatyki i Robotyki\" \/>\n<meta property=\"article:modified_time\" content=\"2025-06-16T08:59:07+00:00\" \/>\n<meta name=\"twitter:card\" content=\"summary_large_image\" \/>\n<meta name=\"twitter:label1\" content=\"Szacowany czas czytania\" \/>\n\t<meta name=\"twitter:data1\" content=\"3 minuty\" \/>\n<script type=\"application\/ld+json\" class=\"yoast-schema-graph\">{\"@context\":\"https:\/\/schema.org\",\"@graph\":[{\"@type\":\"WebPage\",\"@id\":\"https:\/\/we.pb.edu.pl\/kair\/pracownicy\/\",\"url\":\"https:\/\/we.pb.edu.pl\/kair\/pracownicy\/\",\"name\":\"Pracownicy KAiR - Katedra Automatyki i Robotyki\",\"isPartOf\":{\"@id\":\"https:\/\/we.pb.edu.pl\/kair\/#website\"},\"datePublished\":\"2018-05-22T11:49:34+00:00\",\"dateModified\":\"2025-06-16T08:59:07+00:00\",\"breadcrumb\":{\"@id\":\"https:\/\/we.pb.edu.pl\/kair\/pracownicy\/#breadcrumb\"},\"inLanguage\":\"pl-PL\",\"potentialAction\":[{\"@type\":\"ReadAction\",\"target\":[\"https:\/\/we.pb.edu.pl\/kair\/pracownicy\/\"]}]},{\"@type\":\"BreadcrumbList\",\"@id\":\"https:\/\/we.pb.edu.pl\/kair\/pracownicy\/#breadcrumb\",\"itemListElement\":[{\"@type\":\"ListItem\",\"position\":1,\"name\":\"Strona g\u0142\u00f3wna\",\"item\":\"https:\/\/we.pb.edu.pl\/kair\/\"},{\"@type\":\"ListItem\",\"position\":2,\"name\":\"Pracownicy KAiR\"}]},{\"@type\":\"WebSite\",\"@id\":\"https:\/\/we.pb.edu.pl\/kair\/#website\",\"url\":\"https:\/\/we.pb.edu.pl\/kair\/\",\"name\":\"Katedra Automatyki i Robotyki\",\"description\":\"Katedra Automatyki i Robotyki\",\"potentialAction\":[{\"@type\":\"SearchAction\",\"target\":{\"@type\":\"EntryPoint\",\"urlTemplate\":\"https:\/\/we.pb.edu.pl\/kair\/?s={search_term_string}\"},\"query-input\":{\"@type\":\"PropertyValueSpecification\",\"valueRequired\":true,\"valueName\":\"search_term_string\"}}],\"inLanguage\":\"pl-PL\"}]}<\/script>\n<!-- \/ Yoast SEO plugin. -->","yoast_head_json":{"title":"Pracownicy KAiR - Katedra Automatyki i Robotyki","robots":{"index":"index","follow":"follow","max-snippet":"max-snippet:-1","max-image-preview":"max-image-preview:large","max-video-preview":"max-video-preview:-1"},"canonical":"https:\/\/we.pb.edu.pl\/kair\/pracownicy\/","og_locale":"pl_PL","og_type":"article","og_title":"Pracownicy KAiR - Katedra Automatyki i Robotyki","og_description":"Kierownik Katedry prof. dr hab. in\u017c. \u0141ukasz Sajewski 85 746 9378 WE-237 Nauczyciele akademiccy drwi\u0119cej","og_url":"https:\/\/we.pb.edu.pl\/kair\/pracownicy\/","og_site_name":"Katedra Automatyki i Robotyki","article_modified_time":"2025-06-16T08:59:07+00:00","twitter_card":"summary_large_image","twitter_misc":{"Szacowany czas czytania":"3 minuty"},"schema":{"@context":"https:\/\/schema.org","@graph":[{"@type":"WebPage","@id":"https:\/\/we.pb.edu.pl\/kair\/pracownicy\/","url":"https:\/\/we.pb.edu.pl\/kair\/pracownicy\/","name":"Pracownicy KAiR - Katedra Automatyki i Robotyki","isPartOf":{"@id":"https:\/\/we.pb.edu.pl\/kair\/#website"},"datePublished":"2018-05-22T11:49:34+00:00","dateModified":"2025-06-16T08:59:07+00:00","breadcrumb":{"@id":"https:\/\/we.pb.edu.pl\/kair\/pracownicy\/#breadcrumb"},"inLanguage":"pl-PL","potentialAction":[{"@type":"ReadAction","target":["https:\/\/we.pb.edu.pl\/kair\/pracownicy\/"]}]},{"@type":"BreadcrumbList","@id":"https:\/\/we.pb.edu.pl\/kair\/pracownicy\/#breadcrumb","itemListElement":[{"@type":"ListItem","position":1,"name":"Strona g\u0142\u00f3wna","item":"https:\/\/we.pb.edu.pl\/kair\/"},{"@type":"ListItem","position":2,"name":"Pracownicy KAiR"}]},{"@type":"WebSite","@id":"https:\/\/we.pb.edu.pl\/kair\/#website","url":"https:\/\/we.pb.edu.pl\/kair\/","name":"Katedra Automatyki i Robotyki","description":"Katedra Automatyki i Robotyki","potentialAction":[{"@type":"SearchAction","target":{"@type":"EntryPoint","urlTemplate":"https:\/\/we.pb.edu.pl\/kair\/?s={search_term_string}"},"query-input":{"@type":"PropertyValueSpecification","valueRequired":true,"valueName":"search_term_string"}}],"inLanguage":"pl-PL"}]}},"_links":{"self":[{"href":"https:\/\/we.pb.edu.pl\/kair\/wp-json\/wp\/v2\/pages\/901","targetHints":{"allow":["GET"]}}],"collection":[{"href":"https:\/\/we.pb.edu.pl\/kair\/wp-json\/wp\/v2\/pages"}],"about":[{"href":"https:\/\/we.pb.edu.pl\/kair\/wp-json\/wp\/v2\/types\/page"}],"author":[{"embeddable":true,"href":"https:\/\/we.pb.edu.pl\/kair\/wp-json\/wp\/v2\/users\/8"}],"replies":[{"embeddable":true,"href":"https:\/\/we.pb.edu.pl\/kair\/wp-json\/wp\/v2\/comments?post=901"}],"version-history":[{"count":59,"href":"https:\/\/we.pb.edu.pl\/kair\/wp-json\/wp\/v2\/pages\/901\/revisions"}],"predecessor-version":[{"id":3965,"href":"https:\/\/we.pb.edu.pl\/kair\/wp-json\/wp\/v2\/pages\/901\/revisions\/3965"}],"wp:attachment":[{"href":"https:\/\/we.pb.edu.pl\/kair\/wp-json\/wp\/v2\/media?parent=901"}],"curies":[{"name":"wp","href":"https:\/\/api.w.org\/{rel}","templated":true}]}}