{"id":893,"date":"2018-05-22T13:10:01","date_gmt":"2018-05-22T11:10:01","guid":{"rendered":"https:\/\/we.pb.edu.pl\/kaie\/?page_id=893"},"modified":"2024-11-18T19:47:01","modified_gmt":"2024-11-18T18:47:01","slug":"dydaktyka","status":"publish","type":"page","link":"https:\/\/we.pb.edu.pl\/kair\/dydaktyka\/","title":{"rendered":"Dydaktyka"},"content":{"rendered":"<h3>Prowadzone przez pracownik\u00f3w Katedry zaj\u0119cia dydaktyczne s\u0105 powi\u0105zane z tre\u015bciami podstawowymi dla kszta\u0142cenia na kierunkach:<\/h3>\n<ul>\n<li>Automatyka i robotyka<\/li>\n<li>Cyfryzacja przemys\u0142u<\/li>\n<li>Ekoenergetyka<\/li>\n<li>Elektronika i telekomunikacja<\/li>\n<li>Elektrotechnika o profilu akademickim i praktycznym (studia dualne)<\/li>\n<\/ul>\n<p>takimi jak matematyka, fizyka, elementy i uk\u0142ady elektroniczne, podstawy automatyki, technika cyfrowa, technika mikroprocesorowa, podstawy robotyki,<br \/>\ntechniki sterowania.<\/p>\n<h3>Dydaktyka prowadzona w Katedrze przekazuje r\u00f3wnie\u017c studentom wymienionych kierunk\u00f3w zaawansowan\u0105 wiedz\u0105 i umiej\u0119tno\u015bciami, z zakresu:<\/h3>\n<p>system\u00f3w wbudowanych, elektroniki pojazdowej, sterownik\u00f3w przemys\u0142owych, rejestracji i wizualizacji stanu proces\u00f3w przemys\u0142owych,<br \/>\nidentyfikacji i diagnostyki w uk\u0142adach sterowania, robotyzacji proces\u00f3w przemys\u0142owych, wykorzystania w sterowaniu: metod sztucznej inteligencji,<br \/>\nprzemys\u0142owych sieci komunikacyjnych, chmurowych baz danych, widzenia maszynowego, robot\u00f3w autonomicznych.<\/p>\n<p>&nbsp;<\/p>\n<div class=\"row\">\n<div class=\"col-sm-4\">\n<div class=\"panel panel-default panel-sport animated zoomIn\">\n<div class=\"panel-heading text-center\"><span class=\"lead\">Materia\u0142y dydaktyczne<br \/>\n<\/span><\/div>\n<div class=\"panel-body\">\n<div class=\"image\"><a href=\"https:\/\/we.pb.edu.pl\/kair\/materialy-dydaktyczne\/\"><img loading=\"lazy\" decoding=\"async\" class=\"aligncenter wp-image-266 size-full\" src=\"https:\/\/we.pb.edu.pl\/kaie\/wp-content\/uploads\/sites\/4\/2018\/05\/pixabay-encyklopedia-696-410.jpg\" alt=\"\" width=\"696\" height=\"410\" srcset=\"https:\/\/we.pb.edu.pl\/kair\/wp-content\/uploads\/sites\/4\/2018\/05\/pixabay-encyklopedia-696-410.jpg 696w, https:\/\/we.pb.edu.pl\/kair\/wp-content\/uploads\/sites\/4\/2018\/05\/pixabay-encyklopedia-696-410-300x177.jpg 300w\" sizes=\"auto, (max-width: 696px) 100vw, 696px\" \/><\/a><\/div>\n<\/div>\n<\/div>\n<\/div>\n<div class=\"col-sm-4\">\n<div class=\"panel panel-default panel-sport animated zoomIn\">\n<div class=\"panel-heading text-center\"><span class=\"lead\">Egzamin dyplomowy<br \/>\n<\/span><\/div>\n<div class=\"panel-body\">\n<div class=\"image\"><a href=\"https:\/\/we.pb.edu.pl\/kair\/zagadnienia-na-egzamin-dyplomowy\/\"><img loading=\"lazy\" decoding=\"async\" class=\"aligncenter wp-image-786 size-full\" src=\"https:\/\/we.pb.edu.pl\/kaie\/wp-content\/uploads\/sites\/4\/2018\/05\/egzamin-696-410.jpg\" alt=\"\" width=\"696\" height=\"410\" srcset=\"https:\/\/we.pb.edu.pl\/kair\/wp-content\/uploads\/sites\/4\/2018\/05\/egzamin-696-410.jpg 696w, https:\/\/we.pb.edu.pl\/kair\/wp-content\/uploads\/sites\/4\/2018\/05\/egzamin-696-410-300x177.jpg 300w\" sizes=\"auto, (max-width: 696px) 100vw, 696px\" \/><\/a><\/div>\n<\/div>\n<\/div>\n<\/div>\n<div class=\"col-sm-4\">\n<div class=\"panel panel-default panel-sport animated zoomIn\">\n<div class=\"panel-heading text-center\"><span class=\"lead\">Konsultacje<br \/>\n<\/span><\/div>\n<div class=\"panel-body\">\n<div class=\"image\"><a href=\"https:\/\/we.pb.edu.pl\/studenci\/organizacja-toku-studiow\/konsultacje\/\"><img loading=\"lazy\" decoding=\"async\" class=\"wp-image-925 size-full aligncenter\" src=\"https:\/\/we.pb.edu.pl\/kaie\/wp-content\/uploads\/sites\/4\/2018\/05\/konsultacje-696-410-pixabayjpg.jpg\" alt=\"\" width=\"696\" height=\"410\" srcset=\"https:\/\/we.pb.edu.pl\/kair\/wp-content\/uploads\/sites\/4\/2018\/05\/konsultacje-696-410-pixabayjpg.jpg 696w, https:\/\/we.pb.edu.pl\/kair\/wp-content\/uploads\/sites\/4\/2018\/05\/konsultacje-696-410-pixabayjpg-300x177.jpg 300w\" sizes=\"auto, (max-width: 696px) 100vw, 696px\" \/><\/a><\/div>\n<\/div>\n<\/div>\n<\/div>\n<\/div>\n","protected":false},"excerpt":{"rendered":"<p>Prowadzone przez pracownik\u00f3w Katedry zaj\u0119cia dydaktyczne s\u0105 powi\u0105zane z tre\u015bciami podstawowymi dla kszta\u0142cenia na kierunkach:<a class=\"read-more\" href=\"https:\/\/we.pb.edu.pl\/kair\/dydaktyka\/\" title=\"Poka\u017c artyku\u0142 Dydaktyka\">wi\u0119cej<\/a><\/p>\n","protected":false},"author":8,"featured_media":0,"parent":0,"menu_order":0,"comment_status":"closed","ping_status":"closed","template":"templates\/dzial.php","meta":{"inline_featured_image":false,"ngg_post_thumbnail":0,"footnotes":""},"class_list":["post-893","page","type-page","status-publish","hentry"],"acf":[],"yoast_head":"<!-- This site is optimized with the Yoast SEO plugin v26.4 - https:\/\/yoast.com\/wordpress\/plugins\/seo\/ -->\n<title>Dydaktyka - Katedra Automatyki i Robotyki<\/title>\n<meta name=\"robots\" content=\"index, follow, max-snippet:-1, max-image-preview:large, max-video-preview:-1\" \/>\n<link rel=\"canonical\" href=\"https:\/\/we.pb.edu.pl\/kair\/dydaktyka\/\" \/>\n<meta property=\"og:locale\" content=\"pl_PL\" \/>\n<meta property=\"og:type\" content=\"article\" \/>\n<meta property=\"og:title\" content=\"Dydaktyka - Katedra Automatyki i Robotyki\" \/>\n<meta property=\"og:description\" content=\"Prowadzone przez pracownik\u00f3w Katedry zaj\u0119cia dydaktyczne s\u0105 powi\u0105zane z tre\u015bciami podstawowymi dla kszta\u0142cenia na kierunkach:wi\u0119cej\" \/>\n<meta property=\"og:url\" content=\"https:\/\/we.pb.edu.pl\/kair\/dydaktyka\/\" \/>\n<meta property=\"og:site_name\" content=\"Katedra Automatyki i Robotyki\" \/>\n<meta property=\"article:modified_time\" content=\"2024-11-18T18:47:01+00:00\" \/>\n<meta property=\"og:image\" content=\"https:\/\/we.pb.edu.pl\/kaie\/wp-content\/uploads\/sites\/4\/2018\/05\/pixabay-encyklopedia-696-410.jpg\" \/>\n<meta name=\"twitter:card\" content=\"summary_large_image\" \/>\n<meta name=\"twitter:label1\" content=\"Szacowany czas czytania\" \/>\n\t<meta name=\"twitter:data1\" content=\"2 minuty\" \/>\n<script type=\"application\/ld+json\" class=\"yoast-schema-graph\">{\"@context\":\"https:\/\/schema.org\",\"@graph\":[{\"@type\":\"WebPage\",\"@id\":\"https:\/\/we.pb.edu.pl\/kair\/dydaktyka\/\",\"url\":\"https:\/\/we.pb.edu.pl\/kair\/dydaktyka\/\",\"name\":\"Dydaktyka - Katedra Automatyki i Robotyki\",\"isPartOf\":{\"@id\":\"https:\/\/we.pb.edu.pl\/kair\/#website\"},\"primaryImageOfPage\":{\"@id\":\"https:\/\/we.pb.edu.pl\/kair\/dydaktyka\/#primaryimage\"},\"image\":{\"@id\":\"https:\/\/we.pb.edu.pl\/kair\/dydaktyka\/#primaryimage\"},\"thumbnailUrl\":\"https:\/\/we.pb.edu.pl\/kaie\/wp-content\/uploads\/sites\/4\/2018\/05\/pixabay-encyklopedia-696-410.jpg\",\"datePublished\":\"2018-05-22T11:10:01+00:00\",\"dateModified\":\"2024-11-18T18:47:01+00:00\",\"breadcrumb\":{\"@id\":\"https:\/\/we.pb.edu.pl\/kair\/dydaktyka\/#breadcrumb\"},\"inLanguage\":\"pl-PL\",\"potentialAction\":[{\"@type\":\"ReadAction\",\"target\":[\"https:\/\/we.pb.edu.pl\/kair\/dydaktyka\/\"]}]},{\"@type\":\"ImageObject\",\"inLanguage\":\"pl-PL\",\"@id\":\"https:\/\/we.pb.edu.pl\/kair\/dydaktyka\/#primaryimage\",\"url\":\"https:\/\/we.pb.edu.pl\/kaie\/wp-content\/uploads\/sites\/4\/2018\/05\/pixabay-encyklopedia-696-410.jpg\",\"contentUrl\":\"https:\/\/we.pb.edu.pl\/kaie\/wp-content\/uploads\/sites\/4\/2018\/05\/pixabay-encyklopedia-696-410.jpg\"},{\"@type\":\"BreadcrumbList\",\"@id\":\"https:\/\/we.pb.edu.pl\/kair\/dydaktyka\/#breadcrumb\",\"itemListElement\":[{\"@type\":\"ListItem\",\"position\":1,\"name\":\"Strona g\u0142\u00f3wna\",\"item\":\"https:\/\/we.pb.edu.pl\/kair\/\"},{\"@type\":\"ListItem\",\"position\":2,\"name\":\"Dydaktyka\"}]},{\"@type\":\"WebSite\",\"@id\":\"https:\/\/we.pb.edu.pl\/kair\/#website\",\"url\":\"https:\/\/we.pb.edu.pl\/kair\/\",\"name\":\"Katedra Automatyki i Robotyki\",\"description\":\"Katedra Automatyki i Robotyki\",\"potentialAction\":[{\"@type\":\"SearchAction\",\"target\":{\"@type\":\"EntryPoint\",\"urlTemplate\":\"https:\/\/we.pb.edu.pl\/kair\/?s={search_term_string}\"},\"query-input\":{\"@type\":\"PropertyValueSpecification\",\"valueRequired\":true,\"valueName\":\"search_term_string\"}}],\"inLanguage\":\"pl-PL\"}]}<\/script>\n<!-- \/ Yoast SEO plugin. -->","yoast_head_json":{"title":"Dydaktyka - Katedra Automatyki i Robotyki","robots":{"index":"index","follow":"follow","max-snippet":"max-snippet:-1","max-image-preview":"max-image-preview:large","max-video-preview":"max-video-preview:-1"},"canonical":"https:\/\/we.pb.edu.pl\/kair\/dydaktyka\/","og_locale":"pl_PL","og_type":"article","og_title":"Dydaktyka - Katedra Automatyki i Robotyki","og_description":"Prowadzone przez pracownik\u00f3w Katedry zaj\u0119cia dydaktyczne s\u0105 powi\u0105zane z tre\u015bciami podstawowymi dla kszta\u0142cenia na kierunkach:wi\u0119cej","og_url":"https:\/\/we.pb.edu.pl\/kair\/dydaktyka\/","og_site_name":"Katedra Automatyki i Robotyki","article_modified_time":"2024-11-18T18:47:01+00:00","og_image":[{"url":"https:\/\/we.pb.edu.pl\/kaie\/wp-content\/uploads\/sites\/4\/2018\/05\/pixabay-encyklopedia-696-410.jpg","type":"","width":"","height":""}],"twitter_card":"summary_large_image","twitter_misc":{"Szacowany czas czytania":"2 minuty"},"schema":{"@context":"https:\/\/schema.org","@graph":[{"@type":"WebPage","@id":"https:\/\/we.pb.edu.pl\/kair\/dydaktyka\/","url":"https:\/\/we.pb.edu.pl\/kair\/dydaktyka\/","name":"Dydaktyka - Katedra Automatyki i Robotyki","isPartOf":{"@id":"https:\/\/we.pb.edu.pl\/kair\/#website"},"primaryImageOfPage":{"@id":"https:\/\/we.pb.edu.pl\/kair\/dydaktyka\/#primaryimage"},"image":{"@id":"https:\/\/we.pb.edu.pl\/kair\/dydaktyka\/#primaryimage"},"thumbnailUrl":"https:\/\/we.pb.edu.pl\/kaie\/wp-content\/uploads\/sites\/4\/2018\/05\/pixabay-encyklopedia-696-410.jpg","datePublished":"2018-05-22T11:10:01+00:00","dateModified":"2024-11-18T18:47:01+00:00","breadcrumb":{"@id":"https:\/\/we.pb.edu.pl\/kair\/dydaktyka\/#breadcrumb"},"inLanguage":"pl-PL","potentialAction":[{"@type":"ReadAction","target":["https:\/\/we.pb.edu.pl\/kair\/dydaktyka\/"]}]},{"@type":"ImageObject","inLanguage":"pl-PL","@id":"https:\/\/we.pb.edu.pl\/kair\/dydaktyka\/#primaryimage","url":"https:\/\/we.pb.edu.pl\/kaie\/wp-content\/uploads\/sites\/4\/2018\/05\/pixabay-encyklopedia-696-410.jpg","contentUrl":"https:\/\/we.pb.edu.pl\/kaie\/wp-content\/uploads\/sites\/4\/2018\/05\/pixabay-encyklopedia-696-410.jpg"},{"@type":"BreadcrumbList","@id":"https:\/\/we.pb.edu.pl\/kair\/dydaktyka\/#breadcrumb","itemListElement":[{"@type":"ListItem","position":1,"name":"Strona g\u0142\u00f3wna","item":"https:\/\/we.pb.edu.pl\/kair\/"},{"@type":"ListItem","position":2,"name":"Dydaktyka"}]},{"@type":"WebSite","@id":"https:\/\/we.pb.edu.pl\/kair\/#website","url":"https:\/\/we.pb.edu.pl\/kair\/","name":"Katedra Automatyki i Robotyki","description":"Katedra Automatyki i Robotyki","potentialAction":[{"@type":"SearchAction","target":{"@type":"EntryPoint","urlTemplate":"https:\/\/we.pb.edu.pl\/kair\/?s={search_term_string}"},"query-input":{"@type":"PropertyValueSpecification","valueRequired":true,"valueName":"search_term_string"}}],"inLanguage":"pl-PL"}]}},"_links":{"self":[{"href":"https:\/\/we.pb.edu.pl\/kair\/wp-json\/wp\/v2\/pages\/893","targetHints":{"allow":["GET"]}}],"collection":[{"href":"https:\/\/we.pb.edu.pl\/kair\/wp-json\/wp\/v2\/pages"}],"about":[{"href":"https:\/\/we.pb.edu.pl\/kair\/wp-json\/wp\/v2\/types\/page"}],"author":[{"embeddable":true,"href":"https:\/\/we.pb.edu.pl\/kair\/wp-json\/wp\/v2\/users\/8"}],"replies":[{"embeddable":true,"href":"https:\/\/we.pb.edu.pl\/kair\/wp-json\/wp\/v2\/comments?post=893"}],"version-history":[{"count":20,"href":"https:\/\/we.pb.edu.pl\/kair\/wp-json\/wp\/v2\/pages\/893\/revisions"}],"predecessor-version":[{"id":3808,"href":"https:\/\/we.pb.edu.pl\/kair\/wp-json\/wp\/v2\/pages\/893\/revisions\/3808"}],"wp:attachment":[{"href":"https:\/\/we.pb.edu.pl\/kair\/wp-json\/wp\/v2\/media?parent=893"}],"curies":[{"name":"wp","href":"https:\/\/api.w.org\/{rel}","templated":true}]}}