{"id":781,"date":"2018-05-17T09:23:58","date_gmt":"2018-05-17T07:23:58","guid":{"rendered":"https:\/\/we.pb.edu.pl\/kaie\/?page_id=781"},"modified":"2024-04-10T10:27:12","modified_gmt":"2024-04-10T08:27:12","slug":"seminaria","status":"publish","type":"page","link":"https:\/\/we.pb.edu.pl\/kair\/nauka\/seminaria\/","title":{"rendered":"Seminaria"},"content":{"rendered":"<p class=\"std\">Seminaria Katedry odbywaj\u0105 si\u0119 w sali WE-224 o godzinie 10:15<\/p>\n<div class=\"lista-seminariow\">  \n                                  \n                \n                                            \n                <article class=\"event\">\n\n                    <div class=\"date\">\n                        <span class=\"month\">05.2026<\/span>\n                        <span class=\"day\">27<\/span>\n                    <\/div>\n\n                    <h2><a href=\"https:\/\/we.pb.edu.pl\/kair\/seminaria\/stabilnosc-i-stabilizacja-liniowych-dyskretnych-ukladow-przelaczalnych-z-przelaczaniem-zaleznym-od-czasu\/\" rel=\"bookmark\">Stabilno\u015b\u0107 i\u00a0stabilizacja liniowych dyskretnych uk\u0142ad\u00f3w prze\u0142\u0105czalnych z\u00a0prze\u0142\u0105czaniem zale\u017cnym od czasu<\/a><\/h2>\n\n                    \n                    <div class=\"entry\">\n                        <p>dr in\u017c. Kamil Borawski<\/p>\n                    <\/div>\n                    \n                <\/article>\n                                                    \n        \n                                          \n                        \n       \n    <!-- \/#events -->\n    <\/div>\n<p class=\"std\"><a href=\"\/kair\/nauka\/archiwum-seminariow\/\">Archiwum seminari\u00f3w KAiR<\/a><\/p>\n","protected":false},"excerpt":{"rendered":"<p>Seminaria Katedry odbywaj\u0105 si\u0119 w sali WE-224 o godzinie 10:15 Archiwum seminari\u00f3w KAiR<\/p>\n","protected":false},"author":8,"featured_media":0,"parent":922,"menu_order":0,"comment_status":"closed","ping_status":"closed","template":"","meta":{"inline_featured_image":false,"ngg_post_thumbnail":0,"footnotes":""},"class_list":["post-781","page","type-page","status-publish","hentry"],"acf":[],"yoast_head":"<!-- This site is optimized with the Yoast SEO plugin v26.4 - https:\/\/yoast.com\/wordpress\/plugins\/seo\/ -->\n<title>Seminaria - Katedra Automatyki i Robotyki<\/title>\n<meta name=\"robots\" content=\"index, follow, max-snippet:-1, max-image-preview:large, max-video-preview:-1\" \/>\n<link rel=\"canonical\" href=\"https:\/\/we.pb.edu.pl\/kair\/nauka\/seminaria\/\" \/>\n<meta property=\"og:locale\" content=\"pl_PL\" \/>\n<meta property=\"og:type\" content=\"article\" \/>\n<meta property=\"og:title\" content=\"Seminaria - Katedra Automatyki i Robotyki\" \/>\n<meta property=\"og:description\" content=\"Seminaria Katedry odbywaj\u0105 si\u0119 w sali WE-224 o godzinie 10:15 Archiwum seminari\u00f3w KAiR\" \/>\n<meta property=\"og:url\" content=\"https:\/\/we.pb.edu.pl\/kair\/nauka\/seminaria\/\" \/>\n<meta property=\"og:site_name\" content=\"Katedra Automatyki i Robotyki\" \/>\n<meta property=\"article:modified_time\" content=\"2024-04-10T08:27:12+00:00\" \/>\n<meta name=\"twitter:card\" content=\"summary_large_image\" \/>\n<meta name=\"twitter:label1\" content=\"Szacowany czas czytania\" \/>\n\t<meta name=\"twitter:data1\" content=\"1 minuta\" \/>\n<script type=\"application\/ld+json\" class=\"yoast-schema-graph\">{\"@context\":\"https:\/\/schema.org\",\"@graph\":[{\"@type\":\"WebPage\",\"@id\":\"https:\/\/we.pb.edu.pl\/kair\/nauka\/seminaria\/\",\"url\":\"https:\/\/we.pb.edu.pl\/kair\/nauka\/seminaria\/\",\"name\":\"Seminaria - Katedra Automatyki i Robotyki\",\"isPartOf\":{\"@id\":\"https:\/\/we.pb.edu.pl\/kair\/#website\"},\"datePublished\":\"2018-05-17T07:23:58+00:00\",\"dateModified\":\"2024-04-10T08:27:12+00:00\",\"breadcrumb\":{\"@id\":\"https:\/\/we.pb.edu.pl\/kair\/nauka\/seminaria\/#breadcrumb\"},\"inLanguage\":\"pl-PL\",\"potentialAction\":[{\"@type\":\"ReadAction\",\"target\":[\"https:\/\/we.pb.edu.pl\/kair\/nauka\/seminaria\/\"]}]},{\"@type\":\"BreadcrumbList\",\"@id\":\"https:\/\/we.pb.edu.pl\/kair\/nauka\/seminaria\/#breadcrumb\",\"itemListElement\":[{\"@type\":\"ListItem\",\"position\":1,\"name\":\"Strona g\u0142\u00f3wna\",\"item\":\"https:\/\/we.pb.edu.pl\/kair\/\"},{\"@type\":\"ListItem\",\"position\":2,\"name\":\"Nauka i badania\",\"item\":\"https:\/\/we.pb.edu.pl\/kair\/nauka\/\"},{\"@type\":\"ListItem\",\"position\":3,\"name\":\"Seminaria\"}]},{\"@type\":\"WebSite\",\"@id\":\"https:\/\/we.pb.edu.pl\/kair\/#website\",\"url\":\"https:\/\/we.pb.edu.pl\/kair\/\",\"name\":\"Katedra Automatyki i Robotyki\",\"description\":\"Katedra Automatyki i Robotyki\",\"potentialAction\":[{\"@type\":\"SearchAction\",\"target\":{\"@type\":\"EntryPoint\",\"urlTemplate\":\"https:\/\/we.pb.edu.pl\/kair\/?s={search_term_string}\"},\"query-input\":{\"@type\":\"PropertyValueSpecification\",\"valueRequired\":true,\"valueName\":\"search_term_string\"}}],\"inLanguage\":\"pl-PL\"}]}<\/script>\n<!-- \/ Yoast SEO plugin. -->","yoast_head_json":{"title":"Seminaria - Katedra Automatyki i Robotyki","robots":{"index":"index","follow":"follow","max-snippet":"max-snippet:-1","max-image-preview":"max-image-preview:large","max-video-preview":"max-video-preview:-1"},"canonical":"https:\/\/we.pb.edu.pl\/kair\/nauka\/seminaria\/","og_locale":"pl_PL","og_type":"article","og_title":"Seminaria - Katedra Automatyki i Robotyki","og_description":"Seminaria Katedry odbywaj\u0105 si\u0119 w sali WE-224 o godzinie 10:15 Archiwum seminari\u00f3w KAiR","og_url":"https:\/\/we.pb.edu.pl\/kair\/nauka\/seminaria\/","og_site_name":"Katedra Automatyki i Robotyki","article_modified_time":"2024-04-10T08:27:12+00:00","twitter_card":"summary_large_image","twitter_misc":{"Szacowany czas czytania":"1 minuta"},"schema":{"@context":"https:\/\/schema.org","@graph":[{"@type":"WebPage","@id":"https:\/\/we.pb.edu.pl\/kair\/nauka\/seminaria\/","url":"https:\/\/we.pb.edu.pl\/kair\/nauka\/seminaria\/","name":"Seminaria - Katedra Automatyki i Robotyki","isPartOf":{"@id":"https:\/\/we.pb.edu.pl\/kair\/#website"},"datePublished":"2018-05-17T07:23:58+00:00","dateModified":"2024-04-10T08:27:12+00:00","breadcrumb":{"@id":"https:\/\/we.pb.edu.pl\/kair\/nauka\/seminaria\/#breadcrumb"},"inLanguage":"pl-PL","potentialAction":[{"@type":"ReadAction","target":["https:\/\/we.pb.edu.pl\/kair\/nauka\/seminaria\/"]}]},{"@type":"BreadcrumbList","@id":"https:\/\/we.pb.edu.pl\/kair\/nauka\/seminaria\/#breadcrumb","itemListElement":[{"@type":"ListItem","position":1,"name":"Strona g\u0142\u00f3wna","item":"https:\/\/we.pb.edu.pl\/kair\/"},{"@type":"ListItem","position":2,"name":"Nauka i badania","item":"https:\/\/we.pb.edu.pl\/kair\/nauka\/"},{"@type":"ListItem","position":3,"name":"Seminaria"}]},{"@type":"WebSite","@id":"https:\/\/we.pb.edu.pl\/kair\/#website","url":"https:\/\/we.pb.edu.pl\/kair\/","name":"Katedra Automatyki i Robotyki","description":"Katedra Automatyki i Robotyki","potentialAction":[{"@type":"SearchAction","target":{"@type":"EntryPoint","urlTemplate":"https:\/\/we.pb.edu.pl\/kair\/?s={search_term_string}"},"query-input":{"@type":"PropertyValueSpecification","valueRequired":true,"valueName":"search_term_string"}}],"inLanguage":"pl-PL"}]}},"_links":{"self":[{"href":"https:\/\/we.pb.edu.pl\/kair\/wp-json\/wp\/v2\/pages\/781","targetHints":{"allow":["GET"]}}],"collection":[{"href":"https:\/\/we.pb.edu.pl\/kair\/wp-json\/wp\/v2\/pages"}],"about":[{"href":"https:\/\/we.pb.edu.pl\/kair\/wp-json\/wp\/v2\/types\/page"}],"author":[{"embeddable":true,"href":"https:\/\/we.pb.edu.pl\/kair\/wp-json\/wp\/v2\/users\/8"}],"replies":[{"embeddable":true,"href":"https:\/\/we.pb.edu.pl\/kair\/wp-json\/wp\/v2\/comments?post=781"}],"version-history":[{"count":17,"href":"https:\/\/we.pb.edu.pl\/kair\/wp-json\/wp\/v2\/pages\/781\/revisions"}],"predecessor-version":[{"id":3556,"href":"https:\/\/we.pb.edu.pl\/kair\/wp-json\/wp\/v2\/pages\/781\/revisions\/3556"}],"up":[{"embeddable":true,"href":"https:\/\/we.pb.edu.pl\/kair\/wp-json\/wp\/v2\/pages\/922"}],"wp:attachment":[{"href":"https:\/\/we.pb.edu.pl\/kair\/wp-json\/wp\/v2\/media?parent=781"}],"curies":[{"name":"wp","href":"https:\/\/api.w.org\/{rel}","templated":true}]}}