{"id":779,"date":"2018-05-17T09:20:11","date_gmt":"2018-05-17T07:20:11","guid":{"rendered":"https:\/\/we.pb.edu.pl\/kaie\/?page_id=779"},"modified":"2024-11-18T20:00:30","modified_gmt":"2024-11-18T19:00:30","slug":"zagadnienia-na-egzamin-dyplomowy","status":"publish","type":"page","link":"https:\/\/we.pb.edu.pl\/kair\/zagadnienia-na-egzamin-dyplomowy\/","title":{"rendered":"Zagadnienia na egzamin dyplomowy"},"content":{"rendered":"<style>details h2 {font-size: 110%;}<\/style>\n<details>\n<summary>Zagadnienia na egzamin dyplomowy in\u017cynierski \u2013 Elektrotechnika<\/summary>\n<h2>Elektronika<\/h2>\n<ol class=\"compact\" start=\"1\">\n<li>Rodzaje diod p\u00f3\u0142przewodnikowych i&nbsp;przyk\u0142ady ich zastosowa\u0144.<\/li>\n<li>Tranzystory bipolarne \u2013 parametry, charakterystyki, przyk\u0142ady zastosowa\u0144.<\/li>\n<li>Tranzystory unipolarne \u2013 rodzaje tranzystor\u00f3w, charakterystyki wyj\u015bciowe i&nbsp;przej\u015bciowe, przyk\u0142ady zastosowa\u0144.<\/li>\n<li>Elementy optoelektroniczne \u2013 rodzaje, przyk\u0142ady zastosowa\u0144.<\/li>\n<li>Podstawowe zastosowania wzmacniaczy operacyjnych.<\/li>\n<li>Przyk\u0142ady zastosowania komparator\u00f3w analogowych.<\/li>\n<li>Praktyczne realizacje \u017ar\u00f3de\u0142 pr\u0105dowych.<\/li>\n<li>Liniowe stabilizatory napi\u0119cia.<\/li>\n<li>Impulsowe stabilizatory napi\u0119cia.<\/li>\n<li>Pozyskiwanie energii elektrycznej z&nbsp;modu\u0142\u00f3w fotowoltaicznych.<\/li>\n<\/ol>\n<h2>Technika cyfrowa i&nbsp;mikroprocesorowa<\/h2>\n<ol class=\"compact\" start=\"11\">\n<li>Cechy uk\u0142ad\u00f3w kombinacyjnych i&nbsp;sekwencyjnych (synchronicznych i&nbsp;asynchronicznych).<\/li>\n<li>Sk\u0142adniki architektury struktur programowalnych.<\/li>\n<li>Kombinacyjne bloki funkcjonalne i&nbsp;ich przeznaczenie.<\/li>\n<li>Klasyfikacja i&nbsp;charakterystyka cyfrowych uk\u0142ad\u00f3w programowalnych.<\/li>\n<li>Cechy wybranego j\u0119zyka opisu sprz\u0119towego wysokiego poziomu stosowanego w&nbsp;technice cyfrowej.<\/li>\n<li>Kody binarne i&nbsp;ich zastosowania w&nbsp;technice mikroprocesorowej.<\/li>\n<li>Mikroprocesor uniwersalny, a&nbsp;mikrokomputer jednouk\u0142adowy (mikrokontroler),<\/li>\n<li>Techniki przetwarzania kolejnych rozkaz\u00f3w przez procesory.<\/li>\n<li>Struktury i&nbsp;sk\u0142adniki systemu mikroprocesorowego.<\/li>\n<li>Pami\u0119\u0107 operacyjna \u2013 jej budowa i&nbsp;przeznaczenie.<\/li>\n<\/ol>\n<h2>Automatyka\/teoria sterowania<\/h2>\n<ol class=\"compact\" start=\"21\">\n<li>Metody opisu uk\u0142ad\u00f3w liniowych stacjonarnych \u2013 r\u00f3wnanie r\u00f3\u017cniczkowe, transmitancja operatorowa.<\/li>\n<li>Podstawowe cz\u0142ony dynamiczne \u2013 opis matematyczny, charakterystyki czasowe i&nbsp;cz\u0119stotliwo\u015bciowe.<\/li>\n<li>Stabilno\u015b\u0107 uk\u0142ad\u00f3w liniowych stacjonarnych ci\u0105g\u0142ych i&nbsp;dyskretnych \u2013 definicje, kryteria.<\/li>\n<li>Jednowymiarowy uk\u0142ad regulacji automatycznej \u2013 schemat blokowy, transmitancja operatorowa, w\u0142a\u015bciwo\u015bci.<\/li>\n<li>Regulatory PID \u2013 transmitancje operatorowe, charakterystyki czasowe i&nbsp;cz\u0119stotliwo\u015bciowe.<\/li>\n<li>Metody strojenia regulator\u00f3w PID.<\/li>\n<li>Ocena jako\u015bci regulacji na podstawie charakterystyk czasowych i&nbsp;cz\u0119stotliwo\u015bciowych.<\/li>\n<li>Liniowe uk\u0142ady impulsowe \u2013 schemat blokowy, transmitancja operatorowa.<\/li>\n<li>Cyfrowe realizacje algorytm\u00f3w regulacji PID.<\/li>\n<li>Uk\u0142ad regulacji dwupo\u0142o\u017ceniowej \u2013 schemat blokowy, zasada dzia\u0142ania, obszar zastosowa\u0144.<\/li>\n<\/ol>\n<\/details>\n<details>\n<summary>Zagadnienia na egzamin dyplomowy in\u017cynierski \u2013 Elektronika i telekomunikacja<\/summary>\n<h2>Elektronika<\/h2>\n<ol class=\"compact\" start=\"1\">\n<li>Rodzaje diod p\u00f3\u0142przewodnikowych i&nbsp;przyk\u0142ady ich zastosowa\u0144.<\/li>\n<li>Tranzystory bipolarne \u2013 parametry, charakterystyki, przyk\u0142ady zastosowa\u0144.<\/li>\n<li>Tranzystory unipolarne \u2013 rodzaje tranzystor\u00f3w, charakterystyki wyj\u015bciowe i&nbsp;przej\u015bciowe, przyk\u0142ady zastosowa\u0144.<\/li>\n<li>Elementy optoelektroniczne \u2013 rodzaje, przyk\u0142ady zastosowa\u0144.<\/li>\n<li>Podstawowe zastosowania wzmacniaczy operacyjnych.<\/li>\n<li>Przyk\u0142ady zastosowania komparator\u00f3w analogowych.<\/li>\n<li>Praktyczne realizacje \u017ar\u00f3de\u0142 pr\u0105dowych.<\/li>\n<li>Liniowe stabilizatory napi\u0119cia.<\/li>\n<li>Impulsowe stabilizatory napi\u0119cia.<\/li>\n<li>Przetworniki cyfrowo\u2013analogowe i&nbsp;analogowo\u2013cyfrowe: rodzaje, parametry, przyk\u0142ady zastosowa\u0144.<\/li>\n<\/ol>\n<h2>Technika cyfrowa i&nbsp;mikroprocesorowa<\/h2>\n<ol class=\"compact\" start=\"11\">\n<li>Cechy uk\u0142ad\u00f3w kombinacyjnych i&nbsp;sekwencyjnych (synchronicznych i&nbsp;asynchronicznych).<\/li>\n<li>Sk\u0142adniki architektury struktur programowalnych.<\/li>\n<li>Zasada dzia\u0142ania wybranego cyfrowego uk\u0142adu komutacyjnego.<\/li>\n<li>Rodzaje, budowa i&nbsp;zasada dzia\u0142ania rejestr\u00f3w cyfrowych.<\/li>\n<li>Etapy syntezy uk\u0142adu sekwencyjnego.<\/li>\n<li>Kody binarne i&nbsp;ich zastosowania w&nbsp;technice mikroprocesorowej.<\/li>\n<li>Mikroprocesor uniwersalny, a&nbsp;mikrokomputer jednouk\u0142adowy (mikrokontroler).<\/li>\n<li>Techniki przetwarzania kolejnych rozkaz\u00f3w przez procesory.<\/li>\n<li>Struktury i&nbsp;sk\u0142adniki systemu mikroprocesorowego.<\/li>\n<li>Pami\u0119\u0107 operacyjna \u2013 jej budowa i&nbsp;przeznaczenie.<\/li>\n<\/ol>\n<h2>Automatyka\/teoria sterowania<\/h2>\n<ol class=\"compact\" start=\"21\">\n<li>Metody opisu uk\u0142ad\u00f3w liniowych stacjonarnych \u2013 r\u00f3wnanie r\u00f3\u017cniczkowe, transmitancja operatorowa.<\/li>\n<li>Podstawowe cz\u0142ony dynamiczne \u2013 opis matematyczny, charakterystyki czasowe i&nbsp;cz\u0119stotliwo\u015bciowe.<\/li>\n<li>Stabilno\u015b\u0107 uk\u0142ad\u00f3w liniowych stacjonarnych ci\u0105g\u0142ych i&nbsp;dyskretnych \u2013 definicje, kryteria.<\/li>\n<li>Jednowymiarowy uk\u0142ad regulacji automatycznej \u2013 schemat blokowy, transmitancja operatorowa, w\u0142a\u015bciwo\u015bci.<\/li>\n<li>Regulatory PID \u2013 transmitancje operatorowe, charakterystyki czasowe i&nbsp;cz\u0119stotliwo\u015bciowe.<\/li>\n<li>Metody strojenia regulator\u00f3w PID.<\/li>\n<li>Ocena jako\u015bci regulacji na podstawie charakterystyk czasowych i&nbsp;cz\u0119stotliwo\u015bciowych.<\/li>\n<li>Liniowe uk\u0142ady impulsowe \u2013 schemat blokowy, transmitancja operatorowa.<\/li>\n<li>Cyfrowe realizacje algorytm\u00f3w regulacji PID.<\/li>\n<li>Uk\u0142ad regulacji dwupo\u0142o\u017ceniowej \u2013 schemat blokowy, zasada dzia\u0142ania, obszar zastosowa\u0144.<\/li>\n<\/ol>\n<\/details>\n<details>\n<summary>Zagadnienia na egzamin dyplomowy magisterski \u2013 Elektrotechnika \u2013 studia stacjonarne<\/summary>\n<h2>Automatyka\/teoria sterowania<\/h2>\n<ol class=\"compact\" start=\"1\">\n<li>W\u0142a\u015bciwo\u015bci i&nbsp;podstawowe struktury neuronowych uk\u0142ad\u00f3w sterowania i&nbsp;regulacji.<\/li>\n<li>Modelowanie i&nbsp;sterowanie rozmyte \u2013 koncepcja, struktura i&nbsp;w\u0142a\u015bciwo\u015bci.<\/li>\n<li>Sformu\u0142owanie problemu regulacji predykcyjnej i&nbsp;podstawowe algorytmy regulacji predykcyjnej.<\/li>\n<li>Metody opisu dyskretnych uk\u0142ad\u00f3w liniowych stacjonarnych &#8211; transmitancja, charakterystyki czasowe.<\/li>\n<li>Impulsowy (dyskretny) uk\u0142adu regulacji automatycznej, cyfrowe realizacje regulator\u00f3w PID.<\/li>\n<li>Metody dyskretyzacji modeli ci\u0105g\u0142ych obiekt\u00f3w dynamicznych.<\/li>\n<li>Sterowanie modalne \u2013 koncepcja, struktura i&nbsp;w\u0142a\u015bciwo\u015bci.<\/li>\n<li>Obserwatory stanu dyskretnych uk\u0142ad\u00f3w liniowych.<\/li>\n<li>Podstawowe wska\u017aniki jako\u015bci regulacji.<\/li>\n<li>Sieci przemys\u0142owe \u2013 rodzaje, struktura, zasada dzia\u0142ania.<\/li>\n<li>Bezpo\u015brednie sterowanie cyfrowe w&nbsp;systemach automatyki przemys\u0142owej \u2013 podstawowe struktury, elementy pomiarowe i&nbsp;wykonawcze.<\/li>\n<li>Standardy sygna\u0142\u00f3w modu\u0142\u00f3w wej\u015b\u0107\/wyj\u015b\u0107 sterownika PLC.<\/li>\n<\/ol>\n<h2>Technika cyfrowa i&nbsp;mikroprocesorowa oraz elektronika<\/h2>\n<ol class=\"compact\" start=\"13\">\n<li>Tor pomiarowy wielko\u015bci analogowej w&nbsp;sterowniku PLC.<\/li>\n<li>Implementacja regulatora PID w&nbsp;sterowniku PLC.<\/li>\n<li>Przyk\u0142ady procesor\u00f3w stosowanych w&nbsp;FPGA i&nbsp;ich charakterystyki.<\/li>\n<li>Por\u00f3wnanie dzia\u0142ania wsp\u00f3\u0142bie\u017cnego systemu cyfrowego i&nbsp;systemu sekwencyjnego.<\/li>\n<li>Por\u00f3wnanie wybranych metod projektowania system\u00f3w cyfrowych.<\/li>\n<li>Om\u00f3w standardy przemys\u0142owe system\u00f3w wbudowanych.<\/li>\n<li>Por\u00f3wnaj cechy rdzenia wybranego mikrokontrolera 32-bitowego ARM z&nbsp;mikrokontrolerem 8-bitowym AVR.<\/li>\n<li>Om\u00f3w mechanizmy wymiany informacji stosowane w&nbsp;systemie QNX.<\/li>\n<li>Om\u00f3w algorytmy synchronizacji zada\u0144 w&nbsp;systemach operacyjnych.<\/li>\n<li>Proces i&nbsp;w\u0105tek w&nbsp;systemie operacyjnym.<\/li>\n<li>Narysowa\u0107 uk\u0142ad dowolnego zasilacza napi\u0119cia sta\u0142ego ze stabilizatorem tr\u00f3jko\u0144c\u00f3wkowym. Obliczy\u0107 warto\u015bci element\u00f3w tego uk\u0142adu.<\/li>\n<li>Przyk\u0142ady zastosowania wzmacniaczy operacyjnych w&nbsp;uk\u0142adach pomiarowych wielko\u015bci elektrycznych i&nbsp;nieelektrycznych.<\/li>\n<\/ol>\n<\/details>\n<details>\n<summary>Zagadnienia na egzamin dyplomowy magisterski \u2013 Elektrotechnika \u2013 studia niestacjonarne<\/summary>\n<h2>Automatyka\/teoria sterowania<\/h2>\n<ol class=\"compact\" start=\"1\">\n<li>Metody opisu uk\u0142ad\u00f3w dynamicznych.<\/li>\n<li>W\u0142a\u015bciwo\u015bci statyczne i&nbsp;dynamiczne obiekt\u00f3w regulacji.<\/li>\n<li>Stabilno\u015b\u0107 uk\u0142ad\u00f3w liniowych ci\u0105g\u0142ych i&nbsp;dyskretnych.<\/li>\n<li>Uk\u0142ad regulacji automatycznej \u2013 zadania, struktura, w\u0142a\u015bciwo\u015bci.<\/li>\n<li>Regulatory w&nbsp;uk\u0142adach automatyki \u2013 rodzaje, zastosowania.<\/li>\n<li>Metody eksperymentalne i&nbsp;analityczne strojenia regulator\u00f3w.<\/li>\n<li>Metody dyskretyzacji modeli ci\u0105g\u0142ych obiekt\u00f3w dynamicznych.<\/li>\n<li>Zastosowanie obserwatora w&nbsp;uk\u0142adzie regulacji.<\/li>\n<li>Podstawowe wska\u017aniki jako\u015bci regulacji.<\/li>\n<li>Sieci przemys\u0142owe \u2013 rodzaje, struktura, zasada dzia\u0142ania.<\/li>\n<li>Bezpo\u015brednie sterowanie cyfrowe w&nbsp;systemach automatyki przemys\u0142owej \u2013 podstawowe struktury, elementy pomiarowe i&nbsp;wykonawcze.<\/li>\n<li>Standardy sygna\u0142\u00f3w modu\u0142\u00f3w wej\u015b\u0107\/wyj\u015b\u0107 sterownika PLC.<\/li>\n<\/ol>\n<h2>Technika cyfrowa i&nbsp;mikroprocesorowa oraz elektronika<\/h2>\n<ol class=\"compact\" start=\"13\">\n<li>Tor pomiarowy wielko\u015bci analogowej w&nbsp;sterowniku PLC.<\/li>\n<li>Implementacja regulatora PID w&nbsp;sterowniku PLC.<\/li>\n<li>Przyk\u0142ady procesor\u00f3w stosowanych w&nbsp;FPGA i&nbsp;ich charakterystyki.<\/li>\n<li>Por\u00f3wnanie dzia\u0142ania wsp\u00f3\u0142bie\u017cnego systemu cyfrowego i&nbsp;systemu sekwencyjnego.<\/li>\n<li>Por\u00f3wnanie wybranych metod projektowania system\u00f3w cyfrowych.<\/li>\n<li>Mikrokomputery jednop\u0142ytkowe \u2013 zasada budowy, zastosowania.<\/li>\n<li>Przerwania w&nbsp;systemie mikroprocesorowym i&nbsp;ich zastosowania.<\/li>\n<li>Wykorzystanie mikrokontroler\u00f3w w&nbsp;konstrukcji urz\u0105dze\u0144 elektroniki przemys\u0142owej.<\/li>\n<li>Sposoby zasilania diod LED.<\/li>\n<li>Obliczy\u0107 elementy komparatora analogowego sygnalizuj\u0105cego poprzez stan niski napi\u0119cia wyj\u015bciowego na\u0142adowanie baterii do 14&nbsp;V.<\/li>\n<li>Narysowa\u0107 uk\u0142ad dowolnego zasilacza napi\u0119cia sta\u0142ego ze stabilizatorem tr\u00f3jko\u0144c\u00f3wkowym. Obliczy\u0107 warto\u015bci element\u00f3w tego uk\u0142adu.<\/li>\n<li>Przyk\u0142ady zastosowania wzmacniaczy operacyjnych w uk\u0142adach pomiarowych wielko\u015bci elektrycznych i&nbsp;nieelektrycznych.<\/li>\n<\/ol>\n<\/details>\n<p><!--\n\n\n<details>\n\n<summary>\n--><br \/>\n<a href=\"https:\/\/wm.pb.edu.pl\/wp-content\/uploads\/2021\/11\/AiR-LISTA-PYTAN-na-egzamin-dyplomowy.pdf\">Zagadnienia na egzamin dyplomowy in\u017cynierski &#8211; Automatyka i robotyka<\/a><br \/>\n<!--\n<\/summary>\n\n<\/details>\n\n\n--><\/p>\n<details>\n<summary>Zagadnienia na egzamin dyplomowy magisterski \u2013 Automatyka i robotyka<\/summary>\n<h2>Teoria sterowania<\/h2>\n<ol>\n<li>Om\u00f3w model uk\u0142adu dynamicznego w&nbsp;przestrzeni stanu, podaj postacie kanoniczne tych modeli.<\/li>\n<li>Om\u00f3w kryteria badania stabilno\u015bci liniowych uk\u0142ad\u00f3w dynamicznych.<\/li>\n<li>Om\u00f3w metod\u0119 przesuwania biegun\u00f3w w&nbsp;projektowaniu uk\u0142adu regulacji.<\/li>\n<li>Wyja\u015bnij poj\u0119cie obserwatora stanu uk\u0142adu dynamicznego.<\/li>\n<li>Przedstaw i&nbsp;om\u00f3w regulator optymalny LQR.<\/li>\n<li>Przedstaw i&nbsp;om\u00f3w obserwator stanu Kalmana LQE.<\/li>\n<li>Przedstaw i&nbsp;om\u00f3w uk\u0142ad regulacji LQG.<\/li>\n<li>Om\u00f3w wybrany algorytm optymalizacji funkcji wielu zmiennych.<\/li>\n<\/ol>\n<h2>Systemy sterowania<\/h2>\n<ol class=\"compact\" start=\"9\">\n<li>Podaj definicj\u0119 systemu czasu rzeczywistego. Wymie\u0144 podstawowe cechy systemu czasu rzeczywistego.<\/li>\n<li>Wyja\u015bnij jakie mechanizmy sprz\u0119towe mikrokontrolera wspieraj\u0105 implementacj\u0119 systemu RTOS.<\/li>\n<li>Om\u00f3w wymagania stawiane sterownikom czasu rzeczywistego.<\/li>\n<li>Om\u00f3w struktur\u0119 mikrokontrolera oraz podstawowe tryby wykonywania jego kodu.<\/li>\n<li>Przedstaw system priorytet\u00f3w i&nbsp;kolejkowanie przerwa\u0144 w&nbsp;systemie mikroprocesorowym.<\/li>\n<li>Wymie\u0144 i&nbsp;przedstaw tryby pracy przetwornik\u00f3w ADC.<\/li>\n<li>Om\u00f3w sk\u0142adni\u0119, zasady tworzenia oraz testowania uk\u0142ad\u00f3w w&nbsp;j\u0119zyku VHDL.<\/li>\n<li>Om\u00f3w przebieg procesu projektowania algorytmu regulatora cyfrowego w&nbsp;uk\u0142adzie FPGA.<\/li>\n<li>Om\u00f3w technologie u\u017cywane w&nbsp;budowie system\u00f3w telemetrycznych.<\/li>\n<\/ol>\n<h2>Systemy przemys\u0142owe<\/h2>\n<ol class=\"compact\" start=\"18\">\n<li>Wymie\u0144 i&nbsp;scharakteryzuj warstwy modelu OSI.<\/li>\n<li>Scharakteryzuj sie\u0107 Profinet i&nbsp;Industrial Ethernet.<\/li>\n<li>Podaj rodzaje urz\u0105dze\u0144 sieci PROFINET IO oraz protoko\u0142y u\u017cywane przez PROFINET IO.<\/li>\n<li>Podaj g\u0142\u00f3wne cechy protoko\u0142\u00f3w sieci, np. Modbus, MPI, Hart, AS-Interface.<\/li>\n<li>Om\u00f3w klasy komunikacji w&nbsp;czasie rzeczywistym: RT, IRT.<\/li>\n<li>Om\u00f3w nast\u0119puj\u0105ce tryby komunikacji: cykliczna, acykliczna, multicast i&nbsp;broadcast.<\/li>\n<li>Przedstaw og\u00f3lne za\u0142o\u017cenia Przemys\u0142u 4.0 oraz powi\u0105zanie z&nbsp;nim technologii IoT.<\/li>\n<li>Om\u00f3w etapy projektowania system\u00f3w automatyzacji proces\u00f3w przemys\u0142owych.<\/li>\n<li>Om\u00f3w wykorzystanie system\u00f3w CAx w&nbsp;projektowaniu i&nbsp;eksploatacji system\u00f3w zautomatyzowanych.<\/li>\n<li>Om\u00f3w systemy bezpiecze\u0144stwa w&nbsp;zautomatyzowanych i&nbsp;zrobotyzowanych kom\u00f3rkach roboczych.<\/li>\n<\/ol>\n<\/details>\n","protected":false},"excerpt":{"rendered":"<p>Zagadnienia na egzamin dyplomowy in\u017cynierski \u2013 Elektrotechnika Elektronika Rodzaje diod p\u00f3\u0142przewodnikowych i&nbsp;przyk\u0142ady ich zastosowa\u0144. Tranzystory<a class=\"read-more\" href=\"https:\/\/we.pb.edu.pl\/kair\/zagadnienia-na-egzamin-dyplomowy\/\" title=\"Poka\u017c artyku\u0142 Zagadnienia na egzamin dyplomowy\">wi\u0119cej<\/a><\/p>\n","protected":false},"author":8,"featured_media":0,"parent":0,"menu_order":0,"comment_status":"closed","ping_status":"closed","template":"","meta":{"inline_featured_image":false,"ngg_post_thumbnail":0,"footnotes":""},"class_list":["post-779","page","type-page","status-publish","hentry"],"acf":[],"yoast_head":"<!-- This site is optimized with the Yoast SEO plugin v26.4 - https:\/\/yoast.com\/wordpress\/plugins\/seo\/ -->\n<title>Zagadnienia na egzamin dyplomowy - Katedra Automatyki i Robotyki<\/title>\n<meta name=\"robots\" content=\"index, follow, max-snippet:-1, max-image-preview:large, max-video-preview:-1\" \/>\n<link rel=\"canonical\" href=\"https:\/\/we.pb.edu.pl\/kair\/zagadnienia-na-egzamin-dyplomowy\/\" \/>\n<meta property=\"og:locale\" content=\"pl_PL\" \/>\n<meta property=\"og:type\" content=\"article\" \/>\n<meta property=\"og:title\" content=\"Zagadnienia na egzamin dyplomowy - Katedra Automatyki i Robotyki\" \/>\n<meta property=\"og:description\" content=\"Zagadnienia na egzamin dyplomowy in\u017cynierski \u2013 Elektrotechnika Elektronika Rodzaje diod p\u00f3\u0142przewodnikowych i&nbsp;przyk\u0142ady ich zastosowa\u0144. Tranzystorywi\u0119cej\" \/>\n<meta property=\"og:url\" content=\"https:\/\/we.pb.edu.pl\/kair\/zagadnienia-na-egzamin-dyplomowy\/\" \/>\n<meta property=\"og:site_name\" content=\"Katedra Automatyki i Robotyki\" \/>\n<meta property=\"article:modified_time\" content=\"2024-11-18T19:00:30+00:00\" \/>\n<meta name=\"twitter:card\" content=\"summary_large_image\" \/>\n<meta name=\"twitter:label1\" content=\"Szacowany czas czytania\" \/>\n\t<meta name=\"twitter:data1\" content=\"7 minut\" \/>\n<script type=\"application\/ld+json\" class=\"yoast-schema-graph\">{\"@context\":\"https:\/\/schema.org\",\"@graph\":[{\"@type\":\"WebPage\",\"@id\":\"https:\/\/we.pb.edu.pl\/kair\/zagadnienia-na-egzamin-dyplomowy\/\",\"url\":\"https:\/\/we.pb.edu.pl\/kair\/zagadnienia-na-egzamin-dyplomowy\/\",\"name\":\"Zagadnienia na egzamin dyplomowy - Katedra Automatyki i Robotyki\",\"isPartOf\":{\"@id\":\"https:\/\/we.pb.edu.pl\/kair\/#website\"},\"datePublished\":\"2018-05-17T07:20:11+00:00\",\"dateModified\":\"2024-11-18T19:00:30+00:00\",\"breadcrumb\":{\"@id\":\"https:\/\/we.pb.edu.pl\/kair\/zagadnienia-na-egzamin-dyplomowy\/#breadcrumb\"},\"inLanguage\":\"pl-PL\",\"potentialAction\":[{\"@type\":\"ReadAction\",\"target\":[\"https:\/\/we.pb.edu.pl\/kair\/zagadnienia-na-egzamin-dyplomowy\/\"]}]},{\"@type\":\"BreadcrumbList\",\"@id\":\"https:\/\/we.pb.edu.pl\/kair\/zagadnienia-na-egzamin-dyplomowy\/#breadcrumb\",\"itemListElement\":[{\"@type\":\"ListItem\",\"position\":1,\"name\":\"Strona g\u0142\u00f3wna\",\"item\":\"https:\/\/we.pb.edu.pl\/kair\/\"},{\"@type\":\"ListItem\",\"position\":2,\"name\":\"Zagadnienia na egzamin dyplomowy\"}]},{\"@type\":\"WebSite\",\"@id\":\"https:\/\/we.pb.edu.pl\/kair\/#website\",\"url\":\"https:\/\/we.pb.edu.pl\/kair\/\",\"name\":\"Katedra Automatyki i Robotyki\",\"description\":\"Katedra Automatyki i Robotyki\",\"potentialAction\":[{\"@type\":\"SearchAction\",\"target\":{\"@type\":\"EntryPoint\",\"urlTemplate\":\"https:\/\/we.pb.edu.pl\/kair\/?s={search_term_string}\"},\"query-input\":{\"@type\":\"PropertyValueSpecification\",\"valueRequired\":true,\"valueName\":\"search_term_string\"}}],\"inLanguage\":\"pl-PL\"}]}<\/script>\n<!-- \/ Yoast SEO plugin. -->","yoast_head_json":{"title":"Zagadnienia na egzamin dyplomowy - Katedra Automatyki i Robotyki","robots":{"index":"index","follow":"follow","max-snippet":"max-snippet:-1","max-image-preview":"max-image-preview:large","max-video-preview":"max-video-preview:-1"},"canonical":"https:\/\/we.pb.edu.pl\/kair\/zagadnienia-na-egzamin-dyplomowy\/","og_locale":"pl_PL","og_type":"article","og_title":"Zagadnienia na egzamin dyplomowy - Katedra Automatyki i Robotyki","og_description":"Zagadnienia na egzamin dyplomowy in\u017cynierski \u2013 Elektrotechnika Elektronika Rodzaje diod p\u00f3\u0142przewodnikowych i&nbsp;przyk\u0142ady ich zastosowa\u0144. Tranzystorywi\u0119cej","og_url":"https:\/\/we.pb.edu.pl\/kair\/zagadnienia-na-egzamin-dyplomowy\/","og_site_name":"Katedra Automatyki i Robotyki","article_modified_time":"2024-11-18T19:00:30+00:00","twitter_card":"summary_large_image","twitter_misc":{"Szacowany czas czytania":"7 minut"},"schema":{"@context":"https:\/\/schema.org","@graph":[{"@type":"WebPage","@id":"https:\/\/we.pb.edu.pl\/kair\/zagadnienia-na-egzamin-dyplomowy\/","url":"https:\/\/we.pb.edu.pl\/kair\/zagadnienia-na-egzamin-dyplomowy\/","name":"Zagadnienia na egzamin dyplomowy - Katedra Automatyki i Robotyki","isPartOf":{"@id":"https:\/\/we.pb.edu.pl\/kair\/#website"},"datePublished":"2018-05-17T07:20:11+00:00","dateModified":"2024-11-18T19:00:30+00:00","breadcrumb":{"@id":"https:\/\/we.pb.edu.pl\/kair\/zagadnienia-na-egzamin-dyplomowy\/#breadcrumb"},"inLanguage":"pl-PL","potentialAction":[{"@type":"ReadAction","target":["https:\/\/we.pb.edu.pl\/kair\/zagadnienia-na-egzamin-dyplomowy\/"]}]},{"@type":"BreadcrumbList","@id":"https:\/\/we.pb.edu.pl\/kair\/zagadnienia-na-egzamin-dyplomowy\/#breadcrumb","itemListElement":[{"@type":"ListItem","position":1,"name":"Strona g\u0142\u00f3wna","item":"https:\/\/we.pb.edu.pl\/kair\/"},{"@type":"ListItem","position":2,"name":"Zagadnienia na egzamin dyplomowy"}]},{"@type":"WebSite","@id":"https:\/\/we.pb.edu.pl\/kair\/#website","url":"https:\/\/we.pb.edu.pl\/kair\/","name":"Katedra Automatyki i Robotyki","description":"Katedra Automatyki i Robotyki","potentialAction":[{"@type":"SearchAction","target":{"@type":"EntryPoint","urlTemplate":"https:\/\/we.pb.edu.pl\/kair\/?s={search_term_string}"},"query-input":{"@type":"PropertyValueSpecification","valueRequired":true,"valueName":"search_term_string"}}],"inLanguage":"pl-PL"}]}},"_links":{"self":[{"href":"https:\/\/we.pb.edu.pl\/kair\/wp-json\/wp\/v2\/pages\/779","targetHints":{"allow":["GET"]}}],"collection":[{"href":"https:\/\/we.pb.edu.pl\/kair\/wp-json\/wp\/v2\/pages"}],"about":[{"href":"https:\/\/we.pb.edu.pl\/kair\/wp-json\/wp\/v2\/types\/page"}],"author":[{"embeddable":true,"href":"https:\/\/we.pb.edu.pl\/kair\/wp-json\/wp\/v2\/users\/8"}],"replies":[{"embeddable":true,"href":"https:\/\/we.pb.edu.pl\/kair\/wp-json\/wp\/v2\/comments?post=779"}],"version-history":[{"count":19,"href":"https:\/\/we.pb.edu.pl\/kair\/wp-json\/wp\/v2\/pages\/779\/revisions"}],"predecessor-version":[{"id":3800,"href":"https:\/\/we.pb.edu.pl\/kair\/wp-json\/wp\/v2\/pages\/779\/revisions\/3800"}],"wp:attachment":[{"href":"https:\/\/we.pb.edu.pl\/kair\/wp-json\/wp\/v2\/media?parent=779"}],"curies":[{"name":"wp","href":"https:\/\/api.w.org\/{rel}","templated":true}]}}