{"id":581,"date":"2018-05-14T17:05:46","date_gmt":"2018-05-14T15:05:46","guid":{"rendered":"https:\/\/we.pb.edu.pl\/kaie\/?page_id=581"},"modified":"2025-06-12T16:04:16","modified_gmt":"2025-06-12T14:04:16","slug":"duses2apitmsem2","status":"publish","type":"page","link":"https:\/\/we.pb.edu.pl\/kair\/materialy-dydaktyczne\/duses2apitmsem2\/","title":{"rendered":"DUSES2APiTMsem2"},"content":{"rendered":"<table style=\"width: 100%;\" border=\"0\" cellspacing=\"0\" cellpadding=\"6\" bgcolor=\"#ffffff\">\n<tbody>\n<tr>\n<td style=\"width: 100%;\" valign=\"top\" bgcolor=\"#f7f7f7\"><span style=\"color: #000080; font-size: 14pt; font-family: arial, helvetica, sans-serif;\"><span style=\"color: #000080; font-size: 14pt; font-family: arial, helvetica, sans-serif;\">Materia\u0142y do przedmiotu<br \/>\n<strong>Dyskretne uk\u0142ady sterowania ES2E202 206<\/strong><br \/>\nElektrotechnika sem. II<br \/>\nstudia stacjonarne II stopnia &#8211; specjalno\u015b\u0107 APiTM<\/span><\/span>&nbsp;<\/td>\n<\/tr>\n<\/tbody>\n<\/table>\n<table style=\"width: 100%;\" border=\"0\" cellspacing=\"3\" cellpadding=\"3\">\n<tbody>\n<tr>\n<td style=\"width: 100%;\" colspan=\"2\" valign=\"bottom\" bgcolor=\"#d5e6e1\">\n<h5><span style=\"color: #000080; font-family: Verdana, Arial;\"><strong>Informacje og\u00f3lne<\/strong><\/span><\/h5>\n<\/td>\n<\/tr>\n<\/tbody>\n<\/table>\n<p><span style=\"font-family: arial, helvetica, sans-serif; font-size: 12pt;\">Wymiar godzinowy:<\/span><br \/>\n<span style=\"font-family: arial, helvetica, sans-serif; font-size: 12pt;\">pracownia specjalistyczna &#8211; 30 godzin.<\/span><br \/>\n<span style=\"font-family: arial, helvetica, sans-serif; font-size: 12pt;\"> Zaliczenie pracowni &#8211; zaliczenie z ocen\u0105.<\/span><\/p>\n<table style=\"height: 20px;\" width=\"100%&quot;\">\n<tbody>\n<tr style=\"height: 39px;\">\n<td style=\"width: 100%; height: 39px;\"><span style=\"color: #000080; font-family: Verdana, Arial; font-size: medium;\"><a class=\"pdf\" style=\"text-decoration: none;\" href=\"https:\/\/box.biaman.pl\/f\/ee09c04860d3428b9491\/\"> Program pracowni<\/a><\/span><\/td>\n<\/tr>\n<tr style=\"height: 39px;\">\n<td style=\"width: 100%; height: 39px;\"><span style=\"color: #000080; font-family: Verdana, Arial; font-size: medium;\"><a class=\"pdf\" style=\"text-decoration: none;\" href=\"https:\/\/box.biaman.pl\/f\/afbfcb4c8dc049d5a393\/\"> Zasady zaliczania<\/a><\/span><\/td>\n<\/tr>\n<\/tbody>\n<\/table>\n<table class=\" alignleft\" style=\"width: 100%; height: 20px;\" border=\"0\" cellspacing=\"3\" cellpadding=\"3\">\n<tbody>\n<tr style=\"height: 42px;\">\n<td style=\"width: 100%; height: 42px;\" colspan=\"2\" valign=\"bottom\" bgcolor=\"#d5e6e1\">\n<h5><span style=\"color: #000080; font-family: Verdana, Arial;\"><strong>Materia\u0142y do laboratorium<\/strong><\/span><\/h5>\n<\/td>\n<\/tr>\n<tr style=\"height: 42px;\">\n<td style=\"width: 100%; height: 39px;\" valign=\"middle\"><span style=\"color: #000080; font-family: Verdana, Arial; font-size: medium;\"><a class=\"pdf\" style=\"text-decoration: none;\" href=\"https:\/\/box.biaman.pl\/f\/50804f1f2bb8421fba46\/\"> Instrukcje &#8211; zadania<\/a><\/span><\/td>\n<\/tr>\n<tr style=\"height: 42px;\">\n<td style=\"width: 100%; height: 39px;\" valign=\"middle\"><span style=\"color: #000080; font-family: Verdana, Arial; font-size: medium;\"><a class=\"pdf\" style=\"text-decoration: none;\" href=\"https:\/\/box.biaman.pl\/f\/17d6bae603b049c1b5dd\/\"> Materia\u0142y pomocnicze do \u0107wicze\u0144<\/a><\/span><\/td>\n<\/tr>\n<tr style=\"height: 42px;\">\n<td style=\"width: 100%; height: 39px;\" valign=\"middle\"><span style=\"color: #000080; font-family: Verdana, Arial; font-size: medium;\"><img decoding=\"async\" src=\"https:\/\/we.pb.edu.pl\/kair\/wp-content\/uploads\/sites\/4\/2020\/02\/matlicon.gif\"><a class=\"mat\" style=\"text-decoration: none;\" href=\"https:\/\/box.biaman.pl\/f\/02f758e020294fb49fa8\/\"> Wyznaczanie parametr\u00f3w R i L do nastaw regulator\u00f3w<\/a><\/span><\/td>\n<\/tr>\n<\/tbody>\n<\/table>\n<p style=\"text-align: center;\"><span style=\"font-size: 8pt;\">Opracowanie merytoryczne:<span style=\"font-size: 10pt;\"><strong> prof. dr hab. in\u017c. \u0141ukasz Sajewski<\/strong><\/span><\/span><\/p>\n<table style=\"width: 100%;\" border=\"0\" cellspacing=\"0\" cellpadding=\"6\" bgcolor=\"#ffffff\">\n<tbody>\n<tr>\n<td style=\"width: 100%;\" colspan=\"2\" align=\"center\" bgcolor=\"#f7f7f7\"><span style=\"color: #ff0000; font-size: small;\"><span style=\"font-size: 10pt;\">Prawa autorskie do materia\u0142\u00f3w dydaktycznych osi\u0105galnych z tej strony s\u0105 w\u0142asno\u015bci\u0105 intelektualn\u0105 pracownik\u00f3w<\/span><br \/>\n<span style=\"font-size: 10pt;\">Katedry Automatyki i Robotyki WE PB.<\/span><br \/>\n<span style=\"font-size: 10pt;\">Materia\u0142y te s\u0105 udost\u0119pniane studentom nieodp\u0142atnie i nie mog\u0105 by\u0107 przedmiotem jakiejkolwiek dzia\u0142alno\u015bci komercyjnej.<\/span><br \/>\n<span style=\"color: #000080; font-size: small;\"><span style=\"font-size: 10pt;\">Has\u0142a dost\u0119pu do zawarto\u015bci plik\u00f3w spakowanych mo\u017cna uzyska\u0107 od prowadz\u0105cych zaj\u0119cia.<\/span><br \/>\n<span style=\"color: #000000; font-size: 8pt;\">Opracowanie www: <strong>Lech Grodzki<\/strong> l.grodzki(.)pb.edu.pl<\/span><br \/>\n<span style=\"color: #000000; font-size: 8pt;\">tel. (85) 746-93-84<\/span><\/span><\/span><\/td>\n<\/tr>\n<\/tbody>\n<\/table>\n<p style=\"text-align: center;\"><span style=\"font-size: 10pt;\">Aktualizacja: 2025-06-12<\/span><\/p>\n","protected":false},"excerpt":{"rendered":"<p>Materia\u0142y do przedmiotu Dyskretne uk\u0142ady sterowania ES2E202 206 Elektrotechnika sem. II studia stacjonarne II stopnia<a class=\"read-more\" href=\"https:\/\/we.pb.edu.pl\/kair\/materialy-dydaktyczne\/duses2apitmsem2\/\" title=\"Poka\u017c artyku\u0142 DUSES2APiTMsem2\">wi\u0119cej<\/a><\/p>\n","protected":false},"author":12,"featured_media":0,"parent":42,"menu_order":0,"comment_status":"closed","ping_status":"closed","template":"","meta":{"inline_featured_image":false,"ngg_post_thumbnail":0,"footnotes":""},"class_list":["post-581","page","type-page","status-publish","hentry"],"acf":[],"yoast_head":"<!-- This site is optimized with the Yoast SEO plugin v26.4 - https:\/\/yoast.com\/wordpress\/plugins\/seo\/ -->\n<title>DUSES2APiTMsem2 - Katedra Automatyki i Robotyki<\/title>\n<meta name=\"robots\" content=\"index, follow, max-snippet:-1, max-image-preview:large, max-video-preview:-1\" \/>\n<link rel=\"canonical\" href=\"https:\/\/we.pb.edu.pl\/kair\/materialy-dydaktyczne\/duses2apitmsem2\/\" \/>\n<meta property=\"og:locale\" content=\"pl_PL\" \/>\n<meta property=\"og:type\" content=\"article\" \/>\n<meta property=\"og:title\" content=\"DUSES2APiTMsem2 - Katedra Automatyki i Robotyki\" \/>\n<meta property=\"og:description\" content=\"Materia\u0142y do przedmiotu Dyskretne uk\u0142ady sterowania ES2E202 206 Elektrotechnika sem. II studia stacjonarne II stopniawi\u0119cej\" \/>\n<meta property=\"og:url\" content=\"https:\/\/we.pb.edu.pl\/kair\/materialy-dydaktyczne\/duses2apitmsem2\/\" \/>\n<meta property=\"og:site_name\" content=\"Katedra Automatyki i Robotyki\" \/>\n<meta property=\"article:modified_time\" content=\"2025-06-12T14:04:16+00:00\" \/>\n<meta property=\"og:image\" content=\"https:\/\/we.pb.edu.pl\/kair\/wp-content\/uploads\/sites\/4\/2020\/02\/matlicon.gif\" \/>\n<meta name=\"twitter:card\" content=\"summary_large_image\" \/>\n<meta name=\"twitter:label1\" content=\"Szacowany czas czytania\" \/>\n\t<meta name=\"twitter:data1\" content=\"1 minuta\" \/>\n<script type=\"application\/ld+json\" class=\"yoast-schema-graph\">{\"@context\":\"https:\/\/schema.org\",\"@graph\":[{\"@type\":\"WebPage\",\"@id\":\"https:\/\/we.pb.edu.pl\/kair\/materialy-dydaktyczne\/duses2apitmsem2\/\",\"url\":\"https:\/\/we.pb.edu.pl\/kair\/materialy-dydaktyczne\/duses2apitmsem2\/\",\"name\":\"DUSES2APiTMsem2 - Katedra Automatyki i Robotyki\",\"isPartOf\":{\"@id\":\"https:\/\/we.pb.edu.pl\/kair\/#website\"},\"primaryImageOfPage\":{\"@id\":\"https:\/\/we.pb.edu.pl\/kair\/materialy-dydaktyczne\/duses2apitmsem2\/#primaryimage\"},\"image\":{\"@id\":\"https:\/\/we.pb.edu.pl\/kair\/materialy-dydaktyczne\/duses2apitmsem2\/#primaryimage\"},\"thumbnailUrl\":\"https:\/\/we.pb.edu.pl\/kair\/wp-content\/uploads\/sites\/4\/2020\/02\/matlicon.gif\",\"datePublished\":\"2018-05-14T15:05:46+00:00\",\"dateModified\":\"2025-06-12T14:04:16+00:00\",\"breadcrumb\":{\"@id\":\"https:\/\/we.pb.edu.pl\/kair\/materialy-dydaktyczne\/duses2apitmsem2\/#breadcrumb\"},\"inLanguage\":\"pl-PL\",\"potentialAction\":[{\"@type\":\"ReadAction\",\"target\":[\"https:\/\/we.pb.edu.pl\/kair\/materialy-dydaktyczne\/duses2apitmsem2\/\"]}]},{\"@type\":\"ImageObject\",\"inLanguage\":\"pl-PL\",\"@id\":\"https:\/\/we.pb.edu.pl\/kair\/materialy-dydaktyczne\/duses2apitmsem2\/#primaryimage\",\"url\":\"https:\/\/we.pb.edu.pl\/kair\/wp-content\/uploads\/sites\/4\/2020\/02\/matlicon.gif\",\"contentUrl\":\"https:\/\/we.pb.edu.pl\/kair\/wp-content\/uploads\/sites\/4\/2020\/02\/matlicon.gif\",\"width\":31,\"height\":31},{\"@type\":\"BreadcrumbList\",\"@id\":\"https:\/\/we.pb.edu.pl\/kair\/materialy-dydaktyczne\/duses2apitmsem2\/#breadcrumb\",\"itemListElement\":[{\"@type\":\"ListItem\",\"position\":1,\"name\":\"Strona g\u0142\u00f3wna\",\"item\":\"https:\/\/we.pb.edu.pl\/kair\/\"},{\"@type\":\"ListItem\",\"position\":2,\"name\":\"Materia\u0142y dydaktyczne KAiR\",\"item\":\"https:\/\/we.pb.edu.pl\/kair\/materialy-dydaktyczne\/\"},{\"@type\":\"ListItem\",\"position\":3,\"name\":\"DUSES2APiTMsem2\"}]},{\"@type\":\"WebSite\",\"@id\":\"https:\/\/we.pb.edu.pl\/kair\/#website\",\"url\":\"https:\/\/we.pb.edu.pl\/kair\/\",\"name\":\"Katedra Automatyki i Robotyki\",\"description\":\"Katedra Automatyki i Robotyki\",\"potentialAction\":[{\"@type\":\"SearchAction\",\"target\":{\"@type\":\"EntryPoint\",\"urlTemplate\":\"https:\/\/we.pb.edu.pl\/kair\/?s={search_term_string}\"},\"query-input\":{\"@type\":\"PropertyValueSpecification\",\"valueRequired\":true,\"valueName\":\"search_term_string\"}}],\"inLanguage\":\"pl-PL\"}]}<\/script>\n<!-- \/ Yoast SEO plugin. -->","yoast_head_json":{"title":"DUSES2APiTMsem2 - Katedra Automatyki i Robotyki","robots":{"index":"index","follow":"follow","max-snippet":"max-snippet:-1","max-image-preview":"max-image-preview:large","max-video-preview":"max-video-preview:-1"},"canonical":"https:\/\/we.pb.edu.pl\/kair\/materialy-dydaktyczne\/duses2apitmsem2\/","og_locale":"pl_PL","og_type":"article","og_title":"DUSES2APiTMsem2 - Katedra Automatyki i Robotyki","og_description":"Materia\u0142y do przedmiotu Dyskretne uk\u0142ady sterowania ES2E202 206 Elektrotechnika sem. II studia stacjonarne II stopniawi\u0119cej","og_url":"https:\/\/we.pb.edu.pl\/kair\/materialy-dydaktyczne\/duses2apitmsem2\/","og_site_name":"Katedra Automatyki i Robotyki","article_modified_time":"2025-06-12T14:04:16+00:00","og_image":[{"url":"https:\/\/we.pb.edu.pl\/kair\/wp-content\/uploads\/sites\/4\/2020\/02\/matlicon.gif","type":"","width":"","height":""}],"twitter_card":"summary_large_image","twitter_misc":{"Szacowany czas czytania":"1 minuta"},"schema":{"@context":"https:\/\/schema.org","@graph":[{"@type":"WebPage","@id":"https:\/\/we.pb.edu.pl\/kair\/materialy-dydaktyczne\/duses2apitmsem2\/","url":"https:\/\/we.pb.edu.pl\/kair\/materialy-dydaktyczne\/duses2apitmsem2\/","name":"DUSES2APiTMsem2 - Katedra Automatyki i Robotyki","isPartOf":{"@id":"https:\/\/we.pb.edu.pl\/kair\/#website"},"primaryImageOfPage":{"@id":"https:\/\/we.pb.edu.pl\/kair\/materialy-dydaktyczne\/duses2apitmsem2\/#primaryimage"},"image":{"@id":"https:\/\/we.pb.edu.pl\/kair\/materialy-dydaktyczne\/duses2apitmsem2\/#primaryimage"},"thumbnailUrl":"https:\/\/we.pb.edu.pl\/kair\/wp-content\/uploads\/sites\/4\/2020\/02\/matlicon.gif","datePublished":"2018-05-14T15:05:46+00:00","dateModified":"2025-06-12T14:04:16+00:00","breadcrumb":{"@id":"https:\/\/we.pb.edu.pl\/kair\/materialy-dydaktyczne\/duses2apitmsem2\/#breadcrumb"},"inLanguage":"pl-PL","potentialAction":[{"@type":"ReadAction","target":["https:\/\/we.pb.edu.pl\/kair\/materialy-dydaktyczne\/duses2apitmsem2\/"]}]},{"@type":"ImageObject","inLanguage":"pl-PL","@id":"https:\/\/we.pb.edu.pl\/kair\/materialy-dydaktyczne\/duses2apitmsem2\/#primaryimage","url":"https:\/\/we.pb.edu.pl\/kair\/wp-content\/uploads\/sites\/4\/2020\/02\/matlicon.gif","contentUrl":"https:\/\/we.pb.edu.pl\/kair\/wp-content\/uploads\/sites\/4\/2020\/02\/matlicon.gif","width":31,"height":31},{"@type":"BreadcrumbList","@id":"https:\/\/we.pb.edu.pl\/kair\/materialy-dydaktyczne\/duses2apitmsem2\/#breadcrumb","itemListElement":[{"@type":"ListItem","position":1,"name":"Strona g\u0142\u00f3wna","item":"https:\/\/we.pb.edu.pl\/kair\/"},{"@type":"ListItem","position":2,"name":"Materia\u0142y dydaktyczne KAiR","item":"https:\/\/we.pb.edu.pl\/kair\/materialy-dydaktyczne\/"},{"@type":"ListItem","position":3,"name":"DUSES2APiTMsem2"}]},{"@type":"WebSite","@id":"https:\/\/we.pb.edu.pl\/kair\/#website","url":"https:\/\/we.pb.edu.pl\/kair\/","name":"Katedra Automatyki i Robotyki","description":"Katedra Automatyki i Robotyki","potentialAction":[{"@type":"SearchAction","target":{"@type":"EntryPoint","urlTemplate":"https:\/\/we.pb.edu.pl\/kair\/?s={search_term_string}"},"query-input":{"@type":"PropertyValueSpecification","valueRequired":true,"valueName":"search_term_string"}}],"inLanguage":"pl-PL"}]}},"_links":{"self":[{"href":"https:\/\/we.pb.edu.pl\/kair\/wp-json\/wp\/v2\/pages\/581","targetHints":{"allow":["GET"]}}],"collection":[{"href":"https:\/\/we.pb.edu.pl\/kair\/wp-json\/wp\/v2\/pages"}],"about":[{"href":"https:\/\/we.pb.edu.pl\/kair\/wp-json\/wp\/v2\/types\/page"}],"author":[{"embeddable":true,"href":"https:\/\/we.pb.edu.pl\/kair\/wp-json\/wp\/v2\/users\/12"}],"replies":[{"embeddable":true,"href":"https:\/\/we.pb.edu.pl\/kair\/wp-json\/wp\/v2\/comments?post=581"}],"version-history":[{"count":14,"href":"https:\/\/we.pb.edu.pl\/kair\/wp-json\/wp\/v2\/pages\/581\/revisions"}],"predecessor-version":[{"id":3956,"href":"https:\/\/we.pb.edu.pl\/kair\/wp-json\/wp\/v2\/pages\/581\/revisions\/3956"}],"up":[{"embeddable":true,"href":"https:\/\/we.pb.edu.pl\/kair\/wp-json\/wp\/v2\/pages\/42"}],"wp:attachment":[{"href":"https:\/\/we.pb.edu.pl\/kair\/wp-json\/wp\/v2\/media?parent=581"}],"curies":[{"name":"wp","href":"https:\/\/api.w.org\/{rel}","templated":true}]}}