{"id":568,"date":"2018-05-14T13:34:55","date_gmt":"2018-05-14T11:34:55","guid":{"rendered":"https:\/\/we.pb.edu.pl\/kaie\/?page_id=568"},"modified":"2022-01-25T22:43:11","modified_gmt":"2022-01-25T21:43:11","slug":"scres2apitmsem1","status":"publish","type":"page","link":"https:\/\/we.pb.edu.pl\/kair\/materialy-dydaktyczne\/scres2apitmsem1\/","title":{"rendered":"SCRES2APiTMsem1"},"content":{"rendered":"<table style=\"width: 98.5088%;\" border=\"0\" cellspacing=\"0\" cellpadding=\"6\" bgcolor=\"#ffffff\">\n<tbody>\n<tr>\n<td style=\"width: 100%;\" valign=\"top\" bgcolor=\"#f7f7f7\"><span style=\"color: #000080; font-size: 14pt; font-family: arial, helvetica, sans-serif;\">Materia\u0142y do przedmiotu&nbsp;<br \/>\n<strong> Systemy czasu rzeczywistego ES2E102 201<\/strong><br \/>\nElektrotechnika sem. I<br \/>\nstudia stacjonarne II stopnia &#8211; \u015bcie\u017cka dydaktyczna APiTM<\/span><\/td>\n<\/tr>\n<\/tbody>\n<\/table>\n<p>&nbsp;<\/p>\n<table style=\"width: 98.5088%;\" border=\"0\" cellspacing=\"3\" cellpadding=\"3\">\n<tbody>\n<tr>\n<td style=\"width: 23.6934%;\" colspan=\"2\" valign=\"bottom\" bgcolor=\"#d5e6e1\">\n<h5><span style=\"color: #000080; font-family: Verdana, Arial;\"><strong>Informacje og\u00f3lne<\/strong><\/span><\/h5>\n<\/td>\n<\/tr>\n<\/tbody>\n<\/table>\n<p><span style=\"font-family: arial, helvetica, sans-serif; font-size: 12pt;\">Wymiar godzinowy:&nbsp;<\/span><br \/>\n<span style=\"font-family: arial, helvetica, sans-serif; font-size: 12pt;\">semestr: wyk\u0142ad &#8211; 30 godzin;<\/span><br \/>\n<span style=\"font-family: arial, helvetica, sans-serif; font-size: 12pt;\">laboratorium &#8211; 30 godzin<\/span><br \/>\n<span style=\"font-family: arial, helvetica, sans-serif; font-size: 12pt;\"> Zaliczenie wyk\u0142adu i laboratorium &#8211; zaliczenie z ocen\u0105.<\/span><\/p>\n<table style=\"width: 98.4211%;\" border=\"0\" cellspacing=\"3\" cellpadding=\"3\">\n<tbody>\n<tr style=\"height: 42px;\">\n<td style=\"width: 100%; height: 42px;\" valign=\"middle\">\n<p align=\"left\"><span style=\"color: #000080; font-family: Verdana, Arial; font-size: medium;\"><a class=\"pdf\" style=\"text-decoration: none;\" href=\"https:\/\/we.pb.edu.pl\/kair\/materialy-dydaktyczne\/przepraszamy-informacje-w-przygotowaniu\/\" rel=\"noopener\">&nbsp;Program szczeg\u00f3\u0142owy wyk\u0142adu<\/a><\/span><\/p>\n<\/td>\n<\/tr>\n<tr style=\"height: 42px;\">\n<td style=\"width: 100%; height: 42px;\" valign=\"middle\">\n<p align=\"left\"><span style=\"color: #000080; font-family: Verdana, Arial; font-size: medium;\"><a class=\"pdf\" style=\"text-decoration: none;\" href=\"https:\/\/we.pb.edu.pl\/kair\/materialy-dydaktyczne\/przepraszamy-informacje-w-przygotowaniu\/\" rel=\"noopener\">&nbsp;Kryteria zaliczenia wyk\u0142adu<\/a><\/span><\/p>\n<\/td>\n<\/tr>\n<tr style=\"height: 41px;\">\n<td style=\"width: 100%; height: 41px;\" valign=\"middle\">\n<p align=\"left\"><span style=\"color: #000080; font-family: Verdana, Arial; font-size: medium;\"><a class=\"pdf\" style=\"text-decoration: none;\" href=\"https:\/\/we.pb.edu.pl\/kair\/materialy-dydaktyczne\/przepraszamy-informacje-w-przygotowaniu\/\" target=\"_blank\" rel=\"noopener noreferrer\">&nbsp;Program szczeg\u00f3\u0142owy laboratorium<\/a><\/span><\/p>\n<\/td>\n<\/tr>\n<tr style=\"height: 41px;\">\n<td style=\"width: 100%; height: 41px;\" valign=\"middle\">\n<p align=\"left\"><span style=\"color: #000080; font-family: Verdana, Arial; font-size: medium;\"><a class=\"pdf\" style=\"text-decoration: none;\" href=\"https:\/\/we.pb.edu.pl\/kair\/materialy-dydaktyczne\/przepraszamy-informacje-w-przygotowaniu\/\" rel=\"noopener\">&nbsp;Kryteria zaliczenia laboratorium<\/a><\/span><\/p>\n<\/td>\n<\/tr>\n<\/tbody>\n<\/table>\n<table style=\"width: 98.3333%;\" border=\"0\" cellspacing=\"3\" cellpadding=\"3\">\n<tbody>\n<tr>\n<td style=\"width: 23.5088%;\" colspan=\"2\" valign=\"bottom\" bgcolor=\"#d5e6e1\">\n<h5><span style=\"color: #000080; font-family: Verdana, Arial;\"><strong>Materia\u0142y do wyk\u0142adu<\/strong><\/span><\/h5>\n<\/td>\n<\/tr>\n<\/tbody>\n<\/table>\n<table style=\"width: 98.3333%; height: 588px;\" border=\"0\" cellspacing=\"3\" cellpadding=\"3\">\n<tbody>\n<tr style=\"height: 42px;\">\n<td style=\"height: 42px; width: 100%;\" valign=\"middle\">\n<p align=\"left\"><span style=\"color: #000080; font-family: Verdana, Arial; font-size: medium;\"><a class=\"pdf\" style=\"text-decoration: none;\" href=\"https:\/\/box.biaman.pl\/f\/5ee093b8116e40d5a2f5\/\">&nbsp;wyk\u0142ad nr 1 <\/a>&nbsp;<\/span><\/p>\n<\/td>\n<\/tr>\n<tr style=\"height: 42px;\">\n<td style=\"height: 42px; width: 100%;\" valign=\"middle\">\n<p align=\"left\"><span style=\"color: #000080; font-family: Verdana, Arial; font-size: medium;\"><a class=\"pdf\" style=\"text-decoration: none;\" href=\"https:\/\/box.biaman.pl\/f\/fbb3f45b35fa4cfc958c\/\">&nbsp;wyk\u0142ad nr 2 <\/a>&nbsp;<\/span><\/p>\n<\/td>\n<\/tr>\n<tr style=\"height: 42px;\">\n<td style=\"height: 42px; width: 100%;\" valign=\"middle\">\n<p align=\"left\"><span style=\"color: #000080; font-family: Verdana, Arial; font-size: medium;\"><a class=\"pdf\" style=\"text-decoration: none;\" href=\"https:\/\/box.biaman.pl\/f\/00a1212b85474ef18965\/\">&nbsp;wyk\u0142ad nr 3 <\/a>&nbsp;<\/span><\/p>\n<\/td>\n<\/tr>\n<tr style=\"height: 42px;\">\n<td style=\"height: 42px; width: 100%;\" valign=\"middle\">\n<p align=\"left\"><span style=\"color: #000080; font-family: Verdana, Arial; font-size: medium;\"><a class=\"pdf\" style=\"text-decoration: none;\" href=\"https:\/\/box.biaman.pl\/f\/b60bfd19580947489364\/\">&nbsp;wyk\u0142ad nr 4 <\/a>&nbsp;<\/span><\/p>\n<\/td>\n<\/tr>\n<tr style=\"height: 42px;\">\n<td style=\"height: 42px; width: 100%;\" valign=\"middle\">\n<p align=\"left\"><span style=\"color: #000080; font-family: Verdana, Arial; font-size: medium;\"><a class=\"pdf\" style=\"text-decoration: none;\" href=\"https:\/\/box.biaman.pl\/f\/873997c92c27495ab28e\/\">&nbsp;wyk\u0142ad nr 5 <\/a>&nbsp;<\/span><\/p>\n<\/td>\n<\/tr>\n<tr style=\"height: 42px;\">\n<td style=\"height: 42px; width: 100%;\" valign=\"middle\">\n<p align=\"left\"><span style=\"color: #000080; font-family: Verdana, Arial; font-size: medium;\"><a class=\"pdf\" style=\"text-decoration: none;\" href=\"https:\/\/box.biaman.pl\/f\/0ce35c4abb134d4eb287\/\">&nbsp;wyk\u0142ad nr 6 <\/a>&nbsp;<\/span><\/p>\n<\/td>\n<\/tr>\n<tr style=\"height: 42px;\">\n<td style=\"height: 42px; width: 100%;\" valign=\"middle\">\n<p align=\"left\"><span style=\"color: #000080; font-family: Verdana, Arial; font-size: medium;\"><a class=\"pdf\" style=\"text-decoration: none;\" href=\"https:\/\/box.biaman.pl\/f\/e7927830f9a848dfa7c4\/\">&nbsp;wyk\u0142ad nr 7 <\/a>&nbsp;<\/span><\/p>\n<\/td>\n<\/tr>\n<tr style=\"height: 42px;\">\n<td style=\"height: 42px; width: 100%;\" valign=\"middle\">\n<p align=\"left\"><span style=\"color: #000080; font-family: Verdana, Arial; font-size: medium;\"><a class=\"pdf\" style=\"text-decoration: none;\" href=\"https:\/\/box.biaman.pl\/f\/1025911b81f0490ea0b8\/\">&nbsp;wyk\u0142ad nr 8 <\/a>&nbsp;<\/span><\/p>\n<\/td>\n<\/tr>\n<tr style=\"height: 42px;\">\n<td style=\"height: 42px; width: 100%;\" valign=\"middle\">\n<p align=\"left\"><span style=\"color: #000080; font-family: Verdana, Arial; font-size: medium;\"><a class=\"pdf\" style=\"text-decoration: none;\" href=\"https:\/\/box.biaman.pl\/f\/00cbcd3b22204ac4b8c2\/\">&nbsp;wyk\u0142ad nr 9 <\/a>&nbsp;<\/span><\/p>\n<\/td>\n<\/tr>\n<tr style=\"height: 42px;\">\n<td style=\"height: 42px; width: 100%;\" valign=\"middle\">\n<p align=\"left\"><span style=\"color: #000080; font-family: Verdana, Arial; font-size: medium;\"><a class=\"pdf\" style=\"text-decoration: none;\" href=\"https:\/\/box.biaman.pl\/f\/3f61ca0fd47d44e49b98\/\">&nbsp;wyk\u0142ad nr 10 <\/a>&nbsp;<\/span><\/p>\n<\/td>\n<\/tr>\n<tr style=\"height: 42px;\">\n<td style=\"height: 42px; width: 100%;\" valign=\"middle\">\n<p align=\"left\"><span style=\"color: #000080; font-family: Verdana, Arial; font-size: medium;\"><a class=\"pdf\" style=\"text-decoration: none;\" href=\"https:\/\/box.biaman.pl\/f\/b2cd1c7dba6f445cb540\/\">&nbsp;wyk\u0142ad nr 11 <\/a>&nbsp;<\/span><\/p>\n<\/td>\n<\/tr>\n<tr style=\"height: 42px;\">\n<td style=\"height: 42px; width: 100%;\" valign=\"middle\">\n<p align=\"left\"><span style=\"color: #000080; font-family: Verdana, Arial; font-size: medium;\"><a class=\"pdf\" style=\"text-decoration: none;\" href=\"https:\/\/box.biaman.pl\/f\/a09794c6b81b4e92948a\/\">&nbsp;wyk\u0142ad nr 12 <\/a>&nbsp;<\/span><\/p>\n<\/td>\n<\/tr>\n<tr style=\"height: 42px;\">\n<td style=\"height: 42px; width: 100%;\" valign=\"middle\">\n<p align=\"left\"><span style=\"color: #000080; font-family: Verdana, Arial; font-size: medium;\"><a class=\"pdf\" style=\"text-decoration: none;\" href=\"https:\/\/box.biaman.pl\/f\/f9b4e4489d45420b98fd\/\">&nbsp;wyk\u0142ad nr 13 <\/a>&nbsp;<\/span><\/p>\n<\/td>\n<\/tr>\n<tr style=\"height: 42px;\">\n<td style=\"height: 42px; width: 100%;\" valign=\"middle\">\n<p align=\"left\"><span style=\"color: #000080; font-family: Verdana, Arial; font-size: medium;\"><a class=\"pdf\" style=\"text-decoration: none;\" href=\"https:\/\/box.biaman.pl\/f\/2c7ff44198f44a21b314\/\">&nbsp;wyk\u0142ad nr 14 <\/a>&nbsp;<\/span><\/p>\n<\/td>\n<\/tr>\n<tr style=\"height: 42px;\">\n<td style=\"height: 42px; width: 100%;\" valign=\"middle\">\n<p align=\"left\"><span style=\"color: #000080; font-family: Verdana, Arial; font-size: medium;\"><a class=\"pdf\" style=\"text-decoration: none;\" href=\"https:\/\/we.pb.edu.pl\/kair\/materialy-dydaktyczne\/przepraszamy-informacje-w-przygotowaniu\/\">&nbsp;pozosta\u0142e w przygotowaniu <\/a>&nbsp;<\/span><\/p>\n<\/td>\n<\/tr>\n<\/tbody>\n<\/table>\n<table style=\"width: 98.3333%;\" border=\"0\" cellspacing=\"3\" cellpadding=\"3\">\n<tbody>\n<tr style=\"height: 43px;\">\n<td style=\"width: 63.5088%; height: 43px;\" valign=\"bottom\" bgcolor=\"#d5e6e1\">\n<h5><span style=\"color: #000080; font-family: Verdana, Arial;\"><strong>Materia\u0142y do laboratorium<\/strong><\/span><\/h5>\n<\/td>\n<\/tr>\n<tr style=\"height: 41px;\">\n<td style=\"width: 63.5088%; height: 41px;\" valign=\"middle\">\n<p align=\"left\"><span style=\"font-size: 16px; line-height: 22.4px;\"><span style=\"color: #000080; font-family: Verdana, Arial;\"><span style=\"color: #000080; font-family: Verdana, Arial; font-size: 12pt;\"><a class=\"pdf\" style=\"text-decoration: none;\" href=\"https:\/\/box.biaman.pl\/f\/cebe79b3a40f49a481ba\/\">&nbsp;Komplet instrukcji do \u0107wicze\u0144 laboratoryjnych<\/a><\/span><\/span>&nbsp;<\/span><\/p>\n<\/td>\n<\/tr>\n<tr style=\"height: 41px;\">\n<td style=\"width: 63.5088%; height: 41px;\" valign=\"middle\">\n<p align=\"left\"><span style=\"font-size: 16px; line-height: 22.4px;\"><span style=\"color: #000080; font-family: Verdana, Arial;\"><span style=\"color: #000080; font-family: Verdana, Arial; font-size: 12pt;\"><a class=\"pdf\" style=\"text-decoration: none;\" href=\"https:\/\/box.biaman.pl\/f\/c80012f1c7d14a4d9aa5\/\">&nbsp;QNX Neutrino &#8211; architektura systemu<\/a><\/span><\/span>&nbsp;<\/span><\/p>\n<\/td>\n<\/tr>\n<tr style=\"height: 41px;\">\n<td style=\"width: 63.5088%; height: 41px;\" valign=\"middle\">\n<p align=\"left\"><span style=\"font-size: 16px; line-height: 22.4px;\"><span style=\"color: #000080; font-family: Verdana, Arial;\"><span style=\"color: #000080; font-family: Verdana, Arial; font-size: 12pt;\"><a class=\"pdf\" style=\"text-decoration: none;\" href=\"https:\/\/box.biaman.pl\/f\/85e56de08f764906a26a\/\">&nbsp;QNX Neutrino &#8211; przewodnik programisty<\/a><\/span><\/span>&nbsp;<\/span><\/p>\n<\/td>\n<\/tr>\n<tr style=\"height: 41px;\">\n<td style=\"width: 63.5088%; height: 41px;\" valign=\"middle\">\n<p align=\"left\"><span style=\"font-size: 16px; line-height: 22.4px;\"><span style=\"color: #000080; font-family: Verdana, Arial;\"><span style=\"color: #000080; font-family: Verdana, Arial; font-size: 12pt;\"><a class=\"pdf\" style=\"text-decoration: none;\" href=\"https:\/\/box.biaman.pl\/f\/1be205292cec49f39786\/\">&nbsp;QNX Neutrino &#8211; opis j\u0119zyka C, w\u0105tki POSIX, wywo\u0142ania i funkcje zarz\u0105dzania zasobami<\/a><\/span><\/span>&nbsp;<\/span><\/p>\n<\/td>\n<\/tr>\n<\/tbody>\n<\/table>\n<p>&nbsp;<\/p>\n<p style=\"text-align: center;\"><span style=\"color: #000000; font-size: xx-small;\"><span style=\"font-size: 8pt;\">Opracowanie merytoryczne: &nbsp;<strong>dr in\u017c. Rafa\u0142 Kociszewski<\/strong><\/span><br \/>\n<\/span><\/p>\n<table style=\"width: 98.2456%;\" border=\"0\" cellspacing=\"0\" cellpadding=\"6\" bgcolor=\"#ffffff\">\n<tbody>\n<tr>\n<td style=\"width: 23.4164%;\" colspan=\"2\" align=\"center\" bgcolor=\"#f7f7f7\"><span style=\"color: #ff0000; font-size: small;\"><span style=\"font-size: 10pt;\">Prawa autorskie do materia\u0142\u00f3w dydaktycznych osi\u0105galnych z tej strony s\u0105 w\u0142asno\u015bci\u0105 intelektualn\u0105 pracownik\u00f3w&nbsp;<\/span><br \/>\n<span style=\"font-size: 10pt;\">Katedry Automatyki i Robotyki WE PB.<\/span><br \/>\n<span style=\"font-size: 10pt;\">Materia\u0142y te s\u0105 udost\u0119pniane studentom nieodp\u0142atnie i nie mog\u0105 by\u0107 przedmiotem jakiejkolwiek dzia\u0142alno\u015bci komercyjnej.<\/span><br \/>\n<span style=\"color: #000080; font-size: small;\"><span style=\"font-size: 10pt;\">Has\u0142a dost\u0119pu do zawarto\u015bci plik\u00f3w spakowanych mo\u017cna uzyska\u0107 od prowadz\u0105cych zaj\u0119cia.<\/span><br \/>\n<span style=\"color: #000000; font-size: 8pt;\">Opracowanie www:&nbsp;<strong>Lech Grodzki<\/strong>&nbsp;l.grodzki(.)pb.edu.pl<\/span><br \/>\n<span style=\"color: #000000; font-size: 8pt;\">tel. (85) 746-93-84<\/span><\/span><\/span><\/td>\n<\/tr>\n<\/tbody>\n<\/table>\n<p style=\"text-align: center;\"><span style=\"font-size: 10pt;\">Aktualizacja: 2022-01-25<\/span><\/p>\n","protected":false},"excerpt":{"rendered":"<p>Materia\u0142y do przedmiotu&nbsp; Systemy czasu rzeczywistego ES2E102 201 Elektrotechnika sem. I studia stacjonarne II stopnia<a class=\"read-more\" href=\"https:\/\/we.pb.edu.pl\/kair\/materialy-dydaktyczne\/scres2apitmsem1\/\" title=\"Poka\u017c artyku\u0142 SCRES2APiTMsem1\">wi\u0119cej<\/a><\/p>\n","protected":false},"author":12,"featured_media":0,"parent":42,"menu_order":0,"comment_status":"closed","ping_status":"closed","template":"","meta":{"inline_featured_image":false,"ngg_post_thumbnail":0,"footnotes":""},"class_list":["post-568","page","type-page","status-publish","hentry"],"acf":[],"yoast_head":"<!-- This site is optimized with the Yoast SEO plugin v26.4 - https:\/\/yoast.com\/wordpress\/plugins\/seo\/ -->\n<title>SCRES2APiTMsem1 - Katedra Automatyki i Robotyki<\/title>\n<meta name=\"robots\" content=\"index, follow, max-snippet:-1, max-image-preview:large, max-video-preview:-1\" \/>\n<link rel=\"canonical\" href=\"https:\/\/we.pb.edu.pl\/kair\/materialy-dydaktyczne\/scres2apitmsem1\/\" \/>\n<meta property=\"og:locale\" content=\"pl_PL\" \/>\n<meta property=\"og:type\" content=\"article\" \/>\n<meta property=\"og:title\" content=\"SCRES2APiTMsem1 - Katedra Automatyki i Robotyki\" \/>\n<meta property=\"og:description\" content=\"Materia\u0142y do przedmiotu&nbsp; Systemy czasu rzeczywistego ES2E102 201 Elektrotechnika sem. I studia stacjonarne II stopniawi\u0119cej\" \/>\n<meta property=\"og:url\" content=\"https:\/\/we.pb.edu.pl\/kair\/materialy-dydaktyczne\/scres2apitmsem1\/\" \/>\n<meta property=\"og:site_name\" content=\"Katedra Automatyki i Robotyki\" \/>\n<meta property=\"article:modified_time\" content=\"2022-01-25T21:43:11+00:00\" \/>\n<meta name=\"twitter:card\" content=\"summary_large_image\" \/>\n<meta name=\"twitter:label1\" content=\"Szacowany czas czytania\" \/>\n\t<meta name=\"twitter:data1\" content=\"1 minuta\" \/>\n<script type=\"application\/ld+json\" class=\"yoast-schema-graph\">{\"@context\":\"https:\/\/schema.org\",\"@graph\":[{\"@type\":\"WebPage\",\"@id\":\"https:\/\/we.pb.edu.pl\/kair\/materialy-dydaktyczne\/scres2apitmsem1\/\",\"url\":\"https:\/\/we.pb.edu.pl\/kair\/materialy-dydaktyczne\/scres2apitmsem1\/\",\"name\":\"SCRES2APiTMsem1 - Katedra Automatyki i Robotyki\",\"isPartOf\":{\"@id\":\"https:\/\/we.pb.edu.pl\/kair\/#website\"},\"datePublished\":\"2018-05-14T11:34:55+00:00\",\"dateModified\":\"2022-01-25T21:43:11+00:00\",\"breadcrumb\":{\"@id\":\"https:\/\/we.pb.edu.pl\/kair\/materialy-dydaktyczne\/scres2apitmsem1\/#breadcrumb\"},\"inLanguage\":\"pl-PL\",\"potentialAction\":[{\"@type\":\"ReadAction\",\"target\":[\"https:\/\/we.pb.edu.pl\/kair\/materialy-dydaktyczne\/scres2apitmsem1\/\"]}]},{\"@type\":\"BreadcrumbList\",\"@id\":\"https:\/\/we.pb.edu.pl\/kair\/materialy-dydaktyczne\/scres2apitmsem1\/#breadcrumb\",\"itemListElement\":[{\"@type\":\"ListItem\",\"position\":1,\"name\":\"Strona g\u0142\u00f3wna\",\"item\":\"https:\/\/we.pb.edu.pl\/kair\/\"},{\"@type\":\"ListItem\",\"position\":2,\"name\":\"Materia\u0142y dydaktyczne KAiR\",\"item\":\"https:\/\/we.pb.edu.pl\/kair\/materialy-dydaktyczne\/\"},{\"@type\":\"ListItem\",\"position\":3,\"name\":\"SCRES2APiTMsem1\"}]},{\"@type\":\"WebSite\",\"@id\":\"https:\/\/we.pb.edu.pl\/kair\/#website\",\"url\":\"https:\/\/we.pb.edu.pl\/kair\/\",\"name\":\"Katedra Automatyki i Robotyki\",\"description\":\"Katedra Automatyki i Robotyki\",\"potentialAction\":[{\"@type\":\"SearchAction\",\"target\":{\"@type\":\"EntryPoint\",\"urlTemplate\":\"https:\/\/we.pb.edu.pl\/kair\/?s={search_term_string}\"},\"query-input\":{\"@type\":\"PropertyValueSpecification\",\"valueRequired\":true,\"valueName\":\"search_term_string\"}}],\"inLanguage\":\"pl-PL\"}]}<\/script>\n<!-- \/ Yoast SEO plugin. -->","yoast_head_json":{"title":"SCRES2APiTMsem1 - Katedra Automatyki i Robotyki","robots":{"index":"index","follow":"follow","max-snippet":"max-snippet:-1","max-image-preview":"max-image-preview:large","max-video-preview":"max-video-preview:-1"},"canonical":"https:\/\/we.pb.edu.pl\/kair\/materialy-dydaktyczne\/scres2apitmsem1\/","og_locale":"pl_PL","og_type":"article","og_title":"SCRES2APiTMsem1 - Katedra Automatyki i Robotyki","og_description":"Materia\u0142y do przedmiotu&nbsp; Systemy czasu rzeczywistego ES2E102 201 Elektrotechnika sem. I studia stacjonarne II stopniawi\u0119cej","og_url":"https:\/\/we.pb.edu.pl\/kair\/materialy-dydaktyczne\/scres2apitmsem1\/","og_site_name":"Katedra Automatyki i Robotyki","article_modified_time":"2022-01-25T21:43:11+00:00","twitter_card":"summary_large_image","twitter_misc":{"Szacowany czas czytania":"1 minuta"},"schema":{"@context":"https:\/\/schema.org","@graph":[{"@type":"WebPage","@id":"https:\/\/we.pb.edu.pl\/kair\/materialy-dydaktyczne\/scres2apitmsem1\/","url":"https:\/\/we.pb.edu.pl\/kair\/materialy-dydaktyczne\/scres2apitmsem1\/","name":"SCRES2APiTMsem1 - Katedra Automatyki i Robotyki","isPartOf":{"@id":"https:\/\/we.pb.edu.pl\/kair\/#website"},"datePublished":"2018-05-14T11:34:55+00:00","dateModified":"2022-01-25T21:43:11+00:00","breadcrumb":{"@id":"https:\/\/we.pb.edu.pl\/kair\/materialy-dydaktyczne\/scres2apitmsem1\/#breadcrumb"},"inLanguage":"pl-PL","potentialAction":[{"@type":"ReadAction","target":["https:\/\/we.pb.edu.pl\/kair\/materialy-dydaktyczne\/scres2apitmsem1\/"]}]},{"@type":"BreadcrumbList","@id":"https:\/\/we.pb.edu.pl\/kair\/materialy-dydaktyczne\/scres2apitmsem1\/#breadcrumb","itemListElement":[{"@type":"ListItem","position":1,"name":"Strona g\u0142\u00f3wna","item":"https:\/\/we.pb.edu.pl\/kair\/"},{"@type":"ListItem","position":2,"name":"Materia\u0142y dydaktyczne KAiR","item":"https:\/\/we.pb.edu.pl\/kair\/materialy-dydaktyczne\/"},{"@type":"ListItem","position":3,"name":"SCRES2APiTMsem1"}]},{"@type":"WebSite","@id":"https:\/\/we.pb.edu.pl\/kair\/#website","url":"https:\/\/we.pb.edu.pl\/kair\/","name":"Katedra Automatyki i Robotyki","description":"Katedra Automatyki i Robotyki","potentialAction":[{"@type":"SearchAction","target":{"@type":"EntryPoint","urlTemplate":"https:\/\/we.pb.edu.pl\/kair\/?s={search_term_string}"},"query-input":{"@type":"PropertyValueSpecification","valueRequired":true,"valueName":"search_term_string"}}],"inLanguage":"pl-PL"}]}},"_links":{"self":[{"href":"https:\/\/we.pb.edu.pl\/kair\/wp-json\/wp\/v2\/pages\/568","targetHints":{"allow":["GET"]}}],"collection":[{"href":"https:\/\/we.pb.edu.pl\/kair\/wp-json\/wp\/v2\/pages"}],"about":[{"href":"https:\/\/we.pb.edu.pl\/kair\/wp-json\/wp\/v2\/types\/page"}],"author":[{"embeddable":true,"href":"https:\/\/we.pb.edu.pl\/kair\/wp-json\/wp\/v2\/users\/12"}],"replies":[{"embeddable":true,"href":"https:\/\/we.pb.edu.pl\/kair\/wp-json\/wp\/v2\/comments?post=568"}],"version-history":[{"count":19,"href":"https:\/\/we.pb.edu.pl\/kair\/wp-json\/wp\/v2\/pages\/568\/revisions"}],"predecessor-version":[{"id":2983,"href":"https:\/\/we.pb.edu.pl\/kair\/wp-json\/wp\/v2\/pages\/568\/revisions\/2983"}],"up":[{"embeddable":true,"href":"https:\/\/we.pb.edu.pl\/kair\/wp-json\/wp\/v2\/pages\/42"}],"wp:attachment":[{"href":"https:\/\/we.pb.edu.pl\/kair\/wp-json\/wp\/v2\/media?parent=568"}],"curies":[{"name":"wp","href":"https:\/\/api.w.org\/{rel}","templated":true}]}}