{"id":4123,"date":"2025-11-03T08:07:10","date_gmt":"2025-11-03T07:07:10","guid":{"rendered":"https:\/\/we.pb.edu.pl\/kair\/?page_id=4123"},"modified":"2025-11-03T13:00:07","modified_gmt":"2025-11-03T12:00:07","slug":"ucipems1","status":"publish","type":"page","link":"https:\/\/we.pb.edu.pl\/kair\/materialy-dydaktyczne\/ucipems1\/","title":{"rendered":"UCiPEmS1"},"content":{"rendered":"<table style=\"width: 100%;\" border=\"0\" cellspacing=\"0\" cellpadding=\"6\" bgcolor=\"#FFFFFF\">\n<tbody>\n<tr>\n<td style=\"width: 100%;\" valign=\"top\" bgcolor=\"#F7F7F7\"><span style=\"color: #000080; font-size: 14pt; font-family: arial, helvetica, sans-serif;\">Materia\u0142y do przedmiotu&nbsp;<br \/>\n<strong>Uk\u0142ady cyfrowe i programowalne EMS1A1009<\/strong><br \/>\nElektromobilno\u015b\u0107 sem. I<br \/>\nstudia stacjonarne I stopnia<\/span><\/td>\n<\/tr>\n<\/tbody>\n<\/table>\n<p>&nbsp;<\/p>\n<table style=\"width: 100%;\" border=\"0\" cellspacing=\"3\" cellpadding=\"3\">\n<tbody>\n<tr>\n<td style=\"width: 100%;\" colspan=\"2\" valign=\"bottom\" bgcolor=\"#D5E6E1\">\n<h5><span style=\"color: #000080; font-family: Verdana, Arial;\"><strong>Informacje og\u00f3lne<\/strong><\/span><\/h5>\n<\/td>\n<\/tr>\n<\/tbody>\n<\/table>\n<p><span style=\"font-family: arial, helvetica, sans-serif; font-size: 12pt;\">Wymiar godzinowy:&nbsp;<\/span><br \/>\n<span style=\"font-family: arial, helvetica, sans-serif; font-size: 12pt;\">wyk\u0142ad &#8211; 30 godzin; <\/span><span style=\"font-family: arial, helvetica, sans-serif; font-size: 12pt;\">laboratorium &#8211; 30 godzin.<\/span><br \/>\n<span style=\"font-family: arial, helvetica, sans-serif; font-size: 12pt;\"> Zaliczenie wyk\u0142adu i laboratorium &#8211; zaliczenie z ocen\u0105.<\/span><\/p>\n<table style=\"width: 100%; height: 125px;\" border=\"0\" cellspacing=\"3\" cellpadding=\"3\">\n<tbody>\n<tr style=\"height: 42px;\">\n<td style=\"width: 100%; height: 42px;\" valign=\"middle\">\n<p align=\"left\"><span style=\"color: #000080; font-family: Verdana, Arial; font-size: medium;\"><a class=\"pdf\" style=\"text-decoration: none;\" href=\"https:\/\/we.pb.edu.pl\/kair\/materialy-dydaktyczne\/przepraszamy-informacje-w-przygotowaniu\/\" rel=\"noopener\">&nbsp;Program szczeg\u00f3\u0142owy wyk\u0142adu<\/a><\/span><\/p>\n<\/td>\n<\/tr>\n<tr style=\"height: 42px;\">\n<td style=\"width: 100%; height: 42px;\" valign=\"middle\">\n<p align=\"left\"><span style=\"color: #000080; font-family: Verdana, Arial; font-size: medium;\"><a class=\"pdf\" style=\"text-decoration: none;\" href=\"https:\/\/we.pb.edu.pl\/kair\/materialy-dydaktyczne\/przepraszamy-informacje-w-przygotowaniu\/\" rel=\"noopener\">&nbsp;Kryteria zaliczenia przedmiotu<\/a><\/span><\/p>\n<\/td>\n<\/tr>\n<tr style=\"height: 41px;\">\n<td style=\"width: 100%; height: 41px;\" valign=\"middle\">\n<p align=\"left\"><span style=\"color: #000080; font-family: Verdana, Arial; font-size: medium;\"><a class=\"pdf\" style=\"text-decoration: none;\" href=\"https:\/\/we.pb.edu.pl\/kair\/materialy-dydaktyczne\/przepraszamy-informacje-w-przygotowaniu\/\" target=\"_blank\" rel=\"noopener noreferrer\">&nbsp;Program szczeg\u00f3\u0142owy laboratorium<\/a><\/span><\/p>\n<\/td>\n<\/tr>\n<\/tbody>\n<\/table>\n<table style=\"width: 100%;\" border=\"0\" cellspacing=\"3\" cellpadding=\"3\">\n<tbody>\n<tr>\n<td style=\"width: 100%;\" colspan=\"2\" valign=\"bottom\" bgcolor=\"#D5E6E1\">\n<h5><span style=\"color: #000080; font-family: Verdana, Arial;\"><strong>Materia\u0142y do wyk\u0142adu<\/strong><\/span><\/h5>\n<\/td>\n<\/tr>\n<\/tbody>\n<\/table>\n<table style=\"width: 100%;\" border=\"0\" cellspacing=\"3\" cellpadding=\"3\">\n<tbody>\n<tr style=\"height: 42px;\">\n<td style=\"width: 100%; height: 42px;\" valign=\"middle\">\n<p align=\"left\"><span style=\"color: #000080; font-family: Verdana, Arial; font-size: medium;\"><a class=\"pdf\" style=\"text-decoration: none;\" href=\"https:\/\/box.biaman.pl\/f\/95043407b32048849088\/\" rel=\"noopener\">&nbsp;Materia\u0142y do wyk\u0142adu<\/a><\/span><\/p>\n<\/td>\n<\/tr>\n<\/tbody>\n<\/table>\n<table style=\"width: 100%;\" border=\"0\" cellspacing=\"3\" cellpadding=\"3\">\n<tbody>\n<tr style=\"height: 43px;\">\n<td style=\"width: 100%; height: 43px;\" colspan=\"2\" valign=\"bottom\" bgcolor=\"#D5E6E1\">\n<h5><span style=\"color: #000080; font-family: Verdana, Arial;\"><strong>Materia\u0142y do laboratorium<\/strong><\/span><\/h5>\n<\/td>\n<\/tr>\n<tr style=\"height: 41px;\">\n<td style=\"width: 100%; height: 41px;\" valign=\"middle\">\n<p align=\"left\"><span style=\"font-size: 16px; line-height: 22.4px;\"><span style=\"color: #000080; font-family: Verdana, Arial;\"><span style=\"color: #000080; font-family: Verdana, Arial; font-size: 12pt;\"><a class=\"pdf\" style=\"text-decoration: none;\" href=\"https:\/\/box.biaman.pl\/f\/a49bfdac7f24487396c7\/\"> <span style=\"font-family: verdana, geneva, sans-serif;\">Instrukcja stanowiskowa BHP<\/span><\/a><\/span><\/span>&nbsp;<\/span><\/p>\n<\/td>\n<td>&nbsp;<\/td>\n<\/tr>\n<tr style=\"height: 41px;\">\n<td style=\"width: 100%; height: 41px;\" valign=\"middle\">\n<p align=\"left\"><span style=\"color: #000080; font-family: Verdana, Arial;\"><span style=\"font-size: 16px; line-height: 22px;\"><span style=\"color: #000080; font-family: Verdana, Arial; font-size: 12pt;\"><a class=\"pdf\" style=\"text-decoration: none;\" href=\"https:\/\/box.biaman.pl\/f\/81b8c1ddf6e94958b387\/\">&nbsp;Komplet instrukcji do zaj\u0119\u0107<\/a><\/span><\/span><\/span><\/p>\n<\/td>\n<td>&nbsp;<\/td>\n<\/tr>\n<p><!--\n\n\n<tr style=\"height: 39px;\">\n\n\n<td style=\"width: 100%; height: 39px;\" valign=\"middle\">\n\n\n<p align=\"left\"><span style=\"font-size: 12pt;\">Informacje pomocnicze:<\/span><\/p>\n\n\n<\/td>\n\n\n\n\n<td>&nbsp;<\/td>\n\n\n<\/tr>\n\n\n\n\n<tr style=\"height: 40px;\">\n\n\n<td style=\"width: 100%; height: 40px;\" valign=\"middle\">\n\n\n<p align=\"left\"><span style=\"color: #000080; font-family: Verdana, Arial;\"><span style=\"font-size: 16px; line-height: 22px;\"><span style=\"color: #000080; font-family: Verdana, Arial; font-size: 12pt;\"><a class=\"pdf\" style=\"text-decoration: none;\" href=\"https:\/\/box.biaman.pl\/f\/33ffc6882d444ed1b830\/\"> Opis uk\u0142adu Cyclone IV<\/a><\/span><\/span><\/span><\/p>\n\n\n<\/td>\n\n\n\n\n<td>&nbsp;<\/td>\n\n\n<\/tr>\n\n\n\n\n<tr style=\"height: 40px;\">\n\n\n<td style=\"width: 100%; height: 40px;\" valign=\"middle\">\n\n\n<p align=\"left\"><span style=\"color: #000080; font-family: Verdana, Arial;\"><span style=\"font-size: 16px; line-height: 22.4px;\"><span style=\"color: #000080; font-family: Verdana, Arial; font-size: 12pt;\"><span style=\"font-size: 16px; line-height: 22px;\"><a class=\"pdf\" style=\"text-decoration: none;\" href=\"https:\/\/box.biaman.pl\/f\/4a14709e883b47ff9de5\/\"> Opis modu\u0142u DE2-115<\/a><\/span><\/span><\/span><\/span><\/p>\n\n\n<\/td>\n\n\n\n\n<td>&nbsp;<\/td>\n\n\n<\/tr>\n\n\n\n\n<tr style=\"height: 40px;\">\n\n\n<td style=\"width: 100%; height: 40px;\" valign=\"middle\">\n\n\n<p align=\"left\"><span style=\"color: #000080; font-family: Verdana, Arial;\"><span style=\"font-size: 16px; line-height: 22.4px;\"><span style=\"color: #000080; font-family: Verdana, Arial; font-size: 12pt;\"><span style=\"font-size: 16px; line-height: 22px;\"><a class=\"pdf\" style=\"text-decoration: none;\" href=\"https:\/\/box.biaman.pl\/f\/af292a412c3741058c71\/\"> Odbiornik IR<\/a><\/span><\/span><\/span><\/span><\/p>\n\n\n<\/td>\n\n\n\n\n<td>&nbsp;<\/td>\n\n\n<\/tr>\n\n\n\n\n<tr style=\"height: 40px;\">\n\n\n<td style=\"width: 100%; height: 40px;\" valign=\"middle\">\n\n\n<p align=\"left\"><span style=\"color: #000080; font-family: Verdana, Arial;\"><span style=\"font-size: 16px; line-height: 22.4px;\"><span style=\"color: #000080; font-family: Verdana, Arial; font-size: 12pt;\"><span style=\"font-size: 16px; line-height: 22px;\"><a class=\"pdf\" style=\"text-decoration: none;\" href=\"https:\/\/box.biaman.pl\/f\/8fa03c2a9d5b45e9976e\/\"> Opis EEPROM<\/a><\/span><\/span><\/span><\/span><\/p>\n\n\n<\/td>\n\n\n\n\n<td>&nbsp;<\/td>\n\n\n<\/tr>\n\n\n\n\n<tr style=\"height: 40px;\">\n\n\n<td style=\"width: 100%; height: 40px;\" valign=\"middle\">\n\n\n<p align=\"left\"><span style=\"color: #000080; font-family: Verdana, Arial;\"><span style=\"font-size: 16px; line-height: 22.4px;\"><span style=\"color: #000080; font-family: Verdana, Arial; font-size: 12pt;\"><span style=\"font-size: 16px; line-height: 22px;\"><a class=\"pdf\" style=\"text-decoration: none;\" href=\"https:\/\/box.biaman.pl\/f\/a72bad9dcbc544f0a086\/\"> Opis Flash<\/a><\/span><\/span><\/span><\/span><\/p>\n\n\n<\/td>\n\n\n\n\n<td>&nbsp;<\/td>\n\n\n<\/tr>\n\n\n\n\n<tr style=\"height: 40px;\">\n\n\n<td style=\"width: 100%; height: 40px;\" valign=\"middle\">\n\n\n<p align=\"left\"><span style=\"color: #000080; font-family: Verdana, Arial;\"><span style=\"font-size: 16px; line-height: 22.4px;\"><span style=\"color: #000080; font-family: Verdana, Arial; font-size: 12pt;\"><span style=\"font-size: 16px; line-height: 22px;\"><a class=\"pdf\" style=\"text-decoration: none;\" href=\"https:\/\/box.biaman.pl\/f\/b36a298804ed470a9857\/\"> Opis SRAM<\/a><\/span><\/span><\/span><\/span><\/p>\n\n\n<\/td>\n\n\n\n\n<td>&nbsp;<\/td>\n\n\n<\/tr>\n\n\n\n\n<tr style=\"height: 40px;\">\n\n\n<td style=\"width: 100%; height: 40px;\" valign=\"middle\">\n\n\n<p align=\"left\"><span style=\"color: #000080; font-family: Verdana, Arial;\"><span style=\"font-size: 16px; line-height: 22.4px;\"><span style=\"color: #000080; font-family: Verdana, Arial; font-size: 12pt;\"><span style=\"font-size: 16px; line-height: 22px;\"><a class=\"pdf\" style=\"text-decoration: none;\" href=\"https:\/\/box.biaman.pl\/f\/7a1eddb79b5a4133a7ee\/\"> Opis SPI<\/a><\/span><\/span><\/span><\/span><\/p>\n\n\n<\/td>\n\n\n\n\n<td>&nbsp;<\/td>\n\n\n<\/tr>\n\n\n\n\n<tr style=\"height: 40px;\">\n\n\n<td style=\"width: 100%; height: 40px;\" valign=\"middle\">\n\n\n<p align=\"left\"><span style=\"color: #000080; font-family: Verdana, Arial;\"><span style=\"font-size: 16px; line-height: 22.4px;\"><span style=\"color: #000080; font-family: Verdana, Arial; font-size: 12pt;\"><span style=\"font-size: 16px; line-height: 22px;\"><a class=\"pdf\" style=\"text-decoration: none;\" href=\"https:\/\/box.biaman.pl\/f\/0d1808c3295d44459584\/\"> Instrukcja u\u017cytkowania oscyloskopu<\/a><\/span><\/span><\/span><\/span><\/p>\n\n\n<\/td>\n\n\n\n\n<td>&nbsp;<\/td>\n\n\n<\/tr>\n\n\n--><\/tbody>\n<\/table>\n<p>&nbsp;<\/p>\n<p style=\"text-align: center;\"><span style=\"color: #000000; font-size: xx-small;\"><span style=\"font-size: 8pt;\">Opracowanie merytoryczne wyk\u0142adu:&nbsp;<strong>dr in\u017c. Marian Gilewski<\/strong>&nbsp;<\/span><br \/>\n<\/span><\/p>\n<table style=\"width: 100%;\" border=\"0\" cellspacing=\"0\" cellpadding=\"6\" bgcolor=\"#ffffff\">\n<tbody>\n<tr>\n<td style=\"width: 100%;\" colspan=\"2\" align=\"center\" bgcolor=\"#f7f7f7\"><span style=\"color: #ff0000; font-size: small;\"><span style=\"font-size: 10pt;\">Prawa autorskie do materia\u0142\u00f3w dydaktycznych osi\u0105galnych z tej strony s\u0105 w\u0142asno\u015bci\u0105 intelektualn\u0105 pracownik\u00f3w&nbsp;<\/span><br \/>\n<span style=\"font-size: 10pt;\">Katedry Automatyki i Robotyki WE PB.<\/span><br \/>\n<span style=\"font-size: 10pt;\">Materia\u0142y te s\u0105 udost\u0119pniane studentom nieodp\u0142atnie i nie mog\u0105 by\u0107 przedmiotem jakiejkolwiek dzia\u0142alno\u015bci komercyjnej.<\/span><br \/>\n<span style=\"color: #000080; font-size: small;\"><span style=\"font-size: 10pt;\">Has\u0142a dost\u0119pu do zawarto\u015bci plik\u00f3w spakowanych mo\u017cna uzyska\u0107 od prowadz\u0105cych zaj\u0119cia.<\/span><br \/>\n<span style=\"color: #000000; font-size: 8pt;\">Opracowanie www:&nbsp;<strong>Lech Grodzki<\/strong>&nbsp;l.grodzki(.)pb.edu.pl<\/span><br \/>\n<span style=\"color: #000000; font-size: 8pt;\">tel. (85) 746-93-84<\/span><\/span><\/span><\/td>\n<\/tr>\n<\/tbody>\n<\/table>\n<p style=\"text-align: center;\"><span style=\"font-size: 10pt;\">Aktualizacja: 2025-11-03<\/span><\/p>\n","protected":false},"excerpt":{"rendered":"<p>Materia\u0142y do przedmiotu&nbsp; Uk\u0142ady cyfrowe i programowalne EMS1A1009 Elektromobilno\u015b\u0107 sem. I studia stacjonarne I stopnia<a class=\"read-more\" href=\"https:\/\/we.pb.edu.pl\/kair\/materialy-dydaktyczne\/ucipems1\/\" title=\"Poka\u017c artyku\u0142 UCiPEmS1\">wi\u0119cej<\/a><\/p>\n","protected":false},"author":12,"featured_media":0,"parent":42,"menu_order":0,"comment_status":"closed","ping_status":"closed","template":"","meta":{"inline_featured_image":false,"ngg_post_thumbnail":0,"footnotes":""},"class_list":["post-4123","page","type-page","status-publish","hentry"],"acf":[],"yoast_head":"<!-- This site is optimized with the Yoast SEO plugin v26.4 - https:\/\/yoast.com\/wordpress\/plugins\/seo\/ -->\n<title>UCiPEmS1 - Katedra Automatyki i Robotyki<\/title>\n<meta name=\"robots\" content=\"index, follow, max-snippet:-1, max-image-preview:large, max-video-preview:-1\" \/>\n<link rel=\"canonical\" href=\"https:\/\/we.pb.edu.pl\/kair\/materialy-dydaktyczne\/ucipems1\/\" \/>\n<meta property=\"og:locale\" content=\"pl_PL\" \/>\n<meta property=\"og:type\" content=\"article\" \/>\n<meta property=\"og:title\" content=\"UCiPEmS1 - Katedra Automatyki i Robotyki\" \/>\n<meta property=\"og:description\" content=\"Materia\u0142y do przedmiotu&nbsp; Uk\u0142ady cyfrowe i programowalne EMS1A1009 Elektromobilno\u015b\u0107 sem. I studia stacjonarne I stopniawi\u0119cej\" \/>\n<meta property=\"og:url\" content=\"https:\/\/we.pb.edu.pl\/kair\/materialy-dydaktyczne\/ucipems1\/\" \/>\n<meta property=\"og:site_name\" content=\"Katedra Automatyki i Robotyki\" \/>\n<meta property=\"article:modified_time\" content=\"2025-11-03T12:00:07+00:00\" \/>\n<meta name=\"twitter:card\" content=\"summary_large_image\" \/>\n<meta name=\"twitter:label1\" content=\"Szacowany czas czytania\" \/>\n\t<meta name=\"twitter:data1\" content=\"1 minuta\" \/>\n<script type=\"application\/ld+json\" class=\"yoast-schema-graph\">{\"@context\":\"https:\/\/schema.org\",\"@graph\":[{\"@type\":\"WebPage\",\"@id\":\"https:\/\/we.pb.edu.pl\/kair\/materialy-dydaktyczne\/ucipems1\/\",\"url\":\"https:\/\/we.pb.edu.pl\/kair\/materialy-dydaktyczne\/ucipems1\/\",\"name\":\"UCiPEmS1 - Katedra Automatyki i Robotyki\",\"isPartOf\":{\"@id\":\"https:\/\/we.pb.edu.pl\/kair\/#website\"},\"datePublished\":\"2025-11-03T07:07:10+00:00\",\"dateModified\":\"2025-11-03T12:00:07+00:00\",\"breadcrumb\":{\"@id\":\"https:\/\/we.pb.edu.pl\/kair\/materialy-dydaktyczne\/ucipems1\/#breadcrumb\"},\"inLanguage\":\"pl-PL\",\"potentialAction\":[{\"@type\":\"ReadAction\",\"target\":[\"https:\/\/we.pb.edu.pl\/kair\/materialy-dydaktyczne\/ucipems1\/\"]}]},{\"@type\":\"BreadcrumbList\",\"@id\":\"https:\/\/we.pb.edu.pl\/kair\/materialy-dydaktyczne\/ucipems1\/#breadcrumb\",\"itemListElement\":[{\"@type\":\"ListItem\",\"position\":1,\"name\":\"Strona g\u0142\u00f3wna\",\"item\":\"https:\/\/we.pb.edu.pl\/kair\/\"},{\"@type\":\"ListItem\",\"position\":2,\"name\":\"Materia\u0142y dydaktyczne KAiR\",\"item\":\"https:\/\/we.pb.edu.pl\/kair\/materialy-dydaktyczne\/\"},{\"@type\":\"ListItem\",\"position\":3,\"name\":\"UCiPEmS1\"}]},{\"@type\":\"WebSite\",\"@id\":\"https:\/\/we.pb.edu.pl\/kair\/#website\",\"url\":\"https:\/\/we.pb.edu.pl\/kair\/\",\"name\":\"Katedra Automatyki i Robotyki\",\"description\":\"Katedra Automatyki i Robotyki\",\"potentialAction\":[{\"@type\":\"SearchAction\",\"target\":{\"@type\":\"EntryPoint\",\"urlTemplate\":\"https:\/\/we.pb.edu.pl\/kair\/?s={search_term_string}\"},\"query-input\":{\"@type\":\"PropertyValueSpecification\",\"valueRequired\":true,\"valueName\":\"search_term_string\"}}],\"inLanguage\":\"pl-PL\"}]}<\/script>\n<!-- \/ Yoast SEO plugin. -->","yoast_head_json":{"title":"UCiPEmS1 - Katedra Automatyki i Robotyki","robots":{"index":"index","follow":"follow","max-snippet":"max-snippet:-1","max-image-preview":"max-image-preview:large","max-video-preview":"max-video-preview:-1"},"canonical":"https:\/\/we.pb.edu.pl\/kair\/materialy-dydaktyczne\/ucipems1\/","og_locale":"pl_PL","og_type":"article","og_title":"UCiPEmS1 - Katedra Automatyki i Robotyki","og_description":"Materia\u0142y do przedmiotu&nbsp; Uk\u0142ady cyfrowe i programowalne EMS1A1009 Elektromobilno\u015b\u0107 sem. I studia stacjonarne I stopniawi\u0119cej","og_url":"https:\/\/we.pb.edu.pl\/kair\/materialy-dydaktyczne\/ucipems1\/","og_site_name":"Katedra Automatyki i Robotyki","article_modified_time":"2025-11-03T12:00:07+00:00","twitter_card":"summary_large_image","twitter_misc":{"Szacowany czas czytania":"1 minuta"},"schema":{"@context":"https:\/\/schema.org","@graph":[{"@type":"WebPage","@id":"https:\/\/we.pb.edu.pl\/kair\/materialy-dydaktyczne\/ucipems1\/","url":"https:\/\/we.pb.edu.pl\/kair\/materialy-dydaktyczne\/ucipems1\/","name":"UCiPEmS1 - Katedra Automatyki i Robotyki","isPartOf":{"@id":"https:\/\/we.pb.edu.pl\/kair\/#website"},"datePublished":"2025-11-03T07:07:10+00:00","dateModified":"2025-11-03T12:00:07+00:00","breadcrumb":{"@id":"https:\/\/we.pb.edu.pl\/kair\/materialy-dydaktyczne\/ucipems1\/#breadcrumb"},"inLanguage":"pl-PL","potentialAction":[{"@type":"ReadAction","target":["https:\/\/we.pb.edu.pl\/kair\/materialy-dydaktyczne\/ucipems1\/"]}]},{"@type":"BreadcrumbList","@id":"https:\/\/we.pb.edu.pl\/kair\/materialy-dydaktyczne\/ucipems1\/#breadcrumb","itemListElement":[{"@type":"ListItem","position":1,"name":"Strona g\u0142\u00f3wna","item":"https:\/\/we.pb.edu.pl\/kair\/"},{"@type":"ListItem","position":2,"name":"Materia\u0142y dydaktyczne KAiR","item":"https:\/\/we.pb.edu.pl\/kair\/materialy-dydaktyczne\/"},{"@type":"ListItem","position":3,"name":"UCiPEmS1"}]},{"@type":"WebSite","@id":"https:\/\/we.pb.edu.pl\/kair\/#website","url":"https:\/\/we.pb.edu.pl\/kair\/","name":"Katedra Automatyki i Robotyki","description":"Katedra Automatyki i Robotyki","potentialAction":[{"@type":"SearchAction","target":{"@type":"EntryPoint","urlTemplate":"https:\/\/we.pb.edu.pl\/kair\/?s={search_term_string}"},"query-input":{"@type":"PropertyValueSpecification","valueRequired":true,"valueName":"search_term_string"}}],"inLanguage":"pl-PL"}]}},"_links":{"self":[{"href":"https:\/\/we.pb.edu.pl\/kair\/wp-json\/wp\/v2\/pages\/4123","targetHints":{"allow":["GET"]}}],"collection":[{"href":"https:\/\/we.pb.edu.pl\/kair\/wp-json\/wp\/v2\/pages"}],"about":[{"href":"https:\/\/we.pb.edu.pl\/kair\/wp-json\/wp\/v2\/types\/page"}],"author":[{"embeddable":true,"href":"https:\/\/we.pb.edu.pl\/kair\/wp-json\/wp\/v2\/users\/12"}],"replies":[{"embeddable":true,"href":"https:\/\/we.pb.edu.pl\/kair\/wp-json\/wp\/v2\/comments?post=4123"}],"version-history":[{"count":8,"href":"https:\/\/we.pb.edu.pl\/kair\/wp-json\/wp\/v2\/pages\/4123\/revisions"}],"predecessor-version":[{"id":4134,"href":"https:\/\/we.pb.edu.pl\/kair\/wp-json\/wp\/v2\/pages\/4123\/revisions\/4134"}],"up":[{"embeddable":true,"href":"https:\/\/we.pb.edu.pl\/kair\/wp-json\/wp\/v2\/pages\/42"}],"wp:attachment":[{"href":"https:\/\/we.pb.edu.pl\/kair\/wp-json\/wp\/v2\/media?parent=4123"}],"curies":[{"name":"wp","href":"https:\/\/api.w.org\/{rel}","templated":true}]}}