{"id":4038,"date":"2025-07-31T10:16:57","date_gmt":"2025-07-31T08:16:57","guid":{"rendered":"https:\/\/we.pb.edu.pl\/kair\/?page_id=4038"},"modified":"2025-08-01T11:14:27","modified_gmt":"2025-08-01T09:14:27","slug":"smeits1eiasem6","status":"publish","type":"page","link":"https:\/\/we.pb.edu.pl\/kair\/materialy-dydaktyczne\/smeits1eiasem6\/","title":{"rendered":"SMEiTS1EiAsem6"},"content":{"rendered":"<table style=\"width: 100%;\" border=\"0\" cellspacing=\"0\" cellpadding=\"6\" bgcolor=\"#ffffff\">\n<tbody>\n<tr>\n<td style=\"width: 100%;\" valign=\"top\" bgcolor=\"#f7f7f7\"><span style=\"color: #000080; font-size: 14pt; font-family: arial, helvetica, sans-serif;\">Materia\u0142y do przedmiotu<br \/>\n<strong>Systemy mikroprocesorowe TS1F6110<\/strong><br \/>\nElektronika i telekomunikacja sem. V<br \/>\nstudia stacjonarne I stopnia &#8211; specjalno\u015b\u0107 EiA<br \/>\n<\/span><\/td>\n<\/tr>\n<\/tbody>\n<\/table>\n<table style=\"width: 100%;\" border=\"0\" cellspacing=\"3\" cellpadding=\"3\">\n<tbody>\n<tr>\n<td style=\"width: 23.6934%;\" colspan=\"2\" valign=\"bottom\" bgcolor=\"#d5e6e1\">\n<h5><span style=\"color: #000080; font-family: Verdana, Arial;\"><strong>Informacje og\u00f3lne<\/strong><\/span><\/h5>\n<\/td>\n<\/tr>\n<\/tbody>\n<\/table>\n<p><span style=\"font-family: arial, helvetica, sans-serif; font-size: 12pt; color: #000000;\">Wymiar godzinowy:<\/span><br \/>\n<span style=\"font-family: arial, helvetica, sans-serif; font-size: 12pt; color: #000000;\">wyk\u0142ad &#8211; 15 godzin;<\/span><br \/>\n<span style=\"font-family: arial, helvetica, sans-serif; font-size: 12pt; color: #000000;\">laboratorium &#8211; 30 godzin.<\/span><br \/>\n<span style=\"font-family: arial, helvetica, sans-serif; font-size: 12pt; color: #000000;\"> Zaliczenie wyk\u0142adu i laboratorium &#8211; zaliczenie z ocen\u0105.<\/span><\/p>\n<table style=\"width: 100%; height: 164px;\" border=\"0\" cellspacing=\"3\" cellpadding=\"3\">\n<tbody>\n<tr style=\"height: 42px;\">\n<td style=\"width: 100%; height: 40px;\" valign=\"middle\"><span style=\"color: #000000; font-family: Verdana, Arial; font-size: medium;\"><a class=\"pdf\" style=\"text-decoration: none; color: #000000;\" href=\"https:\/\/we.pb.edu.pl\/kair\/materialy-dydaktyczne\/przepraszamy-informacje-w-przygotowaniu\/\" target=\"_blank\" rel=\"noopener noreferrer\"> Program szczeg\u00f3\u0142owy wyk\u0142adu i laboratorium<\/a><\/span><\/td>\n<\/tr>\n<tr style=\"height: 42px;\">\n<td style=\"width: 100%; height: 42px;\" valign=\"middle\"><span style=\"color: #000000; font-family: Verdana, Arial; font-size: medium;\"><a class=\"pdf\" style=\"text-decoration: none; color: #000000;\" href=\"https:\/\/we.pb.edu.pl\/kair\/materialy-dydaktyczne\/przepraszamy-informacje-w-przygotowaniu\/\" target=\"_blank\" rel=\"noopener noreferrer\"> Kryteria zaliczenia wyk\u0142adu i laboratorium<\/a><\/span><\/td>\n<\/tr>\n<tr style=\"height: 42px;\">\n<td style=\"width: 100%; height: 42px;\" valign=\"middle\"><span style=\"color: #000000; font-family: Verdana, Arial; font-size: medium;\"><a class=\"pdf\" style=\"text-decoration: none; color: #000000;\" href=\"https:\/\/we.pb.edu.pl\/kair\/materialy-dydaktyczne\/przepraszamy-informacje-w-przygotowaniu\/\" target=\"_blank\" rel=\"noopener noreferrer\"> Zestaw pyta\u0144 zaliczeniowych z wyk\u0142adu<\/a><\/span><\/td>\n<\/tr>\n<tr style=\"height: 41px;\">\n<td style=\"width: 63.5088%; height: 40px;\" valign=\"middle\"><span style=\"color: #000000; font-family: Verdana, Arial;\"><span style=\"font-size: 16px; line-height: 22.4px;\"><span style=\"font-family: Verdana, Arial; font-size: 12pt;\"><a class=\"pdf\" style=\"text-decoration: none; color: #000000;\" href=\"https:\/\/we.pb.edu.pl\/kair\/materialy-dydaktyczne\/przepraszamy-informacje-w-przygotowaniu\/\">&nbsp;Przyk\u0142adowe zadania na zaliczenie laboratorium<\/a><\/span><\/span><\/span><\/td>\n<\/tr>\n<\/tbody>\n<\/table>\n<table style=\"width: 100%;\" border=\"0\" cellspacing=\"3\" cellpadding=\"3\">\n<tbody>\n<tr>\n<td style=\"width: 23.5088%;\" colspan=\"2\" valign=\"bottom\" bgcolor=\"#d5e6e1\">\n<h5><span style=\"color: #000080; font-family: Verdana, Arial;\"><strong>Materia\u0142y do wyk\u0142adu<\/strong><\/span><\/h5>\n<\/td>\n<\/tr>\n<\/tbody>\n<\/table>\n<table style=\"width: 100%; height: 601px;\" border=\"0\" cellspacing=\"3\" cellpadding=\"3\">\n<tbody>\n<tr style=\"height: 42px;\">\n<td style=\"width: 100%; height: 41px;\" valign=\"middle\"><span style=\"color: #000000; font-family: Verdana, Arial;\"><span style=\"font-size: 16px; line-height: 22.4px;\"><span style=\"font-family: Verdana, Arial; font-size: 12pt;\"><img decoding=\"async\" src=\"https:\/\/we.pb.edu.pl\/kaie\/wp-content\/uploads\/sites\/4\/2019\/11\/ppicon.gif\"><a style=\"text-decoration: none; color: #000000;\" href=\"https:\/\/box.biaman.pl\/f\/da659fa35b384e8790f6\/\">&nbsp; Mikrokontrolery AVR &#8211; wiadomo\u015bci podstawowe<\/a><\/span><\/span><\/span><\/td>\n<\/tr>\n<tr style=\"height: 42px;\">\n<td style=\"width: 100%; height: 40px; background-color: #c4bebe;\" valign=\"middle\"><span style=\"color: #000000; font-family: Verdana, Arial;\"><span style=\"font-size: 16px; line-height: 22.4px;\"><span style=\"font-family: Verdana, Arial; font-size: 12pt;\"><img decoding=\"async\" src=\"https:\/\/we.pb.edu.pl\/kaie\/wp-content\/uploads\/sites\/4\/2019\/11\/ppicon.gif\"><a style=\"text-decoration: none; color: #000000;\" href=\"https:\/\/box.biaman.pl\/f\/1baf1a970dce40cfa46c\/\">&nbsp; Mikrokontrolery AVR &#8211; lista rozkaz\u00f3w (asembler)<\/a>&nbsp;<\/span><\/span><\/span><\/td>\n<\/tr>\n<tr style=\"height: 42px;\">\n<td style=\"width: 100%; height: 40px; background-color: #c4bebe;\" valign=\"middle\"><span style=\"color: #000000; font-family: Verdana, Arial;\"><span style=\"font-size: 16px; line-height: 22.4px;\"><span style=\"font-family: Verdana, Arial; font-size: 12pt;\"><img decoding=\"async\" src=\"https:\/\/we.pb.edu.pl\/kaie\/wp-content\/uploads\/sites\/4\/2019\/11\/ppicon.gif\"><a style=\"text-decoration: none; color: #000000;\" href=\"https:\/\/box.biaman.pl\/f\/5f5c8b3d18754ca49d10\/\">&nbsp; J\u0119zyk programowania w asemblerze AVR<\/a><\/span><\/span><\/span><\/td>\n<\/tr>\n<tr style=\"height: 42px;\">\n<td style=\"width: 100%; height: 40px; background-color: #c4bebe;\" valign=\"middle\"><span style=\"color: #000000; font-family: Verdana, Arial;\"><span style=\"font-size: 16px; line-height: 22.4px;\"><span style=\"font-family: Verdana, Arial; font-size: 12pt;\"><img decoding=\"async\" src=\"https:\/\/we.pb.edu.pl\/kaie\/wp-content\/uploads\/sites\/4\/2019\/11\/ppicon.gif\"><a style=\"text-decoration: none; color: #000000;\" href=\"https:\/\/box.biaman.pl\/f\/51a785960c6443298a86\/\">&nbsp; Implementacja algorytm\u00f3w w asemblerze AVR<\/a><\/span><\/span><\/span><\/td>\n<\/tr>\n<tr style=\"height: 42px;\">\n<td style=\"width: 100%; height: 40px; background-color: #c4bebe;\" valign=\"middle\"><span style=\"color: #000000; font-family: Verdana, Arial;\"><span style=\"font-size: 16px; line-height: 22.4px;\"><span style=\"font-family: Verdana, Arial; font-size: 12pt;\"><img decoding=\"async\" src=\"https:\/\/we.pb.edu.pl\/kaie\/wp-content\/uploads\/sites\/4\/2019\/11\/ppicon.gif\"><a style=\"text-decoration: none; color: #000000;\" href=\"https:\/\/box.biaman.pl\/f\/c84260b047a04b43a9c5\/\">&nbsp; Procedury w asemblerze AVR<\/a><\/span><\/span><\/span><\/td>\n<\/tr>\n<tr style=\"height: 42px;\">\n<td style=\"width: 100%; height: 40px; background-color: #c4bebe;\" valign=\"middle\"><span style=\"color: #000000; font-family: Verdana, Arial;\"><span style=\"font-size: 16px; line-height: 22.4px;\"><span style=\"font-family: Verdana, Arial; font-size: 12pt;\"><img decoding=\"async\" src=\"https:\/\/we.pb.edu.pl\/kaie\/wp-content\/uploads\/sites\/4\/2019\/11\/ppicon.gif\"><a style=\"text-decoration: none; color: #000000;\" href=\"https:\/\/box.biaman.pl\/f\/e0fbd3cf41d54288b529\/\"> &nbsp;Arytmetyka w asemblerze AVR<\/a><\/span><\/span><\/span><\/td>\n<\/tr>\n<tr style=\"height: 42px;\">\n<td style=\"width: 100%; height: 40px;\" valign=\"middle\"><span style=\"color: #000000; font-family: Verdana, Arial;\"><span style=\"font-size: 16px; line-height: 22.4px;\"><span style=\"font-family: Verdana, Arial; font-size: 12pt;\"><img decoding=\"async\" src=\"https:\/\/we.pb.edu.pl\/kaie\/wp-content\/uploads\/sites\/4\/2019\/11\/ppicon.gif\"><a style=\"text-decoration: none; color: #000000;\" href=\"https:\/\/box.biaman.pl\/f\/8d92de16713d4259adbd\/\"> &nbsp;Mikrokontrolery AVR &#8211;<\/a> taktowanie, zerowanie, porty, zasoby &#8222;analogowe&#8221;<\/span><\/span><\/span><\/td>\n<\/tr>\n<tr style=\"height: 42px;\">\n<td style=\"width: 100%; height: 40px;\" valign=\"middle\"><span style=\"color: #000000; font-family: Verdana, Arial;\"><span style=\"font-size: 16px; line-height: 22.4px;\"><span style=\"font-family: Verdana, Arial; font-size: 12pt;\"><img decoding=\"async\" src=\"https:\/\/we.pb.edu.pl\/kaie\/wp-content\/uploads\/sites\/4\/2019\/11\/ppicon.gif\"><a style=\"text-decoration: none; color: #000000;\" href=\"https:\/\/box.biaman.pl\/f\/80245bb538ba4cea8587\/\"> &nbsp;Mikrokontrolery AVR &#8211; system przerwa\u0144<\/a>&nbsp;<\/span><\/span><\/span><\/td>\n<\/tr>\n<tr style=\"height: 42px;\">\n<td style=\"width: 100%; height: 40px;\" valign=\"middle\"><span style=\"color: #000000; font-family: Verdana, Arial;\"><span style=\"font-size: 16px; line-height: 22.4px;\"><span style=\"font-family: Verdana, Arial; font-size: 12pt;\"><img decoding=\"async\" src=\"https:\/\/we.pb.edu.pl\/kaie\/wp-content\/uploads\/sites\/4\/2019\/11\/ppicon.gif\"><a style=\"text-decoration: none; color: #000000;\" href=\"https:\/\/box.biaman.pl\/f\/d45ea88229bc4802a21c\/\"> &nbsp;Mikrokontrolery AVR &#8211; porty szeregowe<\/a><\/span><\/span><\/span><\/td>\n<\/tr>\n<tr style=\"height: 42px;\">\n<td style=\"width: 100%; height: 40px;\" valign=\"middle\"><span style=\"color: #000000; font-family: Verdana, Arial;\"><span style=\"font-size: 16px; line-height: 22.4px;\"><span style=\"font-family: Verdana, Arial; font-size: 12pt;\"><img decoding=\"async\" src=\"https:\/\/we.pb.edu.pl\/kaie\/wp-content\/uploads\/sites\/4\/2019\/11\/ppicon.gif\"><a style=\"text-decoration: none; color: #000000;\" href=\"https:\/\/box.biaman.pl\/f\/044cebbad8694c3cadf3\/\"> &nbsp;Mikrokontrolery AVR &#8211; uk\u0142ady czasowo-licznikowe<\/a><\/span><\/span><\/span><\/td>\n<\/tr>\n<tr style=\"height: 42px;\">\n<td style=\"width: 100%; height: 40px;\" valign=\"middle\"><span style=\"color: #000000; font-family: Verdana, Arial;\"><span style=\"font-size: 16px; line-height: 22.4px;\"><span style=\"font-family: Verdana, Arial; font-size: 12pt;\"><img decoding=\"async\" src=\"https:\/\/we.pb.edu.pl\/kaie\/wp-content\/uploads\/sites\/4\/2019\/11\/ppicon.gif\"><a style=\"text-decoration: none; color: #000000;\" href=\"https:\/\/box.biaman.pl\/f\/1c39607f4ac3468e9b60\/\"> &nbsp;Mikrokontrolery AVR &#8211; EEPROM, tryby pracy, konfigurowanie i programowanie<\/a><\/span><\/span><\/span><\/td>\n<\/tr>\n<tr style=\"height: 42px;\">\n<td style=\"width: 100%; height: 40px; background-color: #c4bebe;\" valign=\"middle\"><span style=\"color: #000000; font-family: Verdana, Arial;\"><span style=\"font-size: 16px; line-height: 22.4px;\"><span style=\"font-family: Verdana, Arial; font-size: 12pt;\"><img decoding=\"async\" src=\"https:\/\/we.pb.edu.pl\/kaie\/wp-content\/uploads\/sites\/4\/2019\/11\/ppicon.gif\"><a style=\"text-decoration: none; color: #000000;\" href=\"https:\/\/box.biaman.pl\/f\/dbb5a897300b4c0099d5\/\"> &nbsp;Mikrokontrolery AVR &#8211; przegl\u0105d rodziny AVR<\/a><\/span><\/span><\/span><\/td>\n<\/tr>\n<tr style=\"height: 42px;\">\n<td style=\"width: 100%; height: 40px;\" valign=\"middle\"><span style=\"color: #000000; font-family: Verdana, Arial;\"><span style=\"font-size: 16px; line-height: 22.4px;\"><span style=\"font-family: Verdana, Arial; font-size: 12pt;\"><img decoding=\"async\" src=\"https:\/\/we.pb.edu.pl\/kaie\/wp-content\/uploads\/sites\/4\/2019\/11\/ppicon.gif\"><a style=\"text-decoration: none; color: #000000;\" href=\"https:\/\/box.biaman.pl\/f\/953c8c24d3544168acab\/\"> &nbsp;Magistrale systemowe<\/a><\/span><\/span><\/span><\/td>\n<\/tr>\n<tr style=\"height: 42px;\">\n<td style=\"width: 100%; height: 40px;\" valign=\"middle\"><span style=\"color: #000000; font-family: Verdana, Arial;\"><span style=\"font-size: 16px; line-height: 22.4px;\"><span style=\"font-family: Verdana, Arial; font-size: 12pt;\"><img decoding=\"async\" src=\"https:\/\/we.pb.edu.pl\/kaie\/wp-content\/uploads\/sites\/4\/2019\/11\/ppicon.gif\"><a style=\"text-decoration: none; color: #000000;\" href=\"https:\/\/box.biaman.pl\/f\/f190c16a58624e89b2ea\/\"> &nbsp;Magistrale szeregowe<\/a><\/span><\/span><\/span><\/td>\n<\/tr>\n<tr style=\"height: 42px;\">\n<td style=\"width: 100%; height: 40px;\" valign=\"middle\"><span style=\"color: #000000; font-family: Verdana, Arial;\"><span style=\"font-size: 16px; line-height: 22.4px;\"><span style=\"font-family: Verdana, Arial; font-size: 12pt;\"><img decoding=\"async\" src=\"https:\/\/we.pb.edu.pl\/kaie\/wp-content\/uploads\/sites\/4\/2019\/11\/ppicon.gif\"><a style=\"text-decoration: none; color: #000000;\" href=\"https:\/\/box.biaman.pl\/f\/f071c208461f478e9d96\/\"> &nbsp;Interfejsy szeregowe<\/a><\/span><\/span><\/span><\/td>\n<\/tr>\n<\/tbody>\n<\/table>\n<table style=\"width: 100%; height: 282px;\" border=\"0\" cellspacing=\"3\" cellpadding=\"3\">\n<tbody>\n<tr style=\"height: 42px;\">\n<td style=\"width: 100%; height: 42px;\" valign=\"bottom\" bgcolor=\"#d5e6e1\">\n<h5><span style=\"color: #000080; font-family: Verdana, Arial;\"><strong>Materia\u0142y do laboratorium<\/strong><\/span><\/h5>\n<\/td>\n<\/tr>\n<tr style=\"height: 42px;\">\n<td style=\"width: 100%; height: 40px;\" valign=\"middle\"><span style=\"color: #000080; font-family: Verdana, Arial; font-size: 12pt;\"><span style=\"font-size: 16px; line-height: 22.4px;\"><a class=\"pdf\" style=\"text-decoration: none;\" href=\"https:\/\/we.pb.edu.pl\/kair\/materialy-dydaktyczne\/przepraszamy-informacje-w-przygotowaniu\/\">Komplet instrukcji do zaj\u0119\u0107 laboratoryjnych<\/a><\/span><\/span><\/td>\n<\/tr>\n<tr style=\"height: 42px;\">\n<td style=\"width: 100%; height: 40px;\" valign=\"middle\"><span style=\"color: #000080; font-family: Verdana, Arial; font-size: 12pt;\"><span style=\"font-size: 16px; line-height: 22.4px;\"><a class=\"zip\" style=\"text-decoration: none;\" href=\"https:\/\/box.biaman.pl\/f\/a044a9a0fe0947cdb98a\/\">Program narz\u0119dziowy do obr\u00f3bki zarejestrowanych wynik\u00f3w symulacji<\/a><\/span><\/span><\/td>\n<\/tr>\n<tr style=\"height: 42px;\">\n<td style=\"width: 100%; height: 40px; background-color: #c4bebe;\" valign=\"middle\"><span style=\"font-size: 16px; line-height: 22.4px;\"><span style=\"color: #000080; font-family: Verdana, Arial; font-size: 12pt;\"><a class=\"pdf\" style=\"text-decoration: none;\" href=\"https:\/\/box.biaman.pl\/f\/ad658572bfe5492ba829\/\"><span style=\"font-family: verdana, geneva, sans-serif;\">Skr\u00f3cona (jednokartkowa) lista rozkaz\u00f3w<\/span><\/a><\/span><\/span><\/td>\n<\/tr>\n<tr style=\"height: 42px;\">\n<td style=\"width: 100%; height: 40px;\" valign=\"middle\"><span style=\"color: #000080; font-family: Verdana, Arial;\"><span style=\"font-size: 16px; line-height: 22.4px;\"><span style=\"color: #000080; font-family: Verdana, Arial; font-size: 12pt;\"><a class=\"pdf\" style=\"text-decoration: none;\" href=\"https:\/\/box.biaman.pl\/f\/3843dbdaf687431fa1cf\/\">Skr\u00f3cony opis u\u017cytkowania MicrochipStudio<\/a><\/span><\/span><\/span><\/td>\n<\/tr>\n<tr style=\"height: 42px;\">\n<td style=\"width: 100%; height: 40px;\" valign=\"middle\"><span style=\"color: #000080; font-family: Verdana, Arial;\"><span style=\"font-size: 16px; line-height: 22.4px;\"><span style=\"color: #000080; font-family: Verdana, Arial; font-size: 12pt;\"><a class=\"pdf\" style=\"text-decoration: none;\" href=\"https:\/\/box.biaman.pl\/f\/b7a4ec9302a245f8a95a\/\">Instrukcja u\u017cytkowania oscyloskopu<\/a><\/span><\/span><\/span><\/td>\n<\/tr>\n<tr style=\"height: 42px;\">\n<td style=\"width: 100%; height: 40px;\" valign=\"middle\"><span style=\"color: #000080; font-family: Verdana, Arial;\"><span style=\"font-size: 16px; line-height: 22.4px;\"><span style=\"color: #000080; font-family: Verdana, Arial; font-size: 12pt;\"><a class=\"pdf\" style=\"text-decoration: none;\" href=\"https:\/\/we.pb.edu.pl\/kair\/materialy-dydaktyczne\/przepraszamy-informacje-w-przygotowaniu\/\">Przyk\u0142adowy zestaw zada\u0144 na zaliczenie laboratorium&nbsp;<\/a><\/span><\/span><\/span><\/td>\n<\/tr>\n<\/tbody>\n<\/table>\n<p style=\"text-align: center;\"><span style=\"color: #000000; font-size: xx-small;\"><span style=\"font-size: 8pt;\">Opracowanie merytoryczne: <strong>dr in\u017c. Lech Grodzki<\/strong><\/span><br \/>\n<\/span><\/p>\n<table style=\"width: 100%;\" border=\"0\" cellspacing=\"0\" cellpadding=\"6\" bgcolor=\"#ffffff\">\n<tbody>\n<tr>\n<td style=\"width: 23.4164%;\" colspan=\"2\" align=\"center\" bgcolor=\"#f7f7f7\"><span style=\"color: #ff0000; font-size: small;\"><span style=\"font-size: 10pt;\">Prawa autorskie do materia\u0142\u00f3w dydaktycznych osi\u0105galnych z tej strony s\u0105 w\u0142asno\u015bci\u0105 intelektualn\u0105 pracownik\u00f3w <\/span><br \/>\n<span style=\"font-size: 10pt;\">Katedry Automatyki i Robotyki WE PB.<\/span><br \/>\n<span style=\"font-size: 10pt;\">Materia\u0142y te s\u0105 udost\u0119pniane studentom nieodp\u0142atnie i nie mog\u0105 by\u0107 przedmiotem jakiejkolwiek dzia\u0142alno\u015bci komercyjnej.<\/span><br \/>\n<span style=\"color: #000080; font-size: small;\"><span style=\"font-size: 10pt;\">Has\u0142a dost\u0119pu do zawarto\u015bci plik\u00f3w spakowanych mo\u017cna uzyska\u0107 od prowadz\u0105cych zaj\u0119cia.<\/span><br \/>\n<span style=\"color: #000000; font-size: 8pt;\">Opracowanie www: <strong>Lech Grodzki<\/strong> l.grodzki(.)pb.edu.pl<\/span><br \/>\n<span style=\"color: #000000; font-size: 8pt;\">tel. (85) 746-93-84<\/span><\/span><\/span><\/td>\n<\/tr>\n<\/tbody>\n<\/table>\n<p style=\"text-align: center;\"><span style=\"font-size: 10pt;\">Aktualizacja: 2025-08-01<\/span><\/p>\n","protected":false},"excerpt":{"rendered":"<p>Materia\u0142y do przedmiotu Systemy mikroprocesorowe TS1F6110 Elektronika i telekomunikacja sem. V studia stacjonarne I stopnia<a class=\"read-more\" href=\"https:\/\/we.pb.edu.pl\/kair\/materialy-dydaktyczne\/smeits1eiasem6\/\" title=\"Poka\u017c artyku\u0142 SMEiTS1EiAsem6\">wi\u0119cej<\/a><\/p>\n","protected":false},"author":12,"featured_media":0,"parent":42,"menu_order":0,"comment_status":"closed","ping_status":"closed","template":"","meta":{"inline_featured_image":false,"ngg_post_thumbnail":0,"footnotes":""},"class_list":["post-4038","page","type-page","status-publish","hentry"],"acf":[],"yoast_head":"<!-- This site is optimized with the Yoast SEO plugin v26.4 - https:\/\/yoast.com\/wordpress\/plugins\/seo\/ -->\n<title>SMEiTS1EiAsem6 - Katedra Automatyki i Robotyki<\/title>\n<meta name=\"robots\" content=\"index, follow, max-snippet:-1, max-image-preview:large, max-video-preview:-1\" \/>\n<link rel=\"canonical\" href=\"https:\/\/we.pb.edu.pl\/kair\/materialy-dydaktyczne\/smeits1eiasem6\/\" \/>\n<meta property=\"og:locale\" content=\"pl_PL\" \/>\n<meta property=\"og:type\" content=\"article\" \/>\n<meta property=\"og:title\" content=\"SMEiTS1EiAsem6 - Katedra Automatyki i Robotyki\" \/>\n<meta property=\"og:description\" content=\"Materia\u0142y do przedmiotu Systemy mikroprocesorowe TS1F6110 Elektronika i telekomunikacja sem. V studia stacjonarne I stopniawi\u0119cej\" \/>\n<meta property=\"og:url\" content=\"https:\/\/we.pb.edu.pl\/kair\/materialy-dydaktyczne\/smeits1eiasem6\/\" \/>\n<meta property=\"og:site_name\" content=\"Katedra Automatyki i Robotyki\" \/>\n<meta property=\"article:modified_time\" content=\"2025-08-01T09:14:27+00:00\" \/>\n<meta property=\"og:image\" content=\"https:\/\/we.pb.edu.pl\/kaie\/wp-content\/uploads\/sites\/4\/2019\/11\/ppicon.gif\" \/>\n<meta name=\"twitter:card\" content=\"summary_large_image\" \/>\n<meta name=\"twitter:label1\" content=\"Szacowany czas czytania\" \/>\n\t<meta name=\"twitter:data1\" content=\"5 minut\" \/>\n<script type=\"application\/ld+json\" class=\"yoast-schema-graph\">{\"@context\":\"https:\/\/schema.org\",\"@graph\":[{\"@type\":\"WebPage\",\"@id\":\"https:\/\/we.pb.edu.pl\/kair\/materialy-dydaktyczne\/smeits1eiasem6\/\",\"url\":\"https:\/\/we.pb.edu.pl\/kair\/materialy-dydaktyczne\/smeits1eiasem6\/\",\"name\":\"SMEiTS1EiAsem6 - Katedra Automatyki i Robotyki\",\"isPartOf\":{\"@id\":\"https:\/\/we.pb.edu.pl\/kair\/#website\"},\"primaryImageOfPage\":{\"@id\":\"https:\/\/we.pb.edu.pl\/kair\/materialy-dydaktyczne\/smeits1eiasem6\/#primaryimage\"},\"image\":{\"@id\":\"https:\/\/we.pb.edu.pl\/kair\/materialy-dydaktyczne\/smeits1eiasem6\/#primaryimage\"},\"thumbnailUrl\":\"https:\/\/we.pb.edu.pl\/kaie\/wp-content\/uploads\/sites\/4\/2019\/11\/ppicon.gif\",\"datePublished\":\"2025-07-31T08:16:57+00:00\",\"dateModified\":\"2025-08-01T09:14:27+00:00\",\"breadcrumb\":{\"@id\":\"https:\/\/we.pb.edu.pl\/kair\/materialy-dydaktyczne\/smeits1eiasem6\/#breadcrumb\"},\"inLanguage\":\"pl-PL\",\"potentialAction\":[{\"@type\":\"ReadAction\",\"target\":[\"https:\/\/we.pb.edu.pl\/kair\/materialy-dydaktyczne\/smeits1eiasem6\/\"]}]},{\"@type\":\"ImageObject\",\"inLanguage\":\"pl-PL\",\"@id\":\"https:\/\/we.pb.edu.pl\/kair\/materialy-dydaktyczne\/smeits1eiasem6\/#primaryimage\",\"url\":\"https:\/\/we.pb.edu.pl\/kaie\/wp-content\/uploads\/sites\/4\/2019\/11\/ppicon.gif\",\"contentUrl\":\"https:\/\/we.pb.edu.pl\/kaie\/wp-content\/uploads\/sites\/4\/2019\/11\/ppicon.gif\"},{\"@type\":\"BreadcrumbList\",\"@id\":\"https:\/\/we.pb.edu.pl\/kair\/materialy-dydaktyczne\/smeits1eiasem6\/#breadcrumb\",\"itemListElement\":[{\"@type\":\"ListItem\",\"position\":1,\"name\":\"Strona g\u0142\u00f3wna\",\"item\":\"https:\/\/we.pb.edu.pl\/kair\/\"},{\"@type\":\"ListItem\",\"position\":2,\"name\":\"Materia\u0142y dydaktyczne KAiR\",\"item\":\"https:\/\/we.pb.edu.pl\/kair\/materialy-dydaktyczne\/\"},{\"@type\":\"ListItem\",\"position\":3,\"name\":\"SMEiTS1EiAsem6\"}]},{\"@type\":\"WebSite\",\"@id\":\"https:\/\/we.pb.edu.pl\/kair\/#website\",\"url\":\"https:\/\/we.pb.edu.pl\/kair\/\",\"name\":\"Katedra Automatyki i Robotyki\",\"description\":\"Katedra Automatyki i Robotyki\",\"potentialAction\":[{\"@type\":\"SearchAction\",\"target\":{\"@type\":\"EntryPoint\",\"urlTemplate\":\"https:\/\/we.pb.edu.pl\/kair\/?s={search_term_string}\"},\"query-input\":{\"@type\":\"PropertyValueSpecification\",\"valueRequired\":true,\"valueName\":\"search_term_string\"}}],\"inLanguage\":\"pl-PL\"}]}<\/script>\n<!-- \/ Yoast SEO plugin. -->","yoast_head_json":{"title":"SMEiTS1EiAsem6 - Katedra Automatyki i Robotyki","robots":{"index":"index","follow":"follow","max-snippet":"max-snippet:-1","max-image-preview":"max-image-preview:large","max-video-preview":"max-video-preview:-1"},"canonical":"https:\/\/we.pb.edu.pl\/kair\/materialy-dydaktyczne\/smeits1eiasem6\/","og_locale":"pl_PL","og_type":"article","og_title":"SMEiTS1EiAsem6 - Katedra Automatyki i Robotyki","og_description":"Materia\u0142y do przedmiotu Systemy mikroprocesorowe TS1F6110 Elektronika i telekomunikacja sem. V studia stacjonarne I stopniawi\u0119cej","og_url":"https:\/\/we.pb.edu.pl\/kair\/materialy-dydaktyczne\/smeits1eiasem6\/","og_site_name":"Katedra Automatyki i Robotyki","article_modified_time":"2025-08-01T09:14:27+00:00","og_image":[{"url":"https:\/\/we.pb.edu.pl\/kaie\/wp-content\/uploads\/sites\/4\/2019\/11\/ppicon.gif","type":"","width":"","height":""}],"twitter_card":"summary_large_image","twitter_misc":{"Szacowany czas czytania":"5 minut"},"schema":{"@context":"https:\/\/schema.org","@graph":[{"@type":"WebPage","@id":"https:\/\/we.pb.edu.pl\/kair\/materialy-dydaktyczne\/smeits1eiasem6\/","url":"https:\/\/we.pb.edu.pl\/kair\/materialy-dydaktyczne\/smeits1eiasem6\/","name":"SMEiTS1EiAsem6 - Katedra Automatyki i Robotyki","isPartOf":{"@id":"https:\/\/we.pb.edu.pl\/kair\/#website"},"primaryImageOfPage":{"@id":"https:\/\/we.pb.edu.pl\/kair\/materialy-dydaktyczne\/smeits1eiasem6\/#primaryimage"},"image":{"@id":"https:\/\/we.pb.edu.pl\/kair\/materialy-dydaktyczne\/smeits1eiasem6\/#primaryimage"},"thumbnailUrl":"https:\/\/we.pb.edu.pl\/kaie\/wp-content\/uploads\/sites\/4\/2019\/11\/ppicon.gif","datePublished":"2025-07-31T08:16:57+00:00","dateModified":"2025-08-01T09:14:27+00:00","breadcrumb":{"@id":"https:\/\/we.pb.edu.pl\/kair\/materialy-dydaktyczne\/smeits1eiasem6\/#breadcrumb"},"inLanguage":"pl-PL","potentialAction":[{"@type":"ReadAction","target":["https:\/\/we.pb.edu.pl\/kair\/materialy-dydaktyczne\/smeits1eiasem6\/"]}]},{"@type":"ImageObject","inLanguage":"pl-PL","@id":"https:\/\/we.pb.edu.pl\/kair\/materialy-dydaktyczne\/smeits1eiasem6\/#primaryimage","url":"https:\/\/we.pb.edu.pl\/kaie\/wp-content\/uploads\/sites\/4\/2019\/11\/ppicon.gif","contentUrl":"https:\/\/we.pb.edu.pl\/kaie\/wp-content\/uploads\/sites\/4\/2019\/11\/ppicon.gif"},{"@type":"BreadcrumbList","@id":"https:\/\/we.pb.edu.pl\/kair\/materialy-dydaktyczne\/smeits1eiasem6\/#breadcrumb","itemListElement":[{"@type":"ListItem","position":1,"name":"Strona g\u0142\u00f3wna","item":"https:\/\/we.pb.edu.pl\/kair\/"},{"@type":"ListItem","position":2,"name":"Materia\u0142y dydaktyczne KAiR","item":"https:\/\/we.pb.edu.pl\/kair\/materialy-dydaktyczne\/"},{"@type":"ListItem","position":3,"name":"SMEiTS1EiAsem6"}]},{"@type":"WebSite","@id":"https:\/\/we.pb.edu.pl\/kair\/#website","url":"https:\/\/we.pb.edu.pl\/kair\/","name":"Katedra Automatyki i Robotyki","description":"Katedra Automatyki i Robotyki","potentialAction":[{"@type":"SearchAction","target":{"@type":"EntryPoint","urlTemplate":"https:\/\/we.pb.edu.pl\/kair\/?s={search_term_string}"},"query-input":{"@type":"PropertyValueSpecification","valueRequired":true,"valueName":"search_term_string"}}],"inLanguage":"pl-PL"}]}},"_links":{"self":[{"href":"https:\/\/we.pb.edu.pl\/kair\/wp-json\/wp\/v2\/pages\/4038","targetHints":{"allow":["GET"]}}],"collection":[{"href":"https:\/\/we.pb.edu.pl\/kair\/wp-json\/wp\/v2\/pages"}],"about":[{"href":"https:\/\/we.pb.edu.pl\/kair\/wp-json\/wp\/v2\/types\/page"}],"author":[{"embeddable":true,"href":"https:\/\/we.pb.edu.pl\/kair\/wp-json\/wp\/v2\/users\/12"}],"replies":[{"embeddable":true,"href":"https:\/\/we.pb.edu.pl\/kair\/wp-json\/wp\/v2\/comments?post=4038"}],"version-history":[{"count":10,"href":"https:\/\/we.pb.edu.pl\/kair\/wp-json\/wp\/v2\/pages\/4038\/revisions"}],"predecessor-version":[{"id":4059,"href":"https:\/\/we.pb.edu.pl\/kair\/wp-json\/wp\/v2\/pages\/4038\/revisions\/4059"}],"up":[{"embeddable":true,"href":"https:\/\/we.pb.edu.pl\/kair\/wp-json\/wp\/v2\/pages\/42"}],"wp:attachment":[{"href":"https:\/\/we.pb.edu.pl\/kair\/wp-json\/wp\/v2\/media?parent=4038"}],"curies":[{"name":"wp","href":"https:\/\/api.w.org\/{rel}","templated":true}]}}