{"id":3862,"date":"2025-02-06T22:45:31","date_gmt":"2025-02-06T21:45:31","guid":{"rendered":"https:\/\/we.pb.edu.pl\/kair\/?page_id=3862"},"modified":"2025-07-31T09:49:50","modified_gmt":"2025-07-31T07:49:50","slug":"sireits1sem4","status":"publish","type":"page","link":"https:\/\/we.pb.edu.pl\/kair\/materialy-dydaktyczne\/sireits1sem4\/","title":{"rendered":"SiREiTS1sem4"},"content":{"rendered":"<table style=\"width: 100%;\" border=\"0\" cellspacing=\"0\" cellpadding=\"6\" bgcolor=\"#FFFFFF\">\n<tbody>\n<tr>\n<td style=\"width: 100%;\" valign=\"top\" bgcolor=\"#F7F7F7\"><span style=\"color: #000080; font-size: 14pt; font-family: arial, helvetica, sans-serif;\">Materia\u0142y do przedmiotu<br \/>\n<strong> Sterowniki i regulatory TS1F4038<\/strong><br \/>\nElektronika i telekomunikacja sem. IV<br \/>\nstudia stacjonarne I stopnia &#8211; przedmiot wsp\u00f3lny<\/span><\/td>\n<\/tr>\n<\/tbody>\n<\/table>\n<table style=\"width: 100%;\" border=\"0\" cellspacing=\"3\" cellpadding=\"3\">\n<tbody>\n<tr>\n<td style=\"width: 23.6934%;\" colspan=\"2\" valign=\"bottom\" bgcolor=\"#D5E6E1\">\n<h5><span style=\"color: #000080; font-family: Verdana, Arial;\"><strong>Informacje og\u00f3lne<\/strong><\/span><\/h5>\n<\/td>\n<\/tr>\n<\/tbody>\n<\/table>\n<p><span style=\"font-family: arial, helvetica, sans-serif; font-size: 12pt;\">Wymiar godzinowy:<\/span><br \/>\n<span style=\"font-family: arial, helvetica, sans-serif; font-size: 12pt;\">wyk\u0142ad &#8211; 30 godzin; <\/span><span style=\"font-family: arial, helvetica, sans-serif; font-size: 12pt;\">laboratorium &#8211; 30 godzin.<\/span><br \/>\n<span style=\"font-family: arial, helvetica, sans-serif; font-size: 12pt;\"> Zaliczenie: wyk\u0142ad &#8211; egzamin, <\/span><span style=\"font-family: arial, helvetica, sans-serif; font-size: 12pt;\">laboratorium &#8211; zaliczenie z ocen\u0105.<\/span><\/p>\n<table style=\"width: 100%;\" border=\"0\" cellspacing=\"3\" cellpadding=\"3\">\n<tbody>\n<tr style=\"height: 42px;\">\n<td style=\"height: 42px; width: 100%;\" valign=\"middle\">\n<p align=\"left\"><span style=\"color: #000080; font-family: Verdana, Arial; font-size: medium;\"><a class=\"pdf\" style=\"text-decoration: none;\" href=\"https:\/\/box.biaman.pl\/f\/a8592cb28848440781eb\/\"> program wyk\u0142adu<\/a><\/span><\/p>\n<\/td>\n<\/tr>\n<tr style=\"height: 42px;\">\n<td style=\"height: 42px; width: 100%;\" valign=\"middle\">\n<p align=\"left\"><span style=\"color: #000080; font-family: Verdana, Arial; font-size: medium;\"><a class=\"pdf\" style=\"text-decoration: none;\" href=\"https:\/\/box.biaman.pl\/f\/de1fcfa449924d80aa81\/\"> program laboratorium<\/a><\/span><\/p>\n<\/td>\n<\/tr>\n<tr style=\"height: 42px;\">\n<td style=\"height: 42px; width: 100%;\" valign=\"middle\">\n<p align=\"left\"><span style=\"color: #000000; font-family: Verdana, Arial; font-size: medium;\"> Zasady zaliczenia przedmiotu s\u0105 opisane w USOSweb.<\/span><\/p>\n<\/td>\n<\/tr>\n<\/tbody>\n<\/table>\n<table style=\"width: 100%;\" border=\"0\" cellspacing=\"3\" cellpadding=\"3\">\n<tbody>\n<tr>\n<td style=\"width: 23.5088%;\" colspan=\"2\" valign=\"bottom\" bgcolor=\"#D5E6E1\">\n<h5><span style=\"color: #000080; font-family: Verdana, Arial;\"><strong>Materia\u0142y do wyk\u0142adu<\/strong><\/span><\/h5>\n<\/td>\n<\/tr>\n<\/tbody>\n<\/table>\n<table style=\"width: 100%; height: 353px;\" border=\"0\" cellspacing=\"3\" cellpadding=\"3\">\n<tbody>\n<tr style=\"height: 42px;\">\n<td style=\"height: 17px; width: 100%;\" valign=\"middle\">\n<p align=\"left\"><span style=\"color: #000080; font-family: Verdana, Arial; font-size: medium;\"><a class=\"pdf\" style=\"text-decoration: none;\" href=\"https:\/\/box.biaman.pl\/f\/f660aa6d8caf4830b58d\/\"> wyk\u0142ad #1<\/a><\/span><\/p>\n<\/td>\n<\/tr>\n<tr style=\"height: 42px;\">\n<td style=\"height: 42px; width: 100%;\" valign=\"middle\">\n<p align=\"left\"><span style=\"color: #000080; font-family: Verdana, Arial; font-size: medium;\"><a class=\"pdf\" style=\"text-decoration: none;\" href=\"https:\/\/box.biaman.pl\/f\/7abd494d5c934400a94c\/\"> wyk\u0142ad #2<\/a><\/span><\/p>\n<\/td>\n<\/tr>\n<tr style=\"height: 42px;\">\n<td style=\"height: 42px; width: 100%;\" valign=\"middle\">\n<p align=\"left\"><span style=\"color: #000080; font-family: Verdana, Arial; font-size: medium;\"><a class=\"pdf\" style=\"text-decoration: none;\" href=\"https:\/\/box.biaman.pl\/f\/45d7d2b16cb446fb9f50\/\"> wyk\u0142ad #3<\/a><\/span><\/p>\n<\/td>\n<\/tr>\n<tr style=\"height: 42px;\">\n<td style=\"height: 42px; width: 100%;\" valign=\"middle\">\n<p align=\"left\"><span style=\"color: #000080; font-family: Verdana, Arial; font-size: medium;\"><a class=\"pdf\" style=\"text-decoration: none;\" href=\"https:\/\/box.biaman.pl\/f\/ad37f15f7b304c75845f\/\"> wyk\u0142ad #4<\/a><\/span><\/p>\n<\/td>\n<\/tr>\n<tr style=\"height: 42px;\">\n<td style=\"height: 42px; width: 100%;\" valign=\"middle\">\n<p align=\"left\"><span style=\"color: #000080; font-family: Verdana, Arial; font-size: medium;\"><a class=\"pdf\" style=\"text-decoration: none;\" href=\"https:\/\/box.biaman.pl\/f\/a8455062656b4cf3bd57\/\"> wyk\u0142ad #5<\/a>&nbsp;<\/span><\/p>\n<\/td>\n<\/tr>\n<tr style=\"height: 42px;\">\n<td style=\"height: 42px; width: 100%;\" valign=\"middle\">\n<p align=\"left\"><span style=\"color: #000080; font-family: Verdana, Arial; font-size: medium;\"><a class=\"pdf\" style=\"text-decoration: none;\" href=\"https:\/\/box.biaman.pl\/f\/90017f19dd1749ddb08e\/\"> wyk\u0142ad #6<\/a><\/span><\/p>\n<\/td>\n<\/tr>\n<tr style=\"height: 42px;\">\n<td style=\"height: 42px; width: 100%;\" valign=\"middle\">\n<p align=\"left\"><span style=\"color: #000080; font-family: Verdana, Arial; font-size: medium;\"><a class=\"pdf\" style=\"text-decoration: none;\" href=\"https:\/\/box.biaman.pl\/f\/eb11f795004849e584a8\/\"> wyk\u0142ad #7<\/a><\/span><\/p>\n<\/td>\n<\/tr>\n<tr style=\"height: 42px;\">\n<td style=\"height: 42px; width: 100%;\" valign=\"middle\">\n<p align=\"left\"><span style=\"color: #000080; font-family: Verdana, Arial; font-size: medium;\"><a class=\"pdf\" style=\"text-decoration: none;\" href=\"https:\/\/box.biaman.pl\/f\/acc5d40bbd1d44b2ba58\/\"> wyk\u0142ad #8<\/a><\/span><\/p>\n<\/td>\n<\/tr>\n<tr style=\"height: 42px;\">\n<td style=\"height: 42px; width: 100%;\" valign=\"middle\">\n<p align=\"left\"><span style=\"color: #000080; font-family: Verdana, Arial; font-size: medium;\"><a class=\"pdf\" style=\"text-decoration: none;\" href=\"https:\/\/box.biaman.pl\/f\/baba975c0dc84b929e80\/\"> wyk\u0142ad #9<\/a><\/span><\/p>\n<\/td>\n<\/tr>\n<tr style=\"height: 42px;\">\n<td style=\"height: 42px; width: 100%;\" valign=\"middle\">\n<p align=\"left\"><span style=\"color: #000080; font-family: Verdana, Arial; font-size: medium;\"><a class=\"pdf\" style=\"text-decoration: none;\" href=\"https:\/\/box.biaman.pl\/f\/db2446f9d79045d8b8aa\/\"> wyk\u0142ad #10<\/a><\/span><\/p>\n<\/td>\n<\/tr>\n<tr style=\"height: 42px;\">\n<td style=\"height: 42px; width: 100%;\" valign=\"middle\">\n<p align=\"left\"><span style=\"color: #000080; font-family: Verdana, Arial; font-size: medium;\"><a class=\"pdf\" style=\"text-decoration: none;\" href=\"https:\/\/box.biaman.pl\/f\/51c20d5754b740e3b835\/\"> Pierwsze kroki z SIMATIC S7-1200<\/a><\/span><\/p>\n<\/td>\n<\/tr>\n<\/tbody>\n<\/table>\n<table class=\" alignleft\" style=\"width: 100%; height: 20px;\" border=\"0\" cellspacing=\"3\" cellpadding=\"3\">\n<tbody>\n<tr style=\"height: 42px;\">\n<td style=\"width: 63.5088%; height: 42px;\" valign=\"bottom\" bgcolor=\"#D5E6E1\">\n<h5><span style=\"color: #000080; font-family: Verdana, Arial;\"><strong>Materia\u0142y do laboratorium<\/strong><\/span><\/h5>\n<\/td>\n<\/tr>\n<tr style=\"height: 44.5px;\">\n<td style=\"width: 63.5088%; height: 44.5px;\" valign=\"middle\"><span style=\"color: #000080; font-family: Verdana, Arial; font-size: medium;\"><a class=\"pdf\" style=\"text-decoration: none;\" href=\"https:\/\/box.biaman.pl\/f\/cbe8f03923bb4633bfa3\/\"> Instrukcja stanowiskowa BHP<\/a><\/span><\/td>\n<\/tr>\n<tr style=\"height: 40px;\">\n<td style=\"width: 63.5088%; height: 40px;\" valign=\"middle\">\n<p align=\"left\"><span style=\"color: #000080; font-family: Verdana, Arial; font-size: medium;\"><a class=\"pdf\" style=\"text-decoration: none;\" href=\"https:\/\/box.biaman.pl\/f\/2ed5967ba70544d39080\/\"> Instrukcja nr 1<\/a><\/span><\/p>\n<\/td>\n<\/tr>\n<tr style=\"height: 41px;\">\n<td style=\"width: 63.5088%; height: 41px;\" valign=\"middle\">\n<p align=\"left\"><span style=\"color: #000080; font-family: Verdana, Arial; font-size: medium;\"><a class=\"pdf\" style=\"text-decoration: none;\" href=\"https:\/\/box.biaman.pl\/f\/2aeea077120a432fbe0a\/\"> Instrukcja nr 2<\/a><\/span><\/p>\n<\/td>\n<\/tr>\n<tr style=\"height: 37px;\">\n<td style=\"width: 63.5088%; height: 37px;\" valign=\"middle\">\n<p align=\"left\"><span style=\"color: #000080; font-family: Verdana, Arial; font-size: medium;\"><a class=\"pdf\" style=\"text-decoration: none;\" href=\"https:\/\/box.biaman.pl\/f\/972f9a6a3e8f49b4ae7f\/\"> Instrukcja nr 3<\/a><\/span><\/p>\n<\/td>\n<\/tr>\n<tr style=\"height: 37px;\">\n<td style=\"width: 63.5088%; height: 37px;\" valign=\"middle\">\n<p align=\"left\"><span style=\"color: #000080; font-family: Verdana, Arial; font-size: medium;\"><a class=\"pdf\" style=\"text-decoration: none;\" href=\"https:\/\/box.biaman.pl\/f\/2d17fbb42a1a43d2a55f\/\"> Instrukcja nr 4<\/a><\/span><\/p>\n<\/td>\n<\/tr>\n<tr style=\"height: 39px;\">\n<td style=\"width: 63.5088%; height: 39px;\" valign=\"middle\">\n<p align=\"left\"><span style=\"color: #000080; font-family: Verdana, Arial; font-size: medium;\"><a class=\"pdf\" style=\"text-decoration: none;\" href=\"https:\/\/box.biaman.pl\/f\/330c8ff0c40548d48e80\/\"> Instrukcja nr 5<\/a><\/span><\/p>\n<\/td>\n<\/tr>\n<tr style=\"height: 38px;\">\n<td style=\"width: 63.5088%; height: 38px;\" valign=\"middle\">\n<p align=\"left\"><span style=\"color: #000080; font-family: Verdana, Arial; font-size: medium;\"><a class=\"pdf\" style=\"text-decoration: none;\" href=\"https:\/\/box.biaman.pl\/f\/dc9bfb1278334c4d81f8\/\"> Instrukcja nr 6<\/a><\/span><\/p>\n<\/td>\n<\/tr>\n<tr style=\"height: 37px;\">\n<td style=\"width: 63.5088%; height: 37px;\" valign=\"middle\">\n<p align=\"left\"><span style=\"color: #000080; font-family: Verdana, Arial; font-size: medium;\"><a class=\"pdf\" style=\"text-decoration: none;\" href=\"https:\/\/box.biaman.pl\/f\/f9d821dc97bb40ac9375\/\"> Instrukcja nr 7<\/a><\/span><\/p>\n<\/td>\n<\/tr>\n<tr style=\"height: 36px;\">\n<td style=\"width: 63.5088%; height: 36px;\" valign=\"middle\">\n<p align=\"left\"><span style=\"color: #000080; font-family: Verdana, Arial; font-size: medium;\"><a class=\"pdf\" style=\"text-decoration: none;\" href=\"https:\/\/box.biaman.pl\/f\/ccde97c0252648faa01e\/\"> Instrukcja nr 8<\/a><\/span><\/p>\n<\/td>\n<\/tr>\n<tr style=\"height: 38px;\">\n<td style=\"width: 63.5088%; height: 38px;\" valign=\"middle\">\n<p align=\"left\"><span style=\"color: #000080; font-family: Verdana, Arial; font-size: medium;\"><a class=\"pdf\" style=\"text-decoration: none;\" href=\"https:\/\/box.biaman.pl\/f\/4b563173a0e2462dab8e\/\"> Instrukcja nr 9<\/a><\/span><\/p>\n<\/td>\n<\/tr>\n<tr style=\"height: 38px;\">\n<td style=\"width: 63.5088%; height: 38px;\" valign=\"middle\">\n<p align=\"left\"><span style=\"color: #000080; font-family: Verdana, Arial; font-size: medium;\"><a class=\"pdf\" style=\"text-decoration: none;\" href=\"https:\/\/box.biaman.pl\/f\/fb7415a7df3e43a59663\/\"> Wykaz materia\u0142\u00f3w pomocniczych do laboratorium<\/a><\/span><\/p>\n<\/td>\n<\/tr>\n<\/tbody>\n<\/table>\n<p>&nbsp;<\/p>\n<p style=\"text-align: center;\"><span style=\"font-size: 8pt;\">Opracowanie merytoryczne: <strong>dr in\u017c. Krzysztof Rogowski, <span style=\"font-size: 8pt;\"><span style=\"color: #000000;\">prof. dr hab. in\u017c. \u0141ukasz Sajewski<\/span>,<\/span> dr&nbsp; in\u017c. Wojciech Trzasko<\/strong><\/span><\/p>\n<table style=\"width: 100%; height: 123px;\" border=\"0\" cellspacing=\"0\" cellpadding=\"6\" bgcolor=\"#FFFFFF\">\n<tbody>\n<tr style=\"height: 123px;\">\n<td style=\"width: 23.4164%; height: 123px;\" colspan=\"2\" align=\"center\" bgcolor=\"#F7F7F7\"><span style=\"color: #ff0000; font-size: small;\"><span style=\"font-size: 10pt;\">Prawa autorskie do materia\u0142\u00f3w dydaktycznych osi\u0105galnych z tej strony s\u0105 w\u0142asno\u015bci\u0105 intelektualn\u0105 pracownik\u00f3w<\/span><br \/>\n<span style=\"font-size: 10pt;\">Katedry Automatyki i Robotyki WE PB.<\/span><br \/>\n<span style=\"font-size: 10pt;\">Materia\u0142y te s\u0105 udost\u0119pniane studentom nieodp\u0142atnie i nie mog\u0105 by\u0107 przedmiotem jakiejkolwiek dzia\u0142alno\u015bci komercyjnej.<\/span><br \/>\n<span style=\"color: #000080; font-size: small;\"><span style=\"font-size: 10pt;\">Has\u0142a dost\u0119pu do zawarto\u015bci plik\u00f3w spakowanych mo\u017cna uzyska\u0107 od prowadz\u0105cych zaj\u0119cia.<\/span><br \/>\n<span style=\"color: #000000; font-size: 8pt;\">Opracowanie www: <strong>Lech Grodzki<\/strong> l.grodzki(.)pb.edu.pl<\/span><br \/>\n<span style=\"color: #000000; font-size: 8pt;\">tel. (85) 746-93-84<\/span><\/span><\/span><\/td>\n<\/tr>\n<\/tbody>\n<\/table>\n<p style=\"text-align: center;\"><span style=\"font-size: 10pt;\">Aktualizacja: 2025-07-31<\/span><\/p>\n","protected":false},"excerpt":{"rendered":"<p>Materia\u0142y do przedmiotu Sterowniki i regulatory TS1F4038 Elektronika i telekomunikacja sem. IV studia stacjonarne I<a class=\"read-more\" href=\"https:\/\/we.pb.edu.pl\/kair\/materialy-dydaktyczne\/sireits1sem4\/\" title=\"Poka\u017c artyku\u0142 SiREiTS1sem4\">wi\u0119cej<\/a><\/p>\n","protected":false},"author":12,"featured_media":0,"parent":42,"menu_order":0,"comment_status":"closed","ping_status":"closed","template":"","meta":{"inline_featured_image":false,"ngg_post_thumbnail":0,"footnotes":""},"class_list":["post-3862","page","type-page","status-publish","hentry"],"acf":[],"yoast_head":"<!-- This site is optimized with the Yoast SEO plugin v26.4 - https:\/\/yoast.com\/wordpress\/plugins\/seo\/ -->\n<title>SiREiTS1sem4 - Katedra Automatyki i Robotyki<\/title>\n<meta name=\"robots\" content=\"index, follow, max-snippet:-1, max-image-preview:large, max-video-preview:-1\" \/>\n<link rel=\"canonical\" href=\"https:\/\/we.pb.edu.pl\/kair\/materialy-dydaktyczne\/sireits1sem4\/\" \/>\n<meta property=\"og:locale\" content=\"pl_PL\" \/>\n<meta property=\"og:type\" content=\"article\" \/>\n<meta property=\"og:title\" content=\"SiREiTS1sem4 - Katedra Automatyki i Robotyki\" \/>\n<meta property=\"og:description\" content=\"Materia\u0142y do przedmiotu Sterowniki i regulatory TS1F4038 Elektronika i telekomunikacja sem. IV studia stacjonarne Iwi\u0119cej\" \/>\n<meta property=\"og:url\" content=\"https:\/\/we.pb.edu.pl\/kair\/materialy-dydaktyczne\/sireits1sem4\/\" \/>\n<meta property=\"og:site_name\" content=\"Katedra Automatyki i Robotyki\" \/>\n<meta property=\"article:modified_time\" content=\"2025-07-31T07:49:50+00:00\" \/>\n<meta name=\"twitter:card\" content=\"summary_large_image\" \/>\n<meta name=\"twitter:label1\" content=\"Szacowany czas czytania\" \/>\n\t<meta name=\"twitter:data1\" content=\"2 minuty\" \/>\n<script type=\"application\/ld+json\" class=\"yoast-schema-graph\">{\"@context\":\"https:\/\/schema.org\",\"@graph\":[{\"@type\":\"WebPage\",\"@id\":\"https:\/\/we.pb.edu.pl\/kair\/materialy-dydaktyczne\/sireits1sem4\/\",\"url\":\"https:\/\/we.pb.edu.pl\/kair\/materialy-dydaktyczne\/sireits1sem4\/\",\"name\":\"SiREiTS1sem4 - Katedra Automatyki i Robotyki\",\"isPartOf\":{\"@id\":\"https:\/\/we.pb.edu.pl\/kair\/#website\"},\"datePublished\":\"2025-02-06T21:45:31+00:00\",\"dateModified\":\"2025-07-31T07:49:50+00:00\",\"breadcrumb\":{\"@id\":\"https:\/\/we.pb.edu.pl\/kair\/materialy-dydaktyczne\/sireits1sem4\/#breadcrumb\"},\"inLanguage\":\"pl-PL\",\"potentialAction\":[{\"@type\":\"ReadAction\",\"target\":[\"https:\/\/we.pb.edu.pl\/kair\/materialy-dydaktyczne\/sireits1sem4\/\"]}]},{\"@type\":\"BreadcrumbList\",\"@id\":\"https:\/\/we.pb.edu.pl\/kair\/materialy-dydaktyczne\/sireits1sem4\/#breadcrumb\",\"itemListElement\":[{\"@type\":\"ListItem\",\"position\":1,\"name\":\"Strona g\u0142\u00f3wna\",\"item\":\"https:\/\/we.pb.edu.pl\/kair\/\"},{\"@type\":\"ListItem\",\"position\":2,\"name\":\"Materia\u0142y dydaktyczne KAiR\",\"item\":\"https:\/\/we.pb.edu.pl\/kair\/materialy-dydaktyczne\/\"},{\"@type\":\"ListItem\",\"position\":3,\"name\":\"SiREiTS1sem4\"}]},{\"@type\":\"WebSite\",\"@id\":\"https:\/\/we.pb.edu.pl\/kair\/#website\",\"url\":\"https:\/\/we.pb.edu.pl\/kair\/\",\"name\":\"Katedra Automatyki i Robotyki\",\"description\":\"Katedra Automatyki i Robotyki\",\"potentialAction\":[{\"@type\":\"SearchAction\",\"target\":{\"@type\":\"EntryPoint\",\"urlTemplate\":\"https:\/\/we.pb.edu.pl\/kair\/?s={search_term_string}\"},\"query-input\":{\"@type\":\"PropertyValueSpecification\",\"valueRequired\":true,\"valueName\":\"search_term_string\"}}],\"inLanguage\":\"pl-PL\"}]}<\/script>\n<!-- \/ Yoast SEO plugin. -->","yoast_head_json":{"title":"SiREiTS1sem4 - Katedra Automatyki i Robotyki","robots":{"index":"index","follow":"follow","max-snippet":"max-snippet:-1","max-image-preview":"max-image-preview:large","max-video-preview":"max-video-preview:-1"},"canonical":"https:\/\/we.pb.edu.pl\/kair\/materialy-dydaktyczne\/sireits1sem4\/","og_locale":"pl_PL","og_type":"article","og_title":"SiREiTS1sem4 - Katedra Automatyki i Robotyki","og_description":"Materia\u0142y do przedmiotu Sterowniki i regulatory TS1F4038 Elektronika i telekomunikacja sem. IV studia stacjonarne Iwi\u0119cej","og_url":"https:\/\/we.pb.edu.pl\/kair\/materialy-dydaktyczne\/sireits1sem4\/","og_site_name":"Katedra Automatyki i Robotyki","article_modified_time":"2025-07-31T07:49:50+00:00","twitter_card":"summary_large_image","twitter_misc":{"Szacowany czas czytania":"2 minuty"},"schema":{"@context":"https:\/\/schema.org","@graph":[{"@type":"WebPage","@id":"https:\/\/we.pb.edu.pl\/kair\/materialy-dydaktyczne\/sireits1sem4\/","url":"https:\/\/we.pb.edu.pl\/kair\/materialy-dydaktyczne\/sireits1sem4\/","name":"SiREiTS1sem4 - Katedra Automatyki i Robotyki","isPartOf":{"@id":"https:\/\/we.pb.edu.pl\/kair\/#website"},"datePublished":"2025-02-06T21:45:31+00:00","dateModified":"2025-07-31T07:49:50+00:00","breadcrumb":{"@id":"https:\/\/we.pb.edu.pl\/kair\/materialy-dydaktyczne\/sireits1sem4\/#breadcrumb"},"inLanguage":"pl-PL","potentialAction":[{"@type":"ReadAction","target":["https:\/\/we.pb.edu.pl\/kair\/materialy-dydaktyczne\/sireits1sem4\/"]}]},{"@type":"BreadcrumbList","@id":"https:\/\/we.pb.edu.pl\/kair\/materialy-dydaktyczne\/sireits1sem4\/#breadcrumb","itemListElement":[{"@type":"ListItem","position":1,"name":"Strona g\u0142\u00f3wna","item":"https:\/\/we.pb.edu.pl\/kair\/"},{"@type":"ListItem","position":2,"name":"Materia\u0142y dydaktyczne KAiR","item":"https:\/\/we.pb.edu.pl\/kair\/materialy-dydaktyczne\/"},{"@type":"ListItem","position":3,"name":"SiREiTS1sem4"}]},{"@type":"WebSite","@id":"https:\/\/we.pb.edu.pl\/kair\/#website","url":"https:\/\/we.pb.edu.pl\/kair\/","name":"Katedra Automatyki i Robotyki","description":"Katedra Automatyki i Robotyki","potentialAction":[{"@type":"SearchAction","target":{"@type":"EntryPoint","urlTemplate":"https:\/\/we.pb.edu.pl\/kair\/?s={search_term_string}"},"query-input":{"@type":"PropertyValueSpecification","valueRequired":true,"valueName":"search_term_string"}}],"inLanguage":"pl-PL"}]}},"_links":{"self":[{"href":"https:\/\/we.pb.edu.pl\/kair\/wp-json\/wp\/v2\/pages\/3862","targetHints":{"allow":["GET"]}}],"collection":[{"href":"https:\/\/we.pb.edu.pl\/kair\/wp-json\/wp\/v2\/pages"}],"about":[{"href":"https:\/\/we.pb.edu.pl\/kair\/wp-json\/wp\/v2\/types\/page"}],"author":[{"embeddable":true,"href":"https:\/\/we.pb.edu.pl\/kair\/wp-json\/wp\/v2\/users\/12"}],"replies":[{"embeddable":true,"href":"https:\/\/we.pb.edu.pl\/kair\/wp-json\/wp\/v2\/comments?post=3862"}],"version-history":[{"count":12,"href":"https:\/\/we.pb.edu.pl\/kair\/wp-json\/wp\/v2\/pages\/3862\/revisions"}],"predecessor-version":[{"id":4027,"href":"https:\/\/we.pb.edu.pl\/kair\/wp-json\/wp\/v2\/pages\/3862\/revisions\/4027"}],"up":[{"embeddable":true,"href":"https:\/\/we.pb.edu.pl\/kair\/wp-json\/wp\/v2\/pages\/42"}],"wp:attachment":[{"href":"https:\/\/we.pb.edu.pl\/kair\/wp-json\/wp\/v2\/media?parent=3862"}],"curies":[{"name":"wp","href":"https:\/\/api.w.org\/{rel}","templated":true}]}}