{"id":3673,"date":"2024-09-25T14:03:04","date_gmt":"2024-09-25T12:03:04","guid":{"rendered":"https:\/\/we.pb.edu.pl\/kair\/?page_id=3673"},"modified":"2024-09-25T14:03:04","modified_gmt":"2024-09-25T12:03:04","slug":"ntwtcps1sem1","status":"publish","type":"page","link":"https:\/\/we.pb.edu.pl\/kair\/materialy-dydaktyczne\/ntwtcps1sem1\/","title":{"rendered":"NTwTCPS1sem1"},"content":{"rendered":"<table style=\"width: 98.5088%;\" border=\"0\" cellspacing=\"0\" cellpadding=\"6\" bgcolor=\"#FFFFFF\">\n<tbody>\n<tr>\n<td style=\"width: 100%;\" valign=\"top\" bgcolor=\"#F7F7F7\"><span style=\"color: #000080; font-size: 14pt; font-family: arial, helvetica, sans-serif;\">Materia\u0142y do przedmiotu;<br \/>\n<em><strong> Nowe trendy w technologiach AEE i CP CP1S01008<\/strong><\/em><br \/>\nCyfryzacja przemys\u0142u sem. I<br \/>\nstudia stacjonarne I stopnia &#8211; przedmiot wsp\u00f3lny obieralny<\/span><\/td>\n<\/tr>\n<\/tbody>\n<\/table>\n<table style=\"width: 98.5088%;\" border=\"0\" cellspacing=\"3\" cellpadding=\"3\">\n<tbody>\n<tr>\n<td style=\"width: 23.6934%;\" colspan=\"2\" valign=\"bottom\" bgcolor=\"#D5E6E1\">\n<h5><span style=\"color: #000080; font-family: Verdana, Arial;\"><strong>Informacje og\u00f3lne<\/strong><\/span><\/h5>\n<\/td>\n<\/tr>\n<\/tbody>\n<\/table>\n<p><span style=\"font-family: arial, helvetica, sans-serif; font-size: 12pt;\">Wymiar godzinowy:<\/span><br \/>\n<span style=\"font-family: arial, helvetica, sans-serif; font-size: 12pt;\">wyk\u0142ad &#8211; 15 godzin<\/span><\/p>\n<p><span style=\"font-family: arial, helvetica, sans-serif; font-size: 12pt;\">Zaliczenie wyk\u0142adu &#8211; zaliczenia z ocen\u0105.<\/span><\/p>\n<table style=\"width: 98.3333%;\" border=\"0\" cellspacing=\"3\" cellpadding=\"3\">\n<tbody>\n<tr>\n<td style=\"width: 23.5088%;\" colspan=\"2\" valign=\"bottom\" bgcolor=\"#D5E6E1\">\n<h5><span style=\"color: #000080; font-family: Verdana, Arial;\"><strong>Materia\u0142y do wyk\u0142adu &#8211; sem. I<\/strong><\/span><\/h5>\n<\/td>\n<\/tr>\n<\/tbody>\n<\/table>\n<table style=\"width: 98.3333%;\" border=\"0\" cellspacing=\"3\" cellpadding=\"3\">\n<tbody>\n<tr style=\"height: 42px;\">\n<td style=\"height: 42px; width: 100%;\" valign=\"middle\">\n<p align=\"left\"><span style=\"color: #000080; font-family: Verdana, Arial; font-size: medium;\"><a class=\"zip\" style=\"text-decoration: none;\" href=\"https:\/\/we.pb.edu.pl\/kair\/materialy-dydaktyczne\/przepraszamy-informacje-w-przygotowaniu\/\">&nbsp;wyk\u0142ady &#8230;<\/a><\/span><\/p>\n<\/td>\n<\/tr>\n<\/tbody>\n<\/table>\n<p style=\"text-align: center;\">&nbsp;<\/p>\n","protected":false},"excerpt":{"rendered":"<p>Materia\u0142y do przedmiotu; Nowe trendy w technologiach AEE i CP CP1S01008 Cyfryzacja przemys\u0142u sem. I<a class=\"read-more\" href=\"https:\/\/we.pb.edu.pl\/kair\/materialy-dydaktyczne\/ntwtcps1sem1\/\" title=\"Poka\u017c artyku\u0142 NTwTCPS1sem1\">wi\u0119cej<\/a><\/p>\n","protected":false},"author":12,"featured_media":0,"parent":42,"menu_order":0,"comment_status":"closed","ping_status":"closed","template":"","meta":{"inline_featured_image":false,"ngg_post_thumbnail":0,"footnotes":""},"class_list":["post-3673","page","type-page","status-publish","hentry"],"acf":[],"yoast_head":"<!-- This site is optimized with the Yoast SEO plugin v26.4 - https:\/\/yoast.com\/wordpress\/plugins\/seo\/ -->\n<title>NTwTCPS1sem1 - Katedra Automatyki i Robotyki<\/title>\n<meta name=\"robots\" content=\"index, follow, max-snippet:-1, max-image-preview:large, max-video-preview:-1\" \/>\n<link rel=\"canonical\" href=\"https:\/\/we.pb.edu.pl\/kair\/materialy-dydaktyczne\/ntwtcps1sem1\/\" \/>\n<meta property=\"og:locale\" content=\"pl_PL\" \/>\n<meta property=\"og:type\" content=\"article\" \/>\n<meta property=\"og:title\" content=\"NTwTCPS1sem1 - Katedra Automatyki i Robotyki\" \/>\n<meta property=\"og:description\" content=\"Materia\u0142y do przedmiotu; Nowe trendy w technologiach AEE i CP CP1S01008 Cyfryzacja przemys\u0142u sem. Iwi\u0119cej\" \/>\n<meta property=\"og:url\" content=\"https:\/\/we.pb.edu.pl\/kair\/materialy-dydaktyczne\/ntwtcps1sem1\/\" \/>\n<meta property=\"og:site_name\" content=\"Katedra Automatyki i Robotyki\" \/>\n<meta name=\"twitter:card\" content=\"summary_large_image\" \/>\n<meta name=\"twitter:label1\" content=\"Szacowany czas czytania\" \/>\n\t<meta name=\"twitter:data1\" content=\"1 minuta\" \/>\n<script type=\"application\/ld+json\" class=\"yoast-schema-graph\">{\"@context\":\"https:\/\/schema.org\",\"@graph\":[{\"@type\":\"WebPage\",\"@id\":\"https:\/\/we.pb.edu.pl\/kair\/materialy-dydaktyczne\/ntwtcps1sem1\/\",\"url\":\"https:\/\/we.pb.edu.pl\/kair\/materialy-dydaktyczne\/ntwtcps1sem1\/\",\"name\":\"NTwTCPS1sem1 - Katedra Automatyki i Robotyki\",\"isPartOf\":{\"@id\":\"https:\/\/we.pb.edu.pl\/kair\/#website\"},\"datePublished\":\"2024-09-25T12:03:04+00:00\",\"breadcrumb\":{\"@id\":\"https:\/\/we.pb.edu.pl\/kair\/materialy-dydaktyczne\/ntwtcps1sem1\/#breadcrumb\"},\"inLanguage\":\"pl-PL\",\"potentialAction\":[{\"@type\":\"ReadAction\",\"target\":[\"https:\/\/we.pb.edu.pl\/kair\/materialy-dydaktyczne\/ntwtcps1sem1\/\"]}]},{\"@type\":\"BreadcrumbList\",\"@id\":\"https:\/\/we.pb.edu.pl\/kair\/materialy-dydaktyczne\/ntwtcps1sem1\/#breadcrumb\",\"itemListElement\":[{\"@type\":\"ListItem\",\"position\":1,\"name\":\"Strona g\u0142\u00f3wna\",\"item\":\"https:\/\/we.pb.edu.pl\/kair\/\"},{\"@type\":\"ListItem\",\"position\":2,\"name\":\"Materia\u0142y dydaktyczne KAiR\",\"item\":\"https:\/\/we.pb.edu.pl\/kair\/materialy-dydaktyczne\/\"},{\"@type\":\"ListItem\",\"position\":3,\"name\":\"NTwTCPS1sem1\"}]},{\"@type\":\"WebSite\",\"@id\":\"https:\/\/we.pb.edu.pl\/kair\/#website\",\"url\":\"https:\/\/we.pb.edu.pl\/kair\/\",\"name\":\"Katedra Automatyki i Robotyki\",\"description\":\"Katedra Automatyki i Robotyki\",\"potentialAction\":[{\"@type\":\"SearchAction\",\"target\":{\"@type\":\"EntryPoint\",\"urlTemplate\":\"https:\/\/we.pb.edu.pl\/kair\/?s={search_term_string}\"},\"query-input\":{\"@type\":\"PropertyValueSpecification\",\"valueRequired\":true,\"valueName\":\"search_term_string\"}}],\"inLanguage\":\"pl-PL\"}]}<\/script>\n<!-- \/ Yoast SEO plugin. -->","yoast_head_json":{"title":"NTwTCPS1sem1 - Katedra Automatyki i Robotyki","robots":{"index":"index","follow":"follow","max-snippet":"max-snippet:-1","max-image-preview":"max-image-preview:large","max-video-preview":"max-video-preview:-1"},"canonical":"https:\/\/we.pb.edu.pl\/kair\/materialy-dydaktyczne\/ntwtcps1sem1\/","og_locale":"pl_PL","og_type":"article","og_title":"NTwTCPS1sem1 - Katedra Automatyki i Robotyki","og_description":"Materia\u0142y do przedmiotu; Nowe trendy w technologiach AEE i CP CP1S01008 Cyfryzacja przemys\u0142u sem. Iwi\u0119cej","og_url":"https:\/\/we.pb.edu.pl\/kair\/materialy-dydaktyczne\/ntwtcps1sem1\/","og_site_name":"Katedra Automatyki i Robotyki","twitter_card":"summary_large_image","twitter_misc":{"Szacowany czas czytania":"1 minuta"},"schema":{"@context":"https:\/\/schema.org","@graph":[{"@type":"WebPage","@id":"https:\/\/we.pb.edu.pl\/kair\/materialy-dydaktyczne\/ntwtcps1sem1\/","url":"https:\/\/we.pb.edu.pl\/kair\/materialy-dydaktyczne\/ntwtcps1sem1\/","name":"NTwTCPS1sem1 - Katedra Automatyki i Robotyki","isPartOf":{"@id":"https:\/\/we.pb.edu.pl\/kair\/#website"},"datePublished":"2024-09-25T12:03:04+00:00","breadcrumb":{"@id":"https:\/\/we.pb.edu.pl\/kair\/materialy-dydaktyczne\/ntwtcps1sem1\/#breadcrumb"},"inLanguage":"pl-PL","potentialAction":[{"@type":"ReadAction","target":["https:\/\/we.pb.edu.pl\/kair\/materialy-dydaktyczne\/ntwtcps1sem1\/"]}]},{"@type":"BreadcrumbList","@id":"https:\/\/we.pb.edu.pl\/kair\/materialy-dydaktyczne\/ntwtcps1sem1\/#breadcrumb","itemListElement":[{"@type":"ListItem","position":1,"name":"Strona g\u0142\u00f3wna","item":"https:\/\/we.pb.edu.pl\/kair\/"},{"@type":"ListItem","position":2,"name":"Materia\u0142y dydaktyczne KAiR","item":"https:\/\/we.pb.edu.pl\/kair\/materialy-dydaktyczne\/"},{"@type":"ListItem","position":3,"name":"NTwTCPS1sem1"}]},{"@type":"WebSite","@id":"https:\/\/we.pb.edu.pl\/kair\/#website","url":"https:\/\/we.pb.edu.pl\/kair\/","name":"Katedra Automatyki i Robotyki","description":"Katedra Automatyki i Robotyki","potentialAction":[{"@type":"SearchAction","target":{"@type":"EntryPoint","urlTemplate":"https:\/\/we.pb.edu.pl\/kair\/?s={search_term_string}"},"query-input":{"@type":"PropertyValueSpecification","valueRequired":true,"valueName":"search_term_string"}}],"inLanguage":"pl-PL"}]}},"_links":{"self":[{"href":"https:\/\/we.pb.edu.pl\/kair\/wp-json\/wp\/v2\/pages\/3673","targetHints":{"allow":["GET"]}}],"collection":[{"href":"https:\/\/we.pb.edu.pl\/kair\/wp-json\/wp\/v2\/pages"}],"about":[{"href":"https:\/\/we.pb.edu.pl\/kair\/wp-json\/wp\/v2\/types\/page"}],"author":[{"embeddable":true,"href":"https:\/\/we.pb.edu.pl\/kair\/wp-json\/wp\/v2\/users\/12"}],"replies":[{"embeddable":true,"href":"https:\/\/we.pb.edu.pl\/kair\/wp-json\/wp\/v2\/comments?post=3673"}],"version-history":[{"count":1,"href":"https:\/\/we.pb.edu.pl\/kair\/wp-json\/wp\/v2\/pages\/3673\/revisions"}],"predecessor-version":[{"id":3674,"href":"https:\/\/we.pb.edu.pl\/kair\/wp-json\/wp\/v2\/pages\/3673\/revisions\/3674"}],"up":[{"embeddable":true,"href":"https:\/\/we.pb.edu.pl\/kair\/wp-json\/wp\/v2\/pages\/42"}],"wp:attachment":[{"href":"https:\/\/we.pb.edu.pl\/kair\/wp-json\/wp\/v2\/media?parent=3673"}],"curies":[{"name":"wp","href":"https:\/\/api.w.org\/{rel}","templated":true}]}}