{"id":3540,"date":"2024-04-03T13:02:33","date_gmt":"2024-04-03T11:02:33","guid":{"rendered":"https:\/\/we.pb.edu.pl\/kair\/?page_id=3540"},"modified":"2024-09-25T09:21:06","modified_gmt":"2024-09-25T07:21:06","slug":"eiuecps1sem2","status":"publish","type":"page","link":"https:\/\/we.pb.edu.pl\/kair\/materialy-dydaktyczne\/eiuecps1sem2\/","title":{"rendered":"EiUECPS1sem2"},"content":{"rendered":"<p>&nbsp;<\/p>\n<table style=\"width: 98.5088%;\" border=\"0\" cellspacing=\"0\" cellpadding=\"6\" bgcolor=\"#FFFFFF\">\n<tbody>\n<tr>\n<td style=\"width: 100%;\" valign=\"top\" bgcolor=\"#F7F7F7\"><span style=\"color: #000080; font-size: 14pt; font-family: arial, helvetica, sans-serif;\">Materia\u0142y do przedmiotu;<br \/>\n<strong> Elementy i uk\u0142ady elektroniczne CP1S02003<\/strong><br \/>\nCyfryzacja przemys\u0142u sem. II<br \/>\nstudia stacjonarne I stopnia &#8211; przedmiot wsp\u00f3lny<\/span><\/td>\n<\/tr>\n<\/tbody>\n<\/table>\n<table style=\"width: 98.5088%;\" border=\"0\" cellspacing=\"3\" cellpadding=\"3\">\n<tbody>\n<tr>\n<td style=\"width: 23.6934%;\" colspan=\"2\" valign=\"bottom\" bgcolor=\"#D5E6E1\">\n<h5><span style=\"color: #000080; font-family: Verdana, Arial;\"><strong>Informacje og\u00f3lne<\/strong><\/span><\/h5>\n<\/td>\n<\/tr>\n<\/tbody>\n<\/table>\n<p><span style=\"font-family: arial, helvetica, sans-serif; font-size: 12pt;\">Wymiar godzinowy:<\/span><br \/>\n<span style=\"font-family: arial, helvetica, sans-serif; font-size: 12pt;\">wyk\u0142ad &#8211; 15 godzin; <\/span><span style=\"font-family: arial, helvetica, sans-serif; font-size: 12pt;\">laboratorium &#8211; 30 godzin<\/span><\/p>\n<p><span style=\"font-family: arial, helvetica, sans-serif; font-size: 12pt;\">Zaliczenie wyk\u0142adu &#8211; egzamin; laboratorium &#8211; zaliczenie z ocen\u0105.<\/span><\/p>\n<table style=\"width: 98.3333%;\" border=\"0\" cellspacing=\"3\" cellpadding=\"3\">\n<tbody>\n<tr>\n<td style=\"width: 23.5088%;\" colspan=\"2\" valign=\"bottom\" bgcolor=\"#D5E6E1\">\n<h5><span style=\"color: #000080; font-family: Verdana, Arial;\"><strong>Materia\u0142y do wyk\u0142adu &#8211; sem. II<\/strong><\/span><\/h5>\n<\/td>\n<\/tr>\n<\/tbody>\n<\/table>\n<table style=\"width: 98.3333%;\" border=\"0\" cellspacing=\"3\" cellpadding=\"3\">\n<tbody>\n<tr style=\"height: 42px;\">\n<td style=\"height: 42px; width: 100%;\" valign=\"middle\">\n<p align=\"left\"><span style=\"color: #000080; font-family: Verdana, Arial; font-size: medium;\"><a class=\"zip\" style=\"text-decoration: none;\" href=\"https:\/\/we.pb.edu.pl\/kair\/materialy-dydaktyczne\/przepraszamy-informacje-w-przygotowaniu\/\">&nbsp;wyk\u0142ady 1-7<\/a><\/span><\/p>\n<\/td>\n<\/tr>\n<\/tbody>\n<\/table>\n<table class=\" alignleft\" style=\"width: 98.3333%; height: 427px;\" border=\"0\" cellspacing=\"3\" cellpadding=\"3\">\n<tbody>\n<tr style=\"height: 42px;\">\n<td style=\"width: 63.5088%; height: 42px;\" valign=\"bottom\" bgcolor=\"#D5E6E1\">\n<h5><span style=\"color: #000080; font-family: Verdana, Arial;\"><strong>Materia\u0142y do laboratorium &#8211; sem. II<\/strong><\/span><\/h5>\n<\/td>\n<\/tr>\n<tr style=\"height: 42px;\">\n<td style=\"width: 63.5088%; height: 39px;\" valign=\"middle\"><span style=\"color: #000080; font-family: Verdana, Arial; font-size: medium;\"><a class=\"pdf\" style=\"text-decoration: none;\" href=\"https:\/\/box.biaman.pl\/f\/03561208b94d4e4f8264\/\"> Program laboratorium<\/a><\/span><\/td>\n<\/tr>\n<tr style=\"height: 42px;\">\n<td style=\"width: 63.5088%; height: 40px;\" valign=\"middle\">\n<p align=\"left\"><span style=\"color: #000080; font-family: Verdana, Arial; font-size: medium;\"><a class=\"pdf\" style=\"text-decoration: none;\" href=\"https:\/\/box.biaman.pl\/f\/de1957c1f3e04b30b4b7\/\"> Instrukcja nr 1: Diody p\u00f3\u0142przewodnikowe<\/a><\/span><\/p>\n<\/td>\n<\/tr>\n<tr style=\"height: 42px;\">\n<td style=\"width: 63.5088%; height: 41px;\" valign=\"middle\">\n<p align=\"left\"><span style=\"color: #000080; font-family: Verdana, Arial; font-size: medium;\"><a class=\"pdf\" style=\"text-decoration: none;\" href=\"https:\/\/box.biaman.pl\/f\/2d4055448499429caa23\/\"> Instrukcja nr 2: Charakterystyki i parametry tranzystor\u00f3w bipolarnych i unipolarnych<\/a><\/span><\/p>\n<\/td>\n<\/tr>\n<tr style=\"height: 42px;\">\n<td style=\"width: 63.5088%; height: 37px;\" valign=\"middle\">\n<p align=\"left\"><span style=\"color: #000080; font-family: Verdana, Arial; font-size: medium;\"><a class=\"pdf\" style=\"text-decoration: none;\" href=\"https:\/\/box.biaman.pl\/f\/54811c4a3050489ebb1d\/\"> Instrukcja nr 3: Sterowanie ci\u0105g\u0142e i impulsowe tranzystor\u00f3w<\/a><\/span><\/p>\n<\/td>\n<\/tr>\n<tr style=\"height: 42px;\">\n<td style=\"width: 63.5088%; height: 39px;\" valign=\"middle\">\n<p align=\"left\"><span style=\"color: #000080; font-family: Verdana, Arial; font-size: medium;\"><a class=\"pdf\" style=\"text-decoration: none;\" href=\"https:\/\/box.biaman.pl\/f\/bf1327a5e9d1428da297\/\"> Instrukcja nr 4: Wzmacniacze operacyjne w uk\u0142adach liniowych i nieliniowych<\/a><\/span><\/p>\n<\/td>\n<\/tr>\n<tr style=\"height: 42px;\">\n<td style=\"width: 63.5088%; height: 38px;\" valign=\"middle\">\n<p align=\"left\"><span style=\"color: #000080; font-family: Verdana, Arial; font-size: medium;\"><a class=\"pdf\" style=\"text-decoration: none;\" href=\"https:\/\/box.biaman.pl\/f\/dafb6be3cb5f40f3aa36\/\"> Instrukcja nr 5: Komparatory napi\u0119cia<\/a><\/span><\/p>\n<\/td>\n<\/tr>\n<tr style=\"height: 42px;\">\n<td style=\"width: 63.5088%; height: 38px;\" valign=\"middle\">\n<p align=\"left\"><span style=\"color: #000080; font-family: Verdana, Arial; font-size: medium;\"><a class=\"pdf\" style=\"text-decoration: none;\" href=\"https:\/\/box.biaman.pl\/f\/8f24eb8edbce4977b3f4\/\"> Instrukcja nr 6: Liniowe stabilizatory napi\u0119cia<\/a><\/span><\/p>\n<\/td>\n<\/tr>\n<tr style=\"height: 42px;\">\n<td style=\"width: 63.5088%; height: 37px;\" valign=\"middle\">\n<p align=\"left\"><span style=\"color: #000080; font-family: Verdana, Arial; font-size: medium;\"><a class=\"pdf\" style=\"text-decoration: none;\" href=\"https:\/\/box.biaman.pl\/f\/dc36396b3d1b4029a91e\/\"> Instrukcja nr 7: Przekszta\u0142tniki DC\/DC<\/a><\/span><\/p>\n<\/td>\n<\/tr>\n<tr style=\"height: 42px;\">\n<td style=\"width: 63.5088%; height: 37px;\" valign=\"middle\">\n<p align=\"left\"><span style=\"color: #000080; font-family: Verdana, Arial; font-size: medium;\"><a class=\"pdf\" style=\"text-decoration: none;\" href=\"https:\/\/box.biaman.pl\/f\/2d1d518f72b94c95958c\/\"> Instrukcja nr 8: Miniprojekt<\/a><\/span><\/p>\n<\/td>\n<\/tr>\n<tr style=\"height: 42px;\">\n<td style=\"width: 63.5088%; height: 39px;\" valign=\"middle\">\n<p align=\"left\"><span style=\"color: #000080; font-family: Verdana, Arial; font-size: medium;\"><a class=\"pdf\" style=\"text-decoration: none;\" href=\"https:\/\/box.biaman.pl\/f\/b6940d4eb21c4698a4cd\/\"> Instrukcja obs\u0142ugi oscyloskopu<\/a><\/span><\/p>\n<\/td>\n<\/tr>\n<\/tbody>\n<\/table>\n<p style=\"text-align: center;\"><span style=\"font-size: 8pt;\">Opracowanie merytoryczne: <strong>dr in\u017c. Andrzej Karpiuk<\/strong><\/span><\/p>\n<table style=\"width: 98.2456%;\" border=\"0\" cellspacing=\"0\" cellpadding=\"6\" bgcolor=\"#FFFFFF\">\n<tbody>\n<tr>\n<td style=\"width: 23.4164%;\" colspan=\"2\" align=\"center\" bgcolor=\"#F7F7F7\"><span style=\"color: #ff0000; font-size: small;\"><span style=\"font-size: 10pt;\">Prawa autorskie do materia\u0142\u00f3w dydaktycznych osi\u0105galnych z tej strony s\u0105 w\u0142asno\u015bci\u0105 intelektualn\u0105 pracownik\u00f3w<\/span><br \/>\n<span style=\"font-size: 10pt;\">Katedry Automatyki i Robotyki WE PB.<\/span><br \/>\n<span style=\"font-size: 10pt;\">Materia\u0142y te s\u0105 udost\u0119pniane studentom nieodp\u0142atnie i nie mog\u0105 by\u0107 przedmiotem jakiejkolwiek dzia\u0142alno\u015bci komercyjnej.<\/span><br \/>\n<span style=\"color: #000080; font-size: small;\"><span style=\"font-size: 10pt;\">Has\u0142a dost\u0119pu do zawarto\u015bci plik\u00f3w spakowanych mo\u017cna uzyska\u0107 od prowadz\u0105cych zaj\u0119cia.<\/span><br \/>\n<span style=\"color: #000000; font-size: 8pt;\">Opracowanie www: <strong>Lech Grodzki<\/strong> l.grodzki(.)pb.edu.pl<\/span><br \/>\n<span style=\"color: #000000; font-size: 8pt;\">tel. (85) 746-93-84<\/span><\/span><\/span><\/td>\n<\/tr>\n<\/tbody>\n<\/table>\n<p style=\"text-align: center;\"><span style=\"font-size: 10pt;\">Aktualizacja: 2024-04-03<\/span><\/p>\n","protected":false},"excerpt":{"rendered":"<p>&nbsp; Materia\u0142y do przedmiotu; Elementy i uk\u0142ady elektroniczne CP1S02003 Cyfryzacja przemys\u0142u sem. II studia stacjonarne<a class=\"read-more\" href=\"https:\/\/we.pb.edu.pl\/kair\/materialy-dydaktyczne\/eiuecps1sem2\/\" title=\"Poka\u017c artyku\u0142 EiUECPS1sem2\">wi\u0119cej<\/a><\/p>\n","protected":false},"author":12,"featured_media":0,"parent":42,"menu_order":0,"comment_status":"closed","ping_status":"closed","template":"","meta":{"inline_featured_image":false,"ngg_post_thumbnail":0,"footnotes":""},"class_list":["post-3540","page","type-page","status-publish","hentry"],"acf":[],"yoast_head":"<!-- This site is optimized with the Yoast SEO plugin v26.4 - https:\/\/yoast.com\/wordpress\/plugins\/seo\/ -->\n<title>EiUECPS1sem2 - Katedra Automatyki i Robotyki<\/title>\n<meta name=\"robots\" content=\"index, follow, max-snippet:-1, max-image-preview:large, max-video-preview:-1\" \/>\n<link rel=\"canonical\" href=\"https:\/\/we.pb.edu.pl\/kair\/materialy-dydaktyczne\/eiuecps1sem2\/\" \/>\n<meta property=\"og:locale\" content=\"pl_PL\" \/>\n<meta property=\"og:type\" content=\"article\" \/>\n<meta property=\"og:title\" content=\"EiUECPS1sem2 - Katedra Automatyki i Robotyki\" \/>\n<meta property=\"og:description\" content=\"&nbsp; Materia\u0142y do przedmiotu; Elementy i uk\u0142ady elektroniczne CP1S02003 Cyfryzacja przemys\u0142u sem. II studia stacjonarnewi\u0119cej\" \/>\n<meta property=\"og:url\" content=\"https:\/\/we.pb.edu.pl\/kair\/materialy-dydaktyczne\/eiuecps1sem2\/\" \/>\n<meta property=\"og:site_name\" content=\"Katedra Automatyki i Robotyki\" \/>\n<meta property=\"article:modified_time\" content=\"2024-09-25T07:21:06+00:00\" \/>\n<meta name=\"twitter:card\" content=\"summary_large_image\" \/>\n<meta name=\"twitter:label1\" content=\"Szacowany czas czytania\" \/>\n\t<meta name=\"twitter:data1\" content=\"1 minuta\" \/>\n<script type=\"application\/ld+json\" class=\"yoast-schema-graph\">{\"@context\":\"https:\/\/schema.org\",\"@graph\":[{\"@type\":\"WebPage\",\"@id\":\"https:\/\/we.pb.edu.pl\/kair\/materialy-dydaktyczne\/eiuecps1sem2\/\",\"url\":\"https:\/\/we.pb.edu.pl\/kair\/materialy-dydaktyczne\/eiuecps1sem2\/\",\"name\":\"EiUECPS1sem2 - Katedra Automatyki i Robotyki\",\"isPartOf\":{\"@id\":\"https:\/\/we.pb.edu.pl\/kair\/#website\"},\"datePublished\":\"2024-04-03T11:02:33+00:00\",\"dateModified\":\"2024-09-25T07:21:06+00:00\",\"breadcrumb\":{\"@id\":\"https:\/\/we.pb.edu.pl\/kair\/materialy-dydaktyczne\/eiuecps1sem2\/#breadcrumb\"},\"inLanguage\":\"pl-PL\",\"potentialAction\":[{\"@type\":\"ReadAction\",\"target\":[\"https:\/\/we.pb.edu.pl\/kair\/materialy-dydaktyczne\/eiuecps1sem2\/\"]}]},{\"@type\":\"BreadcrumbList\",\"@id\":\"https:\/\/we.pb.edu.pl\/kair\/materialy-dydaktyczne\/eiuecps1sem2\/#breadcrumb\",\"itemListElement\":[{\"@type\":\"ListItem\",\"position\":1,\"name\":\"Strona g\u0142\u00f3wna\",\"item\":\"https:\/\/we.pb.edu.pl\/kair\/\"},{\"@type\":\"ListItem\",\"position\":2,\"name\":\"Materia\u0142y dydaktyczne KAiR\",\"item\":\"https:\/\/we.pb.edu.pl\/kair\/materialy-dydaktyczne\/\"},{\"@type\":\"ListItem\",\"position\":3,\"name\":\"EiUECPS1sem2\"}]},{\"@type\":\"WebSite\",\"@id\":\"https:\/\/we.pb.edu.pl\/kair\/#website\",\"url\":\"https:\/\/we.pb.edu.pl\/kair\/\",\"name\":\"Katedra Automatyki i Robotyki\",\"description\":\"Katedra Automatyki i Robotyki\",\"potentialAction\":[{\"@type\":\"SearchAction\",\"target\":{\"@type\":\"EntryPoint\",\"urlTemplate\":\"https:\/\/we.pb.edu.pl\/kair\/?s={search_term_string}\"},\"query-input\":{\"@type\":\"PropertyValueSpecification\",\"valueRequired\":true,\"valueName\":\"search_term_string\"}}],\"inLanguage\":\"pl-PL\"}]}<\/script>\n<!-- \/ Yoast SEO plugin. -->","yoast_head_json":{"title":"EiUECPS1sem2 - Katedra Automatyki i Robotyki","robots":{"index":"index","follow":"follow","max-snippet":"max-snippet:-1","max-image-preview":"max-image-preview:large","max-video-preview":"max-video-preview:-1"},"canonical":"https:\/\/we.pb.edu.pl\/kair\/materialy-dydaktyczne\/eiuecps1sem2\/","og_locale":"pl_PL","og_type":"article","og_title":"EiUECPS1sem2 - Katedra Automatyki i Robotyki","og_description":"&nbsp; Materia\u0142y do przedmiotu; Elementy i uk\u0142ady elektroniczne CP1S02003 Cyfryzacja przemys\u0142u sem. II studia stacjonarnewi\u0119cej","og_url":"https:\/\/we.pb.edu.pl\/kair\/materialy-dydaktyczne\/eiuecps1sem2\/","og_site_name":"Katedra Automatyki i Robotyki","article_modified_time":"2024-09-25T07:21:06+00:00","twitter_card":"summary_large_image","twitter_misc":{"Szacowany czas czytania":"1 minuta"},"schema":{"@context":"https:\/\/schema.org","@graph":[{"@type":"WebPage","@id":"https:\/\/we.pb.edu.pl\/kair\/materialy-dydaktyczne\/eiuecps1sem2\/","url":"https:\/\/we.pb.edu.pl\/kair\/materialy-dydaktyczne\/eiuecps1sem2\/","name":"EiUECPS1sem2 - Katedra Automatyki i Robotyki","isPartOf":{"@id":"https:\/\/we.pb.edu.pl\/kair\/#website"},"datePublished":"2024-04-03T11:02:33+00:00","dateModified":"2024-09-25T07:21:06+00:00","breadcrumb":{"@id":"https:\/\/we.pb.edu.pl\/kair\/materialy-dydaktyczne\/eiuecps1sem2\/#breadcrumb"},"inLanguage":"pl-PL","potentialAction":[{"@type":"ReadAction","target":["https:\/\/we.pb.edu.pl\/kair\/materialy-dydaktyczne\/eiuecps1sem2\/"]}]},{"@type":"BreadcrumbList","@id":"https:\/\/we.pb.edu.pl\/kair\/materialy-dydaktyczne\/eiuecps1sem2\/#breadcrumb","itemListElement":[{"@type":"ListItem","position":1,"name":"Strona g\u0142\u00f3wna","item":"https:\/\/we.pb.edu.pl\/kair\/"},{"@type":"ListItem","position":2,"name":"Materia\u0142y dydaktyczne KAiR","item":"https:\/\/we.pb.edu.pl\/kair\/materialy-dydaktyczne\/"},{"@type":"ListItem","position":3,"name":"EiUECPS1sem2"}]},{"@type":"WebSite","@id":"https:\/\/we.pb.edu.pl\/kair\/#website","url":"https:\/\/we.pb.edu.pl\/kair\/","name":"Katedra Automatyki i Robotyki","description":"Katedra Automatyki i Robotyki","potentialAction":[{"@type":"SearchAction","target":{"@type":"EntryPoint","urlTemplate":"https:\/\/we.pb.edu.pl\/kair\/?s={search_term_string}"},"query-input":{"@type":"PropertyValueSpecification","valueRequired":true,"valueName":"search_term_string"}}],"inLanguage":"pl-PL"}]}},"_links":{"self":[{"href":"https:\/\/we.pb.edu.pl\/kair\/wp-json\/wp\/v2\/pages\/3540","targetHints":{"allow":["GET"]}}],"collection":[{"href":"https:\/\/we.pb.edu.pl\/kair\/wp-json\/wp\/v2\/pages"}],"about":[{"href":"https:\/\/we.pb.edu.pl\/kair\/wp-json\/wp\/v2\/types\/page"}],"author":[{"embeddable":true,"href":"https:\/\/we.pb.edu.pl\/kair\/wp-json\/wp\/v2\/users\/12"}],"replies":[{"embeddable":true,"href":"https:\/\/we.pb.edu.pl\/kair\/wp-json\/wp\/v2\/comments?post=3540"}],"version-history":[{"count":5,"href":"https:\/\/we.pb.edu.pl\/kair\/wp-json\/wp\/v2\/pages\/3540\/revisions"}],"predecessor-version":[{"id":3648,"href":"https:\/\/we.pb.edu.pl\/kair\/wp-json\/wp\/v2\/pages\/3540\/revisions\/3648"}],"up":[{"embeddable":true,"href":"https:\/\/we.pb.edu.pl\/kair\/wp-json\/wp\/v2\/pages\/42"}],"wp:attachment":[{"href":"https:\/\/we.pb.edu.pl\/kair\/wp-json\/wp\/v2\/media?parent=3540"}],"curies":[{"name":"wp","href":"https:\/\/api.w.org\/{rel}","templated":true}]}}