{"id":3448,"date":"2023-11-18T10:16:11","date_gmt":"2023-11-18T09:16:11","guid":{"rendered":"https:\/\/we.pb.edu.pl\/kair\/?page_id=3448"},"modified":"2025-07-09T12:35:03","modified_gmt":"2025-07-09T10:35:03","slug":"e12es1sem34","status":"publish","type":"page","link":"https:\/\/we.pb.edu.pl\/kair\/materialy-dydaktyczne\/e12es1sem34\/","title":{"rendered":"E12ES1sem34"},"content":{"rendered":"<p>&nbsp;<\/p>\n<table style=\"width: 98.5088%;\" border=\"0\" cellspacing=\"0\" cellpadding=\"6\" bgcolor=\"#ffffff\">\n<tbody>\n<tr>\n<td style=\"width: 100%;\" valign=\"top\" bgcolor=\"#f7f7f7\"><span style=\"color: #000080; font-size: 14pt; font-family: arial, helvetica, sans-serif;\">Materia\u0142y do przedmiotu&nbsp;<br \/>\n<strong> Elektronika 1 ES1F3019<\/strong><br \/>\n<strong> Elektronika 2 ES1F4028<\/strong><br \/>\nElektrotechnika sem. III i IV<br \/>\nstudia stacjonarne I stopnia &#8211; przedmiot wsp\u00f3lny<\/span><\/td>\n<\/tr>\n<\/tbody>\n<\/table>\n<p>&nbsp;<\/p>\n<table style=\"width: 98.5088%;\" border=\"0\" cellspacing=\"3\" cellpadding=\"3\">\n<tbody>\n<tr>\n<td style=\"width: 23.6934%;\" colspan=\"2\" valign=\"bottom\" bgcolor=\"#d5e6e1\">\n<h5><span style=\"color: #000080; font-family: Verdana, Arial;\"><strong>Informacje og\u00f3lne<\/strong><\/span><\/h5>\n<\/td>\n<\/tr>\n<\/tbody>\n<\/table>\n<p><span style=\"font-family: arial, helvetica, sans-serif; font-size: 12pt;\">Wymiar godzinowy:&nbsp;<\/span><br \/>\n<span style=\"font-family: arial, helvetica, sans-serif; font-size: 12pt;\"> III semestr: wyk\u0142ad &#8211; 15 godzin, projekt &#8211; 30 godzin;<\/span><br \/>\n<span style=\"font-family: arial, helvetica, sans-serif; font-size: 12pt;\"> IV semestr: laboratorium &#8211; 30 godzin<\/span><br \/>\n<span style=\"font-family: arial, helvetica, sans-serif; font-size: 12pt;\"> Zaliczenie projektu &#8211; zaliczenie z ocen\u0105. Zaliczenie laboratorium &#8211; zaliczenie z ocen\u0105.<\/span><\/p>\n<table style=\"width: 98.4211%; height: 116px;\" border=\"0\" cellspacing=\"3\" cellpadding=\"3\">\n<tbody>\n<tr style=\"height: 42px;\">\n<td style=\"width: 100%; height: 32px;\" valign=\"middle\">\n<p align=\"left\"><span style=\"color: #000080; font-family: Verdana, Arial; font-size: medium;\"><a class=\"pdf\" style=\"text-decoration: none;\" href=\"https:\/\/box.biaman.pl\/f\/b96dded534ae4dc69391\/\">&nbsp;zasady zaliczania przedmiotu w sem. III<\/a><\/span><\/p>\n<\/td>\n<\/tr>\n<tr style=\"height: 42px;\">\n<td style=\"width: 100%; height: 42px;\" valign=\"middle\">\n<p align=\"left\"><span style=\"color: #000080; font-family: Verdana, Arial; font-size: medium;\"><a class=\"pdf\" style=\"text-decoration: none;\" href=\"https:\/\/we.pb.edu.pl\/kair\/materialy-dydaktyczne\/przepraszamy-informacje-w-przygotowaniu\/\">&nbsp;Program laboratorium w sem. IV<\/a><\/span><\/p>\n<\/td>\n<\/tr>\n<tr style=\"height: 42px;\">\n<td style=\"width: 100%; height: 42px;\" valign=\"middle\">\n<p align=\"left\"><span style=\"color: #000080; font-family: Verdana, Arial; font-size: medium;\"><a class=\"pdf\" style=\"text-decoration: none;\" href=\"https:\/\/we.pb.edu.pl\/kair\/materialy-dydaktyczne\/przepraszamy-informacje-w-przygotowaniu\/\">&nbsp;zasady zaliczania przedmiotu w sem. IV<\/a><\/span><\/p>\n<\/td>\n<\/tr>\n<\/tbody>\n<\/table>\n<table style=\"width: 98.3333%;\" border=\"0\" cellspacing=\"3\" cellpadding=\"3\">\n<tbody>\n<tr>\n<td style=\"width: 23.5088%;\" colspan=\"2\" valign=\"bottom\" bgcolor=\"#d5e6e1\">\n<h5><span style=\"color: #000080; font-family: Verdana, Arial;\"><strong>Materia\u0142y pomocnicze do projektu sem. III<\/strong><\/span><\/h5>\n<\/td>\n<\/tr>\n<\/tbody>\n<\/table>\n<table style=\"width: 98.3333%;\" border=\"0\" cellspacing=\"3\" cellpadding=\"3\">\n<tbody>\n<tr style=\"height: 42px;\">\n<td style=\"height: 42px; width: 100%;\" valign=\"middle\">\n<p align=\"left\"><span style=\"color: #000080; font-family: Verdana, Arial; font-size: medium;\"><a class=\"pdf\" style=\"text-decoration: none;\" href=\"https:\/\/box.biaman.pl\/f\/6979e9bda34049569df6\/\">&nbsp;Pe\u0142ny wykaz literatury<\/a><\/span><\/p>\n<\/td>\n<\/tr>\n<p><!--\n\n\n<tr style=\"height: 42px;\">\n\n\n<td style=\"height: 42px; width: 100%;\" valign=\"middle\">\n\n\n<p align=\"left\"><span style=\"color: #000080; font-family: Verdana, Arial; font-size: medium;\"><a class=\"pdf\" style=\"text-decoration: none;\" href=\"https:\/\/box.biaman.pl\/f\/464541b414c44ea592c4\/\">&nbsp;Wiadomo\u015bci podstawowe<\/a><\/span><\/p>\n\n\n<\/td>\n\n\n<\/tr>\n\n\n\n\n<tr style=\"height: 42px;\">\n\n\n<td style=\"height: 42px; width: 100%;\" valign=\"middle\">\n\n\n<p align=\"left\"><span style=\"color: #000080; font-family: Verdana, Arial; font-size: medium;\"><a class=\"pdf\" style=\"text-decoration: none;\" href=\"https:\/\/box.biaman.pl\/f\/a1483635bc2b4760954b\/\">&nbsp;wyk\u0142ad nr 1 - z\u0142\u0105cze PN i diody<\/a> oraz&nbsp;<a class=\"zip\" style=\"text-decoration: none;\" href=\"https:\/\/box.biaman.pl\/f\/3a70dc6e83ef490e8598\/\">&nbsp;materia\u0142y pomocnicze - z\u0142\u0105cze PN, diody<\/a><\/span><\/p>\n\n\n<\/td>\n\n\n<\/tr>\n\n\n\n\n<tr style=\"height: 42px;\">\n\n\n<td style=\"height: 42px; width: 100%;\" valign=\"middle\">\n\n\n<p align=\"left\"><span style=\"color: #000080; font-family: Verdana, Arial; font-size: medium;\"><a class=\"pdf\" style=\"text-decoration: none;\" href=\"https:\/\/box.biaman.pl\/f\/4ddb6e07496546a9af37\/\">&nbsp;wyk\u0142ad nr 2 - prostowniki i stabilizatory<\/a> oraz&nbsp;<a class=\"zip\" style=\"text-decoration: none;\" href=\"https:\/\/box.biaman.pl\/f\/accb92481dc643f29f3d\/\">&nbsp;materia\u0142y pomocnicze - prostowniki<\/a><\/span><\/p>\n\n\n<\/td>\n\n\n<\/tr>\n\n\n\n\n<tr style=\"height: 42px;\">\n\n\n<td style=\"height: 42px; width: 100%;\" valign=\"middle\">\n\n\n<p align=\"left\"><span style=\"color: #000080; font-family: Verdana, Arial; font-size: medium;\"><a class=\"pdf\" style=\"text-decoration: none;\" href=\"https:\/\/box.biaman.pl\/f\/ad8b14dd7f654b31abfb\/\">&nbsp;wyk\u0142ad nr 3 - tranzystor BJT &nbsp;<\/a>oraz <a class=\"zip\" style=\"text-decoration: none;\" href=\"https:\/\/box.biaman.pl\/f\/996c66e26a6340deab70\/\">&nbsp;materia\u0142y pomocnicze - tranzystory bipolarne<\/a><\/span><\/p>\n\n\n<\/td>\n\n\n<\/tr>\n\n\n\n\n<tr style=\"height: 42px;\">\n\n\n<td style=\"height: 42px; width: 100%;\" valign=\"middle\">\n\n\n<p align=\"left\"><span style=\"color: #000080; font-family: Verdana, Arial; font-size: medium;\"><a class=\"pdf\" style=\"text-decoration: none;\" href=\"https:\/\/box.biaman.pl\/f\/57d9cd045b594e8188e4\/\">&nbsp;wyk\u0142ad nr 4 - tranzystory MOSFET i FET<\/a>&nbsp;oraz&nbsp;<a class=\"zip\" style=\"text-decoration: none;\" href=\"https:\/\/box.biaman.pl\/f\/3c480e9ae7594962a606\/\">&nbsp;materia\u0142y pomocnicze - tranzystory unipolarne<\/a><\/span><\/p>\n\n\n<\/td>\n\n\n<\/tr>\n\n\n\n\n<tr style=\"height: 42px;\">\n\n\n<td style=\"height: 42px; width: 100%;\" valign=\"middle\">\n\n\n<p align=\"left\"><span style=\"color: #000080; font-family: Verdana, Arial; font-size: medium;\"><a class=\"pdf\" style=\"text-decoration: none;\" href=\"https:\/\/box.biaman.pl\/f\/5540033ec29443299c61\/\"> wyk\u0142ad nr 5 - wzmacniacze operacyjne i komparatory<\/a>&nbsp;\n<a class=\"zip\" style=\"text-decoration: none;\" href=\"https:\/\/box.biaman.pl\/f\/72e4c465acec4f2f822d\/\"> &nbsp;materia\u0142y pomocnicze - wzmacniacze operacyjne<\/a>,&nbsp;<a class=\"zip\" style=\"text-decoration: none;\" href=\"https:\/\/box.biaman.pl\/f\/1be96be67a99400fa91f\/\"> &nbsp;materia\u0142y pomocnicze - komparatory<\/a><\/span><\/td>\n\n\n<\/tr>\n\n\n\n\n<tr style=\"height: 42px;\">\n\n\n<td style=\"height: 42px; width: 100%;\" valign=\"middle\">\n\n\n<p align=\"left\"><span style=\"color: #000080; font-family: Verdana, Arial; font-size: medium;\"><a class=\"pdf\" style=\"text-decoration: none;\" href=\"https:\/\/box.biaman.pl\/f\/6a6e9c533ddd409d8d9a\/\">&nbsp;wyk\u0142ad nr 6 - elementy optoelektroniczne<\/a>&nbsp;oraz&nbsp;<a class=\"zip\" style=\"text-decoration: none;\" href=\"https:\/\/box.biaman.pl\/f\/1774ad7d55bb4bef845c\/\">&nbsp;materia\u0142y pomocnicze - optoelektronika<\/a><\/span><\/p>\n\n\n<\/td>\n\n\n<\/tr>\n\n\n\n\n<tr style=\"height: 42px;\">\n\n\n<td style=\"height: 42px; width: 100%;\" valign=\"middle\">\n\n\n<p align=\"left\"><span style=\"color: #000080; font-family: Verdana, Arial; font-size: medium;\"><a class=\"pdf\" style=\"text-decoration: none;\" href=\"https:\/\/box.biaman.pl\/f\/29618642c1b14cd69f01\/\">&nbsp;wyk\u0142ad nr 7 - bramki logiczne<\/a><\/span><\/p>\n\n\n<\/td>\n\n\n<\/tr>\n\n\n\n\n<tr style=\"height: 42px;\">\n\n\n<td style=\"height: 42px; width: 100%;\" valign=\"middle\">\n\n\n<p align=\"left\"><span style=\"color: #000080; font-family: Verdana, Arial; font-size: medium;\"><a class=\"zip\" style=\"text-decoration: none;\" href=\"https:\/\/box.biaman.pl\/f\/9c81f0d55682484fbba8\/\">&nbsp;dodatkowe materia\u0142y pomocnicze<\/a><\/span><\/p>\n\n\n<\/td>\n\n\n<\/tr>\n\n\n\n\n<tr style=\"height: 42px;\">\n\n\n<td style=\"height: 42px; width: 100%;\" valign=\"middle\">\n\n\n<p align=\"left\"><span style=\"color: #000080; font-family: Verdana, Arial; font-size: medium;\"><a class=\"pdf\" style=\"text-decoration: none;\" href=\"https:\/\/box.biaman.pl\/f\/58a4c2a370894e9db043\/\">&nbsp;zasilacz stabilizowany - budowa i projektowanie<\/a><\/span><\/p>\n\n\n<\/td>\n\n\n<\/tr>\n\n\n--><\/tbody>\n<\/table>\n<p>&nbsp;<\/p>\n<table style=\"width: 98.3333%; height: 518px;\" border=\"0\" cellspacing=\"3\" cellpadding=\"3\">\n<tbody>\n<tr style=\"height: 42px;\">\n<td style=\"width: 63.5088%; height: 14px;\" valign=\"bottom\" bgcolor=\"#d5e6e1\">\n<h5><span style=\"color: #000080; font-family: Verdana, Arial;\"><strong>Materia\u0142y do projektu sem. III<\/strong><\/span><\/h5>\n<\/td>\n<\/tr>\n<p><!--\n\n\n<tr style=\"height: 42px;\">\n\n\n<td style=\"width: 63.5088%; height: 42px;\" valign=\"middle\"><span style=\"color: #000080; font-family: Verdana, Arial; font-size: medium;\"><a class=\"pdf\" style=\"text-decoration: none;\" href=\"https:\/\/box.biaman.pl\/f\/01d62191e1324fba9c4e\/\">&nbsp;Wytyczne do projektowania <\/a><\/span><\/td>\n\n\n<\/tr>\n\n\n\n\n<tr style=\"height: 42px;\">\n\n\n<td style=\"width: 63.5088%; height: 42px;\" valign=\"middle\"><span style=\"color: #000080; font-family: Verdana, Arial; font-size: medium;\"><a class=\"pdf\" style=\"text-decoration: none;\" href=\"https:\/\/box.biaman.pl\/f\/cc34763f059b480786a4\/\">&nbsp;Wykaz zada\u0144 projektowych<\/a><\/span><\/td>\n\n\n<\/tr>\n\n\n\n\n<tr style=\"height: 42px;\">\n\n\n<td style=\"width: 63.5088%; height: 42px;\" valign=\"middle\">\n\n\n<p align=\"left\"><span style=\"color: #000080; font-family: Verdana, Arial; font-size: medium;\"><a class=\"pdf\" style=\"text-decoration: none;\" href=\"https:\/\/box.biaman.pl\/f\/ac1dbffffea44137adc4\/\">&nbsp;Zasady przygotowania projektu i raportu<\/a><\/span><\/p>\n\n\n<\/td>\n\n\n<\/tr>\n\n\n\n\n<tr style=\"height: 42px;\">\n\n\n<td style=\"width: 63.5088%; height: 42px;\" valign=\"middle\">\n\n\n<p align=\"left\"><span style=\"color: #000080; font-family: Verdana, Arial; font-size: medium;\"><a class=\"pdf\" style=\"text-decoration: none;\" href=\"https:\/\/box.biaman.pl\/f\/a4a49168e5eb429e8a7a\/\">&nbsp;Podstawowe zasady projektowania p\u0142ytek drukowanych<\/a>&nbsp;<\/span><\/p>\n\n\n<\/td>\n\n\n<\/tr>\n\n\n--><\/p>\n<tr style=\"height: 42px;\">\n<td style=\"width: 63.5088%; height: 42px;\" valign=\"bottom\" bgcolor=\"#d5e6e1\">\n<h5><span style=\"color: #000080; font-family: Verdana, Arial;\"><strong>Materia\u0142y do laboratorium sem. IV<\/strong><\/span><\/h5>\n<\/td>\n<\/tr>\n<tr style=\"height: 42px;\">\n<td style=\"width: 63.5088%; height: 42px;\" valign=\"middle\">\n<p align=\"left\"><span style=\"color: #000080; font-family: Verdana, Arial; font-size: medium;\"><a class=\"pdf\" style=\"text-decoration: none;\" href=\"https:\/\/box.biaman.pl\/f\/81baa42918fc4e6f979a\/\">&nbsp;Instrukcja nr 1: badanie diod i tranzystor\u00f3w<\/a><\/span><\/p>\n<\/td>\n<\/tr>\n<tr style=\"height: 42px;\">\n<td style=\"width: 63.5088%; height: 42px;\" valign=\"middle\">\n<p align=\"left\"><span style=\"color: #000080; font-family: Verdana, Arial; font-size: medium;\"><a class=\"pdf\" style=\"text-decoration: none;\" href=\"https:\/\/box.biaman.pl\/f\/afeea906cab74d998cad\/\">&nbsp;Instrukcja nr 2: sterowanie ci\u0105g\u0142e i impulsowe tranzystor\u00f3w<\/a><\/span><\/p>\n<\/td>\n<\/tr>\n<tr style=\"height: 42px;\">\n<td style=\"width: 63.5088%; height: 42px;\" valign=\"middle\">\n<p align=\"left\"><span style=\"color: #000080; font-family: Verdana, Arial; font-size: medium;\"><a class=\"pdf\" style=\"text-decoration: none;\" href=\"https:\/\/box.biaman.pl\/f\/05add8fc85f545b3b2e6\/\">&nbsp;Instrukcja nr 3: zastosowania wzmacniaczy operacyjnych w uk\u0142adach liniowych<\/a><\/span><\/p>\n<\/td>\n<\/tr>\n<tr style=\"height: 42px;\">\n<td style=\"width: 63.5088%; height: 42px;\" valign=\"middle\">\n<p align=\"left\"><span style=\"color: #000080; font-family: Verdana, Arial; font-size: medium;\"><a class=\"pdf\" style=\"text-decoration: none;\" href=\"https:\/\/box.biaman.pl\/f\/6e58536dcac443708a1b\/\">&nbsp;Instrukcja nr 4: komparatory i wzmacniacze operacyjne w uk\u0142adach nieliniowych<\/a><\/span><\/p>\n<\/td>\n<\/tr>\n<tr style=\"height: 42px;\">\n<td style=\"width: 63.5088%; height: 42px;\" valign=\"middle\">\n<p align=\"left\"><span style=\"color: #000080; font-family: Verdana, Arial; font-size: medium;\"><a class=\"pdf\" style=\"text-decoration: none;\" href=\"https:\/\/box.biaman.pl\/f\/a0969ffbf24149d4b18f\/\">&nbsp;Instrukcja nr 5: tr\u00f3jko\u0144c\u00f3wkowe stabilizatory napi\u0119cia<\/a><\/span><\/p>\n<\/td>\n<\/tr>\n<tr style=\"height: 42px;\">\n<td style=\"width: 63.5088%; height: 42px;\" valign=\"middle\">\n<p align=\"left\"><span style=\"color: #000080; font-family: Verdana, Arial; font-size: medium;\"><a class=\"pdf\" style=\"text-decoration: none;\" href=\"https:\/\/box.biaman.pl\/f\/e855e01f5ee5408d8dc0\/\">&nbsp;Instrukcja nr 6: przekszta\u0142tnik podwy\u017cszaj\u0105cy i obni\u017caj\u0105cy napi\u0119cie sta\u0142e<\/a><\/span><\/p>\n<\/td>\n<\/tr>\n<tr style=\"height: 42px;\">\n<td style=\"width: 63.5088%; height: 42px;\" valign=\"middle\">\n<p align=\"left\"><span style=\"color: #000080; font-family: Verdana, Arial; font-size: medium;\"><a class=\"pdf\" style=\"text-decoration: none;\" href=\"https:\/\/box.biaman.pl\/f\/05c3ffdb23c047ce8b5f\/\">&nbsp;Instrukcja nr 7: uk\u0142ady formowania impuls\u00f3w i sterowania fazowego<\/a><\/span><\/p>\n<\/td>\n<\/tr>\n<tr style=\"height: 42px;\">\n<td style=\"width: 63.5088%; height: 42px;\" valign=\"middle\">\n<p align=\"left\"><span style=\"color: #000080; font-family: Verdana, Arial; font-size: medium;\"><a class=\"pdf\" style=\"text-decoration: none;\" href=\"https:\/\/box.biaman.pl\/f\/4d0982208bf34ab8b394\/\">&nbsp;Instrukcja nr 8: uk\u0142ad czasowy 555 i optoizolacja cyfrowa<\/a><\/span><\/p>\n<\/td>\n<\/tr>\n<tr style=\"height: 42px;\">\n<td style=\"width: 63.5088%; height: 42px;\" valign=\"middle\">\n<p align=\"left\"><span style=\"color: #000080; font-family: Verdana, Arial; font-size: medium;\"><a class=\"pdf\" style=\"text-decoration: none;\" href=\"https:\/\/box.biaman.pl\/f\/1c0ec0bdb80b46eeb227\/\">&nbsp;uzupe\u0142niaj\u0105ce dane katalogowe wybranych element\u00f3w<\/a><\/span><\/p>\n<\/td>\n<\/tr>\n<tr style=\"height: 42px;\">\n<td style=\"width: 63.5088%; height: 42px;\" valign=\"middle\">\n<p align=\"left\"><span style=\"color: #000080; font-family: Verdana, Arial; font-size: medium;\"><a class=\"pdf\" style=\"text-decoration: none;\" href=\"https:\/\/box.biaman.pl\/f\/89250f7ab4054fcaa9b0\/\">&nbsp;Podstawy pomiar\u00f3w w elektronice, stosowana aparatura<\/a><\/span><\/p>\n<\/td>\n<\/tr>\n<tr style=\"height: 42px;\">\n<td style=\"width: 63.5088%; height: 42px;\" valign=\"middle\">\n<p align=\"left\"><span style=\"color: #000080; font-family: Verdana, Arial; font-size: medium;\"><a class=\"pdf\" style=\"text-decoration: none;\" href=\"https:\/\/box.biaman.pl\/f\/ffbeba6aa28b43fc8a33\/\">&nbsp;Instrukcja obs\u0142ugi oscyloskopu<\/a><\/span><\/p>\n<\/td>\n<\/tr>\n<\/tbody>\n<\/table>\n<p>&nbsp;<\/p>\n<p style=\"text-align: center;\"><span style=\"color: #000000; font-size: xx-small;\"><span style=\"font-size: 8pt;\">Opracowanie merytoryczne wyk\u0142adu: &#8230;..&nbsp;<\/span><br \/>\n<\/span><\/p>\n<table style=\"width: 98.2456%;\" border=\"0\" cellspacing=\"0\" cellpadding=\"6\" bgcolor=\"#ffffff\">\n<tbody>\n<tr>\n<td style=\"width: 23.4164%;\" colspan=\"2\" align=\"center\" bgcolor=\"#f7f7f7\"><span style=\"color: #ff0000; font-size: small;\"><span style=\"font-size: 10pt;\">Prawa autorskie do materia\u0142\u00f3w dydaktycznych osi\u0105galnych z tej strony s\u0105 w\u0142asno\u015bci\u0105 intelektualn\u0105 pracownik\u00f3w&nbsp;<\/span><br \/>\n<span style=\"font-size: 10pt;\">Katedry Automatyki i Robotyki WE PB.<\/span><br \/>\n<span style=\"font-size: 10pt;\">Materia\u0142y te s\u0105 udost\u0119pniane studentom nieodp\u0142atnie i nie mog\u0105 by\u0107 przedmiotem jakiejkolwiek dzia\u0142alno\u015bci komercyjnej.<\/span><br \/>\n<span style=\"color: #000080; font-size: small;\"><span style=\"font-size: 10pt;\">Wymagane has\u0142a dost\u0119pu do plik\u00f3w mo\u017cna uzyska\u0107 od prowadz\u0105cych zaj\u0119cia.<\/span><br \/>\n<span style=\"color: #000000; font-size: 8pt;\">Opracowanie www:&nbsp;<strong>Lech Grodzki<\/strong>&nbsp;l.grodzki(.)pb.edu.pl<\/span><br \/>\n<span style=\"color: #000000; font-size: 8pt;\">tel. (85) 746-93-84<\/span><\/span><\/span><\/td>\n<\/tr>\n<\/tbody>\n<\/table>\n<p style=\"text-align: center;\"><span style=\"font-size: 10pt;\">Aktualizacja: 2025-07-09<br \/>\n<\/span><\/p>\n<p>&nbsp;<\/p>\n","protected":false},"excerpt":{"rendered":"<p>&nbsp; Materia\u0142y do przedmiotu&nbsp; Elektronika 1 ES1F3019 Elektronika 2 ES1F4028 Elektrotechnika sem. III i IV<a class=\"read-more\" href=\"https:\/\/we.pb.edu.pl\/kair\/materialy-dydaktyczne\/e12es1sem34\/\" title=\"Poka\u017c artyku\u0142 E12ES1sem34\">wi\u0119cej<\/a><\/p>\n","protected":false},"author":12,"featured_media":0,"parent":42,"menu_order":0,"comment_status":"closed","ping_status":"closed","template":"","meta":{"inline_featured_image":false,"ngg_post_thumbnail":0,"footnotes":""},"class_list":["post-3448","page","type-page","status-publish","hentry"],"acf":[],"yoast_head":"<!-- This site is optimized with the Yoast SEO plugin v26.4 - https:\/\/yoast.com\/wordpress\/plugins\/seo\/ -->\n<title>E12ES1sem34 - Katedra Automatyki i Robotyki<\/title>\n<meta name=\"robots\" content=\"index, follow, max-snippet:-1, max-image-preview:large, max-video-preview:-1\" \/>\n<link rel=\"canonical\" href=\"https:\/\/we.pb.edu.pl\/kair\/materialy-dydaktyczne\/e12es1sem34\/\" \/>\n<meta property=\"og:locale\" content=\"pl_PL\" \/>\n<meta property=\"og:type\" content=\"article\" \/>\n<meta property=\"og:title\" content=\"E12ES1sem34 - Katedra Automatyki i Robotyki\" \/>\n<meta property=\"og:description\" content=\"&nbsp; Materia\u0142y do przedmiotu&nbsp; Elektronika 1 ES1F3019 Elektronika 2 ES1F4028 Elektrotechnika sem. III i IVwi\u0119cej\" \/>\n<meta property=\"og:url\" content=\"https:\/\/we.pb.edu.pl\/kair\/materialy-dydaktyczne\/e12es1sem34\/\" \/>\n<meta property=\"og:site_name\" content=\"Katedra Automatyki i Robotyki\" \/>\n<meta property=\"article:modified_time\" content=\"2025-07-09T10:35:03+00:00\" \/>\n<meta name=\"twitter:card\" content=\"summary_large_image\" \/>\n<meta name=\"twitter:label1\" content=\"Szacowany czas czytania\" \/>\n\t<meta name=\"twitter:data1\" content=\"2 minuty\" \/>\n<script type=\"application\/ld+json\" class=\"yoast-schema-graph\">{\"@context\":\"https:\/\/schema.org\",\"@graph\":[{\"@type\":\"WebPage\",\"@id\":\"https:\/\/we.pb.edu.pl\/kair\/materialy-dydaktyczne\/e12es1sem34\/\",\"url\":\"https:\/\/we.pb.edu.pl\/kair\/materialy-dydaktyczne\/e12es1sem34\/\",\"name\":\"E12ES1sem34 - Katedra Automatyki i Robotyki\",\"isPartOf\":{\"@id\":\"https:\/\/we.pb.edu.pl\/kair\/#website\"},\"datePublished\":\"2023-11-18T09:16:11+00:00\",\"dateModified\":\"2025-07-09T10:35:03+00:00\",\"breadcrumb\":{\"@id\":\"https:\/\/we.pb.edu.pl\/kair\/materialy-dydaktyczne\/e12es1sem34\/#breadcrumb\"},\"inLanguage\":\"pl-PL\",\"potentialAction\":[{\"@type\":\"ReadAction\",\"target\":[\"https:\/\/we.pb.edu.pl\/kair\/materialy-dydaktyczne\/e12es1sem34\/\"]}]},{\"@type\":\"BreadcrumbList\",\"@id\":\"https:\/\/we.pb.edu.pl\/kair\/materialy-dydaktyczne\/e12es1sem34\/#breadcrumb\",\"itemListElement\":[{\"@type\":\"ListItem\",\"position\":1,\"name\":\"Strona g\u0142\u00f3wna\",\"item\":\"https:\/\/we.pb.edu.pl\/kair\/\"},{\"@type\":\"ListItem\",\"position\":2,\"name\":\"Materia\u0142y dydaktyczne KAiR\",\"item\":\"https:\/\/we.pb.edu.pl\/kair\/materialy-dydaktyczne\/\"},{\"@type\":\"ListItem\",\"position\":3,\"name\":\"E12ES1sem34\"}]},{\"@type\":\"WebSite\",\"@id\":\"https:\/\/we.pb.edu.pl\/kair\/#website\",\"url\":\"https:\/\/we.pb.edu.pl\/kair\/\",\"name\":\"Katedra Automatyki i Robotyki\",\"description\":\"Katedra Automatyki i Robotyki\",\"potentialAction\":[{\"@type\":\"SearchAction\",\"target\":{\"@type\":\"EntryPoint\",\"urlTemplate\":\"https:\/\/we.pb.edu.pl\/kair\/?s={search_term_string}\"},\"query-input\":{\"@type\":\"PropertyValueSpecification\",\"valueRequired\":true,\"valueName\":\"search_term_string\"}}],\"inLanguage\":\"pl-PL\"}]}<\/script>\n<!-- \/ Yoast SEO plugin. -->","yoast_head_json":{"title":"E12ES1sem34 - Katedra Automatyki i Robotyki","robots":{"index":"index","follow":"follow","max-snippet":"max-snippet:-1","max-image-preview":"max-image-preview:large","max-video-preview":"max-video-preview:-1"},"canonical":"https:\/\/we.pb.edu.pl\/kair\/materialy-dydaktyczne\/e12es1sem34\/","og_locale":"pl_PL","og_type":"article","og_title":"E12ES1sem34 - Katedra Automatyki i Robotyki","og_description":"&nbsp; Materia\u0142y do przedmiotu&nbsp; Elektronika 1 ES1F3019 Elektronika 2 ES1F4028 Elektrotechnika sem. III i IVwi\u0119cej","og_url":"https:\/\/we.pb.edu.pl\/kair\/materialy-dydaktyczne\/e12es1sem34\/","og_site_name":"Katedra Automatyki i Robotyki","article_modified_time":"2025-07-09T10:35:03+00:00","twitter_card":"summary_large_image","twitter_misc":{"Szacowany czas czytania":"2 minuty"},"schema":{"@context":"https:\/\/schema.org","@graph":[{"@type":"WebPage","@id":"https:\/\/we.pb.edu.pl\/kair\/materialy-dydaktyczne\/e12es1sem34\/","url":"https:\/\/we.pb.edu.pl\/kair\/materialy-dydaktyczne\/e12es1sem34\/","name":"E12ES1sem34 - Katedra Automatyki i Robotyki","isPartOf":{"@id":"https:\/\/we.pb.edu.pl\/kair\/#website"},"datePublished":"2023-11-18T09:16:11+00:00","dateModified":"2025-07-09T10:35:03+00:00","breadcrumb":{"@id":"https:\/\/we.pb.edu.pl\/kair\/materialy-dydaktyczne\/e12es1sem34\/#breadcrumb"},"inLanguage":"pl-PL","potentialAction":[{"@type":"ReadAction","target":["https:\/\/we.pb.edu.pl\/kair\/materialy-dydaktyczne\/e12es1sem34\/"]}]},{"@type":"BreadcrumbList","@id":"https:\/\/we.pb.edu.pl\/kair\/materialy-dydaktyczne\/e12es1sem34\/#breadcrumb","itemListElement":[{"@type":"ListItem","position":1,"name":"Strona g\u0142\u00f3wna","item":"https:\/\/we.pb.edu.pl\/kair\/"},{"@type":"ListItem","position":2,"name":"Materia\u0142y dydaktyczne KAiR","item":"https:\/\/we.pb.edu.pl\/kair\/materialy-dydaktyczne\/"},{"@type":"ListItem","position":3,"name":"E12ES1sem34"}]},{"@type":"WebSite","@id":"https:\/\/we.pb.edu.pl\/kair\/#website","url":"https:\/\/we.pb.edu.pl\/kair\/","name":"Katedra Automatyki i Robotyki","description":"Katedra Automatyki i Robotyki","potentialAction":[{"@type":"SearchAction","target":{"@type":"EntryPoint","urlTemplate":"https:\/\/we.pb.edu.pl\/kair\/?s={search_term_string}"},"query-input":{"@type":"PropertyValueSpecification","valueRequired":true,"valueName":"search_term_string"}}],"inLanguage":"pl-PL"}]}},"_links":{"self":[{"href":"https:\/\/we.pb.edu.pl\/kair\/wp-json\/wp\/v2\/pages\/3448","targetHints":{"allow":["GET"]}}],"collection":[{"href":"https:\/\/we.pb.edu.pl\/kair\/wp-json\/wp\/v2\/pages"}],"about":[{"href":"https:\/\/we.pb.edu.pl\/kair\/wp-json\/wp\/v2\/types\/page"}],"author":[{"embeddable":true,"href":"https:\/\/we.pb.edu.pl\/kair\/wp-json\/wp\/v2\/users\/12"}],"replies":[{"embeddable":true,"href":"https:\/\/we.pb.edu.pl\/kair\/wp-json\/wp\/v2\/comments?post=3448"}],"version-history":[{"count":4,"href":"https:\/\/we.pb.edu.pl\/kair\/wp-json\/wp\/v2\/pages\/3448\/revisions"}],"predecessor-version":[{"id":3982,"href":"https:\/\/we.pb.edu.pl\/kair\/wp-json\/wp\/v2\/pages\/3448\/revisions\/3982"}],"up":[{"embeddable":true,"href":"https:\/\/we.pb.edu.pl\/kair\/wp-json\/wp\/v2\/pages\/42"}],"wp:attachment":[{"href":"https:\/\/we.pb.edu.pl\/kair\/wp-json\/wp\/v2\/media?parent=3448"}],"curies":[{"name":"wp","href":"https:\/\/api.w.org\/{rel}","templated":true}]}}