{"id":2830,"date":"2021-10-08T11:28:38","date_gmt":"2021-10-08T09:28:38","guid":{"rendered":"https:\/\/we.pb.edu.pl\/kair\/?page_id=2830"},"modified":"2023-05-30T21:30:32","modified_gmt":"2023-05-30T19:30:32","slug":"krzysztof-rogowski-phd-eng-department-of-automatic-control-and-robotics","status":"publish","type":"page","link":"https:\/\/we.pb.edu.pl\/kair\/krzysztof-rogowski\/krzysztof-rogowski-phd-eng-department-of-automatic-control-and-robotics\/","title":{"rendered":"Krzysztof Rogowski, PhD Eng., Department of Automatic Control and Robotics"},"content":{"rendered":"<p><img decoding=\"async\" style=\"float: left; width: 120px; margin-left: 2em;\" src=\"\/wp-content\/uploads\/sites\/4\/2021\/10\/KR.png\" alt=\"dr in\u017c. Krzysztof Rogowski\"><\/p>\n<ul class=\"nav nav-pills\">\n<li><a href=\"https:\/\/www.researchgate.net\/profile\/Krzysztof_Rogowski2\"> Researchgate <\/a><\/li>\n<li><a href=\"https:\/\/scholar.google.pl\/citations?user=pMwmiTAAAAAJ&#038;hl=pl\"> Google Scholar <\/a><\/li>\n<li><a href=\"https:\/\/bazawiedzy.pb.edu.pl\/info\/author\/BUTa3e7720ecb8d439c837ee9a4b63ca5e0\/Person%2Bprofile%2B%25E2%2580%2593%2BKrzysztof%2BRogowski%2B%25E2%2580%2593%2BBialystok%2BUniversity%2Bof%2BTechnology?tab=main&#038;conversationPropagation=join&#038;sort=&#038;lang=en&#038;pn=1&#038;cid=25272\/\"> Base Of Knowdledge BUT<\/a><\/li>\n<li><a href=\"https:\/\/orcid.org\/0000-0002-6871-4806\"> ORCID <\/a><\/li>\n<p>&nbsp;<\/p>\n<\/ul>\n<div style=\"border: 1px solid #C0C0C0; padding: 0.5em 1em; display: inline-block; border-radius: 0.8em; text-align: left;\"><i class=\"fa fa-phone\" aria-hidden=\"true\"><\/i> <span aria-label=\"telephone\">  + 48 85 746 93 84 <\/span><br \/>\n<i class=\"fa fa-mobile\" aria-hidden=\"true\"><\/i> <span aria-label=\"mobilephone\">  + 48 571 443 167<\/span><br \/>\n<i class=\"fa fa-envelope\" aria-hidden=\"true\"><\/i> <a href=\"#\" rel=\"nofollow\"  onclick=\"this.href='mailto:' + '  k.rogowski' + '@' + 'pb.edu.pl '\">  k.rogowski [at] pb.edu.pl <\/a><\/div>\n<p>&nbsp;<\/p>\n<h2>ABOUT ME<\/h2>\n<hr>\n<ul>\n<li><b>(2015 &#8211; now) assistant professor<\/b> at the Faculty of Electrical Engineering, the Bialystok University of Technology,<\/li>\n<li><b>(2012 &#8211; 2014) assistant lecturer <\/b>at the Faculty of Electrical Engineering, the Bialystok University of Technology,<\/li>\n<li><b>(2012) PhD degree with distinction<\/b> for the thesis entitled &#8222;Selected problems of the theory of two-dimensional systems of fractional order described by the Roesser model&#8221; (field: technical sciences, discipline: electrical engineering, specialization: control theory) at the Bialystok University of Technology,<\/li>\n<li><b>2007 &#8211; 2011 PhD studies (3rd degree)<\/b> in the scientific discipline of Electrical Engineering at the Bialystok University of Technology,<\/li>\n<li><b>2002 &#8211; 2007 long-cycle studies &#8211; Master Studies<\/b> at the Bialystok University of Technology: Electrical Engineering, specialization: Automatics and microprocessor technology.<\/li>\n<\/ul>\n<hr>\n<h2>SCIENTIFIC ACTIVITY<\/h2>\n<h2>Interests<\/h2>\n<ul>\n<li>control theory, electrical engineering, electric power engineering;<\/li>\n<li>application of matrix, differential and differential calculus of fractional order in electrical engineering;<\/li>\n<li>programs for engineering calculations MATLAB, Scilab in modeling of control systems and power system elements.<\/li>\n<\/ul>\n<hr>\n<h2>Publications<\/h2>\n<h3>Articles<\/h3>\n<ol>\n<li>Piotrowska E., Rogowski K., <a href=\"https:\/\/www.mdpi.com\/2079-9292\/10\/4\/475\" target=\"_blank\" rel=\"noopener\">Time-Domain Analysis of Fractional Electrical Circuit Containing Two Ladder Elements<\/a>, Electronics (Switzerland), 2021, Vol. 10, No. 4, pp. 1-13, 475. DOI:10.3390\/electronics10040475<\/li>\n<li>Rogowski K., <a href=\"https:\/\/www.mdpi.com\/2073-8994\/12\/12\/1934\" target=\"_blank\" rel=\"noopener\">General Response Formula for CFD Pseudo-Fractional 2D Continuous Linear Systems Described by the Roesser Model<\/a>, Symmetry-Basel, 2020, Vol. 12, No. 12, pp. 1-12, 1934. DOI:10.3390\/sym12121934<\/li>\n<li>Rogowski K., <a href=\"https:\/\/www.sciencedirect.com\/science\/article\/pii\/S2405896317328483\" target=\"_blank\" rel=\"noopener\">Solution to the Fractional-Order 2D Continuous Systems Described by the Second Fornasini-Marchesini Model<\/a>, IFAC-PapersOnLine, 2017, Vol. 50, No. 1, s.9748-9752. DOI:10.1016\/j.ifacol.2017.08.217<\/li>\n<li>Rogowski K., <a href=\"https:\/\/journals.pan.pl\/Content\/84419\/PDF\/acsc-2016-0008.pdf\" target=\"_blank\" rel=\"noopener\">Reachability of standard and fractional continuous-time systems with constant inputs<\/a>, Archives of Control Sciences, Vol. 26, No. 2, pp. 147-159, 2016.<\/li>\n<li>Kaczorek T., Rogowski K., <a href=\"https:\/\/www.researchgate.net\/publication\/260943761_A_computer_algorithm_for_the_solution_of_the_state_equations_of_descriptor_fractional_discrete-time_linear_systems\" target=\"_blank\" rel=\"noopener\">A computer algorithm for the solution of the state equations of descriptor fractional discrete-time linear systems<\/a>, Pomiary Automatyka Kontrola (Measurements Automation Monitoring), Vol. 59, No. 7, pp. 695-699, 2013.<\/li>\n<li>Rogowski K., <a href=\"https:\/\/www.researchgate.net\/publication\/260943760_General_Response_Formula_for_Fractional_2D_Continuous-Time_Linear_Systems_Described_by_the_Roesser_Model\" target=\"_blank\" rel=\"noopener\">General response formula for fractional 2D continuous-time linear systems described by the Roesser model<\/a>, Acta Mechanica et Automatica, Vol. 5, No. 2,pp. 112-116, 2011.<\/li>\n<li>Rogowski K., <a href=\"http:\/\/bulletin.pan.pl\/(59-2)195.pdf\">Positivity and stability of fractional 2D Lyapunov systems described by the Roesser model<\/a> , Bulletin of the Polish Academy of Sciences: Technical Sciencces, Vol. 59, No. 2, 2011, pp. 195-200.<\/li>\n<li>Kaczorek T., Rogowski K., <a href=\"https:\/\/journals.pan.pl\/dlibra\/publication\/97567\/edition\/84154\/content\/reachability-of-linear-hybrid-systems-described-by-the-general-model-rogowski-krzysztof-kaczorek-tadeusz?language=pl\" target=\"_blank\" rel=\"noopener\">Reachability of linear hybrid systems described by the general model<\/a>, Archives of Control Sciences, Vol. 20, No. 2, 2010, pp. 199-207.<\/li>\n<li>Rogowski K., <a href=\"http:\/\/yadda.icm.edu.pl\/baztech\/element\/bwmeta1.element.baztech-article-BSW1-0076-0038\" target=\"_blank\" rel=\"noopener\">Dodatnio\u015b\u0107 i stabilno\u015b\u0107 dwuwymiarowych uklad\u00f3w Lapunowa nieca\u0142kowitego rz\u0119du opisanych modelem Roessera (Positivity and stability of two-dimensional Lapunov systems of fractional orders described by the Roesser model)<\/a>, Pomiary Automatyka Robotyka (Measurements Automation Robotics), No. 2, 2010, pp. 453-462.<\/li>\n<li>Kaczorek T., Rogowski K., <a href=\"http:\/\/pldml.icm.edu.pl\/pldml\/element\/bwmeta1.element.bwnjournal-article-amcv20i1p85bwm\" target=\"_blank\" rel=\"noopener\">Positivity and stabilization of fractional 2D linear systems described by the Roesser model<\/a> , International Journal of Applied Mathematics and Computer Science, Vol. 20, No. 1, 2010, pp. 85-92.<\/li>\n<li>Rogowski K., Kaczorek T., <a href=\"https:\/\/yadda.icm.edu.pl\/baztech\/element\/bwmeta1.element.baztech-article-BSW4-0055-0003\" target=\"_blank\" rel=\"noopener\">Symulacja singularnych liniowych uk\u0142ad\u00f3w ci\u0105g\u0142ych (Simulation of singular linear continuous-time systems)<\/a> , Pomiary Automatyka Kontrola (Measurements Automation Monitoring), No. 9, 2008, pp. 620-622.<\/li>\n<\/ol>\n<h3>Monographs and chapters in monographs<\/h3>\n<ol>\n<li>Rogowski K., <a href=\"https:\/\/link.springer.com\/chapter\/10.1007\/978-3-319-29357-8_31\" target=\"_blank\" rel=\"noopener\">Reachability of standard and fractional continuous-time systems with piecewise constant inputs<\/a>, in Challenges in Automation, Robotics and Measurement Techniques, Vol. 440, pp. 341-349, Springer, 2016.<\/li>\n<li>Kaczorek T., Rogowski K., <a href=\"https:\/\/www.springer.com\/gp\/book\/9783319113609\" target=\"_blank\" rel=\"noopener\">Fractional linear systems and electrical circuits<\/a>, Studies in Systems, Decision and Control, Vol. 13, Springer, 2015.<\/li>\n<li>Kaczorek T., Rogowski K., <a href=\"https:\/\/instytucja.pan.pl\/images\/2015\/w4\/Fractional_Linear_Systems_and_Electrical_Circuits_Tadeusz_Kaczorek_Krzysztof_Rogowski.docx.pdf\" target=\"_blank\" rel=\"noopener\">Fractional linear systems and electrical circuits<\/a>, No. 263, 2014, Bialystok, Publishing Office of Bialystok Technical University,<\/li>\n<li>Piotrowska E., Rogowski K.,  <a href=\"https:\/\/link.springer.com\/chapter\/10.1007%2F978-3-319-78458-8_16\" target=\"_blank\" rel=\"noopener\">Analysis of Fractional Electrical Circuit Using Caputo and Conformable Derivative Definitions<\/a> In: Non-integer Order Systems [9th Conference on Non-integer Order Calculus and Its Applications] \/ Ostalczyk P., Sankowski D., Nowakowski J. (editors), Lecture Notes in Electrical Engineering, 2019, Vol. 496, Cham, Springer, pp.183-194, DOI:10.1007\/978-3-319-78458-8_16<\/li>\n<li>Rogowski K., <a href=\"https:\/\/link.springer.com\/chapter\/10.1007\/978-3-030-13273-6_21\" target=\"_blank\" rel=\"noopener\">Minimum Energy Control and Reachability of Continuous-Time Linear Systems with Rectangular Inputs<\/a> In: Automation 2019 Progress in Automation, Robotics and Measurement Techniques \/ Szewczyk R., Zieli\u0144ski C., Kaliczy\u0144ska M. (editors), Advances in Intelligent Systems and Computing, 2020, No. 920, Cham, Springer, pp. 208-217, DOI:10.1007\/978-3-030-13273-6_21<\/li>\n<li>Rogowski K., <a lang=\"en\" title=\"Otworzy si\u0119 w nowej karcie.\" href=\"https:\/\/link.springer.com\/chapter\/10.1007\/978-3-319-54211-9_16\" target=\"_blank\" rel=\"noopener\">Positivity analysis of continuous Fornasini-Marchesini fractional model<\/a>, In: Proceedings of the 5th International Symposium on Positive Systems: POSTA 2016, 2016, Rome.<\/li>\n<li>Rogowski K., <a href=\"https:\/\/journals.pan.pl\/dlibra\/publication\/97916\/edition\/84419\/content\" target=\"_blank\" rel=\"noopener\">Reachability of Standard and Fractional Continuous-Time Systems with Piecewise Constant Inputs<\/a> w: Challenges in Automation, Robotics and Measurement Techniques : Proceedings of Automation-2016, Advances in Intelligent Systems and Computing, 2016, Vol. 440, Cham, Springer, pp. 341-349,  DOI:10.1007\/978-3-319-29357-8_31<\/li>\n<\/ol>\n<h3>Conference papers<\/h3>\n<ol>\n<li>Rogowski K., <i>Positivity analysis of continuous Fornasini-Marchesini fractional model<\/i>, The 5th International Symposium on Positive Systems (POSTA2016), September 14th-16th 2016, Rome, Italy.<\/li>\n<li>Rogowski K., <i>Osi\u0105galno\u015b\u0107 standardowych i u\u0142amkowych uk\u0142ad\u00f3w ci\u0105g\u0142ych o odcinkowo sta\u0142ych wymuszeniach<\/i>, AUTOMATION 2016, 2-3 March 2016, Warsaw.<\/li>\n<li>Rogowski K., <i>General response formula for fractional 2D continuous-time linear systems described by the Roesser model<\/i>, III Seminarium Naukowe Rachunek R\u00f3\u017cniczkowy Nieca\u0142kowitego Rz\u0119du i Jego Zastosowania, 4-5 July 2011, Bialystok.<\/li>\n<li>Kaczorek T., Rogowski K., <i>Reachability of linear hybrid systems described by the general model<\/i>, Mathematical Methods in Engineering International Symposium, 21-24 October 2010, Coimbra.<\/li>\n<li>Rogowski K., <i>Dodatnio\u015b\u0107 i stabilno\u015b\u0107 dwuwymiarowych uk\u0142ad\u00f3w Lapunowa nieca\u0142kowitego rz\u0119du opisanych modelem Roessera<\/i>, AUTOMATION 2010, 24-26 March 2010, Warszawa.<\/li>\n<li>Kaczorek T., Rogowski K., <i>Positivity and stabilization of fractional 2D linear systems described by the Roesser model<\/i>, Proceedings of the 14th International Conference on Methods and Models in Automation and Robotics, 19-21 August 2009, Miedzyzdroje.<\/li>\n<li>Rogowski K., <i>Observability of the positive different orders fractional 2D linear systems<\/i>, X Mi\u0119dzynarodowe Warsztaty Doktoranckie OWD 2008, 18-21 October 2008, Wisla-Glebce, pp. 543-548.<\/li>\n<\/ol>\n<hr>\n<h3>Participation in research projects<\/h3>\n<ul>\n<li>2011 &#8211; 2012 &#8211; Head of work for the development of young scientists and participants of doctoral studies no. MB \/ WE \/ 15\/2011 entitled <i> Selected problems of the theory of two-dimensional fractional order systems described by the Roesser model <\/i><\/li>\n<li>2013 &#8211; 2014 &#8211; participation in project no. S\/WE\/2\/2013 entitled: <i> Mathematical models of reliability and safety of power systems and devices <\/i><\/li>\n<li>2014 &#8211; 2015 &#8211; participation in project no. S\/WE\/4\/2013 entitled: <i> Active optical fiber technology and application of semiconductor radiation sources <\/i> research task: <i> Mathematical models of reliability and safety of electrical power devices <\/i>financed by Ministry of Science and Higher Education in Poland at the Bia\u0142ystok University of Technology<\/li>\n<li>2015 &#8211; 2018 &#8211; participation in a research project financed by the National Science Center entitled <i> Descriptor nonlinear and linear systems of fractional orders <\/i><\/li>\n<li>2016 &#8211; 2019 &#8211; participation in project no. S\/WE\/1\/2016 entitled: <i> Modern methods of analysis, synthesis, control and diagnostics of dynamic systems <\/i> financed by Ministry of Science and Higher Education in Poland at the Bia\u0142ystok University of Technology<\/li>\n<li>2018 &#8211; 2021 &#8211; participation in a research project financed by the National Science Center entitled <i> Analysis and synthesis of selected classes of linear and non-linear systems of fractional order <\/i><\/li>\n<li>2019 &#8211; 2022 &#8211; participation in project no. WZ\/WE-IA\/6\/2020 entitled <i> Analysis, synthesis and diagnostics of modern control systems <\/i> financed by Ministry of Science and Higher Education in Poland at the Bia\u0142ystok University of Technology<\/li>\n<li>2023 &#8211; 2025  &#8211; participation in project no. WZ\/WE-IA\/5\/2023 entitled <i>Analysis, synthesis and diagnostics methods in modern control<\/i><\/li>\n<\/ul>\n<hr>\n<h3>Assistant supervisor in doctoral dissertations<\/h3>\n<ul>\n<li>&#8222;Stability and stabilization of selected classes of positive switched systems&#8221; Robert Cimochowski, M.Sc.Eng.<\/li>\n<li>&#8222;Analysis of electrical circuits containing elements described by derivatives of different fractional orders&#8221; Ewa Piotrowska, M.Sc.Eng. &#8211; PhD thesis defended on September 22, 2021,<\/li>\n<li>&#8222;Application of feedback control in linear descriptor dynamical systems&#8221; Kamil Borawski, M.Sc.Eng. &#8211; PhD thesis defended with distinction on June 26, 2020<\/li>\n<\/ul>\n<hr>\n<h2>ORGANIZATIONAL ACTIVITY<\/h2>\n<h3>Functions:<\/h3>\n<ul>\n<li>Faculty Coordinator for disabled students 2020-2024<\/li>\n<li>Tutor of the year in the field of Electronics and Telecommunications of full-time first-cycle studies from the academic year 2018\/2019 to 2022\/2023<\/li>\n<li>Tutor of the year in the field of Electrical Engineering full-time first-cycle studies from the academic year 2015\/2016 to 2019\/2020<\/li>\n<\/ul>\n<h3>Membership in organizations<\/h3>\n<ul>\n<li>Polish Society of Theoretical and Applied Electrical Engineering (PTETiS), Bialystok Branch, since 2013<\/li>\n<li>member of the PTETiS Young Workers Committee, since 2016<\/li>\n<li>member of the Board PTETiS (Deputy Treasurer), 2021-2024<\/li>\n<li>member of the 2018 AEIC Series Conference Committee<\/li>\n<\/ul>\n<h3>Participation in the works of committees, teams, projects<\/h3>\n<ul>\n<li>Standing Committee of the Faculty Council of Electrical Engineering for student affairs and teaching (2016-2019);<\/li>\n<li>Teaching team for the comprehensive evaluation of the implemented education program in the field of Electrical Engineering at the EC (2016-2019);<\/li>\n<li>Departmental Commission for the Evaluation of Graduate Work carried out at the Faculty of Electrical Engineering (2020-2024);<\/li>\n<li>participation in the &#8222;PB Accessible&#8221; project, which is co-financed by the European Union under the European Social Fund, Operational Program Knowledge, Education and Development, Priority Axis III. Higher education for economy and development, Measure 3.5 Comprehensive programs of universities, implemented in partnership with the Podlasie Regional Council of People with Disabilities (2020-2021)<\/li>\n<\/ul>\n<hr>\n<h2>TEACHING ACTIVITIES<\/h2>\n<h3>Subjects<\/h3>\n<ul>\n<li>Fundamentals of automation, Automation, Control technology,<\/li>\n<li>Fundamentals of Control Engineering, Control Engineering and Systems,<\/li>\n<li>Fundamentals of electric power engineering, Electricity transmission, Electric power networks, Electric power devices, Electric devices, Electric devices and installations, Electric power automation;<\/li>\n<li>Fundamentals of microprocessor technology, Microprocessor technology, Programmable logic structures;<\/li>\n<li>Engineering and master&#8217;s theses (supervisor of 32 defended theses).<\/li>\n<\/ul>\n<h3>Awards and distinctions<\/h3>\n<ul>\n<li>teaching activity assessed as outstanding in student surveys for the summer semester of the 2019\/2020 academic year<\/li>\n<li>teaching activity assessed as distinctive in student surveys for the winter semester of the academic year 2017\/2018<\/li>\n<li>winner of the prof. M. Bus\u0142owicz competition for scientific achievements in the year 2015<\/li>\n<\/ul>\n","protected":false},"excerpt":{"rendered":"<p>+ 48 85 746 93 84 + 48 571 443 167 &nbsp; ABOUT ME (2015<a class=\"read-more\" href=\"https:\/\/we.pb.edu.pl\/kair\/krzysztof-rogowski\/krzysztof-rogowski-phd-eng-department-of-automatic-control-and-robotics\/\" title=\"Poka\u017c artyku\u0142 Krzysztof Rogowski, PhD Eng., Department of Automatic Control and Robotics\">wi\u0119cej<\/a><\/p>\n","protected":false},"author":5,"featured_media":0,"parent":2414,"menu_order":0,"comment_status":"closed","ping_status":"closed","template":"","meta":{"inline_featured_image":false,"ngg_post_thumbnail":0,"footnotes":""},"class_list":["post-2830","page","type-page","status-publish","hentry"],"acf":[],"yoast_head":"<!-- This site is optimized with the Yoast SEO plugin v26.4 - https:\/\/yoast.com\/wordpress\/plugins\/seo\/ -->\n<title>Krzysztof Rogowski, PhD Eng., Department of Automatic Control and Robotics - Katedra Automatyki i Robotyki<\/title>\n<meta name=\"description\" content=\"Krzysztof Rogowski, PhD Eng., assistant professor at the Faculty of Electric Engineering at the Bialystok University of Technology, about me\" \/>\n<meta name=\"robots\" content=\"index, follow, max-snippet:-1, max-image-preview:large, max-video-preview:-1\" \/>\n<link rel=\"canonical\" href=\"https:\/\/we.pb.edu.pl\/kair\/krzysztof-rogowski\/krzysztof-rogowski-phd-eng-department-of-automatic-control-and-robotics\/\" \/>\n<meta property=\"og:locale\" content=\"pl_PL\" \/>\n<meta property=\"og:type\" content=\"article\" \/>\n<meta property=\"og:title\" content=\"Krzysztof Rogowski, PhD Eng., Department of Automatic Control and Robotics - Katedra Automatyki i Robotyki\" \/>\n<meta property=\"og:description\" content=\"Krzysztof Rogowski, PhD Eng., assistant professor at the Faculty of Electric Engineering at the Bialystok University of Technology, about me\" \/>\n<meta property=\"og:url\" content=\"https:\/\/we.pb.edu.pl\/kair\/krzysztof-rogowski\/krzysztof-rogowski-phd-eng-department-of-automatic-control-and-robotics\/\" \/>\n<meta property=\"og:site_name\" content=\"Katedra Automatyki i Robotyki\" \/>\n<meta property=\"article:modified_time\" content=\"2023-05-30T19:30:32+00:00\" \/>\n<meta name=\"twitter:card\" content=\"summary_large_image\" \/>\n<meta name=\"twitter:label1\" content=\"Szacowany czas czytania\" \/>\n\t<meta name=\"twitter:data1\" content=\"10 minut\" \/>\n<script type=\"application\/ld+json\" class=\"yoast-schema-graph\">{\"@context\":\"https:\/\/schema.org\",\"@graph\":[{\"@type\":\"WebPage\",\"@id\":\"https:\/\/we.pb.edu.pl\/kair\/krzysztof-rogowski\/krzysztof-rogowski-phd-eng-department-of-automatic-control-and-robotics\/\",\"url\":\"https:\/\/we.pb.edu.pl\/kair\/krzysztof-rogowski\/krzysztof-rogowski-phd-eng-department-of-automatic-control-and-robotics\/\",\"name\":\"Krzysztof Rogowski, PhD Eng., Department of Automatic Control and Robotics - Katedra Automatyki i Robotyki\",\"isPartOf\":{\"@id\":\"https:\/\/we.pb.edu.pl\/kair\/#website\"},\"datePublished\":\"2021-10-08T09:28:38+00:00\",\"dateModified\":\"2023-05-30T19:30:32+00:00\",\"description\":\"Krzysztof Rogowski, PhD Eng., assistant professor at the Faculty of Electric Engineering at the Bialystok University of Technology, about me\",\"breadcrumb\":{\"@id\":\"https:\/\/we.pb.edu.pl\/kair\/krzysztof-rogowski\/krzysztof-rogowski-phd-eng-department-of-automatic-control-and-robotics\/#breadcrumb\"},\"inLanguage\":\"pl-PL\",\"potentialAction\":[{\"@type\":\"ReadAction\",\"target\":[\"https:\/\/we.pb.edu.pl\/kair\/krzysztof-rogowski\/krzysztof-rogowski-phd-eng-department-of-automatic-control-and-robotics\/\"]}]},{\"@type\":\"BreadcrumbList\",\"@id\":\"https:\/\/we.pb.edu.pl\/kair\/krzysztof-rogowski\/krzysztof-rogowski-phd-eng-department-of-automatic-control-and-robotics\/#breadcrumb\",\"itemListElement\":[{\"@type\":\"ListItem\",\"position\":1,\"name\":\"Strona g\u0142\u00f3wna\",\"item\":\"https:\/\/we.pb.edu.pl\/kair\/\"},{\"@type\":\"ListItem\",\"position\":2,\"name\":\"dr in\u017c. Krzysztof Rogowski\",\"item\":\"https:\/\/we.pb.edu.pl\/kair\/krzysztof-rogowski\/\"},{\"@type\":\"ListItem\",\"position\":3,\"name\":\"Krzysztof Rogowski, PhD Eng., Department of Automatic Control and Robotics\"}]},{\"@type\":\"WebSite\",\"@id\":\"https:\/\/we.pb.edu.pl\/kair\/#website\",\"url\":\"https:\/\/we.pb.edu.pl\/kair\/\",\"name\":\"Katedra Automatyki i Robotyki\",\"description\":\"Katedra Automatyki i Robotyki\",\"potentialAction\":[{\"@type\":\"SearchAction\",\"target\":{\"@type\":\"EntryPoint\",\"urlTemplate\":\"https:\/\/we.pb.edu.pl\/kair\/?s={search_term_string}\"},\"query-input\":{\"@type\":\"PropertyValueSpecification\",\"valueRequired\":true,\"valueName\":\"search_term_string\"}}],\"inLanguage\":\"pl-PL\"}]}<\/script>\n<!-- \/ Yoast SEO plugin. -->","yoast_head_json":{"title":"Krzysztof Rogowski, PhD Eng., Department of Automatic Control and Robotics - Katedra Automatyki i Robotyki","description":"Krzysztof Rogowski, PhD Eng., assistant professor at the Faculty of Electric Engineering at the Bialystok University of Technology, about me","robots":{"index":"index","follow":"follow","max-snippet":"max-snippet:-1","max-image-preview":"max-image-preview:large","max-video-preview":"max-video-preview:-1"},"canonical":"https:\/\/we.pb.edu.pl\/kair\/krzysztof-rogowski\/krzysztof-rogowski-phd-eng-department-of-automatic-control-and-robotics\/","og_locale":"pl_PL","og_type":"article","og_title":"Krzysztof Rogowski, PhD Eng., Department of Automatic Control and Robotics - Katedra Automatyki i Robotyki","og_description":"Krzysztof Rogowski, PhD Eng., assistant professor at the Faculty of Electric Engineering at the Bialystok University of Technology, about me","og_url":"https:\/\/we.pb.edu.pl\/kair\/krzysztof-rogowski\/krzysztof-rogowski-phd-eng-department-of-automatic-control-and-robotics\/","og_site_name":"Katedra Automatyki i Robotyki","article_modified_time":"2023-05-30T19:30:32+00:00","twitter_card":"summary_large_image","twitter_misc":{"Szacowany czas czytania":"10 minut"},"schema":{"@context":"https:\/\/schema.org","@graph":[{"@type":"WebPage","@id":"https:\/\/we.pb.edu.pl\/kair\/krzysztof-rogowski\/krzysztof-rogowski-phd-eng-department-of-automatic-control-and-robotics\/","url":"https:\/\/we.pb.edu.pl\/kair\/krzysztof-rogowski\/krzysztof-rogowski-phd-eng-department-of-automatic-control-and-robotics\/","name":"Krzysztof Rogowski, PhD Eng., Department of Automatic Control and Robotics - Katedra Automatyki i Robotyki","isPartOf":{"@id":"https:\/\/we.pb.edu.pl\/kair\/#website"},"datePublished":"2021-10-08T09:28:38+00:00","dateModified":"2023-05-30T19:30:32+00:00","description":"Krzysztof Rogowski, PhD Eng., assistant professor at the Faculty of Electric Engineering at the Bialystok University of Technology, about me","breadcrumb":{"@id":"https:\/\/we.pb.edu.pl\/kair\/krzysztof-rogowski\/krzysztof-rogowski-phd-eng-department-of-automatic-control-and-robotics\/#breadcrumb"},"inLanguage":"pl-PL","potentialAction":[{"@type":"ReadAction","target":["https:\/\/we.pb.edu.pl\/kair\/krzysztof-rogowski\/krzysztof-rogowski-phd-eng-department-of-automatic-control-and-robotics\/"]}]},{"@type":"BreadcrumbList","@id":"https:\/\/we.pb.edu.pl\/kair\/krzysztof-rogowski\/krzysztof-rogowski-phd-eng-department-of-automatic-control-and-robotics\/#breadcrumb","itemListElement":[{"@type":"ListItem","position":1,"name":"Strona g\u0142\u00f3wna","item":"https:\/\/we.pb.edu.pl\/kair\/"},{"@type":"ListItem","position":2,"name":"dr in\u017c. Krzysztof Rogowski","item":"https:\/\/we.pb.edu.pl\/kair\/krzysztof-rogowski\/"},{"@type":"ListItem","position":3,"name":"Krzysztof Rogowski, PhD Eng., Department of Automatic Control and Robotics"}]},{"@type":"WebSite","@id":"https:\/\/we.pb.edu.pl\/kair\/#website","url":"https:\/\/we.pb.edu.pl\/kair\/","name":"Katedra Automatyki i Robotyki","description":"Katedra Automatyki i Robotyki","potentialAction":[{"@type":"SearchAction","target":{"@type":"EntryPoint","urlTemplate":"https:\/\/we.pb.edu.pl\/kair\/?s={search_term_string}"},"query-input":{"@type":"PropertyValueSpecification","valueRequired":true,"valueName":"search_term_string"}}],"inLanguage":"pl-PL"}]}},"_links":{"self":[{"href":"https:\/\/we.pb.edu.pl\/kair\/wp-json\/wp\/v2\/pages\/2830","targetHints":{"allow":["GET"]}}],"collection":[{"href":"https:\/\/we.pb.edu.pl\/kair\/wp-json\/wp\/v2\/pages"}],"about":[{"href":"https:\/\/we.pb.edu.pl\/kair\/wp-json\/wp\/v2\/types\/page"}],"author":[{"embeddable":true,"href":"https:\/\/we.pb.edu.pl\/kair\/wp-json\/wp\/v2\/users\/5"}],"replies":[{"embeddable":true,"href":"https:\/\/we.pb.edu.pl\/kair\/wp-json\/wp\/v2\/comments?post=2830"}],"version-history":[{"count":56,"href":"https:\/\/we.pb.edu.pl\/kair\/wp-json\/wp\/v2\/pages\/2830\/revisions"}],"predecessor-version":[{"id":3347,"href":"https:\/\/we.pb.edu.pl\/kair\/wp-json\/wp\/v2\/pages\/2830\/revisions\/3347"}],"up":[{"embeddable":true,"href":"https:\/\/we.pb.edu.pl\/kair\/wp-json\/wp\/v2\/pages\/2414"}],"wp:attachment":[{"href":"https:\/\/we.pb.edu.pl\/kair\/wp-json\/wp\/v2\/media?parent=2830"}],"curies":[{"name":"wp","href":"https:\/\/api.w.org\/{rel}","templated":true}]}}