{"id":2511,"date":"2021-01-21T15:20:20","date_gmt":"2021-01-21T14:20:20","guid":{"rendered":"https:\/\/we.pb.edu.pl\/kair\/?page_id=2511"},"modified":"2024-11-18T12:10:40","modified_gmt":"2024-11-18T11:10:40","slug":"dzialalnosc-organizacyjna-dr-inz-krzysztof-rogowski","status":"publish","type":"page","link":"https:\/\/we.pb.edu.pl\/kair\/krzysztof-rogowski\/dzialalnosc-organizacyjna-dr-inz-krzysztof-rogowski\/","title":{"rendered":"Dzia\u0142alno\u015b\u0107 organizacyjna"},"content":{"rendered":"<p><img decoding=\"async\" style=\"float: left; width: 120px; margin-left: 2em;\" src=\"\/wp-content\/uploads\/sites\/4\/2021\/10\/KR.png\" alt=\"dr in\u017c. Krzysztof Rogowski\"><br \/>\n<ul class=\"nav nav-pills\">\n<p>    <li><a href=\"https:\/\/we.pb.edu.pl\/kair\/krzysztof-rogowski\/dzialalnosc-dydaktyczna\/\"> Dzia\u0142alno\u015b\u0107 dydaktyczna <\/a><\/li>\n    <li><a href=\"https:\/\/we.pb.edu.pl\/kair\/krzysztof-rogowski\/dzialalnosc-naukowa\/\"> Dzia\u0142alno\u015b\u0107 naukowa <\/a><\/li>\n    <li><a href=\"https:\/\/we.pb.edu.pl\/kair\/krzysztof-rogowski\/krzysztof-rogowski-phd-eng-department-of-automatic-control-and-robotics\/\"> In English <\/a><\/li>\n    <li><a href=\"https:\/\/we.pb.edu.pl\/kair\/krzysztof-rogowski\/\"> STRONA G\u0141\u00d3WNA <\/a><\/li>\n<\/ul>\n<hr>\n<h2>O mnie<\/h2>\n<ul>\n<li>(2019 &#8211; 20&#8230;) adiunkt w Katedrze Automatyki i Robotyki WE PB,<\/li>\n<li>(2015 &#8211; 2019) adiunkt w Katedrze Automatyki i Elektroniki WE PB,<\/li>\n<li>(2014 &#8211; 2015) adiunkt w Katedrze Elektroenergetyki, Fotoniki i Techniki \u015awietlnej WE PB,<\/li>\n<li>(2013 &#8211; 2014) asystent w Katedrze Elektroenergetyki, Fotoniki i Techniki \u015awietlnej WE PB,<\/li>\n<li>(2012 &#8211; 2013) asystent w Zak\u0142adzie Elektroenergetyki WE PB,<\/li>\n<li>(2012) obrona rozprawy doktorskiej z wyr\u00f3\u017cnieniem za prac\u0119 pt. &#8222;Wybrane zagadnienia teorii dwuwymiarowych uk\u0142ad\u00f3w nieca\u0142kowitego rz\u0119du opisanych modelem Roessera&#8221; (dziedzina: nauki techniczne, dyscyplina: elektrotechnika, specjalno\u015b\u0107: teoria sterowania),<\/li>\n<li>(2007 &#8211; 2011) studia doktoranckie (III stropnia) z dyscypliny naukowej Elektrotechnika,<\/li>\n<li>(2002 &#8211; 2007) studia jednolite magisterskie &#8211; kierunek: Elektrotechnika, specjalno\u015b\u0107: Automatyka i technika mikroprocesorowa.<\/li>\n<\/ul>\n<h2>Pe\u0142nione funkcje<\/h2>\n<ul>\n<li>Wydzia\u0142owy Koordynator ds. student\u00f3w niepe\u0142nosprawnych w kadencji 2024-2028<\/li>\n<li>Wydzia\u0142owy Koordynator ds. student\u00f3w niepe\u0142nosprawnych w kadencji 2020-2024<\/li>\n<li>Opiekun roku na kierunku Elektronika i Telekomunikacja studi\u00f3w stacjonarnych I stopnia od roku akademickiego 2018\/2019 do roku 2022\/2023<\/li>\n<li>Opiekun roku na kierunku Elektotechnika studi\u00f3w stacjonarnych I stopnia od roku akademickiego 2015\/2016 do roku 2019\/2020<\/li>\n<li>Opiekun roku na kierunku Elektotechnika studi\u00f3w stacjonarnych II stopnia w roku akademickim 2022\/2023<\/li>\n<\/ul>\n<h2>Cz\u0142onkostwo w organizacjach<\/h2>\n<ul>\n<li>Polskie Towarzystwo Elektrotechniki Teoretycznej i Sterowania Oddzia\u0142 Bia\u0142ystok od 2013 r.<\/li>\n<li>cz\u0142onek Komisji M\u0142odych Pracownik\u00f3w PTETIS od 2016 r.<\/li>\n<li>cz\u0142onek Komitetu Konferencji AEIC Series 2018 r.<\/li>\n<li>cz\u0142onek zarz\u0105du (z-ca skarbnika) Oddzia\u0142u Bia\u0142ostockiego PTETiS od 2022 r.<\/li>\n<\/ul>\n<h2>Udzia\u0142 w pracach komisji, zespo\u0142\u00f3w, projekt\u00f3w:<\/h2>\n<ul>\n<li>Sta\u0142a Komisja Rady Wydzia\u0142u Elektrycznego ds. studenckich i dydaktyki (2016-2019);<\/li>\n<li>Zesp\u00f3\u0142 dydaktyczny ds kompleksowej oceny realizowanego programu kszta\u0142cenia na kierunku Elektrotechnika na WE (2016-2019);<\/li>\n<li>Wydzia\u0142owa Komisja ds. Oceny Prac Dyplomowych zrealizowanych na Wydziale Elektrycznym (2020-2024);<\/li>\n<li>udzia\u0142 w projekcie \u201ePB Dost\u0119pna\u201d, kt\u00f3ry jest wsp\u00f3\u0142finansowany przez Uni\u0119 Europejsk\u0105 w ramach Europejskiego Funduszu Spo\u0142ecznego, Program Operacyjny Wiedza Edukacja Rozw\u00f3j, O\u015b Priorytetowa III. Szkolnictwo wy\u017csze dla gospodarki i rozwoju, Dzia\u0142anie 3.5 Kompleksowe programy szk\u00f3\u0142 wy\u017cszych, realizowany w partnerstwie z Podlaskim Sejmikiem Os\u00f3b z Niepe\u0142nosprawno\u015bciami (2020-2023)<\/li>\n<li>Zesp\u00f3\u0142 ds. Foresightu i Bada\u0144 Interdyscyplinarnych (15.09.2023-31.08.2024)<\/li>\n<li>Rada Nadzoruj\u0105ca Centrum Transferu Technologii Politechniki Bia\u0142ostockiej (14.11.2024-30.09.2028)<\/li>\n<\/ul>\n","protected":false},"excerpt":{"rendered":"<p>O mnie (2019 &#8211; 20&#8230;) adiunkt w Katedrze Automatyki i Robotyki WE PB, (2015 &#8211;<a class=\"read-more\" href=\"https:\/\/we.pb.edu.pl\/kair\/krzysztof-rogowski\/dzialalnosc-organizacyjna-dr-inz-krzysztof-rogowski\/\" title=\"Poka\u017c artyku\u0142 Dzia\u0142alno\u015b\u0107 organizacyjna\">wi\u0119cej<\/a><\/p>\n","protected":false},"author":32,"featured_media":0,"parent":2414,"menu_order":0,"comment_status":"closed","ping_status":"closed","template":"","meta":{"inline_featured_image":false,"ngg_post_thumbnail":0,"footnotes":""},"class_list":["post-2511","page","type-page","status-publish","hentry"],"acf":[],"yoast_head":"<!-- This site is optimized with the Yoast SEO plugin v26.4 - https:\/\/yoast.com\/wordpress\/plugins\/seo\/ -->\n<title>Dzia\u0142alno\u015b\u0107 organizacyjna - Katedra Automatyki i Robotyki<\/title>\n<meta name=\"description\" content=\"dr inz. Krzysztof Rogowski Wydzia\u0142 Elektryczny Politechnika Bia\u0142ostocka strona s\u0142u\u017cbowa\" \/>\n<meta name=\"robots\" content=\"index, follow, max-snippet:-1, max-image-preview:large, max-video-preview:-1\" \/>\n<link rel=\"canonical\" href=\"https:\/\/we.pb.edu.pl\/kair\/krzysztof-rogowski\/dzialalnosc-organizacyjna-dr-inz-krzysztof-rogowski\/\" \/>\n<meta property=\"og:locale\" content=\"pl_PL\" \/>\n<meta property=\"og:type\" content=\"article\" \/>\n<meta property=\"og:title\" content=\"Dzia\u0142alno\u015b\u0107 organizacyjna - Katedra Automatyki i Robotyki\" \/>\n<meta property=\"og:description\" content=\"dr inz. Krzysztof Rogowski Wydzia\u0142 Elektryczny Politechnika Bia\u0142ostocka strona s\u0142u\u017cbowa\" \/>\n<meta property=\"og:url\" content=\"https:\/\/we.pb.edu.pl\/kair\/krzysztof-rogowski\/dzialalnosc-organizacyjna-dr-inz-krzysztof-rogowski\/\" \/>\n<meta property=\"og:site_name\" content=\"Katedra Automatyki i Robotyki\" \/>\n<meta property=\"article:modified_time\" content=\"2024-11-18T11:10:40+00:00\" \/>\n<meta name=\"twitter:card\" content=\"summary_large_image\" \/>\n<meta name=\"twitter:label1\" content=\"Szacowany czas czytania\" \/>\n\t<meta name=\"twitter:data1\" content=\"3 minuty\" \/>\n<script type=\"application\/ld+json\" class=\"yoast-schema-graph\">{\"@context\":\"https:\/\/schema.org\",\"@graph\":[{\"@type\":\"WebPage\",\"@id\":\"https:\/\/we.pb.edu.pl\/kair\/krzysztof-rogowski\/dzialalnosc-organizacyjna-dr-inz-krzysztof-rogowski\/\",\"url\":\"https:\/\/we.pb.edu.pl\/kair\/krzysztof-rogowski\/dzialalnosc-organizacyjna-dr-inz-krzysztof-rogowski\/\",\"name\":\"Dzia\u0142alno\u015b\u0107 organizacyjna - Katedra Automatyki i Robotyki\",\"isPartOf\":{\"@id\":\"https:\/\/we.pb.edu.pl\/kair\/#website\"},\"datePublished\":\"2021-01-21T14:20:20+00:00\",\"dateModified\":\"2024-11-18T11:10:40+00:00\",\"description\":\"dr inz. Krzysztof Rogowski Wydzia\u0142 Elektryczny Politechnika Bia\u0142ostocka strona s\u0142u\u017cbowa\",\"breadcrumb\":{\"@id\":\"https:\/\/we.pb.edu.pl\/kair\/krzysztof-rogowski\/dzialalnosc-organizacyjna-dr-inz-krzysztof-rogowski\/#breadcrumb\"},\"inLanguage\":\"pl-PL\",\"potentialAction\":[{\"@type\":\"ReadAction\",\"target\":[\"https:\/\/we.pb.edu.pl\/kair\/krzysztof-rogowski\/dzialalnosc-organizacyjna-dr-inz-krzysztof-rogowski\/\"]}]},{\"@type\":\"BreadcrumbList\",\"@id\":\"https:\/\/we.pb.edu.pl\/kair\/krzysztof-rogowski\/dzialalnosc-organizacyjna-dr-inz-krzysztof-rogowski\/#breadcrumb\",\"itemListElement\":[{\"@type\":\"ListItem\",\"position\":1,\"name\":\"Strona g\u0142\u00f3wna\",\"item\":\"https:\/\/we.pb.edu.pl\/kair\/\"},{\"@type\":\"ListItem\",\"position\":2,\"name\":\"dr in\u017c. Krzysztof Rogowski\",\"item\":\"https:\/\/we.pb.edu.pl\/kair\/krzysztof-rogowski\/\"},{\"@type\":\"ListItem\",\"position\":3,\"name\":\"Dzia\u0142alno\u015b\u0107 organizacyjna\"}]},{\"@type\":\"WebSite\",\"@id\":\"https:\/\/we.pb.edu.pl\/kair\/#website\",\"url\":\"https:\/\/we.pb.edu.pl\/kair\/\",\"name\":\"Katedra Automatyki i Robotyki\",\"description\":\"Katedra Automatyki i Robotyki\",\"potentialAction\":[{\"@type\":\"SearchAction\",\"target\":{\"@type\":\"EntryPoint\",\"urlTemplate\":\"https:\/\/we.pb.edu.pl\/kair\/?s={search_term_string}\"},\"query-input\":{\"@type\":\"PropertyValueSpecification\",\"valueRequired\":true,\"valueName\":\"search_term_string\"}}],\"inLanguage\":\"pl-PL\"}]}<\/script>\n<!-- \/ Yoast SEO plugin. -->","yoast_head_json":{"title":"Dzia\u0142alno\u015b\u0107 organizacyjna - Katedra Automatyki i Robotyki","description":"dr inz. Krzysztof Rogowski Wydzia\u0142 Elektryczny Politechnika Bia\u0142ostocka strona s\u0142u\u017cbowa","robots":{"index":"index","follow":"follow","max-snippet":"max-snippet:-1","max-image-preview":"max-image-preview:large","max-video-preview":"max-video-preview:-1"},"canonical":"https:\/\/we.pb.edu.pl\/kair\/krzysztof-rogowski\/dzialalnosc-organizacyjna-dr-inz-krzysztof-rogowski\/","og_locale":"pl_PL","og_type":"article","og_title":"Dzia\u0142alno\u015b\u0107 organizacyjna - Katedra Automatyki i Robotyki","og_description":"dr inz. Krzysztof Rogowski Wydzia\u0142 Elektryczny Politechnika Bia\u0142ostocka strona s\u0142u\u017cbowa","og_url":"https:\/\/we.pb.edu.pl\/kair\/krzysztof-rogowski\/dzialalnosc-organizacyjna-dr-inz-krzysztof-rogowski\/","og_site_name":"Katedra Automatyki i Robotyki","article_modified_time":"2024-11-18T11:10:40+00:00","twitter_card":"summary_large_image","twitter_misc":{"Szacowany czas czytania":"3 minuty"},"schema":{"@context":"https:\/\/schema.org","@graph":[{"@type":"WebPage","@id":"https:\/\/we.pb.edu.pl\/kair\/krzysztof-rogowski\/dzialalnosc-organizacyjna-dr-inz-krzysztof-rogowski\/","url":"https:\/\/we.pb.edu.pl\/kair\/krzysztof-rogowski\/dzialalnosc-organizacyjna-dr-inz-krzysztof-rogowski\/","name":"Dzia\u0142alno\u015b\u0107 organizacyjna - Katedra Automatyki i Robotyki","isPartOf":{"@id":"https:\/\/we.pb.edu.pl\/kair\/#website"},"datePublished":"2021-01-21T14:20:20+00:00","dateModified":"2024-11-18T11:10:40+00:00","description":"dr inz. Krzysztof Rogowski Wydzia\u0142 Elektryczny Politechnika Bia\u0142ostocka strona s\u0142u\u017cbowa","breadcrumb":{"@id":"https:\/\/we.pb.edu.pl\/kair\/krzysztof-rogowski\/dzialalnosc-organizacyjna-dr-inz-krzysztof-rogowski\/#breadcrumb"},"inLanguage":"pl-PL","potentialAction":[{"@type":"ReadAction","target":["https:\/\/we.pb.edu.pl\/kair\/krzysztof-rogowski\/dzialalnosc-organizacyjna-dr-inz-krzysztof-rogowski\/"]}]},{"@type":"BreadcrumbList","@id":"https:\/\/we.pb.edu.pl\/kair\/krzysztof-rogowski\/dzialalnosc-organizacyjna-dr-inz-krzysztof-rogowski\/#breadcrumb","itemListElement":[{"@type":"ListItem","position":1,"name":"Strona g\u0142\u00f3wna","item":"https:\/\/we.pb.edu.pl\/kair\/"},{"@type":"ListItem","position":2,"name":"dr in\u017c. Krzysztof Rogowski","item":"https:\/\/we.pb.edu.pl\/kair\/krzysztof-rogowski\/"},{"@type":"ListItem","position":3,"name":"Dzia\u0142alno\u015b\u0107 organizacyjna"}]},{"@type":"WebSite","@id":"https:\/\/we.pb.edu.pl\/kair\/#website","url":"https:\/\/we.pb.edu.pl\/kair\/","name":"Katedra Automatyki i Robotyki","description":"Katedra Automatyki i Robotyki","potentialAction":[{"@type":"SearchAction","target":{"@type":"EntryPoint","urlTemplate":"https:\/\/we.pb.edu.pl\/kair\/?s={search_term_string}"},"query-input":{"@type":"PropertyValueSpecification","valueRequired":true,"valueName":"search_term_string"}}],"inLanguage":"pl-PL"}]}},"_links":{"self":[{"href":"https:\/\/we.pb.edu.pl\/kair\/wp-json\/wp\/v2\/pages\/2511","targetHints":{"allow":["GET"]}}],"collection":[{"href":"https:\/\/we.pb.edu.pl\/kair\/wp-json\/wp\/v2\/pages"}],"about":[{"href":"https:\/\/we.pb.edu.pl\/kair\/wp-json\/wp\/v2\/types\/page"}],"author":[{"embeddable":true,"href":"https:\/\/we.pb.edu.pl\/kair\/wp-json\/wp\/v2\/users\/32"}],"replies":[{"embeddable":true,"href":"https:\/\/we.pb.edu.pl\/kair\/wp-json\/wp\/v2\/comments?post=2511"}],"version-history":[{"count":32,"href":"https:\/\/we.pb.edu.pl\/kair\/wp-json\/wp\/v2\/pages\/2511\/revisions"}],"predecessor-version":[{"id":3791,"href":"https:\/\/we.pb.edu.pl\/kair\/wp-json\/wp\/v2\/pages\/2511\/revisions\/3791"}],"up":[{"embeddable":true,"href":"https:\/\/we.pb.edu.pl\/kair\/wp-json\/wp\/v2\/pages\/2414"}],"wp:attachment":[{"href":"https:\/\/we.pb.edu.pl\/kair\/wp-json\/wp\/v2\/media?parent=2511"}],"curies":[{"name":"wp","href":"https:\/\/api.w.org\/{rel}","templated":true}]}}