{"id":2478,"date":"2021-01-21T13:11:28","date_gmt":"2021-01-21T12:11:28","guid":{"rendered":"https:\/\/we.pb.edu.pl\/kair\/?page_id=2478"},"modified":"2025-10-22T14:12:26","modified_gmt":"2025-10-22T12:12:26","slug":"dzialalnosc-naukowa","status":"publish","type":"page","link":"https:\/\/we.pb.edu.pl\/kair\/krzysztof-rogowski\/dzialalnosc-naukowa\/","title":{"rendered":"Dzia\u0142alno\u015b\u0107 naukowa"},"content":{"rendered":"<p><img decoding=\"async\" style=\"float: left;width: 120px;margin-left: 2em\" src=\"\/wp-content\/uploads\/sites\/4\/2021\/10\/KR.png\" alt=\"dr in\u017c. Krzysztof Rogowski\"><br \/>\n<ul class=\"nav nav-pills\">\n<p>    <li><a href=\"https:\/\/we.pb.edu.pl\/kair\/krzysztof-rogowski\/dzialalnosc-dydaktyczna\/\"> Dzia\u0142alno\u015b\u0107 dydaktyczna <\/a><\/li>\n    <li><a href=\"https:\/\/we.pb.edu.pl\/kair\/krzysztof-rogowski\/dzialalnosc-organizacyjna\/\"> Dzia\u0142alno\u015b\u0107 organizacyjna <\/a><\/li>\n    <li><a href=\"https:\/\/we.pb.edu.pl\/kair\/krzysztof-rogowski\/krzysztof-rogowski-phd-eng-department-of-automatic-control-and-robotics\/\"> In English <\/a><\/li>\n    <li><a href=\"https:\/\/we.pb.edu.pl\/kair\/krzysztof-rogowski\/\">STRONA G\u0141\u00d3WNA<\/a><\/li>\n<\/ul>\n<hr>\n<p><a href=\"https:\/\/www.researchgate.net\/profile\/Krzysztof_Rogowski2\" rel=\"noopener\" target=\"_blank\">Profil Research Gate<\/a><br \/>\n<a href=\"https:\/\/scholar.google.pl\/citations?user=pMwmiTAAAAAJ&amp;hl=pl\" rel=\"noopener\" target=\"_blank\">Profil Google Scholar<\/a><\/p>\n<hr>\n<h2>Zainteresowania<\/h2>\n<ul>\n<li>teoria sterowania, elektrotechnika, elektroenergetyka;<\/li>\n<li>zastosowanie rachunku macierzowego, r\u00f3\u017cniczkowego i r\u00f3\u017cnicowego nieca\u0142kowitego rz\u0119du w elektrotechnice;<\/li>\n<li>programy do oblicze\u0144 in\u017cynierskich MATLAB, Scilab w modelowaniu uk\u0142ad\u00f3w sterowania oraz element\u00f3w systemu elektroenergetycznego.<\/li>\n<\/ul>\n<hr>\n<h2>Dorobek naukowy<\/h2>\n<h3>Artyku\u0142y<\/h3>\n<ol>\n<li>Kaczorek T., Rogowski K., <a href=\"https:\/\/reference-global.com\/article\/10.14313\/jamris-2025-001\" rel=\"noopener\" target=\"_blank\">Controllability, observability and transfer matrix zeroing of the Roesser model<\/a>, Journal of Automation Mobile Robotics and Intelligent Systems, Vol. 19 no. 1, 2025 DOI: 10.14313\/jamris\u20102025\u2010001 <\/li>\n<li> Ostaszewicz D., Rogowski K., <a href=\"https:\/\/www.mdpi.com\/2079-9292\/13\/18\/3652\" rel=\"noopener\" target=\"_blank\">Application of Genetic Algorithms for Strejc Model Parameter Tuning<\/a>, Electronics (Switzerland), 2024, vol. 13, nr 18, s.1-13, DOI:10.3390\/electronics13183652<\/li>\n<li> Godlewski M., Rogowski K., <a href=\"https:\/\/www.par.pl\/Archiwum\/2022\/3-2022\/Data-Acquisition-and-Control-System-Based-on-Scilab-Software-Environment\" rel=\"noopener\" target=\"_blank\">Data Acquisition and Control System Based on Scilab Software Environment<\/a>, Pomiary Automatyka Robotyka, ISSN 1427-9126    2022, Tom 26, Nr 3, s. 49-55, DOI:10.14313\/par_245\/49<\/li>\n<li>Kieczmerski P., Rogowski K., <a target=\"_blank\" rel=\"noopener\">Application of SIMATIC S7-1200 controllers for the water level control system in water reservoirs<\/a> Przegl\u0105d Elektrotechniczny, 2022, Tom 98, Nr 10, s.23-27, DOI:10.15199\/48.2022.10.04<\/li>\n<li>Piotrowska E., Rogowski K., <a href=\"https:\/\/www.mdpi.com\/2079-9292\/10\/4\/475\" rel=\"noopener\" target=\"_blank\">Time-Domain Analysis of Fractional Electrical Circuit Containing Two Ladder Elements<\/a>, Electronics (Switzerland), 2021, vol. 10, nr 4, s.1-13, Numer artyku\u0142u:475. DOI:10.3390\/electronics10040475<\/li>\n<li>Rogowski K., <a href=\"https:\/\/www.mdpi.com\/2073-8994\/12\/12\/1934\" rel=\"noopener\" target=\"_blank\">General Response Formula for CFD Pseudo-Fractional 2D Continuous Linear Systems Described by the Roesser Model<\/a>, Symmetry-Basel, 2020, vol. 12, nr 12, s.1-12, Numer artyku\u0142u:1934. DOI:10.3390\/sym12121934<\/li>\n<li>Rogowski K., <a href=\"https:\/\/www.sciencedirect.com\/science\/article\/pii\/S2405896317328483\" rel=\"noopener\" target=\"_blank\">Solution to the Fractional-Order 2D Continuous Systems Described by the Second Fornasini-Marchesini Model<\/a>, IFAC-PapersOnLine, 2017, vol. 50, nr 1, s.9748-9752. DOI:10.1016\/j.ifacol.2017.08.217<\/li>\n<li>Rogowski K., <a href=\"https:\/\/journals.pan.pl\/Content\/84419\/PDF\/acsc-2016-0008.pdf\" rel=\"noopener\" target=\"_blank\">Reachability of standard and fractional continuous-time systems with constant inputs<\/a>, Archives of Control Sciences, vol. 26, nr 2, str. 147-159, 2016.<\/li>\n<li>Kaczorek T., Rogowski K., <a href=\"https:\/\/www.researchgate.net\/publication\/260943761_A_computer_algorithm_for_the_solution_of_the_state_equations_of_descriptor_fractional_discrete-time_linear_systems\" rel=\"noopener\" target=\"_blank\">A computer algorithm for the solution of the state equations of descriptor fractional discrete-time linear systems<\/a>, Pomiary Automatyka Kontrola, vol. 59, nr 7, str. 695-699, 2013.<\/li>\n<li>Rogowski K., <a href=\"https:\/\/www.researchgate.net\/publication\/260943760_General_Response_Formula_for_Fractional_2D_Continuous-Time_Linear_Systems_Described_by_the_Roesser_Model\" rel=\"noopener\" target=\"_blank\">General response formula for fractional 2D continuous-time linear systems described by the Roesser model<\/a>, Acta Mechanica et Automatica, vol. 5, no. 2, str. 112-116, 2011.<\/li>\n<li>Rogowski K., <a href=\"http:\/\/bulletin.pan.pl\/(59-2)195.pdf\">Positivity and stability of fractional 2D Lyapunov systems described by the Roesser model<\/a><\/i> , Bulletin of the Polish Academy of Sciences: Technical Sciencces, vol. 59, no. 2, 2011, str. 195-200.<\/li>\n<li>Kaczorek T., Rogowski K., <a href=\"https:\/\/journals.pan.pl\/dlibra\/publication\/97567\/edition\/84154\/content\/reachability-of-linear-hybrid-systems-described-by-the-general-model-rogowski-krzysztof-kaczorek-tadeusz?language=pl\" rel=\"noopener\" target=\"_blank\">Reachability of linear hybrid systems described by the general model<\/a>, Archives of Control Sciences, vol. 20, nr 2, 2010, str. 199-207.<\/li>\n<li>Rogowski K., <a href=\"http:\/\/yadda.icm.edu.pl\/baztech\/element\/bwmeta1.element.baztech-article-BSW1-0076-0038\" rel=\"noopener\" target=\"_blank\">Dodatnio\u015b\u0107 i stabilno\u015b\u0107 dwuwymiarowych uklad\u00f3w Lapunowa nieca\u0142kowitego rz\u0119du opisanych modelem Roessera<\/a>, Pomiary Automatyka Robotyka, nr 2, 2010, str. 453-462.<\/li>\n<li>Kaczorek T., Rogowski K., <a href=\"https:\/\/content.sciendo.com\/configurable\/contentpage\/journals$002famcs$002f20$002f1$002farticle-p85.xml\" rel=\"noopener\" target=\"_blank\">Positivity and stabilization of fractional 2D linear systems described by the Roesser model<\/a> , International Journal of Applied Mathematics and Computer Science, vol. 20, nr 1, 2010, str. 85-92.<\/li>\n<li>Rogowski K., Kaczorek T., <a href=\"https:\/\/yadda.icm.edu.pl\/baztech\/element\/bwmeta1.element.baztech-article-BSW4-0055-0003\" rel=\"noopener\" target=\"_blank\">Symulacja singularnych liniowych uk\u0142ad\u00f3w ci\u0105g\u0142ych<\/a> , Pomiary Automatyka Kontrola, Nr 9, 2008, str. 620-622.<\/li>\n<\/ol>\n<h3>Monografie i rozdzia\u0142y w monografiach<\/h3>\n<ol>\n<li>Rogowski K., <a href=\"https:\/\/link.springer.com\/chapter\/10.1007\/978-3-030-13273-6_21\" rel=\"noopener\" target=\"_blank\">Minimum Energy Control and Reachability of Continuous-Time Linear Systems with Rectangular Inputs<\/a> w: Automation 2019 Progress in Automation, Robotics and Measurement Techniques \/ Szewczyk Roman, Zieli\u0144ski Cezary, Kaliczy\u0144ska Ma\u0142gorzata (red.), Advances in Intelligent Systems and Computing, 2020, nr 920, Cham, Springer, s.208-217, ISBN 978-3-030-13273-6. DOI:10.1007\/978-3-030-13273-6_21<\/li>\n<li>Rogowski K., Piotrowska E. <a href=\"https:\/\/link.springer.com\/chapter\/10.1007%2F978-3-319-78458-8_16\" rel=\"noopener\" target=\"_blank\">Analysis of Fractional Electrical Circuit Using Caputo and Conformable Derivative Definitions<\/a> W: Non-integer Order Systems [9th Conference on Non-integer Order Calculus and Its Applications] \/ Ostalczyk Piotr, Sankowski Dominik, Nowakowski Jacek (red.), Lecture Notes in Electrical Engineering, 2019, vol. 496, Cham, Springer, s.183-194, ISBN 978-3-319-78458-8. DOI:10.1007\/978-3-319-78458-8_16<\/li>\n<li>Rogowski K., <a lang=\"en\" title=\"Otworzy si\u0119 w nowej karcie.\" href=\"https:\/\/link.springer.com\/chapter\/10.1007\/978-3-319-54211-9_16\" rel=\"noopener\" target=\"_blank\">Positivity analysis of continuous Fornasini-Marchesini fractional model<\/a>, w: Proceedings of the 5th International Symposium on Positive Systems: POSTA 2016, 2016, Rzym.<\/li>\n<li>Rogowski K., <a href=\"https:\/\/link.springer.com\/chapter\/10.1007\/978-3-319-29357-8_31\" rel=\"noopener\" target=\"_blank\">Reachability of standard and fractional continuous-time systems with piecewise constant inputs<\/a>, in Challenges in Automation, Robotics and Measurement Techniques, vol. 440, str. 341-349, Springer, 2016.<\/li>\n<li>Rogowski K., <a href=\"https:\/\/journals.pan.pl\/dlibra\/publication\/97916\/edition\/84419\/content\" rel=\"noopener\" target=\"_blank\">Reachability of Standard and Fractional Continuous-Time Systems with Piecewise Constant Inputs<\/a> w: Challenges in Automation, Robotics and Measurement Techniques : Proceedings of Automation-2016, Advances in Intelligent Systems and Computing, 2016, nr vol. 440, Cham, Springer, s.341-349, ISBN 978-3-319-29356-1. DOI:10.1007\/978-3-319-29357-8_31<\/li>\n<li>Kaczorek T., Rogowski K., <a href=\"https:\/\/www.springer.com\/gp\/book\/9783319113609\" rel=\"noopener\" target=\"_blank\">Fractional linear systems and electrical circuits<\/a>, Studies in Systems, Decision and Control, Vol. 13, Springer, 2015.<\/li>\n<li>Kaczorek T., Rogowski K., <a href=\"https:\/\/instytucja.pan.pl\/images\/2015\/w4\/Fractional_Linear_Systems_and_Electrical_Circuits_Tadeusz_Kaczorek_Krzysztof_Rogowski.docx.pdf\" rel=\"noopener\" target=\"_blank\">Fractional linear systems and electrical circuits<\/a>, Rozprawy Naukowe. Biblioteka Elektrotechniki, Politechnika Bia\u0142ostocka, nr 263, 2014, Bia\u0142ystok, Oficyna Wydawnicza Politechniki Bia\u0142ostockiej, 335 s.<\/li>\n<\/ol>\n<h3>Referaty na konferencjach<\/h3>\n<ol>\n<li>Rogowski K., <i>Positivity analysis of continuous Fornasini-Marchesini fractional model<\/i>, The 5th International Symposium on Positive Systems (POSTA2016), September 14th-16th 2016, Rome, Italy.<\/li>\n<li>Rogowski K., <i>Osi\u0105galno\u015b\u0107 standardowych i u\u0142amkowych uk\u0142ad\u00f3w ci\u0105g\u0142ych o odcinkowo sta\u0142ych wymuszeniach<\/i>, AUTOMATION 2016, 2-3 marca 2016, Warszawa.<\/li>\n<li>Rogowski K., <i>General response formula for fractional 2D continuous-time linear systems described by the Roesser model<\/i>, III Seminarium Naukowe Rachunek R\u00f3\u017cniczkowy Nieca\u0142kowitego Rz\u0119du i Jego Zastosowania, 4-5 lipiec 2011, Bia\u0142ystok.<\/li>\n<li>Kaczorek T., Rogowski K., <i>Reachability of linear hybrid systems described by the general model<\/i>, Mathematical Methods in Engineering International Symposium, 21-24 pa\u017adziernik 2010, Coimbra.<\/li>\n<li>Rogowski K., <i>Dodatnio\u015b\u0107 i stabilno\u015b\u0107 dwuwymiarowych uk\u0142ad\u00f3w Lapunowa nieca\u0142kowitego rz\u0119du opisanych modelem Roessera<\/i>, AUTOMATION 2010, 24-26 marca 2010, Warszawa.<\/li>\n<li>Kaczorek T., Rogowski K., <i>Positivity and stabilization of fractional 2D linear systems described by the Roesser model<\/i>, Proceedings of the 14th International Conference on Methods and Models in Automation and Robotics, 19-21 sierpnia 2009, Mi\u0119dzyzdroje.<\/li>\n<li>Rogowski K., <i>Observability of the positive different orders fractional 2D linear systems<\/i>, X Mi\u0119dzynarodowe Warsztaty Doktoranckie OWD 2008, 18-21 Pa\u017adziernika 2008, Wis\u0142a-G\u0142\u0119bce, str. 543-548.<\/li>\n<\/ol>\n<hr>\n<h2>Udzia\u0142 w projektach naukowych<\/h2>\n<ul>\n<li>2013 &#8211; 2014 &#8211; wykonawca pracy statutowej nr S\/WE\/2\/2013 pt.: <i>Modele matematyczne niezawodno\u015bci oraz bezpiecze\u0144stwa uk\u0142ad\u00f3w i urz\u0105dze\u0144 elektroenergetycznych<\/i><\/li>\n<li>2014 &#8211; 2015 &#8211; wykonawca pracy statutowej nr S\/WE\/4\/2013 pt.: <i>Technologia \u015bwiat\u0142owod\u00f3w aktywnych oraz zastosowania p\u00f3\u0142przewodnikowych \u017ar\u00f3de\u0142 promieniowania<\/i> zadanie badawcze: <i>Modele matematyczne niezawodno\u015bci oraz bezpiecze\u0144stwa urz\u0105dze\u0144 elektroenergetycznych<\/i><\/li>\n<li>2015 &#8211; 2018 &#8211; wykonawca w projekcie naukowym finansowanym przez Narodowe Centrum Nauki pt.  <i>Deskryptorowe uk\u0142ady nieliniowe i liniowe nieca\u0142kowitych rz\u0119d\u00f3w<\/i><\/li>\n<li>2016 &#8211; 2019 &#8211; wykonawca pracy statutowej nr S\/WE\/1\/2016 pt.: <i>Nowoczesne metody analizy, syntezy , sterowania i diagnostyki uk\u0142ad\u00f3w dynamicznych<\/i><\/li>\n<li>2018 &#8211; 2021 &#8211; wykonawca w projekcie naukowym finansowanym przez Narodowe Centrum Nauki pt.  <i>Analiza i synteza wybranych klas liniowych i nieliniowych uk\u0142ad\u00f3w rz\u0119du nieca\u0142kowitego<\/i><\/li>\n<li>2019 &#8211; 2022  &#8211; wykonawca pracy w\u0142asnej zespo\u0142owej nr WZ\/WE-IA\/6\/2020 pt. <i>Analiza, synteza i diagnostyka nowoczesnych system\u00f3w sterowania<\/i><\/li>\n<li>2023 &#8211; 2025  &#8211; wykonawca pracy w\u0142asnej zespo\u0142owej nr WZ\/WE-IA\/5\/2023 pt. <i>Metody analizy, syntezy i diagnostyki w nowoczesnych systemach sterowania<\/i><\/li>\n<li>2023 &#8211; 2025 &#8211; wykonawca w projekcie naukowym finansowanym przez Narodowe Centrum Nauki pt. <i>Analiza i synteza uk\u0142ad\u00f3w sterowania z wykorzystaniem uk\u0142ad\u00f3w prze\u0142\u0105czalnych nieca\u0142kowitego rz\u0119du<\/i><\/li>\n<\/ul>\n<hr>\n<h2>Pe\u0142nione funkcje <\/h2>\n<h3>Promotor pomocniczy w przewodach doktorskich:<\/h3>\n<ul>\n<li>&#8222;Analiza wp\u0142ywu op\u00f3\u017anie\u0144 na w\u0142a\u015bciwo\u015bci dynamiczne uk\u0142ad\u00f3w sterowania nieca\u0142kowitego rz\u0119du&#8221;, mgr in\u017c. Dawid Ostaszewicz <\/li>\n<li>&#8222;Badanie algorytm\u00f3w sterowania prze\u0142\u0105czalnych uk\u0142ad\u00f3w nieca\u0142kowitego rz\u0119du&#8221;, mgr in\u017c. Pawe\u0142 Kieczmerski <\/li>\n<li>&#8222;Stabilno\u015b\u0107 i stabilizacja wybranych klas dodatnich uk\u0142ad\u00f3w prze\u0142\u0105czalnych&#8221;, mgr in\u017c. Robert Cimochowski<\/li>\n<li>&#8222;Analiza obwod\u00f3w elektrycznych zawieraj\u0105cych elementy opisane pochodnymi o r\u00f3\u017cnych rz\u0119dach nieca\u0142kowitych&#8221;, mgr in\u017c. Ewa Piotrowska &#8211; rozprawa doktorska obroniona 22.09.2021 r.,<\/li>\n<li>&#8222;Zastosowanie sprz\u0119\u017ce\u0144 zwrotnych w liniowych deskryptorowych uk\u0142adach dynamicznych&#8221;, mgr in\u017c. Kamil Borawski &#8211; rozprawa doktorska obroniona z wyr\u00f3\u017cnieniem 26.06.2020 r.<\/li>\n<\/ul>\n","protected":false},"excerpt":{"rendered":"<p>Profil Research Gate Profil Google Scholar Zainteresowania teoria sterowania, elektrotechnika, elektroenergetyka; zastosowanie rachunku macierzowego, r\u00f3\u017cniczkowego<a class=\"read-more\" href=\"https:\/\/we.pb.edu.pl\/kair\/krzysztof-rogowski\/dzialalnosc-naukowa\/\" title=\"Poka\u017c artyku\u0142 Dzia\u0142alno\u015b\u0107 naukowa\">wi\u0119cej<\/a><\/p>\n","protected":false},"author":32,"featured_media":0,"parent":2414,"menu_order":0,"comment_status":"closed","ping_status":"closed","template":"","meta":{"inline_featured_image":false,"ngg_post_thumbnail":0,"footnotes":""},"class_list":["post-2478","page","type-page","status-publish","hentry"],"acf":[],"yoast_head":"<!-- This site is optimized with the Yoast SEO plugin v26.4 - https:\/\/yoast.com\/wordpress\/plugins\/seo\/ -->\n<title>Dzia\u0142alno\u015b\u0107 naukowa - Katedra Automatyki i Robotyki<\/title>\n<meta name=\"description\" content=\"dr in\u017c. Krzysztof Rogowski Wydzia\u0142 Elektryczny Politechniki Bia\u0142ostockiej strona s\u0142u\u017cbowa\" \/>\n<meta name=\"robots\" content=\"index, follow, max-snippet:-1, max-image-preview:large, max-video-preview:-1\" \/>\n<link rel=\"canonical\" href=\"https:\/\/we.pb.edu.pl\/kair\/krzysztof-rogowski\/dzialalnosc-naukowa\/\" \/>\n<meta property=\"og:locale\" content=\"pl_PL\" \/>\n<meta property=\"og:type\" content=\"article\" \/>\n<meta property=\"og:title\" content=\"Dzia\u0142alno\u015b\u0107 naukowa - Katedra Automatyki i Robotyki\" \/>\n<meta property=\"og:description\" content=\"dr in\u017c. Krzysztof Rogowski Wydzia\u0142 Elektryczny Politechniki Bia\u0142ostockiej strona s\u0142u\u017cbowa\" \/>\n<meta property=\"og:url\" content=\"https:\/\/we.pb.edu.pl\/kair\/krzysztof-rogowski\/dzialalnosc-naukowa\/\" \/>\n<meta property=\"og:site_name\" content=\"Katedra Automatyki i Robotyki\" \/>\n<meta property=\"article:modified_time\" content=\"2025-10-22T12:12:26+00:00\" \/>\n<meta name=\"twitter:card\" content=\"summary_large_image\" \/>\n<meta name=\"twitter:label1\" content=\"Szacowany czas czytania\" \/>\n\t<meta name=\"twitter:data1\" content=\"7 minut\" \/>\n<script type=\"application\/ld+json\" class=\"yoast-schema-graph\">{\"@context\":\"https:\/\/schema.org\",\"@graph\":[{\"@type\":\"WebPage\",\"@id\":\"https:\/\/we.pb.edu.pl\/kair\/krzysztof-rogowski\/dzialalnosc-naukowa\/\",\"url\":\"https:\/\/we.pb.edu.pl\/kair\/krzysztof-rogowski\/dzialalnosc-naukowa\/\",\"name\":\"Dzia\u0142alno\u015b\u0107 naukowa - Katedra Automatyki i Robotyki\",\"isPartOf\":{\"@id\":\"https:\/\/we.pb.edu.pl\/kair\/#website\"},\"datePublished\":\"2021-01-21T12:11:28+00:00\",\"dateModified\":\"2025-10-22T12:12:26+00:00\",\"description\":\"dr in\u017c. Krzysztof Rogowski Wydzia\u0142 Elektryczny Politechniki Bia\u0142ostockiej strona s\u0142u\u017cbowa\",\"breadcrumb\":{\"@id\":\"https:\/\/we.pb.edu.pl\/kair\/krzysztof-rogowski\/dzialalnosc-naukowa\/#breadcrumb\"},\"inLanguage\":\"pl-PL\",\"potentialAction\":[{\"@type\":\"ReadAction\",\"target\":[\"https:\/\/we.pb.edu.pl\/kair\/krzysztof-rogowski\/dzialalnosc-naukowa\/\"]}]},{\"@type\":\"BreadcrumbList\",\"@id\":\"https:\/\/we.pb.edu.pl\/kair\/krzysztof-rogowski\/dzialalnosc-naukowa\/#breadcrumb\",\"itemListElement\":[{\"@type\":\"ListItem\",\"position\":1,\"name\":\"Strona g\u0142\u00f3wna\",\"item\":\"https:\/\/we.pb.edu.pl\/kair\/\"},{\"@type\":\"ListItem\",\"position\":2,\"name\":\"dr in\u017c. Krzysztof Rogowski\",\"item\":\"https:\/\/we.pb.edu.pl\/kair\/krzysztof-rogowski\/\"},{\"@type\":\"ListItem\",\"position\":3,\"name\":\"Dzia\u0142alno\u015b\u0107 naukowa\"}]},{\"@type\":\"WebSite\",\"@id\":\"https:\/\/we.pb.edu.pl\/kair\/#website\",\"url\":\"https:\/\/we.pb.edu.pl\/kair\/\",\"name\":\"Katedra Automatyki i Robotyki\",\"description\":\"Katedra Automatyki i Robotyki\",\"potentialAction\":[{\"@type\":\"SearchAction\",\"target\":{\"@type\":\"EntryPoint\",\"urlTemplate\":\"https:\/\/we.pb.edu.pl\/kair\/?s={search_term_string}\"},\"query-input\":{\"@type\":\"PropertyValueSpecification\",\"valueRequired\":true,\"valueName\":\"search_term_string\"}}],\"inLanguage\":\"pl-PL\"}]}<\/script>\n<!-- \/ Yoast SEO plugin. -->","yoast_head_json":{"title":"Dzia\u0142alno\u015b\u0107 naukowa - Katedra Automatyki i Robotyki","description":"dr in\u017c. Krzysztof Rogowski Wydzia\u0142 Elektryczny Politechniki Bia\u0142ostockiej strona s\u0142u\u017cbowa","robots":{"index":"index","follow":"follow","max-snippet":"max-snippet:-1","max-image-preview":"max-image-preview:large","max-video-preview":"max-video-preview:-1"},"canonical":"https:\/\/we.pb.edu.pl\/kair\/krzysztof-rogowski\/dzialalnosc-naukowa\/","og_locale":"pl_PL","og_type":"article","og_title":"Dzia\u0142alno\u015b\u0107 naukowa - Katedra Automatyki i Robotyki","og_description":"dr in\u017c. Krzysztof Rogowski Wydzia\u0142 Elektryczny Politechniki Bia\u0142ostockiej strona s\u0142u\u017cbowa","og_url":"https:\/\/we.pb.edu.pl\/kair\/krzysztof-rogowski\/dzialalnosc-naukowa\/","og_site_name":"Katedra Automatyki i Robotyki","article_modified_time":"2025-10-22T12:12:26+00:00","twitter_card":"summary_large_image","twitter_misc":{"Szacowany czas czytania":"7 minut"},"schema":{"@context":"https:\/\/schema.org","@graph":[{"@type":"WebPage","@id":"https:\/\/we.pb.edu.pl\/kair\/krzysztof-rogowski\/dzialalnosc-naukowa\/","url":"https:\/\/we.pb.edu.pl\/kair\/krzysztof-rogowski\/dzialalnosc-naukowa\/","name":"Dzia\u0142alno\u015b\u0107 naukowa - Katedra Automatyki i Robotyki","isPartOf":{"@id":"https:\/\/we.pb.edu.pl\/kair\/#website"},"datePublished":"2021-01-21T12:11:28+00:00","dateModified":"2025-10-22T12:12:26+00:00","description":"dr in\u017c. Krzysztof Rogowski Wydzia\u0142 Elektryczny Politechniki Bia\u0142ostockiej strona s\u0142u\u017cbowa","breadcrumb":{"@id":"https:\/\/we.pb.edu.pl\/kair\/krzysztof-rogowski\/dzialalnosc-naukowa\/#breadcrumb"},"inLanguage":"pl-PL","potentialAction":[{"@type":"ReadAction","target":["https:\/\/we.pb.edu.pl\/kair\/krzysztof-rogowski\/dzialalnosc-naukowa\/"]}]},{"@type":"BreadcrumbList","@id":"https:\/\/we.pb.edu.pl\/kair\/krzysztof-rogowski\/dzialalnosc-naukowa\/#breadcrumb","itemListElement":[{"@type":"ListItem","position":1,"name":"Strona g\u0142\u00f3wna","item":"https:\/\/we.pb.edu.pl\/kair\/"},{"@type":"ListItem","position":2,"name":"dr in\u017c. Krzysztof Rogowski","item":"https:\/\/we.pb.edu.pl\/kair\/krzysztof-rogowski\/"},{"@type":"ListItem","position":3,"name":"Dzia\u0142alno\u015b\u0107 naukowa"}]},{"@type":"WebSite","@id":"https:\/\/we.pb.edu.pl\/kair\/#website","url":"https:\/\/we.pb.edu.pl\/kair\/","name":"Katedra Automatyki i Robotyki","description":"Katedra Automatyki i Robotyki","potentialAction":[{"@type":"SearchAction","target":{"@type":"EntryPoint","urlTemplate":"https:\/\/we.pb.edu.pl\/kair\/?s={search_term_string}"},"query-input":{"@type":"PropertyValueSpecification","valueRequired":true,"valueName":"search_term_string"}}],"inLanguage":"pl-PL"}]}},"_links":{"self":[{"href":"https:\/\/we.pb.edu.pl\/kair\/wp-json\/wp\/v2\/pages\/2478","targetHints":{"allow":["GET"]}}],"collection":[{"href":"https:\/\/we.pb.edu.pl\/kair\/wp-json\/wp\/v2\/pages"}],"about":[{"href":"https:\/\/we.pb.edu.pl\/kair\/wp-json\/wp\/v2\/types\/page"}],"author":[{"embeddable":true,"href":"https:\/\/we.pb.edu.pl\/kair\/wp-json\/wp\/v2\/users\/32"}],"replies":[{"embeddable":true,"href":"https:\/\/we.pb.edu.pl\/kair\/wp-json\/wp\/v2\/comments?post=2478"}],"version-history":[{"count":89,"href":"https:\/\/we.pb.edu.pl\/kair\/wp-json\/wp\/v2\/pages\/2478\/revisions"}],"predecessor-version":[{"id":4105,"href":"https:\/\/we.pb.edu.pl\/kair\/wp-json\/wp\/v2\/pages\/2478\/revisions\/4105"}],"up":[{"embeddable":true,"href":"https:\/\/we.pb.edu.pl\/kair\/wp-json\/wp\/v2\/pages\/2414"}],"wp:attachment":[{"href":"https:\/\/we.pb.edu.pl\/kair\/wp-json\/wp\/v2\/media?parent=2478"}],"curies":[{"name":"wp","href":"https:\/\/api.w.org\/{rel}","templated":true}]}}