{"id":2414,"date":"2020-11-23T12:12:23","date_gmt":"2020-11-23T11:12:23","guid":{"rendered":"https:\/\/we.pb.edu.pl\/kair\/?page_id=2414"},"modified":"2025-10-22T09:15:47","modified_gmt":"2025-10-22T07:15:47","slug":"krzysztof-rogowski","status":"publish","type":"page","link":"https:\/\/we.pb.edu.pl\/kair\/krzysztof-rogowski\/","title":{"rendered":"dr in\u017c. Krzysztof Rogowski"},"content":{"rendered":"<p><img decoding=\"async\" style=\"float: left;width: 200px;margin-left: 2em\" src=\"\/wp-content\/uploads\/sites\/4\/2025\/10\/Krzysztof-Rogowski-Foto-Eksperci-PB-320x320-1.png\" alt=\"dr in\u017c. Krzysztof Rogowski\"><\/p>\n<ul class=\"nav nav-pills\">\n<p>    <li><a href=\"https:\/\/we.pb.edu.pl\/kair\/krzysztof-rogowski\/dzialalnosc-dydaktyczna\/\"> Dzia\u0142alno\u015b\u0107 dydaktyczna <\/a><\/li>\n    <li><a href=\"https:\/\/we.pb.edu.pl\/kair\/krzysztof-rogowski\/dzialalnosc-naukowa\/\"> Dzia\u0142alno\u015b\u0107 naukowa <\/a><\/li>\n    <li><a href=\"https:\/\/we.pb.edu.pl\/kair\/krzysztof-rogowski\/dzialalnosc-organizacyjna\/\"> Dzia\u0142alno\u015b\u0107 organizacyjna <\/a><\/li>\n    <li><a href=\"https:\/\/we.pb.edu.pl\/kair\/krzysztof-rogowski\/krzysztof-rogowski-phd-eng-department-of-automatic-control-and-robotics\/\"> In English <\/a><\/li>\n<\/ul>\n<hr>\n<h2>Konsultacje w semestrze zimowym roku akademickiego 2025\/2026 (pok\u00f3j WE-240)<\/h2>\n<h3>studia stacjonarne<\/h3>\n<p>wtorek: 14:00 &#8211; 15:00<br \/>\n\u015broda: 08:30 &#8211; 10:15<br \/>\nczwartek: 9:00 &#8211; 10:15<\/p>\n<h3>Osoby z niepe\u0142nosprawno\u015bciami<\/h3>\n<p>czwartek: 11:15 &#8211; 13:15<br \/>\nlub w indywidualnie ustalonym terminie<\/p>\n<p>Konsultacje odbywaj\u0105 si\u0119 r\u00f3wnie\u017c w formie zdalnej na platformie MS Teams.<\/p>\n<h2>Kontakt<\/h2>\n<div style=\"border: 1px solid #C0C0C0;padding: 0.5em 1em;border-radius: 0.8em;text-align: left\">\n<i class=\"fa fa-phone\" aria-hidden=\"true\"><\/i> <span aria-label=\"telefon\">  <b>85 746 93 84<\/b><\/span><br \/>\n<i class=\"fa fa-mobile\" aria-hidden=\"true\"><\/i>   <span aria-label=\"telefon kom\u00f3rkowy\"> <b> 571 443 167<\/b><\/span><br \/>\n<i class=\"fa fa-envelope\" aria-hidden=\"true\"><\/i> <a href=\"#\" rel=\"nofollow\"  onclick=\"this.href='mailto:' + ' <b> k.rogowski' + '@' + 'pb.edu.pl<\/b>'\"> <b> k.rogowski [at] pb.edu.pl<\/b><\/a>\n<\/div>\n","protected":false},"excerpt":{"rendered":"<p>Konsultacje w semestrze zimowym roku akademickiego 2025\/2026 (pok\u00f3j WE-240) studia stacjonarne wtorek: 14:00 &#8211; 15:00<a class=\"read-more\" href=\"https:\/\/we.pb.edu.pl\/kair\/krzysztof-rogowski\/\" title=\"Poka\u017c artyku\u0142 dr in\u017c. Krzysztof Rogowski\">wi\u0119cej<\/a><\/p>\n","protected":false},"author":32,"featured_media":0,"parent":0,"menu_order":0,"comment_status":"closed","ping_status":"closed","template":"","meta":{"inline_featured_image":false,"ngg_post_thumbnail":0,"footnotes":""},"class_list":["post-2414","page","type-page","status-publish","hentry"],"acf":[],"yoast_head":"<!-- This site is optimized with the Yoast SEO plugin v26.4 - https:\/\/yoast.com\/wordpress\/plugins\/seo\/ -->\n<title>dr in\u017c. Krzysztof Rogowski - Katedra Automatyki i Robotyki<\/title>\n<meta name=\"description\" content=\"dr in\u017c. Krzysztof Rogowski Wydzia\u0142 Elektryczny Politechnika Bia\u0142ostocka strona s\u0142u\u017cbowa\" \/>\n<meta name=\"robots\" content=\"index, follow, max-snippet:-1, max-image-preview:large, max-video-preview:-1\" \/>\n<link rel=\"canonical\" href=\"https:\/\/we.pb.edu.pl\/kair\/krzysztof-rogowski\/\" \/>\n<meta property=\"og:locale\" content=\"pl_PL\" \/>\n<meta property=\"og:type\" content=\"article\" \/>\n<meta property=\"og:title\" content=\"dr in\u017c. Krzysztof Rogowski - Katedra Automatyki i Robotyki\" \/>\n<meta property=\"og:description\" content=\"dr in\u017c. Krzysztof Rogowski Wydzia\u0142 Elektryczny Politechnika Bia\u0142ostocka strona s\u0142u\u017cbowa\" \/>\n<meta property=\"og:url\" content=\"https:\/\/we.pb.edu.pl\/kair\/krzysztof-rogowski\/\" \/>\n<meta property=\"og:site_name\" content=\"Katedra Automatyki i Robotyki\" \/>\n<meta property=\"article:modified_time\" content=\"2025-10-22T07:15:47+00:00\" \/>\n<meta name=\"twitter:card\" content=\"summary_large_image\" \/>\n<meta name=\"twitter:label1\" content=\"Szacowany czas czytania\" \/>\n\t<meta name=\"twitter:data1\" content=\"1 minuta\" \/>\n<script type=\"application\/ld+json\" class=\"yoast-schema-graph\">{\"@context\":\"https:\/\/schema.org\",\"@graph\":[{\"@type\":\"WebPage\",\"@id\":\"https:\/\/we.pb.edu.pl\/kair\/krzysztof-rogowski\/\",\"url\":\"https:\/\/we.pb.edu.pl\/kair\/krzysztof-rogowski\/\",\"name\":\"dr in\u017c. Krzysztof Rogowski - Katedra Automatyki i Robotyki\",\"isPartOf\":{\"@id\":\"https:\/\/we.pb.edu.pl\/kair\/#website\"},\"datePublished\":\"2020-11-23T11:12:23+00:00\",\"dateModified\":\"2025-10-22T07:15:47+00:00\",\"description\":\"dr in\u017c. Krzysztof Rogowski Wydzia\u0142 Elektryczny Politechnika Bia\u0142ostocka strona s\u0142u\u017cbowa\",\"breadcrumb\":{\"@id\":\"https:\/\/we.pb.edu.pl\/kair\/krzysztof-rogowski\/#breadcrumb\"},\"inLanguage\":\"pl-PL\",\"potentialAction\":[{\"@type\":\"ReadAction\",\"target\":[\"https:\/\/we.pb.edu.pl\/kair\/krzysztof-rogowski\/\"]}]},{\"@type\":\"BreadcrumbList\",\"@id\":\"https:\/\/we.pb.edu.pl\/kair\/krzysztof-rogowski\/#breadcrumb\",\"itemListElement\":[{\"@type\":\"ListItem\",\"position\":1,\"name\":\"Strona g\u0142\u00f3wna\",\"item\":\"https:\/\/we.pb.edu.pl\/kair\/\"},{\"@type\":\"ListItem\",\"position\":2,\"name\":\"dr in\u017c. Krzysztof Rogowski\"}]},{\"@type\":\"WebSite\",\"@id\":\"https:\/\/we.pb.edu.pl\/kair\/#website\",\"url\":\"https:\/\/we.pb.edu.pl\/kair\/\",\"name\":\"Katedra Automatyki i Robotyki\",\"description\":\"Katedra Automatyki i Robotyki\",\"potentialAction\":[{\"@type\":\"SearchAction\",\"target\":{\"@type\":\"EntryPoint\",\"urlTemplate\":\"https:\/\/we.pb.edu.pl\/kair\/?s={search_term_string}\"},\"query-input\":{\"@type\":\"PropertyValueSpecification\",\"valueRequired\":true,\"valueName\":\"search_term_string\"}}],\"inLanguage\":\"pl-PL\"}]}<\/script>\n<!-- \/ Yoast SEO plugin. -->","yoast_head_json":{"title":"dr in\u017c. Krzysztof Rogowski - Katedra Automatyki i Robotyki","description":"dr in\u017c. Krzysztof Rogowski Wydzia\u0142 Elektryczny Politechnika Bia\u0142ostocka strona s\u0142u\u017cbowa","robots":{"index":"index","follow":"follow","max-snippet":"max-snippet:-1","max-image-preview":"max-image-preview:large","max-video-preview":"max-video-preview:-1"},"canonical":"https:\/\/we.pb.edu.pl\/kair\/krzysztof-rogowski\/","og_locale":"pl_PL","og_type":"article","og_title":"dr in\u017c. Krzysztof Rogowski - Katedra Automatyki i Robotyki","og_description":"dr in\u017c. Krzysztof Rogowski Wydzia\u0142 Elektryczny Politechnika Bia\u0142ostocka strona s\u0142u\u017cbowa","og_url":"https:\/\/we.pb.edu.pl\/kair\/krzysztof-rogowski\/","og_site_name":"Katedra Automatyki i Robotyki","article_modified_time":"2025-10-22T07:15:47+00:00","twitter_card":"summary_large_image","twitter_misc":{"Szacowany czas czytania":"1 minuta"},"schema":{"@context":"https:\/\/schema.org","@graph":[{"@type":"WebPage","@id":"https:\/\/we.pb.edu.pl\/kair\/krzysztof-rogowski\/","url":"https:\/\/we.pb.edu.pl\/kair\/krzysztof-rogowski\/","name":"dr in\u017c. Krzysztof Rogowski - Katedra Automatyki i Robotyki","isPartOf":{"@id":"https:\/\/we.pb.edu.pl\/kair\/#website"},"datePublished":"2020-11-23T11:12:23+00:00","dateModified":"2025-10-22T07:15:47+00:00","description":"dr in\u017c. Krzysztof Rogowski Wydzia\u0142 Elektryczny Politechnika Bia\u0142ostocka strona s\u0142u\u017cbowa","breadcrumb":{"@id":"https:\/\/we.pb.edu.pl\/kair\/krzysztof-rogowski\/#breadcrumb"},"inLanguage":"pl-PL","potentialAction":[{"@type":"ReadAction","target":["https:\/\/we.pb.edu.pl\/kair\/krzysztof-rogowski\/"]}]},{"@type":"BreadcrumbList","@id":"https:\/\/we.pb.edu.pl\/kair\/krzysztof-rogowski\/#breadcrumb","itemListElement":[{"@type":"ListItem","position":1,"name":"Strona g\u0142\u00f3wna","item":"https:\/\/we.pb.edu.pl\/kair\/"},{"@type":"ListItem","position":2,"name":"dr in\u017c. Krzysztof Rogowski"}]},{"@type":"WebSite","@id":"https:\/\/we.pb.edu.pl\/kair\/#website","url":"https:\/\/we.pb.edu.pl\/kair\/","name":"Katedra Automatyki i Robotyki","description":"Katedra Automatyki i Robotyki","potentialAction":[{"@type":"SearchAction","target":{"@type":"EntryPoint","urlTemplate":"https:\/\/we.pb.edu.pl\/kair\/?s={search_term_string}"},"query-input":{"@type":"PropertyValueSpecification","valueRequired":true,"valueName":"search_term_string"}}],"inLanguage":"pl-PL"}]}},"_links":{"self":[{"href":"https:\/\/we.pb.edu.pl\/kair\/wp-json\/wp\/v2\/pages\/2414","targetHints":{"allow":["GET"]}}],"collection":[{"href":"https:\/\/we.pb.edu.pl\/kair\/wp-json\/wp\/v2\/pages"}],"about":[{"href":"https:\/\/we.pb.edu.pl\/kair\/wp-json\/wp\/v2\/types\/page"}],"author":[{"embeddable":true,"href":"https:\/\/we.pb.edu.pl\/kair\/wp-json\/wp\/v2\/users\/32"}],"replies":[{"embeddable":true,"href":"https:\/\/we.pb.edu.pl\/kair\/wp-json\/wp\/v2\/comments?post=2414"}],"version-history":[{"count":55,"href":"https:\/\/we.pb.edu.pl\/kair\/wp-json\/wp\/v2\/pages\/2414\/revisions"}],"predecessor-version":[{"id":2541,"href":"https:\/\/we.pb.edu.pl\/kair\/wp-json\/wp\/v2\/pages\/2414\/revisions\/2541"}],"wp:attachment":[{"href":"https:\/\/we.pb.edu.pl\/kair\/wp-json\/wp\/v2\/media?parent=2414"}],"curies":[{"name":"wp","href":"https:\/\/api.w.org\/{rel}","templated":true}]}}