{"id":2209,"date":"2020-09-15T13:52:59","date_gmt":"2020-09-15T11:52:59","guid":{"rendered":"https:\/\/we.pb.edu.pl\/kair\/?page_id=2209"},"modified":"2024-10-02T20:15:09","modified_gmt":"2024-10-02T18:15:09","slug":"seseds1sem5","status":"publish","type":"page","link":"https:\/\/we.pb.edu.pl\/kair\/materialy-dydaktyczne\/seseds1sem5\/","title":{"rendered":"SESEDS1sem5"},"content":{"rendered":"<table style=\"width: 98.5088%;\" border=\"0\" cellspacing=\"0\" cellpadding=\"6\" bgcolor=\"#FFFFFF\">\n<tbody>\n<tr>\n<td style=\"width: 100%;\" valign=\"top\" bgcolor=\"#F7F7F7\"><span style=\"color: #000080; font-size: 14pt; font-family: arial, helvetica, sans-serif;\">Materia\u0142y do przedmiotu<br \/>\n<strong>Systemy elektroniki samochodowej EDS1B5034<\/strong><br \/>\nElektrotechnika sem. V<br \/>\nstudia dualne stacjonarne I stopnia &#8211; przedmiot wsp\u00f3lny<br \/>\n<\/span><\/td>\n<\/tr>\n<\/tbody>\n<\/table>\n<table style=\"width: 98.5088%;\" border=\"0\" cellspacing=\"3\" cellpadding=\"3\">\n<tbody>\n<tr>\n<td style=\"width: 23.6934%;\" colspan=\"2\" valign=\"bottom\" bgcolor=\"#D5E6E1\">\n<h5><span style=\"color: #000080; font-family: Verdana, Arial;\"><strong>Informacje og\u00f3lne<\/strong><\/span><\/h5>\n<\/td>\n<\/tr>\n<\/tbody>\n<\/table>\n<p><span style=\"font-family: arial, helvetica, sans-serif; font-size: 12pt;\">Wymiar godzinowy:<\/span><br \/>\n<span style=\"font-family: arial, helvetica, sans-serif; font-size: 12pt;\">wyk\u0142ad &#8211; 15 godzin;<\/span><br \/>\n<span style=\"font-family: arial, helvetica, sans-serif; font-size: 12pt;\">laboratorium &#8211; 30 godzin.<\/span><br \/>\n<span style=\"font-family: arial, helvetica, sans-serif; font-size: 12pt;\"> Zaliczenie wyk\u0142adu i laboratorium &#8211; zaliczenie z ocen\u0105.<\/span><\/p>\n<table style=\"width: 98.4211%;\" border=\"0\" cellspacing=\"3\" cellpadding=\"3\">\n<tbody>\n<tr style=\"height: 42px;\">\n<td style=\"width: 100%; height: 42px;\" valign=\"middle\">\n<p align=\"left\"><span style=\"color: #000080; font-family: Verdana, Arial; font-size: medium;\"><a class=\"pdf\" style=\"text-decoration: none;\" href=\"https:\/\/we.pb.edu.pl\/kair\/materialy-dydaktyczne\/przepraszamy-informacje-w-przygotowaniu\/\" target=\"_blank\" rel=\"noopener noreferrer\"> Program szczeg\u00f3\u0142owy wyk\u0142adu i laboratorium<\/a><\/span><\/p>\n<\/td>\n<\/tr>\n<tr style=\"height: 42px;\">\n<td style=\"width: 100%; height: 42px;\" valign=\"middle\">\n<p align=\"left\"><span style=\"color: #000080; font-family: Verdana, Arial; font-size: medium;\"><a class=\"pdf\" style=\"text-decoration: none;\" href=\"https:\/\/we.pb.edu.pl\/kair\/materialy-dydaktyczne\/przepraszamy-informacje-w-przygotowaniu\/\" target=\"_blank\" rel=\"noopener noreferrer\"> Kryteria zaliczenia wyk\u0142adu<\/a><\/span><\/p>\n<\/td>\n<\/tr>\n<tr style=\"height: 41px;\">\n<td style=\"width: 100%; height: 41px;\" valign=\"middle\">\n<p align=\"left\"><span style=\"color: #000080; font-family: Verdana, Arial; font-size: medium;\"><a class=\"pdf\" style=\"text-decoration: none;\" href=\"https:\/\/we.pb.edu.pl\/kair\/materialy-dydaktyczne\/przepraszamy-informacje-w-przygotowaniu\/\" target=\"_blank\" rel=\"noopener noreferrer\"> Kryteria zaliczenia laboratorium<\/a><\/span><\/p>\n<\/td>\n<\/tr>\n<\/tbody>\n<\/table>\n<table style=\"width: 98.3333%; height: 128px;\" border=\"0\" cellspacing=\"3\" cellpadding=\"3\">\n<tbody>\n<tr style=\"height: 43px;\">\n<td style=\"width: 63.5088%; height: 43px;\" valign=\"bottom\" bgcolor=\"#D5E6E1\">\n<h5><span style=\"color: #000080; font-family: Verdana, Arial;\"><strong>Materia\u0142y do laboratorium<\/strong><\/span><\/h5>\n<\/td>\n<\/tr>\n<tr style=\"height: 46px;\">\n<td style=\"width: 63.5088%; height: 11px;\" valign=\"middle\"><span style=\"color: #000080; font-family: Verdana, Arial; font-size: 12pt;\"><span style=\"color: #000080; font-family: Verdana, Arial;\"><span style=\"font-size: 16px; line-height: 22.4px;\"><a class=\"pdf\" style=\"text-decoration: none;\" href=\"https:\/\/box.biaman.pl\/f\/e3ecaad25ab04f06aefa\/\"> Stanowiskowa instrukcja BHP<\/a><\/span><\/span> <\/span><\/td>\n<\/tr>\n<tr style=\"height: 46px;\">\n<td style=\"width: 63.5088%; height: 11px;\" valign=\"middle\"><span style=\"color: #000080; font-family: Verdana, Arial; font-size: 12pt;\"><span style=\"color: #000080; font-family: Verdana, Arial;\"><span style=\"font-size: 16px; line-height: 22.4px;\"><a class=\"pdf\" style=\"text-decoration: none;\" href=\"https:\/\/box.biaman.pl\/f\/a69d062b0f2c498e96be\/\"> Programowanie mikrokontroler\u00f3w AVR serii Automotive<\/a><\/span><\/span><\/span><\/td>\n<\/tr>\n<tr style=\"height: 46px;\">\n<td style=\"width: 63.5088%; height: 11px;\" valign=\"middle\"><span style=\"color: #000080; font-family: Verdana, Arial; font-size: 12pt;\"><span style=\"color: #000080; font-family: Verdana, Arial;\"><span style=\"font-size: 16px; line-height: 22.4px;\"><a class=\"pdf\" style=\"text-decoration: none;\" href=\"https:\/\/box.biaman.pl\/f\/74ef219122a34cd4aa9e\/\"> Generacja PWM z wykorzystaniem timer\u00f3w<\/a><\/span><\/span><\/span><\/td>\n<\/tr>\n<tr style=\"height: 41px;\">\n<td style=\"width: 63.5088%; height: 11px;\" valign=\"middle\"><span style=\"color: #000080; font-family: Verdana, Arial; font-size: 12pt;\"><span style=\"color: #000080; font-family: Verdana, Arial;\"><span style=\"font-size: 16px; line-height: 22.4px;\"><a class=\"pdf\" style=\"text-decoration: none;\" href=\"https:\/\/box.biaman.pl\/f\/9c1f1c4d22b644f7b86f\/\">&nbsp;Akcelerometr tr\u00f3josiowy<\/a><\/span><\/span><\/span><\/td>\n<\/tr>\n<tr style=\"height: 41px;\">\n<td style=\"width: 63.5088%; height: 11px;\" valign=\"middle\"><span style=\"color: #000080; font-family: Verdana, Arial; font-size: 12pt;\"><span style=\"color: #000080; font-family: Verdana, Arial;\"><span style=\"font-size: 16px; line-height: 22.4px;\"><a class=\"pdf\" style=\"text-decoration: none;\" href=\"https:\/\/box.biaman.pl\/f\/7f895c889d184284ae3e\/\"> System Motronic<\/a><\/span><\/span><\/span><\/td>\n<\/tr>\n<tr style=\"height: 41px;\">\n<td style=\"width: 63.5088%; height: 11px;\" valign=\"middle\"><span style=\"color: #000080; font-family: Verdana, Arial; font-size: 12pt;\"><span style=\"color: #000080; font-family: Verdana, Arial;\"><span style=\"font-size: 16px; line-height: 22.4px;\"><a class=\"pdf\" style=\"text-decoration: none;\" href=\"https:\/\/box.biaman.pl\/f\/eb41f8cb16994bf4b0fb\/\"> Przep\u0142ywomierze powietrza<\/a><\/span><\/span><\/span><\/td>\n<\/tr>\n<tr style=\"height: 39px;\">\n<td style=\"width: 63.5088%; height: 11px;\" valign=\"middle\"><span style=\"color: #000080; font-family: Verdana, Arial; font-size: 12pt;\"><span style=\"color: #000080; font-family: Verdana, Arial;\"><span style=\"font-size: 16px; line-height: 22.4px;\"><a class=\"pdf\" style=\"text-decoration: none;\" href=\"https:\/\/box.biaman.pl\/f\/f0ee8c1c0dbe41be8043\/\"> Magistrala CAN<\/a><\/span><\/span><\/span><\/td>\n<\/tr>\n<\/tbody>\n<\/table>\n<p>&nbsp;<\/p>\n<p style=\"text-align: center;\"><span style=\"color: #000000; font-size: xx-small;\"><span style=\"font-size: 8pt;\">Opracowanie merytoryczne wyk\u0142adu: <strong>dr in\u017c. Wojciech Wojtkowski<\/strong><\/span><br \/>\n<\/span><\/p>\n<table style=\"width: 98.2456%;\" border=\"0\" cellspacing=\"0\" cellpadding=\"6\" bgcolor=\"#FFFFFF\">\n<tbody>\n<tr>\n<td style=\"width: 23.4164%;\" colspan=\"2\" align=\"center\" bgcolor=\"#F7F7F7\"><span style=\"color: #ff0000; font-size: small;\"><span style=\"font-size: 10pt;\">Prawa autorskie do materia\u0142\u00f3w dydaktycznych osi\u0105galnych z tej strony s\u0105 w\u0142asno\u015bci\u0105 intelektualn\u0105 pracownik\u00f3w <\/span><br \/>\n<span style=\"font-size: 10pt;\">Katedry Automatyki i Robotyki WE PB.<\/span><br \/>\n<span style=\"font-size: 10pt;\">Materia\u0142y te s\u0105 udost\u0119pniane studentom nieodp\u0142atnie i nie mog\u0105 by\u0107 przedmiotem jakiejkolwiek dzia\u0142alno\u015bci komercyjnej.<\/span><br \/>\n<span style=\"color: #000080; font-size: small;\"><span style=\"font-size: 10pt;\">Has\u0142a dost\u0119pu do zawarto\u015bci plik\u00f3w spakowanych mo\u017cna uzyska\u0107 od prowadz\u0105cych zaj\u0119cia.<\/span><br \/>\n<span style=\"color: #000000; font-size: 8pt;\">Opracowanie www: <strong>Lech Grodzki<\/strong> l.grodzki(.)pb.edu.pl<\/span><br \/>\n<span style=\"color: #000000; font-size: 8pt;\">tel. (85) 746-93-84<\/span><\/span><\/span><\/td>\n<\/tr>\n<\/tbody>\n<\/table>\n<p style=\"text-align: center;\"><span style=\"font-size: 10pt;\">Aktualizacja: 2024-10-02<\/span><\/p>\n","protected":false},"excerpt":{"rendered":"<p>Materia\u0142y do przedmiotu Systemy elektroniki samochodowej EDS1B5034 Elektrotechnika sem. V studia dualne stacjonarne I stopnia<a class=\"read-more\" href=\"https:\/\/we.pb.edu.pl\/kair\/materialy-dydaktyczne\/seseds1sem5\/\" title=\"Poka\u017c artyku\u0142 SESEDS1sem5\">wi\u0119cej<\/a><\/p>\n","protected":false},"author":12,"featured_media":0,"parent":42,"menu_order":0,"comment_status":"closed","ping_status":"closed","template":"","meta":{"inline_featured_image":false,"ngg_post_thumbnail":0,"footnotes":""},"class_list":["post-2209","page","type-page","status-publish","hentry"],"acf":[],"yoast_head":"<!-- This site is optimized with the Yoast SEO plugin v26.4 - https:\/\/yoast.com\/wordpress\/plugins\/seo\/ -->\n<title>SESEDS1sem5 - Katedra Automatyki i Robotyki<\/title>\n<meta name=\"robots\" content=\"index, follow, max-snippet:-1, max-image-preview:large, max-video-preview:-1\" \/>\n<link rel=\"canonical\" href=\"https:\/\/we.pb.edu.pl\/kair\/materialy-dydaktyczne\/seseds1sem5\/\" \/>\n<meta property=\"og:locale\" content=\"pl_PL\" \/>\n<meta property=\"og:type\" content=\"article\" \/>\n<meta property=\"og:title\" content=\"SESEDS1sem5 - Katedra Automatyki i Robotyki\" \/>\n<meta property=\"og:description\" content=\"Materia\u0142y do przedmiotu Systemy elektroniki samochodowej EDS1B5034 Elektrotechnika sem. V studia dualne stacjonarne I stopniawi\u0119cej\" \/>\n<meta property=\"og:url\" content=\"https:\/\/we.pb.edu.pl\/kair\/materialy-dydaktyczne\/seseds1sem5\/\" \/>\n<meta property=\"og:site_name\" content=\"Katedra Automatyki i Robotyki\" \/>\n<meta property=\"article:modified_time\" content=\"2024-10-02T18:15:09+00:00\" \/>\n<meta name=\"twitter:card\" content=\"summary_large_image\" \/>\n<meta name=\"twitter:label1\" content=\"Szacowany czas czytania\" \/>\n\t<meta name=\"twitter:data1\" content=\"1 minuta\" \/>\n<script type=\"application\/ld+json\" class=\"yoast-schema-graph\">{\"@context\":\"https:\/\/schema.org\",\"@graph\":[{\"@type\":\"WebPage\",\"@id\":\"https:\/\/we.pb.edu.pl\/kair\/materialy-dydaktyczne\/seseds1sem5\/\",\"url\":\"https:\/\/we.pb.edu.pl\/kair\/materialy-dydaktyczne\/seseds1sem5\/\",\"name\":\"SESEDS1sem5 - Katedra Automatyki i Robotyki\",\"isPartOf\":{\"@id\":\"https:\/\/we.pb.edu.pl\/kair\/#website\"},\"datePublished\":\"2020-09-15T11:52:59+00:00\",\"dateModified\":\"2024-10-02T18:15:09+00:00\",\"breadcrumb\":{\"@id\":\"https:\/\/we.pb.edu.pl\/kair\/materialy-dydaktyczne\/seseds1sem5\/#breadcrumb\"},\"inLanguage\":\"pl-PL\",\"potentialAction\":[{\"@type\":\"ReadAction\",\"target\":[\"https:\/\/we.pb.edu.pl\/kair\/materialy-dydaktyczne\/seseds1sem5\/\"]}]},{\"@type\":\"BreadcrumbList\",\"@id\":\"https:\/\/we.pb.edu.pl\/kair\/materialy-dydaktyczne\/seseds1sem5\/#breadcrumb\",\"itemListElement\":[{\"@type\":\"ListItem\",\"position\":1,\"name\":\"Strona g\u0142\u00f3wna\",\"item\":\"https:\/\/we.pb.edu.pl\/kair\/\"},{\"@type\":\"ListItem\",\"position\":2,\"name\":\"Materia\u0142y dydaktyczne KAiR\",\"item\":\"https:\/\/we.pb.edu.pl\/kair\/materialy-dydaktyczne\/\"},{\"@type\":\"ListItem\",\"position\":3,\"name\":\"SESEDS1sem5\"}]},{\"@type\":\"WebSite\",\"@id\":\"https:\/\/we.pb.edu.pl\/kair\/#website\",\"url\":\"https:\/\/we.pb.edu.pl\/kair\/\",\"name\":\"Katedra Automatyki i Robotyki\",\"description\":\"Katedra Automatyki i Robotyki\",\"potentialAction\":[{\"@type\":\"SearchAction\",\"target\":{\"@type\":\"EntryPoint\",\"urlTemplate\":\"https:\/\/we.pb.edu.pl\/kair\/?s={search_term_string}\"},\"query-input\":{\"@type\":\"PropertyValueSpecification\",\"valueRequired\":true,\"valueName\":\"search_term_string\"}}],\"inLanguage\":\"pl-PL\"}]}<\/script>\n<!-- \/ Yoast SEO plugin. -->","yoast_head_json":{"title":"SESEDS1sem5 - Katedra Automatyki i Robotyki","robots":{"index":"index","follow":"follow","max-snippet":"max-snippet:-1","max-image-preview":"max-image-preview:large","max-video-preview":"max-video-preview:-1"},"canonical":"https:\/\/we.pb.edu.pl\/kair\/materialy-dydaktyczne\/seseds1sem5\/","og_locale":"pl_PL","og_type":"article","og_title":"SESEDS1sem5 - Katedra Automatyki i Robotyki","og_description":"Materia\u0142y do przedmiotu Systemy elektroniki samochodowej EDS1B5034 Elektrotechnika sem. V studia dualne stacjonarne I stopniawi\u0119cej","og_url":"https:\/\/we.pb.edu.pl\/kair\/materialy-dydaktyczne\/seseds1sem5\/","og_site_name":"Katedra Automatyki i Robotyki","article_modified_time":"2024-10-02T18:15:09+00:00","twitter_card":"summary_large_image","twitter_misc":{"Szacowany czas czytania":"1 minuta"},"schema":{"@context":"https:\/\/schema.org","@graph":[{"@type":"WebPage","@id":"https:\/\/we.pb.edu.pl\/kair\/materialy-dydaktyczne\/seseds1sem5\/","url":"https:\/\/we.pb.edu.pl\/kair\/materialy-dydaktyczne\/seseds1sem5\/","name":"SESEDS1sem5 - Katedra Automatyki i Robotyki","isPartOf":{"@id":"https:\/\/we.pb.edu.pl\/kair\/#website"},"datePublished":"2020-09-15T11:52:59+00:00","dateModified":"2024-10-02T18:15:09+00:00","breadcrumb":{"@id":"https:\/\/we.pb.edu.pl\/kair\/materialy-dydaktyczne\/seseds1sem5\/#breadcrumb"},"inLanguage":"pl-PL","potentialAction":[{"@type":"ReadAction","target":["https:\/\/we.pb.edu.pl\/kair\/materialy-dydaktyczne\/seseds1sem5\/"]}]},{"@type":"BreadcrumbList","@id":"https:\/\/we.pb.edu.pl\/kair\/materialy-dydaktyczne\/seseds1sem5\/#breadcrumb","itemListElement":[{"@type":"ListItem","position":1,"name":"Strona g\u0142\u00f3wna","item":"https:\/\/we.pb.edu.pl\/kair\/"},{"@type":"ListItem","position":2,"name":"Materia\u0142y dydaktyczne KAiR","item":"https:\/\/we.pb.edu.pl\/kair\/materialy-dydaktyczne\/"},{"@type":"ListItem","position":3,"name":"SESEDS1sem5"}]},{"@type":"WebSite","@id":"https:\/\/we.pb.edu.pl\/kair\/#website","url":"https:\/\/we.pb.edu.pl\/kair\/","name":"Katedra Automatyki i Robotyki","description":"Katedra Automatyki i Robotyki","potentialAction":[{"@type":"SearchAction","target":{"@type":"EntryPoint","urlTemplate":"https:\/\/we.pb.edu.pl\/kair\/?s={search_term_string}"},"query-input":{"@type":"PropertyValueSpecification","valueRequired":true,"valueName":"search_term_string"}}],"inLanguage":"pl-PL"}]}},"_links":{"self":[{"href":"https:\/\/we.pb.edu.pl\/kair\/wp-json\/wp\/v2\/pages\/2209","targetHints":{"allow":["GET"]}}],"collection":[{"href":"https:\/\/we.pb.edu.pl\/kair\/wp-json\/wp\/v2\/pages"}],"about":[{"href":"https:\/\/we.pb.edu.pl\/kair\/wp-json\/wp\/v2\/types\/page"}],"author":[{"embeddable":true,"href":"https:\/\/we.pb.edu.pl\/kair\/wp-json\/wp\/v2\/users\/12"}],"replies":[{"embeddable":true,"href":"https:\/\/we.pb.edu.pl\/kair\/wp-json\/wp\/v2\/comments?post=2209"}],"version-history":[{"count":10,"href":"https:\/\/we.pb.edu.pl\/kair\/wp-json\/wp\/v2\/pages\/2209\/revisions"}],"predecessor-version":[{"id":3705,"href":"https:\/\/we.pb.edu.pl\/kair\/wp-json\/wp\/v2\/pages\/2209\/revisions\/3705"}],"up":[{"embeddable":true,"href":"https:\/\/we.pb.edu.pl\/kair\/wp-json\/wp\/v2\/pages\/42"}],"wp:attachment":[{"href":"https:\/\/we.pb.edu.pl\/kair\/wp-json\/wp\/v2\/media?parent=2209"}],"curies":[{"name":"wp","href":"https:\/\/api.w.org\/{rel}","templated":true}]}}