{"id":2028,"date":"2020-04-01T15:50:36","date_gmt":"2020-04-01T13:50:36","guid":{"rendered":"https:\/\/we.pb.edu.pl\/kair\/?page_id=2028"},"modified":"2021-03-18T14:17:54","modified_gmt":"2021-03-18T13:17:54","slug":"wojciech-wojtkowski","status":"publish","type":"page","link":"https:\/\/we.pb.edu.pl\/kair\/wojciech-wojtkowski\/","title":{"rendered":"dr in\u017c. Wojciech Wojtkowski"},"content":{"rendered":"<p>ul. Wiejska 45D, 15-351 Bia\u0142ystok, tel. (085) 746 9440, p. WE241 \/ WE048.<br \/>\nw.wojtkowski [at] pb.edu.pl <\/p>\n<hr>\n<p>Zaj\u0119cia w semestrze 2021L:<\/p>\n<ul>\n<li>Elektronika samochodowa, wyk\u0142ad + laboratorium<\/li>\n<li>Elektronika, laboratorium + projekt<\/li>\n<li>Synteza uk\u0142ad\u00f3w cyfrowych, laboratorium<\/li>\n<li>Programowalne uk\u0142ady cyfrowe, laboratorium<\/li>\n<li>Internet of Things, laboratorium + projekt + wyk\u0142ad<\/li>\n<li>Automotive electronics, laboratorium + wyk\u0142ad<\/li>\n<\/ul>\n","protected":false},"excerpt":{"rendered":"<p>ul. Wiejska 45D, 15-351 Bia\u0142ystok, tel. (085) 746 9440, p. WE241 \/ WE048. w.wojtkowski [at]<a class=\"read-more\" href=\"https:\/\/we.pb.edu.pl\/kair\/wojciech-wojtkowski\/\" title=\"Poka\u017c artyku\u0142 dr in\u017c. Wojciech Wojtkowski\">wi\u0119cej<\/a><\/p>\n","protected":false},"author":29,"featured_media":0,"parent":0,"menu_order":0,"comment_status":"closed","ping_status":"closed","template":"","meta":{"inline_featured_image":false,"ngg_post_thumbnail":0,"footnotes":""},"class_list":["post-2028","page","type-page","status-publish","hentry"],"acf":[],"yoast_head":"<!-- This site is optimized with the Yoast SEO plugin v26.4 - https:\/\/yoast.com\/wordpress\/plugins\/seo\/ -->\n<title>dr in\u017c. Wojciech Wojtkowski - Katedra Automatyki i Robotyki<\/title>\n<meta name=\"robots\" content=\"index, follow, max-snippet:-1, max-image-preview:large, max-video-preview:-1\" \/>\n<link rel=\"canonical\" href=\"https:\/\/we.pb.edu.pl\/kair\/wojciech-wojtkowski\/\" \/>\n<meta property=\"og:locale\" content=\"pl_PL\" \/>\n<meta property=\"og:type\" content=\"article\" \/>\n<meta property=\"og:title\" content=\"dr in\u017c. Wojciech Wojtkowski - Katedra Automatyki i Robotyki\" \/>\n<meta property=\"og:description\" content=\"ul. Wiejska 45D, 15-351 Bia\u0142ystok, tel. (085) 746 9440, p. WE241 \/ WE048. w.wojtkowski [at]wi\u0119cej\" \/>\n<meta property=\"og:url\" content=\"https:\/\/we.pb.edu.pl\/kair\/wojciech-wojtkowski\/\" \/>\n<meta property=\"og:site_name\" content=\"Katedra Automatyki i Robotyki\" \/>\n<meta property=\"article:modified_time\" content=\"2021-03-18T13:17:54+00:00\" \/>\n<meta name=\"twitter:card\" content=\"summary_large_image\" \/>\n<script type=\"application\/ld+json\" class=\"yoast-schema-graph\">{\"@context\":\"https:\/\/schema.org\",\"@graph\":[{\"@type\":\"WebPage\",\"@id\":\"https:\/\/we.pb.edu.pl\/kair\/wojciech-wojtkowski\/\",\"url\":\"https:\/\/we.pb.edu.pl\/kair\/wojciech-wojtkowski\/\",\"name\":\"dr in\u017c. Wojciech Wojtkowski - Katedra Automatyki i Robotyki\",\"isPartOf\":{\"@id\":\"https:\/\/we.pb.edu.pl\/kair\/#website\"},\"datePublished\":\"2020-04-01T13:50:36+00:00\",\"dateModified\":\"2021-03-18T13:17:54+00:00\",\"breadcrumb\":{\"@id\":\"https:\/\/we.pb.edu.pl\/kair\/wojciech-wojtkowski\/#breadcrumb\"},\"inLanguage\":\"pl-PL\",\"potentialAction\":[{\"@type\":\"ReadAction\",\"target\":[\"https:\/\/we.pb.edu.pl\/kair\/wojciech-wojtkowski\/\"]}]},{\"@type\":\"BreadcrumbList\",\"@id\":\"https:\/\/we.pb.edu.pl\/kair\/wojciech-wojtkowski\/#breadcrumb\",\"itemListElement\":[{\"@type\":\"ListItem\",\"position\":1,\"name\":\"Strona g\u0142\u00f3wna\",\"item\":\"https:\/\/we.pb.edu.pl\/kair\/\"},{\"@type\":\"ListItem\",\"position\":2,\"name\":\"dr in\u017c. Wojciech Wojtkowski\"}]},{\"@type\":\"WebSite\",\"@id\":\"https:\/\/we.pb.edu.pl\/kair\/#website\",\"url\":\"https:\/\/we.pb.edu.pl\/kair\/\",\"name\":\"Katedra Automatyki i Robotyki\",\"description\":\"Katedra Automatyki i Robotyki\",\"potentialAction\":[{\"@type\":\"SearchAction\",\"target\":{\"@type\":\"EntryPoint\",\"urlTemplate\":\"https:\/\/we.pb.edu.pl\/kair\/?s={search_term_string}\"},\"query-input\":{\"@type\":\"PropertyValueSpecification\",\"valueRequired\":true,\"valueName\":\"search_term_string\"}}],\"inLanguage\":\"pl-PL\"}]}<\/script>\n<!-- \/ Yoast SEO plugin. -->","yoast_head_json":{"title":"dr in\u017c. Wojciech Wojtkowski - Katedra Automatyki i Robotyki","robots":{"index":"index","follow":"follow","max-snippet":"max-snippet:-1","max-image-preview":"max-image-preview:large","max-video-preview":"max-video-preview:-1"},"canonical":"https:\/\/we.pb.edu.pl\/kair\/wojciech-wojtkowski\/","og_locale":"pl_PL","og_type":"article","og_title":"dr in\u017c. Wojciech Wojtkowski - Katedra Automatyki i Robotyki","og_description":"ul. Wiejska 45D, 15-351 Bia\u0142ystok, tel. (085) 746 9440, p. WE241 \/ WE048. w.wojtkowski [at]wi\u0119cej","og_url":"https:\/\/we.pb.edu.pl\/kair\/wojciech-wojtkowski\/","og_site_name":"Katedra Automatyki i Robotyki","article_modified_time":"2021-03-18T13:17:54+00:00","twitter_card":"summary_large_image","schema":{"@context":"https:\/\/schema.org","@graph":[{"@type":"WebPage","@id":"https:\/\/we.pb.edu.pl\/kair\/wojciech-wojtkowski\/","url":"https:\/\/we.pb.edu.pl\/kair\/wojciech-wojtkowski\/","name":"dr in\u017c. Wojciech Wojtkowski - Katedra Automatyki i Robotyki","isPartOf":{"@id":"https:\/\/we.pb.edu.pl\/kair\/#website"},"datePublished":"2020-04-01T13:50:36+00:00","dateModified":"2021-03-18T13:17:54+00:00","breadcrumb":{"@id":"https:\/\/we.pb.edu.pl\/kair\/wojciech-wojtkowski\/#breadcrumb"},"inLanguage":"pl-PL","potentialAction":[{"@type":"ReadAction","target":["https:\/\/we.pb.edu.pl\/kair\/wojciech-wojtkowski\/"]}]},{"@type":"BreadcrumbList","@id":"https:\/\/we.pb.edu.pl\/kair\/wojciech-wojtkowski\/#breadcrumb","itemListElement":[{"@type":"ListItem","position":1,"name":"Strona g\u0142\u00f3wna","item":"https:\/\/we.pb.edu.pl\/kair\/"},{"@type":"ListItem","position":2,"name":"dr in\u017c. Wojciech Wojtkowski"}]},{"@type":"WebSite","@id":"https:\/\/we.pb.edu.pl\/kair\/#website","url":"https:\/\/we.pb.edu.pl\/kair\/","name":"Katedra Automatyki i Robotyki","description":"Katedra Automatyki i Robotyki","potentialAction":[{"@type":"SearchAction","target":{"@type":"EntryPoint","urlTemplate":"https:\/\/we.pb.edu.pl\/kair\/?s={search_term_string}"},"query-input":{"@type":"PropertyValueSpecification","valueRequired":true,"valueName":"search_term_string"}}],"inLanguage":"pl-PL"}]}},"_links":{"self":[{"href":"https:\/\/we.pb.edu.pl\/kair\/wp-json\/wp\/v2\/pages\/2028","targetHints":{"allow":["GET"]}}],"collection":[{"href":"https:\/\/we.pb.edu.pl\/kair\/wp-json\/wp\/v2\/pages"}],"about":[{"href":"https:\/\/we.pb.edu.pl\/kair\/wp-json\/wp\/v2\/types\/page"}],"author":[{"embeddable":true,"href":"https:\/\/we.pb.edu.pl\/kair\/wp-json\/wp\/v2\/users\/29"}],"replies":[{"embeddable":true,"href":"https:\/\/we.pb.edu.pl\/kair\/wp-json\/wp\/v2\/comments?post=2028"}],"version-history":[{"count":14,"href":"https:\/\/we.pb.edu.pl\/kair\/wp-json\/wp\/v2\/pages\/2028\/revisions"}],"predecessor-version":[{"id":2720,"href":"https:\/\/we.pb.edu.pl\/kair\/wp-json\/wp\/v2\/pages\/2028\/revisions\/2720"}],"wp:attachment":[{"href":"https:\/\/we.pb.edu.pl\/kair\/wp-json\/wp\/v2\/media?parent=2028"}],"curies":[{"name":"wp","href":"https:\/\/api.w.org\/{rel}","templated":true}]}}