{"id":1582,"date":"2020-02-12T19:30:22","date_gmt":"2020-02-12T18:30:22","guid":{"rendered":"https:\/\/we.pb.edu.pl\/kaie\/?page_id=1582"},"modified":"2021-01-28T19:08:44","modified_gmt":"2021-01-28T18:08:44","slug":"tsairs2sem1","status":"publish","type":"page","link":"https:\/\/we.pb.edu.pl\/kair\/materialy-dydaktyczne\/tsairs2sem1\/","title":{"rendered":"TSAiRS2sem1"},"content":{"rendered":"<p>&nbsp;<\/p>\n<table style=\"width: 98.5088%;\" border=\"0\" cellspacing=\"0\" cellpadding=\"6\" bgcolor=\"#FFFFFF\">\n<tbody>\n<tr>\n<td style=\"width: 100%;\" valign=\"top\" bgcolor=\"#F7F7F7\"><span style=\"color: #000080; font-size: 14pt; font-family: arial, helvetica, sans-serif;\">Materia\u0142y do przedmiotu&nbsp;<br \/>\n<strong> Teoria sterowania MYAR2S01002<\/strong><br \/>\nAutomatyka i robotyka sem. I<br \/>\nstudia stacjonarne II stopnia &#8211; przedmiot wsp\u00f3lny<\/span><\/td>\n<\/tr>\n<\/tbody>\n<\/table>\n<p>&nbsp;<\/p>\n<table style=\"width: 98.5088%;\" border=\"0\" cellspacing=\"3\" cellpadding=\"3\">\n<tbody>\n<tr>\n<td style=\"width: 23.6934%;\" colspan=\"2\" valign=\"bottom\" bgcolor=\"#D5E6E1\">\n<h5><span style=\"color: #000080; font-family: Verdana, Arial;\"><strong>Informacje og\u00f3lne<\/strong><\/span><\/h5>\n<\/td>\n<\/tr>\n<\/tbody>\n<\/table>\n<p><span style=\"font-family: arial, helvetica, sans-serif; font-size: 12pt; color: #000000;\">Wymiar godzinowy:&nbsp;<\/span><br \/>\n<span style=\"color: #000000;\"><span style=\"font-family: arial, helvetica, sans-serif; font-size: 12pt;\">wyk\u0142ad &#8211; 30 godzin;<br \/>\n<\/span><span style=\"font-family: arial, helvetica, sans-serif; font-size: 12pt;\">\u0107wiczenia &#8211; 30 godzin;<br \/>\nprojekt &#8211; 15 godzin.<br \/>\n<\/span><span style=\"font-family: arial, helvetica, sans-serif; font-size: 12pt;\">Zaliczenie wyk\u0142adu &#8211; egzamin; zaliczenie \u0107wicze\u0144 i projektu &#8211; zaliczenie z ocen\u0105.<\/span><\/span><\/p>\n<table style=\"width: 98.4211%;\" border=\"0\" cellspacing=\"3\" cellpadding=\"3\">\n<tbody>\n<tr>\n<td style=\"width: 100%;\" valign=\"middle\">\n<p align=\"left\"><span style=\"color: #000000; font-family: Verdana, Arial; font-size: medium;\"><a class=\"pdf\" style=\"text-decoration: none; color: #000000;\" href=\"https:\/\/we.pb.edu.pl\/kair\/materialy-dydaktyczne\/przepraszamy-informacje-w-przygotowaniu\/\">&nbsp;Program wyk\u0142adu<\/a><\/span><\/p>\n<\/td>\n<\/tr>\n<tr>\n<td style=\"width: 100%;\" valign=\"middle\">\n<p align=\"left\"><span style=\"color: #000000; font-family: Verdana, Arial; font-size: medium;\"><a class=\"pdf\" style=\"text-decoration: none; color: #000000;\" href=\"https:\/\/we.pb.edu.pl\/kair\/materialy-dydaktyczne\/przepraszamy-informacje-w-przygotowaniu\/\">&nbsp;Program \u0107wicze\u0144<\/a><\/span><\/p>\n<\/td>\n<\/tr>\n<tr>\n<td style=\"width: 100%;\" valign=\"middle\">\n<p align=\"left\"><span style=\"color: #000000; font-family: Verdana, Arial; font-size: medium;\"><a class=\"pdf\" style=\"text-decoration: none; color: #000000;\" href=\"https:\/\/we.pb.edu.pl\/kair\/materialy-dydaktyczne\/przepraszamy-informacje-w-przygotowaniu\/\">&nbsp;Program projektu<\/a><\/span><\/p>\n<\/td>\n<\/tr>\n<tr>\n<td style=\"width: 100%;\" valign=\"middle\">\n<p align=\"left\"><span style=\"color: #000000; font-family: Verdana, Arial; font-size: medium;\"><a class=\"pdf\" style=\"text-decoration: none; color: #000000;\" href=\"https:\/\/we.pb.edu.pl\/kair\/materialy-dydaktyczne\/przepraszamy-informacje-w-przygotowaniu\/\">&nbsp;zasady zaliczania przedmiotu<\/a><\/span><\/p>\n<\/td>\n<\/tr>\n<\/tbody>\n<\/table>\n<table style=\"width: 98.3333%;\" border=\"0\" cellspacing=\"3\" cellpadding=\"3\">\n<tbody>\n<tr>\n<td style=\"width: 23.5088%;\" colspan=\"2\" valign=\"bottom\" bgcolor=\"#D5E6E1\">\n<h5><span style=\"color: #000080; font-family: Verdana, Arial;\"><strong>Materia\u0142y do wyk\u0142adu<\/strong><\/span><\/h5>\n<\/td>\n<\/tr>\n<\/tbody>\n<\/table>\n<table style=\"width: 98.3333%; height: 127px;\" border=\"0\" cellspacing=\"3\" cellpadding=\"3\">\n<tbody>\n<tr style=\"height: 42px;\">\n<td style=\"height: 42px; width: 100%;\" valign=\"middle\">\n<p align=\"left\"><span style=\"color: #000000; font-family: Verdana, Arial; font-size: medium;\"><a class=\"pdf\" style=\"text-decoration: none; color: #000000;\" href=\"https:\/\/box.biaman.pl\/d\/445fad1ab1c548cd89dc\/\">&nbsp;link do materia\u0142\u00f3w<\/a><\/span><\/p>\n<\/td>\n<td style=\"height: 42px;\">&nbsp;<\/td>\n<\/tr>\n<tr style=\"height: 43px;\">\n<td style=\"width: 23.5088%; height: 43px;\" colspan=\"2\" valign=\"bottom\" bgcolor=\"#D5E6E1\">\n<h5><span style=\"color: #000080; font-family: Verdana, Arial;\"><strong>Materia\u0142y do \u0107wicze\u0144<\/strong><\/span><\/h5>\n<\/td>\n<\/tr>\n<tr style=\"height: 42px;\">\n<td style=\"height: 42px; width: 100%;\" valign=\"middle\">\n<p align=\"left\"><span style=\"color: #000000; font-family: Verdana, Arial; font-size: medium;\"><a class=\"pdf\" style=\"text-decoration: none; color: #000000;\" href=\"https:\/\/box.biaman.pl\/d\/793b5a50c91f404a84bc\/\">&nbsp;link do materia\u0142\u00f3w<\/a><\/span><\/p>\n<\/td>\n<td style=\"height: 42px;\">&nbsp;<\/td>\n<\/tr>\n<\/tbody>\n<\/table>\n<table style=\"width: 98.3333%;\" border=\"0\" cellspacing=\"3\" cellpadding=\"3\">\n<tbody>\n<tr style=\"height: 42px;\">\n<td style=\"width: 63.5088%; height: 42px;\" valign=\"bottom\" bgcolor=\"#D5E6E1\">\n<h5><span style=\"color: #000080; font-family: Verdana, Arial;\"><strong>Materia\u0142y do projektu<\/strong><\/span><\/h5>\n<\/td>\n<\/tr>\n<tr style=\"height: 42px;\">\n<td style=\"width: 50%; height: 42px;\" valign=\"middle\"><span style=\"color: #000080; font-family: Verdana, Arial; font-size: medium;\"><a class=\"pdf\" style=\"text-decoration: none;\" href=\"https:\/\/box.biaman.pl\/d\/4d2380d736184c01adab\/\">&nbsp;link do materia\u0142\u00f3w<\/a><\/span><\/td>\n<\/tr>\n<\/tbody>\n<\/table>\n<p>&nbsp;<\/p>\n<p style=\"text-align: center;\"><span style=\"color: #000000; font-size: xx-small;\"><span style=\"font-size: 8pt;\">Opracowanie merytoryczne: &nbsp;<\/span><\/span><\/p>\n<table style=\"width: 98.2456%;\" border=\"0\" cellspacing=\"0\" cellpadding=\"6\" bgcolor=\"#FFFFFF\">\n<tbody>\n<tr>\n<td style=\"width: 23.4164%;\" colspan=\"2\" align=\"center\" bgcolor=\"#F7F7F7\"><span style=\"color: #ff0000; font-size: small;\"><span style=\"font-size: 10pt;\">Prawa autorskie do materia\u0142\u00f3w dydaktycznych osi\u0105galnych z tej strony s\u0105 w\u0142asno\u015bci\u0105 intelektualn\u0105 pracownik\u00f3w&nbsp;<\/span><br \/>\n<span style=\"font-size: 10pt;\">Katedry Automatyki i Robotyki WE PB.<\/span><br \/>\n<span style=\"font-size: 10pt;\">Materia\u0142y te s\u0105 udost\u0119pniane studentom nieodp\u0142atnie i nie mog\u0105 by\u0107 przedmiotem jakiejkolwiek dzia\u0142alno\u015bci komercyjnej.<\/span><br \/>\n<span style=\"color: #000080; font-size: small;\"><span style=\"font-size: 10pt;\">Has\u0142a dost\u0119pu do zawarto\u015bci plik\u00f3w spakowanych mo\u017cna uzyska\u0107 od prowadz\u0105cych zaj\u0119cia.<\/span><br \/>\n<span style=\"color: #000000; font-size: 8pt;\">Opracowanie www:&nbsp;<strong>Lech Grodzki<\/strong>&nbsp;l.grodzki(.)pb.edu.pl<\/span><br \/>\n<span style=\"color: #000000; font-size: 8pt;\">tel. (85) 746-93-84<\/span><\/span><\/span><\/td>\n<\/tr>\n<\/tbody>\n<\/table>\n<p style=\"text-align: center;\"><span style=\"font-size: 10pt;\">Aktualizacja: 2020-03-26<\/span><\/p>\n","protected":false},"excerpt":{"rendered":"<p>&nbsp; Materia\u0142y do przedmiotu&nbsp; Teoria sterowania MYAR2S01002 Automatyka i robotyka sem. I studia stacjonarne II<a class=\"read-more\" href=\"https:\/\/we.pb.edu.pl\/kair\/materialy-dydaktyczne\/tsairs2sem1\/\" title=\"Poka\u017c artyku\u0142 TSAiRS2sem1\">wi\u0119cej<\/a><\/p>\n","protected":false},"author":12,"featured_media":0,"parent":42,"menu_order":0,"comment_status":"closed","ping_status":"closed","template":"","meta":{"inline_featured_image":false,"ngg_post_thumbnail":0,"footnotes":""},"class_list":["post-1582","page","type-page","status-publish","hentry"],"acf":[],"yoast_head":"<!-- This site is optimized with the Yoast SEO plugin v26.4 - https:\/\/yoast.com\/wordpress\/plugins\/seo\/ -->\n<title>TSAiRS2sem1 - Katedra Automatyki i Robotyki<\/title>\n<meta name=\"robots\" content=\"index, follow, max-snippet:-1, max-image-preview:large, max-video-preview:-1\" \/>\n<link rel=\"canonical\" href=\"https:\/\/we.pb.edu.pl\/kair\/materialy-dydaktyczne\/tsairs2sem1\/\" \/>\n<meta property=\"og:locale\" content=\"pl_PL\" \/>\n<meta property=\"og:type\" content=\"article\" \/>\n<meta property=\"og:title\" content=\"TSAiRS2sem1 - Katedra Automatyki i Robotyki\" \/>\n<meta property=\"og:description\" content=\"&nbsp; Materia\u0142y do przedmiotu&nbsp; Teoria sterowania MYAR2S01002 Automatyka i robotyka sem. I studia stacjonarne IIwi\u0119cej\" \/>\n<meta property=\"og:url\" content=\"https:\/\/we.pb.edu.pl\/kair\/materialy-dydaktyczne\/tsairs2sem1\/\" \/>\n<meta property=\"og:site_name\" content=\"Katedra Automatyki i Robotyki\" \/>\n<meta property=\"article:modified_time\" content=\"2021-01-28T18:08:44+00:00\" \/>\n<meta name=\"twitter:card\" content=\"summary_large_image\" \/>\n<meta name=\"twitter:label1\" content=\"Szacowany czas czytania\" \/>\n\t<meta name=\"twitter:data1\" content=\"1 minuta\" \/>\n<script type=\"application\/ld+json\" class=\"yoast-schema-graph\">{\"@context\":\"https:\/\/schema.org\",\"@graph\":[{\"@type\":\"WebPage\",\"@id\":\"https:\/\/we.pb.edu.pl\/kair\/materialy-dydaktyczne\/tsairs2sem1\/\",\"url\":\"https:\/\/we.pb.edu.pl\/kair\/materialy-dydaktyczne\/tsairs2sem1\/\",\"name\":\"TSAiRS2sem1 - Katedra Automatyki i Robotyki\",\"isPartOf\":{\"@id\":\"https:\/\/we.pb.edu.pl\/kair\/#website\"},\"datePublished\":\"2020-02-12T18:30:22+00:00\",\"dateModified\":\"2021-01-28T18:08:44+00:00\",\"breadcrumb\":{\"@id\":\"https:\/\/we.pb.edu.pl\/kair\/materialy-dydaktyczne\/tsairs2sem1\/#breadcrumb\"},\"inLanguage\":\"pl-PL\",\"potentialAction\":[{\"@type\":\"ReadAction\",\"target\":[\"https:\/\/we.pb.edu.pl\/kair\/materialy-dydaktyczne\/tsairs2sem1\/\"]}]},{\"@type\":\"BreadcrumbList\",\"@id\":\"https:\/\/we.pb.edu.pl\/kair\/materialy-dydaktyczne\/tsairs2sem1\/#breadcrumb\",\"itemListElement\":[{\"@type\":\"ListItem\",\"position\":1,\"name\":\"Strona g\u0142\u00f3wna\",\"item\":\"https:\/\/we.pb.edu.pl\/kair\/\"},{\"@type\":\"ListItem\",\"position\":2,\"name\":\"Materia\u0142y dydaktyczne KAiR\",\"item\":\"https:\/\/we.pb.edu.pl\/kair\/materialy-dydaktyczne\/\"},{\"@type\":\"ListItem\",\"position\":3,\"name\":\"TSAiRS2sem1\"}]},{\"@type\":\"WebSite\",\"@id\":\"https:\/\/we.pb.edu.pl\/kair\/#website\",\"url\":\"https:\/\/we.pb.edu.pl\/kair\/\",\"name\":\"Katedra Automatyki i Robotyki\",\"description\":\"Katedra Automatyki i Robotyki\",\"potentialAction\":[{\"@type\":\"SearchAction\",\"target\":{\"@type\":\"EntryPoint\",\"urlTemplate\":\"https:\/\/we.pb.edu.pl\/kair\/?s={search_term_string}\"},\"query-input\":{\"@type\":\"PropertyValueSpecification\",\"valueRequired\":true,\"valueName\":\"search_term_string\"}}],\"inLanguage\":\"pl-PL\"}]}<\/script>\n<!-- \/ Yoast SEO plugin. -->","yoast_head_json":{"title":"TSAiRS2sem1 - Katedra Automatyki i Robotyki","robots":{"index":"index","follow":"follow","max-snippet":"max-snippet:-1","max-image-preview":"max-image-preview:large","max-video-preview":"max-video-preview:-1"},"canonical":"https:\/\/we.pb.edu.pl\/kair\/materialy-dydaktyczne\/tsairs2sem1\/","og_locale":"pl_PL","og_type":"article","og_title":"TSAiRS2sem1 - Katedra Automatyki i Robotyki","og_description":"&nbsp; Materia\u0142y do przedmiotu&nbsp; Teoria sterowania MYAR2S01002 Automatyka i robotyka sem. I studia stacjonarne IIwi\u0119cej","og_url":"https:\/\/we.pb.edu.pl\/kair\/materialy-dydaktyczne\/tsairs2sem1\/","og_site_name":"Katedra Automatyki i Robotyki","article_modified_time":"2021-01-28T18:08:44+00:00","twitter_card":"summary_large_image","twitter_misc":{"Szacowany czas czytania":"1 minuta"},"schema":{"@context":"https:\/\/schema.org","@graph":[{"@type":"WebPage","@id":"https:\/\/we.pb.edu.pl\/kair\/materialy-dydaktyczne\/tsairs2sem1\/","url":"https:\/\/we.pb.edu.pl\/kair\/materialy-dydaktyczne\/tsairs2sem1\/","name":"TSAiRS2sem1 - Katedra Automatyki i Robotyki","isPartOf":{"@id":"https:\/\/we.pb.edu.pl\/kair\/#website"},"datePublished":"2020-02-12T18:30:22+00:00","dateModified":"2021-01-28T18:08:44+00:00","breadcrumb":{"@id":"https:\/\/we.pb.edu.pl\/kair\/materialy-dydaktyczne\/tsairs2sem1\/#breadcrumb"},"inLanguage":"pl-PL","potentialAction":[{"@type":"ReadAction","target":["https:\/\/we.pb.edu.pl\/kair\/materialy-dydaktyczne\/tsairs2sem1\/"]}]},{"@type":"BreadcrumbList","@id":"https:\/\/we.pb.edu.pl\/kair\/materialy-dydaktyczne\/tsairs2sem1\/#breadcrumb","itemListElement":[{"@type":"ListItem","position":1,"name":"Strona g\u0142\u00f3wna","item":"https:\/\/we.pb.edu.pl\/kair\/"},{"@type":"ListItem","position":2,"name":"Materia\u0142y dydaktyczne KAiR","item":"https:\/\/we.pb.edu.pl\/kair\/materialy-dydaktyczne\/"},{"@type":"ListItem","position":3,"name":"TSAiRS2sem1"}]},{"@type":"WebSite","@id":"https:\/\/we.pb.edu.pl\/kair\/#website","url":"https:\/\/we.pb.edu.pl\/kair\/","name":"Katedra Automatyki i Robotyki","description":"Katedra Automatyki i Robotyki","potentialAction":[{"@type":"SearchAction","target":{"@type":"EntryPoint","urlTemplate":"https:\/\/we.pb.edu.pl\/kair\/?s={search_term_string}"},"query-input":{"@type":"PropertyValueSpecification","valueRequired":true,"valueName":"search_term_string"}}],"inLanguage":"pl-PL"}]}},"_links":{"self":[{"href":"https:\/\/we.pb.edu.pl\/kair\/wp-json\/wp\/v2\/pages\/1582","targetHints":{"allow":["GET"]}}],"collection":[{"href":"https:\/\/we.pb.edu.pl\/kair\/wp-json\/wp\/v2\/pages"}],"about":[{"href":"https:\/\/we.pb.edu.pl\/kair\/wp-json\/wp\/v2\/types\/page"}],"author":[{"embeddable":true,"href":"https:\/\/we.pb.edu.pl\/kair\/wp-json\/wp\/v2\/users\/12"}],"replies":[{"embeddable":true,"href":"https:\/\/we.pb.edu.pl\/kair\/wp-json\/wp\/v2\/comments?post=1582"}],"version-history":[{"count":8,"href":"https:\/\/we.pb.edu.pl\/kair\/wp-json\/wp\/v2\/pages\/1582\/revisions"}],"predecessor-version":[{"id":2624,"href":"https:\/\/we.pb.edu.pl\/kair\/wp-json\/wp\/v2\/pages\/1582\/revisions\/2624"}],"up":[{"embeddable":true,"href":"https:\/\/we.pb.edu.pl\/kair\/wp-json\/wp\/v2\/pages\/42"}],"wp:attachment":[{"href":"https:\/\/we.pb.edu.pl\/kair\/wp-json\/wp\/v2\/media?parent=1582"}],"curies":[{"name":"wp","href":"https:\/\/api.w.org\/{rel}","templated":true}]}}