{"id":1485,"date":"2019-10-23T13:23:35","date_gmt":"2019-10-23T11:23:35","guid":{"rendered":"https:\/\/we.pb.edu.pl\/kaie\/?page_id=1485"},"modified":"2019-10-23T13:23:35","modified_gmt":"2019-10-23T11:23:35","slug":"archiwum-seminariow","status":"publish","type":"page","link":"https:\/\/we.pb.edu.pl\/kair\/nauka\/archiwum-seminariow\/","title":{"rendered":"Archiwum seminari\u00f3w"},"content":{"rendered":"<div class=\"lista-seminariow\">\n  \n                                  \n                \n                                            \n                <article class=\"event\">\n\n                    <div class=\"date\">\n                        <span class=\"month\">04.2026<\/span>\n                        <span class=\"day\">29<\/span>\n                    <\/div>\n\n                    <h2><a href=\"https:\/\/we.pb.edu.pl\/kair\/seminaria\/rozwoj-i-optymalizacja-lokalnych-systemow-pozycjonowania-w-nawigacji-robotow-mobilnych-modelowanie-matematyczne-analiza-bledow-eksperymentalna-weryfikacja\/\" rel=\"bookmark\">Rozw\u00f3j i optymalizacja lokalnych system\u00f3w pozycjonowania w nawigacji robot\u00f3w mobilnych: modelowanie matematyczne, analiza b\u0142\u0119d\u00f3w, eksperymentalna weryfikacja<\/a><\/h2>\n\n                    \n                    <div class=\"entry\">\n                        <p>dr Maciej Ci\u0119\u017ckowski<\/p>\n                    <\/div>\n                    \n                <\/article>\n                                            \n                <article class=\"event\">\n\n                    <div class=\"date\">\n                        <span class=\"month\">04.2026<\/span>\n                        <span class=\"day\">22<\/span>\n                    <\/div>\n\n                    <h2><a href=\"https:\/\/we.pb.edu.pl\/kair\/seminaria\/matryce-fpaa-wlasciwosci-architektura-synteza-i-zastosowania\/\" rel=\"bookmark\">Programowe powielanie cz\u0119stotliwo\u015bci w strukturach FPGA<\/a><\/h2>\n\n                    \n                    <div class=\"entry\">\n                        <p>dr in\u017c. Marian Gilewski<\/p>\n                    <\/div>\n                    \n                <\/article>\n                                            \n                <article class=\"event\">\n\n                    <div class=\"date\">\n                        <span class=\"month\">04.2026<\/span>\n                        <span class=\"day\">15<\/span>\n                    <\/div>\n\n                    <h2><a href=\"https:\/\/we.pb.edu.pl\/kair\/seminaria\/techniki-modulacji-szerokosci-impulsu-w-mikrokontrolerach-avr-i-psoc1-porownanie-wlasciwosci-widmowych\/\" rel=\"bookmark\">Techniki modulacji szeroko\u015bci impulsu w mikrokontrolerach AVR i PSoC1 \u2013 por\u00f3wnanie w\u0142a\u015bciwo\u015bci widmowych<\/a><\/h2>\n\n                    \n                    <div class=\"entry\">\n                        <p>dr in\u017c. Rafa\u0142 Kociszewski<\/p>\n                    <\/div>\n                    \n                <\/article>\n                                            \n                <article class=\"event\">\n\n                    <div class=\"date\">\n                        <span class=\"month\">04.2026<\/span>\n                        <span class=\"day\">01<\/span>\n                    <\/div>\n\n                    <h2><a href=\"https:\/\/we.pb.edu.pl\/kair\/seminaria\/autonomiczna-diagnostyka-maszyn-rolniczych-od-sygnalu-wibracyjnego-do-inteligentnego-systemu-brzegowego\/\" rel=\"bookmark\">Autonomiczna diagnostyka maszyn rolniczych \u2013 od sygna\u0142u wibracyjnego do inteligentnego systemu brzegowego<\/a><\/h2>\n\n                    \n                    <div class=\"entry\">\n                        <p>mgr in\u017c. Mateusz Sewio\u0142o<\/p>\n                    <\/div>\n                    \n                <\/article>\n                                            \n                <article class=\"event\">\n\n                    <div class=\"date\">\n                        <span class=\"month\">03.2026<\/span>\n                        <span class=\"day\">04<\/span>\n                    <\/div>\n\n                    <h2><a href=\"https:\/\/we.pb.edu.pl\/kair\/seminaria\/mozliwosci-zwiekszenia-rozdzielczosci-sprzetowych-generatorow-sygnalu-pwm\/\" rel=\"bookmark\">Mo\u017cliwo\u015bci zwi\u0119kszenia rozdzielczo\u015bci sprz\u0119towych generator\u00f3w sygna\u0142u PWM<\/a><\/h2>\n\n                    \n                    <div class=\"entry\">\n                        <p>dr in\u017c. Wojciech Wojtkowski<\/p>\n                    <\/div>\n                    \n                <\/article>\n                                            \n                <article class=\"event\">\n\n                    <div class=\"date\">\n                        <span class=\"month\">01.2026<\/span>\n                        <span class=\"day\">28<\/span>\n                    <\/div>\n\n                    <h2><a href=\"https:\/\/we.pb.edu.pl\/kair\/seminaria\/cyfrowa-modulacja-szerokosci-impulsow-i-jej-odmiany-wybrane-metody-generacji\/\" rel=\"bookmark\">Cyfrowa modulacja szeroko\u015bci impuls\u00f3w i jej odmiany \u2013 wybrane metody generacji<\/a><\/h2>\n\n                    \n                    <div class=\"entry\">\n                        <p>dr in\u017c. Rafa\u0142 Kociszewski, dr in\u017c. Wojchech Wojtkowski<\/p>\n                    <\/div>\n                    \n                <\/article>\n                                            \n                <article class=\"event\">\n\n                    <div class=\"date\">\n                        <span class=\"month\">01.2026<\/span>\n                        <span class=\"day\">14<\/span>\n                    <\/div>\n\n                    <h2><a href=\"https:\/\/we.pb.edu.pl\/kair\/seminaria\/podsumowanie-stazu-naukowego-w-chemnitz-university-of-technology\/\" rel=\"bookmark\">Podsumowanie sta\u017cu naukowego w\u00a0Chemnitz University of Technology<\/a><\/h2>\n\n                    \n                    <div class=\"entry\">\n                        <p>mgr in\u017c. Pawe\u0142 Kieczmerski<\/p>\n                    <\/div>\n                    \n                <\/article>\n                                            \n                <article class=\"event\">\n\n                    <div class=\"date\">\n                        <span class=\"month\">12.2025<\/span>\n                        <span class=\"day\">10<\/span>\n                    <\/div>\n\n                    <h2><a href=\"https:\/\/we.pb.edu.pl\/kair\/seminaria\/zbiory-inwariantne-i-uklady-przelaczalne-niecalkowitych-rzedow\/\" rel=\"bookmark\">Zbiory inwariantne i\u00a0uk\u0142ady prze\u0142\u0105czalne nieca\u0142kowitych rz\u0119d\u00f3w<\/a><\/h2>\n\n                    \n                    <div class=\"entry\">\n                        <p>dr in\u017c. Krzysztof Rogowski<\/p>\n                    <\/div>\n                    \n                <\/article>\n                                                    \n        \n            \n\t<nav class=\"navigation pagination\" aria-label=\"Stronicowanie wpis\u00f3w\">\n\t\t<h2 class=\"screen-reader-text\">Stronicowanie wpis\u00f3w<\/h2>\n\t\t<div class=\"nav-links\"><span aria-current=\"page\" class=\"page-numbers current\">1<\/span>\n<a class=\"page-numbers\" href=\"https:\/\/we.pb.edu.pl\/kair\/wp-json\/wp\/v2\/pages\/1485\/page\/2\/\">2<\/a>\n<a class=\"page-numbers\" href=\"https:\/\/we.pb.edu.pl\/kair\/wp-json\/wp\/v2\/pages\/1485\/page\/3\/\">3<\/a>\n<span class=\"page-numbers dots\">&hellip;<\/span>\n<a class=\"page-numbers\" href=\"https:\/\/we.pb.edu.pl\/kair\/wp-json\/wp\/v2\/pages\/1485\/page\/13\/\">13<\/a>\n<a class=\"next page-numbers\" href=\"https:\/\/we.pb.edu.pl\/kair\/wp-json\/wp\/v2\/pages\/1485\/page\/2\/\">Nast\u0119pne<\/a><\/div>\n\t<\/nav>                              \n                        \n       \n    <!-- \/#events -->\n    \n<\/div>\n","protected":false},"excerpt":{"rendered":"","protected":false},"author":9,"featured_media":0,"parent":922,"menu_order":0,"comment_status":"closed","ping_status":"closed","template":"","meta":{"inline_featured_image":false,"ngg_post_thumbnail":0,"footnotes":""},"class_list":["post-1485","page","type-page","status-publish","hentry"],"acf":[],"yoast_head":"<!-- This site is optimized with the Yoast SEO plugin v26.4 - https:\/\/yoast.com\/wordpress\/plugins\/seo\/ -->\n<title>Archiwum seminari\u00f3w - Katedra Automatyki i Robotyki<\/title>\n<meta name=\"robots\" content=\"index, follow, max-snippet:-1, max-image-preview:large, max-video-preview:-1\" \/>\n<link rel=\"canonical\" href=\"https:\/\/we.pb.edu.pl\/kair\/nauka\/archiwum-seminariow\/\" \/>\n<meta property=\"og:locale\" content=\"pl_PL\" \/>\n<meta property=\"og:type\" content=\"article\" \/>\n<meta property=\"og:title\" content=\"Archiwum seminari\u00f3w - Katedra Automatyki i Robotyki\" \/>\n<meta property=\"og:url\" content=\"https:\/\/we.pb.edu.pl\/kair\/nauka\/archiwum-seminariow\/\" \/>\n<meta property=\"og:site_name\" content=\"Katedra Automatyki i Robotyki\" \/>\n<meta name=\"twitter:card\" content=\"summary_large_image\" \/>\n<script type=\"application\/ld+json\" class=\"yoast-schema-graph\">{\"@context\":\"https:\/\/schema.org\",\"@graph\":[{\"@type\":\"WebPage\",\"@id\":\"https:\/\/we.pb.edu.pl\/kair\/nauka\/archiwum-seminariow\/\",\"url\":\"https:\/\/we.pb.edu.pl\/kair\/nauka\/archiwum-seminariow\/\",\"name\":\"Archiwum seminari\u00f3w - Katedra Automatyki i Robotyki\",\"isPartOf\":{\"@id\":\"https:\/\/we.pb.edu.pl\/kair\/#website\"},\"datePublished\":\"2019-10-23T11:23:35+00:00\",\"breadcrumb\":{\"@id\":\"https:\/\/we.pb.edu.pl\/kair\/nauka\/archiwum-seminariow\/#breadcrumb\"},\"inLanguage\":\"pl-PL\",\"potentialAction\":[{\"@type\":\"ReadAction\",\"target\":[\"https:\/\/we.pb.edu.pl\/kair\/nauka\/archiwum-seminariow\/\"]}]},{\"@type\":\"BreadcrumbList\",\"@id\":\"https:\/\/we.pb.edu.pl\/kair\/nauka\/archiwum-seminariow\/#breadcrumb\",\"itemListElement\":[{\"@type\":\"ListItem\",\"position\":1,\"name\":\"Strona g\u0142\u00f3wna\",\"item\":\"https:\/\/we.pb.edu.pl\/kair\/\"},{\"@type\":\"ListItem\",\"position\":2,\"name\":\"Nauka i badania\",\"item\":\"https:\/\/we.pb.edu.pl\/kair\/nauka\/\"},{\"@type\":\"ListItem\",\"position\":3,\"name\":\"Archiwum seminari\u00f3w\"}]},{\"@type\":\"WebSite\",\"@id\":\"https:\/\/we.pb.edu.pl\/kair\/#website\",\"url\":\"https:\/\/we.pb.edu.pl\/kair\/\",\"name\":\"Katedra Automatyki i Robotyki\",\"description\":\"Katedra Automatyki i Robotyki\",\"potentialAction\":[{\"@type\":\"SearchAction\",\"target\":{\"@type\":\"EntryPoint\",\"urlTemplate\":\"https:\/\/we.pb.edu.pl\/kair\/?s={search_term_string}\"},\"query-input\":{\"@type\":\"PropertyValueSpecification\",\"valueRequired\":true,\"valueName\":\"search_term_string\"}}],\"inLanguage\":\"pl-PL\"}]}<\/script>\n<!-- \/ Yoast SEO plugin. -->","yoast_head_json":{"title":"Archiwum seminari\u00f3w - Katedra Automatyki i Robotyki","robots":{"index":"index","follow":"follow","max-snippet":"max-snippet:-1","max-image-preview":"max-image-preview:large","max-video-preview":"max-video-preview:-1"},"canonical":"https:\/\/we.pb.edu.pl\/kair\/nauka\/archiwum-seminariow\/","og_locale":"pl_PL","og_type":"article","og_title":"Archiwum seminari\u00f3w - Katedra Automatyki i Robotyki","og_url":"https:\/\/we.pb.edu.pl\/kair\/nauka\/archiwum-seminariow\/","og_site_name":"Katedra Automatyki i Robotyki","twitter_card":"summary_large_image","schema":{"@context":"https:\/\/schema.org","@graph":[{"@type":"WebPage","@id":"https:\/\/we.pb.edu.pl\/kair\/nauka\/archiwum-seminariow\/","url":"https:\/\/we.pb.edu.pl\/kair\/nauka\/archiwum-seminariow\/","name":"Archiwum seminari\u00f3w - Katedra Automatyki i Robotyki","isPartOf":{"@id":"https:\/\/we.pb.edu.pl\/kair\/#website"},"datePublished":"2019-10-23T11:23:35+00:00","breadcrumb":{"@id":"https:\/\/we.pb.edu.pl\/kair\/nauka\/archiwum-seminariow\/#breadcrumb"},"inLanguage":"pl-PL","potentialAction":[{"@type":"ReadAction","target":["https:\/\/we.pb.edu.pl\/kair\/nauka\/archiwum-seminariow\/"]}]},{"@type":"BreadcrumbList","@id":"https:\/\/we.pb.edu.pl\/kair\/nauka\/archiwum-seminariow\/#breadcrumb","itemListElement":[{"@type":"ListItem","position":1,"name":"Strona g\u0142\u00f3wna","item":"https:\/\/we.pb.edu.pl\/kair\/"},{"@type":"ListItem","position":2,"name":"Nauka i badania","item":"https:\/\/we.pb.edu.pl\/kair\/nauka\/"},{"@type":"ListItem","position":3,"name":"Archiwum seminari\u00f3w"}]},{"@type":"WebSite","@id":"https:\/\/we.pb.edu.pl\/kair\/#website","url":"https:\/\/we.pb.edu.pl\/kair\/","name":"Katedra Automatyki i Robotyki","description":"Katedra Automatyki i Robotyki","potentialAction":[{"@type":"SearchAction","target":{"@type":"EntryPoint","urlTemplate":"https:\/\/we.pb.edu.pl\/kair\/?s={search_term_string}"},"query-input":{"@type":"PropertyValueSpecification","valueRequired":true,"valueName":"search_term_string"}}],"inLanguage":"pl-PL"}]}},"_links":{"self":[{"href":"https:\/\/we.pb.edu.pl\/kair\/wp-json\/wp\/v2\/pages\/1485","targetHints":{"allow":["GET"]}}],"collection":[{"href":"https:\/\/we.pb.edu.pl\/kair\/wp-json\/wp\/v2\/pages"}],"about":[{"href":"https:\/\/we.pb.edu.pl\/kair\/wp-json\/wp\/v2\/types\/page"}],"author":[{"embeddable":true,"href":"https:\/\/we.pb.edu.pl\/kair\/wp-json\/wp\/v2\/users\/9"}],"replies":[{"embeddable":true,"href":"https:\/\/we.pb.edu.pl\/kair\/wp-json\/wp\/v2\/comments?post=1485"}],"version-history":[{"count":1,"href":"https:\/\/we.pb.edu.pl\/kair\/wp-json\/wp\/v2\/pages\/1485\/revisions"}],"predecessor-version":[{"id":1486,"href":"https:\/\/we.pb.edu.pl\/kair\/wp-json\/wp\/v2\/pages\/1485\/revisions\/1486"}],"up":[{"embeddable":true,"href":"https:\/\/we.pb.edu.pl\/kair\/wp-json\/wp\/v2\/pages\/922"}],"wp:attachment":[{"href":"https:\/\/we.pb.edu.pl\/kair\/wp-json\/wp\/v2\/media?parent=1485"}],"curies":[{"name":"wp","href":"https:\/\/api.w.org\/{rel}","templated":true}]}}