{"id":1349,"date":"2019-09-05T13:47:09","date_gmt":"2019-09-05T11:47:09","guid":{"rendered":"https:\/\/we.pb.edu.pl\/kaie\/?page_id=1349"},"modified":"2024-02-29T11:50:07","modified_gmt":"2024-02-29T10:50:07","slug":"1349-2","status":"publish","type":"page","link":"https:\/\/we.pb.edu.pl\/kair\/materialy-dydaktyczne\/1349-2\/","title":{"rendered":"PA12EDS1sem34"},"content":{"rendered":"<p>&nbsp;<\/p>\n<table style=\"width: 100%;\" border=\"0\" cellspacing=\"0\" cellpadding=\"6\" bgcolor=\"#FFFFFF\">\n<tbody>\n<tr>\n<td style=\"width: 100%;\" valign=\"top\" bgcolor=\"#F7F7F7\"><span style=\"color: #000080; font-size: 14pt; font-family: arial, helvetica, sans-serif;\">Materia\u0142y do przedmiotu&nbsp;<br \/>\n<strong> Podstawy automatyki 1 EDS1B3016<\/strong><br \/>\n<strong>Podstawy automatyki 2 EDS1B4023<\/strong><br \/>\nElektrotechnika sem. III i IV<br \/>\nstudia dualne stacjonarne I stopnia &#8211; przedmiot wsp\u00f3lny<\/span><\/td>\n<\/tr>\n<\/tbody>\n<\/table>\n<p>&nbsp;<\/p>\n<table style=\"width: 100%;\" border=\"0\" cellspacing=\"3\" cellpadding=\"3\">\n<tbody>\n<tr>\n<td style=\"width: 100%;\" colspan=\"2\" valign=\"bottom\" bgcolor=\"#D5E6E1\">\n<h5><span style=\"color: #000080; font-family: Verdana, Arial;\"><strong>Informacje og\u00f3lne<\/strong><\/span><\/h5>\n<\/td>\n<\/tr>\n<\/tbody>\n<\/table>\n<p><span style=\"color: #000000; font-size: 12pt;\">Wymiar godzinowy:<br \/>\nsem. III: wyk\u0142ad &#8211; 30 godzin; pracownia specjalistyczna &#8211; 30 godzin.<br \/>\nZaliczenie wyk\u0142adu &#8211; egzamin, pracowni &#8211; zaliczenie z ocen\u0105<br \/>\nsem. IV: laboratorium &#8211; 15 godzin<br \/>\nZaliczenie laboratorium &#8211; zaliczenie z ocen\u0105.<\/span><\/p>\n<table style=\"width: 100%;\" border=\"0\" cellspacing=\"3\" cellpadding=\"3\">\n<tbody>\n<tr style=\"height: 42px;\">\n<td style=\"width: 100%; height: 42px;\" valign=\"middle\">\n<p align=\"left\"><span style=\"color: #000080; font-family: Verdana, Arial; font-size: medium;\">&nbsp;<a class=\"pdf\" style=\"text-decoration: none;\" href=\"https:\/\/we.pb.edu.pl\/kair\/materialy-dydaktyczne\/przepraszamy-informacje-w-przygotowaniu\/\">Zasady egzaminu z wyk\u0142adu<\/a><\/span><\/p>\n<\/td>\n<\/tr>\n<tr style=\"height: 42px;\">\n<td style=\"width: 100%; height: 42px;\" valign=\"middle\">\n<p align=\"left\"><span style=\"color: #000080; font-family: Verdana, Arial; font-size: medium;\">&nbsp;<a class=\"pdf\" style=\"text-decoration: none;\" href=\"https:\/\/we.pb.edu.pl\/kair\/materialy-dydaktyczne\/przepraszamy-informacje-w-przygotowaniu\/\">Pytania na egzamin po\u0142\u00f3wkowy #1 &#8211; cz.1<\/a><\/span><\/p>\n<\/td>\n<\/tr>\n<tr style=\"height: 42px;\">\n<td style=\"width: 100%; height: 42px;\" valign=\"middle\">\n<p align=\"left\"><span style=\"color: #000080; font-family: Verdana, Arial; font-size: medium;\">&nbsp;<a class=\"pdf\" style=\"text-decoration: none;\" href=\"https:\/\/we.pb.edu.pl\/kair\/materialy-dydaktyczne\/przepraszamy-informacje-w-przygotowaniu\/\">Pytania na egzamin po\u0142\u00f3wkowy #2 &#8211; cz.1<\/a><\/span><\/p>\n<\/td>\n<\/tr>\n<tr style=\"height: 42px;\">\n<td style=\"width: 100%; height: 42px;\" valign=\"middle\">\n<p align=\"left\"><span style=\"color: #000080; font-family: Verdana, Arial; font-size: medium;\">&nbsp;<a class=\"pdf\" style=\"text-decoration: none;\" href=\"https:\/\/we.pb.edu.pl\/kair\/materialy-dydaktyczne\/przepraszamy-informacje-w-przygotowaniu\/\">Pytania na egzamin ca\u0142o\u015bciowy<\/a><\/span><\/p>\n<\/td>\n<\/tr>\n<tr style=\"height: 5px;\">\n<td style=\"width: 100%; height: 5px;\" valign=\"middle\">\n<p align=\"left\"><span style=\"color: #000080; font-family: Verdana, Arial; font-size: medium;\">&nbsp;<a class=\"pdf\" style=\"text-decoration: none;\" href=\"https:\/\/we.pb.edu.pl\/kair\/materialy-dydaktyczne\/przepraszamy-informacje-w-przygotowaniu\/\">Zasady zaliczania pracowni<\/a><\/span><\/p>\n<\/td>\n<\/tr>\n<\/tbody>\n<\/table>\n<table style=\"width: 100%;\" border=\"0\" cellspacing=\"3\" cellpadding=\"3\">\n<tbody>\n<tr>\n<td style=\"width: 100%;\" colspan=\"2\" valign=\"bottom\" bgcolor=\"#D5E6E1\">\n<h5><span style=\"color: #000080; font-family: Verdana, Arial;\"><strong>Materia\u0142y do wyk\u0142adu sem. III<\/strong><\/span><\/h5>\n<\/td>\n<\/tr>\n<\/tbody>\n<\/table>\n<table style=\"width: 100%;\" border=\"0\" cellspacing=\"3\" cellpadding=\"3\">\n<tbody><!--\n\n\n<tr>\n\n\n<td valign=\"middle\" \"width= 100%\">\n\n\n<p align=\"left\"><span style=\"color: #000080; font-family: Verdana, Arial; font-size: medium;\"><a class=\"pdf\" style=\"text-decoration: none;\" href=\"https:\/\/box.biaman.pl\/f\/1b4095fd64bf4079801b\/?dl=1\">&nbsp;wyk\u0142ad 1<\/a><\/span><\/p>\n\n\n<\/td>\n\n\n<\/tr>\n\n\n\n\n<tr>\n\n\n<td valign=\"middle\" \"width= 100%\">\n\n\n<p align=\"left\"><span style=\"color: #000080; font-family: Verdana, Arial; font-size: medium;\"><a class=\"pdf\" style=\"text-decoration: none;\" href=\"https:\/\/box.biaman.pl\/f\/6552b91acd0e467ca13b\/?dl=1\">&nbsp;wyk\u0142ad 2<\/a><\/span><\/p>\n\n\n<\/td>\n\n\n<\/tr>\n\n\n\n\n<tr>\n\n\n<td valign=\"middle\" \"width= 100%\">\n\n\n<p align=\"left\"><span style=\"color: #000080; font-family: Verdana, Arial; font-size: medium;\"><a class=\"pdf\" style=\"text-decoration: none;\" href=\"https:\/\/box.biaman.pl\/f\/e572f0d2b3364c65a45f\/?dl=1\">&nbsp;wyk\u0142ad 3<\/a><\/span><\/p>\n\n\n<\/td>\n\n\n<\/tr>\n\n\n\n\n<tr>\n\n\n<td valign=\"middle\" \"width= 100%\">\n\n\n<p align=\"left\"><span style=\"color: #000080; font-family: Verdana, Arial; font-size: medium;\"><a class=\"pdf\" style=\"text-decoration: none;\" href=\"https:\/\/box.biaman.pl\/f\/a6ec1d537f2d4134b962\/?dl=1\">&nbsp;wyk\u0142ad 4<\/a><\/span><\/p>\n\n\n<\/td>\n\n\n<\/tr>\n\n\n\n\n<tr>\n\n\n<td valign=\"middle\" \"width= 100%\">\n\n\n<p align=\"left\"><span style=\"color: #000080; font-family: Verdana, Arial; font-size: medium;\"><a class=\"pdf\" style=\"text-decoration: none;\" href=\"https:\/\/box.biaman.pl\/f\/1712d4fb12c84d3d9be8\/?dl=1\">&nbsp;wyk\u0142ad 5<\/a><\/span><\/p>\n\n\n<\/td>\n\n\n<\/tr>\n\n\n\n\n<tr>\n\n\n<td valign=\"middle\" \"width= 100%\">\n\n\n<p align=\"left\"><span style=\"color: #000080; font-family: Verdana, Arial; font-size: medium;\"><a class=\"pdf\" style=\"text-decoration: none;\" href=\"https:\/\/box.biaman.pl\/f\/09ec35f9aca24e2e9fdb\/?dl=1\">&nbsp;wyk\u0142ad 5a<\/a><\/span><\/p>\n\n\n<\/td>\n\n\n<\/tr>\n\n\n\n\n<tr>\n\n\n<td valign=\"middle\" \"width= 100%\">\n\n\n<p align=\"left\"><span style=\"color: #000080; font-family: Verdana, Arial; font-size: medium;\"><a class=\"pdf\" style=\"text-decoration: none;\" href=\"https:\/\/box.biaman.pl\/f\/1826f22f591949dd92de\/?dl=1\">&nbsp;wyk\u0142ad 6<\/a><\/span><\/p>\n\n\n<\/td>\n\n\n<\/tr>\n\n\n\n\n<tr>\n\n\n<td valign=\"middle\" \"width= 100%\">\n\n\n<p align=\"left\"><span style=\"color: #000080; font-family: Verdana, Arial; font-size: medium;\"><a class=\"pdf\" style=\"text-decoration: none;\" href=\"https:\/\/box.biaman.pl\/f\/146e0ac676d949b79543\/?dl=1\">&nbsp;wyk\u0142ad 7<\/a><\/span><\/p>\n\n\n<\/td>\n\n\n<\/tr>\n\n\n\n\n<tr>\n\n\n<td valign=\"middle\" \"width= 100%\">\n\n\n<p align=\"left\"><span style=\"color: #000080; font-family: Verdana, Arial; font-size: medium;\"><a class=\"pdf\" style=\"text-decoration: none;\" href=\"https:\/\/box.biaman.pl\/f\/42821eba0f7649ceab09\/?dl=1\">&nbsp;wyk\u0142ad 8<\/a><\/span><\/p>\n\n\n<\/td>\n\n\n<\/tr>\n\n\n\n\n<tr>\n\n\n<td valign=\"middle\" \"width= 100%\">\n\n\n<p align=\"left\"><span style=\"color: #000080; font-family: Verdana, Arial; font-size: medium;\"><a class=\"pdf\" style=\"text-decoration: none;\" href=\"https:\/\/box.biaman.pl\/f\/975c0874e3fd4f25a881\/?dl=1\">&nbsp;wyk\u0142ad 9<\/a><\/span><\/p>\n\n\n<\/td>\n\n\n<\/tr>\n\n\n\n\n<tr>\n\n\n<td valign=\"middle\" \"width= 100%\">\n\n\n<p align=\"left\"><span style=\"color: #000080; font-family: Verdana, Arial; font-size: medium;\"><a class=\"pdf\" style=\"text-decoration: none;\" href=\"https:\/\/box.biaman.pl\/f\/65a682dedcf6449aba99\/?dl=1\">&nbsp;wyk\u0142ad 10<\/a><\/span><\/p>\n\n\n<\/td>\n\n\n<\/tr>\n\n\n\n\n<tr>\n\n\n<td valign=\"middle\" \"width= 100%\">\n\n\n<p align=\"left\"><span style=\"color: #000080; font-family: Verdana, Arial; font-size: medium;\"><a class=\"pdf\" style=\"text-decoration: none;\" href=\"https:\/\/box.biaman.pl\/f\/2deffc40ddea4e1d927a\/?dl=1\">&nbsp;wyk\u0142ad 11<\/a><\/span><\/p>\n\n\n<\/td>\n\n\n<\/tr>\n\n\n\n\n<tr>\n\n\n<td valign=\"middle\" \"width= 100%\">\n\n\n<p align=\"left\"><span style=\"color: #000080; font-family: Verdana, Arial; font-size: medium;\"><a class=\"pdf\" style=\"text-decoration: none;\" href=\"https:\/\/box.biaman.pl\/f\/850386f12dc24e8e8796\/?dl=1\">&nbsp;wyk\u0142ad 12<\/a><\/span><\/p>\n\n\n<\/td>\n\n\n<\/tr>\n\n\n\n\n<tr>\n\n\n<td valign=\"middle\" \"width= 100%\">\n\n\n<p align=\"left\"><span style=\"color: #000080; font-family: Verdana, Arial; font-size: medium;\"><a class=\"pdf\" style=\"text-decoration: none;\" href=\"https:\/\/box.biaman.pl\/f\/80f23067ce5341f29a29\/?dl=1\">&nbsp;wyk\u0142ad 13<\/a><\/span><\/p>\n\n\n<\/td>\n\n\n<\/tr>\n\n\n\n\n<tr>\n\n\n<td valign=\"middle\" \"width= 100%\">\n\n\n<p align=\"left\"><span style=\"color: #000080; font-family: Verdana, Arial; font-size: medium;\"><a class=\"pdf\" style=\"text-decoration: none;\" href=\"https:\/\/box.biaman.pl\/f\/2b8a0e7108a14d4c98e3\/?dl=1\">&nbsp;wyk\u0142ad 14<\/a><\/span><\/p>\n\n\n<\/td>\n\n\n<\/tr>\n\n\n\n\n<tr>\n\n\n<td valign=\"middle\" \"width= 100%\">\n\n\n<p align=\"left\"><span style=\"color: #000080; font-family: Verdana, Arial; font-size: medium;\"><a class=\"pdf\" style=\"text-decoration: none;\" href=\"https:\/\/box.biaman.pl\/f\/881c325d2f48432180d1\/?dl=1\">&nbsp;wyk\u0142ad 15<\/a><\/span><\/p>\n\n\n<\/td>\n\n\n<\/tr>\n\n\n\n\n<tr>\n\n\n<td valign=\"middle\" \"width= 100%\">\n\n\n<p align=\"left\"><span style=\"color: #000080; font-family: Verdana, Arial; font-size: medium;\"><a class=\"pdf\" style=\"text-decoration: none;\" href=\"https:\/\/box.biaman.pl\/f\/62cde635d84d432aae61\/?dl=1\">&nbsp;Metoda residu\u00f3w<\/a><\/span><\/p>\n\n\n<\/td>\n\n\n<\/tr>\n\n\n--><\/tbody>\n<\/table>\n<table style=\"width: 100%; height: 287px;\" border=\"0\" cellspacing=\"3\" cellpadding=\"3\">\n<tbody>\n<tr style=\"height: 43px;\">\n<td style=\"width: 100%; height: 43px;\" valign=\"bottom\" bgcolor=\"#D5E6E1\">\n<h5><span style=\"color: #000080; font-family: Verdana, Arial;\"><strong>Materia\u0142y do pracowni specjalistycznej sem. III<\/strong><\/span><\/h5>\n<\/td>\n<\/tr>\n<tr style=\"height: 42px;\">\n<td style=\"height: 24px; width: 100%;\" valign=\"middle\" width=\"50%\">\n<p align=\"left\"><span style=\"color: #000080; font-family: Verdana, Arial; font-size: medium;\"><a class=\"pdf\" style=\"text-decoration: none;\" href=\"https:\/\/box.biaman.pl\/f\/432a3ab5433b49e19024\/\">&nbsp;wprowadzenie do Matlaba<\/a><\/span><\/p>\n<\/td>\n<\/tr>\n<tr style=\"height: 42px;\">\n<td style=\"height: 42px; width: 100%;\" valign=\"middle\" width=\"50%\">\n<p align=\"left\"><span style=\"color: #000080; font-family: Verdana, Arial; font-size: medium;\"><a class=\"pdf\" style=\"text-decoration: none;\" href=\"https:\/\/box.biaman.pl\/f\/abc093d160bb464d806f\/\">&nbsp;komplet instrukcji do \u0107wicze\u0144&nbsp;<\/a><\/span><\/p>\n<\/td>\n<\/tr>\n<tr style=\"height: 33px;\">\n<td style=\"height: 41px; width: 100%;\" valign=\"middle\" width=\"50%\">\n<p align=\"left\"><span style=\"color: #000080; font-family: Verdana, Arial; font-size: medium;\"><a class=\"txt\" style=\"text-decoration: none;\" href=\"https:\/\/box.biaman.pl\/f\/b6875811f38a4945a7de\/\">&nbsp;uk\u0142ad regulacji A<\/a><\/span><\/p>\n<\/td>\n<\/tr>\n<tr style=\"height: 33px;\">\n<td style=\"height: 42px; width: 100%;\" valign=\"middle\" width=\"50%\">\n<p align=\"left\"><span style=\"color: #000080; font-family: Verdana, Arial; font-size: medium;\"><a class=\"txt\" style=\"text-decoration: none;\" href=\"https:\/\/box.biaman.pl\/f\/94951da1e3084479b52a\/\">&nbsp;uk\u0142ad regulacji B<\/a><\/span><\/p>\n<\/td>\n<\/tr>\n<tr style=\"height: 43px;\">\n<td style=\"width: 100%; height: 43px;\" valign=\"bottom\" bgcolor=\"#D5E6E1\">\n<h5><span style=\"color: #000080; font-family: Verdana, Arial;\"><strong>Materia\u0142y do laboratorium sem. IV<\/strong><\/span><\/h5>\n<\/td>\n<\/tr>\n<tr style=\"height: 42px;\">\n<td style=\"height: 42px; width: 100%;\" valign=\"middle\" width=\"50%\">\n<p align=\"left\"><span style=\"color: #000080; font-family: Verdana, Arial; font-size: medium;\"><a class=\"pdf\" style=\"text-decoration: none;\" href=\"https:\/\/box.biaman.pl\/f\/e53af44576164688a81a\/\">&nbsp;komplet instrukcji do \u0107wicze\u0144 laboratoryjnych<\/a><\/span><\/p>\n<\/td>\n<\/tr>\n<tr style=\"height: 42px;\">\n<td style=\"height: 10px; width: 100%;\" valign=\"middle\" width=\"50%\">\n<p align=\"left\"><span style=\"color: #000080; font-family: Verdana, Arial; font-size: medium;\"><a class=\"pdf\" style=\"text-decoration: none;\" href=\"https:\/\/box.biaman.pl\/f\/56f6a10fb627418aa18d\/\">&nbsp;opis regulatora SIPART<\/a><\/span><\/p>\n<\/td>\n<\/tr>\n<\/tbody>\n<\/table>\n<p>&nbsp;<\/p>\n<p style=\"text-align: center;\"><span style=\"color: #000000; font-size: xx-small;\"><span style=\"font-size: 8pt;\">Opracowanie merytoryczne:&nbsp;<strong>dr hab. in\u017c. Andrzej Ruszewski<\/strong>&nbsp;<\/span><\/span><\/p>\n<table style=\"border-collapse: collapse; width: 100%; height: 154px;\">\n<tbody>\n<tr style=\"height: 154px;\">\n<td style=\"width: 35%; height: 154px; text-align: center;\"><img loading=\"lazy\" decoding=\"async\" class=\"alignnone size-medium wp-image-1435\" src=\"https:\/\/we.pb.edu.pl\/kair\/wp-content\/uploads\/sites\/4\/2019\/10\/baner_PB2020-300x35.png\" alt=\"\" width=\"300\" height=\"35\" srcset=\"https:\/\/we.pb.edu.pl\/kair\/wp-content\/uploads\/sites\/4\/2019\/10\/baner_PB2020-300x35.png 300w, https:\/\/we.pb.edu.pl\/kair\/wp-content\/uploads\/sites\/4\/2019\/10\/baner_PB2020-768x89.png 768w, https:\/\/we.pb.edu.pl\/kair\/wp-content\/uploads\/sites\/4\/2019\/10\/baner_PB2020.png 947w\" sizes=\"auto, (max-width: 300px) 100vw, 300px\" \/><\/td>\n<td style=\"width: 65%; height: 154px;\">\n<p style=\"text-align: center;\"><span style=\"font-size: 10pt; color: #0000ff;\">Materia\u0142y zosta\u0142y opracowane\/zaktualizowane w ramach projektu <\/span><br \/>\n<span style=\"font-size: 10pt; color: #0000ff;\">\u201ePB2020 \u2013 Zintegrowany Program Rozwoju Politechniki Bia\u0142ostockiej\u201d <\/span><br \/>\n<span style=\"font-size: 10pt; color: #0000ff;\">realizowanego w ramach Dzia\u0142ania 3.5 Programu Operacyjnego Wiedza, Edukacja, Rozw\u00f3j 2014-2020<br \/>\nwsp\u00f3\u0142finansowanego ze \u015brodk\u00f3w Europejskiego Funduszu Spo\u0142ecznego.<\/span><\/p>\n<\/td>\n<\/tr>\n<\/tbody>\n<\/table>\n<table style=\"width: 100%;\" border=\"0\" cellspacing=\"0\" cellpadding=\"6\" bgcolor=\"#FFFFFF\">\n<tbody>\n<tr>\n<td style=\"width: 100%;\" colspan=\"2\" align=\"center\" bgcolor=\"#F7F7F7\"><span style=\"color: #ff0000; font-size: small;\"><span style=\"font-size: 10pt;\">Prawa autorskie do materia\u0142\u00f3w dydaktycznych osi\u0105galnych z tej strony s\u0105 w\u0142asno\u015bci\u0105 intelektualn\u0105 pracownik\u00f3w&nbsp;<\/span><br \/>\n<span style=\"font-size: 10pt;\">Katedry Automatyki i Robotyki WE PB.<\/span><br \/>\n<span style=\"font-size: 10pt;\">Materia\u0142y te s\u0105 udost\u0119pniane studentom nieodp\u0142atnie i nie mog\u0105 by\u0107 przedmiotem jakiejkolwiek dzia\u0142alno\u015bci komercyjnej.<\/span><br \/>\n<span style=\"color: #000080; font-size: small;\"><span style=\"font-size: 10pt;\">Has\u0142a dost\u0119pu do zawarto\u015bci plik\u00f3w spakowanych mo\u017cna uzyska\u0107 od prowadz\u0105cych zaj\u0119cia.<\/span><br \/>\n<span style=\"color: #000000; font-size: 8pt;\">Opracowanie www:&nbsp;<strong>Lech Grodzki<\/strong>&nbsp;l.grodzki(.)pb.edu.pl<\/span><br \/>\n<span style=\"color: #000000; font-size: 8pt;\">tel. (85) 746-93-84<\/span><\/span><\/span><\/td>\n<\/tr>\n<\/tbody>\n<\/table>\n<p style=\"text-align: center;\"><span style=\"font-size: 10pt;\">Aktualizacja: 2024-02<\/span><span style=\"font-size: 10pt;\">-29<\/span><\/p>\n","protected":false},"excerpt":{"rendered":"<p>&nbsp; Materia\u0142y do przedmiotu&nbsp; Podstawy automatyki 1 EDS1B3016 Podstawy automatyki 2 EDS1B4023 Elektrotechnika sem. III<a class=\"read-more\" href=\"https:\/\/we.pb.edu.pl\/kair\/materialy-dydaktyczne\/1349-2\/\" title=\"Poka\u017c artyku\u0142 PA12EDS1sem34\">wi\u0119cej<\/a><\/p>\n","protected":false},"author":12,"featured_media":0,"parent":42,"menu_order":0,"comment_status":"closed","ping_status":"closed","template":"","meta":{"inline_featured_image":false,"ngg_post_thumbnail":0,"footnotes":""},"class_list":["post-1349","page","type-page","status-publish","hentry"],"acf":[],"yoast_head":"<!-- This site is optimized with the Yoast SEO plugin v26.4 - https:\/\/yoast.com\/wordpress\/plugins\/seo\/ -->\n<title>PA12EDS1sem34 - Katedra Automatyki i Robotyki<\/title>\n<meta name=\"robots\" content=\"index, follow, max-snippet:-1, max-image-preview:large, max-video-preview:-1\" \/>\n<link rel=\"canonical\" href=\"https:\/\/we.pb.edu.pl\/kair\/materialy-dydaktyczne\/1349-2\/\" \/>\n<meta property=\"og:locale\" content=\"pl_PL\" \/>\n<meta property=\"og:type\" content=\"article\" \/>\n<meta property=\"og:title\" content=\"PA12EDS1sem34 - Katedra Automatyki i Robotyki\" \/>\n<meta property=\"og:description\" content=\"&nbsp; Materia\u0142y do przedmiotu&nbsp; Podstawy automatyki 1 EDS1B3016 Podstawy automatyki 2 EDS1B4023 Elektrotechnika sem. IIIwi\u0119cej\" \/>\n<meta property=\"og:url\" content=\"https:\/\/we.pb.edu.pl\/kair\/materialy-dydaktyczne\/1349-2\/\" \/>\n<meta property=\"og:site_name\" content=\"Katedra Automatyki i Robotyki\" \/>\n<meta property=\"article:modified_time\" content=\"2024-02-29T10:50:07+00:00\" \/>\n<meta property=\"og:image\" content=\"https:\/\/we.pb.edu.pl\/kair\/wp-content\/uploads\/sites\/4\/2019\/10\/baner_PB2020-300x35.png\" \/>\n<meta name=\"twitter:card\" content=\"summary_large_image\" \/>\n<meta name=\"twitter:label1\" content=\"Szacowany czas czytania\" \/>\n\t<meta name=\"twitter:data1\" content=\"2 minuty\" \/>\n<script type=\"application\/ld+json\" class=\"yoast-schema-graph\">{\"@context\":\"https:\/\/schema.org\",\"@graph\":[{\"@type\":\"WebPage\",\"@id\":\"https:\/\/we.pb.edu.pl\/kair\/materialy-dydaktyczne\/1349-2\/\",\"url\":\"https:\/\/we.pb.edu.pl\/kair\/materialy-dydaktyczne\/1349-2\/\",\"name\":\"PA12EDS1sem34 - Katedra Automatyki i Robotyki\",\"isPartOf\":{\"@id\":\"https:\/\/we.pb.edu.pl\/kair\/#website\"},\"primaryImageOfPage\":{\"@id\":\"https:\/\/we.pb.edu.pl\/kair\/materialy-dydaktyczne\/1349-2\/#primaryimage\"},\"image\":{\"@id\":\"https:\/\/we.pb.edu.pl\/kair\/materialy-dydaktyczne\/1349-2\/#primaryimage\"},\"thumbnailUrl\":\"https:\/\/we.pb.edu.pl\/kair\/wp-content\/uploads\/sites\/4\/2019\/10\/baner_PB2020-300x35.png\",\"datePublished\":\"2019-09-05T11:47:09+00:00\",\"dateModified\":\"2024-02-29T10:50:07+00:00\",\"breadcrumb\":{\"@id\":\"https:\/\/we.pb.edu.pl\/kair\/materialy-dydaktyczne\/1349-2\/#breadcrumb\"},\"inLanguage\":\"pl-PL\",\"potentialAction\":[{\"@type\":\"ReadAction\",\"target\":[\"https:\/\/we.pb.edu.pl\/kair\/materialy-dydaktyczne\/1349-2\/\"]}]},{\"@type\":\"ImageObject\",\"inLanguage\":\"pl-PL\",\"@id\":\"https:\/\/we.pb.edu.pl\/kair\/materialy-dydaktyczne\/1349-2\/#primaryimage\",\"url\":\"https:\/\/we.pb.edu.pl\/kair\/wp-content\/uploads\/sites\/4\/2019\/10\/baner_PB2020.png\",\"contentUrl\":\"https:\/\/we.pb.edu.pl\/kair\/wp-content\/uploads\/sites\/4\/2019\/10\/baner_PB2020.png\",\"width\":947,\"height\":110},{\"@type\":\"BreadcrumbList\",\"@id\":\"https:\/\/we.pb.edu.pl\/kair\/materialy-dydaktyczne\/1349-2\/#breadcrumb\",\"itemListElement\":[{\"@type\":\"ListItem\",\"position\":1,\"name\":\"Strona g\u0142\u00f3wna\",\"item\":\"https:\/\/we.pb.edu.pl\/kair\/\"},{\"@type\":\"ListItem\",\"position\":2,\"name\":\"Materia\u0142y dydaktyczne KAiR\",\"item\":\"https:\/\/we.pb.edu.pl\/kair\/materialy-dydaktyczne\/\"},{\"@type\":\"ListItem\",\"position\":3,\"name\":\"PA12EDS1sem34\"}]},{\"@type\":\"WebSite\",\"@id\":\"https:\/\/we.pb.edu.pl\/kair\/#website\",\"url\":\"https:\/\/we.pb.edu.pl\/kair\/\",\"name\":\"Katedra Automatyki i Robotyki\",\"description\":\"Katedra Automatyki i Robotyki\",\"potentialAction\":[{\"@type\":\"SearchAction\",\"target\":{\"@type\":\"EntryPoint\",\"urlTemplate\":\"https:\/\/we.pb.edu.pl\/kair\/?s={search_term_string}\"},\"query-input\":{\"@type\":\"PropertyValueSpecification\",\"valueRequired\":true,\"valueName\":\"search_term_string\"}}],\"inLanguage\":\"pl-PL\"}]}<\/script>\n<!-- \/ Yoast SEO plugin. -->","yoast_head_json":{"title":"PA12EDS1sem34 - Katedra Automatyki i Robotyki","robots":{"index":"index","follow":"follow","max-snippet":"max-snippet:-1","max-image-preview":"max-image-preview:large","max-video-preview":"max-video-preview:-1"},"canonical":"https:\/\/we.pb.edu.pl\/kair\/materialy-dydaktyczne\/1349-2\/","og_locale":"pl_PL","og_type":"article","og_title":"PA12EDS1sem34 - Katedra Automatyki i Robotyki","og_description":"&nbsp; Materia\u0142y do przedmiotu&nbsp; Podstawy automatyki 1 EDS1B3016 Podstawy automatyki 2 EDS1B4023 Elektrotechnika sem. IIIwi\u0119cej","og_url":"https:\/\/we.pb.edu.pl\/kair\/materialy-dydaktyczne\/1349-2\/","og_site_name":"Katedra Automatyki i Robotyki","article_modified_time":"2024-02-29T10:50:07+00:00","og_image":[{"url":"https:\/\/we.pb.edu.pl\/kair\/wp-content\/uploads\/sites\/4\/2019\/10\/baner_PB2020-300x35.png","type":"","width":"","height":""}],"twitter_card":"summary_large_image","twitter_misc":{"Szacowany czas czytania":"2 minuty"},"schema":{"@context":"https:\/\/schema.org","@graph":[{"@type":"WebPage","@id":"https:\/\/we.pb.edu.pl\/kair\/materialy-dydaktyczne\/1349-2\/","url":"https:\/\/we.pb.edu.pl\/kair\/materialy-dydaktyczne\/1349-2\/","name":"PA12EDS1sem34 - Katedra Automatyki i Robotyki","isPartOf":{"@id":"https:\/\/we.pb.edu.pl\/kair\/#website"},"primaryImageOfPage":{"@id":"https:\/\/we.pb.edu.pl\/kair\/materialy-dydaktyczne\/1349-2\/#primaryimage"},"image":{"@id":"https:\/\/we.pb.edu.pl\/kair\/materialy-dydaktyczne\/1349-2\/#primaryimage"},"thumbnailUrl":"https:\/\/we.pb.edu.pl\/kair\/wp-content\/uploads\/sites\/4\/2019\/10\/baner_PB2020-300x35.png","datePublished":"2019-09-05T11:47:09+00:00","dateModified":"2024-02-29T10:50:07+00:00","breadcrumb":{"@id":"https:\/\/we.pb.edu.pl\/kair\/materialy-dydaktyczne\/1349-2\/#breadcrumb"},"inLanguage":"pl-PL","potentialAction":[{"@type":"ReadAction","target":["https:\/\/we.pb.edu.pl\/kair\/materialy-dydaktyczne\/1349-2\/"]}]},{"@type":"ImageObject","inLanguage":"pl-PL","@id":"https:\/\/we.pb.edu.pl\/kair\/materialy-dydaktyczne\/1349-2\/#primaryimage","url":"https:\/\/we.pb.edu.pl\/kair\/wp-content\/uploads\/sites\/4\/2019\/10\/baner_PB2020.png","contentUrl":"https:\/\/we.pb.edu.pl\/kair\/wp-content\/uploads\/sites\/4\/2019\/10\/baner_PB2020.png","width":947,"height":110},{"@type":"BreadcrumbList","@id":"https:\/\/we.pb.edu.pl\/kair\/materialy-dydaktyczne\/1349-2\/#breadcrumb","itemListElement":[{"@type":"ListItem","position":1,"name":"Strona g\u0142\u00f3wna","item":"https:\/\/we.pb.edu.pl\/kair\/"},{"@type":"ListItem","position":2,"name":"Materia\u0142y dydaktyczne KAiR","item":"https:\/\/we.pb.edu.pl\/kair\/materialy-dydaktyczne\/"},{"@type":"ListItem","position":3,"name":"PA12EDS1sem34"}]},{"@type":"WebSite","@id":"https:\/\/we.pb.edu.pl\/kair\/#website","url":"https:\/\/we.pb.edu.pl\/kair\/","name":"Katedra Automatyki i Robotyki","description":"Katedra Automatyki i Robotyki","potentialAction":[{"@type":"SearchAction","target":{"@type":"EntryPoint","urlTemplate":"https:\/\/we.pb.edu.pl\/kair\/?s={search_term_string}"},"query-input":{"@type":"PropertyValueSpecification","valueRequired":true,"valueName":"search_term_string"}}],"inLanguage":"pl-PL"}]}},"_links":{"self":[{"href":"https:\/\/we.pb.edu.pl\/kair\/wp-json\/wp\/v2\/pages\/1349","targetHints":{"allow":["GET"]}}],"collection":[{"href":"https:\/\/we.pb.edu.pl\/kair\/wp-json\/wp\/v2\/pages"}],"about":[{"href":"https:\/\/we.pb.edu.pl\/kair\/wp-json\/wp\/v2\/types\/page"}],"author":[{"embeddable":true,"href":"https:\/\/we.pb.edu.pl\/kair\/wp-json\/wp\/v2\/users\/12"}],"replies":[{"embeddable":true,"href":"https:\/\/we.pb.edu.pl\/kair\/wp-json\/wp\/v2\/comments?post=1349"}],"version-history":[{"count":25,"href":"https:\/\/we.pb.edu.pl\/kair\/wp-json\/wp\/v2\/pages\/1349\/revisions"}],"predecessor-version":[{"id":3515,"href":"https:\/\/we.pb.edu.pl\/kair\/wp-json\/wp\/v2\/pages\/1349\/revisions\/3515"}],"up":[{"embeddable":true,"href":"https:\/\/we.pb.edu.pl\/kair\/wp-json\/wp\/v2\/pages\/42"}],"wp:attachment":[{"href":"https:\/\/we.pb.edu.pl\/kair\/wp-json\/wp\/v2\/media?parent=1349"}],"curies":[{"name":"wp","href":"https:\/\/api.w.org\/{rel}","templated":true}]}}