{"id":118,"date":"2018-05-09T20:12:32","date_gmt":"2018-05-09T18:12:32","guid":{"rendered":"https:\/\/we.pb.edu.pl\/kaie\/?page_id=118"},"modified":"2026-04-13T16:23:40","modified_gmt":"2026-04-13T14:23:40","slug":"anonse-dydaktyczne-kair","status":"publish","type":"page","link":"https:\/\/we.pb.edu.pl\/kair\/materialy-dydaktyczne\/anonse-dydaktyczne-kair\/","title":{"rendered":"Og\u0142oszenia dydaktyczne KAiR"},"content":{"rendered":"<p>&nbsp;<\/p>\n<table style=\"height: 37px; width: 85%;\" border=\"0\" cellspacing=\"3\" cellpadding=\"3\">\n<tbody>\n<tr>\n<td style=\"width: 9.0566%;\" colspan=\"2\" valign=\"bottom\" bgcolor=\"#d5e6e1\">\n<p align=\"left\"><span style=\"color: #000080; font-family: Verdana, Arial;\"><strong>Terminy kolokwi\u00f3w, zalicze\u0144 i egzamin\u00f3w<\/strong><\/span><\/p>\n<\/td>\n<\/tr>\n<\/tbody>\n<\/table>\n<p>&nbsp;<\/p>\n<table style=\"width: 85%; height: 36px; border-collapse: collapse;\">\n<tbody><!--\n\n\n<tr style=\"height: 39px;\" valign=\"top\">\n\n\n<td style=\"width: 41.1292%; height: 26px;\"><span style=\"color: #000000;\"><span style=\"color: #000000;\">Technika mikroprocesorowa 1 ES1 sem. III\nprowadz\u0105cy dr in\u017c. L.Grodzki<\/span><\/span>&nbsp;<\/td>\n\n\n\n\n<td style=\"width: 67.8579%; height: 26px;\"><span style=\"color: #ff0000;\"><span style=\"color: #808080;\">kolokwium zaliczeniowe z wyk\u0142adu #1 - 27.11.2025&nbsp; WE030&nbsp; &nbsp;11:15<\/span>\n<span style=\"color: #808080;\">kolokwium zaliczeniowe z wyk\u0142adu #2 - 15.01.2025&nbsp; &nbsp;WE030&nbsp; 11:15<\/span>\n<span style=\"color: #999999;\">kolokwia zaliczeniowe z wyk\u0142adu poprawkowe - 29.01.2026&nbsp; WE030&nbsp; &nbsp;12:15<\/span>\n<\/span><\/td>\n\n\n<\/tr>\n\n\n\n\n<tr style=\"height: 39px;\" valign=\"top\">\n\n\n<td style=\"width: 41.1292%; height: 28px;\"><span style=\"color: #000000;\"><span style=\"color: #000000;\">Technika mikroprocesorowa 1 ENS1 sem. III\n<\/span><\/span>prowadz\u0105cy dr in\u017c. L.Grodzki&nbsp;<\/td>\n\n\n\n\n<td style=\"width: 67.8579%; height: 28px;\"><span style=\"color: #808080;\">kolokwium zaliczeniowe z wyk\u0142adu #1 - zjazd&nbsp; 13.12.2025&nbsp; WE030&nbsp; &nbsp;13:25-14:15&nbsp;\nkolokwium zaliczeniowe z wyk\u0142adu #2 - przedostatni zjazd WE030&nbsp; &nbsp;13:25-14:15&nbsp;\nkolokwia poprawkowe&nbsp; - ostatni zjazd&nbsp; &nbsp;WE029&nbsp; &nbsp; pi\u0105tek 16:00-17:30\n<\/span><\/td>\n\n\n<\/tr>\n\n\n\n\n<tr style=\"height: 39px;\" valign=\"top\">\n\n\n<td style=\"width: 41.1292%; height: 28px;\"><span style=\"color: #000000;\"><span style=\"color: #000000;\">Technika mikroprocesorowa 1 ENS2 sem. III\ntryb konsultacyjny\n<\/span><\/span>prowadz\u0105cy dr in\u017c. L.Grodzki&nbsp;<\/td>\n\n\n\n\n<td style=\"width: 67.8579%; height: 28px;\"><span style=\"color: #808080;\">kolokwium zaliczeniowe z wyk\u0142adu #1 - zjazd&nbsp; 29.11.2025&nbsp; WE248&nbsp; &nbsp;8:45-9:30&nbsp;\nkolokwium zaliczeniowe z wyk\u0142adu #2 i poprawkowe - zjazd&nbsp; 17.01.2026&nbsp; WE248&nbsp; &nbsp;8:45-9:30&nbsp;\n<\/span><\/td>\n\n\n<\/tr>\n\n\n\n\n<tr style=\"height: 39px;\" valign=\"top\">\n\n\n<td style=\"width: 41.1292%; height: 28px;\"><span style=\"color: #000000;\">Technika mikroprocesorowa i mikrokontrolery&nbsp; EDS1 sem. III\nprowadz\u0105cy dr in\u017c. L.Grodzki\n<\/span><\/td>\n\n\n\n\n<td style=\"width: 67.8579%; height: 28px;\"><span style=\"color: #808080;\">kolokwium zaliczeniowe z wyk\u0142adu #1 - 27.11.2025&nbsp; WE030&nbsp; &nbsp;11:15\nkolokwium zaliczeniowe z wyk\u0142adu #2 - 15.01.2025&nbsp; &nbsp;WE030&nbsp; 11:15\nkolokwia zaliczeniowe z wyk\u0142adu poprawkowe - 29.01.2026&nbsp; WE030&nbsp; &nbsp;12:15\nkolokwium zaliczeniowe z laboratorium - 16.12.2025&nbsp; WE101 14:15\nkolokwium poprawkowe z laboratorium - 13.01.2026&nbsp; WE240 konsultacje&nbsp;&nbsp;<\/span><\/td>\n\n\n<\/tr>\n\n\n\n\n<tr style=\"height: 39px;\" valign=\"top\">\n\n\n<td style=\"width: 41.1292%; height: 28px;\"><span style=\"color: #000000;\"><span style=\"color: #000000;\">Mikrokontrolery&nbsp; ES1 APiTM sem. V\nprowadz\u0105cy dr in\u017c. L.Grodzki<\/span><\/span>&nbsp;<\/td>\n\n\n\n\n<td style=\"width: 67.8579%; height: 28px;\"><span style=\"color: #808080;\">kolokwium zaliczeniowe z wyk\u0142adu&nbsp; - 15.12.2025&nbsp; WE224&nbsp; 12:15-13:10&nbsp; &nbsp;&nbsp;\nkolokwium zaliczeniowe z laboratorium&nbsp; - 8.12.2025&nbsp; WE224 12:15\nkolokwium poprawkowe z laboratorium&nbsp; - 26.01.2026&nbsp; WE248&nbsp; 11:15\n<\/span><\/td>\n\n\n<\/tr>\n\n\n\n\n<tr style=\"height: 39px;\" valign=\"top\">\n\n\n<td style=\"width: 41.1292%; height: 28px;\"><span style=\"color: #000000;\">Programowanie system\u00f3w wbudowanych CPS1 sem. V\nprowadz\u0105cy dr in\u017c. L.Grodzki\n<\/span><\/td>\n\n\n\n\n<td style=\"width: 67.8579%; height: 28px;\"><span style=\"color: #808080;\">kolokwium zaliczeniowe z laboratorium - gr. L1 3.12.2025&nbsp; WE247&nbsp; 16:50\n<\/span><span style=\"color: #ff0000;\"><span style=\"color: #808080;\">&nbsp; &nbsp; &nbsp; &nbsp; &nbsp; &nbsp; &nbsp; &nbsp; &nbsp; &nbsp; &nbsp; &nbsp; &nbsp; &nbsp; &nbsp; &nbsp; &nbsp; &nbsp; &nbsp; &nbsp; &nbsp; &nbsp; &nbsp; &nbsp; &nbsp; &nbsp; &nbsp; &nbsp; &nbsp; &nbsp; &nbsp; &nbsp; &nbsp; &nbsp; &nbsp; &nbsp; &nbsp; gr. L2 14.01.2026&nbsp; WE247&nbsp; 14:15<\/span>\n<span style=\"color: #808080;\">kolokwium poprawkowe z laboratorium - ...01.2026&nbsp;<\/span>&nbsp;<\/span><\/td>\n\n\n<\/tr>\n\n\n--><\/p>\n<tr style=\"height: 39px;\" valign=\"top\">\n<td style=\"width: 41.1292%; height: 10px;\"><span style=\"color: #000000;\"><span style=\"color: #000000;\">Technika mikroprocesorowa 2 ES1 sem. IV<br \/>\nprowadz\u0105cy dr in\u017c. L.Grodzki<\/span><\/span>&nbsp;<\/td>\n<td style=\"width: 67.8579%; height: 10px;\"><span style=\"color: #ff0000;\">kolokwium zaliczeniowe z laboratorium #1 &#8211; 20&#8230;23.04.2026&nbsp; WE248\/247 podczas zaj\u0119\u0107<br \/>\nkolokwium zaliczeniowe z laboratorium #2 &#8211; 25&#8230;28.05.2026&nbsp; &nbsp;WE248\/247 podczas zaj\u0119\u0107<br \/>\nkolokwia zaliczeniowe z laboratorium poprawkowe &#8211; &#8230;.06.2026&nbsp; &#8230;..<br \/>\n<\/span><\/td>\n<\/tr>\n<tr style=\"height: 39px;\" valign=\"top\">\n<td style=\"width: 41.1292%; height: 26px;\"><span style=\"color: #000000;\"><span style=\"color: #000000;\">Technika mikroprocesorowa 2 ENS1 sem. IV<br \/>\nprowadz\u0105cy dr in\u017c. L.Grodzki<\/span><\/span>&nbsp;<\/td>\n<td style=\"width: 67.8579%; height: 26px;\"><span style=\"color: #ff0000;\">kolokwium zaliczeniowe z laboratorium&nbsp; &#8211; przedostatni zjazd WE247\/224 podczas zaj\u0119\u0107<br \/>\nkolokwia zaliczeniowe z laboratorium poprawkowe &#8211; ostatni zjazd WE247\/224 podczas zaj\u0119\u0107<br \/>\n<\/span><\/td>\n<\/tr>\n<\/tbody>\n<\/table>\n<p>&nbsp;<\/p>\n<table style=\"height: 35px; width: 85%;\" border=\"0\" cellspacing=\"3\" cellpadding=\"3\">\n<tbody>\n<tr>\n<td style=\"width: 9.43396%;\" colspan=\"2\" valign=\"bottom\" bgcolor=\"#d5e6e1\">\n<p align=\"left\"><span style=\"color: #000080; font-family: Verdana, Arial;\"><strong>Wyniki kolokwi\u00f3w, zalicze\u0144 i egzamin\u00f3w<\/strong><\/span><\/p>\n<\/td>\n<\/tr>\n<\/tbody>\n<\/table>\n<p>&nbsp;<\/p>\n<table style=\"width: 85%; height: 110px;\" border=\"0\" cellspacing=\"3\" cellpadding=\"3\">\n<tbody>\n<tr style=\"height: 42px;\">\n<td style=\"width: 100%; height: 10px; text-align: left;\">\n<p align=\"left\"><span style=\"color: #000000;\"><a class=\"pdf\" style=\"text-decoration: none; color: #000000;\" href=\"https:\/\/box.biaman.pl\/f\/767f8c58fd034e9a8d01\/\">Technika mikroprocesorowa 2 <\/a>ES1 sem. IV &#8211; sprawozdania<\/span><\/p>\n<\/td>\n<\/tr>\n<tr style=\"height: 42px;\">\n<td style=\"width: 100%; height: 10px; text-align: left;\">\n<p align=\"left\"><span style=\"color: #000000;\"><a class=\"pdf\" style=\"text-decoration: none; color: #000000;\" href=\"https:\/\/we.pb.edu.pl\/kair\/materialy-dydaktyczne\/przepraszamy-informacje-w-przygotowaniu\/\">Technika mikroprocesorowa 2 <\/a>ES1 sem. IV &#8211; zaliczenie laboratorium<\/span><\/p>\n<\/td>\n<\/tr>\n<tr style=\"height: 42px;\">\n<td style=\"width: 100%; height: 10px; text-align: left;\">\n<p align=\"left\"><span style=\"color: #000000;\"><a class=\"pdf\" style=\"text-decoration: none; color: #000000;\" href=\"https:\/\/box.biaman.pl\/f\/7bce8ee8f79546e88528\/\">Technika mikroprocesorowa 2 <\/a>ENS1 sem. IV &#8211; sprawozdania<\/span><\/p>\n<\/td>\n<\/tr>\n<tr style=\"height: 42px;\">\n<td style=\"width: 100%; height: 10px; text-align: left;\">\n<p align=\"left\"><span style=\"color: #000000;\"><a class=\"pdf\" style=\"text-decoration: none; color: #000000;\" href=\"https:\/\/we.pb.edu.pl\/kair\/materialy-dydaktyczne\/przepraszamy-informacje-w-przygotowaniu\/\">Technika mikroprocesorowa 2 <\/a>ENS1 sem. IV &#8211; zaliczenie laboratorium<\/span><\/p>\n<\/td>\n<\/tr>\n<tr style=\"height: 42px;\">\n<td style=\"width: 100%; height: 10px; text-align: left;\">\n<p align=\"left\"><span style=\"color: #000000;\"><a class=\"pdf\" style=\"text-decoration: none; color: #000000;\" href=\"https:\/\/box.biaman.pl\/f\/374a6194de8b49d08dc8\/\">Projektowanie uk\u0142ad\u00f3w elektronicznych 2 <\/a>EiTS1 sem. IV &#8211; zaliczenie projektu<\/span><\/p>\n<\/td>\n<\/tr>\n<\/tbody>\n<\/table>\n<p>&nbsp;<\/p>\n<table class=\" alignleft\" style=\"height: 44px; width: 84.8808%;\" border=\"0\" cellspacing=\"0\" cellpadding=\"6\" bgcolor=\"#ffffff\">\n<tbody>\n<tr style=\"height: 45px;\">\n<td style=\"width: 9.86717%; height: 44px;\" colspan=\"2\" align=\"center\" bgcolor=\"#f7f7f7\"><span style=\"color: #ff0000; font-size: small;\"><span style=\"color: #000080; font-size: small;\"><span style=\"color: #000000; font-size: 8pt;\">Opracowanie www: <strong>Lech Grodzki<\/strong> l.grodzki(.)pb.edu.pl<\/span><br \/>\n<span style=\"color: #000000; font-size: 8pt;\">tel. (85) 746-93-84<\/span><\/span><\/span><\/td>\n<\/tr>\n<\/tbody>\n<\/table>\n<p>&nbsp;<\/p>\n<p>&nbsp;<\/p>\n<p style=\"text-align: center;\"><span style=\"color: #000000; font-size: 10pt; text-align: center;\">Aktualizacja: 2026-04-13<\/span><\/p>\n<p>&nbsp;<\/p>\n","protected":false},"excerpt":{"rendered":"<p>&nbsp; Terminy kolokwi\u00f3w, zalicze\u0144 i egzamin\u00f3w &nbsp; Technika mikroprocesorowa 2 ES1 sem. IV prowadz\u0105cy dr<a class=\"read-more\" href=\"https:\/\/we.pb.edu.pl\/kair\/materialy-dydaktyczne\/anonse-dydaktyczne-kair\/\" title=\"Poka\u017c artyku\u0142 Og\u0142oszenia dydaktyczne KAiR\">wi\u0119cej<\/a><\/p>\n","protected":false},"author":12,"featured_media":0,"parent":42,"menu_order":0,"comment_status":"closed","ping_status":"closed","template":"","meta":{"inline_featured_image":false,"ngg_post_thumbnail":0,"footnotes":""},"class_list":["post-118","page","type-page","status-publish","hentry"],"acf":[],"yoast_head":"<!-- This site is optimized with the Yoast SEO plugin v26.4 - https:\/\/yoast.com\/wordpress\/plugins\/seo\/ -->\n<title>Og\u0142oszenia dydaktyczne KAiR - Katedra Automatyki i Robotyki<\/title>\n<meta name=\"robots\" content=\"index, follow, max-snippet:-1, max-image-preview:large, max-video-preview:-1\" \/>\n<link rel=\"canonical\" href=\"https:\/\/we.pb.edu.pl\/kair\/materialy-dydaktyczne\/anonse-dydaktyczne-kair\/\" \/>\n<meta property=\"og:locale\" content=\"pl_PL\" \/>\n<meta property=\"og:type\" content=\"article\" \/>\n<meta property=\"og:title\" content=\"Og\u0142oszenia dydaktyczne KAiR - Katedra Automatyki i Robotyki\" \/>\n<meta property=\"og:description\" content=\"&nbsp; Terminy kolokwi\u00f3w, zalicze\u0144 i egzamin\u00f3w &nbsp; Technika mikroprocesorowa 2 ES1 sem. IV prowadz\u0105cy drwi\u0119cej\" \/>\n<meta property=\"og:url\" content=\"https:\/\/we.pb.edu.pl\/kair\/materialy-dydaktyczne\/anonse-dydaktyczne-kair\/\" \/>\n<meta property=\"og:site_name\" content=\"Katedra Automatyki i Robotyki\" \/>\n<meta property=\"article:modified_time\" content=\"2026-04-13T14:23:40+00:00\" \/>\n<meta name=\"twitter:card\" content=\"summary_large_image\" \/>\n<meta name=\"twitter:label1\" content=\"Szacowany czas czytania\" \/>\n\t<meta name=\"twitter:data1\" content=\"1 minuta\" \/>\n<script type=\"application\/ld+json\" class=\"yoast-schema-graph\">{\"@context\":\"https:\/\/schema.org\",\"@graph\":[{\"@type\":\"WebPage\",\"@id\":\"https:\/\/we.pb.edu.pl\/kair\/materialy-dydaktyczne\/anonse-dydaktyczne-kair\/\",\"url\":\"https:\/\/we.pb.edu.pl\/kair\/materialy-dydaktyczne\/anonse-dydaktyczne-kair\/\",\"name\":\"Og\u0142oszenia dydaktyczne KAiR - Katedra Automatyki i Robotyki\",\"isPartOf\":{\"@id\":\"https:\/\/we.pb.edu.pl\/kair\/#website\"},\"datePublished\":\"2018-05-09T18:12:32+00:00\",\"dateModified\":\"2026-04-13T14:23:40+00:00\",\"breadcrumb\":{\"@id\":\"https:\/\/we.pb.edu.pl\/kair\/materialy-dydaktyczne\/anonse-dydaktyczne-kair\/#breadcrumb\"},\"inLanguage\":\"pl-PL\",\"potentialAction\":[{\"@type\":\"ReadAction\",\"target\":[\"https:\/\/we.pb.edu.pl\/kair\/materialy-dydaktyczne\/anonse-dydaktyczne-kair\/\"]}]},{\"@type\":\"BreadcrumbList\",\"@id\":\"https:\/\/we.pb.edu.pl\/kair\/materialy-dydaktyczne\/anonse-dydaktyczne-kair\/#breadcrumb\",\"itemListElement\":[{\"@type\":\"ListItem\",\"position\":1,\"name\":\"Strona g\u0142\u00f3wna\",\"item\":\"https:\/\/we.pb.edu.pl\/kair\/\"},{\"@type\":\"ListItem\",\"position\":2,\"name\":\"Materia\u0142y dydaktyczne KAiR\",\"item\":\"https:\/\/we.pb.edu.pl\/kair\/materialy-dydaktyczne\/\"},{\"@type\":\"ListItem\",\"position\":3,\"name\":\"Og\u0142oszenia dydaktyczne KAiR\"}]},{\"@type\":\"WebSite\",\"@id\":\"https:\/\/we.pb.edu.pl\/kair\/#website\",\"url\":\"https:\/\/we.pb.edu.pl\/kair\/\",\"name\":\"Katedra Automatyki i Robotyki\",\"description\":\"Katedra Automatyki i Robotyki\",\"potentialAction\":[{\"@type\":\"SearchAction\",\"target\":{\"@type\":\"EntryPoint\",\"urlTemplate\":\"https:\/\/we.pb.edu.pl\/kair\/?s={search_term_string}\"},\"query-input\":{\"@type\":\"PropertyValueSpecification\",\"valueRequired\":true,\"valueName\":\"search_term_string\"}}],\"inLanguage\":\"pl-PL\"}]}<\/script>\n<!-- \/ Yoast SEO plugin. -->","yoast_head_json":{"title":"Og\u0142oszenia dydaktyczne KAiR - Katedra Automatyki i Robotyki","robots":{"index":"index","follow":"follow","max-snippet":"max-snippet:-1","max-image-preview":"max-image-preview:large","max-video-preview":"max-video-preview:-1"},"canonical":"https:\/\/we.pb.edu.pl\/kair\/materialy-dydaktyczne\/anonse-dydaktyczne-kair\/","og_locale":"pl_PL","og_type":"article","og_title":"Og\u0142oszenia dydaktyczne KAiR - Katedra Automatyki i Robotyki","og_description":"&nbsp; Terminy kolokwi\u00f3w, zalicze\u0144 i egzamin\u00f3w &nbsp; Technika mikroprocesorowa 2 ES1 sem. IV prowadz\u0105cy drwi\u0119cej","og_url":"https:\/\/we.pb.edu.pl\/kair\/materialy-dydaktyczne\/anonse-dydaktyczne-kair\/","og_site_name":"Katedra Automatyki i Robotyki","article_modified_time":"2026-04-13T14:23:40+00:00","twitter_card":"summary_large_image","twitter_misc":{"Szacowany czas czytania":"1 minuta"},"schema":{"@context":"https:\/\/schema.org","@graph":[{"@type":"WebPage","@id":"https:\/\/we.pb.edu.pl\/kair\/materialy-dydaktyczne\/anonse-dydaktyczne-kair\/","url":"https:\/\/we.pb.edu.pl\/kair\/materialy-dydaktyczne\/anonse-dydaktyczne-kair\/","name":"Og\u0142oszenia dydaktyczne KAiR - Katedra Automatyki i Robotyki","isPartOf":{"@id":"https:\/\/we.pb.edu.pl\/kair\/#website"},"datePublished":"2018-05-09T18:12:32+00:00","dateModified":"2026-04-13T14:23:40+00:00","breadcrumb":{"@id":"https:\/\/we.pb.edu.pl\/kair\/materialy-dydaktyczne\/anonse-dydaktyczne-kair\/#breadcrumb"},"inLanguage":"pl-PL","potentialAction":[{"@type":"ReadAction","target":["https:\/\/we.pb.edu.pl\/kair\/materialy-dydaktyczne\/anonse-dydaktyczne-kair\/"]}]},{"@type":"BreadcrumbList","@id":"https:\/\/we.pb.edu.pl\/kair\/materialy-dydaktyczne\/anonse-dydaktyczne-kair\/#breadcrumb","itemListElement":[{"@type":"ListItem","position":1,"name":"Strona g\u0142\u00f3wna","item":"https:\/\/we.pb.edu.pl\/kair\/"},{"@type":"ListItem","position":2,"name":"Materia\u0142y dydaktyczne KAiR","item":"https:\/\/we.pb.edu.pl\/kair\/materialy-dydaktyczne\/"},{"@type":"ListItem","position":3,"name":"Og\u0142oszenia dydaktyczne KAiR"}]},{"@type":"WebSite","@id":"https:\/\/we.pb.edu.pl\/kair\/#website","url":"https:\/\/we.pb.edu.pl\/kair\/","name":"Katedra Automatyki i Robotyki","description":"Katedra Automatyki i Robotyki","potentialAction":[{"@type":"SearchAction","target":{"@type":"EntryPoint","urlTemplate":"https:\/\/we.pb.edu.pl\/kair\/?s={search_term_string}"},"query-input":{"@type":"PropertyValueSpecification","valueRequired":true,"valueName":"search_term_string"}}],"inLanguage":"pl-PL"}]}},"_links":{"self":[{"href":"https:\/\/we.pb.edu.pl\/kair\/wp-json\/wp\/v2\/pages\/118","targetHints":{"allow":["GET"]}}],"collection":[{"href":"https:\/\/we.pb.edu.pl\/kair\/wp-json\/wp\/v2\/pages"}],"about":[{"href":"https:\/\/we.pb.edu.pl\/kair\/wp-json\/wp\/v2\/types\/page"}],"author":[{"embeddable":true,"href":"https:\/\/we.pb.edu.pl\/kair\/wp-json\/wp\/v2\/users\/12"}],"replies":[{"embeddable":true,"href":"https:\/\/we.pb.edu.pl\/kair\/wp-json\/wp\/v2\/comments?post=118"}],"version-history":[{"count":375,"href":"https:\/\/we.pb.edu.pl\/kair\/wp-json\/wp\/v2\/pages\/118\/revisions"}],"predecessor-version":[{"id":4215,"href":"https:\/\/we.pb.edu.pl\/kair\/wp-json\/wp\/v2\/pages\/118\/revisions\/4215"}],"up":[{"embeddable":true,"href":"https:\/\/we.pb.edu.pl\/kair\/wp-json\/wp\/v2\/pages\/42"}],"wp:attachment":[{"href":"https:\/\/we.pb.edu.pl\/kair\/wp-json\/wp\/v2\/media?parent=118"}],"curies":[{"name":"wp","href":"https:\/\/api.w.org\/{rel}","templated":true}]}}