{"id":20343,"date":"2022-07-01T12:34:00","date_gmt":"2022-07-01T10:34:00","guid":{"rendered":"https:\/\/we.pb.edu.pl\/?page_id=20343"},"modified":"2025-09-03T14:55:19","modified_gmt":"2025-09-03T12:55:19","slug":"employees","status":"publish","type":"page","link":"https:\/\/we.pb.edu.pl\/en\/faculty\/institute-and-departments\/department-of-automatic-control-and-robotics\/employees\/","title":{"rendered":"Employees"},"content":{"rendered":"<table class=\"pracownicy\">\n<tbody>\n<tr>\n<th class=\"h\" colspan=\"4\">Head of Department<\/th>\n<\/tr>\n<tr class=\"p\">\n<td class=\"name\">Prof. <span class=\"b\">\u0141ukasz Sajewski<\/span>, DSc, PhD, Eng.<\/td>\n<td class=\"phone\"><i class=\"fa fa-phone\" aria-hidden=\"true\"><\/i> 85 746 9378<\/td>\n<td class=\"room\">WE-237<\/td>\n<td class=\"mail\"><i class=\"fa fa-envelope-o\" aria-hidden=\"true\"><\/i> <a href=\"#\" rel=\"nofollow\"  onclick=\"this.href='mailto:' + 'l.sajewski' + '@' + 'pb.edu.pl'\">l.sajewski [at] pb.edu.pl<\/a><\/td>\n<\/tr>\n<\/tbody>\n<\/table>\n<table class=\"pracownicy\" style=\"margin-top: 2em;\">\n<tbody>\n<tr>\n<th class=\"h\" colspan=\"4\">Teachers<\/th>\n<\/tr>\n<tr class=\"p\">\n<td class=\"name\"><span class=\"b\">Kamil Borawski<\/span>, PhD, Eng.<\/td>\n<td class=\"phone\"><i class=\"fa fa-phone\" aria-hidden=\"true\"><\/i> 85 746 9417<\/td>\n<td class=\"room\">WE-235<\/td>\n<td class=\"mail\"><i class=\"fa fa-envelope-o\" aria-hidden=\"true\"><\/i> <a href=\"#\" rel=\"nofollow\"  onclick=\"this.href='mailto:' + 'k.borawski' + '@' + 'pb.edu.pl'\">k.borawski [at] pb.edu.pl<\/a><\/td>\n<\/tr>\n<tr class=\"p\">\n<td class=\"name\"><span class=\"b\">Maciej Ci\u0119\u017ckowski<\/span>, PhD<\/td>\n<td class=\"phone\"><i class=\"fa fa-phone\" aria-hidden=\"true\"><\/i> 85 746 9410<br \/><i class=\"fa fa-mobile\" aria-hidden=\"true\"><\/i>&nbsp; 571 443 064<\/td>\n<td class=\"room\">WE-238<\/td>\n<td class=\"mail\"><i class=\"fa fa-envelope-o\" aria-hidden=\"true\"><\/i> <a href=\"#\" rel=\"nofollow\"  onclick=\"this.href='mailto:' + 'm.ciezkowski' + '@' + 'pb.edu.pl'\">m.ciezkowski [at] pb.edu.pl<\/a><\/td>\n<\/tr>\n<tr class=\"p\">\n<td class=\"name\"><span class=\"b\">Marian Gilewski<\/span>, PhD, Eng.<\/td>\n<td class=\"phone\"><i class=\"fa fa-phone\" aria-hidden=\"true\"><\/i> 85 746 9352<\/td>\n<td class=\"room\">WE-329<\/td>\n<td class=\"mail\"><i class=\"fa fa-envelope-o\" aria-hidden=\"true\"><\/i> <a href=\"#\" rel=\"nofollow\"  onclick=\"this.href='mailto:' + 'm.gilewski' + '@' + 'pb.edu.pl'\">m.gilewski [at] pb.edu.pl<\/a><\/td>\n<\/tr>\n<tr class=\"p\">\n<td class=\"name\"><span class=\"b\">Lech Grodzki<\/span>, PhD, Eng.<\/td>\n<td class=\"phone\"><i class=\"fa fa-phone\" aria-hidden=\"true\"><\/i> 85 746 9384<br \/>\n<i class=\"fa fa-mobile\" aria-hidden=\"true\"><\/i>&nbsp; 571 443 166<\/td>\n<td class=\"room\">WE-240<\/td>\n<td class=\"mail\"><i class=\"fa fa-envelope-o\" aria-hidden=\"true\"><\/i> <a href=\"#\" rel=\"nofollow\"  onclick=\"this.href='mailto:' + 'l.grodzki' + '@' + 'pb.edu.pl'\">l.grodzki [at] pb.edu.pl<\/a><\/td>\n<\/tr>\n<tr class=\"p\">\n<td class=\"name\">Prof. <span class=\"b\">Tadeusz Kaczorek<\/span>, DSc, PhD, Eng.<\/td>\n<td class=\"phone\"><i class=\"fa fa-phone\" aria-hidden=\"true\"><\/i> 85 746 9351<\/td>\n<td class=\"room\">WE-233<\/td>\n<td class=\"mail\"><i class=\"fa fa-envelope-o\" aria-hidden=\"true\"><\/i> <a href=\"#\" rel=\"nofollow\"  onclick=\"this.href='mailto:' + 't.kaczorek' + '@' + 'pb.edu.pl'\">t.kaczorek [at] pb.edu.pl<\/a><\/td>\n<\/tr>\n<tr class=\"p\">\n<td class=\"name\"><span class=\"b\">Andrzej Karpiuk<\/span>, PhD, Eng.<\/td>\n<td class=\"phone\"><i class=\"fa fa-phone\" aria-hidden=\"true\"><\/i> 85 746 9417<\/td>\n<td class=\"room\">WE-235<\/td>\n<td class=\"mail\"><i class=\"fa fa-envelope-o\" aria-hidden=\"true\"><\/i> <a href=\"#\" rel=\"nofollow\"  onclick=\"this.href='mailto:' + 'andrzej.karpiuk' + '@' + 'pb.edu.pl'\">andrzej.karpiuk [at] pb.edu.pl<\/a><\/td>\n<\/tr>\n<tr class=\"p\">\n<td class=\"name\"><span class=\"b\">Pawe\u0142 Kieczmerski<\/span>, MSc, Eng.<\/td>\n<td class=\"phone\"><i class=\"fa fa-phone\" aria-hidden=\"true\"><\/i> 85 746 9411<\/td>\n<td class=\"room\">WE-234<\/td>\n<td class=\"mail\"><i class=\"fa fa-envelope-o\" aria-hidden=\"true\"><\/i> <a href=\"#\" rel=\"nofollow\"  onclick=\"this.href='mailto:' + 'pawel.kieczmerski' + '@' + 'pb.edu.pl'\">pawel.kieczmerski [at] pb.edu.pl<\/a><\/td>\n<\/tr>\n<tr class=\"p\">\n<td class=\"name\"><span class=\"b\">Rafa\u0142 Kociszewski<\/span>, PhD, Eng.<\/td>\n<td class=\"phone\"><i class=\"fa fa-phone\" aria-hidden=\"true\"><\/i> 85 746 9382<\/td>\n<td class=\"room\">WE-239<\/td>\n<td class=\"mail\"><i class=\"fa fa-envelope-o\" aria-hidden=\"true\"><\/i> <a href=\"#\" rel=\"nofollow\"  onclick=\"this.href='mailto:' + 'r.kociszewski' + '@' + 'pb.edu.pl'\">r.kociszewski [at] pb.edu.pl<\/a><\/td>\n<\/tr>\n<tr class=\"p\">\n<td class=\"name\"><span class=\"b\">Adam Kotowski<\/span>, PhD, Eng.<\/td>\n<td class=\"phone\"><i class=\"fa fa-mobile\" aria-hidden=\"true\"><\/i>&nbsp; 571 443 053<\/td>\n<td class=\"room\">WE-123<\/td>\n<td class=\"mail\"><i class=\"fa fa-envelope-o\" aria-hidden=\"true\"><\/i> <a href=\"#\" rel=\"nofollow\"  onclick=\"this.href='mailto:' + 'a.kotowski' + '@' + 'pb.edu.pl'\">a.kotowski [at] pb.edu.pl<\/a><\/td>\n<\/tr>\n<tr class=\"p\">\n<td class=\"name\">Assoc. Prof. <span class=\"b\">Zbigniew Kulesza<\/span>, DSc, PhD, Eng.<\/td>\n<td class=\"phone\"><i class=\"fa fa-phone\" aria-hidden=\"true\"><\/i> 85 746 9383<br \/><i class=\"fa fa-mobile\" aria-hidden=\"true\"><\/i>&nbsp; 797 990 780<\/td>\n<td class=\"room\">WE-232<\/td>\n<td class=\"mail\"><i class=\"fa fa-envelope-o\" aria-hidden=\"true\"><\/i> <a href=\"#\" rel=\"nofollow\"  onclick=\"this.href='mailto:' + 'z.kulesza' + '@' + 'pb.edu.pl'\">z.kulesza [at] pb.edu.pl<\/a><\/td>\n<\/tr>\n<tr class=\"p\">\n<td class=\"name\">Assoc. Prof. <span class=\"b\">Arkadiusz Mystkowski<\/span>, DSc, PhD, Eng.<\/td>\n<td class=\"phone\"><i class=\"fa fa-mobile\" aria-hidden=\"true\"><\/i>&nbsp; 571 443 058<\/td>\n<td class=\"room\">WE-259<\/td>\n<td class=\"mail\"><i class=\"fa fa-envelope-o\" aria-hidden=\"true\"><\/i> <a href=\"#\" rel=\"nofollow\"  onclick=\"this.href='mailto:' + 'a.mystkowski' + '@' + 'pb.edu.pl'\">a.mystkowski [at] pb.edu.pl<\/a><\/td>\n<\/tr>\n<tr class=\"p\">\n<td class=\"name\"><span class=\"b\">Micha\u0142 Ostaszewski<\/span>, PhD, Eng.<\/td>\n<td class=\"phone\"><i class=\"fa fa-phone\" aria-hidden=\"true\"><\/i> 85 746 9416<br \/><i class=\"fa fa-mobile\" aria-hidden=\"true\"><\/i>&nbsp; 571 443 061<\/td>\n<td class=\"room\">WE-127<\/td>\n<td class=\"mail\"><i class=\"fa fa-envelope-o\" aria-hidden=\"true\"><\/i> <a href=\"#\" rel=\"nofollow\"  onclick=\"this.href='mailto:' + 'm.ostaszewski' + '@' + 'pb.edu.pl'\">m.ostaszewski [at] pb.edu.pl<\/a><\/td>\n<\/tr>\n<tr class=\"p\">\n<td class=\"name\"><a href=\"\/kair\/krzysztof-rogowski\/\"><span class=\"b\">Krzysztof Rogowski<\/span>, PhD, Eng.<\/a><\/td>\n<td class=\"phone\"><i class=\"fa fa-phone\" aria-hidden=\"true\"><\/i> 85 746 9384<br \/><i class=\"fa fa-mobile\" aria-hidden=\"true\"><\/i>&nbsp; 571 443 167<\/td>\n<td class=\"room\">WE-240<\/td>\n<td class=\"mail\"><i class=\"fa fa-envelope-o\" aria-hidden=\"true\"><\/i> <a href=\"#\" rel=\"nofollow\"  onclick=\"this.href='mailto:' + 'k.rogowski' + '@' + 'pb.edu.pl'\">k.rogowski [at] pb.edu.pl<\/a><\/td>\n<\/tr>\n<tr class=\"p\">\n<td class=\"name\"><span class=\"b\">S\u0142awomir Romaniuk<\/span>, PhD, Eng.<\/td>\n<td class=\"phone\"><i class=\"fa fa-phone\" aria-hidden=\"true\"><\/i> 85 746 9416<br \/><i class=\"fa fa-mobile\" aria-hidden=\"true\"><\/i>&nbsp; 503 737 360<\/td>\n<td class=\"room\">WE-127<\/td>\n<td class=\"mail\"><i class=\"fa fa-envelope-o\" aria-hidden=\"true\"><\/i> <a href=\"#\" rel=\"nofollow\"  onclick=\"this.href='mailto:' + 's.romaniuk' + '@' + 'pb.edu.pl'\">s.romaniuk [at] pb.edu.pl<\/a><\/td>\n<\/tr>\n<tr class=\"p\">\n<td class=\"name\">Assoc. Prof. <span class=\"b\">Andrzej Ruszewski<\/span>, DSc, PhD, Eng.<\/td>\n<td class=\"phone\"><i class=\"fa fa-phone\" aria-hidden=\"true\"><\/i> 85 746 9392<br \/><i class=\"fa fa-mobile\" aria-hidden=\"true\"><\/i>&nbsp; 690 409 828<\/td>\n<td class=\"room\">WE-239<\/td>\n<td class=\"mail\"><i class=\"fa fa-envelope-o\" aria-hidden=\"true\"><\/i> <a href=\"#\" rel=\"nofollow\"  onclick=\"this.href='mailto:' + 'a.ruszewski' + '@' + 'pb.edu.pl'\">a.ruszewski [at] pb.edu.pl<\/a><\/td>\n<\/tr>\n<tr class=\"p\">\n<td class=\"name\">Assoc. Prof. <span class=\"b\">Miros\u0142aw \u015awiercz<\/span>, DSc, PhD, Eng.<\/td>\n<td class=\"phone\"><i class=\"fa fa-phone\" aria-hidden=\"true\"><\/i> 85 746 9014<br \/>\n<i class=\"fa fa-mobile\" aria-hidden=\"true\"><\/i>&nbsp; 571 443 164<\/td>\n<td class=\"room\">Rektorat 14A<\/td>\n<td class=\"mail\"><i class=\"fa fa-envelope-o\" aria-hidden=\"true\"><\/i> <a href=\"#\" rel=\"nofollow\"  onclick=\"this.href='mailto:' + 'm.swiercz' + '@' + 'pb.edu.pl'\">m.swiercz [at] pb.edu.pl<\/a><\/td>\n<\/tr>\n<tr class=\"p\">\n<td class=\"name\"><span class=\"b\">Roman Trochimczuk<\/span>, PhD, Eng.<\/td>\n<td class=\"phone\"><i class=\"fa fa-mobile\" aria-hidden=\"true\"><\/i>&nbsp; 571 443 066<\/td>\n<td class=\"room\">WE-123<\/td>\n<td class=\"mail\"><i class=\"fa fa-envelope-o\" aria-hidden=\"true\"><\/i> <a href=\"#\" rel=\"nofollow\"  onclick=\"this.href='mailto:' + 'r.trochimczuk' + '@' + 'pb.edu.pl'\">r.trochimczuk [at] pb.edu.pl<\/a><\/td>\n<\/tr>\n<tr class=\"p\">\n<td class=\"name\"><span class=\"b\">Wojciech Trzasko<\/span>, PhD, Eng.<\/td>\n<td class=\"phone\"><i class=\"fa fa-phone\" aria-hidden=\"true\"><\/i> 85 746 9363<\/td>\n<td class=\"room\">WE-237<\/td>\n<td class=\"mail\"><i class=\"fa fa-envelope-o\" aria-hidden=\"true\"><\/i> <a href=\"#\" rel=\"nofollow\"  onclick=\"this.href='mailto:' + 'w.trzasko' + '@' + 'pb.edu.pl'\">w.trzasko [at] pb.edu.pl<\/a><\/td>\n<\/tr>\n<tr class=\"p\">\n<td class=\"name\"><a href=\"\/kair\/wojciech-wojtkowski\/\"><span class=\"b\">Wojciech Wojtkowski<\/span>, PhD, Eng.<\/a><\/td>\n<td class=\"phone\"><i class=\"fa fa-phone\" aria-hidden=\"true\"><\/i> 85 746 9440<\/td>\n<td class=\"room\">WE-241<\/td>\n<td class=\"mail\"><i class=\"fa fa-envelope-o\" aria-hidden=\"true\"><\/i> <a href=\"#\" rel=\"nofollow\"  onclick=\"this.href='mailto:' + 'w.wojtkowski' + '@' + 'pb.edu.pl'\">w.wojtkowski [at] pb.edu.pl<\/a><\/td>\n<\/tr>\n<tr class=\"p\">\n<td class=\"name\"><span class=\"b\">Adam Wolniakowski<\/span>, PhD, Eng.<\/td>\n<td class=\"phone\"><i class=\"fa fa-mobile\" aria-hidden=\"true\"><\/i>&nbsp; 503 737 879<\/td>\n<td class=\"room\">WE-238<\/td>\n<td class=\"mail\"><i class=\"fa fa-envelope-o\" aria-hidden=\"true\"><\/i> <a href=\"#\" rel=\"nofollow\"  onclick=\"this.href='mailto:' + 'a.wolniakowski' + '@' + 'pb.edu.pl'\">a.wolniakowski [at] pb.edu.pl<\/a><\/td>\n<\/tr>\n<\/tbody>\n<\/table>\n<table class=\"pracownicy\" style=\"margin-top: 2em;\">\n<tbody>\n<tr>\n<th class=\"h\" colspan=\"4\">Research-technical workers<\/th>\n<\/tr>\n<tr class=\"p\">\n<td class=\"name\"><span class=\"b\">Piotr Motowicki<\/span>, MSc, Eng.<\/td>\n<td class=\"phone\"><i class=\"fa fa-phone\" aria-hidden=\"true\"><\/i> 85 746 9411<\/td>\n<td class=\"room\">WE-238<\/td>\n<td class=\"mail\"><i class=\"fa fa-envelope-o\" aria-hidden=\"true\"><\/i> <a href=\"#\" rel=\"nofollow\"  onclick=\"this.href='mailto:' + 'piotr.motowicki' + '@' + 'pb.edu.pl'\">piotr.motowicki [at] pb.edu.pl<\/a><\/td>\n<\/tr>\n<tr class=\"p\">\n<td class=\"name\"><span class=\"b\">Adam Tomaszuk<\/span>, PhD, Eng.<\/td>\n<td class=\"phone\"><i class=\"fa fa-phone\" aria-hidden=\"true\"><\/i> 85 746 9411<\/td>\n<td class=\"room\">WE-238<\/td>\n<td class=\"mail\"><i class=\"fa fa-envelope-o\" aria-hidden=\"true\"><\/i> <a href=\"#\" rel=\"nofollow\"  onclick=\"this.href='mailto:' + 'adam.tomaszuk' + '@' + 'pb.edu.pl'\">adam.tomaszuk [at] pb.edu.pl<\/a><\/td>\n<\/tr>\n<\/tbody>\n<\/table>\n","protected":false},"excerpt":{"rendered":"<p>Head of Department Prof. \u0141ukasz Sajewski, DSc, PhD, Eng. 85 746 9378 WE-237 Teachers Kamil<a class=\"read-more\" href=\"https:\/\/we.pb.edu.pl\/en\/faculty\/institute-and-departments\/department-of-automatic-control-and-robotics\/employees\/\" title=\"Poka\u017c artyku\u0142 Employees\">more<\/a><\/p>\n","protected":false},"author":2,"featured_media":0,"parent":20321,"menu_order":2,"comment_status":"closed","ping_status":"closed","template":"","meta":{"inline_featured_image":false,"ngg_post_thumbnail":0,"footnotes":""},"class_list":["post-20343","page","type-page","status-publish","hentry"],"acf":[],"yoast_head":"<!-- This site is optimized with the Yoast SEO plugin v26.4 - https:\/\/yoast.com\/wordpress\/plugins\/seo\/ -->\n<title>Employees - Faculty of Electrical Engineering<\/title>\n<meta name=\"description\" content=\"Head of Department Prof. \u0141ukasz Sajewski, DSc, PhD, Eng. 85 746 9378 WE-237 Teachers Kamil Borawski, PhD, Eng. 85 746 9417 WE-235 Maciej Ci\u0119\u017ckowski, PhD\" \/>\n<meta name=\"robots\" content=\"index, follow, max-snippet:-1, max-image-preview:large, max-video-preview:-1\" \/>\n<link rel=\"canonical\" href=\"https:\/\/we.pb.edu.pl\/en\/faculty\/institute-and-departments\/department-of-automatic-control-and-robotics\/employees\/\" \/>\n<meta property=\"og:locale\" content=\"en_US\" \/>\n<meta property=\"og:type\" content=\"article\" \/>\n<meta property=\"og:title\" content=\"Employees - Faculty of Electrical Engineering\" \/>\n<meta property=\"og:description\" content=\"Head of Department Prof. \u0141ukasz Sajewski, DSc, PhD, Eng. 85 746 9378 WE-237 Teachers Kamil Borawski, PhD, Eng. 85 746 9417 WE-235 Maciej Ci\u0119\u017ckowski, PhD\" \/>\n<meta property=\"og:url\" content=\"https:\/\/we.pb.edu.pl\/en\/faculty\/institute-and-departments\/department-of-automatic-control-and-robotics\/employees\/\" \/>\n<meta property=\"og:site_name\" content=\"Faculty of Electrical Engineering\" \/>\n<meta property=\"article:modified_time\" content=\"2025-09-03T12:55:19+00:00\" \/>\n<meta name=\"twitter:label1\" content=\"Est. reading time\" \/>\n\t<meta name=\"twitter:data1\" content=\"3 minutes\" \/>\n<script type=\"application\/ld+json\" class=\"yoast-schema-graph\">{\"@context\":\"https:\/\/schema.org\",\"@graph\":[{\"@type\":\"WebPage\",\"@id\":\"https:\/\/we.pb.edu.pl\/en\/faculty\/institute-and-departments\/department-of-automatic-control-and-robotics\/employees\/\",\"url\":\"https:\/\/we.pb.edu.pl\/en\/faculty\/institute-and-departments\/department-of-automatic-control-and-robotics\/employees\/\",\"name\":\"Employees - Faculty of Electrical Engineering\",\"isPartOf\":{\"@id\":\"https:\/\/we.pb.edu.pl\/en\/#website\"},\"datePublished\":\"2022-07-01T10:34:00+00:00\",\"dateModified\":\"2025-09-03T12:55:19+00:00\",\"description\":\"Head of Department Prof. \u0141ukasz Sajewski, DSc, PhD, Eng. 85 746 9378 WE-237 Teachers Kamil Borawski, PhD, Eng. 85 746 9417 WE-235 Maciej Ci\u0119\u017ckowski, PhD\",\"breadcrumb\":{\"@id\":\"https:\/\/we.pb.edu.pl\/en\/faculty\/institute-and-departments\/department-of-automatic-control-and-robotics\/employees\/#breadcrumb\"},\"inLanguage\":\"en-US\",\"potentialAction\":[{\"@type\":\"ReadAction\",\"target\":[\"https:\/\/we.pb.edu.pl\/en\/faculty\/institute-and-departments\/department-of-automatic-control-and-robotics\/employees\/\"]}]},{\"@type\":\"BreadcrumbList\",\"@id\":\"https:\/\/we.pb.edu.pl\/en\/faculty\/institute-and-departments\/department-of-automatic-control-and-robotics\/employees\/#breadcrumb\",\"itemListElement\":[{\"@type\":\"ListItem\",\"position\":1,\"name\":\"Strona g\u0142\u00f3wna\",\"item\":\"https:\/\/we.pb.edu.pl\/en\/\"},{\"@type\":\"ListItem\",\"position\":2,\"name\":\"Faculty\",\"item\":\"https:\/\/we.pb.edu.pl\/en\/faculty\/\"},{\"@type\":\"ListItem\",\"position\":3,\"name\":\"Institute and Departments\",\"item\":\"https:\/\/we.pb.edu.pl\/en\/faculty\/institute-and-departments\/\"},{\"@type\":\"ListItem\",\"position\":4,\"name\":\"Department of Automatic Control and Robotics\",\"item\":\"https:\/\/we.pb.edu.pl\/en\/faculty\/institute-and-departments\/department-of-automatic-control-and-robotics\/\"},{\"@type\":\"ListItem\",\"position\":5,\"name\":\"Employees\"}]},{\"@type\":\"WebSite\",\"@id\":\"https:\/\/we.pb.edu.pl\/en\/#website\",\"url\":\"https:\/\/we.pb.edu.pl\/en\/\",\"name\":\"Faculty of Electrical Engineering\",\"description\":\"\",\"potentialAction\":[{\"@type\":\"SearchAction\",\"target\":{\"@type\":\"EntryPoint\",\"urlTemplate\":\"https:\/\/we.pb.edu.pl\/en\/?s={search_term_string}\"},\"query-input\":{\"@type\":\"PropertyValueSpecification\",\"valueRequired\":true,\"valueName\":\"search_term_string\"}}],\"inLanguage\":\"en-US\"}]}<\/script>\n<!-- \/ Yoast SEO plugin. -->","yoast_head_json":{"title":"Employees - Faculty of Electrical Engineering","description":"Head of Department Prof. \u0141ukasz Sajewski, DSc, PhD, Eng. 85 746 9378 WE-237 Teachers Kamil Borawski, PhD, Eng. 85 746 9417 WE-235 Maciej Ci\u0119\u017ckowski, PhD","robots":{"index":"index","follow":"follow","max-snippet":"max-snippet:-1","max-image-preview":"max-image-preview:large","max-video-preview":"max-video-preview:-1"},"canonical":"https:\/\/we.pb.edu.pl\/en\/faculty\/institute-and-departments\/department-of-automatic-control-and-robotics\/employees\/","og_locale":"en_US","og_type":"article","og_title":"Employees - Faculty of Electrical Engineering","og_description":"Head of Department Prof. \u0141ukasz Sajewski, DSc, PhD, Eng. 85 746 9378 WE-237 Teachers Kamil Borawski, PhD, Eng. 85 746 9417 WE-235 Maciej Ci\u0119\u017ckowski, PhD","og_url":"https:\/\/we.pb.edu.pl\/en\/faculty\/institute-and-departments\/department-of-automatic-control-and-robotics\/employees\/","og_site_name":"Faculty of Electrical Engineering","article_modified_time":"2025-09-03T12:55:19+00:00","twitter_misc":{"Est. reading time":"3 minutes"},"schema":{"@context":"https:\/\/schema.org","@graph":[{"@type":"WebPage","@id":"https:\/\/we.pb.edu.pl\/en\/faculty\/institute-and-departments\/department-of-automatic-control-and-robotics\/employees\/","url":"https:\/\/we.pb.edu.pl\/en\/faculty\/institute-and-departments\/department-of-automatic-control-and-robotics\/employees\/","name":"Employees - Faculty of Electrical Engineering","isPartOf":{"@id":"https:\/\/we.pb.edu.pl\/en\/#website"},"datePublished":"2022-07-01T10:34:00+00:00","dateModified":"2025-09-03T12:55:19+00:00","description":"Head of Department Prof. \u0141ukasz Sajewski, DSc, PhD, Eng. 85 746 9378 WE-237 Teachers Kamil Borawski, PhD, Eng. 85 746 9417 WE-235 Maciej Ci\u0119\u017ckowski, PhD","breadcrumb":{"@id":"https:\/\/we.pb.edu.pl\/en\/faculty\/institute-and-departments\/department-of-automatic-control-and-robotics\/employees\/#breadcrumb"},"inLanguage":"en-US","potentialAction":[{"@type":"ReadAction","target":["https:\/\/we.pb.edu.pl\/en\/faculty\/institute-and-departments\/department-of-automatic-control-and-robotics\/employees\/"]}]},{"@type":"BreadcrumbList","@id":"https:\/\/we.pb.edu.pl\/en\/faculty\/institute-and-departments\/department-of-automatic-control-and-robotics\/employees\/#breadcrumb","itemListElement":[{"@type":"ListItem","position":1,"name":"Strona g\u0142\u00f3wna","item":"https:\/\/we.pb.edu.pl\/en\/"},{"@type":"ListItem","position":2,"name":"Faculty","item":"https:\/\/we.pb.edu.pl\/en\/faculty\/"},{"@type":"ListItem","position":3,"name":"Institute and Departments","item":"https:\/\/we.pb.edu.pl\/en\/faculty\/institute-and-departments\/"},{"@type":"ListItem","position":4,"name":"Department of Automatic Control and Robotics","item":"https:\/\/we.pb.edu.pl\/en\/faculty\/institute-and-departments\/department-of-automatic-control-and-robotics\/"},{"@type":"ListItem","position":5,"name":"Employees"}]},{"@type":"WebSite","@id":"https:\/\/we.pb.edu.pl\/en\/#website","url":"https:\/\/we.pb.edu.pl\/en\/","name":"Faculty of Electrical Engineering","description":"","potentialAction":[{"@type":"SearchAction","target":{"@type":"EntryPoint","urlTemplate":"https:\/\/we.pb.edu.pl\/en\/?s={search_term_string}"},"query-input":{"@type":"PropertyValueSpecification","valueRequired":true,"valueName":"search_term_string"}}],"inLanguage":"en-US"}]}},"_links":{"self":[{"href":"https:\/\/we.pb.edu.pl\/en\/wp-json\/wp\/v2\/pages\/20343","targetHints":{"allow":["GET"]}}],"collection":[{"href":"https:\/\/we.pb.edu.pl\/en\/wp-json\/wp\/v2\/pages"}],"about":[{"href":"https:\/\/we.pb.edu.pl\/en\/wp-json\/wp\/v2\/types\/page"}],"author":[{"embeddable":true,"href":"https:\/\/we.pb.edu.pl\/en\/wp-json\/wp\/v2\/users\/2"}],"replies":[{"embeddable":true,"href":"https:\/\/we.pb.edu.pl\/en\/wp-json\/wp\/v2\/comments?post=20343"}],"version-history":[{"count":10,"href":"https:\/\/we.pb.edu.pl\/en\/wp-json\/wp\/v2\/pages\/20343\/revisions"}],"predecessor-version":[{"id":29059,"href":"https:\/\/we.pb.edu.pl\/en\/wp-json\/wp\/v2\/pages\/20343\/revisions\/29059"}],"up":[{"embeddable":true,"href":"https:\/\/we.pb.edu.pl\/en\/wp-json\/wp\/v2\/pages\/20321"}],"wp:attachment":[{"href":"https:\/\/we.pb.edu.pl\/en\/wp-json\/wp\/v2\/media?parent=20343"}],"curies":[{"name":"wp","href":"https:\/\/api.w.org\/{rel}","templated":true}]}}