{"id":20242,"date":"2022-06-29T07:41:11","date_gmt":"2022-06-29T05:41:11","guid":{"rendered":"https:\/\/we.pb.edu.pl\/?page_id=20242"},"modified":"2022-07-02T19:22:33","modified_gmt":"2022-07-02T17:22:33","slug":"ncbir-projects","status":"publish","type":"page","link":"https:\/\/we.pb.edu.pl\/en\/projects\/ncbir-projects\/","title":{"rendered":"NCBIR projects"},"content":{"rendered":"<style>details h2 { font-size: 110%; } details i { font-style: normal; color: #707070; }<\/style>\n<details>\n<summary>Reconfigured Aircraft Power Supply System 270V &#8211; 28V DC<\/summary>\n<p class=\"std\"><i>Project manager\/Manager on the part of Faculty of Electrical Engineering BUT:<\/i> Prof. <span class=\"b\">Andrzej Sikorski<\/span>, DSc, PhD, Eng., <span class=\"b\">Krzysztof Kulikowski<\/span>, PhD, Eng.<br \/>\n<i>Contractor:<\/i> Faculty of Electrical Engineering<br \/>\n<i>Project number:<\/i> POIR.01.01.01-00-1440\/20-00<br \/>\n<i>Source of funding:<\/i> National Centre for Research and Development (Poland)<br \/>\n<i>Name of the program:<\/i> Badania przemys\u0142owe i prace rozwojowe realizowane przez przedsi\u0119biorstwa Programu Operacyjnego Inteligentny Rozw\u00f3j 2014-2020<br \/>\n<i>Duration of the project:<\/i> 15.04.2021 \u2013 31.12.2023<\/p>\n<div class=\"h2\">Description<\/div>\n<p class=\"std\">The project is based on research and development work aimed at creating a new product: the Reconfigured Aircraft Power Supply System. The new device will introduce an innovative solution to the aircraft power supply market. At the airport, electricity is used to power the on-board installation. Power is necessary to calibrate the avionics systems, check the condition of the on-board equipment and start the aircraft engines. Currently used standards of the aircraft supplying voltages are 28V d.c. and 270V d.c. Current power systems solutions require the use of the two different devices to generate the indicated voltage levels. The first important feature of the designed system is the reconfigurability &#8211; this means one device which, due to the reconfiguration of the internal structure, will allow to achieve two output voltages levels, and it could be supplied from the following voltages: 400V\/50Hz, 480V\/60Hz, 200V\/400Hz. This type of the structure, controlled by the novel predictive algorithms, has the best chance to meet the normative requirements for such devices. Ultimately, the newly developed device, enclosed in a single housing, can handle a large number of aircraft, even in difficult conditions. The device capability, apart from the phenomenal electrical parameters, will be confirmed by mechanical and climatic tests as well as electromagnetic compatibility tests. The project will be implemented by the Bialystok Technical University with experience in the field of power electronics and the Company specializing in the aircraft power solutions. Many years of experience of both Consortium members will allow for efficient and effective research of the new solution and its implementation, which will result in an innovative device with attractive parameters and wide application possibilities.<\/p>\n<\/details>\n<details>\n<summary>Electronic Effective Evacuation Assistance System<\/summary>\n<p class=\"std\"><i>Project manager:<\/i> Assoc. Prof. <span class=\"b\">Wojciech Walendziuk<\/span>, PhD, DSc, Eng.<br \/>\n<i>Members of the consortium:<\/i><\/p>\n<ul class=\"compact\">\n<li>Faculty of Electrical Engineering &#8211; leader,<\/li>\n<li>Moose sp. z o.o.<\/li>\n<\/ul>\n<p class=\"std\"><i>Project number:<\/i> 0014\/2020<br \/>\n<i>Source of funding:<\/i> National Centre for Research and Development (Poland)<br \/>\n<i>Name of the program:<\/i> Rzeczy s\u0105 dla ludzi<br \/>\n<i>Duration of the project:<\/i> 29.09.2021 \u2013 28.09.2023<\/p>\n<div class=\"h2\">Description<\/div>\n<p class=\"std\">The aim of this project is to develop a system for monitoring people with special needs during evacuation from buildings. The system will consist of a set of local reference stations, communicating with portable device, which are the personal equipment of the monitored person. When an alarm signal indicates the occurrence of a dangerous situation, the personal device will inform the user about the need to begin the evacuation process. At the same time, the evacuated person will be located by local reference stations and information about his or her location will be made available to the rescue manager and to the relevant building services.<\/p>\n<p class=\"std\">The implemented project assumes the participation of two members of the consortium and one non-governmental organization operating in the area of support for people with disabilities.<\/p>\n<p class=\"std\">Each of the project members has strictly separated tasks that are adapted to the professional profile.<\/p>\n<p class=\"std\">Bialystok University of Technology, as the project leader, will perform research related to the analysis of fall detection algorithms, conducting experimental research and verification of the developed programs using mathematical and IT tools, i.e. Scilab, Python, etc. In addition, the research group will develop algorithms for the location of the evacuated person. As part of the additional work, expert opinions will be carried out. They will contain procedures for the evacuation of people with special needs. Thanks to this, it will be possible to disseminate the effects of the project in the form of scientific articles referring to evacuation standards used in Poland and the European Union.<\/p>\n<p class=\"std\">Moose Sp. z o.o. will be responsible for the implementation of the software layer. Their aim will be integrate a mobile measuring system in the form of a watch with a set of active navigation points. In addition, the Moose research team will also be responsible for developing a mobile application, creating a web interface for analyzing measurement results and controlling the base station. An important element will be a database located in the so-called data cloud and the development of an appropriate tool for integrating the monitoring system with the aforementioned data base.<\/p>\n<div class=\"h2\">Aims<\/div>\n<ul class=\"compact\">\n<li>optimizimg the evacuation process in order to accelerate the rescue procedures;<\/li>\n<li>monitoring basic vital functions of evacuated people;<\/li>\n<li>storing data in the data cloud;<\/li>\n<li>data analysis by the person supervising the evacuation process.<\/li>\n<\/ul>\n<div class=\"h2\">Results<\/div>\n<p class=\"std\">The products of the project results can be presented as follows:<\/p>\n<ul class=\"compact\">\n<li>a control panel equipped with a system of data acquisition;<\/li>\n<li>a set of auxiliary devices performing the function of locating and monitoring the movement of the evacuated person;<\/li>\n<li>a mobile module in the form of a wristwatch, monitoring the evacuated person\u2019s basic vital signs;<\/li>\n<li>a data analysis system based on the data cloud;<\/li>\n<li>smartphones software used for location, system administration and visualization of basic information of the system work;<\/li>\n<\/ul>\n<\/details>\n<details>\n<summary>Research and development of agricultural machines for a sustainable harvesting of green-feed with the use of smart technologies of SaMASZ company which support the concept of Agricultural Valley 4.0<\/summary>\n<p class=\"std\"><i>Manager on the part of Faculty of Electrical Engineering BUT: <\/i>Assoc. Prof. <span class=\"b\">Arkadiusz Mystkowski<\/span>, DSc, PhD, Eng.<br \/>\n<i>Members of the consortium:<\/i><\/p>\n<ul class=\"compact\">\n<li>SaMasz (leader),<\/li>\n<li>BUT, Faculty of Electrical Engineering,<\/li>\n<li>BUT, Faculty of Mechanical Engineering,<\/li>\n<\/ul>\n<p class=\"std\"><i>Project number:<\/i> POIR.01.01.01-00-2167\/20-00<br \/>\n<i>Source of funding:<\/i> National Centre for Research and Development (Poland)<br \/>\n<i>Name of the program:<\/i> Agrotech<br \/>\n<i>Duration of the project:<\/i> 01.01.2021 \u2013 31.12.2023<\/p>\n<div class=\"h2\">Description<\/div>\n<p class=\"std\">The project concerns design of a series of agro-machines dedicated to a complex harvesting of green-feed on large fields in accordance with the concept of Agricultural Valley 4.0. The scope of the project covers design and testing of a series of machines including disk mowers combined with head mower and carousel spreader and carousel rake. The machine to be designed shall demonstrate all the features required in the context of precision and sustainable agriculture. Their innovative character shall be related to the on-line collecting data on the harvested green-mass, geo-location of the operations and online mapping allowing for management of agro-operations using LOADSENS\/ISOBUS system for monitoring time to the service checks and the remaining time of service of replaceable elements. By combining the functions of a mower, spreader and rake will make it possible to reduce the cost and environmental impact of the operations. The target group are farmers operating on relatively large green-fields. The project includes industrial research, experimental development, and final testing of the prototypes. Within two stages of industrial research part 3 new machines shall be designed for green-feed harvesting and the systems shall be developed for monitoring, mapping and on-line distance control and monitoring of the machines performance. In the 2 stages of the development, the machines shall be designed, and the respective demonstrators shall be experimentally verified. In the final stage prototypes of the machines shall be tested in the conditions representative for the assumed scope of applications. The Applicant shall prepare in this stage detailed documentation needed for the production of a series of machines, documentation of patent applications and a marketing campaign will be prepared.<\/p>\n<div class=\"h2\">Aims<\/div>\n<p class=\"std\">The aim of the project is to develop and test a set of interconnected machines for harvesting large-area forage acreage, in accordance with the concept of the Agricultural Valley 4.0., with the use of innovative systems and systems that allow conducting sustainable, precise farming.<\/p>\n<ol class=\"compact\">\n<li>System for measuring the amount of mown grass with the creation of a map of the field abundance, installed in the mower.<\/li>\n<li>Systems supporting the work of the rake and tedder operator in terms of information on optimal speed values work passes at a given field location.<\/li>\n<li>Self-diagnosis system for damages to the kinematic system of the tedder and rake.<\/li>\n<li>Load Sensing \/ ISOBUS control system of the mower.<\/li>\n<\/ol>\n<div class=\"h2\">Results<\/div>\n<ul class=\"compact\">\n<li>Development, implementation and testing of a system monitoring the amount of harvested crop (BigData)<\/li>\n<li>Development, implementation and testing of a self-diagnosis system for agricultural machines (4.0)<\/li>\n<li>Development of virtual machine twins (DigitalTwin)<\/li>\n<li>Development and construction of machines.<\/li>\n<li>Optimization of the design of the developed machines.<\/li>\n<\/ul>\n<\/details>\n<details>\n<summary>PROTECT MED &#8211; development of innovative solutions increasing the safety of staff and patients in infectious and homonymous hospitals<\/summary>\n<p class=\"std\"><i>Manager on the part of Faculty of Electrical Engineering BUT:<\/i> Assoc. Prof. <span class=\"b\">Maciej Zajkowski<\/span>, DSc, PhD, Eng.<br \/>\n<i>Members of the consortium:<\/i><\/p>\n<ul class=\"compact\">\n<li>Faculty of Electrical Engineering,<\/li>\n<li>Faculty of Mechanical Engineering,<\/li>\n<li>Samodzielny Publiczny Zak\u0142ad Opieki Zdrowotnej Ministerstwa Spraw Wewn\u0119trznych i Administracji w Bia\u0142ymstoku (leader)<\/li>\n<\/ul>\n<p class=\"std\"><i>Project number:<\/i> SZPITALE-JEDNOIMIENNE\/37\/2020<br \/>\n<i>Source of funding:<\/i> National Centre for Research and Development (Poland)<br \/>\n<i>Name of the program: <\/i>PROJEKT POZAKONKURSOWY PREWENCJA I LECZENIE: COVID-19<br \/>\n<i>Duration of the project:<\/i> 29.10.2020 \u2013 30.04.2021<\/p>\n<div class=\"h2\">Description<\/div>\n<p class=\"std\">The aim of the project is to develop modern technological solutions dedicated to the prevention of the spread of SARS-CoV2 in a medical facility, which are to contribute to increasing the safety of staff and patients of the hospital transformed into an infectious disease homogenous hospital.<\/p>\n<div class=\"h2\">Aims<\/div>\n<ol class=\"compact\">\n<li>limiting direct contact of medical personnel with people in quarantine by using the proprietary solution for self-registration of patients<\/li>\n<li>implementation of mobile robots &#8211; medical staff assistants;<\/li>\n<li>implementation of a procedure for surface decontamination with UV-C radiation using a remotely controlled mobile robot;<\/li>\n<\/ol>\n<div class=\"h2\">Results<\/div>\n<ol class=\"compact\">\n<li>development and implementation effective procedure of independent, basic diagnostics, self-registration  admitted patient, non-contact and automatic disinfection equipment using UV-C radiation (MedTAB);<\/li>\n<li>development, construction and implementation the surface decontamination procedure, including hard-to-reach surfaces, using UV-C radiation by remotely controlled mobile robot (ROBUV);<\/li>\n<li>construction and implementation for use in hospital conditions two mobile, remotely controlled robots, enabling hospital staff to safely contact patients, perform simple examinations and establish remote and safe contact with loved ones, as well as entertainment in a difficult period of stay in isolation (BOBOT 2.0);<\/li>\n<li>development and implementation application for smartphones to facilitate independent movement (navigation) around the hospital premises with designated infection risk zones and for employees unfamiliar with the facility.<\/li>\n<\/ol>\n<\/details>\n<p class=\"std\" style=\"text-align: center; margin-top: 1.75em;\"><img decoding=\"async\" alt=\"Logo of NCBiR\" src=\"\/wp-content\/uploads\/sites\/2\/2022\/03\/ncbir_logo_en.png\"><\/p>\n","protected":false},"excerpt":{"rendered":"<p>Reconfigured Aircraft Power Supply System 270V &#8211; 28V DC Project manager\/Manager on the part of<a class=\"read-more\" href=\"https:\/\/we.pb.edu.pl\/en\/projects\/ncbir-projects\/\" title=\"Poka\u017c artyku\u0142 NCBIR projects\">more<\/a><\/p>\n","protected":false},"author":2,"featured_media":0,"parent":20232,"menu_order":3,"comment_status":"closed","ping_status":"closed","template":"","meta":{"inline_featured_image":false,"ngg_post_thumbnail":0,"footnotes":""},"class_list":["post-20242","page","type-page","status-publish","hentry"],"acf":[],"yoast_head":"<!-- This site is optimized with the Yoast SEO plugin v26.4 - https:\/\/yoast.com\/wordpress\/plugins\/seo\/ -->\n<title>NCBIR projects - Faculty of Electrical Engineering<\/title>\n<meta name=\"description\" content=\"Reconfigured Aircraft Power Supply System 270V - 28V DC Project manager\/Manager on the part of Faculty of Electrical Engineering BUT: Prof. Andrzej\" \/>\n<meta name=\"robots\" content=\"index, follow, max-snippet:-1, max-image-preview:large, max-video-preview:-1\" \/>\n<link rel=\"canonical\" href=\"https:\/\/we.pb.edu.pl\/en\/projects\/ncbir-projects\/\" \/>\n<meta property=\"og:locale\" content=\"en_US\" \/>\n<meta property=\"og:type\" content=\"article\" \/>\n<meta property=\"og:title\" content=\"NCBIR projects - Faculty of Electrical Engineering\" \/>\n<meta property=\"og:description\" content=\"Reconfigured Aircraft Power Supply System 270V - 28V DC Project manager\/Manager on the part of Faculty of Electrical Engineering BUT: Prof. Andrzej\" \/>\n<meta property=\"og:url\" content=\"https:\/\/we.pb.edu.pl\/en\/projects\/ncbir-projects\/\" \/>\n<meta property=\"og:site_name\" content=\"Faculty of Electrical Engineering\" \/>\n<meta property=\"article:modified_time\" content=\"2022-07-02T17:22:33+00:00\" \/>\n<meta name=\"twitter:label1\" content=\"Est. reading time\" \/>\n\t<meta name=\"twitter:data1\" content=\"8 minutes\" \/>\n<script type=\"application\/ld+json\" class=\"yoast-schema-graph\">{\"@context\":\"https:\/\/schema.org\",\"@graph\":[{\"@type\":\"WebPage\",\"@id\":\"https:\/\/we.pb.edu.pl\/en\/projects\/ncbir-projects\/\",\"url\":\"https:\/\/we.pb.edu.pl\/en\/projects\/ncbir-projects\/\",\"name\":\"NCBIR projects - Faculty of Electrical Engineering\",\"isPartOf\":{\"@id\":\"https:\/\/we.pb.edu.pl\/en\/#website\"},\"datePublished\":\"2022-06-29T05:41:11+00:00\",\"dateModified\":\"2022-07-02T17:22:33+00:00\",\"description\":\"Reconfigured Aircraft Power Supply System 270V - 28V DC Project manager\/Manager on the part of Faculty of Electrical Engineering BUT: Prof. Andrzej\",\"breadcrumb\":{\"@id\":\"https:\/\/we.pb.edu.pl\/en\/projects\/ncbir-projects\/#breadcrumb\"},\"inLanguage\":\"en-US\",\"potentialAction\":[{\"@type\":\"ReadAction\",\"target\":[\"https:\/\/we.pb.edu.pl\/en\/projects\/ncbir-projects\/\"]}]},{\"@type\":\"BreadcrumbList\",\"@id\":\"https:\/\/we.pb.edu.pl\/en\/projects\/ncbir-projects\/#breadcrumb\",\"itemListElement\":[{\"@type\":\"ListItem\",\"position\":1,\"name\":\"Strona g\u0142\u00f3wna\",\"item\":\"https:\/\/we.pb.edu.pl\/en\/\"},{\"@type\":\"ListItem\",\"position\":2,\"name\":\"Projects\",\"item\":\"https:\/\/we.pb.edu.pl\/en\/projects\/\"},{\"@type\":\"ListItem\",\"position\":3,\"name\":\"NCBIR projects\"}]},{\"@type\":\"WebSite\",\"@id\":\"https:\/\/we.pb.edu.pl\/en\/#website\",\"url\":\"https:\/\/we.pb.edu.pl\/en\/\",\"name\":\"Faculty of Electrical Engineering\",\"description\":\"\",\"potentialAction\":[{\"@type\":\"SearchAction\",\"target\":{\"@type\":\"EntryPoint\",\"urlTemplate\":\"https:\/\/we.pb.edu.pl\/en\/?s={search_term_string}\"},\"query-input\":{\"@type\":\"PropertyValueSpecification\",\"valueRequired\":true,\"valueName\":\"search_term_string\"}}],\"inLanguage\":\"en-US\"}]}<\/script>\n<!-- \/ Yoast SEO plugin. -->","yoast_head_json":{"title":"NCBIR projects - Faculty of Electrical Engineering","description":"Reconfigured Aircraft Power Supply System 270V - 28V DC Project manager\/Manager on the part of Faculty of Electrical Engineering BUT: Prof. Andrzej","robots":{"index":"index","follow":"follow","max-snippet":"max-snippet:-1","max-image-preview":"max-image-preview:large","max-video-preview":"max-video-preview:-1"},"canonical":"https:\/\/we.pb.edu.pl\/en\/projects\/ncbir-projects\/","og_locale":"en_US","og_type":"article","og_title":"NCBIR projects - Faculty of Electrical Engineering","og_description":"Reconfigured Aircraft Power Supply System 270V - 28V DC Project manager\/Manager on the part of Faculty of Electrical Engineering BUT: Prof. Andrzej","og_url":"https:\/\/we.pb.edu.pl\/en\/projects\/ncbir-projects\/","og_site_name":"Faculty of Electrical Engineering","article_modified_time":"2022-07-02T17:22:33+00:00","twitter_misc":{"Est. reading time":"8 minutes"},"schema":{"@context":"https:\/\/schema.org","@graph":[{"@type":"WebPage","@id":"https:\/\/we.pb.edu.pl\/en\/projects\/ncbir-projects\/","url":"https:\/\/we.pb.edu.pl\/en\/projects\/ncbir-projects\/","name":"NCBIR projects - Faculty of Electrical Engineering","isPartOf":{"@id":"https:\/\/we.pb.edu.pl\/en\/#website"},"datePublished":"2022-06-29T05:41:11+00:00","dateModified":"2022-07-02T17:22:33+00:00","description":"Reconfigured Aircraft Power Supply System 270V - 28V DC Project manager\/Manager on the part of Faculty of Electrical Engineering BUT: Prof. Andrzej","breadcrumb":{"@id":"https:\/\/we.pb.edu.pl\/en\/projects\/ncbir-projects\/#breadcrumb"},"inLanguage":"en-US","potentialAction":[{"@type":"ReadAction","target":["https:\/\/we.pb.edu.pl\/en\/projects\/ncbir-projects\/"]}]},{"@type":"BreadcrumbList","@id":"https:\/\/we.pb.edu.pl\/en\/projects\/ncbir-projects\/#breadcrumb","itemListElement":[{"@type":"ListItem","position":1,"name":"Strona g\u0142\u00f3wna","item":"https:\/\/we.pb.edu.pl\/en\/"},{"@type":"ListItem","position":2,"name":"Projects","item":"https:\/\/we.pb.edu.pl\/en\/projects\/"},{"@type":"ListItem","position":3,"name":"NCBIR projects"}]},{"@type":"WebSite","@id":"https:\/\/we.pb.edu.pl\/en\/#website","url":"https:\/\/we.pb.edu.pl\/en\/","name":"Faculty of Electrical Engineering","description":"","potentialAction":[{"@type":"SearchAction","target":{"@type":"EntryPoint","urlTemplate":"https:\/\/we.pb.edu.pl\/en\/?s={search_term_string}"},"query-input":{"@type":"PropertyValueSpecification","valueRequired":true,"valueName":"search_term_string"}}],"inLanguage":"en-US"}]}},"_links":{"self":[{"href":"https:\/\/we.pb.edu.pl\/en\/wp-json\/wp\/v2\/pages\/20242","targetHints":{"allow":["GET"]}}],"collection":[{"href":"https:\/\/we.pb.edu.pl\/en\/wp-json\/wp\/v2\/pages"}],"about":[{"href":"https:\/\/we.pb.edu.pl\/en\/wp-json\/wp\/v2\/types\/page"}],"author":[{"embeddable":true,"href":"https:\/\/we.pb.edu.pl\/en\/wp-json\/wp\/v2\/users\/2"}],"replies":[{"embeddable":true,"href":"https:\/\/we.pb.edu.pl\/en\/wp-json\/wp\/v2\/comments?post=20242"}],"version-history":[{"count":2,"href":"https:\/\/we.pb.edu.pl\/en\/wp-json\/wp\/v2\/pages\/20242\/revisions"}],"predecessor-version":[{"id":20398,"href":"https:\/\/we.pb.edu.pl\/en\/wp-json\/wp\/v2\/pages\/20242\/revisions\/20398"}],"up":[{"embeddable":true,"href":"https:\/\/we.pb.edu.pl\/en\/wp-json\/wp\/v2\/pages\/20232"}],"wp:attachment":[{"href":"https:\/\/we.pb.edu.pl\/en\/wp-json\/wp\/v2\/media?parent=20242"}],"curies":[{"name":"wp","href":"https:\/\/api.w.org\/{rel}","templated":true}]}}