{"id":20235,"date":"2022-06-29T07:32:09","date_gmt":"2022-06-29T05:32:09","guid":{"rendered":"https:\/\/we.pb.edu.pl\/?page_id=20235"},"modified":"2022-07-02T19:21:17","modified_gmt":"2022-07-02T17:21:17","slug":"erasmus-projects","status":"publish","type":"page","link":"https:\/\/we.pb.edu.pl\/en\/projects\/erasmus-projects\/","title":{"rendered":"Erasmus projects"},"content":{"rendered":"<style>details h2 { font-size: 110%; }<\/style>\n<details>\n<summary>Holistic approach towards problem-based ICT education based on international cooperation in pandemic conditions<\/summary>\n<p class=\"std\">Project number: Erasmus+ 2020-1-PL01-KA226-HE-096196<\/p>\n<p class=\"std\">Duration of the project: June 2021 \u2013 May 2023<\/p>\n<p class=\"std\">Project coordinator: Assoc. Prof. <span class=\"b\">Jaros\u0142aw Makal<\/span>, PhD, Eng.<\/p>\n<p class=\"std\">Project partners:<\/p>\n<ul class=\"compact\">\n<li>Bialystok University of Technology (BUT), Poland<\/li>\n<li>The University of Ni\u0161 (UNI), Serbia<\/li>\n<li>Norwegian University of Science and Technology (NTNU), Norway<\/li>\n<li>University of Ruse \u201cAngel Kanchev\u201d, Bulgaria<\/li>\n<\/ul>\n<p class=\"std\"><a href=\"https:\/\/ictedupand.pb.edu.pl\/\" title=\"Opens in a new tab.\" target=\"_blank\" rel=\"noopener\">Project website<\/a><\/details>\n<details>\n<summary>Development of measurement information system for research of cognitive phenomena based on measurement of EEG signal<\/summary>\n<p class=\"std\">Manager on the part of Faculty of Electrical Engineering BUT: Assoc. Prof. <span class=\"b\">Wojciech Walendziuk<\/span>, DSc, PhD, Eng., Assoc. Prof. <span class=\"b\">Jaros\u0142aw Makal<\/span>, PhD, Eng.<\/p>\n<p class=\"std\">Contractor: Faculty of Electrical Engineering, University of Novi Sad<\/p>\n<p class=\"std\">Project number: #51910674<\/p>\n<p class=\"std\">Source of funding: International Visegrad Fund<\/p>\n<p class=\"std\">Name of the program: Visegrad Scholarship Programme<\/p>\n<p class=\"std\">Duration of the project: October 2019 to September 2020<\/p>\n<div class=\"h2\">Description<\/div>\n<p class=\"std\">The plan of internship is based on the research of cognitive phenomena and the implementation of measurement information systems for the analysis of cognitive phenomena based on EEG measurement and was realized by joint effort and work of professors and PhD students from Bialystok and Novi Sad.<\/p>\n<div class=\"h2\">Aims<\/div>\n<p class=\"std\">Drawing conclusions based on the results of tests: on the basis of graphics and calculated parameters, the expert team brings a conclusion about the characteristics of mental concentration, changes in the characteristics of the mental concentration during the research, the mental state of the examinee, and Rother important remarks. Also elaboration and preparing the papers for conferences and journals.<\/p>\n<div class=\"h2\">Results<\/div>\n<p class=\"std\">During this stay donated by the Visegrad Foundation a big part of research has been conducted and the papers listed below have been published:<\/p>\n<ol>\n<li>Novakovic, D., Sovilj, P., Petrovic, N., Milovanovic, M., Makal, J.,Walendziuk, W. (2020). Measurement of Event-Related Brain Potentials (ERP) Amplitude and Latency Based on Digital Stochastic Measurement over Interval. Electronics Ir Electrotechnics, 26(2), 59-68.https:\/\/doi.orq\/10.5755\/i01.eie.26.2.25755 (also presented at the 24th International Conference ELECTRONICS 2020 LITHUANIA on 15th- 17th June 2020).<\/li>\n<li>Platon Sovilj, Dorde Novakovi\u00e9, Jaroslaw Makal, Wojciech Walendziuk, Nikola Petrovi\u00e9, Dragon Peji\u00e9: Callibration of EOG and ECG Instrumentation Modules in Smart Biofeedback System, presented at 15th International Conference Mechatronic Systems and Materials, 1-3 July 2020, Bialystok, Poland.<\/li>\n<\/ol>\n<\/details>\n<p class=\"std\" style=\"text-align: center;\"><img decoding=\"async\" src=\"\/wp-content\/uploads\/sites\/2\/2022\/03\/erasmus_logo.png\" style=\"max-width: 512px; margin-top: 1.5em;\" alt=\"Erasmus+ logo.\"><\/p>\n","protected":false},"excerpt":{"rendered":"<p>Holistic approach towards problem-based ICT education based on international cooperation in pandemic conditions Project number:<a class=\"read-more\" href=\"https:\/\/we.pb.edu.pl\/en\/projects\/erasmus-projects\/\" title=\"Poka\u017c artyku\u0142 Erasmus projects\">more<\/a><\/p>\n","protected":false},"author":2,"featured_media":0,"parent":20232,"menu_order":1,"comment_status":"closed","ping_status":"closed","template":"","meta":{"inline_featured_image":false,"ngg_post_thumbnail":0,"footnotes":""},"class_list":["post-20235","page","type-page","status-publish","hentry"],"acf":[],"yoast_head":"<!-- This site is optimized with the Yoast SEO plugin v26.4 - https:\/\/yoast.com\/wordpress\/plugins\/seo\/ -->\n<title>Erasmus projects - Faculty of Electrical Engineering<\/title>\n<meta name=\"description\" content=\"Holistic approach towards problem-based ICT education based on international cooperation in pandemic conditions Project number: Erasmus+\" \/>\n<meta name=\"robots\" content=\"index, follow, max-snippet:-1, max-image-preview:large, max-video-preview:-1\" \/>\n<link rel=\"canonical\" href=\"https:\/\/we.pb.edu.pl\/en\/projects\/erasmus-projects\/\" \/>\n<meta property=\"og:locale\" content=\"en_US\" \/>\n<meta property=\"og:type\" content=\"article\" \/>\n<meta property=\"og:title\" content=\"Erasmus projects - Faculty of Electrical Engineering\" \/>\n<meta property=\"og:description\" content=\"Holistic approach towards problem-based ICT education based on international cooperation in pandemic conditions Project number: Erasmus+\" \/>\n<meta property=\"og:url\" content=\"https:\/\/we.pb.edu.pl\/en\/projects\/erasmus-projects\/\" \/>\n<meta property=\"og:site_name\" content=\"Faculty of Electrical Engineering\" \/>\n<meta property=\"article:modified_time\" content=\"2022-07-02T17:21:17+00:00\" \/>\n<meta name=\"twitter:label1\" content=\"Est. reading time\" \/>\n\t<meta name=\"twitter:data1\" content=\"2 minutes\" \/>\n<script type=\"application\/ld+json\" class=\"yoast-schema-graph\">{\"@context\":\"https:\/\/schema.org\",\"@graph\":[{\"@type\":\"WebPage\",\"@id\":\"https:\/\/we.pb.edu.pl\/en\/projects\/erasmus-projects\/\",\"url\":\"https:\/\/we.pb.edu.pl\/en\/projects\/erasmus-projects\/\",\"name\":\"Erasmus projects - Faculty of Electrical Engineering\",\"isPartOf\":{\"@id\":\"https:\/\/we.pb.edu.pl\/en\/#website\"},\"datePublished\":\"2022-06-29T05:32:09+00:00\",\"dateModified\":\"2022-07-02T17:21:17+00:00\",\"description\":\"Holistic approach towards problem-based ICT education based on international cooperation in pandemic conditions Project number: Erasmus+\",\"breadcrumb\":{\"@id\":\"https:\/\/we.pb.edu.pl\/en\/projects\/erasmus-projects\/#breadcrumb\"},\"inLanguage\":\"en-US\",\"potentialAction\":[{\"@type\":\"ReadAction\",\"target\":[\"https:\/\/we.pb.edu.pl\/en\/projects\/erasmus-projects\/\"]}]},{\"@type\":\"BreadcrumbList\",\"@id\":\"https:\/\/we.pb.edu.pl\/en\/projects\/erasmus-projects\/#breadcrumb\",\"itemListElement\":[{\"@type\":\"ListItem\",\"position\":1,\"name\":\"Strona g\u0142\u00f3wna\",\"item\":\"https:\/\/we.pb.edu.pl\/en\/\"},{\"@type\":\"ListItem\",\"position\":2,\"name\":\"Projects\",\"item\":\"https:\/\/we.pb.edu.pl\/en\/projects\/\"},{\"@type\":\"ListItem\",\"position\":3,\"name\":\"Erasmus projects\"}]},{\"@type\":\"WebSite\",\"@id\":\"https:\/\/we.pb.edu.pl\/en\/#website\",\"url\":\"https:\/\/we.pb.edu.pl\/en\/\",\"name\":\"Faculty of Electrical Engineering\",\"description\":\"\",\"potentialAction\":[{\"@type\":\"SearchAction\",\"target\":{\"@type\":\"EntryPoint\",\"urlTemplate\":\"https:\/\/we.pb.edu.pl\/en\/?s={search_term_string}\"},\"query-input\":{\"@type\":\"PropertyValueSpecification\",\"valueRequired\":true,\"valueName\":\"search_term_string\"}}],\"inLanguage\":\"en-US\"}]}<\/script>\n<!-- \/ Yoast SEO plugin. -->","yoast_head_json":{"title":"Erasmus projects - Faculty of Electrical Engineering","description":"Holistic approach towards problem-based ICT education based on international cooperation in pandemic conditions Project number: Erasmus+","robots":{"index":"index","follow":"follow","max-snippet":"max-snippet:-1","max-image-preview":"max-image-preview:large","max-video-preview":"max-video-preview:-1"},"canonical":"https:\/\/we.pb.edu.pl\/en\/projects\/erasmus-projects\/","og_locale":"en_US","og_type":"article","og_title":"Erasmus projects - Faculty of Electrical Engineering","og_description":"Holistic approach towards problem-based ICT education based on international cooperation in pandemic conditions Project number: Erasmus+","og_url":"https:\/\/we.pb.edu.pl\/en\/projects\/erasmus-projects\/","og_site_name":"Faculty of Electrical Engineering","article_modified_time":"2022-07-02T17:21:17+00:00","twitter_misc":{"Est. reading time":"2 minutes"},"schema":{"@context":"https:\/\/schema.org","@graph":[{"@type":"WebPage","@id":"https:\/\/we.pb.edu.pl\/en\/projects\/erasmus-projects\/","url":"https:\/\/we.pb.edu.pl\/en\/projects\/erasmus-projects\/","name":"Erasmus projects - Faculty of Electrical Engineering","isPartOf":{"@id":"https:\/\/we.pb.edu.pl\/en\/#website"},"datePublished":"2022-06-29T05:32:09+00:00","dateModified":"2022-07-02T17:21:17+00:00","description":"Holistic approach towards problem-based ICT education based on international cooperation in pandemic conditions Project number: Erasmus+","breadcrumb":{"@id":"https:\/\/we.pb.edu.pl\/en\/projects\/erasmus-projects\/#breadcrumb"},"inLanguage":"en-US","potentialAction":[{"@type":"ReadAction","target":["https:\/\/we.pb.edu.pl\/en\/projects\/erasmus-projects\/"]}]},{"@type":"BreadcrumbList","@id":"https:\/\/we.pb.edu.pl\/en\/projects\/erasmus-projects\/#breadcrumb","itemListElement":[{"@type":"ListItem","position":1,"name":"Strona g\u0142\u00f3wna","item":"https:\/\/we.pb.edu.pl\/en\/"},{"@type":"ListItem","position":2,"name":"Projects","item":"https:\/\/we.pb.edu.pl\/en\/projects\/"},{"@type":"ListItem","position":3,"name":"Erasmus projects"}]},{"@type":"WebSite","@id":"https:\/\/we.pb.edu.pl\/en\/#website","url":"https:\/\/we.pb.edu.pl\/en\/","name":"Faculty of Electrical Engineering","description":"","potentialAction":[{"@type":"SearchAction","target":{"@type":"EntryPoint","urlTemplate":"https:\/\/we.pb.edu.pl\/en\/?s={search_term_string}"},"query-input":{"@type":"PropertyValueSpecification","valueRequired":true,"valueName":"search_term_string"}}],"inLanguage":"en-US"}]}},"_links":{"self":[{"href":"https:\/\/we.pb.edu.pl\/en\/wp-json\/wp\/v2\/pages\/20235","targetHints":{"allow":["GET"]}}],"collection":[{"href":"https:\/\/we.pb.edu.pl\/en\/wp-json\/wp\/v2\/pages"}],"about":[{"href":"https:\/\/we.pb.edu.pl\/en\/wp-json\/wp\/v2\/types\/page"}],"author":[{"embeddable":true,"href":"https:\/\/we.pb.edu.pl\/en\/wp-json\/wp\/v2\/users\/2"}],"replies":[{"embeddable":true,"href":"https:\/\/we.pb.edu.pl\/en\/wp-json\/wp\/v2\/comments?post=20235"}],"version-history":[{"count":3,"href":"https:\/\/we.pb.edu.pl\/en\/wp-json\/wp\/v2\/pages\/20235\/revisions"}],"predecessor-version":[{"id":20396,"href":"https:\/\/we.pb.edu.pl\/en\/wp-json\/wp\/v2\/pages\/20235\/revisions\/20396"}],"up":[{"embeddable":true,"href":"https:\/\/we.pb.edu.pl\/en\/wp-json\/wp\/v2\/pages\/20232"}],"wp:attachment":[{"href":"https:\/\/we.pb.edu.pl\/en\/wp-json\/wp\/v2\/media?parent=20235"}],"curies":[{"name":"wp","href":"https:\/\/api.w.org\/{rel}","templated":true}]}}