{"id":19995,"date":"2018-01-06T15:07:04","date_gmt":"2018-01-06T14:07:04","guid":{"rendered":"https:\/\/we.pb.edu.pl\/kandydaci\/"},"modified":"2022-07-05T21:42:56","modified_gmt":"2022-07-05T19:42:56","slug":"admission","status":"publish","type":"page","link":"https:\/\/we.pb.edu.pl\/en\/admission\/","title":{"rendered":"Admission"},"content":{"rendered":"<p><img loading=\"lazy\" decoding=\"async\" src=\"https:\/\/we.pb.edu.pl\/wp-content\/uploads\/2018\/04\/podstrona-kandydaci.jpg\" alt=\"students\" width=\"1240\" height=\"827\" class=\"aligncenter size-full wp-image-17609\" srcset=\"https:\/\/we.pb.edu.pl\/wp-content\/uploads\/2018\/04\/podstrona-kandydaci.jpg 1240w, https:\/\/we.pb.edu.pl\/wp-content\/uploads\/2018\/04\/podstrona-kandydaci-300x200.jpg 300w, https:\/\/we.pb.edu.pl\/wp-content\/uploads\/2018\/04\/podstrona-kandydaci-768x512.jpg 768w, https:\/\/we.pb.edu.pl\/wp-content\/uploads\/2018\/04\/podstrona-kandydaci-1024x683.jpg 1024w, https:\/\/we.pb.edu.pl\/wp-content\/uploads\/2018\/04\/podstrona-kandydaci-480x320.jpg 480w\" sizes=\"auto, (max-width: 1240px) 100vw, 1240px\" \/><\/p>\n<div class=\"lead font-500\"><strong>Faculty of Electrical Engineering<\/strong> offers following courses in English for international full time students&#8230;<\/div>\n<div class=\"text-right\"><a class=\"button text-center animated zoomIn lead font-500\" href=\"\/en\/admission\/study-offer\/\">Find out more<\/a><\/div>\n<p>&nbsp;<\/p>\n","protected":false},"excerpt":{"rendered":"<p>Faculty of Electrical Engineering offers following courses in English for international full time students&#8230; Find<a class=\"read-more\" href=\"https:\/\/we.pb.edu.pl\/en\/admission\/\" title=\"Poka\u017c artyku\u0142 Admission\">more<\/a><\/p>\n","protected":false},"author":2,"featured_media":17609,"parent":0,"menu_order":9,"comment_status":"closed","ping_status":"closed","template":"","meta":{"inline_featured_image":false,"ngg_post_thumbnail":0,"footnotes":""},"class_list":["post-19995","page","type-page","status-publish","has-post-thumbnail","hentry"],"acf":[],"yoast_head":"<!-- This site is optimized with the Yoast SEO plugin v26.4 - https:\/\/yoast.com\/wordpress\/plugins\/seo\/ -->\n<title>Admission - Faculty of Electrical Engineering<\/title>\n<meta name=\"description\" content=\"Dlaczego WE?, kierunki studi\u00f3w, kszta\u0142cenie ustawiczne - poznaj ofert\u0119 Wydzia\u0142u Elektrycznego Politechniki Bia\u0142ostockiej\" \/>\n<meta name=\"robots\" content=\"index, follow, max-snippet:-1, max-image-preview:large, max-video-preview:-1\" \/>\n<link rel=\"canonical\" href=\"https:\/\/we.pb.edu.pl\/en\/admission\/\" \/>\n<meta property=\"og:locale\" content=\"en_US\" \/>\n<meta property=\"og:type\" content=\"article\" \/>\n<meta property=\"og:title\" content=\"Admission - Faculty of Electrical Engineering\" \/>\n<meta property=\"og:description\" content=\"Dlaczego WE?, kierunki studi\u00f3w, kszta\u0142cenie ustawiczne - poznaj ofert\u0119 Wydzia\u0142u Elektrycznego Politechniki Bia\u0142ostockiej\" \/>\n<meta property=\"og:url\" content=\"https:\/\/we.pb.edu.pl\/en\/admission\/\" \/>\n<meta property=\"og:site_name\" content=\"Faculty of Electrical Engineering\" \/>\n<meta property=\"article:modified_time\" content=\"2022-07-05T19:42:56+00:00\" \/>\n<meta property=\"og:image\" content=\"https:\/\/we.pb.edu.pl\/wp-content\/uploads\/2018\/04\/podstrona-kandydaci.jpg\" \/>\n\t<meta property=\"og:image:width\" content=\"1240\" \/>\n\t<meta property=\"og:image:height\" content=\"827\" \/>\n\t<meta property=\"og:image:type\" content=\"image\/jpeg\" \/>\n<script type=\"application\/ld+json\" class=\"yoast-schema-graph\">{\"@context\":\"https:\/\/schema.org\",\"@graph\":[{\"@type\":\"WebPage\",\"@id\":\"https:\/\/we.pb.edu.pl\/en\/admission\/\",\"url\":\"https:\/\/we.pb.edu.pl\/en\/admission\/\",\"name\":\"Admission - Faculty of Electrical Engineering\",\"isPartOf\":{\"@id\":\"https:\/\/we.pb.edu.pl\/en\/#website\"},\"primaryImageOfPage\":{\"@id\":\"https:\/\/we.pb.edu.pl\/en\/admission\/#primaryimage\"},\"image\":{\"@id\":\"https:\/\/we.pb.edu.pl\/en\/admission\/#primaryimage\"},\"thumbnailUrl\":\"https:\/\/we.pb.edu.pl\/wp-content\/uploads\/2018\/04\/podstrona-kandydaci.jpg\",\"datePublished\":\"2018-01-06T14:07:04+00:00\",\"dateModified\":\"2022-07-05T19:42:56+00:00\",\"description\":\"Dlaczego WE?, kierunki studi\u00f3w, kszta\u0142cenie ustawiczne - poznaj ofert\u0119 Wydzia\u0142u Elektrycznego Politechniki Bia\u0142ostockiej\",\"breadcrumb\":{\"@id\":\"https:\/\/we.pb.edu.pl\/en\/admission\/#breadcrumb\"},\"inLanguage\":\"en-US\",\"potentialAction\":[{\"@type\":\"ReadAction\",\"target\":[\"https:\/\/we.pb.edu.pl\/en\/admission\/\"]}]},{\"@type\":\"ImageObject\",\"inLanguage\":\"en-US\",\"@id\":\"https:\/\/we.pb.edu.pl\/en\/admission\/#primaryimage\",\"url\":\"https:\/\/we.pb.edu.pl\/wp-content\/uploads\/2018\/04\/podstrona-kandydaci.jpg\",\"contentUrl\":\"https:\/\/we.pb.edu.pl\/wp-content\/uploads\/2018\/04\/podstrona-kandydaci.jpg\",\"width\":1240,\"height\":827},{\"@type\":\"BreadcrumbList\",\"@id\":\"https:\/\/we.pb.edu.pl\/en\/admission\/#breadcrumb\",\"itemListElement\":[{\"@type\":\"ListItem\",\"position\":1,\"name\":\"Strona g\u0142\u00f3wna\",\"item\":\"https:\/\/we.pb.edu.pl\/en\/\"},{\"@type\":\"ListItem\",\"position\":2,\"name\":\"Admission\"}]},{\"@type\":\"WebSite\",\"@id\":\"https:\/\/we.pb.edu.pl\/en\/#website\",\"url\":\"https:\/\/we.pb.edu.pl\/en\/\",\"name\":\"Faculty of Electrical Engineering\",\"description\":\"\",\"potentialAction\":[{\"@type\":\"SearchAction\",\"target\":{\"@type\":\"EntryPoint\",\"urlTemplate\":\"https:\/\/we.pb.edu.pl\/en\/?s={search_term_string}\"},\"query-input\":{\"@type\":\"PropertyValueSpecification\",\"valueRequired\":true,\"valueName\":\"search_term_string\"}}],\"inLanguage\":\"en-US\"}]}<\/script>\n<!-- \/ Yoast SEO plugin. -->","yoast_head_json":{"title":"Admission - Faculty of Electrical Engineering","description":"Dlaczego WE?, kierunki studi\u00f3w, kszta\u0142cenie ustawiczne - poznaj ofert\u0119 Wydzia\u0142u Elektrycznego Politechniki Bia\u0142ostockiej","robots":{"index":"index","follow":"follow","max-snippet":"max-snippet:-1","max-image-preview":"max-image-preview:large","max-video-preview":"max-video-preview:-1"},"canonical":"https:\/\/we.pb.edu.pl\/en\/admission\/","og_locale":"en_US","og_type":"article","og_title":"Admission - Faculty of Electrical Engineering","og_description":"Dlaczego WE?, kierunki studi\u00f3w, kszta\u0142cenie ustawiczne - poznaj ofert\u0119 Wydzia\u0142u Elektrycznego Politechniki Bia\u0142ostockiej","og_url":"https:\/\/we.pb.edu.pl\/en\/admission\/","og_site_name":"Faculty of Electrical Engineering","article_modified_time":"2022-07-05T19:42:56+00:00","og_image":[{"width":1240,"height":827,"url":"https:\/\/we.pb.edu.pl\/wp-content\/uploads\/2018\/04\/podstrona-kandydaci.jpg","type":"image\/jpeg"}],"schema":{"@context":"https:\/\/schema.org","@graph":[{"@type":"WebPage","@id":"https:\/\/we.pb.edu.pl\/en\/admission\/","url":"https:\/\/we.pb.edu.pl\/en\/admission\/","name":"Admission - Faculty of Electrical Engineering","isPartOf":{"@id":"https:\/\/we.pb.edu.pl\/en\/#website"},"primaryImageOfPage":{"@id":"https:\/\/we.pb.edu.pl\/en\/admission\/#primaryimage"},"image":{"@id":"https:\/\/we.pb.edu.pl\/en\/admission\/#primaryimage"},"thumbnailUrl":"https:\/\/we.pb.edu.pl\/wp-content\/uploads\/2018\/04\/podstrona-kandydaci.jpg","datePublished":"2018-01-06T14:07:04+00:00","dateModified":"2022-07-05T19:42:56+00:00","description":"Dlaczego WE?, kierunki studi\u00f3w, kszta\u0142cenie ustawiczne - poznaj ofert\u0119 Wydzia\u0142u Elektrycznego Politechniki Bia\u0142ostockiej","breadcrumb":{"@id":"https:\/\/we.pb.edu.pl\/en\/admission\/#breadcrumb"},"inLanguage":"en-US","potentialAction":[{"@type":"ReadAction","target":["https:\/\/we.pb.edu.pl\/en\/admission\/"]}]},{"@type":"ImageObject","inLanguage":"en-US","@id":"https:\/\/we.pb.edu.pl\/en\/admission\/#primaryimage","url":"https:\/\/we.pb.edu.pl\/wp-content\/uploads\/2018\/04\/podstrona-kandydaci.jpg","contentUrl":"https:\/\/we.pb.edu.pl\/wp-content\/uploads\/2018\/04\/podstrona-kandydaci.jpg","width":1240,"height":827},{"@type":"BreadcrumbList","@id":"https:\/\/we.pb.edu.pl\/en\/admission\/#breadcrumb","itemListElement":[{"@type":"ListItem","position":1,"name":"Strona g\u0142\u00f3wna","item":"https:\/\/we.pb.edu.pl\/en\/"},{"@type":"ListItem","position":2,"name":"Admission"}]},{"@type":"WebSite","@id":"https:\/\/we.pb.edu.pl\/en\/#website","url":"https:\/\/we.pb.edu.pl\/en\/","name":"Faculty of Electrical Engineering","description":"","potentialAction":[{"@type":"SearchAction","target":{"@type":"EntryPoint","urlTemplate":"https:\/\/we.pb.edu.pl\/en\/?s={search_term_string}"},"query-input":{"@type":"PropertyValueSpecification","valueRequired":true,"valueName":"search_term_string"}}],"inLanguage":"en-US"}]}},"_links":{"self":[{"href":"https:\/\/we.pb.edu.pl\/en\/wp-json\/wp\/v2\/pages\/19995","targetHints":{"allow":["GET"]}}],"collection":[{"href":"https:\/\/we.pb.edu.pl\/en\/wp-json\/wp\/v2\/pages"}],"about":[{"href":"https:\/\/we.pb.edu.pl\/en\/wp-json\/wp\/v2\/types\/page"}],"author":[{"embeddable":true,"href":"https:\/\/we.pb.edu.pl\/en\/wp-json\/wp\/v2\/users\/2"}],"replies":[{"embeddable":true,"href":"https:\/\/we.pb.edu.pl\/en\/wp-json\/wp\/v2\/comments?post=19995"}],"version-history":[{"count":5,"href":"https:\/\/we.pb.edu.pl\/en\/wp-json\/wp\/v2\/pages\/19995\/revisions"}],"predecessor-version":[{"id":20462,"href":"https:\/\/we.pb.edu.pl\/en\/wp-json\/wp\/v2\/pages\/19995\/revisions\/20462"}],"wp:featuredmedia":[{"embeddable":true,"href":"https:\/\/we.pb.edu.pl\/en\/wp-json\/wp\/v2\/media\/17609"}],"wp:attachment":[{"href":"https:\/\/we.pb.edu.pl\/en\/wp-json\/wp\/v2\/media?parent=19995"}],"curies":[{"name":"wp","href":"https:\/\/api.w.org\/{rel}","templated":true}]}}